{"id":351203,"date":"2024-11-14T16:18:23","date_gmt":"2024-11-14T16:18:23","guid":{"rendered":"https:\/\/www.purejewels.com\/?post_type=product&#038;p=351203"},"modified":"2026-05-05T05:08:32","modified_gmt":"2026-05-05T04:08:32","slug":"18-ayar-beyaz-altin-pirlanta-citcit-46025","status":"publish","type":"product","link":"https:\/\/www.purejewels.com\/tr\/product\/18ct-white-gold-diamonds-studs-46025\/","title":{"rendered":"18 Ayar Beyaz Alt\u0131n P\u0131rlanta \u00c7\u0131t\u00e7\u0131t"},"content":{"rendered":"<p>18 Ayar Beyaz Alt\u0131n P\u0131rlanta Saplama K\u00fcpe ile I\u015f\u0131l I\u015f\u0131l Parlay\u0131n<\/p>\n<p>K\u0131yafetinizi y\u00fckseltecek m\u00fckemmel aksesuar\u0131 m\u0131 ar\u0131yorsunuz? Kad\u0131nlar i\u00e7in 18 ayar beyaz alt\u0131n p\u0131rlanta k\u00fcpe koleksiyonumuzdan ba\u015fkas\u0131na bakmay\u0131n. Bu zamans\u0131z par\u00e7alar, her g\u00f6r\u00fcn\u00fcme ihti\u015fam ve sofistike bir dokunu\u015f katman\u0131n m\u00fckemmel bir yoludur.<\/p>\n<p>P\u0131rlanta k\u00fcpelerimiz zarafet ve stilin timsalidir. \u0130ster klasik bir yuvarlak p\u0131rlanta ister daha benzersiz bir tasar\u0131m tercih edin, aralar\u0131ndan se\u00e7im yapabilece\u011finiz \u00e7e\u015fitli se\u00e7eneklerimiz var. Narin tekta\u015f k\u00fcpelerden karma\u015f\u0131k tasar\u0131mlara kadar koleksiyonumuzda herkes i\u00e7in bir \u015feyler var.<\/p>\n<p>P\u0131rlanta k\u00fcpelerin kula\u011f\u0131n\u0131zda nas\u0131l duraca\u011f\u0131ndan emin de\u011fil misiniz? Endi\u015felenmeyin - sizi teminat alt\u0131na ald\u0131k. P\u0131rlanta k\u00fcpelerimiz kula\u011fa g\u00fczel bir \u015fekilde oturmas\u0131 i\u00e7in ustal\u0131kla \u00fcretilmi\u015ftir ve \u00e7ok ezici olmadan g\u00f6ze \u00e7arpacak ince bir \u0131\u015f\u0131lt\u0131 katar.<\/p>\n<p>\u0130ster \u00f6zel bir g\u00fcnde takmak i\u00e7in bir \u00e7ift p\u0131rlanta k\u00fcpe ar\u0131yor olun, ister kendinizi yeni ve \u00e7arp\u0131c\u0131 bir m\u00fccevherle \u00f6d\u00fcllendirmek istiyor olun, koleksiyonumuzda her tarza ve b\u00fct\u00e7eye uygun bir \u015fey var. \u00d6yleyse neden bekleyelim? 18 ayar beyaz alt\u0131n p\u0131rlanta saplama k\u00fcpelerimizle bug\u00fcn bir a\u00e7\u0131klama yap\u0131n.<\/p>\n<div class=\"woocommerce-tabs wc-tabs-wrapper tabs-layout\">\n<div class=\"tab-content-wrap\">\n<div id=\"tab-description\" class=\"woocommerce-Tabs-panel woocommerce-Tabs-panel--description panel entry-content wc-tab\" role=\"tabpanel\" aria-labelledby=\"tab-title-description\">\n<p><strong>\u00d6zel G\u00fcnler<\/strong><\/p>\n<ul>\n<li><strong>Ofis k\u0131yafeti:<\/strong>\u00a0G\u00fcnl\u00fck g\u00fcvenilirlik i\u00e7in dayan\u0131kl\u0131, y\u00fcksek kaliteli malzemelerden \u00fcretilmi\u015ftir.<\/li>\n<li><strong>G\u00fcnl\u00fck Giyim:<\/strong>\u00a0T\u00fcm g\u00fcn kullan\u0131m i\u00e7in rahatt\u0131r.<\/li>\n<li><strong>K\u00fcpeler:<\/strong>\u00a0Cesur bir g\u00f6r\u00fcn\u00fcm i\u00e7in benzersiz \u015fekiller ve karma\u015f\u0131k detaylar.<\/li>\n<\/ul>\n<p><strong>Stil<\/strong>: Moda k\u00fcpeler<br \/>\n<strong>\u0130\u00e7in<\/strong>: Kad\u0131nlar<\/p>\n<\/div>\n<\/div>\n<\/div>","protected":false},"excerpt":{"rendered":"<table class=\"sh_desc\" style=\"width: 100%; height: 308px;\">\n<tbody>\n<tr style=\"height: 28px;\">\n<td style=\"height: 28px;\">K\u00fcpe T\u00fcr\u00fc<\/td>\n<td style=\"height: 28px;\">Saplama K\u00fcpe<\/td>\n<\/tr>\n<tr style=\"height: 28px;\">\n<td style=\"height: 28px;\">SKU<\/td>\n<td style=\"height: 28px;\">46025<\/td>\n<\/tr>\n<tr style=\"height: 28px;\">\n<td style=\"height: 28px;\">A\u011f\u0131rl\u0131k<\/td>\n<td style=\"height: 28px;\">1 Gms<\/td>\n<\/tr>\n<tr style=\"height: 28px;\">\n<td style=\"height: 28px;\">Cinsiyet<\/td>\n<td style=\"height: 28px;\">Bayanlar<\/td>\n<\/tr>\n<tr style=\"height: 28px;\">\n<td style=\"height: 28px;\">Elmas A\u011f\u0131rl\u0131\u011f\u0131.<\/td>\n<td style=\"height: 28px;\">0.15ct<\/td>\n<\/tr>\n<tr style=\"height: 28px;\">\n<td style=\"height: 28px;\">Ta\u015f<\/td>\n<td style=\"height: 28px;\">Elmas<\/td>\n<\/tr>\n<tr style=\"height: 28px;\">\n<td style=\"height: 28px;\">Metal<\/td>\n<td style=\"height: 28px;\">18 Ayar Beyaz Alt\u0131n<\/td>\n<\/tr>\n<tr style=\"height: 28px;\">\n<td style=\"height: 28px;\">\u00dccretler<\/td>\n<td style=\"height: 28px;\">Teslimat ve KDV Dahil<\/td>\n<\/tr>\n<tr style=\"height: 28px;\">\n<td style=\"height: 28px;\">Paketleme<\/td>\n<td style=\"height: 28px;\">Sunum Kutusu ile Birlikte Gelir<\/td>\n<\/tr>\n<tr style=\"height: 28px;\">\n<td style=\"height: 28px;\">Daha Fazla Bilgi<\/td>\n<td style=\"height: 28px;\">Y\u0131lba\u015f\u0131 Hediyesi K\u00fcpelerin mevcudiyeti ve daha fazla g\u00f6rsel i\u00e7in bizimle canl\u0131 sohbet edin<\/td>\n<\/tr>\n<\/tbody>\n<\/table>","protected":false},"featured_media":351354,"comment_status":"closed","ping_status":"closed","template":"","meta":{"_eb_attr":"","_crsspst_to_jayantr4sg-hostcom":false},"product_brand":[],"product_cat":[6086,5679,1791,1559,1794,5458,5457,1570,1577,1569,1573,5348,1574],"product_tag":[],"class_list":{"0":"post-351203","1":"product","2":"type-product","3":"status-publish","4":"has-post-thumbnail","6":"product_cat-18ct-gold-earring","7":"product_cat-18ct-gold-jewellery","8":"product_cat-anniversary-gifts","9":"product_cat-birthday-gifts","10":"product_cat-christmas-gifts","11":"product_cat-diamond-earring","12":"product_cat-diamond-jewellery","13":"product_cat-mothers-day-gifts","14":"product_cat-stud-earrings","15":"product_cat-valentine-day-gifts","16":"product_cat-wedding-gifts","17":"product_cat-white-gold-jewellery","18":"product_cat-womens-jewellery","20":"first","21":"outofstock","22":"taxable","23":"shipping-taxable","24":"product-type-simple","25":"add-to-wishlist-before_image"},"yoast_head":"<!-- This site is optimized with the Yoast SEO plugin v27.5 - https:\/\/yoast.com\/product\/yoast-seo-wordpress\/ -->\n<title>Shop 18ct White Gold Diamonds women Studs at PureJewels UK<\/title>\n<meta name=\"description\" content=\"Elevate your style this Black Friday with our 18ct White Gold Diamond Studs. Crafted from luxurious white gold and adorned with brilliant diamonds.\" \/>\n<meta name=\"robots\" content=\"index, follow, max-snippet:-1, max-image-preview:large, max-video-preview:-1\" \/>\n<link rel=\"canonical\" href=\"https:\/\/www.purejewels.com\/tr\/urun\/18-ayar-beyaz-altin-pirlanta-citcit-46025\/\" \/>\n<meta property=\"og:locale\" content=\"tr_TR\" \/>\n<meta property=\"og:type\" content=\"article\" \/>\n<meta property=\"og:title\" content=\"Shop 18ct White Gold Diamonds women Studs at PureJewels UK\" \/>\n<meta property=\"og:description\" content=\"Elevate your style this Black Friday with our 18ct White Gold Diamond Studs. Crafted from luxurious white gold and adorned with brilliant diamonds.\" \/>\n<meta property=\"og:url\" content=\"https:\/\/www.purejewels.com\/tr\/urun\/18-ayar-beyaz-altin-pirlanta-citcit-46025\/\" \/>\n<meta property=\"og:site_name\" content=\"PureJewels UK\" \/>\n<meta property=\"article:modified_time\" content=\"2026-05-05T04:08:32+00:00\" \/>\n<meta property=\"og:image\" content=\"https:\/\/static.purejewels.com\/wp-content\/uploads\/2023\/09\/SKU-46025.png\" \/>\n\t<meta property=\"og:image:width\" content=\"1000\" \/>\n\t<meta property=\"og:image:height\" content=\"1000\" \/>\n\t<meta property=\"og:image:type\" content=\"image\/png\" \/>\n<meta name=\"twitter:card\" content=\"summary_large_image\" \/>\n<meta name=\"twitter:label1\" content=\"Tahmini okuma s\u00fcresi\" \/>\n\t<meta name=\"twitter:data1\" content=\"1 dakika\" \/>\n<script type=\"application\/ld+json\" class=\"yoast-schema-graph\">{\"@context\":\"https:\\\/\\\/schema.org\",\"@graph\":[{\"@type\":[\"WebPage\",\"ItemPage\"],\"@id\":\"https:\\\/\\\/www.purejewels.com\\\/product\\\/18ct-white-gold-diamonds-studs-46025\\\/\",\"url\":\"https:\\\/\\\/www.purejewels.com\\\/product\\\/18ct-white-gold-diamonds-studs-46025\\\/\",\"name\":\"Shop 18ct White Gold Diamonds women Studs at PureJewels UK\",\"isPartOf\":{\"@id\":\"https:\\\/\\\/www.purejewels.com\\\/#website\"},\"primaryImageOfPage\":{\"@id\":\"https:\\\/\\\/www.purejewels.com\\\/product\\\/18ct-white-gold-diamonds-studs-46025\\\/#primaryimage\"},\"image\":{\"@id\":\"https:\\\/\\\/www.purejewels.com\\\/product\\\/18ct-white-gold-diamonds-studs-46025\\\/#primaryimage\"},\"thumbnailUrl\":\"https:\\\/\\\/static.purejewels.com\\\/wp-content\\\/uploads\\\/2023\\\/09\\\/SKU-46025.png\",\"datePublished\":\"2024-11-14T16:18:23+00:00\",\"dateModified\":\"2026-05-05T04:08:32+00:00\",\"description\":\"Elevate your style this Black Friday with our 18ct White Gold Diamond Studs. Crafted from luxurious white gold and adorned with brilliant diamonds.\",\"breadcrumb\":{\"@id\":\"https:\\\/\\\/www.purejewels.com\\\/product\\\/18ct-white-gold-diamonds-studs-46025\\\/#breadcrumb\"},\"inLanguage\":\"tr\",\"potentialAction\":[{\"@type\":\"ReadAction\",\"target\":[\"https:\\\/\\\/www.purejewels.com\\\/product\\\/18ct-white-gold-diamonds-studs-46025\\\/\"]}]},{\"@type\":\"ImageObject\",\"inLanguage\":\"tr\",\"@id\":\"https:\\\/\\\/www.purejewels.com\\\/product\\\/18ct-white-gold-diamonds-studs-46025\\\/#primaryimage\",\"url\":\"https:\\\/\\\/static.purejewels.com\\\/wp-content\\\/uploads\\\/2023\\\/09\\\/SKU-46025.png\",\"contentUrl\":\"https:\\\/\\\/static.purejewels.com\\\/wp-content\\\/uploads\\\/2023\\\/09\\\/SKU-46025.png\",\"width\":1000,\"height\":1000,\"caption\":\"18ct White Gold Diamonds Studs\"},{\"@type\":\"BreadcrumbList\",\"@id\":\"https:\\\/\\\/www.purejewels.com\\\/product\\\/18ct-white-gold-diamonds-studs-46025\\\/#breadcrumb\",\"itemListElement\":[{\"@type\":\"ListItem\",\"position\":1,\"name\":\"Home\",\"item\":\"https:\\\/\\\/www.purejewels.com\\\/\"},{\"@type\":\"ListItem\",\"position\":2,\"name\":\"Shop\",\"item\":\"https:\\\/\\\/www.purejewels.com\\\/shop\\\/\"},{\"@type\":\"ListItem\",\"position\":3,\"name\":\"18ct White Gold Diamonds Studs\"}]},{\"@type\":\"WebSite\",\"@id\":\"https:\\\/\\\/www.purejewels.com\\\/#website\",\"url\":\"https:\\\/\\\/www.purejewels.com\\\/\",\"name\":\"PureJewels UK\",\"description\":\"Share the Love\",\"publisher\":{\"@id\":\"https:\\\/\\\/www.purejewels.com\\\/#organization\"},\"potentialAction\":[{\"@type\":\"SearchAction\",\"target\":{\"@type\":\"EntryPoint\",\"urlTemplate\":\"https:\\\/\\\/www.purejewels.com\\\/?s={search_term_string}\"},\"query-input\":{\"@type\":\"PropertyValueSpecification\",\"valueRequired\":true,\"valueName\":\"search_term_string\"}}],\"inLanguage\":\"tr\"},{\"@type\":\"Organization\",\"@id\":\"https:\\\/\\\/www.purejewels.com\\\/#organization\",\"name\":\"PureJewels UK\",\"url\":\"https:\\\/\\\/www.purejewels.com\\\/\",\"logo\":{\"@type\":\"ImageObject\",\"inLanguage\":\"tr\",\"@id\":\"https:\\\/\\\/www.purejewels.com\\\/#\\\/schema\\\/logo\\\/image\\\/\",\"url\":\"https:\\\/\\\/static.purejewels.com\\\/wp-content\\\/uploads\\\/2020\\\/11\\\/Logo-PJ-New-1.png\",\"contentUrl\":\"https:\\\/\\\/static.purejewels.com\\\/wp-content\\\/uploads\\\/2020\\\/11\\\/Logo-PJ-New-1.png\",\"width\":150,\"height\":80,\"caption\":\"PureJewels UK\"},\"image\":{\"@id\":\"https:\\\/\\\/www.purejewels.com\\\/#\\\/schema\\\/logo\\\/image\\\/\"}}]}<\/script>\n<!-- \/ Yoast SEO plugin. -->","yoast_head_json":{"title":"PureJewels UK'de 18 Ayar Beyaz Alt\u0131n P\u0131rlantal\u0131 Kad\u0131n \u00c7\u0131t\u00e7\u0131tlar\u0131 sat\u0131n al\u0131n","description":"Bu Kara Cuma'da 18 Ayar Beyaz Alt\u0131n P\u0131rlanta \u00c7\u0131t\u00e7\u0131tlar\u0131m\u0131zla stilinizi y\u00fckseltin. L\u00fcks beyaz alt\u0131ndan \u00fcretilmi\u015ftir ve parlak elmaslarla s\u00fcslenmi\u015ftir.","robots":{"index":"index","follow":"follow","max-snippet":"max-snippet:-1","max-image-preview":"max-image-preview:large","max-video-preview":"max-video-preview:-1"},"canonical":"https:\/\/www.purejewels.com\/tr\/urun\/18-ayar-beyaz-altin-pirlanta-citcit-46025\/","og_locale":"tr_TR","og_type":"article","og_title":"Shop 18ct White Gold Diamonds women Studs at PureJewels UK","og_description":"Elevate your style this Black Friday with our 18ct White Gold Diamond Studs. Crafted from luxurious white gold and adorned with brilliant diamonds.","og_url":"https:\/\/www.purejewels.com\/tr\/urun\/18-ayar-beyaz-altin-pirlanta-citcit-46025\/","og_site_name":"PureJewels UK","article_modified_time":"2026-05-05T04:08:32+00:00","og_image":[{"width":1000,"height":1000,"url":"https:\/\/static.purejewels.com\/wp-content\/uploads\/2023\/09\/SKU-46025.png","type":"image\/png"}],"twitter_card":"summary_large_image","twitter_misc":{"Tahmini okuma s\u00fcresi":"1 dakika"},"schema":{"@context":"https:\/\/schema.org","@graph":[{"@type":["WebPage","ItemPage"],"@id":"https:\/\/www.purejewels.com\/product\/18ct-white-gold-diamonds-studs-46025\/","url":"https:\/\/www.purejewels.com\/product\/18ct-white-gold-diamonds-studs-46025\/","name":"PureJewels UK'de 18 Ayar Beyaz Alt\u0131n P\u0131rlantal\u0131 Kad\u0131n \u00c7\u0131t\u00e7\u0131tlar\u0131 sat\u0131n al\u0131n","isPartOf":{"@id":"https:\/\/www.purejewels.com\/#website"},"primaryImageOfPage":{"@id":"https:\/\/www.purejewels.com\/product\/18ct-white-gold-diamonds-studs-46025\/#primaryimage"},"image":{"@id":"https:\/\/www.purejewels.com\/product\/18ct-white-gold-diamonds-studs-46025\/#primaryimage"},"thumbnailUrl":"https:\/\/static.purejewels.com\/wp-content\/uploads\/2023\/09\/SKU-46025.png","datePublished":"2024-11-14T16:18:23+00:00","dateModified":"2026-05-05T04:08:32+00:00","description":"Bu Kara Cuma'da 18 Ayar Beyaz Alt\u0131n P\u0131rlanta \u00c7\u0131t\u00e7\u0131tlar\u0131m\u0131zla stilinizi y\u00fckseltin. L\u00fcks beyaz alt\u0131ndan \u00fcretilmi\u015ftir ve parlak elmaslarla s\u00fcslenmi\u015ftir.","breadcrumb":{"@id":"https:\/\/www.purejewels.com\/product\/18ct-white-gold-diamonds-studs-46025\/#breadcrumb"},"inLanguage":"tr","potentialAction":[{"@type":"ReadAction","target":["https:\/\/www.purejewels.com\/product\/18ct-white-gold-diamonds-studs-46025\/"]}]},{"@type":"ImageObject","inLanguage":"tr","@id":"https:\/\/www.purejewels.com\/product\/18ct-white-gold-diamonds-studs-46025\/#primaryimage","url":"https:\/\/static.purejewels.com\/wp-content\/uploads\/2023\/09\/SKU-46025.png","contentUrl":"https:\/\/static.purejewels.com\/wp-content\/uploads\/2023\/09\/SKU-46025.png","width":1000,"height":1000,"caption":"18ct White Gold Diamonds Studs"},{"@type":"BreadcrumbList","@id":"https:\/\/www.purejewels.com\/product\/18ct-white-gold-diamonds-studs-46025\/#breadcrumb","itemListElement":[{"@type":"ListItem","position":1,"name":"Home","item":"https:\/\/www.purejewels.com\/"},{"@type":"ListItem","position":2,"name":"Shop","item":"https:\/\/www.purejewels.com\/shop\/"},{"@type":"ListItem","position":3,"name":"18ct White Gold Diamonds Studs"}]},{"@type":"WebSite","@id":"https:\/\/www.purejewels.com\/#website","url":"https:\/\/www.purejewels.com\/","name":"PureJewels \u0130ngiltere","description":"Sevgiyi Payla\u015f\u0131n","publisher":{"@id":"https:\/\/www.purejewels.com\/#organization"},"potentialAction":[{"@type":"SearchAction","target":{"@type":"EntryPoint","urlTemplate":"https:\/\/www.purejewels.com\/?s={search_term_string}"},"query-input":{"@type":"PropertyValueSpecification","valueRequired":true,"valueName":"search_term_string"}}],"inLanguage":"tr"},{"@type":"Organization","@id":"https:\/\/www.purejewels.com\/#organization","name":"PureJewels \u0130ngiltere","url":"https:\/\/www.purejewels.com\/","logo":{"@type":"ImageObject","inLanguage":"tr","@id":"https:\/\/www.purejewels.com\/#\/schema\/logo\/image\/","url":"https:\/\/static.purejewels.com\/wp-content\/uploads\/2020\/11\/Logo-PJ-New-1.png","contentUrl":"https:\/\/static.purejewels.com\/wp-content\/uploads\/2020\/11\/Logo-PJ-New-1.png","width":150,"height":80,"caption":"PureJewels UK"},"image":{"@id":"https:\/\/www.purejewels.com\/#\/schema\/logo\/image\/"}}]}},"_links":{"self":[{"href":"https:\/\/www.purejewels.com\/tr\/wp-json\/wp\/v2\/product\/351203","targetHints":{"allow":["GET"]}}],"collection":[{"href":"https:\/\/www.purejewels.com\/tr\/wp-json\/wp\/v2\/product"}],"about":[{"href":"https:\/\/www.purejewels.com\/tr\/wp-json\/wp\/v2\/types\/product"}],"replies":[{"embeddable":true,"href":"https:\/\/www.purejewels.com\/tr\/wp-json\/wp\/v2\/comments?post=351203"}],"version-history":[{"count":4,"href":"https:\/\/www.purejewels.com\/tr\/wp-json\/wp\/v2\/product\/351203\/revisions"}],"predecessor-version":[{"id":400985,"href":"https:\/\/www.purejewels.com\/tr\/wp-json\/wp\/v2\/product\/351203\/revisions\/400985"}],"wp:featuredmedia":[{"embeddable":true,"href":"https:\/\/www.purejewels.com\/tr\/wp-json\/wp\/v2\/media\/351354"}],"wp:attachment":[{"href":"https:\/\/www.purejewels.com\/tr\/wp-json\/wp\/v2\/media?parent=351203"}],"wp:term":[{"taxonomy":"product_brand","embeddable":true,"href":"https:\/\/www.purejewels.com\/tr\/wp-json\/wp\/v2\/product_brand?post=351203"},{"taxonomy":"product_cat","embeddable":true,"href":"https:\/\/www.purejewels.com\/tr\/wp-json\/wp\/v2\/product_cat?post=351203"},{"taxonomy":"product_tag","embeddable":true,"href":"https:\/\/www.purejewels.com\/tr\/wp-json\/wp\/v2\/product_tag?post=351203"}],"curies":[{"name":"wp","href":"https:\/\/api.w.org\/{rel}","templated":true}]}}