{"id":351268,"date":"2023-09-15T08:54:11","date_gmt":"2023-09-15T07:54:11","guid":{"rendered":"https:\/\/www.purejewels.com\/?post_type=product&#038;p=351268"},"modified":"2026-03-30T09:16:39","modified_gmt":"2026-03-30T08:16:39","slug":"18-ayar-altin-rodyum-kaplama-pirlanta-kulak-citcitlari-45858","status":"publish","type":"product","link":"https:\/\/www.purejewels.com\/tr\/product\/18ct-gold-rhodium-finish-diamond-ear-studs-45858\/","title":{"rendered":"18 Ayar Alt\u0131n P\u0131rlanta \u00c7\u0131t\u00e7\u0131t"},"content":{"rendered":"<p>P\u0131rlanta k\u00fcpeler uzun zamand\u0131r her ya\u015ftan kad\u0131n i\u00e7in klasik ve zamans\u0131z bir aksesuar olmu\u015ftur. \u0130ster \u00f6zel bir g\u00fcn i\u00e7in giyiniyor olun, ister g\u00fcnl\u00fck g\u00f6r\u00fcn\u00fcm\u00fcn\u00fcze ihti\u015faml\u0131 bir dokunu\u015f kat\u0131yor olun, elmas k\u00fcpeler tarz\u0131n\u0131z\u0131 y\u00fckseltmenin m\u00fckemmel bir yoludur. \u00c7arp\u0131c\u0131 18 Ayar Alt\u0131n P\u0131rlanta Kulak \u00c7\u0131t\u00e7\u0131tlar\u0131m\u0131z 0,34 ct ile gitti\u011finiz her yerde dikkatleri \u00fczerinize \u00e7ekece\u011finizden emin olabilirsiniz.<\/p>\n<p>P\u0131rlanta k\u00fcpelerin en iyi \u00f6zelliklerinden biri \u00e7ok y\u00f6nl\u00fcl\u00fc\u011f\u00fcd\u00fcr. Yukar\u0131dan a\u015fa\u011f\u0131ya ya da a\u015fa\u011f\u0131dan yukar\u0131ya tak\u0131labilir, g\u00fcndelik k\u0131yafetlerle ya da resmi k\u0131yafetlerle giyilebilir ve her durum i\u00e7in uygundur. P\u0131rlanta k\u00fcpeler s\u00f6z konusu oldu\u011funda se\u00e7enekler sonsuzdur. Klasik yuvarlak kesim p\u0131rlantalardan benzersiz ve karma\u015f\u0131k tasar\u0131mlara kadar her zevke ve tercihe uygun bir stil vard\u0131r.<\/p>\n<p>18 Ayar Alt\u0131n P\u0131rlanta Kulak \u00c7\u0131t\u00e7\u0131tlar\u0131m\u0131z 0.34ct zarafetin ve sofistikeli\u011fin timsalidir. Toplam karat a\u011f\u0131rl\u0131\u011f\u0131 0,34 ct olan bu \u00e7arp\u0131c\u0131 k\u00fcpeler, parlak 18 ayar alt\u0131n i\u00e7ine yerle\u015ftirilmi\u015f parlak yuvarlak kesim p\u0131rlantalara sahiptir. Sonu\u00e7 olarak ortaya sadece g\u00fczel g\u00f6r\u00fcnmekle kalmayan, ayn\u0131 zamanda inan\u0131lmaz derecede dayan\u0131kl\u0131 ve uzun \u00f6m\u00fcrl\u00fc bir \u00e7ift k\u00fcpe \u00e7\u0131k\u0131yor.<\/p>\n<p>S\u00f6z konusu elmas k\u00fcpe takmak oldu\u011funda, olas\u0131l\u0131klar sonsuzdur. \u0130ster klasik ve zamans\u0131z bir g\u00f6r\u00fcn\u00fcm i\u00e7in tek ba\u015f\u0131na takmay\u0131 se\u00e7in, ister daha dramatik bir etki i\u00e7in di\u011fer k\u00fcpelerle e\u015fle\u015ftirin, elmas k\u00fcpeler asla modas\u0131 ge\u00e7meyecek \u00e7ok y\u00f6nl\u00fc ve \u015f\u0131k bir aksesuard\u0131r.<\/p>\n<p>\u00d6yleyse neden bekleyesiniz? Bug\u00fcn kendinize bir \u00e7ift 18 Ayar Alt\u0131n P\u0131rlanta Kulak \u00c7\u0131t\u00e7\u0131t 0,34ct hediye edin ve m\u00fccevher koleksiyonunuza \u0131\u015f\u0131lt\u0131 ve parlakl\u0131k kat\u0131n. Zamans\u0131z g\u00fczelli\u011fi ve sofistike tasar\u0131m\u0131yla bu p\u0131rlanta k\u00fcpelerin y\u0131llarca de\u011ferli bir favori olaca\u011f\u0131ndan emin olabilirsiniz.<\/p>","protected":false},"excerpt":{"rendered":"<table class=\"sh_desc\" style=\"width: 100%; height: 308px;\">\n<tbody>\n<tr style=\"height: 28px;\">\n<td style=\"height: 28px;\">K\u00fcpe T\u00fcr\u00fc<\/td>\n<td style=\"height: 28px;\">Saplama K\u00fcpe<\/td>\n<\/tr>\n<tr style=\"height: 28px;\">\n<td style=\"height: 28px;\">SKU<\/td>\n<td style=\"height: 28px;\">45858<\/td>\n<\/tr>\n<tr style=\"height: 28px;\">\n<td style=\"height: 28px;\">Biti\u015f<\/td>\n<td style=\"height: 28px;\">Rodyum<\/td>\n<\/tr>\n<tr style=\"height: 28px;\">\n<td style=\"height: 28px;\">Cinsiyet<\/td>\n<td style=\"height: 28px;\">Bayanlar<\/td>\n<\/tr>\n<tr style=\"height: 28px;\">\n<td style=\"height: 28px;\">Elmas A\u011f\u0131rl\u0131\u011f\u0131.<\/td>\n<td style=\"height: 28px;\">0.34ct<\/td>\n<\/tr>\n<tr style=\"height: 28px;\">\n<td style=\"height: 28px;\">Ta\u015f<\/td>\n<td style=\"height: 28px;\">Elmas<\/td>\n<\/tr>\n<tr style=\"height: 28px;\">\n<td style=\"height: 28px;\">Metal<\/td>\n<td style=\"height: 28px;\">18 Ayar Beyaz Alt\u0131n<\/td>\n<\/tr>\n<tr style=\"height: 28px;\">\n<td style=\"height: 28px;\">\u00dccretler<\/td>\n<td style=\"height: 28px;\">Teslimat ve KDV Dahil<\/td>\n<\/tr>\n<tr style=\"height: 28px;\">\n<td style=\"height: 28px;\">Paketleme<\/td>\n<td style=\"height: 28px;\">Sunum Kutusu ile Birlikte Gelir<\/td>\n<\/tr>\n<tr style=\"height: 28px;\">\n<td style=\"height: 28px;\">Daha Fazla Bilgi<\/td>\n<td style=\"height: 28px;\">M\u00fcsaitlik durumu ve daha fazla resim i\u00e7in bizimle canl\u0131 sohbet edin<\/td>\n<\/tr>\n<\/tbody>\n<\/table>","protected":false},"featured_media":351358,"comment_status":"closed","ping_status":"closed","template":"","meta":{"_eb_attr":"","_crsspst_to_jayantr4sg-hostcom":true},"product_brand":[],"product_cat":[6086,5679,1791,1559,1794,5458,5457,1570,1577,1573,5348,1574],"product_tag":[],"class_list":{"0":"post-351268","1":"product","2":"type-product","3":"status-publish","4":"has-post-thumbnail","6":"product_cat-18ct-gold-earring","7":"product_cat-18ct-gold-jewellery","8":"product_cat-anniversary-gifts","9":"product_cat-birthday-gifts","10":"product_cat-christmas-gifts","11":"product_cat-diamond-earring","12":"product_cat-diamond-jewellery","13":"product_cat-mothers-day-gifts","14":"product_cat-stud-earrings","15":"product_cat-wedding-gifts","16":"product_cat-white-gold-jewellery","17":"product_cat-womens-jewellery","19":"first","20":"instock","21":"taxable","22":"shipping-taxable","23":"purchasable","24":"product-type-simple","25":"add-to-wishlist-before_image"},"yoast_head":"<!-- This site is optimized with the Yoast SEO plugin v27.6 - https:\/\/yoast.com\/product\/yoast-seo-wordpress\/ -->\n<title>18ct Gold Rhodium Finish Diamond Ear Studs online UK<\/title>\n<meta name=\"description\" content=\"Shop earrings diamond designs this Black Friday with our 18ct gold diamond studs\u2014crafted for timeless elegance, radiant sparkle, and effortless everyday sophistication.\" \/>\n<meta name=\"robots\" content=\"index, follow, max-snippet:-1, max-image-preview:large, max-video-preview:-1\" \/>\n<link rel=\"canonical\" href=\"https:\/\/www.purejewels.com\/tr\/urun\/18-ayar-altin-rodyum-kaplama-pirlanta-kulak-citcitlari-45858\/\" \/>\n<meta property=\"og:locale\" content=\"tr_TR\" \/>\n<meta property=\"og:type\" content=\"article\" \/>\n<meta property=\"og:title\" content=\"18ct Gold Rhodium Finish Diamond Ear Studs online UK\" \/>\n<meta property=\"og:description\" content=\"Shop earrings diamond designs this Black Friday with our 18ct gold diamond studs\u2014crafted for timeless elegance, radiant sparkle, and effortless everyday sophistication.\" \/>\n<meta property=\"og:url\" content=\"https:\/\/www.purejewels.com\/tr\/urun\/18-ayar-altin-rodyum-kaplama-pirlanta-kulak-citcitlari-45858\/\" \/>\n<meta property=\"og:site_name\" content=\"PureJewels UK\" \/>\n<meta property=\"article:modified_time\" content=\"2026-03-30T08:16:39+00:00\" \/>\n<meta property=\"og:image\" content=\"https:\/\/static.purejewels.com\/wp-content\/uploads\/2023\/09\/SKU-45858.png\" \/>\n\t<meta property=\"og:image:width\" content=\"1000\" \/>\n\t<meta property=\"og:image:height\" content=\"1000\" \/>\n\t<meta property=\"og:image:type\" content=\"image\/png\" \/>\n<meta name=\"twitter:card\" content=\"summary_large_image\" \/>\n<meta name=\"twitter:label1\" content=\"Tahmini okuma s\u00fcresi\" \/>\n\t<meta name=\"twitter:data1\" content=\"2 dakika\" \/>\n<script type=\"application\/ld+json\" class=\"yoast-schema-graph\">{\"@context\":\"https:\\\/\\\/schema.org\",\"@graph\":[{\"@type\":[\"WebPage\",\"ItemPage\"],\"@id\":\"https:\\\/\\\/www.purejewels.com\\\/product\\\/18ct-gold-rhodium-finish-diamond-ear-studs-45858\\\/\",\"url\":\"https:\\\/\\\/www.purejewels.com\\\/product\\\/18ct-gold-rhodium-finish-diamond-ear-studs-45858\\\/\",\"name\":\"18ct Gold Rhodium Finish Diamond Ear Studs online UK\",\"isPartOf\":{\"@id\":\"https:\\\/\\\/www.purejewels.com\\\/#website\"},\"primaryImageOfPage\":{\"@id\":\"https:\\\/\\\/www.purejewels.com\\\/product\\\/18ct-gold-rhodium-finish-diamond-ear-studs-45858\\\/#primaryimage\"},\"image\":{\"@id\":\"https:\\\/\\\/www.purejewels.com\\\/product\\\/18ct-gold-rhodium-finish-diamond-ear-studs-45858\\\/#primaryimage\"},\"thumbnailUrl\":\"https:\\\/\\\/static.purejewels.com\\\/wp-content\\\/uploads\\\/2023\\\/09\\\/SKU-45858.png\",\"datePublished\":\"2023-09-15T07:54:11+00:00\",\"dateModified\":\"2026-03-30T08:16:39+00:00\",\"description\":\"Shop earrings diamond designs this Black Friday with our 18ct gold diamond studs\u2014crafted for timeless elegance, radiant sparkle, and effortless everyday sophistication.\",\"breadcrumb\":{\"@id\":\"https:\\\/\\\/www.purejewels.com\\\/product\\\/18ct-gold-rhodium-finish-diamond-ear-studs-45858\\\/#breadcrumb\"},\"inLanguage\":\"tr\",\"potentialAction\":[{\"@type\":\"ReadAction\",\"target\":[\"https:\\\/\\\/www.purejewels.com\\\/product\\\/18ct-gold-rhodium-finish-diamond-ear-studs-45858\\\/\"]}]},{\"@type\":\"ImageObject\",\"inLanguage\":\"tr\",\"@id\":\"https:\\\/\\\/www.purejewels.com\\\/product\\\/18ct-gold-rhodium-finish-diamond-ear-studs-45858\\\/#primaryimage\",\"url\":\"https:\\\/\\\/static.purejewels.com\\\/wp-content\\\/uploads\\\/2023\\\/09\\\/SKU-45858.png\",\"contentUrl\":\"https:\\\/\\\/static.purejewels.com\\\/wp-content\\\/uploads\\\/2023\\\/09\\\/SKU-45858.png\",\"width\":1000,\"height\":1000,\"caption\":\"18ct Gold Rhodium Finish Diamond Ear Studs\"},{\"@type\":\"BreadcrumbList\",\"@id\":\"https:\\\/\\\/www.purejewels.com\\\/product\\\/18ct-gold-rhodium-finish-diamond-ear-studs-45858\\\/#breadcrumb\",\"itemListElement\":[{\"@type\":\"ListItem\",\"position\":1,\"name\":\"Home\",\"item\":\"https:\\\/\\\/www.purejewels.com\\\/\"},{\"@type\":\"ListItem\",\"position\":2,\"name\":\"Shop\",\"item\":\"https:\\\/\\\/www.purejewels.com\\\/shop\\\/\"},{\"@type\":\"ListItem\",\"position\":3,\"name\":\"18ct Gold Diamond Studs\"}]},{\"@type\":\"WebSite\",\"@id\":\"https:\\\/\\\/www.purejewels.com\\\/#website\",\"url\":\"https:\\\/\\\/www.purejewels.com\\\/\",\"name\":\"PureJewels UK\",\"description\":\"Share the Love\",\"publisher\":{\"@id\":\"https:\\\/\\\/www.purejewels.com\\\/#organization\"},\"potentialAction\":[{\"@type\":\"SearchAction\",\"target\":{\"@type\":\"EntryPoint\",\"urlTemplate\":\"https:\\\/\\\/www.purejewels.com\\\/?s={search_term_string}\"},\"query-input\":{\"@type\":\"PropertyValueSpecification\",\"valueRequired\":true,\"valueName\":\"search_term_string\"}}],\"inLanguage\":\"tr\"},{\"@type\":\"Organization\",\"@id\":\"https:\\\/\\\/www.purejewels.com\\\/#organization\",\"name\":\"PureJewels UK\",\"url\":\"https:\\\/\\\/www.purejewels.com\\\/\",\"logo\":{\"@type\":\"ImageObject\",\"inLanguage\":\"tr\",\"@id\":\"https:\\\/\\\/www.purejewels.com\\\/#\\\/schema\\\/logo\\\/image\\\/\",\"url\":\"https:\\\/\\\/static.purejewels.com\\\/wp-content\\\/uploads\\\/2020\\\/11\\\/Logo-PJ-New-1.png\",\"contentUrl\":\"https:\\\/\\\/static.purejewels.com\\\/wp-content\\\/uploads\\\/2020\\\/11\\\/Logo-PJ-New-1.png\",\"width\":150,\"height\":80,\"caption\":\"PureJewels UK\"},\"image\":{\"@id\":\"https:\\\/\\\/www.purejewels.com\\\/#\\\/schema\\\/logo\\\/image\\\/\"}}]}<\/script>\n<!-- \/ Yoast SEO plugin. -->","yoast_head_json":{"title":"18 Ayar Alt\u0131n Rodyum Kaplama P\u0131rlanta Kulak \u00c7\u0131t\u00e7\u0131tlar\u0131 online \u0130ngiltere","description":"Zamans\u0131z bir zarafet, \u0131\u015f\u0131lt\u0131l\u0131 bir par\u0131lt\u0131 ve zahmetsiz bir g\u00fcnl\u00fck sofistike ya\u015fam i\u00e7in tasarlanan 18 ayar alt\u0131n p\u0131rlanta k\u00fcpelerimizle bu Kara Cuma'da p\u0131rlanta tasar\u0131mlar sat\u0131n al\u0131n.","robots":{"index":"index","follow":"follow","max-snippet":"max-snippet:-1","max-image-preview":"max-image-preview:large","max-video-preview":"max-video-preview:-1"},"canonical":"https:\/\/www.purejewels.com\/tr\/urun\/18-ayar-altin-rodyum-kaplama-pirlanta-kulak-citcitlari-45858\/","og_locale":"tr_TR","og_type":"article","og_title":"18ct Gold Rhodium Finish Diamond Ear Studs online UK","og_description":"Shop earrings diamond designs this Black Friday with our 18ct gold diamond studs\u2014crafted for timeless elegance, radiant sparkle, and effortless everyday sophistication.","og_url":"https:\/\/www.purejewels.com\/tr\/urun\/18-ayar-altin-rodyum-kaplama-pirlanta-kulak-citcitlari-45858\/","og_site_name":"PureJewels UK","article_modified_time":"2026-03-30T08:16:39+00:00","og_image":[{"width":1000,"height":1000,"url":"https:\/\/static.purejewels.com\/wp-content\/uploads\/2023\/09\/SKU-45858.png","type":"image\/png"}],"twitter_card":"summary_large_image","twitter_misc":{"Tahmini okuma s\u00fcresi":"2 dakika"},"schema":{"@context":"https:\/\/schema.org","@graph":[{"@type":["WebPage","ItemPage"],"@id":"https:\/\/www.purejewels.com\/product\/18ct-gold-rhodium-finish-diamond-ear-studs-45858\/","url":"https:\/\/www.purejewels.com\/product\/18ct-gold-rhodium-finish-diamond-ear-studs-45858\/","name":"18 Ayar Alt\u0131n Rodyum Kaplama P\u0131rlanta Kulak \u00c7\u0131t\u00e7\u0131tlar\u0131 online \u0130ngiltere","isPartOf":{"@id":"https:\/\/www.purejewels.com\/#website"},"primaryImageOfPage":{"@id":"https:\/\/www.purejewels.com\/product\/18ct-gold-rhodium-finish-diamond-ear-studs-45858\/#primaryimage"},"image":{"@id":"https:\/\/www.purejewels.com\/product\/18ct-gold-rhodium-finish-diamond-ear-studs-45858\/#primaryimage"},"thumbnailUrl":"https:\/\/static.purejewels.com\/wp-content\/uploads\/2023\/09\/SKU-45858.png","datePublished":"2023-09-15T07:54:11+00:00","dateModified":"2026-03-30T08:16:39+00:00","description":"Zamans\u0131z bir zarafet, \u0131\u015f\u0131lt\u0131l\u0131 bir par\u0131lt\u0131 ve zahmetsiz bir g\u00fcnl\u00fck sofistike ya\u015fam i\u00e7in tasarlanan 18 ayar alt\u0131n p\u0131rlanta k\u00fcpelerimizle bu Kara Cuma'da p\u0131rlanta tasar\u0131mlar sat\u0131n al\u0131n.","breadcrumb":{"@id":"https:\/\/www.purejewels.com\/product\/18ct-gold-rhodium-finish-diamond-ear-studs-45858\/#breadcrumb"},"inLanguage":"tr","potentialAction":[{"@type":"ReadAction","target":["https:\/\/www.purejewels.com\/product\/18ct-gold-rhodium-finish-diamond-ear-studs-45858\/"]}]},{"@type":"ImageObject","inLanguage":"tr","@id":"https:\/\/www.purejewels.com\/product\/18ct-gold-rhodium-finish-diamond-ear-studs-45858\/#primaryimage","url":"https:\/\/static.purejewels.com\/wp-content\/uploads\/2023\/09\/SKU-45858.png","contentUrl":"https:\/\/static.purejewels.com\/wp-content\/uploads\/2023\/09\/SKU-45858.png","width":1000,"height":1000,"caption":"18ct Gold Rhodium Finish Diamond Ear Studs"},{"@type":"BreadcrumbList","@id":"https:\/\/www.purejewels.com\/product\/18ct-gold-rhodium-finish-diamond-ear-studs-45858\/#breadcrumb","itemListElement":[{"@type":"ListItem","position":1,"name":"Home","item":"https:\/\/www.purejewels.com\/"},{"@type":"ListItem","position":2,"name":"Shop","item":"https:\/\/www.purejewels.com\/shop\/"},{"@type":"ListItem","position":3,"name":"18ct Gold Diamond Studs"}]},{"@type":"WebSite","@id":"https:\/\/www.purejewels.com\/#website","url":"https:\/\/www.purejewels.com\/","name":"PureJewels \u0130ngiltere","description":"Sevgiyi Payla\u015f\u0131n","publisher":{"@id":"https:\/\/www.purejewels.com\/#organization"},"potentialAction":[{"@type":"SearchAction","target":{"@type":"EntryPoint","urlTemplate":"https:\/\/www.purejewels.com\/?s={search_term_string}"},"query-input":{"@type":"PropertyValueSpecification","valueRequired":true,"valueName":"search_term_string"}}],"inLanguage":"tr"},{"@type":"Organization","@id":"https:\/\/www.purejewels.com\/#organization","name":"PureJewels \u0130ngiltere","url":"https:\/\/www.purejewels.com\/","logo":{"@type":"ImageObject","inLanguage":"tr","@id":"https:\/\/www.purejewels.com\/#\/schema\/logo\/image\/","url":"https:\/\/static.purejewels.com\/wp-content\/uploads\/2020\/11\/Logo-PJ-New-1.png","contentUrl":"https:\/\/static.purejewels.com\/wp-content\/uploads\/2020\/11\/Logo-PJ-New-1.png","width":150,"height":80,"caption":"PureJewels UK"},"image":{"@id":"https:\/\/www.purejewels.com\/#\/schema\/logo\/image\/"}}]}},"_links":{"self":[{"href":"https:\/\/www.purejewels.com\/tr\/wp-json\/wp\/v2\/product\/351268","targetHints":{"allow":["GET"]}}],"collection":[{"href":"https:\/\/www.purejewels.com\/tr\/wp-json\/wp\/v2\/product"}],"about":[{"href":"https:\/\/www.purejewels.com\/tr\/wp-json\/wp\/v2\/types\/product"}],"replies":[{"embeddable":true,"href":"https:\/\/www.purejewels.com\/tr\/wp-json\/wp\/v2\/comments?post=351268"}],"version-history":[{"count":4,"href":"https:\/\/www.purejewels.com\/tr\/wp-json\/wp\/v2\/product\/351268\/revisions"}],"predecessor-version":[{"id":400554,"href":"https:\/\/www.purejewels.com\/tr\/wp-json\/wp\/v2\/product\/351268\/revisions\/400554"}],"wp:featuredmedia":[{"embeddable":true,"href":"https:\/\/www.purejewels.com\/tr\/wp-json\/wp\/v2\/media\/351358"}],"wp:attachment":[{"href":"https:\/\/www.purejewels.com\/tr\/wp-json\/wp\/v2\/media?parent=351268"}],"wp:term":[{"taxonomy":"product_brand","embeddable":true,"href":"https:\/\/www.purejewels.com\/tr\/wp-json\/wp\/v2\/product_brand?post=351268"},{"taxonomy":"product_cat","embeddable":true,"href":"https:\/\/www.purejewels.com\/tr\/wp-json\/wp\/v2\/product_cat?post=351268"},{"taxonomy":"product_tag","embeddable":true,"href":"https:\/\/www.purejewels.com\/tr\/wp-json\/wp\/v2\/product_tag?post=351268"}],"curies":[{"name":"wp","href":"https:\/\/api.w.org\/{rel}","templated":true}]}}