{"id":351270,"date":"2023-09-15T08:56:43","date_gmt":"2023-09-15T07:56:43","guid":{"rendered":"https:\/\/www.purejewels.com\/?post_type=product&#038;p=351270"},"modified":"2025-11-14T05:38:21","modified_gmt":"2025-11-14T05:38:21","slug":"tek-tas-18-ayar-beyaz-altin-pirlanta-citcit-47102","status":"publish","type":"product","link":"https:\/\/www.purejewels.com\/tr\/product\/single-stone-18ct-white-gold-diamond-studs-47102\/","title":{"rendered":"18 Ayar Beyaz Alt\u0131n P\u0131rlanta \u00c7\u0131t\u00e7\u0131t"},"content":{"rendered":"<p data-start=\"258\" data-end=\"610\"><strong data-start=\"258\" data-end=\"268\">Tasar\u0131m<\/strong><br data-start=\"268\" data-end=\"271\" \/>Bu p\u0131rlanta k\u00fcpeler, dikkat da\u011f\u0131tmadan p\u0131rlantalar\u0131 \u00e7er\u00e7eveleyen klasik d\u00f6rt t\u0131rnakl\u0131 yuvalara yerle\u015ftirilmi\u015f, toplam 0,28 ct de\u011ferinde bir \u00e7ift p\u0131rlanta kesim ta\u015fa sahiptir. So\u011fuk tonlu 18 ayar beyaz alt\u0131ndan \u00fcretilen bu k\u00fcpeler, temiz ve abart\u0131s\u0131z bir g\u00f6r\u00fcn\u00fcm i\u00e7in kula\u011fa d\u00fczg\u00fcn bir \u015fekilde oturur. Dengeli oranlar\u0131 sayesinde her g\u00fcn kullanaca\u011f\u0131n\u0131z zamans\u0131z bir elyaft\u0131r.<\/p>\n<p data-start=\"612\" data-end=\"995\"><strong data-start=\"612\" data-end=\"629\"><a href=\"https:\/\/www.purejewels.com\/tr\/a-guide-to-die-stamping\/\">Zanaatkarl\u0131k<\/a><\/strong><br data-start=\"629\" data-end=\"632\" \/>Y\u00fcksek kaliteli 18 ayar beyaz alt\u0131ndan \u00fcretilen her bir p\u0131rlanta, \u0131\u015f\u0131\u011f\u0131 en \u00fcst d\u00fczeye \u00e7\u0131karmak ve kendinden emin bir kullan\u0131m sa\u011flamak i\u00e7in g\u00fcvenli bir \u015fekilde elle yerle\u015ftirilmi\u015ftir. \u00c7\u0131t\u00e7\u0131tlar, p\u0131rlantalar\u0131n do\u011fal \u0131\u015f\u0131lt\u0131s\u0131n\u0131 ve parlakl\u0131\u011f\u0131n\u0131 art\u0131ran ayna benzeri bir cilaya sahiptir. G\u00fcvenli kelebek ba\u011flant\u0131 par\u00e7alar\u0131yla tamamlanan ve safl\u0131k g\u00fcvencesi i\u00e7in \u0130ngiltere'de damgalanan bu p\u0131rlantalar y\u0131llarca tak\u0131lmak ve sevilmek i\u00e7in \u00fcretilmi\u015ftir.<\/p>\n<p data-start=\"997\" data-end=\"1382\" data-is-last-node=\"\" data-is-only-node=\"\"><strong data-start=\"997\" data-end=\"1014\">Stil Fikirleri<\/strong><br data-start=\"1014\" data-end=\"1017\" \/>G\u00fcnl\u00fck bir imza olarak m\u00fckemmel olan bu \u00e7\u0131t\u00e7\u0131tlar, hem g\u00fcndelik \u00f6rg\u00fclerle hem de \u00f6zel i\u015f k\u0131yafetleriyle zahmetsizce e\u015fle\u015fir. Minimalist bir g\u00f6r\u00fcn\u00fcm i\u00e7in tek ba\u015f\u0131na stilize edin veya modern bir kulak k\u00fcrasyonu i\u00e7in k\u00fc\u00e7\u00fck halkalar veya huggies ile istifleyin. Ayr\u0131ca do\u011fum g\u00fcnleri, y\u0131l d\u00f6n\u00fcmleri veya ki\u015fisel d\u00f6n\u00fcm noktalar\u0131n\u0131 i\u015faretlemek i\u00e7in d\u00fc\u015f\u00fcnceli bir hediye olurlar ve sessizce her \u015feyle uyumlu bir \u00e7ift p\u0131rlanta haline gelirler.<\/p>","protected":false},"excerpt":{"rendered":"<table class=\"sh_desc\" style=\"width: 100%; height: 308px;\">\n<tbody>\n<tr style=\"height: 28px;\">\n<td style=\"height: 28px;\">K\u00fcpe T\u00fcr\u00fc<\/td>\n<td style=\"height: 28px;\">Saplama K\u00fcpe<\/td>\n<\/tr>\n<tr style=\"height: 28px;\">\n<td style=\"height: 28px;\">SKU<\/td>\n<td style=\"height: 28px;\">47102<\/td>\n<\/tr>\n<tr style=\"height: 28px;\">\n<td style=\"height: 28px;\">Cinsiyet<\/td>\n<td style=\"height: 28px;\">Bayanlar<\/td>\n<\/tr>\n<tr style=\"height: 28px;\">\n<td style=\"height: 28px;\">Elmas A\u011f\u0131rl\u0131\u011f\u0131.<\/td>\n<td style=\"height: 28px;\">0.28ct<\/td>\n<\/tr>\n<tr style=\"height: 28px;\">\n<td style=\"height: 28px;\">Ta\u015f<\/td>\n<td style=\"height: 28px;\">Elmas<\/td>\n<\/tr>\n<tr style=\"height: 28px;\">\n<td style=\"height: 28px;\">Metal<\/td>\n<td style=\"height: 28px;\">18 Ayar Beyaz Alt\u0131n<\/td>\n<\/tr>\n<tr style=\"height: 28px;\">\n<td style=\"height: 28px;\">\u00dccretler<\/td>\n<td style=\"height: 28px;\">Teslimat ve KDV Dahil<\/td>\n<\/tr>\n<tr style=\"height: 28px;\">\n<td style=\"height: 28px;\">Paketleme<\/td>\n<td style=\"height: 28px;\">Sunum Kutusu ile Birlikte Gelir<\/td>\n<\/tr>\n<tr style=\"height: 28px;\">\n<td style=\"height: 28px;\">Daha Fazla Bilgi<\/td>\n<td style=\"height: 28px;\">M\u00fcsaitlik durumu ve daha fazla resim i\u00e7in bizimle canl\u0131 sohbet edin<\/td>\n<\/tr>\n<\/tbody>\n<\/table>","protected":false},"featured_media":410617,"comment_status":"closed","ping_status":"closed","template":"","meta":{"_eb_attr":"","_crsspst_to_jayantr4sg-hostcom":true},"product_brand":[],"product_cat":[1791,1559,5458,5457,1570,1573,5348,1574],"product_tag":[],"class_list":{"0":"post-351270","1":"product","2":"type-product","3":"status-publish","4":"has-post-thumbnail","6":"product_cat-anniversary-gifts","7":"product_cat-birthday-gifts","8":"product_cat-diamond-earring","9":"product_cat-diamond-jewellery","10":"product_cat-mothers-day-gifts","11":"product_cat-wedding-gifts","12":"product_cat-white-gold-jewellery","13":"product_cat-womens-jewellery","15":"first","16":"instock","17":"taxable","18":"shipping-taxable","19":"purchasable","20":"product-type-simple","21":"add-to-wishlist-before_image"},"yoast_head":"<!-- This site is optimized with the Yoast SEO plugin v27.6 - https:\/\/yoast.com\/product\/yoast-seo-wordpress\/ -->\n<title>18ct White Gold Diamond Studs online UK<\/title>\n<meta name=\"robots\" content=\"index, follow, max-snippet:-1, max-image-preview:large, max-video-preview:-1\" \/>\n<link rel=\"canonical\" href=\"https:\/\/www.purejewels.com\/tr\/urun\/tek-tas-18-ayar-beyaz-altin-pirlanta-citcit-47102\/\" \/>\n<meta property=\"og:locale\" content=\"tr_TR\" \/>\n<meta property=\"og:type\" content=\"article\" \/>\n<meta property=\"og:title\" content=\"18ct White Gold Diamond Studs online UK\" \/>\n<meta property=\"og:description\" content=\"Type Of Earring Stud Earring   SKU 47102   Gender Ladies   Diamond Wt. 0.28ct   Stone Diamond   Metal 18ct White Gold   Charges Delivery\u00a0and\u00a0VAT\u00a0Included   Packaging Comes\u00a0With\u00a0Presentation\u00a0Box   More\u00a0Information Live chat with us for availability\u00a0and\u00a0more\u00a0images\" \/>\n<meta property=\"og:url\" content=\"https:\/\/www.purejewels.com\/tr\/urun\/tek-tas-18-ayar-beyaz-altin-pirlanta-citcit-47102\/\" \/>\n<meta property=\"og:site_name\" content=\"PureJewels UK\" \/>\n<meta property=\"article:modified_time\" content=\"2025-11-14T05:38:21+00:00\" \/>\n<meta property=\"og:image\" content=\"https:\/\/www.purejewels.com\/wp-content\/uploads\/2023\/09\/SKU-47102-1.jpg\" \/>\n\t<meta property=\"og:image:width\" content=\"1000\" \/>\n\t<meta property=\"og:image:height\" content=\"1000\" \/>\n\t<meta property=\"og:image:type\" content=\"image\/jpeg\" \/>\n<meta name=\"twitter:card\" content=\"summary_large_image\" \/>\n<meta name=\"twitter:label1\" content=\"Tahmini okuma s\u00fcresi\" \/>\n\t<meta name=\"twitter:data1\" content=\"1 dakika\" \/>\n<script type=\"application\/ld+json\" class=\"yoast-schema-graph\">{\"@context\":\"https:\\\/\\\/schema.org\",\"@graph\":[{\"@type\":[\"WebPage\",\"ItemPage\"],\"@id\":\"https:\\\/\\\/www.purejewels.com\\\/product\\\/single-stone-18ct-white-gold-diamond-studs-47102\\\/\",\"url\":\"https:\\\/\\\/www.purejewels.com\\\/product\\\/single-stone-18ct-white-gold-diamond-studs-47102\\\/\",\"name\":\"18ct White Gold Diamond Studs online UK\",\"isPartOf\":{\"@id\":\"https:\\\/\\\/www.purejewels.com\\\/#website\"},\"primaryImageOfPage\":{\"@id\":\"https:\\\/\\\/www.purejewels.com\\\/product\\\/single-stone-18ct-white-gold-diamond-studs-47102\\\/#primaryimage\"},\"image\":{\"@id\":\"https:\\\/\\\/www.purejewels.com\\\/product\\\/single-stone-18ct-white-gold-diamond-studs-47102\\\/#primaryimage\"},\"thumbnailUrl\":\"https:\\\/\\\/static.purejewels.com\\\/wp-content\\\/uploads\\\/2023\\\/09\\\/SKU-47102-1.jpg\",\"datePublished\":\"2023-09-15T07:56:43+00:00\",\"dateModified\":\"2025-11-14T05:38:21+00:00\",\"breadcrumb\":{\"@id\":\"https:\\\/\\\/www.purejewels.com\\\/product\\\/single-stone-18ct-white-gold-diamond-studs-47102\\\/#breadcrumb\"},\"inLanguage\":\"tr\",\"potentialAction\":[{\"@type\":\"ReadAction\",\"target\":[\"https:\\\/\\\/www.purejewels.com\\\/product\\\/single-stone-18ct-white-gold-diamond-studs-47102\\\/\"]}]},{\"@type\":\"ImageObject\",\"inLanguage\":\"tr\",\"@id\":\"https:\\\/\\\/www.purejewels.com\\\/product\\\/single-stone-18ct-white-gold-diamond-studs-47102\\\/#primaryimage\",\"url\":\"https:\\\/\\\/static.purejewels.com\\\/wp-content\\\/uploads\\\/2023\\\/09\\\/SKU-47102-1.jpg\",\"contentUrl\":\"https:\\\/\\\/static.purejewels.com\\\/wp-content\\\/uploads\\\/2023\\\/09\\\/SKU-47102-1.jpg\",\"width\":1000,\"height\":1000,\"caption\":\"18ct White Gold Diamond Studs\"},{\"@type\":\"BreadcrumbList\",\"@id\":\"https:\\\/\\\/www.purejewels.com\\\/product\\\/single-stone-18ct-white-gold-diamond-studs-47102\\\/#breadcrumb\",\"itemListElement\":[{\"@type\":\"ListItem\",\"position\":1,\"name\":\"Home\",\"item\":\"https:\\\/\\\/www.purejewels.com\\\/\"},{\"@type\":\"ListItem\",\"position\":2,\"name\":\"Shop\",\"item\":\"https:\\\/\\\/www.purejewels.com\\\/shop\\\/\"},{\"@type\":\"ListItem\",\"position\":3,\"name\":\"18ct White Gold Diamond Studs\"}]},{\"@type\":\"WebSite\",\"@id\":\"https:\\\/\\\/www.purejewels.com\\\/#website\",\"url\":\"https:\\\/\\\/www.purejewels.com\\\/\",\"name\":\"PureJewels UK\",\"description\":\"Share the Love\",\"publisher\":{\"@id\":\"https:\\\/\\\/www.purejewels.com\\\/#organization\"},\"potentialAction\":[{\"@type\":\"SearchAction\",\"target\":{\"@type\":\"EntryPoint\",\"urlTemplate\":\"https:\\\/\\\/www.purejewels.com\\\/?s={search_term_string}\"},\"query-input\":{\"@type\":\"PropertyValueSpecification\",\"valueRequired\":true,\"valueName\":\"search_term_string\"}}],\"inLanguage\":\"tr\"},{\"@type\":\"Organization\",\"@id\":\"https:\\\/\\\/www.purejewels.com\\\/#organization\",\"name\":\"PureJewels UK\",\"url\":\"https:\\\/\\\/www.purejewels.com\\\/\",\"logo\":{\"@type\":\"ImageObject\",\"inLanguage\":\"tr\",\"@id\":\"https:\\\/\\\/www.purejewels.com\\\/#\\\/schema\\\/logo\\\/image\\\/\",\"url\":\"https:\\\/\\\/static.purejewels.com\\\/wp-content\\\/uploads\\\/2020\\\/11\\\/Logo-PJ-New-1.png\",\"contentUrl\":\"https:\\\/\\\/static.purejewels.com\\\/wp-content\\\/uploads\\\/2020\\\/11\\\/Logo-PJ-New-1.png\",\"width\":150,\"height\":80,\"caption\":\"PureJewels UK\"},\"image\":{\"@id\":\"https:\\\/\\\/www.purejewels.com\\\/#\\\/schema\\\/logo\\\/image\\\/\"}}]}<\/script>\n<!-- \/ Yoast SEO plugin. -->","yoast_head_json":{"title":"18 Ayar Beyaz Alt\u0131n P\u0131rlanta \u00c7\u0131t\u00e7\u0131t online \u0130ngiltere","robots":{"index":"index","follow":"follow","max-snippet":"max-snippet:-1","max-image-preview":"max-image-preview:large","max-video-preview":"max-video-preview:-1"},"canonical":"https:\/\/www.purejewels.com\/tr\/urun\/tek-tas-18-ayar-beyaz-altin-pirlanta-citcit-47102\/","og_locale":"tr_TR","og_type":"article","og_title":"18ct White Gold Diamond Studs online UK","og_description":"Type Of Earring Stud Earring   SKU 47102   Gender Ladies   Diamond Wt. 0.28ct   Stone Diamond   Metal 18ct White Gold   Charges Delivery\u00a0and\u00a0VAT\u00a0Included   Packaging Comes\u00a0With\u00a0Presentation\u00a0Box   More\u00a0Information Live chat with us for availability\u00a0and\u00a0more\u00a0images","og_url":"https:\/\/www.purejewels.com\/tr\/urun\/tek-tas-18-ayar-beyaz-altin-pirlanta-citcit-47102\/","og_site_name":"PureJewels UK","article_modified_time":"2025-11-14T05:38:21+00:00","og_image":[{"width":1000,"height":1000,"url":"https:\/\/www.purejewels.com\/wp-content\/uploads\/2023\/09\/SKU-47102-1.jpg","type":"image\/jpeg"}],"twitter_card":"summary_large_image","twitter_misc":{"Tahmini okuma s\u00fcresi":"1 dakika"},"schema":{"@context":"https:\/\/schema.org","@graph":[{"@type":["WebPage","ItemPage"],"@id":"https:\/\/www.purejewels.com\/product\/single-stone-18ct-white-gold-diamond-studs-47102\/","url":"https:\/\/www.purejewels.com\/product\/single-stone-18ct-white-gold-diamond-studs-47102\/","name":"18 Ayar Beyaz Alt\u0131n P\u0131rlanta \u00c7\u0131t\u00e7\u0131t online \u0130ngiltere","isPartOf":{"@id":"https:\/\/www.purejewels.com\/#website"},"primaryImageOfPage":{"@id":"https:\/\/www.purejewels.com\/product\/single-stone-18ct-white-gold-diamond-studs-47102\/#primaryimage"},"image":{"@id":"https:\/\/www.purejewels.com\/product\/single-stone-18ct-white-gold-diamond-studs-47102\/#primaryimage"},"thumbnailUrl":"https:\/\/static.purejewels.com\/wp-content\/uploads\/2023\/09\/SKU-47102-1.jpg","datePublished":"2023-09-15T07:56:43+00:00","dateModified":"2025-11-14T05:38:21+00:00","breadcrumb":{"@id":"https:\/\/www.purejewels.com\/product\/single-stone-18ct-white-gold-diamond-studs-47102\/#breadcrumb"},"inLanguage":"tr","potentialAction":[{"@type":"ReadAction","target":["https:\/\/www.purejewels.com\/product\/single-stone-18ct-white-gold-diamond-studs-47102\/"]}]},{"@type":"ImageObject","inLanguage":"tr","@id":"https:\/\/www.purejewels.com\/product\/single-stone-18ct-white-gold-diamond-studs-47102\/#primaryimage","url":"https:\/\/static.purejewels.com\/wp-content\/uploads\/2023\/09\/SKU-47102-1.jpg","contentUrl":"https:\/\/static.purejewels.com\/wp-content\/uploads\/2023\/09\/SKU-47102-1.jpg","width":1000,"height":1000,"caption":"18ct White Gold Diamond Studs"},{"@type":"BreadcrumbList","@id":"https:\/\/www.purejewels.com\/product\/single-stone-18ct-white-gold-diamond-studs-47102\/#breadcrumb","itemListElement":[{"@type":"ListItem","position":1,"name":"Home","item":"https:\/\/www.purejewels.com\/"},{"@type":"ListItem","position":2,"name":"Shop","item":"https:\/\/www.purejewels.com\/shop\/"},{"@type":"ListItem","position":3,"name":"18ct White Gold Diamond Studs"}]},{"@type":"WebSite","@id":"https:\/\/www.purejewels.com\/#website","url":"https:\/\/www.purejewels.com\/","name":"PureJewels \u0130ngiltere","description":"Sevgiyi Payla\u015f\u0131n","publisher":{"@id":"https:\/\/www.purejewels.com\/#organization"},"potentialAction":[{"@type":"SearchAction","target":{"@type":"EntryPoint","urlTemplate":"https:\/\/www.purejewels.com\/?s={search_term_string}"},"query-input":{"@type":"PropertyValueSpecification","valueRequired":true,"valueName":"search_term_string"}}],"inLanguage":"tr"},{"@type":"Organization","@id":"https:\/\/www.purejewels.com\/#organization","name":"PureJewels \u0130ngiltere","url":"https:\/\/www.purejewels.com\/","logo":{"@type":"ImageObject","inLanguage":"tr","@id":"https:\/\/www.purejewels.com\/#\/schema\/logo\/image\/","url":"https:\/\/static.purejewels.com\/wp-content\/uploads\/2020\/11\/Logo-PJ-New-1.png","contentUrl":"https:\/\/static.purejewels.com\/wp-content\/uploads\/2020\/11\/Logo-PJ-New-1.png","width":150,"height":80,"caption":"PureJewels UK"},"image":{"@id":"https:\/\/www.purejewels.com\/#\/schema\/logo\/image\/"}}]}},"_links":{"self":[{"href":"https:\/\/www.purejewels.com\/tr\/wp-json\/wp\/v2\/product\/351270","targetHints":{"allow":["GET"]}}],"collection":[{"href":"https:\/\/www.purejewels.com\/tr\/wp-json\/wp\/v2\/product"}],"about":[{"href":"https:\/\/www.purejewels.com\/tr\/wp-json\/wp\/v2\/types\/product"}],"replies":[{"embeddable":true,"href":"https:\/\/www.purejewels.com\/tr\/wp-json\/wp\/v2\/comments?post=351270"}],"version-history":[{"count":3,"href":"https:\/\/www.purejewels.com\/tr\/wp-json\/wp\/v2\/product\/351270\/revisions"}],"predecessor-version":[{"id":420864,"href":"https:\/\/www.purejewels.com\/tr\/wp-json\/wp\/v2\/product\/351270\/revisions\/420864"}],"wp:featuredmedia":[{"embeddable":true,"href":"https:\/\/www.purejewels.com\/tr\/wp-json\/wp\/v2\/media\/410617"}],"wp:attachment":[{"href":"https:\/\/www.purejewels.com\/tr\/wp-json\/wp\/v2\/media?parent=351270"}],"wp:term":[{"taxonomy":"product_brand","embeddable":true,"href":"https:\/\/www.purejewels.com\/tr\/wp-json\/wp\/v2\/product_brand?post=351270"},{"taxonomy":"product_cat","embeddable":true,"href":"https:\/\/www.purejewels.com\/tr\/wp-json\/wp\/v2\/product_cat?post=351270"},{"taxonomy":"product_tag","embeddable":true,"href":"https:\/\/www.purejewels.com\/tr\/wp-json\/wp\/v2\/product_tag?post=351270"}],"curies":[{"name":"wp","href":"https:\/\/api.w.org\/{rel}","templated":true}]}}