{"id":351272,"date":"2023-12-15T10:16:16","date_gmt":"2023-12-15T10:16:16","guid":{"rendered":"https:\/\/www.purejewels.com\/?post_type=product&#038;p=351272"},"modified":"2026-04-28T13:22:55","modified_gmt":"2026-04-28T12:22:55","slug":"22-ayar-altin-suslu-cz-citcit-51195","status":"publish","type":"product","link":"https:\/\/www.purejewels.com\/tr\/product\/22ct-gold-fancy-cz-studs-51195\/","title":{"rendered":"22 Ayar Alt\u0131n Fantezi CZ \u00c7\u0131t\u00e7\u0131t"},"content":{"rendered":"<p>Zengin 22 ayar alt\u0131ndan ustal\u0131kla \u00fcretilmi\u015f ve y\u00fcksek kaliteli k\u00fcbik zirkon ta\u015flarla s\u00fcslenmi\u015f 22 Ayar Alt\u0131n Fantezi CZ \u00c7\u0131t\u00e7\u0131tlar\u0131m\u0131zla g\u00fcn\u00fcn\u00fcze \u0131\u015f\u0131lt\u0131 kat\u0131n. P\u0131rlantan\u0131n parlakl\u0131\u011f\u0131n\u0131 ola\u011fan\u00fcst\u00fc bir de\u011ferle sunan bu \u015f\u0131k \u00e7\u0131t\u00e7\u0131tlar, g\u00fcnl\u00fck ihti\u015fam veya bayram g\u00fcnleri i\u00e7in m\u00fckemmeldir. Hafif ve \u00e7ok y\u00f6nl\u00fc olan bu \u00fcr\u00fcnler hediye etmek veya ki\u015fisel zevkler i\u00e7in idealdir.<\/p>","protected":false},"excerpt":{"rendered":"<p>Parlak k\u00fcbik zirkon \u0131\u015f\u0131lt\u0131l\u0131 zarif 22 ayar Alt\u0131n Fantezi CZ \u00c7\u0131t\u00e7\u0131tlar.<br data-start=\"724\" data-end=\"727\" \/>Zamans\u0131z alt\u0131n zarafeti ile g\u00fcnl\u00fck kullan\u0131m veya bayram cazibesi i\u00e7in m\u00fckemmeldir.<\/p>\n<p><strong>Malzeme:<\/strong>\u00a022 Ayar Alt\u0131n<strong><br \/>\nHallmark:\u00a0<\/strong>\u0130ngiliz Damgas\u0131<strong><br \/>\n<\/strong><strong>Br\u00fct A\u011f\u0131rl\u0131k: <\/strong>3.55 Gms<br \/>\n<strong>SKU:<\/strong> 51195<\/p>\n<p><strong>Fiyat ve Teslimat<\/strong>:KDV ve teslimat \u00fccreti dahil<\/p>\n<p><a href=\"https:\/\/www.purejewels.com\/tr\/i%cc%87ade-poli%cc%87ti%cc%87kasi\/\">\u0130ade Politikas\u0131<\/a><\/p>","protected":false},"featured_media":402801,"comment_status":"closed","ping_status":"closed","template":"","meta":{"_eb_attr":"","_crsspst_to_jayantr4sg-hostcom":true},"product_brand":[],"product_cat":[5682,1791,1559,1794,6150,1793,6190,1790,1254,1229,5344,5347,1570,5338,1577,1575,1569,1573,1574,5349],"product_tag":[1430],"class_list":{"0":"post-351272","1":"product","2":"type-product","3":"status-publish","4":"has-post-thumbnail","6":"product_cat-22ct-gold-multi-cz-earrring","7":"product_cat-anniversary-gifts","8":"product_cat-birthday-gifts","9":"product_cat-christmas-gifts","10":"product_cat-cubic-zirconia-ear-studs","11":"product_cat-diwali-gifts","12":"product_cat-easter-jewellery","13":"product_cat-for-whom-when","14":"product_cat-gold-earrings","15":"product_cat-22ct-gold-jewellery","16":"product_cat-jewellery-under-750","17":"product_cat-shop-by-metal","18":"product_cat-mothers-day-gifts","19":"product_cat-shop-by-price","20":"product_cat-stud-earrings","21":"product_cat-teenage-jewellery","22":"product_cat-valentine-day-gifts","23":"product_cat-wedding-gifts","24":"product_cat-womens-jewellery","25":"product_cat-yellow-gold-jewellery","26":"product_tag-diwali-gift","28":"first","29":"instock","30":"taxable","31":"shipping-taxable","32":"purchasable","33":"product-type-simple","34":"add-to-wishlist-before_image"},"yoast_head":"<!-- This site is optimized with the Yoast SEO plugin v27.5 - https:\/\/yoast.com\/product\/yoast-seo-wordpress\/ -->\n<title>22ct Gold Fancy CZ Studs online UK<\/title>\n<meta name=\"description\" content=\"Purejewels - Specialists in Diamond, , 22ct 22kt gold. 22ct Gold Fancy CZ Studs \u00a3800.00 (SKU:JWERSTCB023)\" \/>\n<meta name=\"robots\" content=\"index, follow, max-snippet:-1, max-image-preview:large, max-video-preview:-1\" \/>\n<link rel=\"canonical\" href=\"https:\/\/www.purejewels.com\/tr\/urun\/22-ayar-altin-suslu-cz-citcit-51195\/\" \/>\n<meta property=\"og:locale\" content=\"tr_TR\" \/>\n<meta property=\"og:type\" content=\"article\" \/>\n<meta property=\"og:title\" content=\"22ct Gold Fancy CZ Studs online UK\" \/>\n<meta property=\"og:description\" content=\"Purejewels - Specialists in Diamond, , 22ct 22kt gold. 22ct Gold Fancy CZ Studs \u00a3800.00 (SKU:JWERSTCB023)\" \/>\n<meta property=\"og:url\" content=\"https:\/\/www.purejewels.com\/tr\/urun\/22-ayar-altin-suslu-cz-citcit-51195\/\" \/>\n<meta property=\"og:site_name\" content=\"PureJewels UK\" \/>\n<meta property=\"article:modified_time\" content=\"2026-04-28T12:22:55+00:00\" \/>\n<meta property=\"og:image\" content=\"https:\/\/static.purejewels.com\/wp-content\/uploads\/2023\/12\/SPS1842-16.png\" \/>\n\t<meta property=\"og:image:width\" content=\"1000\" \/>\n\t<meta property=\"og:image:height\" content=\"1000\" \/>\n\t<meta property=\"og:image:type\" content=\"image\/png\" \/>\n<meta name=\"twitter:card\" content=\"summary_large_image\" \/>\n<meta name=\"twitter:label1\" content=\"Tahmini okuma s\u00fcresi\" \/>\n\t<meta name=\"twitter:data1\" content=\"1 dakika\" \/>\n<script type=\"application\/ld+json\" class=\"yoast-schema-graph\">{\"@context\":\"https:\\\/\\\/schema.org\",\"@graph\":[{\"@type\":[\"WebPage\",\"ItemPage\"],\"@id\":\"https:\\\/\\\/www.purejewels.com\\\/product\\\/22ct-gold-fancy-cz-studs-51195\\\/\",\"url\":\"https:\\\/\\\/www.purejewels.com\\\/product\\\/22ct-gold-fancy-cz-studs-51195\\\/\",\"name\":\"22ct Gold Fancy CZ Studs online UK\",\"isPartOf\":{\"@id\":\"https:\\\/\\\/www.purejewels.com\\\/#website\"},\"primaryImageOfPage\":{\"@id\":\"https:\\\/\\\/www.purejewels.com\\\/product\\\/22ct-gold-fancy-cz-studs-51195\\\/#primaryimage\"},\"image\":{\"@id\":\"https:\\\/\\\/www.purejewels.com\\\/product\\\/22ct-gold-fancy-cz-studs-51195\\\/#primaryimage\"},\"thumbnailUrl\":\"https:\\\/\\\/static.purejewels.com\\\/wp-content\\\/uploads\\\/2023\\\/12\\\/SPS1842-16.png\",\"datePublished\":\"2023-12-15T10:16:16+00:00\",\"dateModified\":\"2026-04-28T12:22:55+00:00\",\"description\":\"Purejewels - Specialists in Diamond, , 22ct 22kt gold. 22ct Gold Fancy CZ Studs \u00a3800.00 (SKU:JWERSTCB023)\",\"breadcrumb\":{\"@id\":\"https:\\\/\\\/www.purejewels.com\\\/product\\\/22ct-gold-fancy-cz-studs-51195\\\/#breadcrumb\"},\"inLanguage\":\"tr\",\"potentialAction\":[{\"@type\":\"ReadAction\",\"target\":[\"https:\\\/\\\/www.purejewels.com\\\/product\\\/22ct-gold-fancy-cz-studs-51195\\\/\"]}]},{\"@type\":\"ImageObject\",\"inLanguage\":\"tr\",\"@id\":\"https:\\\/\\\/www.purejewels.com\\\/product\\\/22ct-gold-fancy-cz-studs-51195\\\/#primaryimage\",\"url\":\"https:\\\/\\\/static.purejewels.com\\\/wp-content\\\/uploads\\\/2023\\\/12\\\/SPS1842-16.png\",\"contentUrl\":\"https:\\\/\\\/static.purejewels.com\\\/wp-content\\\/uploads\\\/2023\\\/12\\\/SPS1842-16.png\",\"width\":1000,\"height\":1000,\"caption\":\"22ct Gold Fancy CZ Studs\"},{\"@type\":\"BreadcrumbList\",\"@id\":\"https:\\\/\\\/www.purejewels.com\\\/product\\\/22ct-gold-fancy-cz-studs-51195\\\/#breadcrumb\",\"itemListElement\":[{\"@type\":\"ListItem\",\"position\":1,\"name\":\"Home\",\"item\":\"https:\\\/\\\/www.purejewels.com\\\/\"},{\"@type\":\"ListItem\",\"position\":2,\"name\":\"Shop\",\"item\":\"https:\\\/\\\/www.purejewels.com\\\/shop\\\/\"},{\"@type\":\"ListItem\",\"position\":3,\"name\":\"22ct Gold Fancy CZ Studs\"}]},{\"@type\":\"WebSite\",\"@id\":\"https:\\\/\\\/www.purejewels.com\\\/#website\",\"url\":\"https:\\\/\\\/www.purejewels.com\\\/\",\"name\":\"PureJewels UK\",\"description\":\"Share the Love\",\"publisher\":{\"@id\":\"https:\\\/\\\/www.purejewels.com\\\/#organization\"},\"potentialAction\":[{\"@type\":\"SearchAction\",\"target\":{\"@type\":\"EntryPoint\",\"urlTemplate\":\"https:\\\/\\\/www.purejewels.com\\\/?s={search_term_string}\"},\"query-input\":{\"@type\":\"PropertyValueSpecification\",\"valueRequired\":true,\"valueName\":\"search_term_string\"}}],\"inLanguage\":\"tr\"},{\"@type\":\"Organization\",\"@id\":\"https:\\\/\\\/www.purejewels.com\\\/#organization\",\"name\":\"PureJewels UK\",\"url\":\"https:\\\/\\\/www.purejewels.com\\\/\",\"logo\":{\"@type\":\"ImageObject\",\"inLanguage\":\"tr\",\"@id\":\"https:\\\/\\\/www.purejewels.com\\\/#\\\/schema\\\/logo\\\/image\\\/\",\"url\":\"https:\\\/\\\/static.purejewels.com\\\/wp-content\\\/uploads\\\/2020\\\/11\\\/Logo-PJ-New-1.png\",\"contentUrl\":\"https:\\\/\\\/static.purejewels.com\\\/wp-content\\\/uploads\\\/2020\\\/11\\\/Logo-PJ-New-1.png\",\"width\":150,\"height\":80,\"caption\":\"PureJewels UK\"},\"image\":{\"@id\":\"https:\\\/\\\/www.purejewels.com\\\/#\\\/schema\\\/logo\\\/image\\\/\"}}]}<\/script>\n<!-- \/ Yoast SEO plugin. -->","yoast_head_json":{"title":"22 Ayar Alt\u0131n Fantezi CZ \u00c7\u0131t\u00e7\u0131t online \u0130ngiltere","description":"Purejewels - P\u0131rlanta, 22 ayar 22 ayar alt\u0131n uzmanlar\u0131. 22 Ayar Alt\u0131n Fantezi CZ \u00c7\u0131t\u00e7\u0131t \u00a3800.00 (SKU:JWERSTCB023)","robots":{"index":"index","follow":"follow","max-snippet":"max-snippet:-1","max-image-preview":"max-image-preview:large","max-video-preview":"max-video-preview:-1"},"canonical":"https:\/\/www.purejewels.com\/tr\/urun\/22-ayar-altin-suslu-cz-citcit-51195\/","og_locale":"tr_TR","og_type":"article","og_title":"22ct Gold Fancy CZ Studs online UK","og_description":"Purejewels - Specialists in Diamond, , 22ct 22kt gold. 22ct Gold Fancy CZ Studs \u00a3800.00 (SKU:JWERSTCB023)","og_url":"https:\/\/www.purejewels.com\/tr\/urun\/22-ayar-altin-suslu-cz-citcit-51195\/","og_site_name":"PureJewels UK","article_modified_time":"2026-04-28T12:22:55+00:00","og_image":[{"width":1000,"height":1000,"url":"https:\/\/static.purejewels.com\/wp-content\/uploads\/2023\/12\/SPS1842-16.png","type":"image\/png"}],"twitter_card":"summary_large_image","twitter_misc":{"Tahmini okuma s\u00fcresi":"1 dakika"},"schema":{"@context":"https:\/\/schema.org","@graph":[{"@type":["WebPage","ItemPage"],"@id":"https:\/\/www.purejewels.com\/product\/22ct-gold-fancy-cz-studs-51195\/","url":"https:\/\/www.purejewels.com\/product\/22ct-gold-fancy-cz-studs-51195\/","name":"22 Ayar Alt\u0131n Fantezi CZ \u00c7\u0131t\u00e7\u0131t online \u0130ngiltere","isPartOf":{"@id":"https:\/\/www.purejewels.com\/#website"},"primaryImageOfPage":{"@id":"https:\/\/www.purejewels.com\/product\/22ct-gold-fancy-cz-studs-51195\/#primaryimage"},"image":{"@id":"https:\/\/www.purejewels.com\/product\/22ct-gold-fancy-cz-studs-51195\/#primaryimage"},"thumbnailUrl":"https:\/\/static.purejewels.com\/wp-content\/uploads\/2023\/12\/SPS1842-16.png","datePublished":"2023-12-15T10:16:16+00:00","dateModified":"2026-04-28T12:22:55+00:00","description":"Purejewels - P\u0131rlanta, 22 ayar 22 ayar alt\u0131n uzmanlar\u0131. 22 Ayar Alt\u0131n Fantezi CZ \u00c7\u0131t\u00e7\u0131t \u00a3800.00 (SKU:JWERSTCB023)","breadcrumb":{"@id":"https:\/\/www.purejewels.com\/product\/22ct-gold-fancy-cz-studs-51195\/#breadcrumb"},"inLanguage":"tr","potentialAction":[{"@type":"ReadAction","target":["https:\/\/www.purejewels.com\/product\/22ct-gold-fancy-cz-studs-51195\/"]}]},{"@type":"ImageObject","inLanguage":"tr","@id":"https:\/\/www.purejewels.com\/product\/22ct-gold-fancy-cz-studs-51195\/#primaryimage","url":"https:\/\/static.purejewels.com\/wp-content\/uploads\/2023\/12\/SPS1842-16.png","contentUrl":"https:\/\/static.purejewels.com\/wp-content\/uploads\/2023\/12\/SPS1842-16.png","width":1000,"height":1000,"caption":"22ct Gold Fancy CZ Studs"},{"@type":"BreadcrumbList","@id":"https:\/\/www.purejewels.com\/product\/22ct-gold-fancy-cz-studs-51195\/#breadcrumb","itemListElement":[{"@type":"ListItem","position":1,"name":"Home","item":"https:\/\/www.purejewels.com\/"},{"@type":"ListItem","position":2,"name":"Shop","item":"https:\/\/www.purejewels.com\/shop\/"},{"@type":"ListItem","position":3,"name":"22ct Gold Fancy CZ Studs"}]},{"@type":"WebSite","@id":"https:\/\/www.purejewels.com\/#website","url":"https:\/\/www.purejewels.com\/","name":"PureJewels \u0130ngiltere","description":"Sevgiyi Payla\u015f\u0131n","publisher":{"@id":"https:\/\/www.purejewels.com\/#organization"},"potentialAction":[{"@type":"SearchAction","target":{"@type":"EntryPoint","urlTemplate":"https:\/\/www.purejewels.com\/?s={search_term_string}"},"query-input":{"@type":"PropertyValueSpecification","valueRequired":true,"valueName":"search_term_string"}}],"inLanguage":"tr"},{"@type":"Organization","@id":"https:\/\/www.purejewels.com\/#organization","name":"PureJewels \u0130ngiltere","url":"https:\/\/www.purejewels.com\/","logo":{"@type":"ImageObject","inLanguage":"tr","@id":"https:\/\/www.purejewels.com\/#\/schema\/logo\/image\/","url":"https:\/\/static.purejewels.com\/wp-content\/uploads\/2020\/11\/Logo-PJ-New-1.png","contentUrl":"https:\/\/static.purejewels.com\/wp-content\/uploads\/2020\/11\/Logo-PJ-New-1.png","width":150,"height":80,"caption":"PureJewels UK"},"image":{"@id":"https:\/\/www.purejewels.com\/#\/schema\/logo\/image\/"}}]}},"_links":{"self":[{"href":"https:\/\/www.purejewels.com\/tr\/wp-json\/wp\/v2\/product\/351272","targetHints":{"allow":["GET"]}}],"collection":[{"href":"https:\/\/www.purejewels.com\/tr\/wp-json\/wp\/v2\/product"}],"about":[{"href":"https:\/\/www.purejewels.com\/tr\/wp-json\/wp\/v2\/types\/product"}],"replies":[{"embeddable":true,"href":"https:\/\/www.purejewels.com\/tr\/wp-json\/wp\/v2\/comments?post=351272"}],"version-history":[{"count":5,"href":"https:\/\/www.purejewels.com\/tr\/wp-json\/wp\/v2\/product\/351272\/revisions"}],"predecessor-version":[{"id":425866,"href":"https:\/\/www.purejewels.com\/tr\/wp-json\/wp\/v2\/product\/351272\/revisions\/425866"}],"wp:featuredmedia":[{"embeddable":true,"href":"https:\/\/www.purejewels.com\/tr\/wp-json\/wp\/v2\/media\/402801"}],"wp:attachment":[{"href":"https:\/\/www.purejewels.com\/tr\/wp-json\/wp\/v2\/media?parent=351272"}],"wp:term":[{"taxonomy":"product_brand","embeddable":true,"href":"https:\/\/www.purejewels.com\/tr\/wp-json\/wp\/v2\/product_brand?post=351272"},{"taxonomy":"product_cat","embeddable":true,"href":"https:\/\/www.purejewels.com\/tr\/wp-json\/wp\/v2\/product_cat?post=351272"},{"taxonomy":"product_tag","embeddable":true,"href":"https:\/\/www.purejewels.com\/tr\/wp-json\/wp\/v2\/product_tag?post=351272"}],"curies":[{"name":"wp","href":"https:\/\/api.w.org\/{rel}","templated":true}]}}