{"id":351390,"date":"2023-09-18T12:10:31","date_gmt":"2023-09-18T11:10:31","guid":{"rendered":"https:\/\/www.purejewels.com\/?post_type=product&#038;p=351390"},"modified":"2026-03-30T09:12:24","modified_gmt":"2026-03-30T08:12:24","slug":"18-ayar-altin-tek-tas-pirlanta-kupe-citcit-42585","status":"publish","type":"product","link":"https:\/\/www.purejewels.com\/tr\/product\/18ct-gold-single-stone-diamonds-earrings-studs-42585\/","title":{"rendered":"18 Ayar Alt\u0131n Tek Ta\u015f P\u0131rlanta K\u00fcpe \u00c7\u0131t\u00e7\u0131t"},"content":{"rendered":"<p>Bu tatil sezonunda sevdiklerinizin g\u00f6zlerini kama\u015ft\u0131rmak i\u00e7in m\u00fckemmel bir y\u0131lba\u015f\u0131 hediyesi mi ar\u0131yorsunuz? PureJewels UK'in g\u00f6z al\u0131c\u0131 18 Ayar Alt\u0131n Tek Ta\u015f P\u0131rlanta K\u00fcpe \u00c7\u0131t\u00e7\u0131tlar\u0131ndan ba\u015fkas\u0131na bakmay\u0131n.<\/p>\n<p>Zarafet ve l\u00fcks\u00fcn timsali olan bu zarif k\u00fcpeler, parlak 18 ayar alt\u0131n ayar\u0131nda tek, \u0131\u015f\u0131lt\u0131l\u0131 bir p\u0131rlantaya sahiptir. Her k\u0131yafete ihti\u015faml\u0131 bir dokunu\u015f katmak i\u00e7in m\u00fckemmel olan bu k\u00fcpeler, her m\u00fccevher koleksiyonunun de\u011ferli bir par\u00e7as\u0131 olacakt\u0131r.<\/p>\n<p>\u0130ster sevgiliniz, ister k\u0131z karde\u015finiz, anneniz ya da en iyi arkada\u015f\u0131n\u0131z i\u00e7in al\u0131\u015fveri\u015f yap\u0131yor olun, bu p\u0131rlanta k\u00fcpeler ne kadar \u00f6nemsedi\u011finizi g\u00f6stermenin m\u00fckemmel bir yoludur. Zamans\u0131z tasar\u0131mlar\u0131 ve y\u00fcksek kaliteleri ile <a href=\"https:\/\/www.purejewels.com\/tr\/a-guide-to-die-stamping\/\">zanaatkarl\u0131k<\/a>Bu k\u00fcpelerin y\u0131llarca tak\u0131laca\u011f\u0131ndan ve de\u011ferinin bilinece\u011finden emin olabilirsiniz.<\/p>\n<p>\u00d6yleyse neden bekleyesiniz? PureJewels UK'den 18 Ayar Alt\u0131n Tek Ta\u015f P\u0131rlanta K\u00fcpe \u00c7\u0131t\u00e7\u0131t ile bu Noel'de l\u00fcks ve stil hediye edin. Siz de bug\u00fcn sipari\u015f verin ve bu tatil sezonunu ger\u00e7ekten \u00f6zel k\u0131l\u0131n.<\/p>","protected":false},"excerpt":{"rendered":"<table class=\"sh_desc\" style=\"width: 100%; height: 308px;\">\n<tbody>\n<tr style=\"height: 28px;\">\n<td style=\"height: 28px;\">K\u00fcpe T\u00fcr\u00fc<\/td>\n<td style=\"height: 28px;\">Saplama K\u00fcpe<\/td>\n<\/tr>\n<tr style=\"height: 28px;\">\n<td style=\"height: 28px;\">SKU<\/td>\n<td style=\"height: 28px;\">42585<\/td>\n<\/tr>\n<tr style=\"height: 28px;\">\n<td style=\"height: 28px;\">Cinsiyet<\/td>\n<td style=\"height: 28px;\">Bayanlar<\/td>\n<\/tr>\n<tr style=\"height: 28px;\">\n<td style=\"height: 28px;\">Elmas A\u011f\u0131rl\u0131\u011f\u0131.<\/td>\n<td style=\"height: 28px;\">0.24ct<\/td>\n<\/tr>\n<tr style=\"height: 28px;\">\n<td style=\"height: 28px;\">Ta\u015f<\/td>\n<td style=\"height: 28px;\">Elmas<\/td>\n<\/tr>\n<tr style=\"height: 28px;\">\n<td style=\"height: 28px;\">Metal<\/td>\n<td style=\"height: 28px;\">18 Ayar Beyaz Alt\u0131n<\/td>\n<\/tr>\n<tr style=\"height: 28px;\">\n<td style=\"height: 28px;\">\u00dccretler<\/td>\n<td style=\"height: 28px;\">Teslimat ve KDV Dahil<\/td>\n<\/tr>\n<tr style=\"height: 28px;\">\n<td style=\"height: 28px;\">Paketleme<\/td>\n<td style=\"height: 28px;\">Sunum Kutusu ile Birlikte Gelir<\/td>\n<\/tr>\n<tr style=\"height: 28px;\">\n<td style=\"height: 28px;\">Daha Fazla Bilgi<\/td>\n<td style=\"height: 28px;\">Y\u0131lba\u015f\u0131 M\u00fccevher Hediyelerinin mevcudiyeti ve daha fazla g\u00f6rsel i\u00e7in bizimle canl\u0131 sohbet edin<\/td>\n<\/tr>\n<\/tbody>\n<\/table>","protected":false},"featured_media":351391,"comment_status":"closed","ping_status":"closed","template":"","meta":{"_eb_attr":"","_crsspst_to_jayantr4sg-hostcom":true},"product_brand":[],"product_cat":[6086,5679,1791,1559,1794,5458,5457,1570,1577,1569,1573,5348,1574],"product_tag":[],"class_list":{"0":"post-351390","1":"product","2":"type-product","3":"status-publish","4":"has-post-thumbnail","6":"product_cat-18ct-gold-earring","7":"product_cat-18ct-gold-jewellery","8":"product_cat-anniversary-gifts","9":"product_cat-birthday-gifts","10":"product_cat-christmas-gifts","11":"product_cat-diamond-earring","12":"product_cat-diamond-jewellery","13":"product_cat-mothers-day-gifts","14":"product_cat-stud-earrings","15":"product_cat-valentine-day-gifts","16":"product_cat-wedding-gifts","17":"product_cat-white-gold-jewellery","18":"product_cat-womens-jewellery","20":"first","21":"instock","22":"taxable","23":"shipping-taxable","24":"purchasable","25":"product-type-simple","26":"add-to-wishlist-before_image"},"yoast_head":"<!-- This site is optimized with the Yoast SEO plugin v27.5 - https:\/\/yoast.com\/product\/yoast-seo-wordpress\/ -->\n<title>18ct Gold Single Stone Diamonds Earrings Studs online UK<\/title>\n<meta name=\"description\" content=\"Discover timeless elegance with this 18ct gold single diamond earring design, featuring brilliant-cut stones in classic stud settings for refined everyday luxury.\" \/>\n<meta name=\"robots\" content=\"index, follow, max-snippet:-1, max-image-preview:large, max-video-preview:-1\" \/>\n<link rel=\"canonical\" href=\"https:\/\/www.purejewels.com\/tr\/urun\/18-ayar-altin-tek-tas-pirlanta-kupe-citcit-42585\/\" \/>\n<meta property=\"og:locale\" content=\"tr_TR\" \/>\n<meta property=\"og:type\" content=\"article\" \/>\n<meta property=\"og:title\" content=\"18ct Gold Single Stone Diamonds Earrings Studs online UK\" \/>\n<meta property=\"og:description\" content=\"Discover timeless elegance with this 18ct gold single diamond earring design, featuring brilliant-cut stones in classic stud settings for refined everyday luxury.\" \/>\n<meta property=\"og:url\" content=\"https:\/\/www.purejewels.com\/tr\/urun\/18-ayar-altin-tek-tas-pirlanta-kupe-citcit-42585\/\" \/>\n<meta property=\"og:site_name\" content=\"PureJewels UK\" \/>\n<meta property=\"article:modified_time\" content=\"2026-03-30T08:12:24+00:00\" \/>\n<meta property=\"og:image\" content=\"https:\/\/static.purejewels.com\/wp-content\/uploads\/2023\/09\/SKU-42585.png\" \/>\n\t<meta property=\"og:image:width\" content=\"1000\" \/>\n\t<meta property=\"og:image:height\" content=\"1000\" \/>\n\t<meta property=\"og:image:type\" content=\"image\/png\" \/>\n<meta name=\"twitter:card\" content=\"summary_large_image\" \/>\n<meta name=\"twitter:label1\" content=\"Tahmini okuma s\u00fcresi\" \/>\n\t<meta name=\"twitter:data1\" content=\"1 dakika\" \/>\n<script type=\"application\/ld+json\" class=\"yoast-schema-graph\">{\"@context\":\"https:\\\/\\\/schema.org\",\"@graph\":[{\"@type\":[\"WebPage\",\"ItemPage\"],\"@id\":\"https:\\\/\\\/www.purejewels.com\\\/product\\\/18ct-gold-single-stone-diamonds-earrings-studs-42585\\\/\",\"url\":\"https:\\\/\\\/www.purejewels.com\\\/product\\\/18ct-gold-single-stone-diamonds-earrings-studs-42585\\\/\",\"name\":\"18ct Gold Single Stone Diamonds Earrings Studs online UK\",\"isPartOf\":{\"@id\":\"https:\\\/\\\/www.purejewels.com\\\/#website\"},\"primaryImageOfPage\":{\"@id\":\"https:\\\/\\\/www.purejewels.com\\\/product\\\/18ct-gold-single-stone-diamonds-earrings-studs-42585\\\/#primaryimage\"},\"image\":{\"@id\":\"https:\\\/\\\/www.purejewels.com\\\/product\\\/18ct-gold-single-stone-diamonds-earrings-studs-42585\\\/#primaryimage\"},\"thumbnailUrl\":\"https:\\\/\\\/static.purejewels.com\\\/wp-content\\\/uploads\\\/2023\\\/09\\\/SKU-42585.png\",\"datePublished\":\"2023-09-18T11:10:31+00:00\",\"dateModified\":\"2026-03-30T08:12:24+00:00\",\"description\":\"Discover timeless elegance with this 18ct gold single diamond earring design, featuring brilliant-cut stones in classic stud settings for refined everyday luxury.\",\"breadcrumb\":{\"@id\":\"https:\\\/\\\/www.purejewels.com\\\/product\\\/18ct-gold-single-stone-diamonds-earrings-studs-42585\\\/#breadcrumb\"},\"inLanguage\":\"tr\",\"potentialAction\":[{\"@type\":\"ReadAction\",\"target\":[\"https:\\\/\\\/www.purejewels.com\\\/product\\\/18ct-gold-single-stone-diamonds-earrings-studs-42585\\\/\"]}]},{\"@type\":\"ImageObject\",\"inLanguage\":\"tr\",\"@id\":\"https:\\\/\\\/www.purejewels.com\\\/product\\\/18ct-gold-single-stone-diamonds-earrings-studs-42585\\\/#primaryimage\",\"url\":\"https:\\\/\\\/static.purejewels.com\\\/wp-content\\\/uploads\\\/2023\\\/09\\\/SKU-42585.png\",\"contentUrl\":\"https:\\\/\\\/static.purejewels.com\\\/wp-content\\\/uploads\\\/2023\\\/09\\\/SKU-42585.png\",\"width\":1000,\"height\":1000,\"caption\":\"18ct Gold Single Stone Diamonds Earrings Studs\"},{\"@type\":\"BreadcrumbList\",\"@id\":\"https:\\\/\\\/www.purejewels.com\\\/product\\\/18ct-gold-single-stone-diamonds-earrings-studs-42585\\\/#breadcrumb\",\"itemListElement\":[{\"@type\":\"ListItem\",\"position\":1,\"name\":\"Home\",\"item\":\"https:\\\/\\\/www.purejewels.com\\\/\"},{\"@type\":\"ListItem\",\"position\":2,\"name\":\"Shop\",\"item\":\"https:\\\/\\\/www.purejewels.com\\\/shop\\\/\"},{\"@type\":\"ListItem\",\"position\":3,\"name\":\"18ct Gold Single Stone Diamonds Earrings Studs\"}]},{\"@type\":\"WebSite\",\"@id\":\"https:\\\/\\\/www.purejewels.com\\\/#website\",\"url\":\"https:\\\/\\\/www.purejewels.com\\\/\",\"name\":\"PureJewels UK\",\"description\":\"Share the Love\",\"publisher\":{\"@id\":\"https:\\\/\\\/www.purejewels.com\\\/#organization\"},\"potentialAction\":[{\"@type\":\"SearchAction\",\"target\":{\"@type\":\"EntryPoint\",\"urlTemplate\":\"https:\\\/\\\/www.purejewels.com\\\/?s={search_term_string}\"},\"query-input\":{\"@type\":\"PropertyValueSpecification\",\"valueRequired\":true,\"valueName\":\"search_term_string\"}}],\"inLanguage\":\"tr\"},{\"@type\":\"Organization\",\"@id\":\"https:\\\/\\\/www.purejewels.com\\\/#organization\",\"name\":\"PureJewels UK\",\"url\":\"https:\\\/\\\/www.purejewels.com\\\/\",\"logo\":{\"@type\":\"ImageObject\",\"inLanguage\":\"tr\",\"@id\":\"https:\\\/\\\/www.purejewels.com\\\/#\\\/schema\\\/logo\\\/image\\\/\",\"url\":\"https:\\\/\\\/static.purejewels.com\\\/wp-content\\\/uploads\\\/2020\\\/11\\\/Logo-PJ-New-1.png\",\"contentUrl\":\"https:\\\/\\\/static.purejewels.com\\\/wp-content\\\/uploads\\\/2020\\\/11\\\/Logo-PJ-New-1.png\",\"width\":150,\"height\":80,\"caption\":\"PureJewels UK\"},\"image\":{\"@id\":\"https:\\\/\\\/www.purejewels.com\\\/#\\\/schema\\\/logo\\\/image\\\/\"}}]}<\/script>\n<!-- \/ Yoast SEO plugin. -->","yoast_head_json":{"title":"18 Ayar Alt\u0131n Tek Ta\u015f P\u0131rlanta K\u00fcpe \u00c7\u0131t\u00e7\u0131t online \u0130ngiltere","description":"Rafine g\u00fcnl\u00fck l\u00fcks i\u00e7in klasik saplama ayarlar\u0131nda parlak kesim ta\u015flar i\u00e7eren bu 18 ayar alt\u0131n tekli p\u0131rlanta k\u00fcpe tasar\u0131m\u0131yla zamans\u0131z zarafeti ke\u015ffedin.","robots":{"index":"index","follow":"follow","max-snippet":"max-snippet:-1","max-image-preview":"max-image-preview:large","max-video-preview":"max-video-preview:-1"},"canonical":"https:\/\/www.purejewels.com\/tr\/urun\/18-ayar-altin-tek-tas-pirlanta-kupe-citcit-42585\/","og_locale":"tr_TR","og_type":"article","og_title":"18ct Gold Single Stone Diamonds Earrings Studs online UK","og_description":"Discover timeless elegance with this 18ct gold single diamond earring design, featuring brilliant-cut stones in classic stud settings for refined everyday luxury.","og_url":"https:\/\/www.purejewels.com\/tr\/urun\/18-ayar-altin-tek-tas-pirlanta-kupe-citcit-42585\/","og_site_name":"PureJewels UK","article_modified_time":"2026-03-30T08:12:24+00:00","og_image":[{"width":1000,"height":1000,"url":"https:\/\/static.purejewels.com\/wp-content\/uploads\/2023\/09\/SKU-42585.png","type":"image\/png"}],"twitter_card":"summary_large_image","twitter_misc":{"Tahmini okuma s\u00fcresi":"1 dakika"},"schema":{"@context":"https:\/\/schema.org","@graph":[{"@type":["WebPage","ItemPage"],"@id":"https:\/\/www.purejewels.com\/product\/18ct-gold-single-stone-diamonds-earrings-studs-42585\/","url":"https:\/\/www.purejewels.com\/product\/18ct-gold-single-stone-diamonds-earrings-studs-42585\/","name":"18 Ayar Alt\u0131n Tek Ta\u015f P\u0131rlanta K\u00fcpe \u00c7\u0131t\u00e7\u0131t online \u0130ngiltere","isPartOf":{"@id":"https:\/\/www.purejewels.com\/#website"},"primaryImageOfPage":{"@id":"https:\/\/www.purejewels.com\/product\/18ct-gold-single-stone-diamonds-earrings-studs-42585\/#primaryimage"},"image":{"@id":"https:\/\/www.purejewels.com\/product\/18ct-gold-single-stone-diamonds-earrings-studs-42585\/#primaryimage"},"thumbnailUrl":"https:\/\/static.purejewels.com\/wp-content\/uploads\/2023\/09\/SKU-42585.png","datePublished":"2023-09-18T11:10:31+00:00","dateModified":"2026-03-30T08:12:24+00:00","description":"Rafine g\u00fcnl\u00fck l\u00fcks i\u00e7in klasik saplama ayarlar\u0131nda parlak kesim ta\u015flar i\u00e7eren bu 18 ayar alt\u0131n tekli p\u0131rlanta k\u00fcpe tasar\u0131m\u0131yla zamans\u0131z zarafeti ke\u015ffedin.","breadcrumb":{"@id":"https:\/\/www.purejewels.com\/product\/18ct-gold-single-stone-diamonds-earrings-studs-42585\/#breadcrumb"},"inLanguage":"tr","potentialAction":[{"@type":"ReadAction","target":["https:\/\/www.purejewels.com\/product\/18ct-gold-single-stone-diamonds-earrings-studs-42585\/"]}]},{"@type":"ImageObject","inLanguage":"tr","@id":"https:\/\/www.purejewels.com\/product\/18ct-gold-single-stone-diamonds-earrings-studs-42585\/#primaryimage","url":"https:\/\/static.purejewels.com\/wp-content\/uploads\/2023\/09\/SKU-42585.png","contentUrl":"https:\/\/static.purejewels.com\/wp-content\/uploads\/2023\/09\/SKU-42585.png","width":1000,"height":1000,"caption":"18ct Gold Single Stone Diamonds Earrings Studs"},{"@type":"BreadcrumbList","@id":"https:\/\/www.purejewels.com\/product\/18ct-gold-single-stone-diamonds-earrings-studs-42585\/#breadcrumb","itemListElement":[{"@type":"ListItem","position":1,"name":"Home","item":"https:\/\/www.purejewels.com\/"},{"@type":"ListItem","position":2,"name":"Shop","item":"https:\/\/www.purejewels.com\/shop\/"},{"@type":"ListItem","position":3,"name":"18ct Gold Single Stone Diamonds Earrings Studs"}]},{"@type":"WebSite","@id":"https:\/\/www.purejewels.com\/#website","url":"https:\/\/www.purejewels.com\/","name":"PureJewels \u0130ngiltere","description":"Sevgiyi Payla\u015f\u0131n","publisher":{"@id":"https:\/\/www.purejewels.com\/#organization"},"potentialAction":[{"@type":"SearchAction","target":{"@type":"EntryPoint","urlTemplate":"https:\/\/www.purejewels.com\/?s={search_term_string}"},"query-input":{"@type":"PropertyValueSpecification","valueRequired":true,"valueName":"search_term_string"}}],"inLanguage":"tr"},{"@type":"Organization","@id":"https:\/\/www.purejewels.com\/#organization","name":"PureJewels \u0130ngiltere","url":"https:\/\/www.purejewels.com\/","logo":{"@type":"ImageObject","inLanguage":"tr","@id":"https:\/\/www.purejewels.com\/#\/schema\/logo\/image\/","url":"https:\/\/static.purejewels.com\/wp-content\/uploads\/2020\/11\/Logo-PJ-New-1.png","contentUrl":"https:\/\/static.purejewels.com\/wp-content\/uploads\/2020\/11\/Logo-PJ-New-1.png","width":150,"height":80,"caption":"PureJewels UK"},"image":{"@id":"https:\/\/www.purejewels.com\/#\/schema\/logo\/image\/"}}]}},"_links":{"self":[{"href":"https:\/\/www.purejewels.com\/tr\/wp-json\/wp\/v2\/product\/351390","targetHints":{"allow":["GET"]}}],"collection":[{"href":"https:\/\/www.purejewels.com\/tr\/wp-json\/wp\/v2\/product"}],"about":[{"href":"https:\/\/www.purejewels.com\/tr\/wp-json\/wp\/v2\/types\/product"}],"replies":[{"embeddable":true,"href":"https:\/\/www.purejewels.com\/tr\/wp-json\/wp\/v2\/comments?post=351390"}],"version-history":[{"count":4,"href":"https:\/\/www.purejewels.com\/tr\/wp-json\/wp\/v2\/product\/351390\/revisions"}],"predecessor-version":[{"id":400550,"href":"https:\/\/www.purejewels.com\/tr\/wp-json\/wp\/v2\/product\/351390\/revisions\/400550"}],"wp:featuredmedia":[{"embeddable":true,"href":"https:\/\/www.purejewels.com\/tr\/wp-json\/wp\/v2\/media\/351391"}],"wp:attachment":[{"href":"https:\/\/www.purejewels.com\/tr\/wp-json\/wp\/v2\/media?parent=351390"}],"wp:term":[{"taxonomy":"product_brand","embeddable":true,"href":"https:\/\/www.purejewels.com\/tr\/wp-json\/wp\/v2\/product_brand?post=351390"},{"taxonomy":"product_cat","embeddable":true,"href":"https:\/\/www.purejewels.com\/tr\/wp-json\/wp\/v2\/product_cat?post=351390"},{"taxonomy":"product_tag","embeddable":true,"href":"https:\/\/www.purejewels.com\/tr\/wp-json\/wp\/v2\/product_tag?post=351390"}],"curies":[{"name":"wp","href":"https:\/\/api.w.org\/{rel}","templated":true}]}}