{"id":351399,"date":"2023-09-18T12:24:20","date_gmt":"2023-09-18T11:24:20","guid":{"rendered":"https:\/\/www.purejewels.com\/?post_type=product&#038;p=351399"},"modified":"2025-05-22T11:25:04","modified_gmt":"2025-05-22T10:25:04","slug":"cz-1718-ile-22-ayar-altin-halka-kupe","status":"publish","type":"product","link":"https:\/\/www.purejewels.com\/tr\/product\/22ct-gold-hoop-earring-with-cz-1718\/","title":{"rendered":"\u0130ki Tonlu 18 Ayar Alt\u0131n P\u0131rlantal\u0131 Halka K\u00fcpe"},"content":{"rendered":"<p><strong>18 Ayar Alt\u0131n P\u0131rlanta <a href=\"https:\/\/www.purejewels.com\/tr\/product\/22kt-gold-daily-wear-hoop-earring-41670\/\">Halka K\u00fcpeler<\/a><\/strong><\/p>\n<p>Bu 18 Ayar Alt\u0131n ile zarafet ve sofistikeli\u011fi ke\u015ffedin <a href=\"https:\/\/www.purejewels.com\/tr\/product\/timeless-classics-22ct-gold-earring-25878\/\">Kad\u0131nlar i\u00e7in Halka K\u00fcpeler<\/a>M\u00fccevher koleksiyonunuza zamans\u0131z bir ek olarak ideal olan \u00e7arp\u0131c\u0131 bir par\u00e7a.<\/p>\n<p>\u00c7arp\u0131c\u0131 iki tonlu bir tasar\u0131ma sahip olan bu halkalar, modern ve \u00e7ok y\u00f6nl\u00fc bir g\u00f6r\u00fcn\u00fcm i\u00e7in rodyum kaplamayla zenginle\u015ftirilmi\u015f sar\u0131 ve beyaz alt\u0131n\u0131 harmanl\u0131yor. Her bir p\u0131rlanta, yetenekli zanaatk\u00e2rlar taraf\u0131ndan titizlikle elde i\u015flenerek e\u015fsiz bir parlakl\u0131k ve g\u00fcvenli bir yerle\u015ftirme sa\u011flar. Birinci s\u0131n\u0131f 18 ayar alt\u0131n d\u00f6k\u00fcm i\u015flemi kullan\u0131larak \u00fcretilen bu k\u00fcpeler ola\u011fan\u00fcst\u00fc dayan\u0131kl\u0131l\u0131k ve kusursuz, parlak bir g\u00f6r\u00fcn\u00fcm sunar.<\/p>\n<p>D\u00fc\u011f\u00fcnler, do\u011fum g\u00fcnleri veya y\u0131l d\u00f6n\u00fcmleri i\u00e7in m\u00fckemmel olan bu k\u00fcpeler, l\u00fcks ve \u00e7ok y\u00f6nl\u00fcl\u00fc\u011f\u00fc bir araya getirerek onlar\u0131 hayat\u0131n \u00f6zel anlar\u0131 i\u00e7in m\u00fckemmel bir hediye haline getiriyor.<\/p>\n<ul>\n<li>SKU. 1718<\/li>\n<\/ul>","protected":false},"excerpt":{"rendered":"<table class=\"sh_desc\" style=\"width: 100%; height: 308px;\">\n<tbody>\n<tr style=\"height: 28px;\">\n<td style=\"height: 28px;\">K\u00fcpe T\u00fcr\u00fc<\/td>\n<td style=\"height: 28px;\">Halka K\u00fcpe<\/td>\n<\/tr>\n<tr style=\"height: 28px;\">\n<td style=\"height: 28px;\">SKU<\/td>\n<td style=\"height: 28px;\">1718<\/td>\n<\/tr>\n<tr style=\"height: 28px;\">\n<td style=\"height: 28px;\">Cinsiyet<\/td>\n<td style=\"height: 28px;\">Bayanlar<\/td>\n<\/tr>\n<tr style=\"height: 28px;\">\n<td style=\"height: 28px;\">A\u011f\u0131rl\u0131k<\/td>\n<td style=\"height: 28px;\">3.6 Gms<\/td>\n<\/tr>\n<tr style=\"height: 28px;\">\n<td style=\"height: 28px;\">Elmas a\u011f\u0131rl\u0131\u011f\u0131.<\/td>\n<td style=\"height: 28px;\">0.25ct<\/td>\n<\/tr>\n<tr style=\"height: 28px;\">\n<td style=\"height: 28px;\">Metal<\/td>\n<td style=\"height: 28px;\">18 Ayar Alt\u0131n<\/td>\n<\/tr>\n<tr style=\"height: 28px;\">\n<td style=\"height: 28px;\">\u00dccretler<\/td>\n<td style=\"height: 28px;\">Teslimat ve KDV Dahil<\/td>\n<\/tr>\n<tr style=\"height: 28px;\">\n<td style=\"height: 28px;\">Paketleme<\/td>\n<td style=\"height: 28px;\">Sunum Kutusu ile Birlikte Gelir<\/td>\n<\/tr>\n<tr style=\"height: 28px;\">\n<td style=\"height: 28px;\">Daha Fazla Bilgi<\/td>\n<td style=\"height: 28px;\">M\u00fcsaitlik durumu ve daha fazla resim i\u00e7in bizimle canl\u0131 sohbet edin<\/td>\n<\/tr>\n<\/tbody>\n<\/table>","protected":false},"featured_media":351400,"comment_status":"closed","ping_status":"closed","template":"","meta":{"_eb_attr":"","_crsspst_to_jayantr4sg-hostcom":true},"product_brand":[],"product_cat":[1791,1559,5458,5457,1793,1254,1579,5347,1570,1573,1574,5349],"product_tag":[],"class_list":{"0":"post-351399","1":"product","2":"type-product","3":"status-publish","4":"has-post-thumbnail","6":"product_cat-anniversary-gifts","7":"product_cat-birthday-gifts","8":"product_cat-diamond-earring","9":"product_cat-diamond-jewellery","10":"product_cat-diwali-gifts","11":"product_cat-gold-earrings","12":"product_cat-hoop-earrings","13":"product_cat-shop-by-metal","14":"product_cat-mothers-day-gifts","15":"product_cat-wedding-gifts","16":"product_cat-womens-jewellery","17":"product_cat-yellow-gold-jewellery","19":"first","20":"outofstock","21":"sale","22":"taxable","23":"shipping-taxable","24":"product-type-simple","25":"add-to-wishlist-before_image"},"yoast_head":"<!-- This site is optimized with the Yoast SEO plugin v27.6 - https:\/\/yoast.com\/product\/yoast-seo-wordpress\/ -->\n<title>Explore 18ct Gold Diamond Hoop Earrings Online, Purejewels UK<\/title>\n<meta name=\"description\" content=\"Purejewels - Elevate your style with 18K Gold Diamond Hoop Earrings featuring real diamonds and a stunning two-tone yellow and white gold design.\" \/>\n<meta name=\"robots\" content=\"index, follow, max-snippet:-1, max-image-preview:large, max-video-preview:-1\" \/>\n<link rel=\"canonical\" href=\"https:\/\/www.purejewels.com\/tr\/urun\/cz-1718-ile-22-ayar-altin-halka-kupe\/\" \/>\n<meta property=\"og:locale\" content=\"tr_TR\" \/>\n<meta property=\"og:type\" content=\"article\" \/>\n<meta property=\"og:title\" content=\"Explore 18ct Gold Diamond Hoop Earrings Online, Purejewels UK\" \/>\n<meta property=\"og:description\" content=\"Purejewels - Elevate your style with 18K Gold Diamond Hoop Earrings featuring real diamonds and a stunning two-tone yellow and white gold design.\" \/>\n<meta property=\"og:url\" content=\"https:\/\/www.purejewels.com\/tr\/urun\/cz-1718-ile-22-ayar-altin-halka-kupe\/\" \/>\n<meta property=\"og:site_name\" content=\"PureJewels UK\" \/>\n<meta property=\"article:modified_time\" content=\"2025-05-22T10:25:04+00:00\" \/>\n<meta property=\"og:image\" content=\"https:\/\/www.purejewels.com\/wp-content\/uploads\/2023\/09\/SKU-1718.png\" \/>\n\t<meta property=\"og:image:width\" content=\"1000\" \/>\n\t<meta property=\"og:image:height\" content=\"1000\" \/>\n\t<meta property=\"og:image:type\" content=\"image\/png\" \/>\n<meta name=\"twitter:card\" content=\"summary_large_image\" \/>\n<meta name=\"twitter:label1\" content=\"Tahmini okuma s\u00fcresi\" \/>\n\t<meta name=\"twitter:data1\" content=\"1 dakika\" \/>\n<script type=\"application\/ld+json\" class=\"yoast-schema-graph\">{\"@context\":\"https:\\\/\\\/schema.org\",\"@graph\":[{\"@type\":[\"WebPage\",\"ItemPage\"],\"@id\":\"https:\\\/\\\/www.purejewels.com\\\/product\\\/22ct-gold-hoop-earring-with-cz-1718\\\/\",\"url\":\"https:\\\/\\\/www.purejewels.com\\\/product\\\/22ct-gold-hoop-earring-with-cz-1718\\\/\",\"name\":\"Explore 18ct Gold Diamond Hoop Earrings Online, Purejewels UK\",\"isPartOf\":{\"@id\":\"https:\\\/\\\/www.purejewels.com\\\/#website\"},\"primaryImageOfPage\":{\"@id\":\"https:\\\/\\\/www.purejewels.com\\\/product\\\/22ct-gold-hoop-earring-with-cz-1718\\\/#primaryimage\"},\"image\":{\"@id\":\"https:\\\/\\\/www.purejewels.com\\\/product\\\/22ct-gold-hoop-earring-with-cz-1718\\\/#primaryimage\"},\"thumbnailUrl\":\"https:\\\/\\\/static.purejewels.com\\\/wp-content\\\/uploads\\\/2023\\\/09\\\/SKU-1718.png\",\"datePublished\":\"2023-09-18T11:24:20+00:00\",\"dateModified\":\"2025-05-22T10:25:04+00:00\",\"description\":\"Purejewels - Elevate your style with 18K Gold Diamond Hoop Earrings featuring real diamonds and a stunning two-tone yellow and white gold design.\",\"breadcrumb\":{\"@id\":\"https:\\\/\\\/www.purejewels.com\\\/product\\\/22ct-gold-hoop-earring-with-cz-1718\\\/#breadcrumb\"},\"inLanguage\":\"tr\",\"potentialAction\":[{\"@type\":\"ReadAction\",\"target\":[\"https:\\\/\\\/www.purejewels.com\\\/product\\\/22ct-gold-hoop-earring-with-cz-1718\\\/\"]}]},{\"@type\":\"ImageObject\",\"inLanguage\":\"tr\",\"@id\":\"https:\\\/\\\/www.purejewels.com\\\/product\\\/22ct-gold-hoop-earring-with-cz-1718\\\/#primaryimage\",\"url\":\"https:\\\/\\\/static.purejewels.com\\\/wp-content\\\/uploads\\\/2023\\\/09\\\/SKU-1718.png\",\"contentUrl\":\"https:\\\/\\\/static.purejewels.com\\\/wp-content\\\/uploads\\\/2023\\\/09\\\/SKU-1718.png\",\"width\":1000,\"height\":1000,\"caption\":\"22ct Gold Hoop Earring with CZ\"},{\"@type\":\"BreadcrumbList\",\"@id\":\"https:\\\/\\\/www.purejewels.com\\\/product\\\/22ct-gold-hoop-earring-with-cz-1718\\\/#breadcrumb\",\"itemListElement\":[{\"@type\":\"ListItem\",\"position\":1,\"name\":\"Home\",\"item\":\"https:\\\/\\\/www.purejewels.com\\\/\"},{\"@type\":\"ListItem\",\"position\":2,\"name\":\"Shop\",\"item\":\"https:\\\/\\\/www.purejewels.com\\\/shop\\\/\"},{\"@type\":\"ListItem\",\"position\":3,\"name\":\"18ct Gold Diamonds Hoop Earrings with Two Tone\"}]},{\"@type\":\"WebSite\",\"@id\":\"https:\\\/\\\/www.purejewels.com\\\/#website\",\"url\":\"https:\\\/\\\/www.purejewels.com\\\/\",\"name\":\"PureJewels UK\",\"description\":\"Share the Love\",\"publisher\":{\"@id\":\"https:\\\/\\\/www.purejewels.com\\\/#organization\"},\"potentialAction\":[{\"@type\":\"SearchAction\",\"target\":{\"@type\":\"EntryPoint\",\"urlTemplate\":\"https:\\\/\\\/www.purejewels.com\\\/?s={search_term_string}\"},\"query-input\":{\"@type\":\"PropertyValueSpecification\",\"valueRequired\":true,\"valueName\":\"search_term_string\"}}],\"inLanguage\":\"tr\"},{\"@type\":\"Organization\",\"@id\":\"https:\\\/\\\/www.purejewels.com\\\/#organization\",\"name\":\"PureJewels UK\",\"url\":\"https:\\\/\\\/www.purejewels.com\\\/\",\"logo\":{\"@type\":\"ImageObject\",\"inLanguage\":\"tr\",\"@id\":\"https:\\\/\\\/www.purejewels.com\\\/#\\\/schema\\\/logo\\\/image\\\/\",\"url\":\"https:\\\/\\\/static.purejewels.com\\\/wp-content\\\/uploads\\\/2020\\\/11\\\/Logo-PJ-New-1.png\",\"contentUrl\":\"https:\\\/\\\/static.purejewels.com\\\/wp-content\\\/uploads\\\/2020\\\/11\\\/Logo-PJ-New-1.png\",\"width\":150,\"height\":80,\"caption\":\"PureJewels UK\"},\"image\":{\"@id\":\"https:\\\/\\\/www.purejewels.com\\\/#\\\/schema\\\/logo\\\/image\\\/\"}}]}<\/script>\n<!-- \/ Yoast SEO plugin. -->","yoast_head_json":{"title":"18 Ayar Alt\u0131n P\u0131rlanta Halka K\u00fcpeleri Online Ke\u015ffedin, Purejewels UK","description":"Purejewels - Ger\u00e7ek p\u0131rlantalar ve \u00e7arp\u0131c\u0131 iki tonlu sar\u0131 ve beyaz alt\u0131n tasar\u0131ma sahip 18 Ayar Alt\u0131n P\u0131rlanta Halka K\u00fcpeler ile stilinizi y\u00fckseltin.","robots":{"index":"index","follow":"follow","max-snippet":"max-snippet:-1","max-image-preview":"max-image-preview:large","max-video-preview":"max-video-preview:-1"},"canonical":"https:\/\/www.purejewels.com\/tr\/urun\/cz-1718-ile-22-ayar-altin-halka-kupe\/","og_locale":"tr_TR","og_type":"article","og_title":"Explore 18ct Gold Diamond Hoop Earrings Online, Purejewels UK","og_description":"Purejewels - Elevate your style with 18K Gold Diamond Hoop Earrings featuring real diamonds and a stunning two-tone yellow and white gold design.","og_url":"https:\/\/www.purejewels.com\/tr\/urun\/cz-1718-ile-22-ayar-altin-halka-kupe\/","og_site_name":"PureJewels UK","article_modified_time":"2025-05-22T10:25:04+00:00","og_image":[{"width":1000,"height":1000,"url":"https:\/\/www.purejewels.com\/wp-content\/uploads\/2023\/09\/SKU-1718.png","type":"image\/png"}],"twitter_card":"summary_large_image","twitter_misc":{"Tahmini okuma s\u00fcresi":"1 dakika"},"schema":{"@context":"https:\/\/schema.org","@graph":[{"@type":["WebPage","ItemPage"],"@id":"https:\/\/www.purejewels.com\/product\/22ct-gold-hoop-earring-with-cz-1718\/","url":"https:\/\/www.purejewels.com\/product\/22ct-gold-hoop-earring-with-cz-1718\/","name":"18 Ayar Alt\u0131n P\u0131rlanta Halka K\u00fcpeleri Online Ke\u015ffedin, Purejewels UK","isPartOf":{"@id":"https:\/\/www.purejewels.com\/#website"},"primaryImageOfPage":{"@id":"https:\/\/www.purejewels.com\/product\/22ct-gold-hoop-earring-with-cz-1718\/#primaryimage"},"image":{"@id":"https:\/\/www.purejewels.com\/product\/22ct-gold-hoop-earring-with-cz-1718\/#primaryimage"},"thumbnailUrl":"https:\/\/static.purejewels.com\/wp-content\/uploads\/2023\/09\/SKU-1718.png","datePublished":"2023-09-18T11:24:20+00:00","dateModified":"2025-05-22T10:25:04+00:00","description":"Purejewels - Ger\u00e7ek p\u0131rlantalar ve \u00e7arp\u0131c\u0131 iki tonlu sar\u0131 ve beyaz alt\u0131n tasar\u0131ma sahip 18 Ayar Alt\u0131n P\u0131rlanta Halka K\u00fcpeler ile stilinizi y\u00fckseltin.","breadcrumb":{"@id":"https:\/\/www.purejewels.com\/product\/22ct-gold-hoop-earring-with-cz-1718\/#breadcrumb"},"inLanguage":"tr","potentialAction":[{"@type":"ReadAction","target":["https:\/\/www.purejewels.com\/product\/22ct-gold-hoop-earring-with-cz-1718\/"]}]},{"@type":"ImageObject","inLanguage":"tr","@id":"https:\/\/www.purejewels.com\/product\/22ct-gold-hoop-earring-with-cz-1718\/#primaryimage","url":"https:\/\/static.purejewels.com\/wp-content\/uploads\/2023\/09\/SKU-1718.png","contentUrl":"https:\/\/static.purejewels.com\/wp-content\/uploads\/2023\/09\/SKU-1718.png","width":1000,"height":1000,"caption":"22ct Gold Hoop Earring with CZ"},{"@type":"BreadcrumbList","@id":"https:\/\/www.purejewels.com\/product\/22ct-gold-hoop-earring-with-cz-1718\/#breadcrumb","itemListElement":[{"@type":"ListItem","position":1,"name":"Home","item":"https:\/\/www.purejewels.com\/"},{"@type":"ListItem","position":2,"name":"Shop","item":"https:\/\/www.purejewels.com\/shop\/"},{"@type":"ListItem","position":3,"name":"18ct Gold Diamonds Hoop Earrings with Two Tone"}]},{"@type":"WebSite","@id":"https:\/\/www.purejewels.com\/#website","url":"https:\/\/www.purejewels.com\/","name":"PureJewels \u0130ngiltere","description":"Sevgiyi Payla\u015f\u0131n","publisher":{"@id":"https:\/\/www.purejewels.com\/#organization"},"potentialAction":[{"@type":"SearchAction","target":{"@type":"EntryPoint","urlTemplate":"https:\/\/www.purejewels.com\/?s={search_term_string}"},"query-input":{"@type":"PropertyValueSpecification","valueRequired":true,"valueName":"search_term_string"}}],"inLanguage":"tr"},{"@type":"Organization","@id":"https:\/\/www.purejewels.com\/#organization","name":"PureJewels \u0130ngiltere","url":"https:\/\/www.purejewels.com\/","logo":{"@type":"ImageObject","inLanguage":"tr","@id":"https:\/\/www.purejewels.com\/#\/schema\/logo\/image\/","url":"https:\/\/static.purejewels.com\/wp-content\/uploads\/2020\/11\/Logo-PJ-New-1.png","contentUrl":"https:\/\/static.purejewels.com\/wp-content\/uploads\/2020\/11\/Logo-PJ-New-1.png","width":150,"height":80,"caption":"PureJewels UK"},"image":{"@id":"https:\/\/www.purejewels.com\/#\/schema\/logo\/image\/"}}]}},"_links":{"self":[{"href":"https:\/\/www.purejewels.com\/tr\/wp-json\/wp\/v2\/product\/351399","targetHints":{"allow":["GET"]}}],"collection":[{"href":"https:\/\/www.purejewels.com\/tr\/wp-json\/wp\/v2\/product"}],"about":[{"href":"https:\/\/www.purejewels.com\/tr\/wp-json\/wp\/v2\/types\/product"}],"replies":[{"embeddable":true,"href":"https:\/\/www.purejewels.com\/tr\/wp-json\/wp\/v2\/comments?post=351399"}],"version-history":[{"count":3,"href":"https:\/\/www.purejewels.com\/tr\/wp-json\/wp\/v2\/product\/351399\/revisions"}],"predecessor-version":[{"id":375925,"href":"https:\/\/www.purejewels.com\/tr\/wp-json\/wp\/v2\/product\/351399\/revisions\/375925"}],"wp:featuredmedia":[{"embeddable":true,"href":"https:\/\/www.purejewels.com\/tr\/wp-json\/wp\/v2\/media\/351400"}],"wp:attachment":[{"href":"https:\/\/www.purejewels.com\/tr\/wp-json\/wp\/v2\/media?parent=351399"}],"wp:term":[{"taxonomy":"product_brand","embeddable":true,"href":"https:\/\/www.purejewels.com\/tr\/wp-json\/wp\/v2\/product_brand?post=351399"},{"taxonomy":"product_cat","embeddable":true,"href":"https:\/\/www.purejewels.com\/tr\/wp-json\/wp\/v2\/product_cat?post=351399"},{"taxonomy":"product_tag","embeddable":true,"href":"https:\/\/www.purejewels.com\/tr\/wp-json\/wp\/v2\/product_tag?post=351399"}],"curies":[{"name":"wp","href":"https:\/\/api.w.org\/{rel}","templated":true}]}}