{"id":351625,"date":"2024-07-14T06:40:53","date_gmt":"2024-07-14T05:40:53","guid":{"rendered":"https:\/\/www.purejewels.com\/?post_type=product&#038;p=351625"},"modified":"2026-04-07T08:33:15","modified_gmt":"2026-04-07T07:33:15","slug":"22-ayar-altin-om-kolye-48435","status":"publish","type":"product","link":"https:\/\/www.purejewels.com\/tr\/product\/22ct-gold-om-pendant-48435\/","title":{"rendered":"22 Ayar Alt\u0131n Om Flow Kolye Zinciri"},"content":{"rendered":"<p data-sourcepos=\"3:1-3:84\"><strong>Bu zarif 22 ayar alt\u0131n Om kolye ile inanc\u0131n\u0131z\u0131 kutlay\u0131n ve i\u00e7 huzurunuzu bulun.<\/strong><\/p>\n<ul data-sourcepos=\"5:1-6:25\">\n<li data-sourcepos=\"5:1-5:87\">Saf 22 ayar alt\u0131ndan (91,6% safl\u0131kta) \u00fcretilen bu kolye ucu zengin, s\u0131cak bir parlakl\u0131\u011fa sahiptir.<\/li>\n<li data-sourcepos=\"6:1-6:25\">Ruhani ayd\u0131nlanmay\u0131 ve evreni temsil etmek \u00fczere karma\u015f\u0131k bir \u015fekilde tasarlanm\u0131\u015f kutsal Om sembol\u00fcne sahiptir.<\/li>\n<li data-sourcepos=\"7:1-7:92\">Bu anlaml\u0131 par\u00e7a, sizin veya sevdi\u011finiz biri i\u00e7in i\u00e7 huzuru ve daha y\u00fcksek bir g\u00fc\u00e7le ba\u011flant\u0131y\u0131 hat\u0131rlat\u0131r.<\/li>\n<\/ul>\n<p data-sourcepos=\"9:1-9:27\"><strong>Kolye \u00d6zellikleri:<\/strong><\/p>\n<ul data-sourcepos=\"11:1-12:1\">\n<li data-sourcepos=\"11:1-11:36\">Malzeme: 22 Ayar Alt\u0131n (91,6% safl\u0131kta)<\/li>\n<li data-sourcepos=\"12:1-12:1\">A\u011f\u0131rl\u0131k: 4,9 gram<\/li>\n<li data-sourcepos=\"13:1-13:28\">Tasar\u0131m: Detayl\u0131 Om sembol\u00fc<\/li>\n<li data-sourcepos=\"14:1-14:58\">Kaplama: Klasik sar\u0131 alt\u0131n<\/li>\n<li data-sourcepos=\"15:1-16:0\">Zincir: Dahil de\u011fildir<\/li>\n<\/ul>\n<p data-sourcepos=\"17:1-17:14\"><strong>\u015eunun i\u00e7in ideal:<\/strong><\/p>\n<ul data-sourcepos=\"19:1-22:0\">\n<li data-sourcepos=\"19:1-19:82\">G\u00fcnl\u00fck kullan\u0131m - Zarif sadeli\u011fi bu kolyeyi her durum i\u00e7in m\u00fckemmel k\u0131lar.<\/li>\n<li data-sourcepos=\"20:1-20:96\">Ruhani bireyler - Om sembol\u00fc Hinduizm ve di\u011fer dinlerde derin bir \u00f6neme sahiptir.<\/li>\n<li data-sourcepos=\"21:1-22:0\">Hediye - Do\u011fum g\u00fcnleri, y\u0131ld\u00f6n\u00fcmleri veya dini bayramlar i\u00e7in g\u00fczel bir hediye.<\/li>\n<\/ul>\n<p data-sourcepos=\"25:1-25:137\"><strong>4,9 gram a\u011f\u0131rl\u0131\u011f\u0131ndaki bu 22 ayar alt\u0131n Om kolye ucu, ruhani derinli\u011fi zamans\u0131z tasar\u0131mla birle\u015ftiren de\u011ferli bir par\u00e7ad\u0131r.<\/strong><\/p>","protected":false},"excerpt":{"rendered":"<div class=\"woocommerce-product-details__short-description\">\n<table class=\"sh_desc\">\n<tbody>\n<tr>\n<td>Kolye Tipi<\/td>\n<td>Din Kolyesi<\/td>\n<\/tr>\n<tr>\n<td>SKU<\/td>\n<td>48435<\/td>\n<\/tr>\n<tr>\n<td>Metal<\/td>\n<td>22 Ayar Alt\u0131n<\/td>\n<\/tr>\n<tr>\n<td>A\u011f\u0131rl\u0131k.<\/td>\n<td>4.9 Gms<\/td>\n<\/tr>\n<tr>\n<td>\u00dccretler<\/td>\n<td>Teslimat ve KDV Dahil<\/td>\n<\/tr>\n<tr>\n<td>Paketleme<\/td>\n<td>Sunum Kutusu ile Birlikte Gelir<\/td>\n<\/tr>\n<tr>\n<td>Daha Fazla Bilgi<\/td>\n<td>\n<ul>\n<li>M\u00fcsaitlik durumu ve daha fazla resim i\u00e7in bizimle canl\u0131 sohbet edin<\/li>\n<li>Koleksiyonumuzu g\u00f6r\u00fcnt\u00fcleyin\u00a0<strong>Zincirler<\/strong><\/li>\n<li><span style=\"font-family: inherit; font-size: inherit;\">Not: Zincir Dahil De\u011fildir<\/span><\/li>\n<li>Koleksiyonumuzu G\u00f6r\u00fcnt\u00fcleyin\u00a0<strong>erkek kolye u\u00e7lar\u0131<\/strong><\/li>\n<\/ul>\n<\/td>\n<\/tr>\n<\/tbody>\n<\/table>\n<\/div>\n<div class=\"btn-atc atc-slide\"><\/div>\n<div class=\"product_meta\"><\/div>","protected":false},"featured_media":366985,"comment_status":"closed","ping_status":"closed","template":"","meta":{"_eb_attr":"","_crsspst_to_jayantr4sg-hostcom":true},"product_brand":[],"product_cat":[1793,1790,1229,1255,1767,1572,1768,5347,5600,1701,1574,5349],"product_tag":[1430],"class_list":{"0":"post-351625","1":"product","2":"type-product","3":"status-publish","4":"has-post-thumbnail","6":"product_cat-diwali-gifts","7":"product_cat-for-whom-when","8":"product_cat-22ct-gold-jewellery","9":"product_cat-gold-pendants","10":"product_cat-ladies-pendants","11":"product_cat-mens-jewellery","12":"product_cat-mens-pendants","13":"product_cat-shop-by-metal","14":"product_cat-om-pendants","15":"product_cat-religious-pendants","16":"product_cat-womens-jewellery","17":"product_cat-yellow-gold-jewellery","18":"product_tag-diwali-gift","20":"first","21":"outofstock","22":"taxable","23":"shipping-taxable","24":"product-type-simple","25":"add-to-wishlist-before_image"},"yoast_head":"<!-- This site is optimized with the Yoast SEO plugin v27.5 - https:\/\/yoast.com\/product\/yoast-seo-wordpress\/ -->\n<title>22ct Gold Om Pendant Chain PureJewels | Smooth Gold Om Chain<\/title>\n<meta name=\"description\" content=\"Explore a 22ct gold Om pendant chain with smooth flowing contours, designed for everyday wear and spiritual significance.\" \/>\n<meta name=\"robots\" content=\"index, follow, max-snippet:-1, max-image-preview:large, max-video-preview:-1\" \/>\n<link rel=\"canonical\" href=\"https:\/\/www.purejewels.com\/tr\/urun\/22-ayar-altin-om-kolye-48435\/\" \/>\n<meta property=\"og:locale\" content=\"tr_TR\" \/>\n<meta property=\"og:type\" content=\"article\" \/>\n<meta property=\"og:title\" content=\"22ct Gold Om Pendant Chain PureJewels | Smooth Gold Om Chain\" \/>\n<meta property=\"og:description\" content=\"Explore a 22ct gold Om pendant chain with smooth flowing contours, designed for everyday wear and spiritual significance.\" \/>\n<meta property=\"og:url\" content=\"https:\/\/www.purejewels.com\/tr\/urun\/22-ayar-altin-om-kolye-48435\/\" \/>\n<meta property=\"og:site_name\" content=\"PureJewels UK\" \/>\n<meta property=\"article:modified_time\" content=\"2026-04-07T07:33:15+00:00\" \/>\n<meta property=\"og:image\" content=\"https:\/\/static.purejewels.com\/wp-content\/uploads\/2023\/09\/SKU-48435.png\" \/>\n\t<meta property=\"og:image:width\" content=\"1000\" \/>\n\t<meta property=\"og:image:height\" content=\"1000\" \/>\n\t<meta property=\"og:image:type\" content=\"image\/png\" \/>\n<meta name=\"twitter:card\" content=\"summary_large_image\" \/>\n<meta name=\"twitter:label1\" content=\"Tahmini okuma s\u00fcresi\" \/>\n\t<meta name=\"twitter:data1\" content=\"1 dakika\" \/>\n<script type=\"application\/ld+json\" class=\"yoast-schema-graph\">{\"@context\":\"https:\\\/\\\/schema.org\",\"@graph\":[{\"@type\":[\"WebPage\",\"ItemPage\"],\"@id\":\"https:\\\/\\\/www.purejewels.com\\\/product\\\/22ct-gold-om-pendant-48435\\\/\",\"url\":\"https:\\\/\\\/www.purejewels.com\\\/product\\\/22ct-gold-om-pendant-48435\\\/\",\"name\":\"22ct Gold Om Pendant Chain PureJewels | Smooth Gold Om Chain\",\"isPartOf\":{\"@id\":\"https:\\\/\\\/www.purejewels.com\\\/#website\"},\"primaryImageOfPage\":{\"@id\":\"https:\\\/\\\/www.purejewels.com\\\/product\\\/22ct-gold-om-pendant-48435\\\/#primaryimage\"},\"image\":{\"@id\":\"https:\\\/\\\/www.purejewels.com\\\/product\\\/22ct-gold-om-pendant-48435\\\/#primaryimage\"},\"thumbnailUrl\":\"https:\\\/\\\/static.purejewels.com\\\/wp-content\\\/uploads\\\/2023\\\/09\\\/SKU-48435.png\",\"datePublished\":\"2024-07-14T05:40:53+00:00\",\"dateModified\":\"2026-04-07T07:33:15+00:00\",\"description\":\"Explore a 22ct gold Om pendant chain with smooth flowing contours, designed for everyday wear and spiritual significance.\",\"breadcrumb\":{\"@id\":\"https:\\\/\\\/www.purejewels.com\\\/product\\\/22ct-gold-om-pendant-48435\\\/#breadcrumb\"},\"inLanguage\":\"tr\",\"potentialAction\":[{\"@type\":\"ReadAction\",\"target\":[\"https:\\\/\\\/www.purejewels.com\\\/product\\\/22ct-gold-om-pendant-48435\\\/\"]}]},{\"@type\":\"ImageObject\",\"inLanguage\":\"tr\",\"@id\":\"https:\\\/\\\/www.purejewels.com\\\/product\\\/22ct-gold-om-pendant-48435\\\/#primaryimage\",\"url\":\"https:\\\/\\\/static.purejewels.com\\\/wp-content\\\/uploads\\\/2023\\\/09\\\/SKU-48435.png\",\"contentUrl\":\"https:\\\/\\\/static.purejewels.com\\\/wp-content\\\/uploads\\\/2023\\\/09\\\/SKU-48435.png\",\"width\":1000,\"height\":1000,\"caption\":\"22ct Gold Om pendant\"},{\"@type\":\"BreadcrumbList\",\"@id\":\"https:\\\/\\\/www.purejewels.com\\\/product\\\/22ct-gold-om-pendant-48435\\\/#breadcrumb\",\"itemListElement\":[{\"@type\":\"ListItem\",\"position\":1,\"name\":\"Home\",\"item\":\"https:\\\/\\\/www.purejewels.com\\\/\"},{\"@type\":\"ListItem\",\"position\":2,\"name\":\"Shop\",\"item\":\"https:\\\/\\\/www.purejewels.com\\\/shop\\\/\"},{\"@type\":\"ListItem\",\"position\":3,\"name\":\"22ct Gold Om Flow Pendant Chain\"}]},{\"@type\":\"WebSite\",\"@id\":\"https:\\\/\\\/www.purejewels.com\\\/#website\",\"url\":\"https:\\\/\\\/www.purejewels.com\\\/\",\"name\":\"PureJewels UK\",\"description\":\"Share the Love\",\"publisher\":{\"@id\":\"https:\\\/\\\/www.purejewels.com\\\/#organization\"},\"potentialAction\":[{\"@type\":\"SearchAction\",\"target\":{\"@type\":\"EntryPoint\",\"urlTemplate\":\"https:\\\/\\\/www.purejewels.com\\\/?s={search_term_string}\"},\"query-input\":{\"@type\":\"PropertyValueSpecification\",\"valueRequired\":true,\"valueName\":\"search_term_string\"}}],\"inLanguage\":\"tr\"},{\"@type\":\"Organization\",\"@id\":\"https:\\\/\\\/www.purejewels.com\\\/#organization\",\"name\":\"PureJewels UK\",\"url\":\"https:\\\/\\\/www.purejewels.com\\\/\",\"logo\":{\"@type\":\"ImageObject\",\"inLanguage\":\"tr\",\"@id\":\"https:\\\/\\\/www.purejewels.com\\\/#\\\/schema\\\/logo\\\/image\\\/\",\"url\":\"https:\\\/\\\/static.purejewels.com\\\/wp-content\\\/uploads\\\/2020\\\/11\\\/Logo-PJ-New-1.png\",\"contentUrl\":\"https:\\\/\\\/static.purejewels.com\\\/wp-content\\\/uploads\\\/2020\\\/11\\\/Logo-PJ-New-1.png\",\"width\":150,\"height\":80,\"caption\":\"PureJewels UK\"},\"image\":{\"@id\":\"https:\\\/\\\/www.purejewels.com\\\/#\\\/schema\\\/logo\\\/image\\\/\"}}]}<\/script>\n<!-- \/ Yoast SEO plugin. -->","yoast_head_json":{"title":"22 Ayar Alt\u0131n Om Kolye Zinciri PureJewels | P\u00fcr\u00fczs\u00fcz Alt\u0131n Om Zinciri","description":"G\u00fcnl\u00fck kullan\u0131m ve ruhani \u00f6nem i\u00e7in tasarlanm\u0131\u015f, p\u00fcr\u00fczs\u00fcz ak\u0131c\u0131 hatlara sahip 22 ayar alt\u0131n Om kolye zincirini ke\u015ffedin.","robots":{"index":"index","follow":"follow","max-snippet":"max-snippet:-1","max-image-preview":"max-image-preview:large","max-video-preview":"max-video-preview:-1"},"canonical":"https:\/\/www.purejewels.com\/tr\/urun\/22-ayar-altin-om-kolye-48435\/","og_locale":"tr_TR","og_type":"article","og_title":"22ct Gold Om Pendant Chain PureJewels | Smooth Gold Om Chain","og_description":"Explore a 22ct gold Om pendant chain with smooth flowing contours, designed for everyday wear and spiritual significance.","og_url":"https:\/\/www.purejewels.com\/tr\/urun\/22-ayar-altin-om-kolye-48435\/","og_site_name":"PureJewels UK","article_modified_time":"2026-04-07T07:33:15+00:00","og_image":[{"width":1000,"height":1000,"url":"https:\/\/static.purejewels.com\/wp-content\/uploads\/2023\/09\/SKU-48435.png","type":"image\/png"}],"twitter_card":"summary_large_image","twitter_misc":{"Tahmini okuma s\u00fcresi":"1 dakika"},"schema":{"@context":"https:\/\/schema.org","@graph":[{"@type":["WebPage","ItemPage"],"@id":"https:\/\/www.purejewels.com\/product\/22ct-gold-om-pendant-48435\/","url":"https:\/\/www.purejewels.com\/product\/22ct-gold-om-pendant-48435\/","name":"22 Ayar Alt\u0131n Om Kolye Zinciri PureJewels | P\u00fcr\u00fczs\u00fcz Alt\u0131n Om Zinciri","isPartOf":{"@id":"https:\/\/www.purejewels.com\/#website"},"primaryImageOfPage":{"@id":"https:\/\/www.purejewels.com\/product\/22ct-gold-om-pendant-48435\/#primaryimage"},"image":{"@id":"https:\/\/www.purejewels.com\/product\/22ct-gold-om-pendant-48435\/#primaryimage"},"thumbnailUrl":"https:\/\/static.purejewels.com\/wp-content\/uploads\/2023\/09\/SKU-48435.png","datePublished":"2024-07-14T05:40:53+00:00","dateModified":"2026-04-07T07:33:15+00:00","description":"G\u00fcnl\u00fck kullan\u0131m ve ruhani \u00f6nem i\u00e7in tasarlanm\u0131\u015f, p\u00fcr\u00fczs\u00fcz ak\u0131c\u0131 hatlara sahip 22 ayar alt\u0131n Om kolye zincirini ke\u015ffedin.","breadcrumb":{"@id":"https:\/\/www.purejewels.com\/product\/22ct-gold-om-pendant-48435\/#breadcrumb"},"inLanguage":"tr","potentialAction":[{"@type":"ReadAction","target":["https:\/\/www.purejewels.com\/product\/22ct-gold-om-pendant-48435\/"]}]},{"@type":"ImageObject","inLanguage":"tr","@id":"https:\/\/www.purejewels.com\/product\/22ct-gold-om-pendant-48435\/#primaryimage","url":"https:\/\/static.purejewels.com\/wp-content\/uploads\/2023\/09\/SKU-48435.png","contentUrl":"https:\/\/static.purejewels.com\/wp-content\/uploads\/2023\/09\/SKU-48435.png","width":1000,"height":1000,"caption":"22ct Gold Om pendant"},{"@type":"BreadcrumbList","@id":"https:\/\/www.purejewels.com\/product\/22ct-gold-om-pendant-48435\/#breadcrumb","itemListElement":[{"@type":"ListItem","position":1,"name":"Home","item":"https:\/\/www.purejewels.com\/"},{"@type":"ListItem","position":2,"name":"Shop","item":"https:\/\/www.purejewels.com\/shop\/"},{"@type":"ListItem","position":3,"name":"22ct Gold Om Flow Pendant Chain"}]},{"@type":"WebSite","@id":"https:\/\/www.purejewels.com\/#website","url":"https:\/\/www.purejewels.com\/","name":"PureJewels \u0130ngiltere","description":"Sevgiyi Payla\u015f\u0131n","publisher":{"@id":"https:\/\/www.purejewels.com\/#organization"},"potentialAction":[{"@type":"SearchAction","target":{"@type":"EntryPoint","urlTemplate":"https:\/\/www.purejewels.com\/?s={search_term_string}"},"query-input":{"@type":"PropertyValueSpecification","valueRequired":true,"valueName":"search_term_string"}}],"inLanguage":"tr"},{"@type":"Organization","@id":"https:\/\/www.purejewels.com\/#organization","name":"PureJewels \u0130ngiltere","url":"https:\/\/www.purejewels.com\/","logo":{"@type":"ImageObject","inLanguage":"tr","@id":"https:\/\/www.purejewels.com\/#\/schema\/logo\/image\/","url":"https:\/\/static.purejewels.com\/wp-content\/uploads\/2020\/11\/Logo-PJ-New-1.png","contentUrl":"https:\/\/static.purejewels.com\/wp-content\/uploads\/2020\/11\/Logo-PJ-New-1.png","width":150,"height":80,"caption":"PureJewels UK"},"image":{"@id":"https:\/\/www.purejewels.com\/#\/schema\/logo\/image\/"}}]}},"_links":{"self":[{"href":"https:\/\/www.purejewels.com\/tr\/wp-json\/wp\/v2\/product\/351625","targetHints":{"allow":["GET"]}}],"collection":[{"href":"https:\/\/www.purejewels.com\/tr\/wp-json\/wp\/v2\/product"}],"about":[{"href":"https:\/\/www.purejewels.com\/tr\/wp-json\/wp\/v2\/types\/product"}],"replies":[{"embeddable":true,"href":"https:\/\/www.purejewels.com\/tr\/wp-json\/wp\/v2\/comments?post=351625"}],"version-history":[{"count":4,"href":"https:\/\/www.purejewels.com\/tr\/wp-json\/wp\/v2\/product\/351625\/revisions"}],"predecessor-version":[{"id":428124,"href":"https:\/\/www.purejewels.com\/tr\/wp-json\/wp\/v2\/product\/351625\/revisions\/428124"}],"wp:featuredmedia":[{"embeddable":true,"href":"https:\/\/www.purejewels.com\/tr\/wp-json\/wp\/v2\/media\/366985"}],"wp:attachment":[{"href":"https:\/\/www.purejewels.com\/tr\/wp-json\/wp\/v2\/media?parent=351625"}],"wp:term":[{"taxonomy":"product_brand","embeddable":true,"href":"https:\/\/www.purejewels.com\/tr\/wp-json\/wp\/v2\/product_brand?post=351625"},{"taxonomy":"product_cat","embeddable":true,"href":"https:\/\/www.purejewels.com\/tr\/wp-json\/wp\/v2\/product_cat?post=351625"},{"taxonomy":"product_tag","embeddable":true,"href":"https:\/\/www.purejewels.com\/tr\/wp-json\/wp\/v2\/product_tag?post=351625"}],"curies":[{"name":"wp","href":"https:\/\/api.w.org\/{rel}","templated":true}]}}