{"id":351703,"date":"2023-09-25T12:59:44","date_gmt":"2023-09-25T11:59:44","guid":{"rendered":"https:\/\/www.purejewels.com\/?post_type=product&#038;p=351703"},"modified":"2026-02-26T13:09:36","modified_gmt":"2026-02-26T13:09:36","slug":"pirlanta-tenis-bilekligi-46045","status":"publish","type":"product","link":"https:\/\/www.purejewels.com\/tr\/product\/diamond-tennis-bracelet-46045\/","title":{"rendered":"P\u0131rlanta Tenis Bilezi\u011fi | 7 in\u00e7"},"content":{"rendered":"<ul>\n<li>SKU: 46045<\/li>\n<li><b>Seri Kimli\u011fi WDBR257<\/b><\/li>\n<li>Enfes \u00fcr\u00fcnlerimizle tan\u0131\u015f\u0131n <a href=\"https:\/\/www.purejewels.com\/tr\/product\/18ct-white-gold-diamond-ring-for-ladies-8775\/\">18 Ayar Beyaz Alt\u0131n<\/a> Elmas Tenis <a href=\"https:\/\/www.purejewels.com\/tr\/product-category\/22ct-gold-jewellery\/gold-bracelet\/\">Bilezik<\/a>zarafet ve l\u00fcks\u00fc zahmetsizce birle\u015ftiren zamans\u0131z bir par\u00e7a. Hassasiyetle haz\u0131rlanm\u0131\u015f ve par\u0131ldayan elmaslarla s\u00fcslenmi\u015f bu bileklik, bile\u011finizi e\u015fsiz bir g\u00fczellikle s\u00fcslemek i\u00e7in tasarlanm\u0131\u015ft\u0131r. \u00dcr\u00fcn \u00d6zellikleri:\n<ul>\n<li>Malzeme: \u015eundan \u00fcretilmi\u015ftir <a href=\"https:\/\/www.purejewels.com\/tr\/product\/18ct-white-gold-khanda-sikh-religious-pendant-6226\/\">18ct<\/a> beyaz alt\u0131n olan bu bileklik, her k\u0131yafeti tamamlayan parlak ve dayan\u0131kl\u0131 bir y\u00fczeye sahiptir. Y\u00fcksek kaliteli beyaz alt\u0131n ayar\u0131, g\u00f6z kama\u015ft\u0131r\u0131c\u0131 p\u0131rlantalar i\u00e7in m\u00fckemmel bir zemin sa\u011flar.<\/li>\n<li>Elmaslar: Bu bilezikte, her biri ola\u011fan\u00fcst\u00fc berrakl\u0131k, renk ve kesim \u00f6zellikleriyle \u00f6zenle se\u00e7ilmi\u015f parlak kesim, yuvarlak p\u0131rlantalar yer almaktad\u0131r. Toplam karat a\u011f\u0131rl\u0131\u011f\u0131 1,67 olan bu p\u0131rlantalar, g\u00f6ren herkesin dikkatini \u00e7ekecek b\u00fcy\u00fcleyici bir \u0131\u015f\u0131lt\u0131 yay\u0131yor.<\/li>\n<li>Uzunluk: 7 in\u00e7 uzunlu\u011fundaki bu tenis bilezi\u011fi \u00e7o\u011fu bile\u011fe rahat\u00e7a oturacak \u015fekilde tasarlanm\u0131\u015ft\u0131r, zarif bir \u015fekilde d\u00f6k\u00fcl\u00fcr ve g\u00f6r\u00fcn\u00fcm\u00fcn\u00fcze sofistike bir dokunu\u015f katar. G\u00fcvenli toka, g\u00fcvenli bir \u015fekilde sabitlenmesini sa\u011flar.<\/li>\n<li>\u00c7ok Y\u00f6nl\u00fc Stil: \u0130ster \u00f6zel bir g\u00fcn i\u00e7in giyiniyor olun ister g\u00fcnl\u00fck k\u0131yafetlerinize ihti\u015faml\u0131 bir dokunu\u015f kat\u0131yor olun, bu bilezik m\u00fckemmel bir se\u00e7imdir. Zamans\u0131z tasar\u0131m\u0131, onu tek ba\u015f\u0131na tak\u0131labilen veya ki\u015fiselle\u015ftirilmi\u015f bir g\u00f6r\u00fcn\u00fcm i\u00e7in di\u011fer bileziklerle katmanlanabilen \u00e7ok y\u00f6nl\u00fc bir aksesuar haline getirir.<\/li>\n<li>Hediye Edilmeye De\u011fer: G\u00fczel bir sunum kutusunda gelen bu zarif bileklik, do\u011fum g\u00fcnleri veya y\u0131ld\u00f6n\u00fcmleri gibi \u00f6zel g\u00fcnlerde sevdikleriniz i\u00e7in ideal bir hediye veya kal\u0131c\u0131 sevginizin bir sembol\u00fcd\u00fcr.<\/li>\n<\/ul>\n<p>18 Ayar Beyaz Alt\u0131n P\u0131rlanta Tenis Bilekli\u011fimizin zamans\u0131z g\u00fczelli\u011fi ve parlakl\u0131\u011f\u0131yla stilinizi y\u00fckseltin. \u0130ster gece d\u0131\u015far\u0131 \u00e7\u0131karken ister g\u00fcnl\u00fck bir aksesuar olarak tak\u0131n, bu par\u00e7a hi\u00e7 \u015f\u00fcphesiz m\u00fccevher koleksiyonunuzun de\u011ferli bir par\u00e7as\u0131 olacak. Her tak\u0131\u015f\u0131n\u0131zda sofistike ve \u015f\u0131k bir ifade yarat\u0131n. Siz de bug\u00fcn sipari\u015f verin ve klasik bir tasar\u0131mda hakiki p\u0131rlantan\u0131n cazibesini ya\u015fay\u0131n.<\/li>\n<\/ul>\n<p>&nbsp;<\/p>\n<p>&nbsp;<\/p>\n<p data-sourcepos=\"9:1-9:134\">","protected":false},"excerpt":{"rendered":"<table class=\"sh_desc\" style=\"width: 100%;height: 299px\">\n<tbody>\n<tr style=\"height: 28px\">\n<td style=\"height: 28px\">Bilezik T\u00fcr\u00fc<\/td>\n<td style=\"height: 28px\">Bayan Bileklik<\/td>\n<\/tr>\n<tr style=\"height: 28px\">\n<td style=\"height: 28px\">SKU<\/td>\n<td style=\"height: 28px\">46045<\/td>\n<\/tr>\n<tr style=\"height: 28px\">\n<td style=\"height: 28px\">A\u011f\u0131rl\u0131k<\/td>\n<td style=\"height: 28px\">9,3 Gms<\/td>\n<\/tr>\n<tr style=\"height: 28px\">\n<td style=\"height: 28px\">Metal<\/td>\n<td style=\"height: 28px\">18 Ayar Alt\u0131n<\/td>\n<\/tr>\n<tr style=\"height: 28px\">\n<td style=\"height: 28px\">Elmas<\/td>\n<td style=\"height: 28px\">A\u011f\u0131rl\u0131k 1.6ct Renk. G Berrakl\u0131k.  VS<\/p>\n<p>Sertifika ile birlikte gelir<\/td>\n<\/tr>\n<tr style=\"height: 28px\">\n<td style=\"height: 28px\">Uzunluk<\/td>\n<td style=\"height: 28px\">7 \u0130n\u00e7<\/td>\n<\/tr>\n<tr style=\"height: 28px\">\n<td style=\"height: 28px\">Cinsiyet<\/td>\n<td style=\"height: 28px\">Bayanlar<\/td>\n<\/tr>\n<tr style=\"height: 28px\">\n<td style=\"height: 28px\">\u00dccretler<\/td>\n<td style=\"height: 28px\">Teslimat ve KDV Dahil<\/td>\n<\/tr>\n<tr style=\"height: 28px\">\n<td style=\"height: 28px\">Paketleme<\/td>\n<td style=\"height: 28px\">Sunum Kutusu ile Birlikte Gelir<\/td>\n<\/tr>\n<tr style=\"height: 112px\">\n<td style=\"height: 47px\">Daha Fazla Bilgi<\/td>\n<td style=\"height: 47px\">M\u00fcsaitlik durumu ve daha fazla resim i\u00e7in bizimle canl\u0131 sohbet edin<\/td>\n<\/tr>\n<\/tbody>\n<\/table>","protected":false},"featured_media":351704,"comment_status":"closed","ping_status":"closed","template":"","meta":{"_eb_attr":"","_crsspst_to_jayantr4sg-hostcom":true},"product_brand":[],"product_cat":[6088,5679,1791,1559,5462,5457,1790,1324,6055,5348,1574],"product_tag":[],"class_list":{"0":"post-351703","1":"product","2":"type-product","3":"status-publish","4":"has-post-thumbnail","6":"product_cat-18ct-gold-bracelet","7":"product_cat-18ct-gold-jewellery","8":"product_cat-anniversary-gifts","9":"product_cat-birthday-gifts","10":"product_cat-diamond-bracelet","11":"product_cat-diamond-jewellery","12":"product_cat-for-whom-when","13":"product_cat-gold-bracelet","14":"product_cat-tennis","15":"product_cat-white-gold-jewellery","16":"product_cat-womens-jewellery","18":"first","19":"outofstock","20":"taxable","21":"shipping-taxable","22":"product-type-simple","23":"add-to-wishlist-before_image"},"yoast_head":"<!-- This site is optimized with the Yoast SEO plugin v27.3 - https:\/\/yoast.com\/product\/yoast-seo-wordpress\/ -->\n<title>18ct White Gold Diamond Tennis Bracelet | 7 inches | Purejewels<\/title>\n<meta name=\"description\" content=\"Buy this luxurious 18ct white gold diamond tennis bracelet. Featuring 7 inches of sparkling diamonds, this bracelet is sure to make a statement.\" \/>\n<meta name=\"robots\" content=\"index, follow, max-snippet:-1, max-image-preview:large, max-video-preview:-1\" \/>\n<link rel=\"canonical\" href=\"https:\/\/www.purejewels.com\/tr\/urun\/pirlanta-tenis-bilekligi-46045\/\" \/>\n<meta property=\"og:locale\" content=\"tr_TR\" \/>\n<meta property=\"og:type\" content=\"article\" \/>\n<meta property=\"og:title\" content=\"18ct White Gold Diamond Tennis Bracelet | 7 inches | Purejewels\" \/>\n<meta property=\"og:description\" content=\"Buy this luxurious 18ct white gold diamond tennis bracelet. Featuring 7 inches of sparkling diamonds, this bracelet is sure to make a statement.\" \/>\n<meta property=\"og:url\" content=\"https:\/\/www.purejewels.com\/tr\/urun\/pirlanta-tenis-bilekligi-46045\/\" \/>\n<meta property=\"og:site_name\" content=\"PureJewels UK\" \/>\n<meta property=\"article:modified_time\" content=\"2026-02-26T13:09:36+00:00\" \/>\n<meta property=\"og:image\" content=\"https:\/\/static.purejewels.com\/wp-content\/uploads\/2023\/09\/SKU-46045.png\" \/>\n\t<meta property=\"og:image:width\" content=\"1000\" \/>\n\t<meta property=\"og:image:height\" content=\"1000\" \/>\n\t<meta property=\"og:image:type\" content=\"image\/png\" \/>\n<meta name=\"twitter:card\" content=\"summary_large_image\" \/>\n<meta name=\"twitter:label1\" content=\"Tahmini okuma s\u00fcresi\" \/>\n\t<meta name=\"twitter:data1\" content=\"2 dakika\" \/>\n<script type=\"application\/ld+json\" class=\"yoast-schema-graph\">{\"@context\":\"https:\\\/\\\/schema.org\",\"@graph\":[{\"@type\":[\"WebPage\",\"ItemPage\"],\"@id\":\"https:\\\/\\\/www.purejewels.com\\\/product\\\/diamond-tennis-bracelet-46045\\\/\",\"url\":\"https:\\\/\\\/www.purejewels.com\\\/product\\\/diamond-tennis-bracelet-46045\\\/\",\"name\":\"18ct White Gold Diamond Tennis Bracelet | 7 inches | Purejewels\",\"isPartOf\":{\"@id\":\"https:\\\/\\\/www.purejewels.com\\\/#website\"},\"primaryImageOfPage\":{\"@id\":\"https:\\\/\\\/www.purejewels.com\\\/product\\\/diamond-tennis-bracelet-46045\\\/#primaryimage\"},\"image\":{\"@id\":\"https:\\\/\\\/www.purejewels.com\\\/product\\\/diamond-tennis-bracelet-46045\\\/#primaryimage\"},\"thumbnailUrl\":\"https:\\\/\\\/static.purejewels.com\\\/wp-content\\\/uploads\\\/2023\\\/09\\\/SKU-46045.png\",\"datePublished\":\"2023-09-25T11:59:44+00:00\",\"dateModified\":\"2026-02-26T13:09:36+00:00\",\"description\":\"Buy this luxurious 18ct white gold diamond tennis bracelet. Featuring 7 inches of sparkling diamonds, this bracelet is sure to make a statement.\",\"breadcrumb\":{\"@id\":\"https:\\\/\\\/www.purejewels.com\\\/product\\\/diamond-tennis-bracelet-46045\\\/#breadcrumb\"},\"inLanguage\":\"tr\",\"potentialAction\":[{\"@type\":\"ReadAction\",\"target\":[\"https:\\\/\\\/www.purejewels.com\\\/product\\\/diamond-tennis-bracelet-46045\\\/\"]}]},{\"@type\":\"ImageObject\",\"inLanguage\":\"tr\",\"@id\":\"https:\\\/\\\/www.purejewels.com\\\/product\\\/diamond-tennis-bracelet-46045\\\/#primaryimage\",\"url\":\"https:\\\/\\\/static.purejewels.com\\\/wp-content\\\/uploads\\\/2023\\\/09\\\/SKU-46045.png\",\"contentUrl\":\"https:\\\/\\\/static.purejewels.com\\\/wp-content\\\/uploads\\\/2023\\\/09\\\/SKU-46045.png\",\"width\":1000,\"height\":1000,\"caption\":\"Diamond Tennis Bracelet\"},{\"@type\":\"BreadcrumbList\",\"@id\":\"https:\\\/\\\/www.purejewels.com\\\/product\\\/diamond-tennis-bracelet-46045\\\/#breadcrumb\",\"itemListElement\":[{\"@type\":\"ListItem\",\"position\":1,\"name\":\"Home\",\"item\":\"https:\\\/\\\/www.purejewels.com\\\/\"},{\"@type\":\"ListItem\",\"position\":2,\"name\":\"Shop\",\"item\":\"https:\\\/\\\/www.purejewels.com\\\/shop\\\/\"},{\"@type\":\"ListItem\",\"position\":3,\"name\":\"Diamond Tennis Bracelet | 7 inches\"}]},{\"@type\":\"WebSite\",\"@id\":\"https:\\\/\\\/www.purejewels.com\\\/#website\",\"url\":\"https:\\\/\\\/www.purejewels.com\\\/\",\"name\":\"PureJewels UK\",\"description\":\"Share the Love\",\"publisher\":{\"@id\":\"https:\\\/\\\/www.purejewels.com\\\/#organization\"},\"potentialAction\":[{\"@type\":\"SearchAction\",\"target\":{\"@type\":\"EntryPoint\",\"urlTemplate\":\"https:\\\/\\\/www.purejewels.com\\\/?s={search_term_string}\"},\"query-input\":{\"@type\":\"PropertyValueSpecification\",\"valueRequired\":true,\"valueName\":\"search_term_string\"}}],\"inLanguage\":\"tr\"},{\"@type\":\"Organization\",\"@id\":\"https:\\\/\\\/www.purejewels.com\\\/#organization\",\"name\":\"PureJewels UK\",\"url\":\"https:\\\/\\\/www.purejewels.com\\\/\",\"logo\":{\"@type\":\"ImageObject\",\"inLanguage\":\"tr\",\"@id\":\"https:\\\/\\\/www.purejewels.com\\\/#\\\/schema\\\/logo\\\/image\\\/\",\"url\":\"https:\\\/\\\/static.purejewels.com\\\/wp-content\\\/uploads\\\/2020\\\/11\\\/Logo-PJ-New-1.png\",\"contentUrl\":\"https:\\\/\\\/static.purejewels.com\\\/wp-content\\\/uploads\\\/2020\\\/11\\\/Logo-PJ-New-1.png\",\"width\":150,\"height\":80,\"caption\":\"PureJewels UK\"},\"image\":{\"@id\":\"https:\\\/\\\/www.purejewels.com\\\/#\\\/schema\\\/logo\\\/image\\\/\"}}]}<\/script>\n<!-- \/ Yoast SEO plugin. -->","yoast_head_json":{"title":"18 Ayar Beyaz Alt\u0131n P\u0131rlanta Tenis Bilekli\u011fi | 7 in\u00e7 | Purejewels","description":"Bu l\u00fcks 18 ayar beyaz alt\u0131n p\u0131rlanta tenis bilezi\u011fini sat\u0131n al\u0131n. 7 in\u00e7lik \u0131\u015f\u0131lt\u0131l\u0131 p\u0131rlantalara sahip bu bileklik kesinlikle bir a\u00e7\u0131klama yapacak.","robots":{"index":"index","follow":"follow","max-snippet":"max-snippet:-1","max-image-preview":"max-image-preview:large","max-video-preview":"max-video-preview:-1"},"canonical":"https:\/\/www.purejewels.com\/tr\/urun\/pirlanta-tenis-bilekligi-46045\/","og_locale":"tr_TR","og_type":"article","og_title":"18ct White Gold Diamond Tennis Bracelet | 7 inches | Purejewels","og_description":"Buy this luxurious 18ct white gold diamond tennis bracelet. Featuring 7 inches of sparkling diamonds, this bracelet is sure to make a statement.","og_url":"https:\/\/www.purejewels.com\/tr\/urun\/pirlanta-tenis-bilekligi-46045\/","og_site_name":"PureJewels UK","article_modified_time":"2026-02-26T13:09:36+00:00","og_image":[{"width":1000,"height":1000,"url":"https:\/\/static.purejewels.com\/wp-content\/uploads\/2023\/09\/SKU-46045.png","type":"image\/png"}],"twitter_card":"summary_large_image","twitter_misc":{"Tahmini okuma s\u00fcresi":"2 dakika"},"schema":{"@context":"https:\/\/schema.org","@graph":[{"@type":["WebPage","ItemPage"],"@id":"https:\/\/www.purejewels.com\/product\/diamond-tennis-bracelet-46045\/","url":"https:\/\/www.purejewels.com\/product\/diamond-tennis-bracelet-46045\/","name":"18 Ayar Beyaz Alt\u0131n P\u0131rlanta Tenis Bilekli\u011fi | 7 in\u00e7 | Purejewels","isPartOf":{"@id":"https:\/\/www.purejewels.com\/#website"},"primaryImageOfPage":{"@id":"https:\/\/www.purejewels.com\/product\/diamond-tennis-bracelet-46045\/#primaryimage"},"image":{"@id":"https:\/\/www.purejewels.com\/product\/diamond-tennis-bracelet-46045\/#primaryimage"},"thumbnailUrl":"https:\/\/static.purejewels.com\/wp-content\/uploads\/2023\/09\/SKU-46045.png","datePublished":"2023-09-25T11:59:44+00:00","dateModified":"2026-02-26T13:09:36+00:00","description":"Bu l\u00fcks 18 ayar beyaz alt\u0131n p\u0131rlanta tenis bilezi\u011fini sat\u0131n al\u0131n. 7 in\u00e7lik \u0131\u015f\u0131lt\u0131l\u0131 p\u0131rlantalara sahip bu bileklik kesinlikle bir a\u00e7\u0131klama yapacak.","breadcrumb":{"@id":"https:\/\/www.purejewels.com\/product\/diamond-tennis-bracelet-46045\/#breadcrumb"},"inLanguage":"tr","potentialAction":[{"@type":"ReadAction","target":["https:\/\/www.purejewels.com\/product\/diamond-tennis-bracelet-46045\/"]}]},{"@type":"ImageObject","inLanguage":"tr","@id":"https:\/\/www.purejewels.com\/product\/diamond-tennis-bracelet-46045\/#primaryimage","url":"https:\/\/static.purejewels.com\/wp-content\/uploads\/2023\/09\/SKU-46045.png","contentUrl":"https:\/\/static.purejewels.com\/wp-content\/uploads\/2023\/09\/SKU-46045.png","width":1000,"height":1000,"caption":"Diamond Tennis Bracelet"},{"@type":"BreadcrumbList","@id":"https:\/\/www.purejewels.com\/product\/diamond-tennis-bracelet-46045\/#breadcrumb","itemListElement":[{"@type":"ListItem","position":1,"name":"Home","item":"https:\/\/www.purejewels.com\/"},{"@type":"ListItem","position":2,"name":"Shop","item":"https:\/\/www.purejewels.com\/shop\/"},{"@type":"ListItem","position":3,"name":"Diamond Tennis Bracelet | 7 inches"}]},{"@type":"WebSite","@id":"https:\/\/www.purejewels.com\/#website","url":"https:\/\/www.purejewels.com\/","name":"PureJewels \u0130ngiltere","description":"Sevgiyi Payla\u015f\u0131n","publisher":{"@id":"https:\/\/www.purejewels.com\/#organization"},"potentialAction":[{"@type":"SearchAction","target":{"@type":"EntryPoint","urlTemplate":"https:\/\/www.purejewels.com\/?s={search_term_string}"},"query-input":{"@type":"PropertyValueSpecification","valueRequired":true,"valueName":"search_term_string"}}],"inLanguage":"tr"},{"@type":"Organization","@id":"https:\/\/www.purejewels.com\/#organization","name":"PureJewels \u0130ngiltere","url":"https:\/\/www.purejewels.com\/","logo":{"@type":"ImageObject","inLanguage":"tr","@id":"https:\/\/www.purejewels.com\/#\/schema\/logo\/image\/","url":"https:\/\/static.purejewels.com\/wp-content\/uploads\/2020\/11\/Logo-PJ-New-1.png","contentUrl":"https:\/\/static.purejewels.com\/wp-content\/uploads\/2020\/11\/Logo-PJ-New-1.png","width":150,"height":80,"caption":"PureJewels UK"},"image":{"@id":"https:\/\/www.purejewels.com\/#\/schema\/logo\/image\/"}}]}},"_links":{"self":[{"href":"https:\/\/www.purejewels.com\/tr\/wp-json\/wp\/v2\/product\/351703","targetHints":{"allow":["GET"]}}],"collection":[{"href":"https:\/\/www.purejewels.com\/tr\/wp-json\/wp\/v2\/product"}],"about":[{"href":"https:\/\/www.purejewels.com\/tr\/wp-json\/wp\/v2\/types\/product"}],"replies":[{"embeddable":true,"href":"https:\/\/www.purejewels.com\/tr\/wp-json\/wp\/v2\/comments?post=351703"}],"version-history":[{"count":4,"href":"https:\/\/www.purejewels.com\/tr\/wp-json\/wp\/v2\/product\/351703\/revisions"}],"predecessor-version":[{"id":426380,"href":"https:\/\/www.purejewels.com\/tr\/wp-json\/wp\/v2\/product\/351703\/revisions\/426380"}],"wp:featuredmedia":[{"embeddable":true,"href":"https:\/\/www.purejewels.com\/tr\/wp-json\/wp\/v2\/media\/351704"}],"wp:attachment":[{"href":"https:\/\/www.purejewels.com\/tr\/wp-json\/wp\/v2\/media?parent=351703"}],"wp:term":[{"taxonomy":"product_brand","embeddable":true,"href":"https:\/\/www.purejewels.com\/tr\/wp-json\/wp\/v2\/product_brand?post=351703"},{"taxonomy":"product_cat","embeddable":true,"href":"https:\/\/www.purejewels.com\/tr\/wp-json\/wp\/v2\/product_cat?post=351703"},{"taxonomy":"product_tag","embeddable":true,"href":"https:\/\/www.purejewels.com\/tr\/wp-json\/wp\/v2\/product_tag?post=351703"}],"curies":[{"name":"wp","href":"https:\/\/api.w.org\/{rel}","templated":true}]}}