{"id":351915,"date":"2023-09-29T16:30:37","date_gmt":"2023-09-29T15:30:37","guid":{"rendered":"https:\/\/www.purejewels.com\/?post_type=product&#038;p=351915"},"modified":"2026-01-06T09:47:40","modified_gmt":"2026-01-06T09:47:40","slug":"22-ayar-altin-burma-bilezik-65-inc-45066","status":"publish","type":"product","link":"https:\/\/www.purejewels.com\/tr\/product\/22ct-gold-twisted-bracelet-6-5-inches-45066\/","title":{"rendered":"22 Ayar Alt\u0131n Burgulu Bileklik | 6,5 \u0130n\u00e7"},"content":{"rendered":"<ul>\n<li><b>Menzil kimli\u011fi.\u00a0 <\/b>YGBR013<\/li>\n<li>SKU 45066<\/li>\n<li>Zamans\u0131z cazibenin ve \u00e7a\u011fda\u015f sofistikeli\u011fin \u00f6z\u00fcn\u00fc ke\u015ffedin <a href=\"https:\/\/www.purejewels.com\/tr\/product\/22ct-gold-jali-filigree-ring-jali-collection-31926\/\">22ct<\/a> Alt\u0131n Burgulu Zincir Bayanlar <a href=\"https:\/\/www.purejewels.com\/tr\/product-category\/22ct-gold-jewellery\/gold-bracelet\/\">Bilezik<\/a>G\u00fcnl\u00fck gard\u0131robunuzu zahmetsizce tamamlamak i\u00e7in tasarlanm\u0131\u015ft\u0131r \u00dcr\u00fcn \u00d6zellikleri:\n<ol>\n<li><strong>Saf 22 ayar alt\u0131n:<\/strong> Bu bilezik, en \u00fcst d\u00fczey 22 ayar alt\u0131ndan titizlikle i\u015flenerek parlak ve kal\u0131c\u0131 bir y\u00fczey elde edilmesini sa\u011flar. Ola\u011fan\u00fcst\u00fc safl\u0131\u011f\u0131 sadece kal\u0131c\u0131 de\u011feri garanti etmekle kalmaz, ayn\u0131 zamanda onu de\u011ferli bir yadig\u00e2r par\u00e7as\u0131na d\u00f6n\u00fc\u015ft\u00fcr\u00fcr.<\/li>\n<li><strong>Zarif B\u00fck\u00fclm\u00fc\u015f Zincir:<\/strong> Bileklik, tak\u0131m\u0131n\u0131za sofistike ve bireysel bir hava katan benzersiz bir b\u00fck\u00fclm\u00fc\u015f zincir tasar\u0131m\u0131na sahiptir. Hem g\u00fcndelik hem de resmi k\u0131yafetlerle sorunsuz bir \u015fekilde uyum sa\u011flayan \u00e7ok y\u00f6nl\u00fc bir aksesuard\u0131r, bu da onu her etkinlik i\u00e7in \u00e7ok y\u00f6nl\u00fc bir se\u00e7im haline getirir.<\/li>\n<li><strong>G\u00fcnl\u00fck Giyim Konforu:<\/strong> G\u00fcnl\u00fck rahatl\u0131\u011f\u0131n\u0131z d\u00fc\u015f\u00fcn\u00fclerek tasarlanan bu bileklik, t\u00fcy kadar hafif ve g\u00f6ze batmayan yap\u0131s\u0131yla g\u00fcnl\u00fck kullan\u0131m i\u00e7in ideal bir arkada\u015ft\u0131r. Sizi a\u011f\u0131rla\u015ft\u0131rmadan g\u00f6r\u00fcn\u00fcm\u00fcn\u00fcz\u00fc zahmetsizce y\u00fckseltir.<\/li>\n<li><strong>G\u00fcvenli Sabitleme:<\/strong> G\u00fcvenilir bir toka ile donat\u0131lm\u0131\u015f olan bu bileklik, g\u00fcvenli bir uyum sa\u011flayarak g\u00fcn boyunca size g\u00f6n\u00fcl rahatl\u0131\u011f\u0131 ve sorunsuz bir rahatl\u0131k sunar.<\/li>\n<li><strong>Hediyeye De\u011fer Sunum:<\/strong> \u0130ster kendinizi \u015f\u0131mart\u0131n ister sevdi\u011finiz birini \u015fa\u015f\u0131rt\u0131n, bu bileklik zarif bir \u015fekilde paketlenmi\u015f olarak gelir ve do\u011fum g\u00fcnleri, y\u0131ld\u00f6n\u00fcmleri veya herhangi bir de\u011ferli durum i\u00e7in d\u00fc\u015f\u00fcnceli bir hediye olarak b\u00fcy\u00fclemeye haz\u0131rd\u0131r.<\/li>\n<\/ol>\n<p>G\u00fcnl\u00fck \u015f\u0131kl\u0131\u011f\u0131n\u0131z\u0131 22 Ayar Alt\u0131n Burgulu Zincirimiz ile y\u00fckseltin <a href=\"https:\/\/www.purejewels.com\/tr\/product-category\/22ct-gold-jewellery\/gold-bracelet\/ladies-bracelet\/\">Bayan Bileklik<\/a> - Zamans\u0131z g\u00fczelli\u011fin ve \u00e7a\u011fda\u015f zarafetin sembol\u00fc. Bir m\u00fccevherden \u00e7ok daha fazlas\u0131d\u0131r; kal\u0131c\u0131 tarz\u0131n\u0131z\u0131n ve sofistikeli\u011finizin bir simgesidir. Bile\u011finizi bu zarif par\u00e7ayla s\u00fcsleyin ve saf alt\u0131n\u0131n l\u00fcks\u00fcn\u00fcn tad\u0131n\u0131 \u00e7\u0131kar\u0131n. Onu g\u00fcnl\u00fck moda ifadenizin vazge\u00e7ilmezi haline getirme f\u0131rsat\u0131n\u0131 ka\u00e7\u0131rmay\u0131n. Sipari\u015finizi \u015fimdi verin.<\/li>\n<\/ul>","protected":false},"excerpt":{"rendered":"<div class=\"woocommerce-product-details__short-description\">\n<ul>\n<li>22ct Bayan Burgulu Bileklik<\/li>\n<li>Uzunluk 6,5 \u0130n\u00e7<\/li>\n<li>Kal\u0131nl\u0131k 3,3 mm<\/li>\n<li>A\u011f\u0131rl\u0131k 3,7 gms<\/li>\n<li>SKU 45066<\/li>\n<li>T\u00fcm fiyatlara KDV dahildir<\/li>\n<li>T\u00fcm \u00fcr\u00fcnlerimiz Londra Assay ofisi taraf\u0131ndan damgalanm\u0131\u015ft\u0131r<\/li>\n<li>Sunum kutusu ile birlikte gelir<\/li>\n<li>Teslimat Dahil<\/li>\n<li>\u00c7evrimi\u00e7i Diwali hediyesinin kullan\u0131labilirli\u011fi ve daha fazla resim ve fikir i\u00e7in bizimle canl\u0131 sohbet edin<\/li>\n<\/ul>\n<\/div>\n<div class=\"btn-atc atc-slide\"><\/div>\n<div class=\"product_meta\"><\/div>","protected":false},"featured_media":316967,"comment_status":"closed","ping_status":"closed","template":"","meta":{"_eb_attr":"","_crsspst_to_jayantr4sg-hostcom":false},"product_brand":[],"product_cat":[1791,1559,5676,1793,1324,1627,1575,1573,1574],"product_tag":[1430],"class_list":{"0":"post-351915","1":"product","2":"type-product","3":"status-publish","4":"has-post-thumbnail","6":"product_cat-anniversary-gifts","7":"product_cat-birthday-gifts","8":"product_cat-chain-bracelets-for-ladies","9":"product_cat-diwali-gifts","10":"product_cat-gold-bracelet","11":"product_cat-ladies-bracelet","12":"product_cat-teenage-jewellery","13":"product_cat-wedding-gifts","14":"product_cat-womens-jewellery","15":"product_tag-diwali-gift","17":"first","18":"outofstock","19":"taxable","20":"shipping-taxable","21":"product-type-simple","22":"add-to-wishlist-before_image"},"yoast_head":"<!-- This site is optimized with the Yoast SEO plugin v27.6 - https:\/\/yoast.com\/product\/yoast-seo-wordpress\/ -->\n<title>22ct Gold Twisted Chain Ladies Bracelet in London at Purejewels<\/title>\n<meta name=\"description\" content=\"Elevate your everyday elegance with our 22ct Gold Twisted Chain Ladies&#039; Bracelet \u2013 a symbol of timeless beauty and contemporary refinement\" \/>\n<meta name=\"robots\" content=\"index, follow, max-snippet:-1, max-image-preview:large, max-video-preview:-1\" \/>\n<link rel=\"canonical\" href=\"https:\/\/www.purejewels.com\/tr\/urun\/22-ayar-altin-burma-bilezik-65-inc-45066\/\" \/>\n<meta property=\"og:locale\" content=\"tr_TR\" \/>\n<meta property=\"og:type\" content=\"article\" \/>\n<meta property=\"og:title\" content=\"22ct Gold Twisted Chain Ladies Bracelet in London at Purejewels\" \/>\n<meta property=\"og:description\" content=\"Elevate your everyday elegance with our 22ct Gold Twisted Chain Ladies&#039; Bracelet \u2013 a symbol of timeless beauty and contemporary refinement\" \/>\n<meta property=\"og:url\" content=\"https:\/\/www.purejewels.com\/tr\/urun\/22-ayar-altin-burma-bilezik-65-inc-45066\/\" \/>\n<meta property=\"og:site_name\" content=\"PureJewels UK\" \/>\n<meta property=\"article:modified_time\" content=\"2026-01-06T09:47:40+00:00\" \/>\n<meta property=\"og:image\" content=\"https:\/\/www.purejewels.com\/wp-content\/uploads\/2020\/08\/image183463267.jpg\" \/>\n\t<meta property=\"og:image:width\" content=\"1000\" \/>\n\t<meta property=\"og:image:height\" content=\"1000\" \/>\n\t<meta property=\"og:image:type\" content=\"image\/jpeg\" \/>\n<meta name=\"twitter:card\" content=\"summary_large_image\" \/>\n<meta name=\"twitter:label1\" content=\"Tahmini okuma s\u00fcresi\" \/>\n\t<meta name=\"twitter:data1\" content=\"1 dakika\" \/>\n<script type=\"application\/ld+json\" class=\"yoast-schema-graph\">{\"@context\":\"https:\\\/\\\/schema.org\",\"@graph\":[{\"@type\":[\"WebPage\",\"ItemPage\"],\"@id\":\"https:\\\/\\\/www.purejewels.com\\\/product\\\/22ct-gold-twisted-bracelet-6-5-inches-45066\\\/\",\"url\":\"https:\\\/\\\/www.purejewels.com\\\/product\\\/22ct-gold-twisted-bracelet-6-5-inches-45066\\\/\",\"name\":\"22ct Gold Twisted Chain Ladies Bracelet in London at Purejewels\",\"isPartOf\":{\"@id\":\"https:\\\/\\\/www.purejewels.com\\\/#website\"},\"primaryImageOfPage\":{\"@id\":\"https:\\\/\\\/www.purejewels.com\\\/product\\\/22ct-gold-twisted-bracelet-6-5-inches-45066\\\/#primaryimage\"},\"image\":{\"@id\":\"https:\\\/\\\/www.purejewels.com\\\/product\\\/22ct-gold-twisted-bracelet-6-5-inches-45066\\\/#primaryimage\"},\"thumbnailUrl\":\"https:\\\/\\\/static.purejewels.com\\\/wp-content\\\/uploads\\\/2020\\\/08\\\/image183463267.jpg\",\"datePublished\":\"2023-09-29T15:30:37+00:00\",\"dateModified\":\"2026-01-06T09:47:40+00:00\",\"description\":\"Elevate your everyday elegance with our 22ct Gold Twisted Chain Ladies' Bracelet \u2013 a symbol of timeless beauty and contemporary refinement\",\"breadcrumb\":{\"@id\":\"https:\\\/\\\/www.purejewels.com\\\/product\\\/22ct-gold-twisted-bracelet-6-5-inches-45066\\\/#breadcrumb\"},\"inLanguage\":\"tr\",\"potentialAction\":[{\"@type\":\"ReadAction\",\"target\":[\"https:\\\/\\\/www.purejewels.com\\\/product\\\/22ct-gold-twisted-bracelet-6-5-inches-45066\\\/\"]}]},{\"@type\":\"ImageObject\",\"inLanguage\":\"tr\",\"@id\":\"https:\\\/\\\/www.purejewels.com\\\/product\\\/22ct-gold-twisted-bracelet-6-5-inches-45066\\\/#primaryimage\",\"url\":\"https:\\\/\\\/static.purejewels.com\\\/wp-content\\\/uploads\\\/2020\\\/08\\\/image183463267.jpg\",\"contentUrl\":\"https:\\\/\\\/static.purejewels.com\\\/wp-content\\\/uploads\\\/2020\\\/08\\\/image183463267.jpg\",\"width\":1000,\"height\":1000,\"caption\":\"22ct Gold Medium Narrow Twisted Chain Ladies Bracelet YGBR013\"},{\"@type\":\"BreadcrumbList\",\"@id\":\"https:\\\/\\\/www.purejewels.com\\\/product\\\/22ct-gold-twisted-bracelet-6-5-inches-45066\\\/#breadcrumb\",\"itemListElement\":[{\"@type\":\"ListItem\",\"position\":1,\"name\":\"Home\",\"item\":\"https:\\\/\\\/www.purejewels.com\\\/\"},{\"@type\":\"ListItem\",\"position\":2,\"name\":\"Shop\",\"item\":\"https:\\\/\\\/www.purejewels.com\\\/shop\\\/\"},{\"@type\":\"ListItem\",\"position\":3,\"name\":\"22ct Gold Twisted Bracelet | 6.5 Inches\"}]},{\"@type\":\"WebSite\",\"@id\":\"https:\\\/\\\/www.purejewels.com\\\/#website\",\"url\":\"https:\\\/\\\/www.purejewels.com\\\/\",\"name\":\"PureJewels UK\",\"description\":\"Share the Love\",\"publisher\":{\"@id\":\"https:\\\/\\\/www.purejewels.com\\\/#organization\"},\"potentialAction\":[{\"@type\":\"SearchAction\",\"target\":{\"@type\":\"EntryPoint\",\"urlTemplate\":\"https:\\\/\\\/www.purejewels.com\\\/?s={search_term_string}\"},\"query-input\":{\"@type\":\"PropertyValueSpecification\",\"valueRequired\":true,\"valueName\":\"search_term_string\"}}],\"inLanguage\":\"tr\"},{\"@type\":\"Organization\",\"@id\":\"https:\\\/\\\/www.purejewels.com\\\/#organization\",\"name\":\"PureJewels UK\",\"url\":\"https:\\\/\\\/www.purejewels.com\\\/\",\"logo\":{\"@type\":\"ImageObject\",\"inLanguage\":\"tr\",\"@id\":\"https:\\\/\\\/www.purejewels.com\\\/#\\\/schema\\\/logo\\\/image\\\/\",\"url\":\"https:\\\/\\\/static.purejewels.com\\\/wp-content\\\/uploads\\\/2020\\\/11\\\/Logo-PJ-New-1.png\",\"contentUrl\":\"https:\\\/\\\/static.purejewels.com\\\/wp-content\\\/uploads\\\/2020\\\/11\\\/Logo-PJ-New-1.png\",\"width\":150,\"height\":80,\"caption\":\"PureJewels UK\"},\"image\":{\"@id\":\"https:\\\/\\\/www.purejewels.com\\\/#\\\/schema\\\/logo\\\/image\\\/\"}}]}<\/script>\n<!-- \/ Yoast SEO plugin. -->","yoast_head_json":{"title":"Purejewels'te Londra'da 22 Ayar Alt\u0131n B\u00fck\u00fclm\u00fc\u015f Zincirli Bayan Bileklik","description":"Zamans\u0131z g\u00fczelli\u011fin ve \u00e7a\u011fda\u015f zarafetin sembol\u00fc olan 22 Ayar Alt\u0131n Burgulu Zincir Bayan Bilekli\u011fimizle g\u00fcnl\u00fck \u015f\u0131kl\u0131\u011f\u0131n\u0131z\u0131 art\u0131r\u0131n","robots":{"index":"index","follow":"follow","max-snippet":"max-snippet:-1","max-image-preview":"max-image-preview:large","max-video-preview":"max-video-preview:-1"},"canonical":"https:\/\/www.purejewels.com\/tr\/urun\/22-ayar-altin-burma-bilezik-65-inc-45066\/","og_locale":"tr_TR","og_type":"article","og_title":"22ct Gold Twisted Chain Ladies Bracelet in London at Purejewels","og_description":"Elevate your everyday elegance with our 22ct Gold Twisted Chain Ladies' Bracelet \u2013 a symbol of timeless beauty and contemporary refinement","og_url":"https:\/\/www.purejewels.com\/tr\/urun\/22-ayar-altin-burma-bilezik-65-inc-45066\/","og_site_name":"PureJewels UK","article_modified_time":"2026-01-06T09:47:40+00:00","og_image":[{"width":1000,"height":1000,"url":"https:\/\/www.purejewels.com\/wp-content\/uploads\/2020\/08\/image183463267.jpg","type":"image\/jpeg"}],"twitter_card":"summary_large_image","twitter_misc":{"Tahmini okuma s\u00fcresi":"1 dakika"},"schema":{"@context":"https:\/\/schema.org","@graph":[{"@type":["WebPage","ItemPage"],"@id":"https:\/\/www.purejewels.com\/product\/22ct-gold-twisted-bracelet-6-5-inches-45066\/","url":"https:\/\/www.purejewels.com\/product\/22ct-gold-twisted-bracelet-6-5-inches-45066\/","name":"Purejewels'te Londra'da 22 Ayar Alt\u0131n B\u00fck\u00fclm\u00fc\u015f Zincirli Bayan Bileklik","isPartOf":{"@id":"https:\/\/www.purejewels.com\/#website"},"primaryImageOfPage":{"@id":"https:\/\/www.purejewels.com\/product\/22ct-gold-twisted-bracelet-6-5-inches-45066\/#primaryimage"},"image":{"@id":"https:\/\/www.purejewels.com\/product\/22ct-gold-twisted-bracelet-6-5-inches-45066\/#primaryimage"},"thumbnailUrl":"https:\/\/static.purejewels.com\/wp-content\/uploads\/2020\/08\/image183463267.jpg","datePublished":"2023-09-29T15:30:37+00:00","dateModified":"2026-01-06T09:47:40+00:00","description":"Zamans\u0131z g\u00fczelli\u011fin ve \u00e7a\u011fda\u015f zarafetin sembol\u00fc olan 22 Ayar Alt\u0131n Burgulu Zincir Bayan Bilekli\u011fimizle g\u00fcnl\u00fck \u015f\u0131kl\u0131\u011f\u0131n\u0131z\u0131 art\u0131r\u0131n","breadcrumb":{"@id":"https:\/\/www.purejewels.com\/product\/22ct-gold-twisted-bracelet-6-5-inches-45066\/#breadcrumb"},"inLanguage":"tr","potentialAction":[{"@type":"ReadAction","target":["https:\/\/www.purejewels.com\/product\/22ct-gold-twisted-bracelet-6-5-inches-45066\/"]}]},{"@type":"ImageObject","inLanguage":"tr","@id":"https:\/\/www.purejewels.com\/product\/22ct-gold-twisted-bracelet-6-5-inches-45066\/#primaryimage","url":"https:\/\/static.purejewels.com\/wp-content\/uploads\/2020\/08\/image183463267.jpg","contentUrl":"https:\/\/static.purejewels.com\/wp-content\/uploads\/2020\/08\/image183463267.jpg","width":1000,"height":1000,"caption":"22ct Gold Medium Narrow Twisted Chain Ladies Bracelet YGBR013"},{"@type":"BreadcrumbList","@id":"https:\/\/www.purejewels.com\/product\/22ct-gold-twisted-bracelet-6-5-inches-45066\/#breadcrumb","itemListElement":[{"@type":"ListItem","position":1,"name":"Home","item":"https:\/\/www.purejewels.com\/"},{"@type":"ListItem","position":2,"name":"Shop","item":"https:\/\/www.purejewels.com\/shop\/"},{"@type":"ListItem","position":3,"name":"22ct Gold Twisted Bracelet | 6.5 Inches"}]},{"@type":"WebSite","@id":"https:\/\/www.purejewels.com\/#website","url":"https:\/\/www.purejewels.com\/","name":"PureJewels \u0130ngiltere","description":"Sevgiyi Payla\u015f\u0131n","publisher":{"@id":"https:\/\/www.purejewels.com\/#organization"},"potentialAction":[{"@type":"SearchAction","target":{"@type":"EntryPoint","urlTemplate":"https:\/\/www.purejewels.com\/?s={search_term_string}"},"query-input":{"@type":"PropertyValueSpecification","valueRequired":true,"valueName":"search_term_string"}}],"inLanguage":"tr"},{"@type":"Organization","@id":"https:\/\/www.purejewels.com\/#organization","name":"PureJewels \u0130ngiltere","url":"https:\/\/www.purejewels.com\/","logo":{"@type":"ImageObject","inLanguage":"tr","@id":"https:\/\/www.purejewels.com\/#\/schema\/logo\/image\/","url":"https:\/\/static.purejewels.com\/wp-content\/uploads\/2020\/11\/Logo-PJ-New-1.png","contentUrl":"https:\/\/static.purejewels.com\/wp-content\/uploads\/2020\/11\/Logo-PJ-New-1.png","width":150,"height":80,"caption":"PureJewels UK"},"image":{"@id":"https:\/\/www.purejewels.com\/#\/schema\/logo\/image\/"}}]}},"_links":{"self":[{"href":"https:\/\/www.purejewels.com\/tr\/wp-json\/wp\/v2\/product\/351915","targetHints":{"allow":["GET"]}}],"collection":[{"href":"https:\/\/www.purejewels.com\/tr\/wp-json\/wp\/v2\/product"}],"about":[{"href":"https:\/\/www.purejewels.com\/tr\/wp-json\/wp\/v2\/types\/product"}],"replies":[{"embeddable":true,"href":"https:\/\/www.purejewels.com\/tr\/wp-json\/wp\/v2\/comments?post=351915"}],"version-history":[{"count":0,"href":"https:\/\/www.purejewels.com\/tr\/wp-json\/wp\/v2\/product\/351915\/revisions"}],"wp:featuredmedia":[{"embeddable":true,"href":"https:\/\/www.purejewels.com\/tr\/wp-json\/wp\/v2\/media\/316967"}],"wp:attachment":[{"href":"https:\/\/www.purejewels.com\/tr\/wp-json\/wp\/v2\/media?parent=351915"}],"wp:term":[{"taxonomy":"product_brand","embeddable":true,"href":"https:\/\/www.purejewels.com\/tr\/wp-json\/wp\/v2\/product_brand?post=351915"},{"taxonomy":"product_cat","embeddable":true,"href":"https:\/\/www.purejewels.com\/tr\/wp-json\/wp\/v2\/product_cat?post=351915"},{"taxonomy":"product_tag","embeddable":true,"href":"https:\/\/www.purejewels.com\/tr\/wp-json\/wp\/v2\/product_tag?post=351915"}],"curies":[{"name":"wp","href":"https:\/\/api.w.org\/{rel}","templated":true}]}}