{"id":352115,"date":"2024-07-14T12:26:39","date_gmt":"2024-07-14T11:26:39","guid":{"rendered":"https:\/\/www.purejewels.com\/?post_type=product&#038;p=352115"},"modified":"2026-01-06T08:08:05","modified_gmt":"2026-01-06T08:08:05","slug":"22-ayar-altin-bas-harf-l-kolye-48443","status":"publish","type":"product","link":"https:\/\/www.purejewels.com\/tr\/product\/22ct-gold-initial-l-pendant-48443\/","title":{"rendered":"22 Ayar Alt\u0131n Ba\u015f Harfi L Kolye | Unisex"},"content":{"rendered":"<p data-start=\"0\" data-end=\"413\"><strong data-start=\"0\" data-end=\"10\">Tasar\u0131m<\/strong><br data-start=\"10\" data-end=\"13\" \/>Bu 22 ayar alt\u0131n L ba\u015f harfli kolye ucu, zarif bir <a href=\"https:\/\/www.purejewels.com\/tr\/personalised-gold-jewellery\/\">ki\u0307\u015fi\u0307selle\u015fti\u0307ri\u0307lmi\u0307\u015f m\u00fccevherler<\/a>, Hem modern hem de zamans\u0131z hissettiren temiz, iyi orant\u0131l\u0131 bir harf formu ile. P\u00fcr\u00fczs\u00fcz y\u00fczeyleri ve yumu\u015fak k\u0131vr\u0131mlar\u0131 \u0131\u015f\u0131\u011f\u0131 g\u00fczel bir \u015fekilde yakalayarak ba\u015f harfin a\u015f\u0131r\u0131 cesur hissettirmeden \u00f6ne \u00e7\u0131kmas\u0131n\u0131 sa\u011flar. Hem erkeklere hem de kad\u0131nlara uygun olarak tasarlanan bu harf, zahmetsiz ve g\u00fcnl\u00fck bir imza i\u00e7in favori zincirinize kolayca tak\u0131labilir.<\/p>\n<p data-start=\"415\" data-end=\"789\"><strong data-start=\"415\" data-end=\"432\"><a href=\"https:\/\/www.purejewels.com\/tr\/a-guide-to-die-stamping\/\">Zanaatkarl\u0131k<\/a><\/strong><br data-start=\"432\" data-end=\"435\" \/>Zengin 22 ayar sar\u0131 alt\u0131ndan \u00fcretilen kolye ucu, keskin kenarlar ve harfin netli\u011fini vurgulayan cilal\u0131 bir parlakl\u0131kla tamamlanm\u0131\u015ft\u0131r. Kefalet, \u00e7e\u015fitli zincir stilleri ve kal\u0131nl\u0131klar\u0131yla \u00e7al\u0131\u015facak \u015fekilde d\u00fc\u015f\u00fcnceli bir \u015fekilde boyutland\u0131r\u0131lm\u0131\u015ft\u0131r ve size onu nas\u0131l takaca\u011f\u0131n\u0131z konusunda esneklik sa\u011flar. Her bir par\u00e7a, alt\u0131n\u0131n safl\u0131\u011f\u0131n\u0131 ve orijinalli\u011fini belgelemek i\u00e7in \u0130ngiltere'de damgalanm\u0131\u015ft\u0131r.<\/p>\n<p data-start=\"791\" data-end=\"1183\" data-is-last-node=\"\" data-is-only-node=\"\"><strong data-start=\"791\" data-end=\"812\">\u015eekillendirme &amp; Hediyele\u015fme<\/strong><br data-start=\"812\" data-end=\"815\" \/>Bu L ba\u015f harfli kolyeyi ince, ki\u015fisel bir ayr\u0131nt\u0131 i\u00e7in ince bir zincir \u00fczerinde tek ba\u015f\u0131na tak\u0131n veya kendi hikayenizi olu\u015fturmak i\u00e7in di\u011fer tak\u0131lar ve kolyelerle katmanlay\u0131n. \u0130ster kullan\u0131c\u0131n\u0131n kendi ba\u015f harfini ister \u00f6zel birinin ba\u015f harfini se\u00e7in, do\u011fum g\u00fcnleri, mezuniyetler veya y\u0131ld\u00f6n\u00fcmleri i\u00e7in anlaml\u0131 bir hediye olacakt\u0131r. Eksiksiz, hediyeye haz\u0131r bir set olu\u015fturmak i\u00e7in koleksiyonumuzdan bir zincirle e\u015fle\u015ftirin.<\/p>","protected":false},"excerpt":{"rendered":"<table class=\"sh_desc\" style=\"width: 128.665%;\">\n<tbody>\n<tr>\n<td style=\"width: 28.1667%;\">Kolye Tipi<\/td>\n<td style=\"width: 100.333%;\">Initial Kolye Ucu<\/td>\n<\/tr>\n<tr>\n<td style=\"width: 28.1667%;\">SKU<\/td>\n<td style=\"width: 100.333%;\">48443<\/td>\n<\/tr>\n<tr>\n<td style=\"width: 28.1667%;\">A\u011f\u0131rl\u0131k<\/td>\n<td style=\"width: 100.333%;\">0.7 Gms<\/td>\n<\/tr>\n<tr>\n<td style=\"width: 28.1667%;\">Hallmark<\/td>\n<td style=\"width: 100.333%;\">Londra Tahlil Ofisi Taraf\u0131ndan Damgalanm\u0131\u015f 22 Ayar Alt\u0131n<\/td>\n<\/tr>\n<tr>\n<td style=\"width: 28.1667%;\">\u00dccretler<\/td>\n<td style=\"width: 100.333%;\">Teslimat ve KDV Dahil<\/td>\n<\/tr>\n<tr>\n<td style=\"width: 28.1667%;\">Paketleme<\/td>\n<td style=\"width: 100.333%;\">Sunum Kutusu ile Birlikte Gelir<\/td>\n<\/tr>\n<tr>\n<td style=\"width: 28.1667%;\">Daha Fazla Bilgi<\/td>\n<td style=\"width: 100.333%;\">\n<ul>\n<li>\u00a0T\u00fcm Alfabeler ma\u011fazada mevcuttur<\/li>\n<li>Zincir dahil de\u011fildir<\/li>\n<li>Bizim ke\u015ffedin<strong>\u00a0Zincir<\/strong>\u00a0Koleksiyon<\/li>\n<li>M\u00fcsaitlik durumu ve daha fazla resim i\u00e7in bizimle canl\u0131 sohbet edin<\/li>\n<\/ul>\n<\/td>\n<\/tr>\n<\/tbody>\n<\/table>","protected":false},"featured_media":367009,"comment_status":"closed","ping_status":"closed","template":"","meta":{"_eb_attr":"","_crsspst_to_jayantr4sg-hostcom":false},"product_brand":[],"product_cat":[1559,1576,1794,1793,1770,1229,1255,5598,5342,1767,1768,1575,1569,1574,5349],"product_tag":[],"class_list":{"0":"post-352115","1":"product","2":"type-product","3":"status-publish","4":"has-post-thumbnail","6":"product_cat-birthday-gifts","7":"product_cat-childrens-jewellery","8":"product_cat-christmas-gifts","9":"product_cat-diwali-gifts","10":"product_cat-fancy-pendants","11":"product_cat-22ct-gold-jewellery","12":"product_cat-gold-pendants","13":"product_cat-initial-pendant","14":"product_cat-jewellery-under-250","15":"product_cat-ladies-pendants","16":"product_cat-mens-pendants","17":"product_cat-teenage-jewellery","18":"product_cat-valentine-day-gifts","19":"product_cat-womens-jewellery","20":"product_cat-yellow-gold-jewellery","22":"first","23":"instock","24":"taxable","25":"shipping-taxable","26":"purchasable","27":"product-type-simple","28":"add-to-wishlist-before_image"},"yoast_head":"<!-- This site is optimized with the Yoast SEO plugin v27.6 - https:\/\/yoast.com\/product\/yoast-seo-wordpress\/ -->\n<title>22ct Gold L Initial Pendant - Elegance and Luxury, PureJewels UK<\/title>\n<meta name=\"description\" content=\"Order your 22ct Gold Alphabet Pendant for the letter L today and experience the difference for yourself! Free and fast UK Delivery\" \/>\n<meta name=\"robots\" content=\"index, follow, max-snippet:-1, max-image-preview:large, max-video-preview:-1\" \/>\n<link rel=\"canonical\" href=\"https:\/\/www.purejewels.com\/tr\/urun\/22-ayar-altin-bas-harf-l-kolye-48443\/\" \/>\n<meta property=\"og:locale\" content=\"tr_TR\" \/>\n<meta property=\"og:type\" content=\"article\" \/>\n<meta property=\"og:title\" content=\"22ct Gold L Initial Pendant - Elegance and Luxury, PureJewels UK\" \/>\n<meta property=\"og:description\" content=\"Order your 22ct Gold Alphabet Pendant for the letter L today and experience the difference for yourself! Free and fast UK Delivery\" \/>\n<meta property=\"og:url\" content=\"https:\/\/www.purejewels.com\/tr\/urun\/22-ayar-altin-bas-harf-l-kolye-48443\/\" \/>\n<meta property=\"og:site_name\" content=\"PureJewels UK\" \/>\n<meta property=\"article:modified_time\" content=\"2026-01-06T08:08:05+00:00\" \/>\n<meta property=\"og:image\" content=\"https:\/\/www.purejewels.com\/wp-content\/uploads\/2023\/01\/SKU-48443.png\" \/>\n\t<meta property=\"og:image:width\" content=\"1000\" \/>\n\t<meta property=\"og:image:height\" content=\"1000\" \/>\n\t<meta property=\"og:image:type\" content=\"image\/png\" \/>\n<meta name=\"twitter:card\" content=\"summary_large_image\" \/>\n<meta name=\"twitter:label1\" content=\"Tahmini okuma s\u00fcresi\" \/>\n\t<meta name=\"twitter:data1\" content=\"2 dakika\" \/>\n<script type=\"application\/ld+json\" class=\"yoast-schema-graph\">{\"@context\":\"https:\\\/\\\/schema.org\",\"@graph\":[{\"@type\":[\"WebPage\",\"ItemPage\"],\"@id\":\"https:\\\/\\\/www.purejewels.com\\\/product\\\/22ct-gold-initial-l-pendant-48443\\\/\",\"url\":\"https:\\\/\\\/www.purejewels.com\\\/product\\\/22ct-gold-initial-l-pendant-48443\\\/\",\"name\":\"22ct Gold L Initial Pendant - Elegance and Luxury, PureJewels UK\",\"isPartOf\":{\"@id\":\"https:\\\/\\\/www.purejewels.com\\\/#website\"},\"primaryImageOfPage\":{\"@id\":\"https:\\\/\\\/www.purejewels.com\\\/product\\\/22ct-gold-initial-l-pendant-48443\\\/#primaryimage\"},\"image\":{\"@id\":\"https:\\\/\\\/www.purejewels.com\\\/product\\\/22ct-gold-initial-l-pendant-48443\\\/#primaryimage\"},\"thumbnailUrl\":\"https:\\\/\\\/static.purejewels.com\\\/wp-content\\\/uploads\\\/2023\\\/01\\\/SKU-48443.png\",\"datePublished\":\"2024-07-14T11:26:39+00:00\",\"dateModified\":\"2026-01-06T08:08:05+00:00\",\"description\":\"Order your 22ct Gold Alphabet Pendant for the letter L today and experience the difference for yourself! Free and fast UK Delivery\",\"breadcrumb\":{\"@id\":\"https:\\\/\\\/www.purejewels.com\\\/product\\\/22ct-gold-initial-l-pendant-48443\\\/#breadcrumb\"},\"inLanguage\":\"tr\",\"potentialAction\":[{\"@type\":\"ReadAction\",\"target\":[\"https:\\\/\\\/www.purejewels.com\\\/product\\\/22ct-gold-initial-l-pendant-48443\\\/\"]}]},{\"@type\":\"ImageObject\",\"inLanguage\":\"tr\",\"@id\":\"https:\\\/\\\/www.purejewels.com\\\/product\\\/22ct-gold-initial-l-pendant-48443\\\/#primaryimage\",\"url\":\"https:\\\/\\\/static.purejewels.com\\\/wp-content\\\/uploads\\\/2023\\\/01\\\/SKU-48443.png\",\"contentUrl\":\"https:\\\/\\\/static.purejewels.com\\\/wp-content\\\/uploads\\\/2023\\\/01\\\/SKU-48443.png\",\"width\":1000,\"height\":1000,\"caption\":\"22ct Gold Pendant\"},{\"@type\":\"BreadcrumbList\",\"@id\":\"https:\\\/\\\/www.purejewels.com\\\/product\\\/22ct-gold-initial-l-pendant-48443\\\/#breadcrumb\",\"itemListElement\":[{\"@type\":\"ListItem\",\"position\":1,\"name\":\"Home\",\"item\":\"https:\\\/\\\/www.purejewels.com\\\/\"},{\"@type\":\"ListItem\",\"position\":2,\"name\":\"Shop\",\"item\":\"https:\\\/\\\/www.purejewels.com\\\/shop\\\/\"},{\"@type\":\"ListItem\",\"position\":3,\"name\":\"22ct Gold Initial L Pendant | Unisex\"}]},{\"@type\":\"WebSite\",\"@id\":\"https:\\\/\\\/www.purejewels.com\\\/#website\",\"url\":\"https:\\\/\\\/www.purejewels.com\\\/\",\"name\":\"PureJewels UK\",\"description\":\"Share the Love\",\"publisher\":{\"@id\":\"https:\\\/\\\/www.purejewels.com\\\/#organization\"},\"potentialAction\":[{\"@type\":\"SearchAction\",\"target\":{\"@type\":\"EntryPoint\",\"urlTemplate\":\"https:\\\/\\\/www.purejewels.com\\\/?s={search_term_string}\"},\"query-input\":{\"@type\":\"PropertyValueSpecification\",\"valueRequired\":true,\"valueName\":\"search_term_string\"}}],\"inLanguage\":\"tr\"},{\"@type\":\"Organization\",\"@id\":\"https:\\\/\\\/www.purejewels.com\\\/#organization\",\"name\":\"PureJewels UK\",\"url\":\"https:\\\/\\\/www.purejewels.com\\\/\",\"logo\":{\"@type\":\"ImageObject\",\"inLanguage\":\"tr\",\"@id\":\"https:\\\/\\\/www.purejewels.com\\\/#\\\/schema\\\/logo\\\/image\\\/\",\"url\":\"https:\\\/\\\/static.purejewels.com\\\/wp-content\\\/uploads\\\/2020\\\/11\\\/Logo-PJ-New-1.png\",\"contentUrl\":\"https:\\\/\\\/static.purejewels.com\\\/wp-content\\\/uploads\\\/2020\\\/11\\\/Logo-PJ-New-1.png\",\"width\":150,\"height\":80,\"caption\":\"PureJewels UK\"},\"image\":{\"@id\":\"https:\\\/\\\/www.purejewels.com\\\/#\\\/schema\\\/logo\\\/image\\\/\"}}]}<\/script>\n<!-- \/ Yoast SEO plugin. -->","yoast_head_json":{"title":"22 Ayar Alt\u0131n L Harfli Kolye Ucu - \u015e\u0131kl\u0131k ve L\u00fcks, PureJewels UK","description":"L harfi i\u00e7in 22 Ayar Alt\u0131n Alfabe Kolyenizi bug\u00fcn sipari\u015f edin ve fark\u0131 kendiniz deneyimleyin! \u00dccretsiz ve h\u0131zl\u0131 \u0130ngiltere Teslimat\u0131","robots":{"index":"index","follow":"follow","max-snippet":"max-snippet:-1","max-image-preview":"max-image-preview:large","max-video-preview":"max-video-preview:-1"},"canonical":"https:\/\/www.purejewels.com\/tr\/urun\/22-ayar-altin-bas-harf-l-kolye-48443\/","og_locale":"tr_TR","og_type":"article","og_title":"22ct Gold L Initial Pendant - Elegance and Luxury, PureJewels UK","og_description":"Order your 22ct Gold Alphabet Pendant for the letter L today and experience the difference for yourself! Free and fast UK Delivery","og_url":"https:\/\/www.purejewels.com\/tr\/urun\/22-ayar-altin-bas-harf-l-kolye-48443\/","og_site_name":"PureJewels UK","article_modified_time":"2026-01-06T08:08:05+00:00","og_image":[{"width":1000,"height":1000,"url":"https:\/\/www.purejewels.com\/wp-content\/uploads\/2023\/01\/SKU-48443.png","type":"image\/png"}],"twitter_card":"summary_large_image","twitter_misc":{"Tahmini okuma s\u00fcresi":"2 dakika"},"schema":{"@context":"https:\/\/schema.org","@graph":[{"@type":["WebPage","ItemPage"],"@id":"https:\/\/www.purejewels.com\/product\/22ct-gold-initial-l-pendant-48443\/","url":"https:\/\/www.purejewels.com\/product\/22ct-gold-initial-l-pendant-48443\/","name":"22 Ayar Alt\u0131n L Harfli Kolye Ucu - \u015e\u0131kl\u0131k ve L\u00fcks, PureJewels UK","isPartOf":{"@id":"https:\/\/www.purejewels.com\/#website"},"primaryImageOfPage":{"@id":"https:\/\/www.purejewels.com\/product\/22ct-gold-initial-l-pendant-48443\/#primaryimage"},"image":{"@id":"https:\/\/www.purejewels.com\/product\/22ct-gold-initial-l-pendant-48443\/#primaryimage"},"thumbnailUrl":"https:\/\/static.purejewels.com\/wp-content\/uploads\/2023\/01\/SKU-48443.png","datePublished":"2024-07-14T11:26:39+00:00","dateModified":"2026-01-06T08:08:05+00:00","description":"L harfi i\u00e7in 22 Ayar Alt\u0131n Alfabe Kolyenizi bug\u00fcn sipari\u015f edin ve fark\u0131 kendiniz deneyimleyin! \u00dccretsiz ve h\u0131zl\u0131 \u0130ngiltere Teslimat\u0131","breadcrumb":{"@id":"https:\/\/www.purejewels.com\/product\/22ct-gold-initial-l-pendant-48443\/#breadcrumb"},"inLanguage":"tr","potentialAction":[{"@type":"ReadAction","target":["https:\/\/www.purejewels.com\/product\/22ct-gold-initial-l-pendant-48443\/"]}]},{"@type":"ImageObject","inLanguage":"tr","@id":"https:\/\/www.purejewels.com\/product\/22ct-gold-initial-l-pendant-48443\/#primaryimage","url":"https:\/\/static.purejewels.com\/wp-content\/uploads\/2023\/01\/SKU-48443.png","contentUrl":"https:\/\/static.purejewels.com\/wp-content\/uploads\/2023\/01\/SKU-48443.png","width":1000,"height":1000,"caption":"22ct Gold Pendant"},{"@type":"BreadcrumbList","@id":"https:\/\/www.purejewels.com\/product\/22ct-gold-initial-l-pendant-48443\/#breadcrumb","itemListElement":[{"@type":"ListItem","position":1,"name":"Home","item":"https:\/\/www.purejewels.com\/"},{"@type":"ListItem","position":2,"name":"Shop","item":"https:\/\/www.purejewels.com\/shop\/"},{"@type":"ListItem","position":3,"name":"22ct Gold Initial L Pendant | Unisex"}]},{"@type":"WebSite","@id":"https:\/\/www.purejewels.com\/#website","url":"https:\/\/www.purejewels.com\/","name":"PureJewels \u0130ngiltere","description":"Sevgiyi Payla\u015f\u0131n","publisher":{"@id":"https:\/\/www.purejewels.com\/#organization"},"potentialAction":[{"@type":"SearchAction","target":{"@type":"EntryPoint","urlTemplate":"https:\/\/www.purejewels.com\/?s={search_term_string}"},"query-input":{"@type":"PropertyValueSpecification","valueRequired":true,"valueName":"search_term_string"}}],"inLanguage":"tr"},{"@type":"Organization","@id":"https:\/\/www.purejewels.com\/#organization","name":"PureJewels \u0130ngiltere","url":"https:\/\/www.purejewels.com\/","logo":{"@type":"ImageObject","inLanguage":"tr","@id":"https:\/\/www.purejewels.com\/#\/schema\/logo\/image\/","url":"https:\/\/static.purejewels.com\/wp-content\/uploads\/2020\/11\/Logo-PJ-New-1.png","contentUrl":"https:\/\/static.purejewels.com\/wp-content\/uploads\/2020\/11\/Logo-PJ-New-1.png","width":150,"height":80,"caption":"PureJewels UK"},"image":{"@id":"https:\/\/www.purejewels.com\/#\/schema\/logo\/image\/"}}]}},"_links":{"self":[{"href":"https:\/\/www.purejewels.com\/tr\/wp-json\/wp\/v2\/product\/352115","targetHints":{"allow":["GET"]}}],"collection":[{"href":"https:\/\/www.purejewels.com\/tr\/wp-json\/wp\/v2\/product"}],"about":[{"href":"https:\/\/www.purejewels.com\/tr\/wp-json\/wp\/v2\/types\/product"}],"replies":[{"embeddable":true,"href":"https:\/\/www.purejewels.com\/tr\/wp-json\/wp\/v2\/comments?post=352115"}],"version-history":[{"count":4,"href":"https:\/\/www.purejewels.com\/tr\/wp-json\/wp\/v2\/product\/352115\/revisions"}],"predecessor-version":[{"id":420650,"href":"https:\/\/www.purejewels.com\/tr\/wp-json\/wp\/v2\/product\/352115\/revisions\/420650"}],"wp:featuredmedia":[{"embeddable":true,"href":"https:\/\/www.purejewels.com\/tr\/wp-json\/wp\/v2\/media\/367009"}],"wp:attachment":[{"href":"https:\/\/www.purejewels.com\/tr\/wp-json\/wp\/v2\/media?parent=352115"}],"wp:term":[{"taxonomy":"product_brand","embeddable":true,"href":"https:\/\/www.purejewels.com\/tr\/wp-json\/wp\/v2\/product_brand?post=352115"},{"taxonomy":"product_cat","embeddable":true,"href":"https:\/\/www.purejewels.com\/tr\/wp-json\/wp\/v2\/product_cat?post=352115"},{"taxonomy":"product_tag","embeddable":true,"href":"https:\/\/www.purejewels.com\/tr\/wp-json\/wp\/v2\/product_tag?post=352115"}],"curies":[{"name":"wp","href":"https:\/\/api.w.org\/{rel}","templated":true}]}}