{"id":352842,"date":"2024-05-26T06:13:14","date_gmt":"2024-05-26T05:13:14","guid":{"rendered":"https:\/\/www.purejewels.com\/?post_type=product&#038;p=352842"},"modified":"2026-01-07T06:26:52","modified_gmt":"2026-01-07T06:26:52","slug":"22-ayar-altin-kokteyl-ayarlanabilir-armari-koleksiyon-yuzuk-46747","status":"publish","type":"product","link":"https:\/\/www.purejewels.com\/tr\/product\/22ct-gold-cocktail-adjustable-armari-collection-ring-46747\/","title":{"rendered":"22 Ayar Alt\u0131n Kokteyl Ayarlanabilir Armari Koleksiyonu Y\u00fcz\u00fck"},"content":{"rendered":"<h2 class=\"\" data-sourcepos=\"1:1-1:50\">Armari Koleksiyonu: 22 Ayar Alt\u0131nda Korkusuz L\u00fcks<\/h2>\n<p data-sourcepos=\"3:1-3:98\"><strong>Dikkatleri \u00fczerinize \u00e7ekin ve i\u00e7inizdeki ate\u015fi a\u00e7\u0131\u011fa \u00e7\u0131kar\u0131n<\/strong> Armari Koleksiyonu'ndan bu \u00e7arp\u0131c\u0131 kokteyl y\u00fcz\u00fc\u011f\u00fc ile. B\u00fcy\u00fcleyici bir antik kaplamaya sahip zengin 22 ayar alt\u0131ndan \u00fcretilen bu y\u00fcz\u00fck, koleksiyonun korkusuz bireysellik ruhunu yans\u0131t\u0131yor.<\/p>\n<p data-sourcepos=\"5:1-5:25\">Y\u00fcz\u00fc\u011f\u00fcn \u00fczerinde bir <strong>kabartmal\u0131 tasar\u0131m<\/strong>Koleksiyonun cesur ifadeler ve sars\u0131lmaz g\u00fcven temas\u0131n\u0131 yans\u0131tan, derinlik ve doku katan titiz bir teknik. Bu e\u015fsiz <a href=\"https:\/\/www.purejewels.com\/tr\/a-guide-to-die-stamping\/\">zanaatkarl\u0131k<\/a> sizi di\u011ferlerinden ay\u0131ran g\u00f6rsel olarak \u00e7arp\u0131c\u0131 bir par\u00e7a olu\u015fturur.<\/p>\n<p data-sourcepos=\"7:1-7:135\">Ancak korkusuzluk rahatl\u0131ktan \u00f6d\u00fcn vermemelidir. Bu kokteyl y\u00fcz\u00fc\u011f\u00fc, her parma\u011fa m\u00fckemmel uyum sa\u011flayacak \u015fekilde ayarlanabilir olarak ak\u0131ll\u0131ca tasarlanm\u0131\u015ft\u0131r.<\/p>\n<p data-sourcepos=\"9:1-9:244\"><strong>Bir aksesuardan \u00e7ok daha fazlas\u0131 olan bu y\u00fcz\u00fck, g\u00fcc\u00fcn\u00fcz\u00fcn ve bireyselli\u011finizin sembol\u00fcd\u00fcr.<\/strong> Spot \u0131\u015f\u0131\u011f\u0131n\u0131 kucaklay\u0131n ve her k\u0131yafete zamans\u0131z bir zarafet kat\u0131n. Armari Koleksiyonu'nun kokteyl y\u00fcz\u00fc\u011f\u00fc ke\u015ffedilmeyi bekleyen bir hazinedir.<\/p>","protected":false},"excerpt":{"rendered":"<table style=\"border-collapse: collapse; width: 100%; height: 196px;\">\n<tbody>\n<tr style=\"height: 28px;\">\n<td style=\"width: 28.1667%; height: 28px;\">Y\u00fcz\u00fck Tipi<\/td>\n<td style=\"width: 71.8333%; height: 28px;\">22 Ayar Alt\u0131n Bayan Y\u00fcz\u00fck<\/td>\n<\/tr>\n<tr style=\"height: 28px;\">\n<td style=\"width: 28.1667%; height: 28px;\">SKU<\/td>\n<td style=\"width: 71.8333%; height: 28px;\">46747<\/td>\n<\/tr>\n<tr style=\"height: 28px;\">\n<td style=\"width: 28.1667%; height: 28px;\">A\u011f\u0131rl\u0131k<\/td>\n<td style=\"width: 71.8333%; height: 28px;\">7,9 gms<\/td>\n<\/tr>\n<tr style=\"height: 28px;\">\n<td style=\"width: 28.1667%; height: 28px;\">Geni\u015flik<\/td>\n<td style=\"width: 71.8333%; height: 28px;\">25 mm<\/td>\n<\/tr>\n<tr style=\"height: 28px;\">\n<td style=\"width: 28.1667%; height: 28px;\">Y\u00fcz\u00fck \u00d6l\u00e7\u00fcs\u00fc<\/td>\n<td style=\"width: 71.8333%; height: 28px;\">Ayarlanabilir<\/td>\n<\/tr>\n<tr style=\"height: 28px;\">\n<td style=\"width: 28.1667%; height: 28px;\">\u00dccretler<\/td>\n<td style=\"width: 71.8333%; height: 28px;\">Teslimat ve KDV Dahil<\/td>\n<\/tr>\n<tr style=\"height: 28px;\">\n<td style=\"width: 28.1667%; height: 28px;\">Paketleme<\/td>\n<td style=\"width: 71.8333%; height: 28px;\">Sunum Kutusu ile Birlikte Gelir<\/td>\n<\/tr>\n<tr>\n<td style=\"width: 28.1667%;\">Daha Fazla Bilgi<\/td>\n<td style=\"width: 71.8333%;\">\n<ul>\n<li>M\u00fccevherler i\u00e7in diwali hediye fikirleri i\u00e7in kullan\u0131labilirlik ve daha fazla resim i\u00e7in bizimle canl\u0131 sohbet edin<\/li>\n<li>Kontrol Etmek \u0130\u00e7in Buraya T\u0131klay\u0131n\u00a0<strong>Y\u00fcz\u00fck \u00d6l\u00e7\u00fcs\u00fc<\/strong><\/li>\n<\/ul>\n<\/td>\n<\/tr>\n<\/tbody>\n<\/table>\n<p>&nbsp;<\/p>","protected":false},"featured_media":353001,"comment_status":"closed","ping_status":"closed","template":"","meta":{"_eb_attr":"","_crsspst_to_jayantr4sg-hostcom":false},"product_brand":[],"product_cat":[1791,6159,245,5642,6041,236,1793,5701,5370,1229,1235,1783,1786,1573,1574],"product_tag":[1430,64],"class_list":{"0":"post-352842","1":"product","2":"type-product","3":"status-publish","4":"has-post-thumbnail","6":"product_cat-anniversary-gifts","7":"product_cat-armari-cocktail-ring","8":"product_cat-armari-collections","9":"product_cat-armari-ring","10":"product_cat-cocktail-ring","11":"product_cat-collections","12":"product_cat-diwali-gifts","13":"product_cat-eid-jewellery","14":"product_cat-ethnic-jewellery","15":"product_cat-22ct-gold-jewellery","16":"product_cat-gold-rings","17":"product_cat-ladies-rings","18":"product_cat-occasional-wear-rings","19":"product_cat-wedding-gifts","20":"product_cat-womens-jewellery","21":"product_tag-diwali-gift","22":"product_tag-rings","24":"first","25":"outofstock","26":"taxable","27":"shipping-taxable","28":"product-type-simple","29":"add-to-wishlist-before_image"},"yoast_head":"<!-- This site is optimized with the Yoast SEO plugin v27.5 - https:\/\/yoast.com\/product\/yoast-seo-wordpress\/ -->\n<title>Adjustable Cocktail Ring in 22ct Gold | PureJewels, UK<\/title>\n<meta name=\"description\" content=\"Add a touch of luxury with this 22ct Gold Cocktail Adjustable Ring from Armari Collection. Order online for free UK delivery.\" \/>\n<meta name=\"robots\" content=\"index, follow, max-snippet:-1, max-image-preview:large, max-video-preview:-1\" \/>\n<link rel=\"canonical\" href=\"https:\/\/www.purejewels.com\/tr\/urun\/22-ayar-altin-kokteyl-ayarlanabilir-armari-koleksiyon-yuzuk-46747\/\" \/>\n<meta property=\"og:locale\" content=\"tr_TR\" \/>\n<meta property=\"og:type\" content=\"article\" \/>\n<meta property=\"og:title\" content=\"Adjustable Cocktail Ring in 22ct Gold | PureJewels, UK\" \/>\n<meta property=\"og:description\" content=\"Add a touch of luxury with this 22ct Gold Cocktail Adjustable Ring from Armari Collection. Order online for free UK delivery.\" \/>\n<meta property=\"og:url\" content=\"https:\/\/www.purejewels.com\/tr\/urun\/22-ayar-altin-kokteyl-ayarlanabilir-armari-koleksiyon-yuzuk-46747\/\" \/>\n<meta property=\"og:site_name\" content=\"PureJewels UK\" \/>\n<meta property=\"article:modified_time\" content=\"2026-01-07T06:26:52+00:00\" \/>\n<meta property=\"og:image\" content=\"https:\/\/www.purejewels.com\/wp-content\/uploads\/2023\/10\/46747-Final.jpg\" \/>\n\t<meta property=\"og:image:width\" content=\"1000\" \/>\n\t<meta property=\"og:image:height\" content=\"1000\" \/>\n\t<meta property=\"og:image:type\" content=\"image\/jpeg\" \/>\n<meta name=\"twitter:card\" content=\"summary_large_image\" \/>\n<meta name=\"twitter:label1\" content=\"Tahmini okuma s\u00fcresi\" \/>\n\t<meta name=\"twitter:data1\" content=\"1 dakika\" \/>\n<script type=\"application\/ld+json\" class=\"yoast-schema-graph\">{\"@context\":\"https:\\\/\\\/schema.org\",\"@graph\":[{\"@type\":[\"WebPage\",\"ItemPage\"],\"@id\":\"https:\\\/\\\/www.purejewels.com\\\/product\\\/22ct-gold-cocktail-adjustable-armari-collection-ring-46747\\\/\",\"url\":\"https:\\\/\\\/www.purejewels.com\\\/product\\\/22ct-gold-cocktail-adjustable-armari-collection-ring-46747\\\/\",\"name\":\"Adjustable Cocktail Ring in 22ct Gold | PureJewels, UK\",\"isPartOf\":{\"@id\":\"https:\\\/\\\/www.purejewels.com\\\/#website\"},\"primaryImageOfPage\":{\"@id\":\"https:\\\/\\\/www.purejewels.com\\\/product\\\/22ct-gold-cocktail-adjustable-armari-collection-ring-46747\\\/#primaryimage\"},\"image\":{\"@id\":\"https:\\\/\\\/www.purejewels.com\\\/product\\\/22ct-gold-cocktail-adjustable-armari-collection-ring-46747\\\/#primaryimage\"},\"thumbnailUrl\":\"https:\\\/\\\/static.purejewels.com\\\/wp-content\\\/uploads\\\/2023\\\/10\\\/46747-Final.jpg\",\"datePublished\":\"2024-05-26T05:13:14+00:00\",\"dateModified\":\"2026-01-07T06:26:52+00:00\",\"description\":\"Add a touch of luxury with this 22ct Gold Cocktail Adjustable Ring from Armari Collection. Order online for free UK delivery.\",\"breadcrumb\":{\"@id\":\"https:\\\/\\\/www.purejewels.com\\\/product\\\/22ct-gold-cocktail-adjustable-armari-collection-ring-46747\\\/#breadcrumb\"},\"inLanguage\":\"tr\",\"potentialAction\":[{\"@type\":\"ReadAction\",\"target\":[\"https:\\\/\\\/www.purejewels.com\\\/product\\\/22ct-gold-cocktail-adjustable-armari-collection-ring-46747\\\/\"]}]},{\"@type\":\"ImageObject\",\"inLanguage\":\"tr\",\"@id\":\"https:\\\/\\\/www.purejewels.com\\\/product\\\/22ct-gold-cocktail-adjustable-armari-collection-ring-46747\\\/#primaryimage\",\"url\":\"https:\\\/\\\/static.purejewels.com\\\/wp-content\\\/uploads\\\/2023\\\/10\\\/46747-Final.jpg\",\"contentUrl\":\"https:\\\/\\\/static.purejewels.com\\\/wp-content\\\/uploads\\\/2023\\\/10\\\/46747-Final.jpg\",\"width\":1000,\"height\":1000,\"caption\":\"22ct Gold Cocktail Adjustable Armari Collection Ring\"},{\"@type\":\"BreadcrumbList\",\"@id\":\"https:\\\/\\\/www.purejewels.com\\\/product\\\/22ct-gold-cocktail-adjustable-armari-collection-ring-46747\\\/#breadcrumb\",\"itemListElement\":[{\"@type\":\"ListItem\",\"position\":1,\"name\":\"Home\",\"item\":\"https:\\\/\\\/www.purejewels.com\\\/\"},{\"@type\":\"ListItem\",\"position\":2,\"name\":\"Shop\",\"item\":\"https:\\\/\\\/www.purejewels.com\\\/shop\\\/\"},{\"@type\":\"ListItem\",\"position\":3,\"name\":\"22ct Gold Cocktail Adjustable Armari Collection Ring\"}]},{\"@type\":\"WebSite\",\"@id\":\"https:\\\/\\\/www.purejewels.com\\\/#website\",\"url\":\"https:\\\/\\\/www.purejewels.com\\\/\",\"name\":\"PureJewels UK\",\"description\":\"Share the Love\",\"publisher\":{\"@id\":\"https:\\\/\\\/www.purejewels.com\\\/#organization\"},\"potentialAction\":[{\"@type\":\"SearchAction\",\"target\":{\"@type\":\"EntryPoint\",\"urlTemplate\":\"https:\\\/\\\/www.purejewels.com\\\/?s={search_term_string}\"},\"query-input\":{\"@type\":\"PropertyValueSpecification\",\"valueRequired\":true,\"valueName\":\"search_term_string\"}}],\"inLanguage\":\"tr\"},{\"@type\":\"Organization\",\"@id\":\"https:\\\/\\\/www.purejewels.com\\\/#organization\",\"name\":\"PureJewels UK\",\"url\":\"https:\\\/\\\/www.purejewels.com\\\/\",\"logo\":{\"@type\":\"ImageObject\",\"inLanguage\":\"tr\",\"@id\":\"https:\\\/\\\/www.purejewels.com\\\/#\\\/schema\\\/logo\\\/image\\\/\",\"url\":\"https:\\\/\\\/static.purejewels.com\\\/wp-content\\\/uploads\\\/2020\\\/11\\\/Logo-PJ-New-1.png\",\"contentUrl\":\"https:\\\/\\\/static.purejewels.com\\\/wp-content\\\/uploads\\\/2020\\\/11\\\/Logo-PJ-New-1.png\",\"width\":150,\"height\":80,\"caption\":\"PureJewels UK\"},\"image\":{\"@id\":\"https:\\\/\\\/www.purejewels.com\\\/#\\\/schema\\\/logo\\\/image\\\/\"}}]}<\/script>\n<!-- \/ Yoast SEO plugin. -->","yoast_head_json":{"title":"Ayarlanabilir Kokteyl Y\u00fcz\u00fck 22 Ayar Alt\u0131n | PureJewels, Birle\u015fik Krall\u0131k","description":"Armari Collection'dan bu 22 Ayar Alt\u0131n Kokteyl Ayarlanabilir Y\u00fcz\u00fck ile l\u00fcks bir dokunu\u015f kat\u0131n. \u00dccretsiz \u0130ngiltere teslimat\u0131 i\u00e7in online sipari\u015f verin.","robots":{"index":"index","follow":"follow","max-snippet":"max-snippet:-1","max-image-preview":"max-image-preview:large","max-video-preview":"max-video-preview:-1"},"canonical":"https:\/\/www.purejewels.com\/tr\/urun\/22-ayar-altin-kokteyl-ayarlanabilir-armari-koleksiyon-yuzuk-46747\/","og_locale":"tr_TR","og_type":"article","og_title":"Adjustable Cocktail Ring in 22ct Gold | PureJewels, UK","og_description":"Add a touch of luxury with this 22ct Gold Cocktail Adjustable Ring from Armari Collection. Order online for free UK delivery.","og_url":"https:\/\/www.purejewels.com\/tr\/urun\/22-ayar-altin-kokteyl-ayarlanabilir-armari-koleksiyon-yuzuk-46747\/","og_site_name":"PureJewels UK","article_modified_time":"2026-01-07T06:26:52+00:00","og_image":[{"width":1000,"height":1000,"url":"https:\/\/www.purejewels.com\/wp-content\/uploads\/2023\/10\/46747-Final.jpg","type":"image\/jpeg"}],"twitter_card":"summary_large_image","twitter_misc":{"Tahmini okuma s\u00fcresi":"1 dakika"},"schema":{"@context":"https:\/\/schema.org","@graph":[{"@type":["WebPage","ItemPage"],"@id":"https:\/\/www.purejewels.com\/product\/22ct-gold-cocktail-adjustable-armari-collection-ring-46747\/","url":"https:\/\/www.purejewels.com\/product\/22ct-gold-cocktail-adjustable-armari-collection-ring-46747\/","name":"Ayarlanabilir Kokteyl Y\u00fcz\u00fck 22 Ayar Alt\u0131n | PureJewels, Birle\u015fik Krall\u0131k","isPartOf":{"@id":"https:\/\/www.purejewels.com\/#website"},"primaryImageOfPage":{"@id":"https:\/\/www.purejewels.com\/product\/22ct-gold-cocktail-adjustable-armari-collection-ring-46747\/#primaryimage"},"image":{"@id":"https:\/\/www.purejewels.com\/product\/22ct-gold-cocktail-adjustable-armari-collection-ring-46747\/#primaryimage"},"thumbnailUrl":"https:\/\/static.purejewels.com\/wp-content\/uploads\/2023\/10\/46747-Final.jpg","datePublished":"2024-05-26T05:13:14+00:00","dateModified":"2026-01-07T06:26:52+00:00","description":"Armari Collection'dan bu 22 Ayar Alt\u0131n Kokteyl Ayarlanabilir Y\u00fcz\u00fck ile l\u00fcks bir dokunu\u015f kat\u0131n. \u00dccretsiz \u0130ngiltere teslimat\u0131 i\u00e7in online sipari\u015f verin.","breadcrumb":{"@id":"https:\/\/www.purejewels.com\/product\/22ct-gold-cocktail-adjustable-armari-collection-ring-46747\/#breadcrumb"},"inLanguage":"tr","potentialAction":[{"@type":"ReadAction","target":["https:\/\/www.purejewels.com\/product\/22ct-gold-cocktail-adjustable-armari-collection-ring-46747\/"]}]},{"@type":"ImageObject","inLanguage":"tr","@id":"https:\/\/www.purejewels.com\/product\/22ct-gold-cocktail-adjustable-armari-collection-ring-46747\/#primaryimage","url":"https:\/\/static.purejewels.com\/wp-content\/uploads\/2023\/10\/46747-Final.jpg","contentUrl":"https:\/\/static.purejewels.com\/wp-content\/uploads\/2023\/10\/46747-Final.jpg","width":1000,"height":1000,"caption":"22ct Gold Cocktail Adjustable Armari Collection Ring"},{"@type":"BreadcrumbList","@id":"https:\/\/www.purejewels.com\/product\/22ct-gold-cocktail-adjustable-armari-collection-ring-46747\/#breadcrumb","itemListElement":[{"@type":"ListItem","position":1,"name":"Home","item":"https:\/\/www.purejewels.com\/"},{"@type":"ListItem","position":2,"name":"Shop","item":"https:\/\/www.purejewels.com\/shop\/"},{"@type":"ListItem","position":3,"name":"22ct Gold Cocktail Adjustable Armari Collection Ring"}]},{"@type":"WebSite","@id":"https:\/\/www.purejewels.com\/#website","url":"https:\/\/www.purejewels.com\/","name":"PureJewels \u0130ngiltere","description":"Sevgiyi Payla\u015f\u0131n","publisher":{"@id":"https:\/\/www.purejewels.com\/#organization"},"potentialAction":[{"@type":"SearchAction","target":{"@type":"EntryPoint","urlTemplate":"https:\/\/www.purejewels.com\/?s={search_term_string}"},"query-input":{"@type":"PropertyValueSpecification","valueRequired":true,"valueName":"search_term_string"}}],"inLanguage":"tr"},{"@type":"Organization","@id":"https:\/\/www.purejewels.com\/#organization","name":"PureJewels \u0130ngiltere","url":"https:\/\/www.purejewels.com\/","logo":{"@type":"ImageObject","inLanguage":"tr","@id":"https:\/\/www.purejewels.com\/#\/schema\/logo\/image\/","url":"https:\/\/static.purejewels.com\/wp-content\/uploads\/2020\/11\/Logo-PJ-New-1.png","contentUrl":"https:\/\/static.purejewels.com\/wp-content\/uploads\/2020\/11\/Logo-PJ-New-1.png","width":150,"height":80,"caption":"PureJewels UK"},"image":{"@id":"https:\/\/www.purejewels.com\/#\/schema\/logo\/image\/"}}]}},"_links":{"self":[{"href":"https:\/\/www.purejewels.com\/tr\/wp-json\/wp\/v2\/product\/352842","targetHints":{"allow":["GET"]}}],"collection":[{"href":"https:\/\/www.purejewels.com\/tr\/wp-json\/wp\/v2\/product"}],"about":[{"href":"https:\/\/www.purejewels.com\/tr\/wp-json\/wp\/v2\/types\/product"}],"replies":[{"embeddable":true,"href":"https:\/\/www.purejewels.com\/tr\/wp-json\/wp\/v2\/comments?post=352842"}],"version-history":[{"count":4,"href":"https:\/\/www.purejewels.com\/tr\/wp-json\/wp\/v2\/product\/352842\/revisions"}],"predecessor-version":[{"id":391229,"href":"https:\/\/www.purejewels.com\/tr\/wp-json\/wp\/v2\/product\/352842\/revisions\/391229"}],"wp:featuredmedia":[{"embeddable":true,"href":"https:\/\/www.purejewels.com\/tr\/wp-json\/wp\/v2\/media\/353001"}],"wp:attachment":[{"href":"https:\/\/www.purejewels.com\/tr\/wp-json\/wp\/v2\/media?parent=352842"}],"wp:term":[{"taxonomy":"product_brand","embeddable":true,"href":"https:\/\/www.purejewels.com\/tr\/wp-json\/wp\/v2\/product_brand?post=352842"},{"taxonomy":"product_cat","embeddable":true,"href":"https:\/\/www.purejewels.com\/tr\/wp-json\/wp\/v2\/product_cat?post=352842"},{"taxonomy":"product_tag","embeddable":true,"href":"https:\/\/www.purejewels.com\/tr\/wp-json\/wp\/v2\/product_tag?post=352842"}],"curies":[{"name":"wp","href":"https:\/\/api.w.org\/{rel}","templated":true}]}}