{"id":352845,"date":"2023-11-23T06:25:05","date_gmt":"2023-11-23T06:25:05","guid":{"rendered":"https:\/\/www.purejewels.com\/?post_type=product&#038;p=352845"},"modified":"2026-02-04T06:46:34","modified_gmt":"2026-02-04T06:46:34","slug":"22-ayar-altin-armari-antika-stil-uzun-kolye-49666","status":"publish","type":"product","link":"https:\/\/www.purejewels.com\/tr\/product\/22ct-gold-armari-antique-style-long-necklace-49666\/","title":{"rendered":"22 Ayar Alt\u0131n Armari Antik Stil Uzun Kolye | 27 \u0130n\u00e7"},"content":{"rendered":"<h3 data-start=\"659\" data-end=\"682\"><strong data-start=\"663\" data-end=\"682\">Tasar\u0131m Konsepti:<\/strong><\/h3>\n<p data-start=\"684\" data-end=\"960\">Tap\u0131nak tak\u0131lar\u0131ndan ve kraliyet yadigarlar\u0131ndan esinlenilen tasar\u0131mda, narin boncuklar ve karma\u015f\u0131k telkari ile \u00e7er\u00e7evelenmi\u015f, tavus ku\u015fu ve \u00e7i\u00e7ek motifleriyle s\u00fcslenmi\u015f kalp \u015feklinde bir kolye ucu yer al\u0131yor. Geni\u015f zincir, g\u00fcc\u00fc ve gelene\u011fi simgeleyen bir kafes \u00f6rg\u00fcs\u00fcyle yap\u0131land\u0131r\u0131lm\u0131\u015ft\u0131r.<\/p>\n<hr data-start=\"962\" data-end=\"965\" \/>\n<h3 data-start=\"967\" data-end=\"989\"><strong data-start=\"971\" data-end=\"989\">\u0130\u015f\u00e7ilik:<\/strong><\/h3>\n<p data-start=\"991\" data-end=\"1258\">Yetenekli zanaatkarlar taraf\u0131ndan ustal\u0131kla i\u015flenen bu par\u00e7a, klasik kuyumculuk tekniklerini titiz detaylarla birle\u015ftiriyor. Antik mat kaplama vintage cazibesini art\u0131r\u0131rken, heykelsi kolye ucu Hint m\u00fccevher yap\u0131m\u0131n\u0131n en iyi geleneklerini yans\u0131t\u0131yor.<\/p>\n<hr data-start=\"1260\" data-end=\"1263\" \/>\n<h3 data-start=\"1265\" data-end=\"1285\"><strong data-start=\"1269\" data-end=\"1285\">Stil Fikirleri:<\/strong><\/h3>\n<ul>\n<li data-start=\"1289\" data-end=\"1364\">Sare, lehenga veya geleneksel gelinlikler i\u00e7in m\u00fckemmel bir gelin \u015fov par\u00e7as\u0131<\/li>\n<li data-start=\"1367\" data-end=\"1431\">Festivaller, tap\u0131nak t\u00f6renleri veya k\u00fclt\u00fcrel etkinlikler i\u00e7in ideal<\/li>\n<li data-start=\"1434\" data-end=\"1495\">Katmanl\u0131 muhte\u015fem bir g\u00f6r\u00fcn\u00fcm i\u00e7in gerdanl\u0131k veya haramlarla e\u015fle\u015ftirin<\/li>\n<li data-start=\"1498\" data-end=\"1562\">Her t\u00fcrl\u00fc minimalist k\u0131yafeti cesur bir miras ifadesiyle y\u00fckseltin<\/li>\n<\/ul>","protected":false},"excerpt":{"rendered":"<p>Saf 22 ayar alt\u0131ndan \u00fcretilen bu Armari Antik Stil Uzun Kolye, geleneksel Hint miras\u0131na modern bir ihti\u015fam dokunu\u015fuyla bir \u00f6vg\u00fc niteli\u011findedir. 27 in\u00e7 \u00f6l\u00e7\u00fcs\u00fcndeki bu kolye, zamans\u0131z bir zarafet ve k\u00fclt\u00fcrel zenginlik g\u00f6r\u00fcn\u00fcm\u00fc yaratan, g\u00fczelce dokunmu\u015f \u00e7ok hatl\u0131 bir alt\u0131n zincirden sarkan cesur, karma\u015f\u0131k bir \u015fekilde oyulmu\u015f bir madalyon kolye ucuna sahiptir.<\/p>\n<div><strong>Malzeme:<\/strong>\u00a022 Ayar Alt\u0131n<\/div>\n<div><strong>Safl\u0131k:<\/strong>\u00a091.6% Saf Alt\u0131n<\/div>\n<div><strong>Hallmark:<\/strong>\u00a0\u0130ngiliz Damgas\u0131<\/div>\n<div><strong>Br\u00fct A\u011f\u0131rl\u0131k: <\/strong>80.94 Gms<\/div>\n<div><strong>Bitir:\u00a0<\/strong>Antique_Matte<\/div>\n<div><strong>Uzunluk:<\/strong> 27 in\u00e7<\/div>\n<div><strong>SKU:<\/strong> 52973<\/div>\n<div><\/div>\n<div>\n<p><strong>Fiyat ve Teslimat<\/strong>: KDV ve teslimat \u00fccreti dahil<br \/>\n<a href=\"https:\/\/www.purejewels.com\/tr\/i%cc%87ade-poli%cc%87ti%cc%87kasi\/\">\u0130ade Politikas\u0131<\/a><\/p>\n<\/div>","protected":false},"featured_media":353241,"comment_status":"closed","ping_status":"closed","template":"","meta":{"_eb_attr":"","_crsspst_to_jayantr4sg-hostcom":false},"product_brand":[],"product_cat":[1780,245,5643,1625,236,1229,1253,1573,1574],"product_tag":[],"class_list":{"0":"post-352845","1":"product","2":"type-product","3":"status-publish","4":"has-post-thumbnail","6":"product_cat-antique-style-necklaces","7":"product_cat-armari-collections","8":"product_cat-armari-necklace","9":"product_cat-bridal-set","10":"product_cat-collections","11":"product_cat-22ct-gold-jewellery","12":"product_cat-gold-necklaces","13":"product_cat-wedding-gifts","14":"product_cat-womens-jewellery","16":"first","17":"outofstock","18":"taxable","19":"shipping-taxable","20":"product-type-simple","21":"add-to-wishlist-before_image"},"yoast_head":"<!-- This site is optimized with the Yoast SEO plugin v27.5 - https:\/\/yoast.com\/product\/yoast-seo-wordpress\/ -->\n<title>22ct Gold Antique Style Necklace From Armari Collection in UK<\/title>\n<meta name=\"description\" content=\"Real Gold Necklace For Wedding &amp; Special Occasion Antique Rani Haar Style Necklace by PureJewels | Quick Delivery | Easy Returns.\" \/>\n<meta name=\"robots\" content=\"index, follow, max-snippet:-1, max-image-preview:large, max-video-preview:-1\" \/>\n<link rel=\"canonical\" href=\"https:\/\/www.purejewels.com\/tr\/urun\/22-ayar-altin-armari-antika-stil-uzun-kolye-49666\/\" \/>\n<meta property=\"og:locale\" content=\"tr_TR\" \/>\n<meta property=\"og:type\" content=\"article\" \/>\n<meta property=\"og:title\" content=\"22ct Gold Antique Style Necklace From Armari Collection in UK\" \/>\n<meta property=\"og:description\" content=\"Real Gold Necklace For Wedding &amp; Special Occasion Antique Rani Haar Style Necklace by PureJewels | Quick Delivery | Easy Returns.\" \/>\n<meta property=\"og:url\" content=\"https:\/\/www.purejewels.com\/tr\/urun\/22-ayar-altin-armari-antika-stil-uzun-kolye-49666\/\" \/>\n<meta property=\"og:site_name\" content=\"PureJewels UK\" \/>\n<meta property=\"article:modified_time\" content=\"2026-02-04T06:46:34+00:00\" \/>\n<meta property=\"og:image\" content=\"https:\/\/static.purejewels.com\/wp-content\/uploads\/2023\/10\/46054-final.jpg\" \/>\n\t<meta property=\"og:image:width\" content=\"1000\" \/>\n\t<meta property=\"og:image:height\" content=\"1000\" \/>\n\t<meta property=\"og:image:type\" content=\"image\/jpeg\" \/>\n<meta name=\"twitter:card\" content=\"summary_large_image\" \/>\n<meta name=\"twitter:label1\" content=\"Tahmini okuma s\u00fcresi\" \/>\n\t<meta name=\"twitter:data1\" content=\"1 dakika\" \/>\n<script type=\"application\/ld+json\" class=\"yoast-schema-graph\">{\"@context\":\"https:\\\/\\\/schema.org\",\"@graph\":[{\"@type\":[\"WebPage\",\"ItemPage\"],\"@id\":\"https:\\\/\\\/www.purejewels.com\\\/product\\\/22ct-gold-armari-antique-style-long-necklace-49666\\\/\",\"url\":\"https:\\\/\\\/www.purejewels.com\\\/product\\\/22ct-gold-armari-antique-style-long-necklace-49666\\\/\",\"name\":\"22ct Gold Antique Style Necklace From Armari Collection in UK\",\"isPartOf\":{\"@id\":\"https:\\\/\\\/www.purejewels.com\\\/#website\"},\"primaryImageOfPage\":{\"@id\":\"https:\\\/\\\/www.purejewels.com\\\/product\\\/22ct-gold-armari-antique-style-long-necklace-49666\\\/#primaryimage\"},\"image\":{\"@id\":\"https:\\\/\\\/www.purejewels.com\\\/product\\\/22ct-gold-armari-antique-style-long-necklace-49666\\\/#primaryimage\"},\"thumbnailUrl\":\"https:\\\/\\\/static.purejewels.com\\\/wp-content\\\/uploads\\\/2023\\\/10\\\/46054-final.jpg\",\"datePublished\":\"2023-11-23T06:25:05+00:00\",\"dateModified\":\"2026-02-04T06:46:34+00:00\",\"description\":\"Real Gold Necklace For Wedding & Special Occasion Antique Rani Haar Style Necklace by PureJewels | Quick Delivery | Easy Returns.\",\"breadcrumb\":{\"@id\":\"https:\\\/\\\/www.purejewels.com\\\/product\\\/22ct-gold-armari-antique-style-long-necklace-49666\\\/#breadcrumb\"},\"inLanguage\":\"tr\",\"potentialAction\":[{\"@type\":\"ReadAction\",\"target\":[\"https:\\\/\\\/www.purejewels.com\\\/product\\\/22ct-gold-armari-antique-style-long-necklace-49666\\\/\"]}]},{\"@type\":\"ImageObject\",\"inLanguage\":\"tr\",\"@id\":\"https:\\\/\\\/www.purejewels.com\\\/product\\\/22ct-gold-armari-antique-style-long-necklace-49666\\\/#primaryimage\",\"url\":\"https:\\\/\\\/static.purejewels.com\\\/wp-content\\\/uploads\\\/2023\\\/10\\\/46054-final.jpg\",\"contentUrl\":\"https:\\\/\\\/static.purejewels.com\\\/wp-content\\\/uploads\\\/2023\\\/10\\\/46054-final.jpg\",\"width\":1000,\"height\":1000,\"caption\":\"22ct Gold Armari Antique Style Long Necklace\"},{\"@type\":\"BreadcrumbList\",\"@id\":\"https:\\\/\\\/www.purejewels.com\\\/product\\\/22ct-gold-armari-antique-style-long-necklace-49666\\\/#breadcrumb\",\"itemListElement\":[{\"@type\":\"ListItem\",\"position\":1,\"name\":\"Home\",\"item\":\"https:\\\/\\\/www.purejewels.com\\\/\"},{\"@type\":\"ListItem\",\"position\":2,\"name\":\"Shop\",\"item\":\"https:\\\/\\\/www.purejewels.com\\\/shop\\\/\"},{\"@type\":\"ListItem\",\"position\":3,\"name\":\"22ct Gold Armari Antique Style Long Necklace | 27 Inches\"}]},{\"@type\":\"WebSite\",\"@id\":\"https:\\\/\\\/www.purejewels.com\\\/#website\",\"url\":\"https:\\\/\\\/www.purejewels.com\\\/\",\"name\":\"PureJewels UK\",\"description\":\"Share the Love\",\"publisher\":{\"@id\":\"https:\\\/\\\/www.purejewels.com\\\/#organization\"},\"potentialAction\":[{\"@type\":\"SearchAction\",\"target\":{\"@type\":\"EntryPoint\",\"urlTemplate\":\"https:\\\/\\\/www.purejewels.com\\\/?s={search_term_string}\"},\"query-input\":{\"@type\":\"PropertyValueSpecification\",\"valueRequired\":true,\"valueName\":\"search_term_string\"}}],\"inLanguage\":\"tr\"},{\"@type\":\"Organization\",\"@id\":\"https:\\\/\\\/www.purejewels.com\\\/#organization\",\"name\":\"PureJewels UK\",\"url\":\"https:\\\/\\\/www.purejewels.com\\\/\",\"logo\":{\"@type\":\"ImageObject\",\"inLanguage\":\"tr\",\"@id\":\"https:\\\/\\\/www.purejewels.com\\\/#\\\/schema\\\/logo\\\/image\\\/\",\"url\":\"https:\\\/\\\/static.purejewels.com\\\/wp-content\\\/uploads\\\/2020\\\/11\\\/Logo-PJ-New-1.png\",\"contentUrl\":\"https:\\\/\\\/static.purejewels.com\\\/wp-content\\\/uploads\\\/2020\\\/11\\\/Logo-PJ-New-1.png\",\"width\":150,\"height\":80,\"caption\":\"PureJewels UK\"},\"image\":{\"@id\":\"https:\\\/\\\/www.purejewels.com\\\/#\\\/schema\\\/logo\\\/image\\\/\"}}]}<\/script>\n<!-- \/ Yoast SEO plugin. -->","yoast_head_json":{"title":"\u0130ngiltere'deki Armari Koleksiyonundan 22 Ayar Alt\u0131n Antik Stil Kolye","description":"D\u00fc\u011f\u00fcn ve \u00d6zel G\u00fcnler \u0130\u00e7in Ger\u00e7ek Alt\u0131n Kolye PureJewels'ten Antik Rani Haar Tarz\u0131 Kolye | H\u0131zl\u0131 Teslimat | Kolay \u0130ade.","robots":{"index":"index","follow":"follow","max-snippet":"max-snippet:-1","max-image-preview":"max-image-preview:large","max-video-preview":"max-video-preview:-1"},"canonical":"https:\/\/www.purejewels.com\/tr\/urun\/22-ayar-altin-armari-antika-stil-uzun-kolye-49666\/","og_locale":"tr_TR","og_type":"article","og_title":"22ct Gold Antique Style Necklace From Armari Collection in UK","og_description":"Real Gold Necklace For Wedding & Special Occasion Antique Rani Haar Style Necklace by PureJewels | Quick Delivery | Easy Returns.","og_url":"https:\/\/www.purejewels.com\/tr\/urun\/22-ayar-altin-armari-antika-stil-uzun-kolye-49666\/","og_site_name":"PureJewels UK","article_modified_time":"2026-02-04T06:46:34+00:00","og_image":[{"width":1000,"height":1000,"url":"https:\/\/static.purejewels.com\/wp-content\/uploads\/2023\/10\/46054-final.jpg","type":"image\/jpeg"}],"twitter_card":"summary_large_image","twitter_misc":{"Tahmini okuma s\u00fcresi":"1 dakika"},"schema":{"@context":"https:\/\/schema.org","@graph":[{"@type":["WebPage","ItemPage"],"@id":"https:\/\/www.purejewels.com\/product\/22ct-gold-armari-antique-style-long-necklace-49666\/","url":"https:\/\/www.purejewels.com\/product\/22ct-gold-armari-antique-style-long-necklace-49666\/","name":"\u0130ngiltere'deki Armari Koleksiyonundan 22 Ayar Alt\u0131n Antik Stil Kolye","isPartOf":{"@id":"https:\/\/www.purejewels.com\/#website"},"primaryImageOfPage":{"@id":"https:\/\/www.purejewels.com\/product\/22ct-gold-armari-antique-style-long-necklace-49666\/#primaryimage"},"image":{"@id":"https:\/\/www.purejewels.com\/product\/22ct-gold-armari-antique-style-long-necklace-49666\/#primaryimage"},"thumbnailUrl":"https:\/\/static.purejewels.com\/wp-content\/uploads\/2023\/10\/46054-final.jpg","datePublished":"2023-11-23T06:25:05+00:00","dateModified":"2026-02-04T06:46:34+00:00","description":"D\u00fc\u011f\u00fcn ve \u00d6zel G\u00fcnler \u0130\u00e7in Ger\u00e7ek Alt\u0131n Kolye PureJewels'ten Antik Rani Haar Tarz\u0131 Kolye | H\u0131zl\u0131 Teslimat | Kolay \u0130ade.","breadcrumb":{"@id":"https:\/\/www.purejewels.com\/product\/22ct-gold-armari-antique-style-long-necklace-49666\/#breadcrumb"},"inLanguage":"tr","potentialAction":[{"@type":"ReadAction","target":["https:\/\/www.purejewels.com\/product\/22ct-gold-armari-antique-style-long-necklace-49666\/"]}]},{"@type":"ImageObject","inLanguage":"tr","@id":"https:\/\/www.purejewels.com\/product\/22ct-gold-armari-antique-style-long-necklace-49666\/#primaryimage","url":"https:\/\/static.purejewels.com\/wp-content\/uploads\/2023\/10\/46054-final.jpg","contentUrl":"https:\/\/static.purejewels.com\/wp-content\/uploads\/2023\/10\/46054-final.jpg","width":1000,"height":1000,"caption":"22ct Gold Armari Antique Style Long Necklace"},{"@type":"BreadcrumbList","@id":"https:\/\/www.purejewels.com\/product\/22ct-gold-armari-antique-style-long-necklace-49666\/#breadcrumb","itemListElement":[{"@type":"ListItem","position":1,"name":"Home","item":"https:\/\/www.purejewels.com\/"},{"@type":"ListItem","position":2,"name":"Shop","item":"https:\/\/www.purejewels.com\/shop\/"},{"@type":"ListItem","position":3,"name":"22ct Gold Armari Antique Style Long Necklace | 27 Inches"}]},{"@type":"WebSite","@id":"https:\/\/www.purejewels.com\/#website","url":"https:\/\/www.purejewels.com\/","name":"PureJewels \u0130ngiltere","description":"Sevgiyi Payla\u015f\u0131n","publisher":{"@id":"https:\/\/www.purejewels.com\/#organization"},"potentialAction":[{"@type":"SearchAction","target":{"@type":"EntryPoint","urlTemplate":"https:\/\/www.purejewels.com\/?s={search_term_string}"},"query-input":{"@type":"PropertyValueSpecification","valueRequired":true,"valueName":"search_term_string"}}],"inLanguage":"tr"},{"@type":"Organization","@id":"https:\/\/www.purejewels.com\/#organization","name":"PureJewels \u0130ngiltere","url":"https:\/\/www.purejewels.com\/","logo":{"@type":"ImageObject","inLanguage":"tr","@id":"https:\/\/www.purejewels.com\/#\/schema\/logo\/image\/","url":"https:\/\/static.purejewels.com\/wp-content\/uploads\/2020\/11\/Logo-PJ-New-1.png","contentUrl":"https:\/\/static.purejewels.com\/wp-content\/uploads\/2020\/11\/Logo-PJ-New-1.png","width":150,"height":80,"caption":"PureJewels UK"},"image":{"@id":"https:\/\/www.purejewels.com\/#\/schema\/logo\/image\/"}}]}},"_links":{"self":[{"href":"https:\/\/www.purejewels.com\/tr\/wp-json\/wp\/v2\/product\/352845","targetHints":{"allow":["GET"]}}],"collection":[{"href":"https:\/\/www.purejewels.com\/tr\/wp-json\/wp\/v2\/product"}],"about":[{"href":"https:\/\/www.purejewels.com\/tr\/wp-json\/wp\/v2\/types\/product"}],"replies":[{"embeddable":true,"href":"https:\/\/www.purejewels.com\/tr\/wp-json\/wp\/v2\/comments?post=352845"}],"version-history":[{"count":3,"href":"https:\/\/www.purejewels.com\/tr\/wp-json\/wp\/v2\/product\/352845\/revisions"}],"predecessor-version":[{"id":416883,"href":"https:\/\/www.purejewels.com\/tr\/wp-json\/wp\/v2\/product\/352845\/revisions\/416883"}],"wp:featuredmedia":[{"embeddable":true,"href":"https:\/\/www.purejewels.com\/tr\/wp-json\/wp\/v2\/media\/353241"}],"wp:attachment":[{"href":"https:\/\/www.purejewels.com\/tr\/wp-json\/wp\/v2\/media?parent=352845"}],"wp:term":[{"taxonomy":"product_brand","embeddable":true,"href":"https:\/\/www.purejewels.com\/tr\/wp-json\/wp\/v2\/product_brand?post=352845"},{"taxonomy":"product_cat","embeddable":true,"href":"https:\/\/www.purejewels.com\/tr\/wp-json\/wp\/v2\/product_cat?post=352845"},{"taxonomy":"product_tag","embeddable":true,"href":"https:\/\/www.purejewels.com\/tr\/wp-json\/wp\/v2\/product_tag?post=352845"}],"curies":[{"name":"wp","href":"https:\/\/api.w.org\/{rel}","templated":true}]}}