{"id":352962,"date":"2023-10-26T10:23:14","date_gmt":"2023-10-26T09:23:14","guid":{"rendered":"https:\/\/www.purejewels.com\/?post_type=product&#038;p=352962"},"modified":"2026-01-06T07:30:10","modified_gmt":"2026-01-06T07:30:10","slug":"22-ayar-altin-om-ile-peackock-fether-bansoori-kolye-46725","status":"publish","type":"product","link":"https:\/\/www.purejewels.com\/tr\/product\/22ct-gold-om-with-peackock-fether-bansoori-pendant-46725\/","title":{"rendered":"22 Ayar Alt\u0131n Om ile Peackock T\u00fcy\u00fc ve Bansoori Kolye"},"content":{"rendered":"<ul>\n<li><b>SKU:<\/b> 46725<\/li>\n<li><b>Aral\u0131k Kimli\u011fi YGPN568<\/b><\/li>\n<\/ul>","protected":false},"excerpt":{"rendered":"<table style=\"border-collapse: collapse; width: 100%; height: 262px;\">\n<tbody>\n<tr style=\"height: 28px;\">\n<td style=\"width: 34%; height: 28px;\">Kolye Tipi<\/td>\n<td style=\"width: 66%; height: 28px;\">CZ Ta\u015fl\u0131 Dini Kolye<\/td>\n<\/tr>\n<tr style=\"height: 28px;\">\n<td style=\"width: 34%; height: 28px;\">SKU<\/td>\n<td style=\"width: 66%; height: 28px;\">46725<\/td>\n<\/tr>\n<tr style=\"height: 28px;\">\n<td style=\"width: 34%; height: 28px;\">A\u011f\u0131rl\u0131k<\/td>\n<td style=\"width: 66%; height: 28px;\">3.3 gms<\/td>\n<\/tr>\n<tr style=\"height: 28px;\">\n<td style=\"width: 34%; height: 10px;\">Boyut<\/td>\n<td style=\"width: 66%; height: 10px;\">Geni\u015flik 16,5 mm, Y\u00fckseklik, Kancal\u0131 - 33,6 mm, Kancas\u0131z - 25,8 mm<\/td>\n<\/tr>\n<tr style=\"height: 28px;\">\n<td style=\"width: 34%; height: 28px;\">\u00dccretler<\/td>\n<td style=\"width: 66%; height: 28px;\">Teslimat ve KDV Dahil<\/td>\n<\/tr>\n<tr style=\"height: 28px;\">\n<td style=\"width: 34%; height: 28px;\">Paketleme<\/td>\n<td style=\"width: 66%; height: 28px;\">Sunum Kutusu ile Birlikte Gelir<\/td>\n<\/tr>\n<tr style=\"height: 112px;\">\n<td style=\"width: 34%; height: 112px;\">Daha Fazla Bilgi<\/td>\n<td style=\"width: 66%; height: 112px;\">\n<ul>\n<li>Zincir fiyata dahil de\u011fildir<\/li>\n<li>Koleksiyonumuzu G\u00f6r\u00fcnt\u00fcleyin\u00a0<strong>Zincirler<\/strong><\/li>\n<li>M\u00fcsaitlik durumu ve daha fazla resim i\u00e7in bizimle canl\u0131 sohbet edin<\/li>\n<\/ul>\n<\/td>\n<\/tr>\n<\/tbody>\n<\/table>\n<p>&nbsp;<\/p>","protected":false},"featured_media":353392,"comment_status":"closed","ping_status":"closed","template":"","meta":{"_eb_attr":"","_crsspst_to_jayantr4sg-hostcom":true},"product_brand":[],"product_cat":[1559,1792,1229,1255,5343,5600,1701,1569,1574,5349],"product_tag":[],"class_list":{"0":"post-352962","1":"product","2":"type-product","3":"status-publish","4":"has-post-thumbnail","6":"product_cat-birthday-gifts","7":"product_cat-festival-gifts","8":"product_cat-22ct-gold-jewellery","9":"product_cat-gold-pendants","10":"product_cat-jewellery-under-550","11":"product_cat-om-pendants","12":"product_cat-religious-pendants","13":"product_cat-valentine-day-gifts","14":"product_cat-womens-jewellery","15":"product_cat-yellow-gold-jewellery","17":"first","18":"outofstock","19":"taxable","20":"shipping-taxable","21":"product-type-simple","22":"add-to-wishlist-before_image"},"yoast_head":"<!-- This site is optimized with the Yoast SEO plugin v27.3 - https:\/\/yoast.com\/product\/yoast-seo-wordpress\/ -->\n<title>22ct Gold Om With Peackock Feather &amp; Bansoori Pendant UK<\/title>\n<meta name=\"description\" content=\"Add a touch of spirituality and elegance to your look with our 22ct gold Om with peacock feather and bansuri pendant. Shop now and get free delivery.\" \/>\n<meta name=\"robots\" content=\"index, follow, max-snippet:-1, max-image-preview:large, max-video-preview:-1\" \/>\n<link rel=\"canonical\" href=\"https:\/\/www.purejewels.com\/tr\/urun\/22-ayar-altin-om-ile-peackock-fether-bansoori-kolye-46725\/\" \/>\n<meta property=\"og:locale\" content=\"tr_TR\" \/>\n<meta property=\"og:type\" content=\"article\" \/>\n<meta property=\"og:title\" content=\"22ct Gold Om With Peackock Feather &amp; Bansoori Pendant UK\" \/>\n<meta property=\"og:description\" content=\"Add a touch of spirituality and elegance to your look with our 22ct gold Om with peacock feather and bansuri pendant. Shop now and get free delivery.\" \/>\n<meta property=\"og:url\" content=\"https:\/\/www.purejewels.com\/tr\/urun\/22-ayar-altin-om-ile-peackock-fether-bansoori-kolye-46725\/\" \/>\n<meta property=\"og:site_name\" content=\"PureJewels UK\" \/>\n<meta property=\"article:modified_time\" content=\"2026-01-06T07:30:10+00:00\" \/>\n<meta property=\"og:image\" content=\"https:\/\/www.purejewels.com\/wp-content\/uploads\/2023\/10\/46725.png\" \/>\n\t<meta property=\"og:image:width\" content=\"1000\" \/>\n\t<meta property=\"og:image:height\" content=\"1000\" \/>\n\t<meta property=\"og:image:type\" content=\"image\/png\" \/>\n<meta name=\"twitter:card\" content=\"summary_large_image\" \/>\n<meta name=\"twitter:label1\" content=\"Tahmini okuma s\u00fcresi\" \/>\n\t<meta name=\"twitter:data1\" content=\"1 dakika\" \/>\n<script type=\"application\/ld+json\" class=\"yoast-schema-graph\">{\"@context\":\"https:\\\/\\\/schema.org\",\"@graph\":[{\"@type\":[\"WebPage\",\"ItemPage\"],\"@id\":\"https:\\\/\\\/www.purejewels.com\\\/product\\\/22ct-gold-om-with-peackock-fether-bansoori-pendant-46725\\\/\",\"url\":\"https:\\\/\\\/www.purejewels.com\\\/product\\\/22ct-gold-om-with-peackock-fether-bansoori-pendant-46725\\\/\",\"name\":\"22ct Gold Om With Peackock Feather & Bansoori Pendant UK\",\"isPartOf\":{\"@id\":\"https:\\\/\\\/www.purejewels.com\\\/#website\"},\"primaryImageOfPage\":{\"@id\":\"https:\\\/\\\/www.purejewels.com\\\/product\\\/22ct-gold-om-with-peackock-fether-bansoori-pendant-46725\\\/#primaryimage\"},\"image\":{\"@id\":\"https:\\\/\\\/www.purejewels.com\\\/product\\\/22ct-gold-om-with-peackock-fether-bansoori-pendant-46725\\\/#primaryimage\"},\"thumbnailUrl\":\"https:\\\/\\\/static.purejewels.com\\\/wp-content\\\/uploads\\\/2023\\\/10\\\/46725.png\",\"datePublished\":\"2023-10-26T09:23:14+00:00\",\"dateModified\":\"2026-01-06T07:30:10+00:00\",\"description\":\"Add a touch of spirituality and elegance to your look with our 22ct gold Om with peacock feather and bansuri pendant. Shop now and get free delivery.\",\"breadcrumb\":{\"@id\":\"https:\\\/\\\/www.purejewels.com\\\/product\\\/22ct-gold-om-with-peackock-fether-bansoori-pendant-46725\\\/#breadcrumb\"},\"inLanguage\":\"tr\",\"potentialAction\":[{\"@type\":\"ReadAction\",\"target\":[\"https:\\\/\\\/www.purejewels.com\\\/product\\\/22ct-gold-om-with-peackock-fether-bansoori-pendant-46725\\\/\"]}]},{\"@type\":\"ImageObject\",\"inLanguage\":\"tr\",\"@id\":\"https:\\\/\\\/www.purejewels.com\\\/product\\\/22ct-gold-om-with-peackock-fether-bansoori-pendant-46725\\\/#primaryimage\",\"url\":\"https:\\\/\\\/static.purejewels.com\\\/wp-content\\\/uploads\\\/2023\\\/10\\\/46725.png\",\"contentUrl\":\"https:\\\/\\\/static.purejewels.com\\\/wp-content\\\/uploads\\\/2023\\\/10\\\/46725.png\",\"width\":1000,\"height\":1000,\"caption\":\"22ct Gold Om With Peackock Feather & Bansoori Pendant\"},{\"@type\":\"BreadcrumbList\",\"@id\":\"https:\\\/\\\/www.purejewels.com\\\/product\\\/22ct-gold-om-with-peackock-fether-bansoori-pendant-46725\\\/#breadcrumb\",\"itemListElement\":[{\"@type\":\"ListItem\",\"position\":1,\"name\":\"Home\",\"item\":\"https:\\\/\\\/www.purejewels.com\\\/\"},{\"@type\":\"ListItem\",\"position\":2,\"name\":\"Shop\",\"item\":\"https:\\\/\\\/www.purejewels.com\\\/shop\\\/\"},{\"@type\":\"ListItem\",\"position\":3,\"name\":\"22ct Gold Om With Peackock Feather &#038; Bansoori Pendant\"}]},{\"@type\":\"WebSite\",\"@id\":\"https:\\\/\\\/www.purejewels.com\\\/#website\",\"url\":\"https:\\\/\\\/www.purejewels.com\\\/\",\"name\":\"PureJewels UK\",\"description\":\"Share the Love\",\"publisher\":{\"@id\":\"https:\\\/\\\/www.purejewels.com\\\/#organization\"},\"potentialAction\":[{\"@type\":\"SearchAction\",\"target\":{\"@type\":\"EntryPoint\",\"urlTemplate\":\"https:\\\/\\\/www.purejewels.com\\\/?s={search_term_string}\"},\"query-input\":{\"@type\":\"PropertyValueSpecification\",\"valueRequired\":true,\"valueName\":\"search_term_string\"}}],\"inLanguage\":\"tr\"},{\"@type\":\"Organization\",\"@id\":\"https:\\\/\\\/www.purejewels.com\\\/#organization\",\"name\":\"PureJewels UK\",\"url\":\"https:\\\/\\\/www.purejewels.com\\\/\",\"logo\":{\"@type\":\"ImageObject\",\"inLanguage\":\"tr\",\"@id\":\"https:\\\/\\\/www.purejewels.com\\\/#\\\/schema\\\/logo\\\/image\\\/\",\"url\":\"https:\\\/\\\/static.purejewels.com\\\/wp-content\\\/uploads\\\/2020\\\/11\\\/Logo-PJ-New-1.png\",\"contentUrl\":\"https:\\\/\\\/static.purejewels.com\\\/wp-content\\\/uploads\\\/2020\\\/11\\\/Logo-PJ-New-1.png\",\"width\":150,\"height\":80,\"caption\":\"PureJewels UK\"},\"image\":{\"@id\":\"https:\\\/\\\/www.purejewels.com\\\/#\\\/schema\\\/logo\\\/image\\\/\"}}]}<\/script>\n<!-- \/ Yoast SEO plugin. -->","yoast_head_json":{"title":"22 Ayar Alt\u0131n Om ile Peackock T\u00fcy\u00fc ve Bansoori Kolye \u0130ngiltere","description":"Tavus ku\u015fu t\u00fcy\u00fc ve bansuri kolyeli 22 ayar alt\u0131n Om ile g\u00f6r\u00fcn\u00fcm\u00fcn\u00fcze ruhanilik ve zarafet kat\u0131n. \u015eimdi al\u0131\u015fveri\u015f yap\u0131n ve \u00fccretsiz teslimat al\u0131n.","robots":{"index":"index","follow":"follow","max-snippet":"max-snippet:-1","max-image-preview":"max-image-preview:large","max-video-preview":"max-video-preview:-1"},"canonical":"https:\/\/www.purejewels.com\/tr\/urun\/22-ayar-altin-om-ile-peackock-fether-bansoori-kolye-46725\/","og_locale":"tr_TR","og_type":"article","og_title":"22ct Gold Om With Peackock Feather & Bansoori Pendant UK","og_description":"Add a touch of spirituality and elegance to your look with our 22ct gold Om with peacock feather and bansuri pendant. Shop now and get free delivery.","og_url":"https:\/\/www.purejewels.com\/tr\/urun\/22-ayar-altin-om-ile-peackock-fether-bansoori-kolye-46725\/","og_site_name":"PureJewels UK","article_modified_time":"2026-01-06T07:30:10+00:00","og_image":[{"width":1000,"height":1000,"url":"https:\/\/www.purejewels.com\/wp-content\/uploads\/2023\/10\/46725.png","type":"image\/png"}],"twitter_card":"summary_large_image","twitter_misc":{"Tahmini okuma s\u00fcresi":"1 dakika"},"schema":{"@context":"https:\/\/schema.org","@graph":[{"@type":["WebPage","ItemPage"],"@id":"https:\/\/www.purejewels.com\/product\/22ct-gold-om-with-peackock-fether-bansoori-pendant-46725\/","url":"https:\/\/www.purejewels.com\/product\/22ct-gold-om-with-peackock-fether-bansoori-pendant-46725\/","name":"22 Ayar Alt\u0131n Om ile Peackock T\u00fcy\u00fc ve Bansoori Kolye \u0130ngiltere","isPartOf":{"@id":"https:\/\/www.purejewels.com\/#website"},"primaryImageOfPage":{"@id":"https:\/\/www.purejewels.com\/product\/22ct-gold-om-with-peackock-fether-bansoori-pendant-46725\/#primaryimage"},"image":{"@id":"https:\/\/www.purejewels.com\/product\/22ct-gold-om-with-peackock-fether-bansoori-pendant-46725\/#primaryimage"},"thumbnailUrl":"https:\/\/static.purejewels.com\/wp-content\/uploads\/2023\/10\/46725.png","datePublished":"2023-10-26T09:23:14+00:00","dateModified":"2026-01-06T07:30:10+00:00","description":"Tavus ku\u015fu t\u00fcy\u00fc ve bansuri kolyeli 22 ayar alt\u0131n Om ile g\u00f6r\u00fcn\u00fcm\u00fcn\u00fcze ruhanilik ve zarafet kat\u0131n. \u015eimdi al\u0131\u015fveri\u015f yap\u0131n ve \u00fccretsiz teslimat al\u0131n.","breadcrumb":{"@id":"https:\/\/www.purejewels.com\/product\/22ct-gold-om-with-peackock-fether-bansoori-pendant-46725\/#breadcrumb"},"inLanguage":"tr","potentialAction":[{"@type":"ReadAction","target":["https:\/\/www.purejewels.com\/product\/22ct-gold-om-with-peackock-fether-bansoori-pendant-46725\/"]}]},{"@type":"ImageObject","inLanguage":"tr","@id":"https:\/\/www.purejewels.com\/product\/22ct-gold-om-with-peackock-fether-bansoori-pendant-46725\/#primaryimage","url":"https:\/\/static.purejewels.com\/wp-content\/uploads\/2023\/10\/46725.png","contentUrl":"https:\/\/static.purejewels.com\/wp-content\/uploads\/2023\/10\/46725.png","width":1000,"height":1000,"caption":"22ct Gold Om With Peackock Feather & Bansoori Pendant"},{"@type":"BreadcrumbList","@id":"https:\/\/www.purejewels.com\/product\/22ct-gold-om-with-peackock-fether-bansoori-pendant-46725\/#breadcrumb","itemListElement":[{"@type":"ListItem","position":1,"name":"Home","item":"https:\/\/www.purejewels.com\/"},{"@type":"ListItem","position":2,"name":"Shop","item":"https:\/\/www.purejewels.com\/shop\/"},{"@type":"ListItem","position":3,"name":"22ct Gold Om With Peackock Feather &#038; Bansoori Pendant"}]},{"@type":"WebSite","@id":"https:\/\/www.purejewels.com\/#website","url":"https:\/\/www.purejewels.com\/","name":"PureJewels \u0130ngiltere","description":"Sevgiyi Payla\u015f\u0131n","publisher":{"@id":"https:\/\/www.purejewels.com\/#organization"},"potentialAction":[{"@type":"SearchAction","target":{"@type":"EntryPoint","urlTemplate":"https:\/\/www.purejewels.com\/?s={search_term_string}"},"query-input":{"@type":"PropertyValueSpecification","valueRequired":true,"valueName":"search_term_string"}}],"inLanguage":"tr"},{"@type":"Organization","@id":"https:\/\/www.purejewels.com\/#organization","name":"PureJewels \u0130ngiltere","url":"https:\/\/www.purejewels.com\/","logo":{"@type":"ImageObject","inLanguage":"tr","@id":"https:\/\/www.purejewels.com\/#\/schema\/logo\/image\/","url":"https:\/\/static.purejewels.com\/wp-content\/uploads\/2020\/11\/Logo-PJ-New-1.png","contentUrl":"https:\/\/static.purejewels.com\/wp-content\/uploads\/2020\/11\/Logo-PJ-New-1.png","width":150,"height":80,"caption":"PureJewels UK"},"image":{"@id":"https:\/\/www.purejewels.com\/#\/schema\/logo\/image\/"}}]}},"_links":{"self":[{"href":"https:\/\/www.purejewels.com\/tr\/wp-json\/wp\/v2\/product\/352962","targetHints":{"allow":["GET"]}}],"collection":[{"href":"https:\/\/www.purejewels.com\/tr\/wp-json\/wp\/v2\/product"}],"about":[{"href":"https:\/\/www.purejewels.com\/tr\/wp-json\/wp\/v2\/types\/product"}],"replies":[{"embeddable":true,"href":"https:\/\/www.purejewels.com\/tr\/wp-json\/wp\/v2\/comments?post=352962"}],"version-history":[{"count":3,"href":"https:\/\/www.purejewels.com\/tr\/wp-json\/wp\/v2\/product\/352962\/revisions"}],"predecessor-version":[{"id":399489,"href":"https:\/\/www.purejewels.com\/tr\/wp-json\/wp\/v2\/product\/352962\/revisions\/399489"}],"wp:featuredmedia":[{"embeddable":true,"href":"https:\/\/www.purejewels.com\/tr\/wp-json\/wp\/v2\/media\/353392"}],"wp:attachment":[{"href":"https:\/\/www.purejewels.com\/tr\/wp-json\/wp\/v2\/media?parent=352962"}],"wp:term":[{"taxonomy":"product_brand","embeddable":true,"href":"https:\/\/www.purejewels.com\/tr\/wp-json\/wp\/v2\/product_brand?post=352962"},{"taxonomy":"product_cat","embeddable":true,"href":"https:\/\/www.purejewels.com\/tr\/wp-json\/wp\/v2\/product_cat?post=352962"},{"taxonomy":"product_tag","embeddable":true,"href":"https:\/\/www.purejewels.com\/tr\/wp-json\/wp\/v2\/product_tag?post=352962"}],"curies":[{"name":"wp","href":"https:\/\/api.w.org\/{rel}","templated":true}]}}