{"id":353004,"date":"2023-11-24T12:39:39","date_gmt":"2023-11-24T12:39:39","guid":{"rendered":"https:\/\/www.purejewels.com\/?post_type=product&#038;p=353004"},"modified":"2026-02-18T10:12:27","modified_gmt":"2026-02-18T10:12:27","slug":"antik-tarz-altin-bileklik-51361","status":"publish","type":"product","link":"https:\/\/www.purejewels.com\/tr\/product\/antique-style-gold-bangle-51361\/","title":{"rendered":"Antik Stil Alt\u0131n Bileklik | Armari Koleksiyonu | 2.6 Beden"},"content":{"rendered":"<p data-start=\"200\" data-end=\"586\">Bu <strong data-start=\"204\" data-end=\"233\">Antik Stil <a href=\"https:\/\/www.purejewels.com\/tr\/product\/22-carat-gold-single-bangle-34207\/\">Alt\u0131n Bileklik<\/a><\/strong> bizim <strong data-start=\"243\" data-end=\"264\">Armari Koleksiyonu<\/strong> hem miras\u0131n hem de dayan\u0131kl\u0131l\u0131\u011f\u0131n \u00e7arp\u0131c\u0131 bir kan\u0131t\u0131d\u0131r. Kelime <em data-start=\"331\" data-end=\"339\">Armari<\/em> de\u011ferli e\u015fyalar i\u00e7in g\u00fcvenli bir sand\u0131k kavram\u0131ndan t\u00fcretilen ve ayn\u0131 zamanda z\u0131rh\u0131n koruyucu g\u00fcc\u00fcn\u00fc \u00e7a\u011fr\u0131\u015ft\u0131ran anlamlarla doludur. Bu ikili ilham, sembolizmi sanatla harmanlayarak koleksiyonun her detay\u0131na yay\u0131l\u0131yor.<\/p>\n<p data-start=\"588\" data-end=\"889\"><strong data-start=\"588\" data-end=\"616\">Titiz \u0130\u015f\u00e7ilik<\/strong><br data-start=\"616\" data-end=\"619\" \/>Saf 22 ayar alt\u0131ndan d\u00f6v\u00fclen bu bileklik, hassas el d\u00f6vme teknikleriyle sertle\u015ftirilen ince alt\u0131n levhalardan \u015fekillendirilmi\u015ftir. Bu i\u015flem yaln\u0131zca formu iyile\u015ftirmekle kalmaz, ayn\u0131 zamanda yap\u0131sal b\u00fct\u00fcnl\u00fc\u011f\u00fcn\u00fc de geli\u015ftirerek onu nesiller boyu dayanacak \u015fekilde tasarlanm\u0131\u015f bir par\u00e7a haline getirir.<\/p>\n<p data-start=\"891\" data-end=\"1276\"><strong data-start=\"891\" data-end=\"919\">Karma\u015f\u0131k Kafes Tasar\u0131m\u0131<\/strong><br data-start=\"919\" data-end=\"922\" \/>Y\u00fczey, parlak kesme aletleriyle dikkatlice \u00f6l\u00e7\u00fcl\u00fcp kesilmi\u015f birbirine kenetlenen \u015fekillerden olu\u015fan geometrik bir kafes deseni sergiler. Her bir faset \u0131\u015f\u0131\u011f\u0131 farkl\u0131 bir a\u00e7\u0131dan yakalayarak siz hareket ettik\u00e7e hareket eden yumu\u015fak bir \u0131\u015f\u0131lt\u0131 yarat\u0131r. Bu kafes i\u015fi dekoratif olman\u0131n \u00f6tesinde dayan\u0131kl\u0131l\u0131k, yap\u0131 ve gelenekte bulunan sessiz g\u00fc\u00e7ten bahseder.<\/p>\n<p data-start=\"1278\" data-end=\"1570\"><strong data-start=\"1278\" data-end=\"1308\">Antik Esintili Detayland\u0131rma<\/strong><br data-start=\"1308\" data-end=\"1311\" \/>Derinlik ve belirginlik kazand\u0131rmak i\u00e7in alt\u0131n, tasar\u0131m\u0131n girintilerine oturan ince bir antik i\u015flemle tamamlanm\u0131\u015ft\u0131r. Bu sadece karma\u015f\u0131k deseni g\u00fc\u00e7lendirmekle kalmaz, ayn\u0131 zamanda bilekli\u011fe yadig\u00e2r m\u00fccevherleri an\u0131msatan, zaman i\u00e7inde y\u0131pranm\u0131\u015f bir karakter kazand\u0131r\u0131r.<\/p>\n<p data-start=\"1572\" data-end=\"1841\"><strong data-start=\"1572\" data-end=\"1597\">\u00c7ok Y\u00f6nl\u00fc Bir A\u00e7\u0131klama<\/strong><br data-start=\"1597\" data-end=\"1600\" \/>2,6 beden \u00f6l\u00e7\u00fcs\u00fcndeki bu bileklik, zarafetin bir ifadesi olarak tek ba\u015f\u0131na tak\u0131labilir veya cesur, z\u0131rh benzeri bir istif i\u00e7in e\u015fle\u015fen Armari bilekliklerle e\u015fle\u015ftirilebilir. \u0130ster geleneksel k\u0131yafetlerle ister modern sil\u00fcetlerle stilize edilsin, varl\u0131\u011f\u0131 tart\u0131\u015f\u0131lmaz.<\/p>\n<p data-start=\"1843\" data-end=\"2132\"><strong data-start=\"1843\" data-end=\"1868\">Sembolik \u00d6nem<\/strong><br data-start=\"1868\" data-end=\"1871\" \/>Armari Koleksiyonu, sadece e\u015fyalar\u0131n de\u011fil, sayg\u0131nl\u0131\u011f\u0131n, de\u011ferlerin ve miras\u0131n korunmas\u0131na de\u011fer verenler i\u00e7indir. Bu bilekli\u011fi takmak ki\u015fisel g\u00fcce, k\u00fclt\u00fcrel k\u00f6klere ve eski teknikleri ya\u015fatan yetenekli kuyumcular\u0131n sanat\u0131na bir selamd\u0131r.<\/p>","protected":false},"excerpt":{"rendered":"<p>Armari Koleksiyonu'na ait bu Antik Stil Alt\u0131n Bileklik, geleneksel kafes i\u015f\u00e7ili\u011finin g\u00fcc\u00fcn\u00fc ve zarafetini yans\u0131t\u0131yor. 22 ayar alt\u0131ndan \u00fcretilen her bir geometrik panel elde d\u00f6v\u00fclm\u00fc\u015f ve \u0131\u015f\u0131\u011f\u0131 g\u00fczel bir \u015fekilde yans\u0131tmas\u0131 i\u00e7in parlak kesilmi\u015ftir. Karma\u015f\u0131k desen dayan\u0131kl\u0131l\u0131k ve korumay\u0131 sembolize ederek hem stil hem de anlam ifade eder.<\/p>\n<ul>\n<li><strong>Malzeme:<\/strong>\u00a022 Ayar Alt\u0131n<\/li>\n<li><strong>Safl\u0131k:<\/strong> 91.6%<\/li>\n<li><strong>Hallmark:\u00a0<\/strong>\u0130ngiliz Damgas\u0131<\/li>\n<li><strong>Br\u00fct A\u011f\u0131rl\u0131k: <\/strong>15 Gms<\/li>\n<li><strong>Bileklik Boyutu:<\/strong>\u00a02.6 (Ek boyutlar i\u00e7in sorunuz)<\/li>\n<li><strong>SKU: <\/strong>51361, 51360<\/li>\n<\/ul>\n<p><strong><br \/>\nFiyat ve Teslimat:\u00a0<\/strong>KDV ve teslimat \u00fccretleri dahil<br \/>\n<strong><a href=\"https:\/\/www.purejewels.com\/tr\/i%cc%87ade-poli%cc%87ti%cc%87kasi\/\">\u0130ade Politikas\u0131<\/a><\/strong><\/p>","protected":false},"featured_media":353005,"comment_status":"closed","ping_status":"closed","template":"","meta":{"_eb_attr":"","_crsspst_to_jayantr4sg-hostcom":false},"product_brand":[],"product_cat":[5640,245,1659,236,5701,1233,1229,5271,1657,1573,1574,5349],"product_tag":[1514],"class_list":{"0":"post-353004","1":"product","2":"type-product","3":"status-publish","4":"has-post-thumbnail","6":"product_cat-armari-bangles","7":"product_cat-armari-collections","8":"product_cat-bridal-and-party-wear-gold-kada-bangle","9":"product_cat-collections","10":"product_cat-eid-jewellery","11":"product_cat-gold-bangles","12":"product_cat-22ct-gold-jewellery","13":"product_cat-occasion-wear-bangles","14":"product_cat-single-bangle","15":"product_cat-wedding-gifts","16":"product_cat-womens-jewellery","17":"product_cat-yellow-gold-jewellery","18":"product_tag-bangles","20":"first","21":"instock","22":"taxable","23":"shipping-taxable","24":"purchasable","25":"product-type-simple","26":"add-to-wishlist-before_image"},"yoast_head":"<!-- This site is optimized with the Yoast SEO plugin v27.6 - https:\/\/yoast.com\/product\/yoast-seo-wordpress\/ -->\n<title>Antique Style Gold Bangle | Size 2.6 | PureJewels UK<\/title>\n<meta name=\"description\" content=\"Order online Antique Style Gold Bangle | Size 2.6 | PureJewels UK. This beautiful bangle is made from 22k gold and features a classic antique design.\" \/>\n<meta name=\"robots\" content=\"index, follow, max-snippet:-1, max-image-preview:large, max-video-preview:-1\" \/>\n<link rel=\"canonical\" href=\"https:\/\/www.purejewels.com\/tr\/urun\/antik-tarz-altin-bileklik-51361\/\" \/>\n<meta property=\"og:locale\" content=\"tr_TR\" \/>\n<meta property=\"og:type\" content=\"article\" \/>\n<meta property=\"og:title\" content=\"Antique Style Gold Bangle | Size 2.6 | PureJewels UK\" \/>\n<meta property=\"og:description\" content=\"Order online Antique Style Gold Bangle | Size 2.6 | PureJewels UK. This beautiful bangle is made from 22k gold and features a classic antique design.\" \/>\n<meta property=\"og:url\" content=\"https:\/\/www.purejewels.com\/tr\/urun\/antik-tarz-altin-bileklik-51361\/\" \/>\n<meta property=\"og:site_name\" content=\"PureJewels UK\" \/>\n<meta property=\"article:modified_time\" content=\"2026-02-18T10:12:27+00:00\" \/>\n<meta property=\"og:image\" content=\"https:\/\/static.purejewels.com\/wp-content\/uploads\/2023\/10\/46738-final.jpg\" \/>\n\t<meta property=\"og:image:width\" content=\"1000\" \/>\n\t<meta property=\"og:image:height\" content=\"1000\" \/>\n\t<meta property=\"og:image:type\" content=\"image\/jpeg\" \/>\n<meta name=\"twitter:card\" content=\"summary_large_image\" \/>\n<meta name=\"twitter:label1\" content=\"Tahmini okuma s\u00fcresi\" \/>\n\t<meta name=\"twitter:data1\" content=\"2 dakika\" \/>\n<script type=\"application\/ld+json\" class=\"yoast-schema-graph\">{\"@context\":\"https:\\\/\\\/schema.org\",\"@graph\":[{\"@type\":[\"WebPage\",\"ItemPage\"],\"@id\":\"https:\\\/\\\/www.purejewels.com\\\/product\\\/antique-style-gold-bangle-51361\\\/\",\"url\":\"https:\\\/\\\/www.purejewels.com\\\/product\\\/antique-style-gold-bangle-51361\\\/\",\"name\":\"Antique Style Gold Bangle | Size 2.6 | PureJewels UK\",\"isPartOf\":{\"@id\":\"https:\\\/\\\/www.purejewels.com\\\/#website\"},\"primaryImageOfPage\":{\"@id\":\"https:\\\/\\\/www.purejewels.com\\\/product\\\/antique-style-gold-bangle-51361\\\/#primaryimage\"},\"image\":{\"@id\":\"https:\\\/\\\/www.purejewels.com\\\/product\\\/antique-style-gold-bangle-51361\\\/#primaryimage\"},\"thumbnailUrl\":\"https:\\\/\\\/static.purejewels.com\\\/wp-content\\\/uploads\\\/2023\\\/10\\\/46738-final.jpg\",\"datePublished\":\"2023-11-24T12:39:39+00:00\",\"dateModified\":\"2026-02-18T10:12:27+00:00\",\"description\":\"Order online Antique Style Gold Bangle | Size 2.6 | PureJewels UK. This beautiful bangle is made from 22k gold and features a classic antique design.\",\"breadcrumb\":{\"@id\":\"https:\\\/\\\/www.purejewels.com\\\/product\\\/antique-style-gold-bangle-51361\\\/#breadcrumb\"},\"inLanguage\":\"tr\",\"potentialAction\":[{\"@type\":\"ReadAction\",\"target\":[\"https:\\\/\\\/www.purejewels.com\\\/product\\\/antique-style-gold-bangle-51361\\\/\"]}]},{\"@type\":\"ImageObject\",\"inLanguage\":\"tr\",\"@id\":\"https:\\\/\\\/www.purejewels.com\\\/product\\\/antique-style-gold-bangle-51361\\\/#primaryimage\",\"url\":\"https:\\\/\\\/static.purejewels.com\\\/wp-content\\\/uploads\\\/2023\\\/10\\\/46738-final.jpg\",\"contentUrl\":\"https:\\\/\\\/static.purejewels.com\\\/wp-content\\\/uploads\\\/2023\\\/10\\\/46738-final.jpg\",\"width\":1000,\"height\":1000,\"caption\":\"Antique Style Gold Bangle\"},{\"@type\":\"BreadcrumbList\",\"@id\":\"https:\\\/\\\/www.purejewels.com\\\/product\\\/antique-style-gold-bangle-51361\\\/#breadcrumb\",\"itemListElement\":[{\"@type\":\"ListItem\",\"position\":1,\"name\":\"Home\",\"item\":\"https:\\\/\\\/www.purejewels.com\\\/\"},{\"@type\":\"ListItem\",\"position\":2,\"name\":\"Shop\",\"item\":\"https:\\\/\\\/www.purejewels.com\\\/shop\\\/\"},{\"@type\":\"ListItem\",\"position\":3,\"name\":\"Antique Style Gold Bangle | Armari Collection | Size 2.6\"}]},{\"@type\":\"WebSite\",\"@id\":\"https:\\\/\\\/www.purejewels.com\\\/#website\",\"url\":\"https:\\\/\\\/www.purejewels.com\\\/\",\"name\":\"PureJewels UK\",\"description\":\"Share the Love\",\"publisher\":{\"@id\":\"https:\\\/\\\/www.purejewels.com\\\/#organization\"},\"potentialAction\":[{\"@type\":\"SearchAction\",\"target\":{\"@type\":\"EntryPoint\",\"urlTemplate\":\"https:\\\/\\\/www.purejewels.com\\\/?s={search_term_string}\"},\"query-input\":{\"@type\":\"PropertyValueSpecification\",\"valueRequired\":true,\"valueName\":\"search_term_string\"}}],\"inLanguage\":\"tr\"},{\"@type\":\"Organization\",\"@id\":\"https:\\\/\\\/www.purejewels.com\\\/#organization\",\"name\":\"PureJewels UK\",\"url\":\"https:\\\/\\\/www.purejewels.com\\\/\",\"logo\":{\"@type\":\"ImageObject\",\"inLanguage\":\"tr\",\"@id\":\"https:\\\/\\\/www.purejewels.com\\\/#\\\/schema\\\/logo\\\/image\\\/\",\"url\":\"https:\\\/\\\/static.purejewels.com\\\/wp-content\\\/uploads\\\/2020\\\/11\\\/Logo-PJ-New-1.png\",\"contentUrl\":\"https:\\\/\\\/static.purejewels.com\\\/wp-content\\\/uploads\\\/2020\\\/11\\\/Logo-PJ-New-1.png\",\"width\":150,\"height\":80,\"caption\":\"PureJewels UK\"},\"image\":{\"@id\":\"https:\\\/\\\/www.purejewels.com\\\/#\\\/schema\\\/logo\\\/image\\\/\"}}]}<\/script>\n<!-- \/ Yoast SEO plugin. -->","yoast_head_json":{"title":"Antik Stil Alt\u0131n Bileklik | 2.6 Beden | PureJewels UK","description":"Antik Stil Alt\u0131n Bileklik | Beden 2.6 | PureJewels UK online sipari\u015f verin. Bu g\u00fczel bileklik 22 ayar alt\u0131ndan yap\u0131lm\u0131\u015ft\u0131r ve klasik bir antika tasar\u0131ma sahiptir.","robots":{"index":"index","follow":"follow","max-snippet":"max-snippet:-1","max-image-preview":"max-image-preview:large","max-video-preview":"max-video-preview:-1"},"canonical":"https:\/\/www.purejewels.com\/tr\/urun\/antik-tarz-altin-bileklik-51361\/","og_locale":"tr_TR","og_type":"article","og_title":"Antique Style Gold Bangle | Size 2.6 | PureJewels UK","og_description":"Order online Antique Style Gold Bangle | Size 2.6 | PureJewels UK. This beautiful bangle is made from 22k gold and features a classic antique design.","og_url":"https:\/\/www.purejewels.com\/tr\/urun\/antik-tarz-altin-bileklik-51361\/","og_site_name":"PureJewels UK","article_modified_time":"2026-02-18T10:12:27+00:00","og_image":[{"width":1000,"height":1000,"url":"https:\/\/static.purejewels.com\/wp-content\/uploads\/2023\/10\/46738-final.jpg","type":"image\/jpeg"}],"twitter_card":"summary_large_image","twitter_misc":{"Tahmini okuma s\u00fcresi":"2 dakika"},"schema":{"@context":"https:\/\/schema.org","@graph":[{"@type":["WebPage","ItemPage"],"@id":"https:\/\/www.purejewels.com\/product\/antique-style-gold-bangle-51361\/","url":"https:\/\/www.purejewels.com\/product\/antique-style-gold-bangle-51361\/","name":"Antik Stil Alt\u0131n Bileklik | 2.6 Beden | PureJewels UK","isPartOf":{"@id":"https:\/\/www.purejewels.com\/#website"},"primaryImageOfPage":{"@id":"https:\/\/www.purejewels.com\/product\/antique-style-gold-bangle-51361\/#primaryimage"},"image":{"@id":"https:\/\/www.purejewels.com\/product\/antique-style-gold-bangle-51361\/#primaryimage"},"thumbnailUrl":"https:\/\/static.purejewels.com\/wp-content\/uploads\/2023\/10\/46738-final.jpg","datePublished":"2023-11-24T12:39:39+00:00","dateModified":"2026-02-18T10:12:27+00:00","description":"Antik Stil Alt\u0131n Bileklik | Beden 2.6 | PureJewels UK online sipari\u015f verin. Bu g\u00fczel bileklik 22 ayar alt\u0131ndan yap\u0131lm\u0131\u015ft\u0131r ve klasik bir antika tasar\u0131ma sahiptir.","breadcrumb":{"@id":"https:\/\/www.purejewels.com\/product\/antique-style-gold-bangle-51361\/#breadcrumb"},"inLanguage":"tr","potentialAction":[{"@type":"ReadAction","target":["https:\/\/www.purejewels.com\/product\/antique-style-gold-bangle-51361\/"]}]},{"@type":"ImageObject","inLanguage":"tr","@id":"https:\/\/www.purejewels.com\/product\/antique-style-gold-bangle-51361\/#primaryimage","url":"https:\/\/static.purejewels.com\/wp-content\/uploads\/2023\/10\/46738-final.jpg","contentUrl":"https:\/\/static.purejewels.com\/wp-content\/uploads\/2023\/10\/46738-final.jpg","width":1000,"height":1000,"caption":"Antique Style Gold Bangle"},{"@type":"BreadcrumbList","@id":"https:\/\/www.purejewels.com\/product\/antique-style-gold-bangle-51361\/#breadcrumb","itemListElement":[{"@type":"ListItem","position":1,"name":"Home","item":"https:\/\/www.purejewels.com\/"},{"@type":"ListItem","position":2,"name":"Shop","item":"https:\/\/www.purejewels.com\/shop\/"},{"@type":"ListItem","position":3,"name":"Antique Style Gold Bangle | Armari Collection | Size 2.6"}]},{"@type":"WebSite","@id":"https:\/\/www.purejewels.com\/#website","url":"https:\/\/www.purejewels.com\/","name":"PureJewels \u0130ngiltere","description":"Sevgiyi Payla\u015f\u0131n","publisher":{"@id":"https:\/\/www.purejewels.com\/#organization"},"potentialAction":[{"@type":"SearchAction","target":{"@type":"EntryPoint","urlTemplate":"https:\/\/www.purejewels.com\/?s={search_term_string}"},"query-input":{"@type":"PropertyValueSpecification","valueRequired":true,"valueName":"search_term_string"}}],"inLanguage":"tr"},{"@type":"Organization","@id":"https:\/\/www.purejewels.com\/#organization","name":"PureJewels \u0130ngiltere","url":"https:\/\/www.purejewels.com\/","logo":{"@type":"ImageObject","inLanguage":"tr","@id":"https:\/\/www.purejewels.com\/#\/schema\/logo\/image\/","url":"https:\/\/static.purejewels.com\/wp-content\/uploads\/2020\/11\/Logo-PJ-New-1.png","contentUrl":"https:\/\/static.purejewels.com\/wp-content\/uploads\/2020\/11\/Logo-PJ-New-1.png","width":150,"height":80,"caption":"PureJewels UK"},"image":{"@id":"https:\/\/www.purejewels.com\/#\/schema\/logo\/image\/"}}]}},"_links":{"self":[{"href":"https:\/\/www.purejewels.com\/tr\/wp-json\/wp\/v2\/product\/353004","targetHints":{"allow":["GET"]}}],"collection":[{"href":"https:\/\/www.purejewels.com\/tr\/wp-json\/wp\/v2\/product"}],"about":[{"href":"https:\/\/www.purejewels.com\/tr\/wp-json\/wp\/v2\/types\/product"}],"replies":[{"embeddable":true,"href":"https:\/\/www.purejewels.com\/tr\/wp-json\/wp\/v2\/comments?post=353004"}],"version-history":[{"count":4,"href":"https:\/\/www.purejewels.com\/tr\/wp-json\/wp\/v2\/product\/353004\/revisions"}],"predecessor-version":[{"id":410977,"href":"https:\/\/www.purejewels.com\/tr\/wp-json\/wp\/v2\/product\/353004\/revisions\/410977"}],"wp:featuredmedia":[{"embeddable":true,"href":"https:\/\/www.purejewels.com\/tr\/wp-json\/wp\/v2\/media\/353005"}],"wp:attachment":[{"href":"https:\/\/www.purejewels.com\/tr\/wp-json\/wp\/v2\/media?parent=353004"}],"wp:term":[{"taxonomy":"product_brand","embeddable":true,"href":"https:\/\/www.purejewels.com\/tr\/wp-json\/wp\/v2\/product_brand?post=353004"},{"taxonomy":"product_cat","embeddable":true,"href":"https:\/\/www.purejewels.com\/tr\/wp-json\/wp\/v2\/product_cat?post=353004"},{"taxonomy":"product_tag","embeddable":true,"href":"https:\/\/www.purejewels.com\/tr\/wp-json\/wp\/v2\/product_tag?post=353004"}],"curies":[{"name":"wp","href":"https:\/\/api.w.org\/{rel}","templated":true}]}}