{"id":353442,"date":"2023-11-06T10:31:53","date_gmt":"2023-11-06T10:31:53","guid":{"rendered":"https:\/\/www.purejewels.com\/?post_type=product&#038;p=353442"},"modified":"2026-04-29T06:40:34","modified_gmt":"2026-04-29T05:40:34","slug":"22-ayar-altin-tasarim-tavus-kusu-kolye-ucu","status":"publish","type":"product","link":"https:\/\/www.purejewels.com\/tr\/product\/22ct-gold-designer-peacock-pendant\/","title":{"rendered":"22 Ayar Alt\u0131n Tasar\u0131m Tavus Ku\u015fu Kolye"},"content":{"rendered":"<p>Koleksiyonunuza eklemek i\u00e7in benzersiz ve zarif bir m\u00fccevher par\u00e7as\u0131 m\u0131 ar\u0131yorsunuz? 22 Ayar Alt\u0131n Tasar\u0131m Tavus Ku\u015fu Kolyemizden ba\u015fkas\u0131na bakmay\u0131n. Bu \u00e7arp\u0131c\u0131 kolye ucu, zarafeti, g\u00fczelli\u011fi ve \u015f\u0131kl\u0131\u011f\u0131 simgeleyen, g\u00fczelce i\u015flenmi\u015f bir tavus ku\u015fu tasar\u0131m\u0131na sahiptir. Karma\u015f\u0131k detaylar ve canl\u0131 mine i\u015f\u00e7ili\u011fi bu kolyeyi ger\u00e7ek bir sanat eseri haline getiriyor.<\/p>\n<p>G\u00fczelli\u011fi takdir eden bayanlar i\u00e7in \u00fcretildi <a href=\"https:\/\/www.purejewels.com\/tr\/a-guide-to-die-stamping\/\">zanaatkarl\u0131k<\/a> ve zarif tasar\u0131m\u0131yla bu kolye ucu, her durum i\u00e7in sahip olunmas\u0131 gereken bir aksesuard\u0131r. \u0130ster \u00f6zel bir etkinlik i\u00e7in giyiniyor olun, ister g\u00fcnl\u00fck g\u00f6r\u00fcn\u00fcm\u00fcn\u00fcze l\u00fcks bir dokunu\u015f katmak isteyin, bu kolyenin dikkatleri \u00fczerine \u00e7ekece\u011finden emin olabilirsiniz.<\/p>\n<p>22 Ayar Alt\u0131n Tasar\u0131m Tavus Ku\u015fu Kolyeyi koleksiyonunuza bug\u00fcn ekleyin!<\/p>","protected":false},"excerpt":{"rendered":"<table style=\"border-collapse: collapse; width: 100%; height: 262px;\">\n<tbody>\n<tr style=\"height: 28px;\">\n<td style=\"width: 34%; height: 28px;\">Kolye Tipi<\/td>\n<td style=\"width: 66%; height: 28px;\">Emaye Bayan Kolye Ucu<\/td>\n<\/tr>\n<tr style=\"height: 28px;\">\n<td style=\"width: 34%; height: 28px;\">SKU<\/td>\n<td style=\"width: 66%; height: 28px;\">46689<\/td>\n<\/tr>\n<tr style=\"height: 28px;\">\n<td style=\"width: 34%; height: 28px;\">A\u011f\u0131rl\u0131k<\/td>\n<td style=\"width: 66%; height: 28px;\">4.4 gms<\/td>\n<\/tr>\n<tr style=\"height: 28px;\">\n<td style=\"width: 34%; height: 10px;\">Boyut<\/td>\n<td style=\"width: 66%; height: 10px;\">Geni\u015flik 18mm, Uzunluk (kancal\u0131 50mm, kancas\u0131z 43mm)<\/td>\n<\/tr>\n<tr style=\"height: 28px;\">\n<td style=\"width: 34%; height: 28px;\">\u00dccretler<\/td>\n<td style=\"width: 66%; height: 28px;\">Teslimat ve KDV Dahil<\/td>\n<\/tr>\n<tr style=\"height: 28px;\">\n<td style=\"width: 34%; height: 28px;\">Paketleme<\/td>\n<td style=\"width: 66%; height: 28px;\">Sunum Kutusu ile Birlikte Gelir<\/td>\n<\/tr>\n<tr style=\"height: 112px;\">\n<td style=\"width: 34%; height: 112px;\">Daha Fazla Bilgi<\/td>\n<td style=\"width: 66%; height: 112px;\">\n<ul>\n<li>Zincir fiyata dahil de\u011fildir<\/li>\n<li>Koleksiyonumuzu g\u00f6r\u00fcnt\u00fcleyin\u00a0<strong>Zincirler<\/strong><\/li>\n<li>M\u00fcsaitlik durumu ve daha fazla resim i\u00e7in bizimle canl\u0131 sohbet edin<\/li>\n<\/ul>\n<\/td>\n<\/tr>\n<\/tbody>\n<\/table>","protected":false},"featured_media":353450,"comment_status":"closed","ping_status":"closed","template":"","meta":{"_eb_attr":"","_crsspst_to_jayantr4sg-hostcom":true},"product_brand":[],"product_cat":[1791,1559,1793,1770,1792,1229,1255,1767,1569,1574,5349],"product_tag":[],"class_list":{"0":"post-353442","1":"product","2":"type-product","3":"status-publish","4":"has-post-thumbnail","6":"product_cat-anniversary-gifts","7":"product_cat-birthday-gifts","8":"product_cat-diwali-gifts","9":"product_cat-fancy-pendants","10":"product_cat-festival-gifts","11":"product_cat-22ct-gold-jewellery","12":"product_cat-gold-pendants","13":"product_cat-ladies-pendants","14":"product_cat-valentine-day-gifts","15":"product_cat-womens-jewellery","16":"product_cat-yellow-gold-jewellery","18":"first","19":"instock","20":"taxable","21":"shipping-taxable","22":"purchasable","23":"product-type-simple","24":"add-to-wishlist-before_image"},"yoast_head":"<!-- This site is optimized with the Yoast SEO plugin v27.5 - https:\/\/yoast.com\/product\/yoast-seo-wordpress\/ -->\n<title>Shop 22ct Gold Designer Peacock Pendant | PureJewels UK<\/title>\n<meta name=\"description\" content=\"Order online and grace your neck with a stunning 22ct Gold Designer Peacock Pendant. Elevate your style with our Jewellery collection. Shop now!\" \/>\n<meta name=\"robots\" content=\"index, follow, max-snippet:-1, max-image-preview:large, max-video-preview:-1\" \/>\n<link rel=\"canonical\" href=\"https:\/\/www.purejewels.com\/tr\/urun\/22-ayar-altin-tasarim-tavus-kusu-kolye-ucu\/\" \/>\n<meta property=\"og:locale\" content=\"tr_TR\" \/>\n<meta property=\"og:type\" content=\"article\" \/>\n<meta property=\"og:title\" content=\"Shop 22ct Gold Designer Peacock Pendant | PureJewels UK\" \/>\n<meta property=\"og:description\" content=\"Order online and grace your neck with a stunning 22ct Gold Designer Peacock Pendant. Elevate your style with our Jewellery collection. Shop now!\" \/>\n<meta property=\"og:url\" content=\"https:\/\/www.purejewels.com\/tr\/urun\/22-ayar-altin-tasarim-tavus-kusu-kolye-ucu\/\" \/>\n<meta property=\"og:site_name\" content=\"PureJewels UK\" \/>\n<meta property=\"article:modified_time\" content=\"2026-04-29T05:40:34+00:00\" \/>\n<meta property=\"og:image\" content=\"https:\/\/static.purejewels.com\/wp-content\/uploads\/2023\/11\/46689.png\" \/>\n\t<meta property=\"og:image:width\" content=\"1000\" \/>\n\t<meta property=\"og:image:height\" content=\"1000\" \/>\n\t<meta property=\"og:image:type\" content=\"image\/png\" \/>\n<meta name=\"twitter:card\" content=\"summary_large_image\" \/>\n<meta name=\"twitter:label1\" content=\"Tahmini okuma s\u00fcresi\" \/>\n\t<meta name=\"twitter:data1\" content=\"1 dakika\" \/>\n<script type=\"application\/ld+json\" class=\"yoast-schema-graph\">{\"@context\":\"https:\\\/\\\/schema.org\",\"@graph\":[{\"@type\":[\"WebPage\",\"ItemPage\"],\"@id\":\"https:\\\/\\\/www.purejewels.com\\\/product\\\/22ct-gold-designer-peacock-pendant\\\/\",\"url\":\"https:\\\/\\\/www.purejewels.com\\\/product\\\/22ct-gold-designer-peacock-pendant\\\/\",\"name\":\"Shop 22ct Gold Designer Peacock Pendant | PureJewels UK\",\"isPartOf\":{\"@id\":\"https:\\\/\\\/www.purejewels.com\\\/#website\"},\"primaryImageOfPage\":{\"@id\":\"https:\\\/\\\/www.purejewels.com\\\/product\\\/22ct-gold-designer-peacock-pendant\\\/#primaryimage\"},\"image\":{\"@id\":\"https:\\\/\\\/www.purejewels.com\\\/product\\\/22ct-gold-designer-peacock-pendant\\\/#primaryimage\"},\"thumbnailUrl\":\"https:\\\/\\\/static.purejewels.com\\\/wp-content\\\/uploads\\\/2023\\\/11\\\/46689.png\",\"datePublished\":\"2023-11-06T10:31:53+00:00\",\"dateModified\":\"2026-04-29T05:40:34+00:00\",\"description\":\"Order online and grace your neck with a stunning 22ct Gold Designer Peacock Pendant. Elevate your style with our Jewellery collection. Shop now!\",\"breadcrumb\":{\"@id\":\"https:\\\/\\\/www.purejewels.com\\\/product\\\/22ct-gold-designer-peacock-pendant\\\/#breadcrumb\"},\"inLanguage\":\"tr\",\"potentialAction\":[{\"@type\":\"ReadAction\",\"target\":[\"https:\\\/\\\/www.purejewels.com\\\/product\\\/22ct-gold-designer-peacock-pendant\\\/\"]}]},{\"@type\":\"ImageObject\",\"inLanguage\":\"tr\",\"@id\":\"https:\\\/\\\/www.purejewels.com\\\/product\\\/22ct-gold-designer-peacock-pendant\\\/#primaryimage\",\"url\":\"https:\\\/\\\/static.purejewels.com\\\/wp-content\\\/uploads\\\/2023\\\/11\\\/46689.png\",\"contentUrl\":\"https:\\\/\\\/static.purejewels.com\\\/wp-content\\\/uploads\\\/2023\\\/11\\\/46689.png\",\"width\":1000,\"height\":1000,\"caption\":\"22ct Gold Designer Peacock Pendant\"},{\"@type\":\"BreadcrumbList\",\"@id\":\"https:\\\/\\\/www.purejewels.com\\\/product\\\/22ct-gold-designer-peacock-pendant\\\/#breadcrumb\",\"itemListElement\":[{\"@type\":\"ListItem\",\"position\":1,\"name\":\"Home\",\"item\":\"https:\\\/\\\/www.purejewels.com\\\/\"},{\"@type\":\"ListItem\",\"position\":2,\"name\":\"Shop\",\"item\":\"https:\\\/\\\/www.purejewels.com\\\/shop\\\/\"},{\"@type\":\"ListItem\",\"position\":3,\"name\":\"22ct Gold Designer Peacock Pendant\"}]},{\"@type\":\"WebSite\",\"@id\":\"https:\\\/\\\/www.purejewels.com\\\/#website\",\"url\":\"https:\\\/\\\/www.purejewels.com\\\/\",\"name\":\"PureJewels UK\",\"description\":\"Share the Love\",\"publisher\":{\"@id\":\"https:\\\/\\\/www.purejewels.com\\\/#organization\"},\"potentialAction\":[{\"@type\":\"SearchAction\",\"target\":{\"@type\":\"EntryPoint\",\"urlTemplate\":\"https:\\\/\\\/www.purejewels.com\\\/?s={search_term_string}\"},\"query-input\":{\"@type\":\"PropertyValueSpecification\",\"valueRequired\":true,\"valueName\":\"search_term_string\"}}],\"inLanguage\":\"tr\"},{\"@type\":\"Organization\",\"@id\":\"https:\\\/\\\/www.purejewels.com\\\/#organization\",\"name\":\"PureJewels UK\",\"url\":\"https:\\\/\\\/www.purejewels.com\\\/\",\"logo\":{\"@type\":\"ImageObject\",\"inLanguage\":\"tr\",\"@id\":\"https:\\\/\\\/www.purejewels.com\\\/#\\\/schema\\\/logo\\\/image\\\/\",\"url\":\"https:\\\/\\\/static.purejewels.com\\\/wp-content\\\/uploads\\\/2020\\\/11\\\/Logo-PJ-New-1.png\",\"contentUrl\":\"https:\\\/\\\/static.purejewels.com\\\/wp-content\\\/uploads\\\/2020\\\/11\\\/Logo-PJ-New-1.png\",\"width\":150,\"height\":80,\"caption\":\"PureJewels UK\"},\"image\":{\"@id\":\"https:\\\/\\\/www.purejewels.com\\\/#\\\/schema\\\/logo\\\/image\\\/\"}}]}<\/script>\n<!-- \/ Yoast SEO plugin. -->","yoast_head_json":{"title":"22 Ayar Alt\u0131n Tasar\u0131m Tavusku\u015fu Kolye Sat\u0131n Al\u0131n | PureJewels UK","description":"Online sipari\u015f verin ve boynunuzu \u00e7arp\u0131c\u0131 bir 22 Ayar Alt\u0131n Tasar\u0131m Tavus Ku\u015fu Kolyesi ile s\u00fcsleyin. M\u00fccevher koleksiyonumuzla tarz\u0131n\u0131z\u0131 y\u00fckseltin. \u015eimdi al\u0131\u015fveri\u015f yap\u0131n!","robots":{"index":"index","follow":"follow","max-snippet":"max-snippet:-1","max-image-preview":"max-image-preview:large","max-video-preview":"max-video-preview:-1"},"canonical":"https:\/\/www.purejewels.com\/tr\/urun\/22-ayar-altin-tasarim-tavus-kusu-kolye-ucu\/","og_locale":"tr_TR","og_type":"article","og_title":"Shop 22ct Gold Designer Peacock Pendant | PureJewels UK","og_description":"Order online and grace your neck with a stunning 22ct Gold Designer Peacock Pendant. Elevate your style with our Jewellery collection. Shop now!","og_url":"https:\/\/www.purejewels.com\/tr\/urun\/22-ayar-altin-tasarim-tavus-kusu-kolye-ucu\/","og_site_name":"PureJewels UK","article_modified_time":"2026-04-29T05:40:34+00:00","og_image":[{"width":1000,"height":1000,"url":"https:\/\/static.purejewels.com\/wp-content\/uploads\/2023\/11\/46689.png","type":"image\/png"}],"twitter_card":"summary_large_image","twitter_misc":{"Tahmini okuma s\u00fcresi":"1 dakika"},"schema":{"@context":"https:\/\/schema.org","@graph":[{"@type":["WebPage","ItemPage"],"@id":"https:\/\/www.purejewels.com\/product\/22ct-gold-designer-peacock-pendant\/","url":"https:\/\/www.purejewels.com\/product\/22ct-gold-designer-peacock-pendant\/","name":"22 Ayar Alt\u0131n Tasar\u0131m Tavusku\u015fu Kolye Sat\u0131n Al\u0131n | PureJewels UK","isPartOf":{"@id":"https:\/\/www.purejewels.com\/#website"},"primaryImageOfPage":{"@id":"https:\/\/www.purejewels.com\/product\/22ct-gold-designer-peacock-pendant\/#primaryimage"},"image":{"@id":"https:\/\/www.purejewels.com\/product\/22ct-gold-designer-peacock-pendant\/#primaryimage"},"thumbnailUrl":"https:\/\/static.purejewels.com\/wp-content\/uploads\/2023\/11\/46689.png","datePublished":"2023-11-06T10:31:53+00:00","dateModified":"2026-04-29T05:40:34+00:00","description":"Online sipari\u015f verin ve boynunuzu \u00e7arp\u0131c\u0131 bir 22 Ayar Alt\u0131n Tasar\u0131m Tavus Ku\u015fu Kolyesi ile s\u00fcsleyin. M\u00fccevher koleksiyonumuzla tarz\u0131n\u0131z\u0131 y\u00fckseltin. \u015eimdi al\u0131\u015fveri\u015f yap\u0131n!","breadcrumb":{"@id":"https:\/\/www.purejewels.com\/product\/22ct-gold-designer-peacock-pendant\/#breadcrumb"},"inLanguage":"tr","potentialAction":[{"@type":"ReadAction","target":["https:\/\/www.purejewels.com\/product\/22ct-gold-designer-peacock-pendant\/"]}]},{"@type":"ImageObject","inLanguage":"tr","@id":"https:\/\/www.purejewels.com\/product\/22ct-gold-designer-peacock-pendant\/#primaryimage","url":"https:\/\/static.purejewels.com\/wp-content\/uploads\/2023\/11\/46689.png","contentUrl":"https:\/\/static.purejewels.com\/wp-content\/uploads\/2023\/11\/46689.png","width":1000,"height":1000,"caption":"22ct Gold Designer Peacock Pendant"},{"@type":"BreadcrumbList","@id":"https:\/\/www.purejewels.com\/product\/22ct-gold-designer-peacock-pendant\/#breadcrumb","itemListElement":[{"@type":"ListItem","position":1,"name":"Home","item":"https:\/\/www.purejewels.com\/"},{"@type":"ListItem","position":2,"name":"Shop","item":"https:\/\/www.purejewels.com\/shop\/"},{"@type":"ListItem","position":3,"name":"22ct Gold Designer Peacock Pendant"}]},{"@type":"WebSite","@id":"https:\/\/www.purejewels.com\/#website","url":"https:\/\/www.purejewels.com\/","name":"PureJewels \u0130ngiltere","description":"Sevgiyi Payla\u015f\u0131n","publisher":{"@id":"https:\/\/www.purejewels.com\/#organization"},"potentialAction":[{"@type":"SearchAction","target":{"@type":"EntryPoint","urlTemplate":"https:\/\/www.purejewels.com\/?s={search_term_string}"},"query-input":{"@type":"PropertyValueSpecification","valueRequired":true,"valueName":"search_term_string"}}],"inLanguage":"tr"},{"@type":"Organization","@id":"https:\/\/www.purejewels.com\/#organization","name":"PureJewels \u0130ngiltere","url":"https:\/\/www.purejewels.com\/","logo":{"@type":"ImageObject","inLanguage":"tr","@id":"https:\/\/www.purejewels.com\/#\/schema\/logo\/image\/","url":"https:\/\/static.purejewels.com\/wp-content\/uploads\/2020\/11\/Logo-PJ-New-1.png","contentUrl":"https:\/\/static.purejewels.com\/wp-content\/uploads\/2020\/11\/Logo-PJ-New-1.png","width":150,"height":80,"caption":"PureJewels UK"},"image":{"@id":"https:\/\/www.purejewels.com\/#\/schema\/logo\/image\/"}}]}},"_links":{"self":[{"href":"https:\/\/www.purejewels.com\/tr\/wp-json\/wp\/v2\/product\/353442","targetHints":{"allow":["GET"]}}],"collection":[{"href":"https:\/\/www.purejewels.com\/tr\/wp-json\/wp\/v2\/product"}],"about":[{"href":"https:\/\/www.purejewels.com\/tr\/wp-json\/wp\/v2\/types\/product"}],"replies":[{"embeddable":true,"href":"https:\/\/www.purejewels.com\/tr\/wp-json\/wp\/v2\/comments?post=353442"}],"version-history":[{"count":3,"href":"https:\/\/www.purejewels.com\/tr\/wp-json\/wp\/v2\/product\/353442\/revisions"}],"predecessor-version":[{"id":420357,"href":"https:\/\/www.purejewels.com\/tr\/wp-json\/wp\/v2\/product\/353442\/revisions\/420357"}],"wp:featuredmedia":[{"embeddable":true,"href":"https:\/\/www.purejewels.com\/tr\/wp-json\/wp\/v2\/media\/353450"}],"wp:attachment":[{"href":"https:\/\/www.purejewels.com\/tr\/wp-json\/wp\/v2\/media?parent=353442"}],"wp:term":[{"taxonomy":"product_brand","embeddable":true,"href":"https:\/\/www.purejewels.com\/tr\/wp-json\/wp\/v2\/product_brand?post=353442"},{"taxonomy":"product_cat","embeddable":true,"href":"https:\/\/www.purejewels.com\/tr\/wp-json\/wp\/v2\/product_cat?post=353442"},{"taxonomy":"product_tag","embeddable":true,"href":"https:\/\/www.purejewels.com\/tr\/wp-json\/wp\/v2\/product_tag?post=353442"}],"curies":[{"name":"wp","href":"https:\/\/api.w.org\/{rel}","templated":true}]}}