{"id":353677,"date":"2024-07-07T09:03:59","date_gmt":"2024-07-07T08:03:59","guid":{"rendered":"https:\/\/www.purejewels.com\/?post_type=product&#038;p=353677"},"modified":"2026-01-06T11:29:00","modified_gmt":"2026-01-06T11:29:00","slug":"22-ayar-altin-gelin-do-ladda-kolye-47107","status":"publish","type":"product","link":"https:\/\/www.purejewels.com\/tr\/product\/22ct-gold-bridal-do-ladda-necklace-47107\/","title":{"rendered":"22 Ayar Alt\u0131n Gelin Do Ladda Kolye | Antik Mat Kaplama"},"content":{"rendered":"<p data-start=\"619\" data-end=\"1041\"><strong data-start=\"619\" data-end=\"638\">Tasar\u0131m Konsepti<\/strong><\/p>\n<p data-start=\"619\" data-end=\"1041\">Tasar\u0131m, katmanl\u0131 kolyelerin ihti\u015fam\u0131 ve bereketi temsil etti\u011fi geleneksel G\u00fcney Asya gelin tak\u0131lar\u0131ndan ilham al\u0131yor. \u00c7ift iplikli (Do Ladda) stil g\u00fc\u00e7 ve birli\u011fi temsil ederken, s\u00fcsl\u00fc \u00e7i\u00e7ek motifleri bereket, a\u015fk ve yeni ba\u015flang\u0131\u00e7lardan bahseder. Mat antika dokusuyla tamamlanan bu kolye, nesiller boyu aktar\u0131lan yadig\u00e2r hazinelerin cazibesini \u00e7a\u011fr\u0131\u015ft\u0131r\u0131yor.<\/p>\n<hr data-start=\"1043\" data-end=\"1046\" \/>\n<p data-start=\"1048\" data-end=\"1489\"><strong data-start=\"1048\" data-end=\"1066\"><a href=\"https:\/\/www.purejewels.com\/tr\/a-guide-to-die-stamping\/\">Zanaatkarl\u0131k<\/a><\/strong><\/p>\n<p data-start=\"1048\" data-end=\"1489\">22 ayar sar\u0131 alt\u0131ndan titizlikle i\u015flenen bu kolye, usta zanaatk\u00e2rlar\u0131n becerisini g\u00f6zler \u00f6n\u00fcne seriyor. Her bir boncuk, motif ve k\u0131vr\u0131m, dayan\u0131kl\u0131l\u0131\u011f\u0131 karma\u015f\u0131k g\u00fczellikle dengeleyen bir par\u00e7a yaratmak i\u00e7in hassasiyetle \u015fekillendirilmi\u015ftir. Antik mat kaplama, desenlerinin derinli\u011fini art\u0131rarak ona zamans\u0131z, mirastan ilham alan bir g\u00f6r\u00fcn\u00fcm kazand\u0131r\u0131r. Londra Assay Ofisi taraf\u0131ndan tam damgalanm\u0131\u015f olmas\u0131 safl\u0131\u011f\u0131 ve \u00f6zg\u00fcnl\u00fc\u011f\u00fc garanti eder.<\/p>\n<hr data-start=\"1491\" data-end=\"1494\" \/>\n<p data-start=\"1496\" data-end=\"2036\"><strong data-start=\"1496\" data-end=\"1514\">Stil Fikirleri<\/strong><\/p>\n<p data-start=\"1496\" data-end=\"2036\">Bu Do Ladda gelin kolyesi, bir gelinin hayat\u0131n\u0131n en \u00f6nemli g\u00fcn\u00fcnde bir a\u00e7\u0131klama yapmak i\u00e7in tasarlanm\u0131\u015ft\u0131r. Gelin lehengas\u0131, saree veya geleneksel k\u0131yafetlerle en \u00f6nemli par\u00e7a olarak tak\u0131ld\u0131\u011f\u0131nda, g\u00f6rkemli bir hava katar ve ihti\u015fam\u0131yla t\u00fcm g\u00f6r\u00fcn\u00fcm\u00fc d\u00f6n\u00fc\u015ft\u00fcr\u00fcr. Katmanl\u0131 bir gelin toplulu\u011fu i\u00e7in, tam bir muhte\u015fem set olu\u015fturmak \u00fczere gerdanl\u0131klar, bilezikler veya e\u015fle\u015fen jhumka k\u00fcpeleri ile e\u015fle\u015ftirilebilir. D\u00fc\u011f\u00fcnden sonra da festivaller, k\u00fclt\u00fcrel t\u00f6renler veya miras b\u0131rak\u0131lacak bir par\u00e7a olarak de\u011ferli bir yadig\u00e2r olarak kal\u0131r.<\/p>","protected":false},"excerpt":{"rendered":"<table class=\"sh_desc\" style=\"width: 100%; height: 308px;\">\n<tbody>\n<tr style=\"height: 28px;\">\n<td style=\"height: 28px;\">Kolye Tipi<\/td>\n<td style=\"height: 28px;\">Do Lada Kolye<\/td>\n<\/tr>\n<tr style=\"height: 28px;\">\n<td style=\"height: 28px;\">SKU<\/td>\n<td style=\"height: 28px;\">47107<\/td>\n<\/tr>\n<tr style=\"height: 28px;\">\n<td style=\"height: 28px;\">A\u011f\u0131rl\u0131k<\/td>\n<td style=\"height: 28px;\">36,8 Gms<\/td>\n<\/tr>\n<tr style=\"height: 28px;\">\n<td style=\"height: 28px;\">Metal<\/td>\n<td style=\"height: 28px;\">22 Ayar Alt\u0131n<\/td>\n<\/tr>\n<tr style=\"height: 28px;\">\n<td style=\"height: 28px;\">KatalogID<\/td>\n<td style=\"height: 28px;\">R1028<\/td>\n<\/tr>\n<tr style=\"height: 28px;\">\n<td style=\"height: 28px;\">Hallmark<\/td>\n<td style=\"height: 28px;\">Londra Tahlil Ofisi Taraf\u0131ndan Damgalanm\u0131\u015f 22 Ayar Alt\u0131n<\/td>\n<\/tr>\n<tr style=\"height: 28px;\">\n<td style=\"height: 28px;\">\u00dccretler<\/td>\n<td style=\"height: 28px;\">Teslimat ve KDV Dahil<\/td>\n<\/tr>\n<tr style=\"height: 28px;\">\n<td style=\"height: 28px;\">Paketleme<\/td>\n<td style=\"height: 28px;\">Sunum Kutusu ile Birlikte Gelir<\/td>\n<\/tr>\n<tr style=\"height: 84px;\">\n<td style=\"height: 84px;\">Daha Fazla Bilgi<\/td>\n<td style=\"height: 84px;\">\n<ul>\n<li>M\u00fcsaitlik durumu ve daha fazla resim i\u00e7in bizimle canl\u0131 sohbet edin<\/li>\n<li>Bizim ke\u015ffedin\u00a0<strong>alt\u0131n tak\u0131 seti<\/strong><\/li>\n<li>M\u00fccevherlerinizi a\u015fa\u011f\u0131dakilerle e\u015fle\u015ftirebilirsiniz\n<ul>\n<li style=\"list-style-type: none;\">\n<ul>\n<li><strong>Jhumkha K\u00fcpe<\/strong><\/li>\n<li><strong>Burun Pimi<\/strong><\/li>\n<li><b style=\"font-family: inherit; font-size: inherit;\">Bilezikli\/Pon\u00e7al\u0131 Haath Phool<\/b><\/li>\n<li><strong>Bileklik\/Pon\u00e7a ile Haath Phool<\/strong><\/li>\n<\/ul>\n<\/li>\n<\/ul>\n<\/li>\n<\/ul>\n<\/td>\n<\/tr>\n<\/tbody>\n<\/table>","protected":false},"featured_media":366319,"comment_status":"closed","ping_status":"closed","template":"","meta":{"_eb_attr":"","_crsspst_to_jayantr4sg-hostcom":false},"product_brand":[],"product_cat":[1780,5950,236,1790,1229,1253,5945,1656,5275,1573,1574],"product_tag":[],"class_list":{"0":"post-353677","1":"product","2":"type-product","3":"status-publish","4":"has-post-thumbnail","6":"product_cat-antique-style-necklaces","7":"product_cat-bridal-necklace","8":"product_cat-collections","9":"product_cat-for-whom-when","10":"product_cat-22ct-gold-jewellery","11":"product_cat-gold-necklaces","12":"product_cat-rani-haar","13":"product_cat-rosettes-collections","14":"product_cat-rosettes-necklace","15":"product_cat-wedding-gifts","16":"product_cat-womens-jewellery","18":"first","19":"onbackorder","20":"taxable","21":"shipping-taxable","22":"product-type-simple","23":"add-to-wishlist-before_image"},"yoast_head":"<!-- This site is optimized with the Yoast SEO plugin v27.3 - https:\/\/yoast.com\/product\/yoast-seo-wordpress\/ -->\n<title>22ct Gold Bridal Multi Layered Necklace | Antique Matte Finish<\/title>\n<meta name=\"description\" content=\"22ct gold bridal haar is the perfect finishing touch to your wedding day look. The antique matte finish gives it a timeless elegance.\" \/>\n<meta name=\"robots\" content=\"index, follow, max-snippet:-1, max-image-preview:large, max-video-preview:-1\" \/>\n<link rel=\"canonical\" href=\"https:\/\/www.purejewels.com\/tr\/urun\/22-ayar-altin-gelin-do-ladda-kolye-47107\/\" \/>\n<meta property=\"og:locale\" content=\"tr_TR\" \/>\n<meta property=\"og:type\" content=\"article\" \/>\n<meta property=\"og:title\" content=\"22ct Gold Bridal Multi Layered Necklace | Antique Matte Finish\" \/>\n<meta property=\"og:description\" content=\"22ct gold bridal haar is the perfect finishing touch to your wedding day look. The antique matte finish gives it a timeless elegance.\" \/>\n<meta property=\"og:url\" content=\"https:\/\/www.purejewels.com\/tr\/urun\/22-ayar-altin-gelin-do-ladda-kolye-47107\/\" \/>\n<meta property=\"og:site_name\" content=\"PureJewels UK\" \/>\n<meta property=\"article:modified_time\" content=\"2026-01-06T11:29:00+00:00\" \/>\n<meta property=\"og:image\" content=\"https:\/\/static.purejewels.com\/wp-content\/uploads\/2024\/06\/47107.png\" \/>\n\t<meta property=\"og:image:width\" content=\"1000\" \/>\n\t<meta property=\"og:image:height\" content=\"1000\" \/>\n\t<meta property=\"og:image:type\" content=\"image\/png\" \/>\n<meta name=\"twitter:card\" content=\"summary_large_image\" \/>\n<meta name=\"twitter:label1\" content=\"Tahmini okuma s\u00fcresi\" \/>\n\t<meta name=\"twitter:data1\" content=\"1 dakika\" \/>\n<script type=\"application\/ld+json\" class=\"yoast-schema-graph\">{\"@context\":\"https:\\\/\\\/schema.org\",\"@graph\":[{\"@type\":[\"WebPage\",\"ItemPage\"],\"@id\":\"https:\\\/\\\/www.purejewels.com\\\/product\\\/22ct-gold-bridal-do-ladda-necklace-47107\\\/\",\"url\":\"https:\\\/\\\/www.purejewels.com\\\/product\\\/22ct-gold-bridal-do-ladda-necklace-47107\\\/\",\"name\":\"22ct Gold Bridal Multi Layered Necklace | Antique Matte Finish\",\"isPartOf\":{\"@id\":\"https:\\\/\\\/www.purejewels.com\\\/#website\"},\"primaryImageOfPage\":{\"@id\":\"https:\\\/\\\/www.purejewels.com\\\/product\\\/22ct-gold-bridal-do-ladda-necklace-47107\\\/#primaryimage\"},\"image\":{\"@id\":\"https:\\\/\\\/www.purejewels.com\\\/product\\\/22ct-gold-bridal-do-ladda-necklace-47107\\\/#primaryimage\"},\"thumbnailUrl\":\"https:\\\/\\\/static.purejewels.com\\\/wp-content\\\/uploads\\\/2024\\\/06\\\/47107.png\",\"datePublished\":\"2024-07-07T08:03:59+00:00\",\"dateModified\":\"2026-01-06T11:29:00+00:00\",\"description\":\"22ct gold bridal haar is the perfect finishing touch to your wedding day look. The antique matte finish gives it a timeless elegance.\",\"breadcrumb\":{\"@id\":\"https:\\\/\\\/www.purejewels.com\\\/product\\\/22ct-gold-bridal-do-ladda-necklace-47107\\\/#breadcrumb\"},\"inLanguage\":\"tr\",\"potentialAction\":[{\"@type\":\"ReadAction\",\"target\":[\"https:\\\/\\\/www.purejewels.com\\\/product\\\/22ct-gold-bridal-do-ladda-necklace-47107\\\/\"]}]},{\"@type\":\"ImageObject\",\"inLanguage\":\"tr\",\"@id\":\"https:\\\/\\\/www.purejewels.com\\\/product\\\/22ct-gold-bridal-do-ladda-necklace-47107\\\/#primaryimage\",\"url\":\"https:\\\/\\\/static.purejewels.com\\\/wp-content\\\/uploads\\\/2024\\\/06\\\/47107.png\",\"contentUrl\":\"https:\\\/\\\/static.purejewels.com\\\/wp-content\\\/uploads\\\/2024\\\/06\\\/47107.png\",\"width\":1000,\"height\":1000,\"caption\":\"22ct Gold Necklace\"},{\"@type\":\"BreadcrumbList\",\"@id\":\"https:\\\/\\\/www.purejewels.com\\\/product\\\/22ct-gold-bridal-do-ladda-necklace-47107\\\/#breadcrumb\",\"itemListElement\":[{\"@type\":\"ListItem\",\"position\":1,\"name\":\"Home\",\"item\":\"https:\\\/\\\/www.purejewels.com\\\/\"},{\"@type\":\"ListItem\",\"position\":2,\"name\":\"Shop\",\"item\":\"https:\\\/\\\/www.purejewels.com\\\/shop\\\/\"},{\"@type\":\"ListItem\",\"position\":3,\"name\":\"22ct Gold Bridal Do Ladda Necklace | Antique Matte Finish\"}]},{\"@type\":\"WebSite\",\"@id\":\"https:\\\/\\\/www.purejewels.com\\\/#website\",\"url\":\"https:\\\/\\\/www.purejewels.com\\\/\",\"name\":\"PureJewels UK\",\"description\":\"Share the Love\",\"publisher\":{\"@id\":\"https:\\\/\\\/www.purejewels.com\\\/#organization\"},\"potentialAction\":[{\"@type\":\"SearchAction\",\"target\":{\"@type\":\"EntryPoint\",\"urlTemplate\":\"https:\\\/\\\/www.purejewels.com\\\/?s={search_term_string}\"},\"query-input\":{\"@type\":\"PropertyValueSpecification\",\"valueRequired\":true,\"valueName\":\"search_term_string\"}}],\"inLanguage\":\"tr\"},{\"@type\":\"Organization\",\"@id\":\"https:\\\/\\\/www.purejewels.com\\\/#organization\",\"name\":\"PureJewels UK\",\"url\":\"https:\\\/\\\/www.purejewels.com\\\/\",\"logo\":{\"@type\":\"ImageObject\",\"inLanguage\":\"tr\",\"@id\":\"https:\\\/\\\/www.purejewels.com\\\/#\\\/schema\\\/logo\\\/image\\\/\",\"url\":\"https:\\\/\\\/static.purejewels.com\\\/wp-content\\\/uploads\\\/2020\\\/11\\\/Logo-PJ-New-1.png\",\"contentUrl\":\"https:\\\/\\\/static.purejewels.com\\\/wp-content\\\/uploads\\\/2020\\\/11\\\/Logo-PJ-New-1.png\",\"width\":150,\"height\":80,\"caption\":\"PureJewels UK\"},\"image\":{\"@id\":\"https:\\\/\\\/www.purejewels.com\\\/#\\\/schema\\\/logo\\\/image\\\/\"}}]}<\/script>\n<!-- \/ Yoast SEO plugin. -->","yoast_head_json":{"title":"22 Ayar Alt\u0131n Gelin \u00c7ok Katl\u0131 Kolye | Antik Mat Kaplama","description":"22 ayar alt\u0131n gelin haar\u0131, d\u00fc\u011f\u00fcn g\u00fcn\u00fc g\u00f6r\u00fcn\u00fcm\u00fcn\u00fcze m\u00fckemmel bir son dokunu\u015f. Antik mat kaplama ona zamans\u0131z bir \u015f\u0131kl\u0131k kazand\u0131r\u0131r.","robots":{"index":"index","follow":"follow","max-snippet":"max-snippet:-1","max-image-preview":"max-image-preview:large","max-video-preview":"max-video-preview:-1"},"canonical":"https:\/\/www.purejewels.com\/tr\/urun\/22-ayar-altin-gelin-do-ladda-kolye-47107\/","og_locale":"tr_TR","og_type":"article","og_title":"22ct Gold Bridal Multi Layered Necklace | Antique Matte Finish","og_description":"22ct gold bridal haar is the perfect finishing touch to your wedding day look. The antique matte finish gives it a timeless elegance.","og_url":"https:\/\/www.purejewels.com\/tr\/urun\/22-ayar-altin-gelin-do-ladda-kolye-47107\/","og_site_name":"PureJewels UK","article_modified_time":"2026-01-06T11:29:00+00:00","og_image":[{"width":1000,"height":1000,"url":"https:\/\/static.purejewels.com\/wp-content\/uploads\/2024\/06\/47107.png","type":"image\/png"}],"twitter_card":"summary_large_image","twitter_misc":{"Tahmini okuma s\u00fcresi":"1 dakika"},"schema":{"@context":"https:\/\/schema.org","@graph":[{"@type":["WebPage","ItemPage"],"@id":"https:\/\/www.purejewels.com\/product\/22ct-gold-bridal-do-ladda-necklace-47107\/","url":"https:\/\/www.purejewels.com\/product\/22ct-gold-bridal-do-ladda-necklace-47107\/","name":"22 Ayar Alt\u0131n Gelin \u00c7ok Katl\u0131 Kolye | Antik Mat Kaplama","isPartOf":{"@id":"https:\/\/www.purejewels.com\/#website"},"primaryImageOfPage":{"@id":"https:\/\/www.purejewels.com\/product\/22ct-gold-bridal-do-ladda-necklace-47107\/#primaryimage"},"image":{"@id":"https:\/\/www.purejewels.com\/product\/22ct-gold-bridal-do-ladda-necklace-47107\/#primaryimage"},"thumbnailUrl":"https:\/\/static.purejewels.com\/wp-content\/uploads\/2024\/06\/47107.png","datePublished":"2024-07-07T08:03:59+00:00","dateModified":"2026-01-06T11:29:00+00:00","description":"22 ayar alt\u0131n gelin haar\u0131, d\u00fc\u011f\u00fcn g\u00fcn\u00fc g\u00f6r\u00fcn\u00fcm\u00fcn\u00fcze m\u00fckemmel bir son dokunu\u015f. Antik mat kaplama ona zamans\u0131z bir \u015f\u0131kl\u0131k kazand\u0131r\u0131r.","breadcrumb":{"@id":"https:\/\/www.purejewels.com\/product\/22ct-gold-bridal-do-ladda-necklace-47107\/#breadcrumb"},"inLanguage":"tr","potentialAction":[{"@type":"ReadAction","target":["https:\/\/www.purejewels.com\/product\/22ct-gold-bridal-do-ladda-necklace-47107\/"]}]},{"@type":"ImageObject","inLanguage":"tr","@id":"https:\/\/www.purejewels.com\/product\/22ct-gold-bridal-do-ladda-necklace-47107\/#primaryimage","url":"https:\/\/static.purejewels.com\/wp-content\/uploads\/2024\/06\/47107.png","contentUrl":"https:\/\/static.purejewels.com\/wp-content\/uploads\/2024\/06\/47107.png","width":1000,"height":1000,"caption":"22ct Gold Necklace"},{"@type":"BreadcrumbList","@id":"https:\/\/www.purejewels.com\/product\/22ct-gold-bridal-do-ladda-necklace-47107\/#breadcrumb","itemListElement":[{"@type":"ListItem","position":1,"name":"Home","item":"https:\/\/www.purejewels.com\/"},{"@type":"ListItem","position":2,"name":"Shop","item":"https:\/\/www.purejewels.com\/shop\/"},{"@type":"ListItem","position":3,"name":"22ct Gold Bridal Do Ladda Necklace | Antique Matte Finish"}]},{"@type":"WebSite","@id":"https:\/\/www.purejewels.com\/#website","url":"https:\/\/www.purejewels.com\/","name":"PureJewels \u0130ngiltere","description":"Sevgiyi Payla\u015f\u0131n","publisher":{"@id":"https:\/\/www.purejewels.com\/#organization"},"potentialAction":[{"@type":"SearchAction","target":{"@type":"EntryPoint","urlTemplate":"https:\/\/www.purejewels.com\/?s={search_term_string}"},"query-input":{"@type":"PropertyValueSpecification","valueRequired":true,"valueName":"search_term_string"}}],"inLanguage":"tr"},{"@type":"Organization","@id":"https:\/\/www.purejewels.com\/#organization","name":"PureJewels \u0130ngiltere","url":"https:\/\/www.purejewels.com\/","logo":{"@type":"ImageObject","inLanguage":"tr","@id":"https:\/\/www.purejewels.com\/#\/schema\/logo\/image\/","url":"https:\/\/static.purejewels.com\/wp-content\/uploads\/2020\/11\/Logo-PJ-New-1.png","contentUrl":"https:\/\/static.purejewels.com\/wp-content\/uploads\/2020\/11\/Logo-PJ-New-1.png","width":150,"height":80,"caption":"PureJewels UK"},"image":{"@id":"https:\/\/www.purejewels.com\/#\/schema\/logo\/image\/"}}]}},"_links":{"self":[{"href":"https:\/\/www.purejewels.com\/tr\/wp-json\/wp\/v2\/product\/353677","targetHints":{"allow":["GET"]}}],"collection":[{"href":"https:\/\/www.purejewels.com\/tr\/wp-json\/wp\/v2\/product"}],"about":[{"href":"https:\/\/www.purejewels.com\/tr\/wp-json\/wp\/v2\/types\/product"}],"replies":[{"embeddable":true,"href":"https:\/\/www.purejewels.com\/tr\/wp-json\/wp\/v2\/comments?post=353677"}],"version-history":[{"count":4,"href":"https:\/\/www.purejewels.com\/tr\/wp-json\/wp\/v2\/product\/353677\/revisions"}],"predecessor-version":[{"id":416467,"href":"https:\/\/www.purejewels.com\/tr\/wp-json\/wp\/v2\/product\/353677\/revisions\/416467"}],"wp:featuredmedia":[{"embeddable":true,"href":"https:\/\/www.purejewels.com\/tr\/wp-json\/wp\/v2\/media\/366319"}],"wp:attachment":[{"href":"https:\/\/www.purejewels.com\/tr\/wp-json\/wp\/v2\/media?parent=353677"}],"wp:term":[{"taxonomy":"product_brand","embeddable":true,"href":"https:\/\/www.purejewels.com\/tr\/wp-json\/wp\/v2\/product_brand?post=353677"},{"taxonomy":"product_cat","embeddable":true,"href":"https:\/\/www.purejewels.com\/tr\/wp-json\/wp\/v2\/product_cat?post=353677"},{"taxonomy":"product_tag","embeddable":true,"href":"https:\/\/www.purejewels.com\/tr\/wp-json\/wp\/v2\/product_tag?post=353677"}],"curies":[{"name":"wp","href":"https:\/\/api.w.org\/{rel}","templated":true}]}}