{"id":353898,"date":"2023-11-22T09:02:01","date_gmt":"2023-11-22T09:02:01","guid":{"rendered":"https:\/\/www.purejewels.com\/?post_type=product&#038;p=353898"},"modified":"2026-02-24T04:19:15","modified_gmt":"2026-02-24T04:19:15","slug":"rozet-koleksi%cc%87yonu-22-ayar-altin-geli%cc%87n-kada-jwbnkdrs030s7","status":"publish","type":"product","link":"https:\/\/www.purejewels.com\/tr\/product\/rosette-collection-bridal-kada-in-22ct-gold-jwbnkdrs030s7\/","title":{"rendered":"Rozet Koleksiyonu Gelin Kada 22 Ayar Alt\u0131n | 2,7 Beden"},"content":{"rendered":"<p data-sourcepos=\"5:1-5:58\">Bu g\u00fczel Rozet Kada Bileklik, gelin giyim koleksiyonunuza m\u00fckemmel bir ektir. Y\u00fcksek kaliteli alt\u0131ndan yap\u0131lm\u0131\u015ft\u0131r ve \u00e7e\u015fitli boyutlarda mevcuttur. Bu bilekli\u011fin d\u00fc\u011f\u00fcn g\u00fcn\u00fc kombininize \u015f\u0131kl\u0131k ve sofistike bir dokunu\u015f kataca\u011f\u0131ndan emin olabilirsiniz.<\/p>","protected":false},"excerpt":{"rendered":"<table class=\"sh_desc\" style=\"width: 100%;height: 298px\">\n<tbody>\n<tr style=\"height: 27px\">\n<td style=\"height: 27px\">Bileklik T\u00fcr\u00fc<\/td>\n<td style=\"height: 27px\">Gelin Giyim Kada<\/td>\n<\/tr>\n<tr style=\"height: 27px\">\n<td style=\"height: 27px\">SKU<\/td>\n<td style=\"height: 27px\">47058, 46483<\/td>\n<\/tr>\n<tr style=\"height: 27px\">\n<td style=\"height: 27px\">A\u011f\u0131rl\u0131k<\/td>\n<td style=\"height: 27px\">\u00a033 Gms<\/td>\n<\/tr>\n<tr style=\"height: 27px\">\n<td style=\"height: 27px\">Metal<\/td>\n<td style=\"height: 27px\">22 Ayar Alt\u0131n<\/td>\n<\/tr>\n<tr style=\"height: 27px\">\n<td style=\"height: 27px\">Bileklik \u00d6l\u00e7\u00fcs\u00fc<\/td>\n<td style=\"height: 27px\">2.7 (Ek boyutlar i\u00e7in l\u00fctfen sorunuz)<\/td>\n<\/tr>\n<tr style=\"height: 27px\">\n<td style=\"height: 27px\">KatalogID<\/td>\n<td style=\"height: 27px\">R1035<\/td>\n<\/tr>\n<tr style=\"height: 27px\">\n<td style=\"height: 27px\">Koleksiyon<\/td>\n<td style=\"height: 27px\"><strong>Rozet Koleksiyonu<\/strong><\/td>\n<\/tr>\n<tr style=\"height: 27px\">\n<td style=\"height: 27px\">Hallmark<\/td>\n<td style=\"height: 27px\">Londra Tahlil Ofisi Taraf\u0131ndan Damgalanm\u0131\u015f 22 Ayar Alt\u0131n<\/td>\n<\/tr>\n<tr style=\"height: 27px\">\n<td style=\"height: 27px\">\u00dccretler<\/td>\n<td style=\"height: 27px\">Teslimat ve KDV Dahil<\/td>\n<\/tr>\n<tr style=\"height: 27px\">\n<td style=\"height: 27px\">Paketleme<\/td>\n<td style=\"height: 27px\">Sunum Kutusu ile Birlikte Gelir<\/td>\n<\/tr>\n<tr style=\"height: 55px\">\n<td style=\"height: 55px\">Daha Fazla Bilgi<\/td>\n<td style=\"height: 55px\">\n<ul>\n<li>Not: M\u00fcsaitlik durumu ve daha fazla resim i\u00e7in bizimle canl\u0131 sohbet edin<\/li>\n<li>Kontrol etmek i\u00e7in buraya t\u0131klay\u0131n\u00a0<strong>Bileklik \u00d6l\u00e7\u00fcs\u00fc<\/strong><\/li>\n<li>burada belirtilen fiyat Tek Bileklik i\u00e7indir<\/li>\n<\/ul>\n<\/td>\n<\/tr>\n<\/tbody>\n<\/table>\n<p>&nbsp;<\/p>","protected":false},"featured_media":346496,"comment_status":"closed","ping_status":"closed","template":"","meta":{"_eb_attr":"","_crsspst_to_jayantr4sg-hostcom":false},"product_brand":[],"product_cat":[1659,1233,5271,5273,1656,1657,1574],"product_tag":[],"class_list":{"0":"post-353898","1":"product","2":"type-product","3":"status-publish","4":"has-post-thumbnail","6":"product_cat-bridal-and-party-wear-gold-kada-bangle","7":"product_cat-gold-bangles","8":"product_cat-occasion-wear-bangles","9":"product_cat-22ct-gold-poncha-bracelet","10":"product_cat-rosettes-collections","11":"product_cat-single-bangle","12":"product_cat-womens-jewellery","14":"first","15":"onbackorder","16":"taxable","17":"shipping-taxable","18":"product-type-simple","19":"add-to-wishlist-before_image"},"yoast_head":"<!-- This site is optimized with the Yoast SEO plugin v27.3 - https:\/\/yoast.com\/product\/yoast-seo-wordpress\/ -->\n<title>Rosette Collection Bridal Kada in 22ct Gold | PureJewels UK<\/title>\n<meta name=\"description\" content=\"Featuring a timeless design with intricate detailing, this kada will add a touch of elegance and sophistication to your wedding ensemble. Buy this Kada!\" \/>\n<meta name=\"robots\" content=\"index, follow, max-snippet:-1, max-image-preview:large, max-video-preview:-1\" \/>\n<link rel=\"canonical\" href=\"https:\/\/www.purejewels.com\/tr\/urun\/rozet-koleksi\u0307yonu-22-ayar-altin-geli\u0307n-kada-jwbnkdrs030s7\/\" \/>\n<meta property=\"og:locale\" content=\"tr_TR\" \/>\n<meta property=\"og:type\" content=\"article\" \/>\n<meta property=\"og:title\" content=\"Rosette Collection Bridal Kada in 22ct Gold | PureJewels UK\" \/>\n<meta property=\"og:description\" content=\"Featuring a timeless design with intricate detailing, this kada will add a touch of elegance and sophistication to your wedding ensemble. Buy this Kada!\" \/>\n<meta property=\"og:url\" content=\"https:\/\/www.purejewels.com\/tr\/urun\/rozet-koleksi\u0307yonu-22-ayar-altin-geli\u0307n-kada-jwbnkdrs030s7\/\" \/>\n<meta property=\"og:site_name\" content=\"PureJewels UK\" \/>\n<meta property=\"article:modified_time\" content=\"2026-02-24T04:19:15+00:00\" \/>\n<meta property=\"og:image\" content=\"https:\/\/static.purejewels.com\/wp-content\/uploads\/2023\/05\/SKU-45232.jpg\" \/>\n\t<meta property=\"og:image:width\" content=\"1\" \/>\n\t<meta property=\"og:image:height\" content=\"1\" \/>\n\t<meta property=\"og:image:type\" content=\"image\/jpeg\" \/>\n<meta name=\"twitter:card\" content=\"summary_large_image\" \/>\n<meta name=\"twitter:label1\" content=\"Tahmini okuma s\u00fcresi\" \/>\n\t<meta name=\"twitter:data1\" content=\"1 dakika\" \/>\n<script type=\"application\/ld+json\" class=\"yoast-schema-graph\">{\"@context\":\"https:\\\/\\\/schema.org\",\"@graph\":[{\"@type\":[\"WebPage\",\"ItemPage\"],\"@id\":\"https:\\\/\\\/www.purejewels.com\\\/product\\\/rosette-collection-bridal-kada-in-22ct-gold-jwbnkdrs030s7\\\/\",\"url\":\"https:\\\/\\\/www.purejewels.com\\\/product\\\/rosette-collection-bridal-kada-in-22ct-gold-jwbnkdrs030s7\\\/\",\"name\":\"Rosette Collection Bridal Kada in 22ct Gold | PureJewels UK\",\"isPartOf\":{\"@id\":\"https:\\\/\\\/www.purejewels.com\\\/#website\"},\"primaryImageOfPage\":{\"@id\":\"https:\\\/\\\/www.purejewels.com\\\/product\\\/rosette-collection-bridal-kada-in-22ct-gold-jwbnkdrs030s7\\\/#primaryimage\"},\"image\":{\"@id\":\"https:\\\/\\\/www.purejewels.com\\\/product\\\/rosette-collection-bridal-kada-in-22ct-gold-jwbnkdrs030s7\\\/#primaryimage\"},\"thumbnailUrl\":\"https:\\\/\\\/static.purejewels.com\\\/wp-content\\\/uploads\\\/2023\\\/05\\\/SKU-45232.jpg\",\"datePublished\":\"2023-11-22T09:02:01+00:00\",\"dateModified\":\"2026-02-24T04:19:15+00:00\",\"description\":\"Featuring a timeless design with intricate detailing, this kada will add a touch of elegance and sophistication to your wedding ensemble. Buy this Kada!\",\"breadcrumb\":{\"@id\":\"https:\\\/\\\/www.purejewels.com\\\/product\\\/rosette-collection-bridal-kada-in-22ct-gold-jwbnkdrs030s7\\\/#breadcrumb\"},\"inLanguage\":\"tr\",\"potentialAction\":[{\"@type\":\"ReadAction\",\"target\":[\"https:\\\/\\\/www.purejewels.com\\\/product\\\/rosette-collection-bridal-kada-in-22ct-gold-jwbnkdrs030s7\\\/\"]}]},{\"@type\":\"ImageObject\",\"inLanguage\":\"tr\",\"@id\":\"https:\\\/\\\/www.purejewels.com\\\/product\\\/rosette-collection-bridal-kada-in-22ct-gold-jwbnkdrs030s7\\\/#primaryimage\",\"url\":\"https:\\\/\\\/static.purejewels.com\\\/wp-content\\\/uploads\\\/2023\\\/05\\\/SKU-45232.jpg\",\"contentUrl\":\"https:\\\/\\\/static.purejewels.com\\\/wp-content\\\/uploads\\\/2023\\\/05\\\/SKU-45232.jpg\",\"caption\":\"22ct Gold Rosette Bridal Kada\"},{\"@type\":\"BreadcrumbList\",\"@id\":\"https:\\\/\\\/www.purejewels.com\\\/product\\\/rosette-collection-bridal-kada-in-22ct-gold-jwbnkdrs030s7\\\/#breadcrumb\",\"itemListElement\":[{\"@type\":\"ListItem\",\"position\":1,\"name\":\"Home\",\"item\":\"https:\\\/\\\/www.purejewels.com\\\/\"},{\"@type\":\"ListItem\",\"position\":2,\"name\":\"Shop\",\"item\":\"https:\\\/\\\/www.purejewels.com\\\/shop\\\/\"},{\"@type\":\"ListItem\",\"position\":3,\"name\":\"Rosette Collection Bridal Kada in 22ct Gold | Size 2.7\"}]},{\"@type\":\"WebSite\",\"@id\":\"https:\\\/\\\/www.purejewels.com\\\/#website\",\"url\":\"https:\\\/\\\/www.purejewels.com\\\/\",\"name\":\"PureJewels UK\",\"description\":\"Share the Love\",\"publisher\":{\"@id\":\"https:\\\/\\\/www.purejewels.com\\\/#organization\"},\"potentialAction\":[{\"@type\":\"SearchAction\",\"target\":{\"@type\":\"EntryPoint\",\"urlTemplate\":\"https:\\\/\\\/www.purejewels.com\\\/?s={search_term_string}\"},\"query-input\":{\"@type\":\"PropertyValueSpecification\",\"valueRequired\":true,\"valueName\":\"search_term_string\"}}],\"inLanguage\":\"tr\"},{\"@type\":\"Organization\",\"@id\":\"https:\\\/\\\/www.purejewels.com\\\/#organization\",\"name\":\"PureJewels UK\",\"url\":\"https:\\\/\\\/www.purejewels.com\\\/\",\"logo\":{\"@type\":\"ImageObject\",\"inLanguage\":\"tr\",\"@id\":\"https:\\\/\\\/www.purejewels.com\\\/#\\\/schema\\\/logo\\\/image\\\/\",\"url\":\"https:\\\/\\\/static.purejewels.com\\\/wp-content\\\/uploads\\\/2020\\\/11\\\/Logo-PJ-New-1.png\",\"contentUrl\":\"https:\\\/\\\/static.purejewels.com\\\/wp-content\\\/uploads\\\/2020\\\/11\\\/Logo-PJ-New-1.png\",\"width\":150,\"height\":80,\"caption\":\"PureJewels UK\"},\"image\":{\"@id\":\"https:\\\/\\\/www.purejewels.com\\\/#\\\/schema\\\/logo\\\/image\\\/\"}}]}<\/script>\n<!-- \/ Yoast SEO plugin. -->","yoast_head_json":{"title":"Rozet Koleksiyonu Gelin Kada 22 Ayar Alt\u0131n | PureJewels UK","description":"Karma\u015f\u0131k detaylara sahip zamans\u0131z bir tasar\u0131ma sahip olan bu kada, d\u00fc\u011f\u00fcn tak\u0131m\u0131n\u0131za zarafet ve sofistike bir dokunu\u015f katacak. Bu Kada'y\u0131 sat\u0131n al\u0131n!","robots":{"index":"index","follow":"follow","max-snippet":"max-snippet:-1","max-image-preview":"max-image-preview:large","max-video-preview":"max-video-preview:-1"},"canonical":"https:\/\/www.purejewels.com\/tr\/urun\/rozet-koleksi\u0307yonu-22-ayar-altin-geli\u0307n-kada-jwbnkdrs030s7\/","og_locale":"tr_TR","og_type":"article","og_title":"Rosette Collection Bridal Kada in 22ct Gold | PureJewels UK","og_description":"Featuring a timeless design with intricate detailing, this kada will add a touch of elegance and sophistication to your wedding ensemble. Buy this Kada!","og_url":"https:\/\/www.purejewels.com\/tr\/urun\/rozet-koleksi\u0307yonu-22-ayar-altin-geli\u0307n-kada-jwbnkdrs030s7\/","og_site_name":"PureJewels UK","article_modified_time":"2026-02-24T04:19:15+00:00","og_image":[{"url":"https:\/\/static.purejewels.com\/wp-content\/uploads\/2023\/05\/SKU-45232.jpg","width":1,"height":1,"type":"image\/jpeg"}],"twitter_card":"summary_large_image","twitter_misc":{"Tahmini okuma s\u00fcresi":"1 dakika"},"schema":{"@context":"https:\/\/schema.org","@graph":[{"@type":["WebPage","ItemPage"],"@id":"https:\/\/www.purejewels.com\/product\/rosette-collection-bridal-kada-in-22ct-gold-jwbnkdrs030s7\/","url":"https:\/\/www.purejewels.com\/product\/rosette-collection-bridal-kada-in-22ct-gold-jwbnkdrs030s7\/","name":"Rozet Koleksiyonu Gelin Kada 22 Ayar Alt\u0131n | PureJewels UK","isPartOf":{"@id":"https:\/\/www.purejewels.com\/#website"},"primaryImageOfPage":{"@id":"https:\/\/www.purejewels.com\/product\/rosette-collection-bridal-kada-in-22ct-gold-jwbnkdrs030s7\/#primaryimage"},"image":{"@id":"https:\/\/www.purejewels.com\/product\/rosette-collection-bridal-kada-in-22ct-gold-jwbnkdrs030s7\/#primaryimage"},"thumbnailUrl":"https:\/\/static.purejewels.com\/wp-content\/uploads\/2023\/05\/SKU-45232.jpg","datePublished":"2023-11-22T09:02:01+00:00","dateModified":"2026-02-24T04:19:15+00:00","description":"Karma\u015f\u0131k detaylara sahip zamans\u0131z bir tasar\u0131ma sahip olan bu kada, d\u00fc\u011f\u00fcn tak\u0131m\u0131n\u0131za zarafet ve sofistike bir dokunu\u015f katacak. Bu Kada'y\u0131 sat\u0131n al\u0131n!","breadcrumb":{"@id":"https:\/\/www.purejewels.com\/product\/rosette-collection-bridal-kada-in-22ct-gold-jwbnkdrs030s7\/#breadcrumb"},"inLanguage":"tr","potentialAction":[{"@type":"ReadAction","target":["https:\/\/www.purejewels.com\/product\/rosette-collection-bridal-kada-in-22ct-gold-jwbnkdrs030s7\/"]}]},{"@type":"ImageObject","inLanguage":"tr","@id":"https:\/\/www.purejewels.com\/product\/rosette-collection-bridal-kada-in-22ct-gold-jwbnkdrs030s7\/#primaryimage","url":"https:\/\/static.purejewels.com\/wp-content\/uploads\/2023\/05\/SKU-45232.jpg","contentUrl":"https:\/\/static.purejewels.com\/wp-content\/uploads\/2023\/05\/SKU-45232.jpg","caption":"22ct Gold Rosette Bridal Kada"},{"@type":"BreadcrumbList","@id":"https:\/\/www.purejewels.com\/product\/rosette-collection-bridal-kada-in-22ct-gold-jwbnkdrs030s7\/#breadcrumb","itemListElement":[{"@type":"ListItem","position":1,"name":"Home","item":"https:\/\/www.purejewels.com\/"},{"@type":"ListItem","position":2,"name":"Shop","item":"https:\/\/www.purejewels.com\/shop\/"},{"@type":"ListItem","position":3,"name":"Rosette Collection Bridal Kada in 22ct Gold | Size 2.7"}]},{"@type":"WebSite","@id":"https:\/\/www.purejewels.com\/#website","url":"https:\/\/www.purejewels.com\/","name":"PureJewels \u0130ngiltere","description":"Sevgiyi Payla\u015f\u0131n","publisher":{"@id":"https:\/\/www.purejewels.com\/#organization"},"potentialAction":[{"@type":"SearchAction","target":{"@type":"EntryPoint","urlTemplate":"https:\/\/www.purejewels.com\/?s={search_term_string}"},"query-input":{"@type":"PropertyValueSpecification","valueRequired":true,"valueName":"search_term_string"}}],"inLanguage":"tr"},{"@type":"Organization","@id":"https:\/\/www.purejewels.com\/#organization","name":"PureJewels \u0130ngiltere","url":"https:\/\/www.purejewels.com\/","logo":{"@type":"ImageObject","inLanguage":"tr","@id":"https:\/\/www.purejewels.com\/#\/schema\/logo\/image\/","url":"https:\/\/static.purejewels.com\/wp-content\/uploads\/2020\/11\/Logo-PJ-New-1.png","contentUrl":"https:\/\/static.purejewels.com\/wp-content\/uploads\/2020\/11\/Logo-PJ-New-1.png","width":150,"height":80,"caption":"PureJewels UK"},"image":{"@id":"https:\/\/www.purejewels.com\/#\/schema\/logo\/image\/"}}]}},"_links":{"self":[{"href":"https:\/\/www.purejewels.com\/tr\/wp-json\/wp\/v2\/product\/353898","targetHints":{"allow":["GET"]}}],"collection":[{"href":"https:\/\/www.purejewels.com\/tr\/wp-json\/wp\/v2\/product"}],"about":[{"href":"https:\/\/www.purejewels.com\/tr\/wp-json\/wp\/v2\/types\/product"}],"replies":[{"embeddable":true,"href":"https:\/\/www.purejewels.com\/tr\/wp-json\/wp\/v2\/comments?post=353898"}],"version-history":[{"count":4,"href":"https:\/\/www.purejewels.com\/tr\/wp-json\/wp\/v2\/product\/353898\/revisions"}],"predecessor-version":[{"id":398624,"href":"https:\/\/www.purejewels.com\/tr\/wp-json\/wp\/v2\/product\/353898\/revisions\/398624"}],"wp:featuredmedia":[{"embeddable":true,"href":"https:\/\/www.purejewels.com\/tr\/wp-json\/wp\/v2\/media\/346496"}],"wp:attachment":[{"href":"https:\/\/www.purejewels.com\/tr\/wp-json\/wp\/v2\/media?parent=353898"}],"wp:term":[{"taxonomy":"product_brand","embeddable":true,"href":"https:\/\/www.purejewels.com\/tr\/wp-json\/wp\/v2\/product_brand?post=353898"},{"taxonomy":"product_cat","embeddable":true,"href":"https:\/\/www.purejewels.com\/tr\/wp-json\/wp\/v2\/product_cat?post=353898"},{"taxonomy":"product_tag","embeddable":true,"href":"https:\/\/www.purejewels.com\/tr\/wp-json\/wp\/v2\/product_tag?post=353898"}],"curies":[{"name":"wp","href":"https:\/\/api.w.org\/{rel}","templated":true}]}}