{"id":354012,"date":"2024-09-25T04:30:22","date_gmt":"2024-09-25T03:30:22","guid":{"rendered":"https:\/\/www.purejewels.com\/?post_type=product&#038;p=354012"},"modified":"2026-01-19T10:39:57","modified_gmt":"2026-01-19T10:39:57","slug":"22-ayar-altin-antik-stil-altin-kada-beden-2-6","status":"publish","type":"product","link":"https:\/\/www.purejewels.com\/tr\/product\/22ct-gold-antique-style-gold-kada-size-2-6\/","title":{"rendered":"22 Ayar Alt\u0131n Antik Stil Alt\u0131n Kada | 2.6 Beden"},"content":{"rendered":"<p>Parlak 22 ayar alt\u0131ndan el i\u015f\u00e7ili\u011fiyle \u00fcretilen Armari bileklik, formunu koruma, dayan\u0131kl\u0131l\u0131k ve g\u00fcc\u00fc simgeleyen bir kalkan\u0131n karma\u015f\u0131k unsurlar\u0131ndan al\u0131yor. Geleneksel tekniklerin kullan\u0131ld\u0131\u011f\u0131 detayl\u0131 y\u00fczeyi, miras sanat\u0131n\u0131 rafine ve \u00e7a\u011fda\u015f bir g\u00f6r\u00fcn\u00fcmle harmanl\u0131yor. Kullan\u0131c\u0131y\u0131 g\u00fc\u00e7lendirmek i\u00e7in tasarlanan bu bileklik, hem g\u00fcnl\u00fck hem de \u00f6zel g\u00fcnler i\u00e7in cesur ama zarif bir ifade sunuyor.<\/p>","protected":false},"excerpt":{"rendered":"<p>Bir kalkan\u0131n koruyucu unsurlar\u0131ndan esinlenilerek tasarlanan bu 22 ayar alt\u0131n Armari bileklik, g\u00fcven, dayan\u0131kl\u0131l\u0131k ve g\u00fcc\u00fc simgelemek \u00fczere el i\u015f\u00e7ili\u011fiyle \u00fcretilmi\u015ftir. Geleneksel sanatla detayland\u0131r\u0131lan bu bileklik, miras\u0131n cazibesini cesur ve g\u00fc\u00e7lendirici bir duru\u015fla harmanl\u0131yor.<\/p>\n<p><strong>Malzeme:<\/strong>\u00a022 Ayar Sar\u0131 Alt\u0131n<br \/>\n<strong>Bitir:<\/strong> Antik Kaplama<br \/>\n<strong>Hallmark:<\/strong>\u00a0\u0130ngiliz Damgas\u0131<br \/>\n<strong>Br\u00fct A\u011f\u0131rl\u0131k:<\/strong> Bileklik ba\u015f\u0131na 15,3 gms<br \/>\n<strong>Boyut:<\/strong>\u00a02.6 (Ek boyutlar i\u00e7in l\u00fctfen sorunuz)<br \/>\n<strong>SKU:<\/strong> 49775<\/p>\n<p><strong>Fiyat ve Teslimat<\/strong>: KDV ve teslimat \u00fccreti dahil<br \/>\nTalep \u00fczerine uluslararas\u0131 nakliye mevcuttur<br \/>\n<a href=\"https:\/\/www.purejewels.com\/tr\/i%cc%87ade-poli%cc%87ti%cc%87kasi\/\">\u0130ade Politikas\u0131<\/a><\/p>","protected":false},"featured_media":354354,"comment_status":"closed","ping_status":"closed","template":"","meta":{"_eb_attr":"","_crsspst_to_jayantr4sg-hostcom":false},"product_brand":[],"product_cat":[5640,245,1659,236,1233,1229,5271,1657,1573,1574],"product_tag":[1514],"class_list":{"0":"post-354012","1":"product","2":"type-product","3":"status-publish","4":"has-post-thumbnail","6":"product_cat-armari-bangles","7":"product_cat-armari-collections","8":"product_cat-bridal-and-party-wear-gold-kada-bangle","9":"product_cat-collections","10":"product_cat-gold-bangles","11":"product_cat-22ct-gold-jewellery","12":"product_cat-occasion-wear-bangles","13":"product_cat-single-bangle","14":"product_cat-wedding-gifts","15":"product_cat-womens-jewellery","16":"product_tag-bangles","18":"first","19":"onbackorder","20":"taxable","21":"shipping-taxable","22":"product-type-simple","23":"add-to-wishlist-before_image"},"yoast_head":"<!-- This site is optimized with the Yoast SEO plugin v27.5 - https:\/\/yoast.com\/product\/yoast-seo-wordpress\/ -->\n<title>22ct Gold Antique Style Gold Kada | Size 2.6 | Armari Collection<\/title>\n<meta name=\"description\" content=\"Embrace timeless elegance with our exquisite 22ct gold antique style kada, meticulously crafted for a touch of royalty. Buy this Kada Online!\" \/>\n<meta name=\"robots\" content=\"index, follow, max-snippet:-1, max-image-preview:large, max-video-preview:-1\" \/>\n<link rel=\"canonical\" href=\"https:\/\/www.purejewels.com\/tr\/urun\/22-ayar-altin-antik-stil-altin-kada-beden-2-6\/\" \/>\n<meta property=\"og:locale\" content=\"tr_TR\" \/>\n<meta property=\"og:type\" content=\"article\" \/>\n<meta property=\"og:title\" content=\"22ct Gold Antique Style Gold Kada | Size 2.6 | Armari Collection\" \/>\n<meta property=\"og:description\" content=\"Embrace timeless elegance with our exquisite 22ct gold antique style kada, meticulously crafted for a touch of royalty. Buy this Kada Online!\" \/>\n<meta property=\"og:url\" content=\"https:\/\/www.purejewels.com\/tr\/urun\/22-ayar-altin-antik-stil-altin-kada-beden-2-6\/\" \/>\n<meta property=\"og:site_name\" content=\"PureJewels UK\" \/>\n<meta property=\"article:modified_time\" content=\"2026-01-19T10:39:57+00:00\" \/>\n<meta property=\"og:image\" content=\"https:\/\/static.purejewels.com\/wp-content\/uploads\/2023\/11\/45898.jpg\" \/>\n\t<meta property=\"og:image:width\" content=\"1000\" \/>\n\t<meta property=\"og:image:height\" content=\"1000\" \/>\n\t<meta property=\"og:image:type\" content=\"image\/jpeg\" \/>\n<meta name=\"twitter:card\" content=\"summary_large_image\" \/>\n<meta name=\"twitter:label1\" content=\"Tahmini okuma s\u00fcresi\" \/>\n\t<meta name=\"twitter:data1\" content=\"1 dakika\" \/>\n<script type=\"application\/ld+json\" class=\"yoast-schema-graph\">{\"@context\":\"https:\\\/\\\/schema.org\",\"@graph\":[{\"@type\":[\"WebPage\",\"ItemPage\"],\"@id\":\"https:\\\/\\\/www.purejewels.com\\\/product\\\/22ct-gold-antique-style-gold-kada-size-2-6\\\/\",\"url\":\"https:\\\/\\\/www.purejewels.com\\\/product\\\/22ct-gold-antique-style-gold-kada-size-2-6\\\/\",\"name\":\"22ct Gold Antique Style Gold Kada | Size 2.6 | Armari Collection\",\"isPartOf\":{\"@id\":\"https:\\\/\\\/www.purejewels.com\\\/#website\"},\"primaryImageOfPage\":{\"@id\":\"https:\\\/\\\/www.purejewels.com\\\/product\\\/22ct-gold-antique-style-gold-kada-size-2-6\\\/#primaryimage\"},\"image\":{\"@id\":\"https:\\\/\\\/www.purejewels.com\\\/product\\\/22ct-gold-antique-style-gold-kada-size-2-6\\\/#primaryimage\"},\"thumbnailUrl\":\"https:\\\/\\\/static.purejewels.com\\\/wp-content\\\/uploads\\\/2023\\\/11\\\/45898.jpg\",\"datePublished\":\"2024-09-25T03:30:22+00:00\",\"dateModified\":\"2026-01-19T10:39:57+00:00\",\"description\":\"Embrace timeless elegance with our exquisite 22ct gold antique style kada, meticulously crafted for a touch of royalty. Buy this Kada Online!\",\"breadcrumb\":{\"@id\":\"https:\\\/\\\/www.purejewels.com\\\/product\\\/22ct-gold-antique-style-gold-kada-size-2-6\\\/#breadcrumb\"},\"inLanguage\":\"tr\",\"potentialAction\":[{\"@type\":\"ReadAction\",\"target\":[\"https:\\\/\\\/www.purejewels.com\\\/product\\\/22ct-gold-antique-style-gold-kada-size-2-6\\\/\"]}]},{\"@type\":\"ImageObject\",\"inLanguage\":\"tr\",\"@id\":\"https:\\\/\\\/www.purejewels.com\\\/product\\\/22ct-gold-antique-style-gold-kada-size-2-6\\\/#primaryimage\",\"url\":\"https:\\\/\\\/static.purejewels.com\\\/wp-content\\\/uploads\\\/2023\\\/11\\\/45898.jpg\",\"contentUrl\":\"https:\\\/\\\/static.purejewels.com\\\/wp-content\\\/uploads\\\/2023\\\/11\\\/45898.jpg\",\"width\":1000,\"height\":1000,\"caption\":\"22ct Gold Antique Style Gold Kada\"},{\"@type\":\"BreadcrumbList\",\"@id\":\"https:\\\/\\\/www.purejewels.com\\\/product\\\/22ct-gold-antique-style-gold-kada-size-2-6\\\/#breadcrumb\",\"itemListElement\":[{\"@type\":\"ListItem\",\"position\":1,\"name\":\"Home\",\"item\":\"https:\\\/\\\/www.purejewels.com\\\/\"},{\"@type\":\"ListItem\",\"position\":2,\"name\":\"Shop\",\"item\":\"https:\\\/\\\/www.purejewels.com\\\/shop\\\/\"},{\"@type\":\"ListItem\",\"position\":3,\"name\":\"22ct Gold Antique Style Gold Kada | Size 2.6\"}]},{\"@type\":\"WebSite\",\"@id\":\"https:\\\/\\\/www.purejewels.com\\\/#website\",\"url\":\"https:\\\/\\\/www.purejewels.com\\\/\",\"name\":\"PureJewels UK\",\"description\":\"Share the Love\",\"publisher\":{\"@id\":\"https:\\\/\\\/www.purejewels.com\\\/#organization\"},\"potentialAction\":[{\"@type\":\"SearchAction\",\"target\":{\"@type\":\"EntryPoint\",\"urlTemplate\":\"https:\\\/\\\/www.purejewels.com\\\/?s={search_term_string}\"},\"query-input\":{\"@type\":\"PropertyValueSpecification\",\"valueRequired\":true,\"valueName\":\"search_term_string\"}}],\"inLanguage\":\"tr\"},{\"@type\":\"Organization\",\"@id\":\"https:\\\/\\\/www.purejewels.com\\\/#organization\",\"name\":\"PureJewels UK\",\"url\":\"https:\\\/\\\/www.purejewels.com\\\/\",\"logo\":{\"@type\":\"ImageObject\",\"inLanguage\":\"tr\",\"@id\":\"https:\\\/\\\/www.purejewels.com\\\/#\\\/schema\\\/logo\\\/image\\\/\",\"url\":\"https:\\\/\\\/static.purejewels.com\\\/wp-content\\\/uploads\\\/2020\\\/11\\\/Logo-PJ-New-1.png\",\"contentUrl\":\"https:\\\/\\\/static.purejewels.com\\\/wp-content\\\/uploads\\\/2020\\\/11\\\/Logo-PJ-New-1.png\",\"width\":150,\"height\":80,\"caption\":\"PureJewels UK\"},\"image\":{\"@id\":\"https:\\\/\\\/www.purejewels.com\\\/#\\\/schema\\\/logo\\\/image\\\/\"}}]}<\/script>\n<!-- \/ Yoast SEO plugin. -->","yoast_head_json":{"title":"22 Ayar Alt\u0131n Antik Stil Alt\u0131n Kada | 2.6 Beden | Armari Koleksiyonu","description":"Kraliyet dokunu\u015fu i\u00e7in titizlikle haz\u0131rlanm\u0131\u015f 22 ayar alt\u0131n antik stil kada ile zamans\u0131z zarafeti kucaklay\u0131n. Bu Kada'y\u0131 Online Sat\u0131n Al\u0131n!","robots":{"index":"index","follow":"follow","max-snippet":"max-snippet:-1","max-image-preview":"max-image-preview:large","max-video-preview":"max-video-preview:-1"},"canonical":"https:\/\/www.purejewels.com\/tr\/urun\/22-ayar-altin-antik-stil-altin-kada-beden-2-6\/","og_locale":"tr_TR","og_type":"article","og_title":"22ct Gold Antique Style Gold Kada | Size 2.6 | Armari Collection","og_description":"Embrace timeless elegance with our exquisite 22ct gold antique style kada, meticulously crafted for a touch of royalty. Buy this Kada Online!","og_url":"https:\/\/www.purejewels.com\/tr\/urun\/22-ayar-altin-antik-stil-altin-kada-beden-2-6\/","og_site_name":"PureJewels UK","article_modified_time":"2026-01-19T10:39:57+00:00","og_image":[{"width":1000,"height":1000,"url":"https:\/\/static.purejewels.com\/wp-content\/uploads\/2023\/11\/45898.jpg","type":"image\/jpeg"}],"twitter_card":"summary_large_image","twitter_misc":{"Tahmini okuma s\u00fcresi":"1 dakika"},"schema":{"@context":"https:\/\/schema.org","@graph":[{"@type":["WebPage","ItemPage"],"@id":"https:\/\/www.purejewels.com\/product\/22ct-gold-antique-style-gold-kada-size-2-6\/","url":"https:\/\/www.purejewels.com\/product\/22ct-gold-antique-style-gold-kada-size-2-6\/","name":"22 Ayar Alt\u0131n Antik Stil Alt\u0131n Kada | 2.6 Beden | Armari Koleksiyonu","isPartOf":{"@id":"https:\/\/www.purejewels.com\/#website"},"primaryImageOfPage":{"@id":"https:\/\/www.purejewels.com\/product\/22ct-gold-antique-style-gold-kada-size-2-6\/#primaryimage"},"image":{"@id":"https:\/\/www.purejewels.com\/product\/22ct-gold-antique-style-gold-kada-size-2-6\/#primaryimage"},"thumbnailUrl":"https:\/\/static.purejewels.com\/wp-content\/uploads\/2023\/11\/45898.jpg","datePublished":"2024-09-25T03:30:22+00:00","dateModified":"2026-01-19T10:39:57+00:00","description":"Kraliyet dokunu\u015fu i\u00e7in titizlikle haz\u0131rlanm\u0131\u015f 22 ayar alt\u0131n antik stil kada ile zamans\u0131z zarafeti kucaklay\u0131n. Bu Kada'y\u0131 Online Sat\u0131n Al\u0131n!","breadcrumb":{"@id":"https:\/\/www.purejewels.com\/product\/22ct-gold-antique-style-gold-kada-size-2-6\/#breadcrumb"},"inLanguage":"tr","potentialAction":[{"@type":"ReadAction","target":["https:\/\/www.purejewels.com\/product\/22ct-gold-antique-style-gold-kada-size-2-6\/"]}]},{"@type":"ImageObject","inLanguage":"tr","@id":"https:\/\/www.purejewels.com\/product\/22ct-gold-antique-style-gold-kada-size-2-6\/#primaryimage","url":"https:\/\/static.purejewels.com\/wp-content\/uploads\/2023\/11\/45898.jpg","contentUrl":"https:\/\/static.purejewels.com\/wp-content\/uploads\/2023\/11\/45898.jpg","width":1000,"height":1000,"caption":"22ct Gold Antique Style Gold Kada"},{"@type":"BreadcrumbList","@id":"https:\/\/www.purejewels.com\/product\/22ct-gold-antique-style-gold-kada-size-2-6\/#breadcrumb","itemListElement":[{"@type":"ListItem","position":1,"name":"Home","item":"https:\/\/www.purejewels.com\/"},{"@type":"ListItem","position":2,"name":"Shop","item":"https:\/\/www.purejewels.com\/shop\/"},{"@type":"ListItem","position":3,"name":"22ct Gold Antique Style Gold Kada | Size 2.6"}]},{"@type":"WebSite","@id":"https:\/\/www.purejewels.com\/#website","url":"https:\/\/www.purejewels.com\/","name":"PureJewels \u0130ngiltere","description":"Sevgiyi Payla\u015f\u0131n","publisher":{"@id":"https:\/\/www.purejewels.com\/#organization"},"potentialAction":[{"@type":"SearchAction","target":{"@type":"EntryPoint","urlTemplate":"https:\/\/www.purejewels.com\/?s={search_term_string}"},"query-input":{"@type":"PropertyValueSpecification","valueRequired":true,"valueName":"search_term_string"}}],"inLanguage":"tr"},{"@type":"Organization","@id":"https:\/\/www.purejewels.com\/#organization","name":"PureJewels \u0130ngiltere","url":"https:\/\/www.purejewels.com\/","logo":{"@type":"ImageObject","inLanguage":"tr","@id":"https:\/\/www.purejewels.com\/#\/schema\/logo\/image\/","url":"https:\/\/static.purejewels.com\/wp-content\/uploads\/2020\/11\/Logo-PJ-New-1.png","contentUrl":"https:\/\/static.purejewels.com\/wp-content\/uploads\/2020\/11\/Logo-PJ-New-1.png","width":150,"height":80,"caption":"PureJewels UK"},"image":{"@id":"https:\/\/www.purejewels.com\/#\/schema\/logo\/image\/"}}]}},"_links":{"self":[{"href":"https:\/\/www.purejewels.com\/tr\/wp-json\/wp\/v2\/product\/354012","targetHints":{"allow":["GET"]}}],"collection":[{"href":"https:\/\/www.purejewels.com\/tr\/wp-json\/wp\/v2\/product"}],"about":[{"href":"https:\/\/www.purejewels.com\/tr\/wp-json\/wp\/v2\/types\/product"}],"replies":[{"embeddable":true,"href":"https:\/\/www.purejewels.com\/tr\/wp-json\/wp\/v2\/comments?post=354012"}],"version-history":[{"count":5,"href":"https:\/\/www.purejewels.com\/tr\/wp-json\/wp\/v2\/product\/354012\/revisions"}],"predecessor-version":[{"id":411562,"href":"https:\/\/www.purejewels.com\/tr\/wp-json\/wp\/v2\/product\/354012\/revisions\/411562"}],"wp:featuredmedia":[{"embeddable":true,"href":"https:\/\/www.purejewels.com\/tr\/wp-json\/wp\/v2\/media\/354354"}],"wp:attachment":[{"href":"https:\/\/www.purejewels.com\/tr\/wp-json\/wp\/v2\/media?parent=354012"}],"wp:term":[{"taxonomy":"product_brand","embeddable":true,"href":"https:\/\/www.purejewels.com\/tr\/wp-json\/wp\/v2\/product_brand?post=354012"},{"taxonomy":"product_cat","embeddable":true,"href":"https:\/\/www.purejewels.com\/tr\/wp-json\/wp\/v2\/product_cat?post=354012"},{"taxonomy":"product_tag","embeddable":true,"href":"https:\/\/www.purejewels.com\/tr\/wp-json\/wp\/v2\/product_tag?post=354012"}],"curies":[{"name":"wp","href":"https:\/\/api.w.org\/{rel}","templated":true}]}}