{"id":354015,"date":"2025-08-24T04:52:54","date_gmt":"2025-08-24T03:52:54","guid":{"rendered":"https:\/\/www.purejewels.com\/?post_type=product&#038;p=354015"},"modified":"2026-04-09T06:19:07","modified_gmt":"2026-04-09T05:19:07","slug":"rozetler-koleksi%cc%87yonu-22-ayar-altin-oval-kopcali-bi%cc%87lekli%cc%87k-50235","status":"publish","type":"product","link":"https:\/\/www.purejewels.com\/tr\/product\/rosettes-collection-22ct-gold-oval-bangle-with-clasp-50235\/","title":{"rendered":"22 Ayar G\u00fcndo\u011fumu Alt\u0131n Rozetler Tokal\u0131 Oval Bileklik | 2,4 Beden"},"content":{"rendered":"<p data-start=\"153\" data-end=\"424\"><strong data-start=\"153\" data-end=\"163\">Tasar\u0131m<\/strong><br data-start=\"163\" data-end=\"166\" \/>Saf 22 ayar alt\u0131ndan \u00fcretilen bu Rozet Oval Bileklik, bile\u011fe do\u011fal bir \u015fekilde oturmas\u0131 i\u00e7in zarif oval bir siluette tasarlanm\u0131\u015ft\u0131r. Y\u00fczeyi, narin \u00e7i\u00e7ek cazibesini modern \u00e7ok y\u00f6nl\u00fcl\u00fckle harmanlayan imzal\u0131 rozet motiflerinden olu\u015fan kesintisiz bir bantla s\u00fcslenmi\u015ftir.<\/p>\n<p data-start=\"426\" data-end=\"702\"><strong data-start=\"426\" data-end=\"443\"><a href=\"https:\/\/www.purejewels.com\/tr\/a-guide-to-die-stamping\/\">Zanaatkarl\u0131k<\/a><\/strong><br data-start=\"443\" data-end=\"446\" \/>Kal\u0131p damgalama teknikleri kullan\u0131larak titizlikle el i\u015f\u00e7ili\u011fiyle \u00fcretilen bileklik, her ayr\u0131nt\u0131s\u0131nda hassasiyet ve sanat sergiliyor. Parlat\u0131lm\u0131\u015f 22 ayar alt\u0131n kaplama, rozet tasar\u0131m\u0131n\u0131n g\u00fczelli\u011fini vurgularken dayan\u0131kl\u0131l\u0131k sa\u011flayan g\u00fcvenli bir toka ile tamamlanmaktad\u0131r.<\/p>\n<p data-start=\"704\" data-end=\"953\"><strong data-start=\"704\" data-end=\"715\">\u015eekillendirme<\/strong><br data-start=\"715\" data-end=\"718\" \/>Geleneksel g\u00f6r\u00fcn\u00fcmden \u00e7a\u011fda\u015f g\u00f6r\u00fcn\u00fcme zahmetsizce ge\u00e7i\u015f yapan \u00e7ok y\u00f6nl\u00fc bir par\u00e7a. Modaya uygun bir ifade i\u00e7in modern k\u0131yafetlerle e\u015fle\u015ftirin veya koordineli, zarif bir set olu\u015fturmak i\u00e7in di\u011fer Rosette Collection tak\u0131lar\u0131yla birlikte kullan\u0131n.<\/p>","protected":false},"excerpt":{"rendered":"<p>Rosette koleksiyonumuza ait bu tokal\u0131 oval bileklik, 22 ayar g\u00fcn do\u011fumu alt\u0131ndan kal\u0131p bask\u0131 kullan\u0131larak elde \u00fcretilmi\u015ftir ve zamans\u0131z zarafeti vintage i\u015f\u00e7ilikle birle\u015ftiren karma\u015f\u0131k tasar\u0131mlara sahiptir.<\/p>\n<p><strong>Malzeme:<\/strong> 22 Ayar G\u00fcndo\u011fumu Alt\u0131n<br \/>\n<strong>Safl\u0131k:<\/strong> 91.6% saf alt\u0131n<br \/>\n<strong>Hallmark:<\/strong> \u0130ngiliz Damgas\u0131<br \/>\n<strong>SKU:<\/strong> 50235<br \/>\n<strong>A\u011f\u0131rl\u0131k:<\/strong> 17,3 Gms<br \/>\n<strong>Bileklik \u00f6l\u00e7\u00fcs\u00fc:<\/strong> 2.4 (Ek boyutlar i\u00e7in l\u00fctfen sorunuz)<br \/>\n<strong>Geni\u015flik:<\/strong> 6.25mm<\/p>\n<p><strong>Fiyat ve Teslimat:<\/strong>\u00a0KDV ve teslimat \u00fccretleri dahil<br \/>\n<a href=\"https:\/\/www.purejewels.com\/tr\/i%cc%87ade-poli%cc%87ti%cc%87kasi\/\"><strong>\u0130ade Politikas\u0131<\/strong><\/a><\/p>","protected":false},"featured_media":354303,"comment_status":"closed","ping_status":"closed","template":"","meta":{"_eb_attr":"","_crsspst_to_jayantr4sg-hostcom":false},"product_brand":[],"product_cat":[1791,236,1233,1229,5271,5273,1656,1573,1574,5349],"product_tag":[],"class_list":{"0":"post-354015","1":"product","2":"type-product","3":"status-publish","4":"has-post-thumbnail","6":"product_cat-anniversary-gifts","7":"product_cat-collections","8":"product_cat-gold-bangles","9":"product_cat-22ct-gold-jewellery","10":"product_cat-occasion-wear-bangles","11":"product_cat-22ct-gold-poncha-bracelet","12":"product_cat-rosettes-collections","13":"product_cat-wedding-gifts","14":"product_cat-womens-jewellery","15":"product_cat-yellow-gold-jewellery","17":"first","18":"instock","19":"taxable","20":"shipping-taxable","21":"purchasable","22":"product-type-simple","23":"add-to-wishlist-before_image"},"yoast_head":"<!-- This site is optimized with the Yoast SEO plugin v27.5 - https:\/\/yoast.com\/product\/yoast-seo-wordpress\/ -->\n<title>Shop 22ct Gold Rosette Bangle with Clasp | PureJewels UK<\/title>\n<meta name=\"description\" content=\"Elevate your style with the Rosette 22ct Gold Oval Bangle with Clasp in Size 2.4. Perfectly crafted for elegance and comfort. Shop now at PureJewels UK!\" \/>\n<meta name=\"robots\" content=\"index, follow, max-snippet:-1, max-image-preview:large, max-video-preview:-1\" \/>\n<link rel=\"canonical\" href=\"https:\/\/www.purejewels.com\/tr\/urun\/rozetler-koleksi\u0307yonu-22-ayar-altin-oval-kopcali-bi\u0307lekli\u0307k-50235\/\" \/>\n<meta property=\"og:locale\" content=\"tr_TR\" \/>\n<meta property=\"og:type\" content=\"article\" \/>\n<meta property=\"og:title\" content=\"Shop 22ct Gold Rosette Bangle with Clasp | PureJewels UK\" \/>\n<meta property=\"og:description\" content=\"Elevate your style with the Rosette 22ct Gold Oval Bangle with Clasp in Size 2.4. Perfectly crafted for elegance and comfort. Shop now at PureJewels UK!\" \/>\n<meta property=\"og:url\" content=\"https:\/\/www.purejewels.com\/tr\/urun\/rozetler-koleksi\u0307yonu-22-ayar-altin-oval-kopcali-bi\u0307lekli\u0307k-50235\/\" \/>\n<meta property=\"og:site_name\" content=\"PureJewels UK\" \/>\n<meta property=\"article:modified_time\" content=\"2026-04-09T05:19:07+00:00\" \/>\n<meta property=\"og:image\" content=\"https:\/\/static.purejewels.com\/wp-content\/uploads\/2023\/11\/47108.jpg\" \/>\n\t<meta property=\"og:image:width\" content=\"1000\" \/>\n\t<meta property=\"og:image:height\" content=\"1000\" \/>\n\t<meta property=\"og:image:type\" content=\"image\/jpeg\" \/>\n<meta name=\"twitter:card\" content=\"summary_large_image\" \/>\n<meta name=\"twitter:label1\" content=\"Tahmini okuma s\u00fcresi\" \/>\n\t<meta name=\"twitter:data1\" content=\"1 dakika\" \/>\n<script type=\"application\/ld+json\" class=\"yoast-schema-graph\">{\"@context\":\"https:\\\/\\\/schema.org\",\"@graph\":[{\"@type\":[\"WebPage\",\"ItemPage\"],\"@id\":\"https:\\\/\\\/www.purejewels.com\\\/product\\\/rosettes-collection-22ct-gold-oval-bangle-with-clasp-50235\\\/\",\"url\":\"https:\\\/\\\/www.purejewels.com\\\/product\\\/rosettes-collection-22ct-gold-oval-bangle-with-clasp-50235\\\/\",\"name\":\"Shop 22ct Gold Rosette Bangle with Clasp | PureJewels UK\",\"isPartOf\":{\"@id\":\"https:\\\/\\\/www.purejewels.com\\\/#website\"},\"primaryImageOfPage\":{\"@id\":\"https:\\\/\\\/www.purejewels.com\\\/product\\\/rosettes-collection-22ct-gold-oval-bangle-with-clasp-50235\\\/#primaryimage\"},\"image\":{\"@id\":\"https:\\\/\\\/www.purejewels.com\\\/product\\\/rosettes-collection-22ct-gold-oval-bangle-with-clasp-50235\\\/#primaryimage\"},\"thumbnailUrl\":\"https:\\\/\\\/static.purejewels.com\\\/wp-content\\\/uploads\\\/2023\\\/11\\\/47108.jpg\",\"datePublished\":\"2025-08-24T03:52:54+00:00\",\"dateModified\":\"2026-04-09T05:19:07+00:00\",\"description\":\"Elevate your style with the Rosette 22ct Gold Oval Bangle with Clasp in Size 2.4. Perfectly crafted for elegance and comfort. Shop now at PureJewels UK!\",\"breadcrumb\":{\"@id\":\"https:\\\/\\\/www.purejewels.com\\\/product\\\/rosettes-collection-22ct-gold-oval-bangle-with-clasp-50235\\\/#breadcrumb\"},\"inLanguage\":\"tr\",\"potentialAction\":[{\"@type\":\"ReadAction\",\"target\":[\"https:\\\/\\\/www.purejewels.com\\\/product\\\/rosettes-collection-22ct-gold-oval-bangle-with-clasp-50235\\\/\"]}]},{\"@type\":\"ImageObject\",\"inLanguage\":\"tr\",\"@id\":\"https:\\\/\\\/www.purejewels.com\\\/product\\\/rosettes-collection-22ct-gold-oval-bangle-with-clasp-50235\\\/#primaryimage\",\"url\":\"https:\\\/\\\/static.purejewels.com\\\/wp-content\\\/uploads\\\/2023\\\/11\\\/47108.jpg\",\"contentUrl\":\"https:\\\/\\\/static.purejewels.com\\\/wp-content\\\/uploads\\\/2023\\\/11\\\/47108.jpg\",\"width\":1000,\"height\":1000,\"caption\":\"Rosette 22ct Gold Oval Bangle with Clasp\"},{\"@type\":\"BreadcrumbList\",\"@id\":\"https:\\\/\\\/www.purejewels.com\\\/product\\\/rosettes-collection-22ct-gold-oval-bangle-with-clasp-50235\\\/#breadcrumb\",\"itemListElement\":[{\"@type\":\"ListItem\",\"position\":1,\"name\":\"Home\",\"item\":\"https:\\\/\\\/www.purejewels.com\\\/\"},{\"@type\":\"ListItem\",\"position\":2,\"name\":\"Shop\",\"item\":\"https:\\\/\\\/www.purejewels.com\\\/shop\\\/\"},{\"@type\":\"ListItem\",\"position\":3,\"name\":\"22ct Sunrise Gold Rosettes Oval Bangle with Clasp | Size 2.4\"}]},{\"@type\":\"WebSite\",\"@id\":\"https:\\\/\\\/www.purejewels.com\\\/#website\",\"url\":\"https:\\\/\\\/www.purejewels.com\\\/\",\"name\":\"PureJewels UK\",\"description\":\"Share the Love\",\"publisher\":{\"@id\":\"https:\\\/\\\/www.purejewels.com\\\/#organization\"},\"potentialAction\":[{\"@type\":\"SearchAction\",\"target\":{\"@type\":\"EntryPoint\",\"urlTemplate\":\"https:\\\/\\\/www.purejewels.com\\\/?s={search_term_string}\"},\"query-input\":{\"@type\":\"PropertyValueSpecification\",\"valueRequired\":true,\"valueName\":\"search_term_string\"}}],\"inLanguage\":\"tr\"},{\"@type\":\"Organization\",\"@id\":\"https:\\\/\\\/www.purejewels.com\\\/#organization\",\"name\":\"PureJewels UK\",\"url\":\"https:\\\/\\\/www.purejewels.com\\\/\",\"logo\":{\"@type\":\"ImageObject\",\"inLanguage\":\"tr\",\"@id\":\"https:\\\/\\\/www.purejewels.com\\\/#\\\/schema\\\/logo\\\/image\\\/\",\"url\":\"https:\\\/\\\/static.purejewels.com\\\/wp-content\\\/uploads\\\/2020\\\/11\\\/Logo-PJ-New-1.png\",\"contentUrl\":\"https:\\\/\\\/static.purejewels.com\\\/wp-content\\\/uploads\\\/2020\\\/11\\\/Logo-PJ-New-1.png\",\"width\":150,\"height\":80,\"caption\":\"PureJewels UK\"},\"image\":{\"@id\":\"https:\\\/\\\/www.purejewels.com\\\/#\\\/schema\\\/logo\\\/image\\\/\"}}]}<\/script>\n<!-- \/ Yoast SEO plugin. -->","yoast_head_json":{"title":"22 Ayar Alt\u0131n Rozet Tokal\u0131 Bileklik | PureJewels UK'den al\u0131\u015fveri\u015f yap\u0131n","description":"Rozet 22 Ayar Alt\u0131n Oval Tokal\u0131 Bileklik 2,4 Beden ile stilinizi y\u00fckseltin. \u015e\u0131kl\u0131k ve rahatl\u0131k i\u00e7in m\u00fckemmel \u015fekilde \u00fcretilmi\u015ftir. PureJewels UK'de \u015fimdi al\u0131\u015fveri\u015f yap\u0131n!","robots":{"index":"index","follow":"follow","max-snippet":"max-snippet:-1","max-image-preview":"max-image-preview:large","max-video-preview":"max-video-preview:-1"},"canonical":"https:\/\/www.purejewels.com\/tr\/urun\/rozetler-koleksi\u0307yonu-22-ayar-altin-oval-kopcali-bi\u0307lekli\u0307k-50235\/","og_locale":"tr_TR","og_type":"article","og_title":"Shop 22ct Gold Rosette Bangle with Clasp | PureJewels UK","og_description":"Elevate your style with the Rosette 22ct Gold Oval Bangle with Clasp in Size 2.4. Perfectly crafted for elegance and comfort. Shop now at PureJewels UK!","og_url":"https:\/\/www.purejewels.com\/tr\/urun\/rozetler-koleksi\u0307yonu-22-ayar-altin-oval-kopcali-bi\u0307lekli\u0307k-50235\/","og_site_name":"PureJewels UK","article_modified_time":"2026-04-09T05:19:07+00:00","og_image":[{"width":1000,"height":1000,"url":"https:\/\/static.purejewels.com\/wp-content\/uploads\/2023\/11\/47108.jpg","type":"image\/jpeg"}],"twitter_card":"summary_large_image","twitter_misc":{"Tahmini okuma s\u00fcresi":"1 dakika"},"schema":{"@context":"https:\/\/schema.org","@graph":[{"@type":["WebPage","ItemPage"],"@id":"https:\/\/www.purejewels.com\/product\/rosettes-collection-22ct-gold-oval-bangle-with-clasp-50235\/","url":"https:\/\/www.purejewels.com\/product\/rosettes-collection-22ct-gold-oval-bangle-with-clasp-50235\/","name":"22 Ayar Alt\u0131n Rozet Tokal\u0131 Bileklik | PureJewels UK'den al\u0131\u015fveri\u015f yap\u0131n","isPartOf":{"@id":"https:\/\/www.purejewels.com\/#website"},"primaryImageOfPage":{"@id":"https:\/\/www.purejewels.com\/product\/rosettes-collection-22ct-gold-oval-bangle-with-clasp-50235\/#primaryimage"},"image":{"@id":"https:\/\/www.purejewels.com\/product\/rosettes-collection-22ct-gold-oval-bangle-with-clasp-50235\/#primaryimage"},"thumbnailUrl":"https:\/\/static.purejewels.com\/wp-content\/uploads\/2023\/11\/47108.jpg","datePublished":"2025-08-24T03:52:54+00:00","dateModified":"2026-04-09T05:19:07+00:00","description":"Rozet 22 Ayar Alt\u0131n Oval Tokal\u0131 Bileklik 2,4 Beden ile stilinizi y\u00fckseltin. \u015e\u0131kl\u0131k ve rahatl\u0131k i\u00e7in m\u00fckemmel \u015fekilde \u00fcretilmi\u015ftir. PureJewels UK'de \u015fimdi al\u0131\u015fveri\u015f yap\u0131n!","breadcrumb":{"@id":"https:\/\/www.purejewels.com\/product\/rosettes-collection-22ct-gold-oval-bangle-with-clasp-50235\/#breadcrumb"},"inLanguage":"tr","potentialAction":[{"@type":"ReadAction","target":["https:\/\/www.purejewels.com\/product\/rosettes-collection-22ct-gold-oval-bangle-with-clasp-50235\/"]}]},{"@type":"ImageObject","inLanguage":"tr","@id":"https:\/\/www.purejewels.com\/product\/rosettes-collection-22ct-gold-oval-bangle-with-clasp-50235\/#primaryimage","url":"https:\/\/static.purejewels.com\/wp-content\/uploads\/2023\/11\/47108.jpg","contentUrl":"https:\/\/static.purejewels.com\/wp-content\/uploads\/2023\/11\/47108.jpg","width":1000,"height":1000,"caption":"Rosette 22ct Gold Oval Bangle with Clasp"},{"@type":"BreadcrumbList","@id":"https:\/\/www.purejewels.com\/product\/rosettes-collection-22ct-gold-oval-bangle-with-clasp-50235\/#breadcrumb","itemListElement":[{"@type":"ListItem","position":1,"name":"Home","item":"https:\/\/www.purejewels.com\/"},{"@type":"ListItem","position":2,"name":"Shop","item":"https:\/\/www.purejewels.com\/shop\/"},{"@type":"ListItem","position":3,"name":"22ct Sunrise Gold Rosettes Oval Bangle with Clasp | Size 2.4"}]},{"@type":"WebSite","@id":"https:\/\/www.purejewels.com\/#website","url":"https:\/\/www.purejewels.com\/","name":"PureJewels \u0130ngiltere","description":"Sevgiyi Payla\u015f\u0131n","publisher":{"@id":"https:\/\/www.purejewels.com\/#organization"},"potentialAction":[{"@type":"SearchAction","target":{"@type":"EntryPoint","urlTemplate":"https:\/\/www.purejewels.com\/?s={search_term_string}"},"query-input":{"@type":"PropertyValueSpecification","valueRequired":true,"valueName":"search_term_string"}}],"inLanguage":"tr"},{"@type":"Organization","@id":"https:\/\/www.purejewels.com\/#organization","name":"PureJewels \u0130ngiltere","url":"https:\/\/www.purejewels.com\/","logo":{"@type":"ImageObject","inLanguage":"tr","@id":"https:\/\/www.purejewels.com\/#\/schema\/logo\/image\/","url":"https:\/\/static.purejewels.com\/wp-content\/uploads\/2020\/11\/Logo-PJ-New-1.png","contentUrl":"https:\/\/static.purejewels.com\/wp-content\/uploads\/2020\/11\/Logo-PJ-New-1.png","width":150,"height":80,"caption":"PureJewels UK"},"image":{"@id":"https:\/\/www.purejewels.com\/#\/schema\/logo\/image\/"}}]}},"_links":{"self":[{"href":"https:\/\/www.purejewels.com\/tr\/wp-json\/wp\/v2\/product\/354015","targetHints":{"allow":["GET"]}}],"collection":[{"href":"https:\/\/www.purejewels.com\/tr\/wp-json\/wp\/v2\/product"}],"about":[{"href":"https:\/\/www.purejewels.com\/tr\/wp-json\/wp\/v2\/types\/product"}],"replies":[{"embeddable":true,"href":"https:\/\/www.purejewels.com\/tr\/wp-json\/wp\/v2\/comments?post=354015"}],"version-history":[{"count":5,"href":"https:\/\/www.purejewels.com\/tr\/wp-json\/wp\/v2\/product\/354015\/revisions"}],"predecessor-version":[{"id":428233,"href":"https:\/\/www.purejewels.com\/tr\/wp-json\/wp\/v2\/product\/354015\/revisions\/428233"}],"wp:featuredmedia":[{"embeddable":true,"href":"https:\/\/www.purejewels.com\/tr\/wp-json\/wp\/v2\/media\/354303"}],"wp:attachment":[{"href":"https:\/\/www.purejewels.com\/tr\/wp-json\/wp\/v2\/media?parent=354015"}],"wp:term":[{"taxonomy":"product_brand","embeddable":true,"href":"https:\/\/www.purejewels.com\/tr\/wp-json\/wp\/v2\/product_brand?post=354015"},{"taxonomy":"product_cat","embeddable":true,"href":"https:\/\/www.purejewels.com\/tr\/wp-json\/wp\/v2\/product_cat?post=354015"},{"taxonomy":"product_tag","embeddable":true,"href":"https:\/\/www.purejewels.com\/tr\/wp-json\/wp\/v2\/product_tag?post=354015"}],"curies":[{"name":"wp","href":"https:\/\/api.w.org\/{rel}","templated":true}]}}