{"id":3542,"date":"2017-07-19T13:15:00","date_gmt":"2017-07-19T12:15:00","guid":{"rendered":"http:\/\/new.purejewels.com\/product\/rado-coupole-diamonds-r22854703\/"},"modified":"2023-08-18T12:24:53","modified_gmt":"2023-08-18T11:24:53","slug":"rado-coupole-elmas-r22854703","status":"publish","type":"product","link":"https:\/\/www.purejewels.com\/tr\/product\/rado-coupole-diamonds-r22854703\/","title":{"rendered":"Rado Coupole Diamonds Kad\u0131n Saati"},"content":{"rendered":"<p>Rado Coupole Diamonds Kad\u0131n Saati<\/p>\n<p>Model No R22854703<\/p>\n<p>&nbsp;<\/p>\n<p>&nbsp;<\/p>\n<p>&nbsp;<\/p>\n<p>&nbsp;<\/p>\n<p>&nbsp;<\/p>\n<p>&nbsp;<\/p>\n<p>&nbsp;<\/p>","protected":false},"excerpt":{"rendered":"<p>Model No R22854703<\/p>\n<p>Boyut: 27.0<\/p>\n<p>Hareket: Kuvars<\/p>\n<p>Kasa ve \u00c7er\u00e7eve: Paslanmaz \u00e7elik<\/p>\n<p>Bilezik: Paslanmaz \u00e7elik<\/p>\n<p>Kadran: Koyu<\/p>\n<p>Kristal: Safir Kristal<\/p>\n<p>Su ge\u00e7irmezlik: 5bar (50m)<\/p>\n<p>M\u00fccevherler: 4 p\u0131rlanta, 0,013 karat<\/p>\n<p>Referans Numaras\u0131: 01.963.3854.4.070<\/p>\n<p>Rado kad\u0131n saat koleksiyonumuzu g\u00f6rmek i\u00e7in bizimle whatsapp \u00fczerinden sohbet edin \/ ma\u011fazam\u0131z\u0131 ziyaret edin.<\/p>\n<p>&nbsp;<\/p>\n<p>&nbsp;<\/p>","protected":false},"featured_media":297691,"comment_status":"closed","ping_status":"closed","template":"","meta":{"_eb_attr":"","_crsspst_to_jayantr4sg-hostcom":false},"product_brand":[],"product_cat":[1559,1571,1788,1572,1207],"product_tag":[],"class_list":{"0":"post-3542","1":"product","2":"type-product","3":"status-publish","4":"has-post-thumbnail","6":"product_cat-birthday-gifts","7":"product_cat-fathers-day-gifts","8":"product_cat-ladies-watches","9":"product_cat-mens-jewellery","10":"product_cat-watches","12":"first","13":"outofstock","14":"sale","15":"product-type-simple","16":"add-to-wishlist-before_image"},"yoast_head":"<!-- This site is optimized with the Yoast SEO plugin v27.5 - https:\/\/yoast.com\/product\/yoast-seo-wordpress\/ -->\n<title>Rado Coupole Diamonds R22854703 - PureJewels.com<\/title>\n<meta name=\"robots\" content=\"index, follow, max-snippet:-1, max-image-preview:large, max-video-preview:-1\" \/>\n<link rel=\"canonical\" href=\"https:\/\/www.purejewels.com\/tr\/urun\/rado-coupole-elmas-r22854703\/\" \/>\n<meta property=\"og:locale\" content=\"tr_TR\" \/>\n<meta property=\"og:type\" content=\"article\" \/>\n<meta property=\"og:title\" content=\"Rado Coupole Diamonds R22854703 - PureJewels.com\" \/>\n<meta property=\"og:description\" content=\"Model No\u00a0 R22854703  Size: 27.0  Movement: Quartz  Case &amp; Bezel:\u00a0Stainless steel  Bracelet: Stainless steel  Dial: Dark  Crystal:\u00a0Sapphire Crystal  Water Resistance: 5bar (50m)  Jewels: 4 diamonds, 0.013 carat  Reference Number:\u00a001.963.3854.4.070  Chat with us on whatsapp \/ visit our store to see our collection of Rado watches womens.  &nbsp;  &nbsp;\" \/>\n<meta property=\"og:url\" content=\"https:\/\/www.purejewels.com\/tr\/urun\/rado-coupole-elmas-r22854703\/\" \/>\n<meta property=\"og:site_name\" content=\"PureJewels UK\" \/>\n<meta property=\"article:modified_time\" content=\"2023-08-18T11:24:53+00:00\" \/>\n<meta property=\"og:image\" content=\"https:\/\/www.purejewels.com\/wp-content\/uploads\/2017\/12\/R22854703.png\" \/>\n\t<meta property=\"og:image:width\" content=\"1000\" \/>\n\t<meta property=\"og:image:height\" content=\"1000\" \/>\n\t<meta property=\"og:image:type\" content=\"image\/png\" \/>\n<meta name=\"twitter:card\" content=\"summary_large_image\" \/>\n<meta name=\"twitter:label1\" content=\"Tahmini okuma s\u00fcresi\" \/>\n\t<meta name=\"twitter:data1\" content=\"1 dakika\" \/>\n<script type=\"application\/ld+json\" class=\"yoast-schema-graph\">{\"@context\":\"https:\\\/\\\/schema.org\",\"@graph\":[{\"@type\":[\"WebPage\",\"ItemPage\"],\"@id\":\"https:\\\/\\\/www.purejewels.com\\\/product\\\/rado-coupole-diamonds-r22854703\\\/\",\"url\":\"https:\\\/\\\/www.purejewels.com\\\/product\\\/rado-coupole-diamonds-r22854703\\\/\",\"name\":\"Rado Coupole Diamonds R22854703 - PureJewels.com\",\"isPartOf\":{\"@id\":\"https:\\\/\\\/www.purejewels.com\\\/#website\"},\"primaryImageOfPage\":{\"@id\":\"https:\\\/\\\/www.purejewels.com\\\/product\\\/rado-coupole-diamonds-r22854703\\\/#primaryimage\"},\"image\":{\"@id\":\"https:\\\/\\\/www.purejewels.com\\\/product\\\/rado-coupole-diamonds-r22854703\\\/#primaryimage\"},\"thumbnailUrl\":\"https:\\\/\\\/static.purejewels.com\\\/wp-content\\\/uploads\\\/2017\\\/12\\\/R22854703.png\",\"datePublished\":\"2017-07-19T12:15:00+00:00\",\"dateModified\":\"2023-08-18T11:24:53+00:00\",\"breadcrumb\":{\"@id\":\"https:\\\/\\\/www.purejewels.com\\\/product\\\/rado-coupole-diamonds-r22854703\\\/#breadcrumb\"},\"inLanguage\":\"tr\",\"potentialAction\":[{\"@type\":\"ReadAction\",\"target\":[\"https:\\\/\\\/www.purejewels.com\\\/product\\\/rado-coupole-diamonds-r22854703\\\/\"]}]},{\"@type\":\"ImageObject\",\"inLanguage\":\"tr\",\"@id\":\"https:\\\/\\\/www.purejewels.com\\\/product\\\/rado-coupole-diamonds-r22854703\\\/#primaryimage\",\"url\":\"https:\\\/\\\/static.purejewels.com\\\/wp-content\\\/uploads\\\/2017\\\/12\\\/R22854703.png\",\"contentUrl\":\"https:\\\/\\\/static.purejewels.com\\\/wp-content\\\/uploads\\\/2017\\\/12\\\/R22854703.png\",\"width\":1000,\"height\":1000,\"caption\":\"R22854703\"},{\"@type\":\"BreadcrumbList\",\"@id\":\"https:\\\/\\\/www.purejewels.com\\\/product\\\/rado-coupole-diamonds-r22854703\\\/#breadcrumb\",\"itemListElement\":[{\"@type\":\"ListItem\",\"position\":1,\"name\":\"Home\",\"item\":\"https:\\\/\\\/www.purejewels.com\\\/\"},{\"@type\":\"ListItem\",\"position\":2,\"name\":\"Shop\",\"item\":\"https:\\\/\\\/www.purejewels.com\\\/shop\\\/\"},{\"@type\":\"ListItem\",\"position\":3,\"name\":\"Rado Coupole Diamonds Womens Watch\"}]},{\"@type\":\"WebSite\",\"@id\":\"https:\\\/\\\/www.purejewels.com\\\/#website\",\"url\":\"https:\\\/\\\/www.purejewels.com\\\/\",\"name\":\"PureJewels UK\",\"description\":\"Share the Love\",\"publisher\":{\"@id\":\"https:\\\/\\\/www.purejewels.com\\\/#organization\"},\"potentialAction\":[{\"@type\":\"SearchAction\",\"target\":{\"@type\":\"EntryPoint\",\"urlTemplate\":\"https:\\\/\\\/www.purejewels.com\\\/?s={search_term_string}\"},\"query-input\":{\"@type\":\"PropertyValueSpecification\",\"valueRequired\":true,\"valueName\":\"search_term_string\"}}],\"inLanguage\":\"tr\"},{\"@type\":\"Organization\",\"@id\":\"https:\\\/\\\/www.purejewels.com\\\/#organization\",\"name\":\"PureJewels UK\",\"url\":\"https:\\\/\\\/www.purejewels.com\\\/\",\"logo\":{\"@type\":\"ImageObject\",\"inLanguage\":\"tr\",\"@id\":\"https:\\\/\\\/www.purejewels.com\\\/#\\\/schema\\\/logo\\\/image\\\/\",\"url\":\"https:\\\/\\\/static.purejewels.com\\\/wp-content\\\/uploads\\\/2020\\\/11\\\/Logo-PJ-New-1.png\",\"contentUrl\":\"https:\\\/\\\/static.purejewels.com\\\/wp-content\\\/uploads\\\/2020\\\/11\\\/Logo-PJ-New-1.png\",\"width\":150,\"height\":80,\"caption\":\"PureJewels UK\"},\"image\":{\"@id\":\"https:\\\/\\\/www.purejewels.com\\\/#\\\/schema\\\/logo\\\/image\\\/\"}}]}<\/script>\n<!-- \/ Yoast SEO plugin. -->","yoast_head_json":{"title":"Rado Coupole P\u0131rlanta R22854703 - PureJewels.com","robots":{"index":"index","follow":"follow","max-snippet":"max-snippet:-1","max-image-preview":"max-image-preview:large","max-video-preview":"max-video-preview:-1"},"canonical":"https:\/\/www.purejewels.com\/tr\/urun\/rado-coupole-elmas-r22854703\/","og_locale":"tr_TR","og_type":"article","og_title":"Rado Coupole Diamonds R22854703 - PureJewels.com","og_description":"Model No\u00a0 R22854703  Size: 27.0  Movement: Quartz  Case &amp; Bezel:\u00a0Stainless steel  Bracelet: Stainless steel  Dial: Dark  Crystal:\u00a0Sapphire Crystal  Water Resistance: 5bar (50m)  Jewels: 4 diamonds, 0.013 carat  Reference Number:\u00a001.963.3854.4.070  Chat with us on whatsapp \/ visit our store to see our collection of Rado watches womens.  &nbsp;  &nbsp;","og_url":"https:\/\/www.purejewels.com\/tr\/urun\/rado-coupole-elmas-r22854703\/","og_site_name":"PureJewels UK","article_modified_time":"2023-08-18T11:24:53+00:00","og_image":[{"width":1000,"height":1000,"url":"https:\/\/www.purejewels.com\/wp-content\/uploads\/2017\/12\/R22854703.png","type":"image\/png"}],"twitter_card":"summary_large_image","twitter_misc":{"Tahmini okuma s\u00fcresi":"1 dakika"},"schema":{"@context":"https:\/\/schema.org","@graph":[{"@type":["WebPage","ItemPage"],"@id":"https:\/\/www.purejewels.com\/product\/rado-coupole-diamonds-r22854703\/","url":"https:\/\/www.purejewels.com\/product\/rado-coupole-diamonds-r22854703\/","name":"Rado Coupole P\u0131rlanta R22854703 - PureJewels.com","isPartOf":{"@id":"https:\/\/www.purejewels.com\/#website"},"primaryImageOfPage":{"@id":"https:\/\/www.purejewels.com\/product\/rado-coupole-diamonds-r22854703\/#primaryimage"},"image":{"@id":"https:\/\/www.purejewels.com\/product\/rado-coupole-diamonds-r22854703\/#primaryimage"},"thumbnailUrl":"https:\/\/static.purejewels.com\/wp-content\/uploads\/2017\/12\/R22854703.png","datePublished":"2017-07-19T12:15:00+00:00","dateModified":"2023-08-18T11:24:53+00:00","breadcrumb":{"@id":"https:\/\/www.purejewels.com\/product\/rado-coupole-diamonds-r22854703\/#breadcrumb"},"inLanguage":"tr","potentialAction":[{"@type":"ReadAction","target":["https:\/\/www.purejewels.com\/product\/rado-coupole-diamonds-r22854703\/"]}]},{"@type":"ImageObject","inLanguage":"tr","@id":"https:\/\/www.purejewels.com\/product\/rado-coupole-diamonds-r22854703\/#primaryimage","url":"https:\/\/static.purejewels.com\/wp-content\/uploads\/2017\/12\/R22854703.png","contentUrl":"https:\/\/static.purejewels.com\/wp-content\/uploads\/2017\/12\/R22854703.png","width":1000,"height":1000,"caption":"R22854703"},{"@type":"BreadcrumbList","@id":"https:\/\/www.purejewels.com\/product\/rado-coupole-diamonds-r22854703\/#breadcrumb","itemListElement":[{"@type":"ListItem","position":1,"name":"Home","item":"https:\/\/www.purejewels.com\/"},{"@type":"ListItem","position":2,"name":"Shop","item":"https:\/\/www.purejewels.com\/shop\/"},{"@type":"ListItem","position":3,"name":"Rado Coupole Diamonds Womens Watch"}]},{"@type":"WebSite","@id":"https:\/\/www.purejewels.com\/#website","url":"https:\/\/www.purejewels.com\/","name":"PureJewels \u0130ngiltere","description":"Sevgiyi Payla\u015f\u0131n","publisher":{"@id":"https:\/\/www.purejewels.com\/#organization"},"potentialAction":[{"@type":"SearchAction","target":{"@type":"EntryPoint","urlTemplate":"https:\/\/www.purejewels.com\/?s={search_term_string}"},"query-input":{"@type":"PropertyValueSpecification","valueRequired":true,"valueName":"search_term_string"}}],"inLanguage":"tr"},{"@type":"Organization","@id":"https:\/\/www.purejewels.com\/#organization","name":"PureJewels \u0130ngiltere","url":"https:\/\/www.purejewels.com\/","logo":{"@type":"ImageObject","inLanguage":"tr","@id":"https:\/\/www.purejewels.com\/#\/schema\/logo\/image\/","url":"https:\/\/static.purejewels.com\/wp-content\/uploads\/2020\/11\/Logo-PJ-New-1.png","contentUrl":"https:\/\/static.purejewels.com\/wp-content\/uploads\/2020\/11\/Logo-PJ-New-1.png","width":150,"height":80,"caption":"PureJewels UK"},"image":{"@id":"https:\/\/www.purejewels.com\/#\/schema\/logo\/image\/"}}]}},"_links":{"self":[{"href":"https:\/\/www.purejewels.com\/tr\/wp-json\/wp\/v2\/product\/3542","targetHints":{"allow":["GET"]}}],"collection":[{"href":"https:\/\/www.purejewels.com\/tr\/wp-json\/wp\/v2\/product"}],"about":[{"href":"https:\/\/www.purejewels.com\/tr\/wp-json\/wp\/v2\/types\/product"}],"replies":[{"embeddable":true,"href":"https:\/\/www.purejewels.com\/tr\/wp-json\/wp\/v2\/comments?post=3542"}],"version-history":[{"count":0,"href":"https:\/\/www.purejewels.com\/tr\/wp-json\/wp\/v2\/product\/3542\/revisions"}],"wp:featuredmedia":[{"embeddable":true,"href":"https:\/\/www.purejewels.com\/tr\/wp-json\/wp\/v2\/media\/297691"}],"wp:attachment":[{"href":"https:\/\/www.purejewels.com\/tr\/wp-json\/wp\/v2\/media?parent=3542"}],"wp:term":[{"taxonomy":"product_brand","embeddable":true,"href":"https:\/\/www.purejewels.com\/tr\/wp-json\/wp\/v2\/product_brand?post=3542"},{"taxonomy":"product_cat","embeddable":true,"href":"https:\/\/www.purejewels.com\/tr\/wp-json\/wp\/v2\/product_cat?post=3542"},{"taxonomy":"product_tag","embeddable":true,"href":"https:\/\/www.purejewels.com\/tr\/wp-json\/wp\/v2\/product_tag?post=3542"}],"curies":[{"name":"wp","href":"https:\/\/api.w.org\/{rel}","templated":true}]}}