{"id":354608,"date":"2024-10-14T07:40:45","date_gmt":"2024-10-14T06:40:45","guid":{"rendered":"https:\/\/www.purejewels.com\/?post_type=product&#038;p=354608"},"modified":"2026-01-06T05:08:54","modified_gmt":"2026-01-06T05:08:54","slug":"22-ayar-altin-armari-halka-kupe-48607","status":"publish","type":"product","link":"https:\/\/www.purejewels.com\/tr\/product\/22ct-gold-armari-hoop-earring-48607\/","title":{"rendered":"22 Ayar Alt\u0131n Armari Halka K\u00fcpe"},"content":{"rendered":"<p>22 Ayar Alt\u0131n Armari Hoop V-\u015fekilli K\u00fcpeler her m\u00fccevher koleksiyonu i\u00e7in \u00e7arp\u0131c\u0131 bir eklentidir. Y\u00fcksek kaliteli 22 ayar alt\u0131ndan \u00fcretilen bu k\u00fcpeler, \u015f\u0131k ve sofistike bir g\u00f6r\u00fcn\u00fcm kazand\u0131ran cesur, modern V \u015feklinde bir tasar\u0131ma sahiptir. 4,4 gram a\u011f\u0131rl\u0131\u011f\u0131yla \u015f\u0131kl\u0131k ve rahatl\u0131k aras\u0131nda m\u00fckemmel bir denge sunan bu k\u00fcpeler, hem g\u00fcnl\u00fck kullan\u0131m hem de \u00f6zel g\u00fcnler i\u00e7in idealdir. Kendine \u00f6zg\u00fc \u015fekli ve l\u00fcks alt\u0131n kaplamas\u0131, onlar\u0131 hem g\u00fcndelik hem de resmi k\u0131yafetlerle e\u015fle\u015ftirilebilecek \u00e7ok y\u00f6nl\u00fc bir par\u00e7a haline getiriyor. Bu halka k\u00fcpeler, \u015f\u0131kl\u0131\u011f\u0131n ger\u00e7ek bir kan\u0131t\u0131d\u0131r. <a href=\"https:\/\/www.purejewels.com\/tr\/a-guide-to-die-stamping\/\">zanaatkarl\u0131k<\/a> ve zamans\u0131z bir stil.<\/p>","protected":false},"excerpt":{"rendered":"<table class=\"sh_desc\">\n<tbody>\n<tr>\n<td>K\u00fcpe T\u00fcr\u00fc<\/td>\n<td>Halka K\u00fcpe<\/td>\n<\/tr>\n<tr>\n<td>SKU<\/td>\n<td>49736, 49737<\/td>\n<\/tr>\n<tr>\n<td>A\u011f\u0131rl\u0131k<\/td>\n<td>4.3 Gms<\/td>\n<\/tr>\n<tr>\n<td>Biti\u015f<\/td>\n<td>Antique_Matte<\/td>\n<\/tr>\n<tr>\n<td>Geni\u015flik<\/td>\n<td>25 mm<\/td>\n<\/tr>\n<tr>\n<td>Koleksiyon<\/td>\n<td><strong>Armari Koleksiyonu<\/strong><\/td>\n<\/tr>\n<tr>\n<td>Metal<\/td>\n<td>22 Ayar Alt\u0131n<\/td>\n<\/tr>\n<tr>\n<td>\u00dccretler<\/td>\n<td>Teslimat ve KDV Dahil<\/td>\n<\/tr>\n<tr>\n<td>Paketleme<\/td>\n<td>Sunum Kutusu ile Birlikte Gelir<\/td>\n<\/tr>\n<tr>\n<td>Daha Fazla Bilgi<\/td>\n<td>M\u00fcsaitlik durumu ve daha fazla resim i\u00e7in bizimle canl\u0131 sohbet edin<\/td>\n<\/tr>\n<\/tbody>\n<\/table>","protected":false},"featured_media":364969,"comment_status":"closed","ping_status":"closed","template":"","meta":{"_eb_attr":"","_crsspst_to_jayantr4sg-hostcom":false},"product_brand":[],"product_cat":[245,5639,1254,1229,1579,1574,5349],"product_tag":[5920,66],"class_list":{"0":"post-354608","1":"product","2":"type-product","3":"status-publish","4":"has-post-thumbnail","6":"product_cat-armari-collections","7":"product_cat-armari-earring","8":"product_cat-gold-earrings","9":"product_cat-22ct-gold-jewellery","10":"product_cat-hoop-earrings","11":"product_cat-womens-jewellery","12":"product_cat-yellow-gold-jewellery","13":"product_tag-armari-hoop-earrings","14":"product_tag-earrings","16":"first","17":"outofstock","18":"taxable","19":"shipping-taxable","20":"product-type-simple","21":"add-to-wishlist-before_image"},"yoast_head":"<!-- This site is optimized with the Yoast SEO plugin v27.5 - https:\/\/yoast.com\/product\/yoast-seo-wordpress\/ -->\n<title>22ct Gold Armari Hoop Earring | PureJewels UK<\/title>\n<meta name=\"description\" content=\"A sleek and stylish pair of 22ct gold Armari Hoop earrings, featuring a unique V-shape design. Weighing 4.4 grams, these hoops offer a perfect balance of elegance and contemporary flair, making them a must-have addition to your daily wear jewelry collection.\" \/>\n<meta name=\"robots\" content=\"index, follow, max-snippet:-1, max-image-preview:large, max-video-preview:-1\" \/>\n<link rel=\"canonical\" href=\"https:\/\/www.purejewels.com\/tr\/urun\/22-ayar-altin-armari-halka-kupe-48607\/\" \/>\n<meta property=\"og:locale\" content=\"tr_TR\" \/>\n<meta property=\"og:type\" content=\"article\" \/>\n<meta property=\"og:title\" content=\"22ct Gold Armari Hoop Earring | PureJewels UK\" \/>\n<meta property=\"og:description\" content=\"A sleek and stylish pair of 22ct gold Armari Hoop earrings, featuring a unique V-shape design. Weighing 4.4 grams, these hoops offer a perfect balance of elegance and contemporary flair, making them a must-have addition to your daily wear jewelry collection.\" \/>\n<meta property=\"og:url\" content=\"https:\/\/www.purejewels.com\/tr\/urun\/22-ayar-altin-armari-halka-kupe-48607\/\" \/>\n<meta property=\"og:site_name\" content=\"PureJewels UK\" \/>\n<meta property=\"article:modified_time\" content=\"2026-01-06T05:08:54+00:00\" \/>\n<meta property=\"og:image\" content=\"https:\/\/www.purejewels.com\/wp-content\/uploads\/2023\/12\/48667.png\" \/>\n\t<meta property=\"og:image:width\" content=\"1000\" \/>\n\t<meta property=\"og:image:height\" content=\"1000\" \/>\n\t<meta property=\"og:image:type\" content=\"image\/png\" \/>\n<meta name=\"twitter:card\" content=\"summary_large_image\" \/>\n<script type=\"application\/ld+json\" class=\"yoast-schema-graph\">{\"@context\":\"https:\\\/\\\/schema.org\",\"@graph\":[{\"@type\":[\"WebPage\",\"ItemPage\"],\"@id\":\"https:\\\/\\\/www.purejewels.com\\\/product\\\/22ct-gold-armari-hoop-earring-48607\\\/\",\"url\":\"https:\\\/\\\/www.purejewels.com\\\/product\\\/22ct-gold-armari-hoop-earring-48607\\\/\",\"name\":\"22ct Gold Armari Hoop Earring | PureJewels UK\",\"isPartOf\":{\"@id\":\"https:\\\/\\\/www.purejewels.com\\\/#website\"},\"primaryImageOfPage\":{\"@id\":\"https:\\\/\\\/www.purejewels.com\\\/product\\\/22ct-gold-armari-hoop-earring-48607\\\/#primaryimage\"},\"image\":{\"@id\":\"https:\\\/\\\/www.purejewels.com\\\/product\\\/22ct-gold-armari-hoop-earring-48607\\\/#primaryimage\"},\"thumbnailUrl\":\"https:\\\/\\\/static.purejewels.com\\\/wp-content\\\/uploads\\\/2023\\\/12\\\/48667.png\",\"datePublished\":\"2024-10-14T06:40:45+00:00\",\"dateModified\":\"2026-01-06T05:08:54+00:00\",\"description\":\"A sleek and stylish pair of 22ct gold Armari Hoop earrings, featuring a unique V-shape design. Weighing 4.4 grams, these hoops offer a perfect balance of elegance and contemporary flair, making them a must-have addition to your daily wear jewelry collection.\",\"breadcrumb\":{\"@id\":\"https:\\\/\\\/www.purejewels.com\\\/product\\\/22ct-gold-armari-hoop-earring-48607\\\/#breadcrumb\"},\"inLanguage\":\"tr\",\"potentialAction\":[{\"@type\":\"ReadAction\",\"target\":[\"https:\\\/\\\/www.purejewels.com\\\/product\\\/22ct-gold-armari-hoop-earring-48607\\\/\"]}]},{\"@type\":\"ImageObject\",\"inLanguage\":\"tr\",\"@id\":\"https:\\\/\\\/www.purejewels.com\\\/product\\\/22ct-gold-armari-hoop-earring-48607\\\/#primaryimage\",\"url\":\"https:\\\/\\\/static.purejewels.com\\\/wp-content\\\/uploads\\\/2023\\\/12\\\/48667.png\",\"contentUrl\":\"https:\\\/\\\/static.purejewels.com\\\/wp-content\\\/uploads\\\/2023\\\/12\\\/48667.png\",\"width\":1000,\"height\":1000,\"caption\":\"22ct Gold Armari Hoop Earring\"},{\"@type\":\"BreadcrumbList\",\"@id\":\"https:\\\/\\\/www.purejewels.com\\\/product\\\/22ct-gold-armari-hoop-earring-48607\\\/#breadcrumb\",\"itemListElement\":[{\"@type\":\"ListItem\",\"position\":1,\"name\":\"Home\",\"item\":\"https:\\\/\\\/www.purejewels.com\\\/\"},{\"@type\":\"ListItem\",\"position\":2,\"name\":\"Shop\",\"item\":\"https:\\\/\\\/www.purejewels.com\\\/shop\\\/\"},{\"@type\":\"ListItem\",\"position\":3,\"name\":\"22ct Gold Armari Hoop Earring\"}]},{\"@type\":\"WebSite\",\"@id\":\"https:\\\/\\\/www.purejewels.com\\\/#website\",\"url\":\"https:\\\/\\\/www.purejewels.com\\\/\",\"name\":\"PureJewels UK\",\"description\":\"Share the Love\",\"publisher\":{\"@id\":\"https:\\\/\\\/www.purejewels.com\\\/#organization\"},\"potentialAction\":[{\"@type\":\"SearchAction\",\"target\":{\"@type\":\"EntryPoint\",\"urlTemplate\":\"https:\\\/\\\/www.purejewels.com\\\/?s={search_term_string}\"},\"query-input\":{\"@type\":\"PropertyValueSpecification\",\"valueRequired\":true,\"valueName\":\"search_term_string\"}}],\"inLanguage\":\"tr\"},{\"@type\":\"Organization\",\"@id\":\"https:\\\/\\\/www.purejewels.com\\\/#organization\",\"name\":\"PureJewels UK\",\"url\":\"https:\\\/\\\/www.purejewels.com\\\/\",\"logo\":{\"@type\":\"ImageObject\",\"inLanguage\":\"tr\",\"@id\":\"https:\\\/\\\/www.purejewels.com\\\/#\\\/schema\\\/logo\\\/image\\\/\",\"url\":\"https:\\\/\\\/static.purejewels.com\\\/wp-content\\\/uploads\\\/2020\\\/11\\\/Logo-PJ-New-1.png\",\"contentUrl\":\"https:\\\/\\\/static.purejewels.com\\\/wp-content\\\/uploads\\\/2020\\\/11\\\/Logo-PJ-New-1.png\",\"width\":150,\"height\":80,\"caption\":\"PureJewels UK\"},\"image\":{\"@id\":\"https:\\\/\\\/www.purejewels.com\\\/#\\\/schema\\\/logo\\\/image\\\/\"}}]}<\/script>\n<!-- \/ Yoast SEO plugin. -->","yoast_head_json":{"title":"22 Ayar Alt\u0131n Armari Halka K\u00fcpe | PureJewels UK","description":"Benzersiz V-\u015fekilli tasar\u0131ma sahip, zarif ve \u015f\u0131k bir \u00e7ift 22 ayar alt\u0131n Armari Halka k\u00fcpe. 4,4 gram a\u011f\u0131rl\u0131\u011f\u0131ndaki bu halka k\u00fcpeler, zarafet ve \u00e7a\u011fda\u015f yetenek aras\u0131nda m\u00fckemmel bir denge sunarak g\u00fcnl\u00fck tak\u0131 koleksiyonunuzda mutlaka bulunmas\u0131 gereken bir par\u00e7a haline geliyor.","robots":{"index":"index","follow":"follow","max-snippet":"max-snippet:-1","max-image-preview":"max-image-preview:large","max-video-preview":"max-video-preview:-1"},"canonical":"https:\/\/www.purejewels.com\/tr\/urun\/22-ayar-altin-armari-halka-kupe-48607\/","og_locale":"tr_TR","og_type":"article","og_title":"22ct Gold Armari Hoop Earring | PureJewels UK","og_description":"A sleek and stylish pair of 22ct gold Armari Hoop earrings, featuring a unique V-shape design. Weighing 4.4 grams, these hoops offer a perfect balance of elegance and contemporary flair, making them a must-have addition to your daily wear jewelry collection.","og_url":"https:\/\/www.purejewels.com\/tr\/urun\/22-ayar-altin-armari-halka-kupe-48607\/","og_site_name":"PureJewels UK","article_modified_time":"2026-01-06T05:08:54+00:00","og_image":[{"width":1000,"height":1000,"url":"https:\/\/www.purejewels.com\/wp-content\/uploads\/2023\/12\/48667.png","type":"image\/png"}],"twitter_card":"summary_large_image","schema":{"@context":"https:\/\/schema.org","@graph":[{"@type":["WebPage","ItemPage"],"@id":"https:\/\/www.purejewels.com\/product\/22ct-gold-armari-hoop-earring-48607\/","url":"https:\/\/www.purejewels.com\/product\/22ct-gold-armari-hoop-earring-48607\/","name":"22 Ayar Alt\u0131n Armari Halka K\u00fcpe | PureJewels UK","isPartOf":{"@id":"https:\/\/www.purejewels.com\/#website"},"primaryImageOfPage":{"@id":"https:\/\/www.purejewels.com\/product\/22ct-gold-armari-hoop-earring-48607\/#primaryimage"},"image":{"@id":"https:\/\/www.purejewels.com\/product\/22ct-gold-armari-hoop-earring-48607\/#primaryimage"},"thumbnailUrl":"https:\/\/static.purejewels.com\/wp-content\/uploads\/2023\/12\/48667.png","datePublished":"2024-10-14T06:40:45+00:00","dateModified":"2026-01-06T05:08:54+00:00","description":"Benzersiz V-\u015fekilli tasar\u0131ma sahip, zarif ve \u015f\u0131k bir \u00e7ift 22 ayar alt\u0131n Armari Halka k\u00fcpe. 4,4 gram a\u011f\u0131rl\u0131\u011f\u0131ndaki bu halka k\u00fcpeler, zarafet ve \u00e7a\u011fda\u015f yetenek aras\u0131nda m\u00fckemmel bir denge sunarak g\u00fcnl\u00fck tak\u0131 koleksiyonunuzda mutlaka bulunmas\u0131 gereken bir par\u00e7a haline geliyor.","breadcrumb":{"@id":"https:\/\/www.purejewels.com\/product\/22ct-gold-armari-hoop-earring-48607\/#breadcrumb"},"inLanguage":"tr","potentialAction":[{"@type":"ReadAction","target":["https:\/\/www.purejewels.com\/product\/22ct-gold-armari-hoop-earring-48607\/"]}]},{"@type":"ImageObject","inLanguage":"tr","@id":"https:\/\/www.purejewels.com\/product\/22ct-gold-armari-hoop-earring-48607\/#primaryimage","url":"https:\/\/static.purejewels.com\/wp-content\/uploads\/2023\/12\/48667.png","contentUrl":"https:\/\/static.purejewels.com\/wp-content\/uploads\/2023\/12\/48667.png","width":1000,"height":1000,"caption":"22ct Gold Armari Hoop Earring"},{"@type":"BreadcrumbList","@id":"https:\/\/www.purejewels.com\/product\/22ct-gold-armari-hoop-earring-48607\/#breadcrumb","itemListElement":[{"@type":"ListItem","position":1,"name":"Home","item":"https:\/\/www.purejewels.com\/"},{"@type":"ListItem","position":2,"name":"Shop","item":"https:\/\/www.purejewels.com\/shop\/"},{"@type":"ListItem","position":3,"name":"22ct Gold Armari Hoop Earring"}]},{"@type":"WebSite","@id":"https:\/\/www.purejewels.com\/#website","url":"https:\/\/www.purejewels.com\/","name":"PureJewels \u0130ngiltere","description":"Sevgiyi Payla\u015f\u0131n","publisher":{"@id":"https:\/\/www.purejewels.com\/#organization"},"potentialAction":[{"@type":"SearchAction","target":{"@type":"EntryPoint","urlTemplate":"https:\/\/www.purejewels.com\/?s={search_term_string}"},"query-input":{"@type":"PropertyValueSpecification","valueRequired":true,"valueName":"search_term_string"}}],"inLanguage":"tr"},{"@type":"Organization","@id":"https:\/\/www.purejewels.com\/#organization","name":"PureJewels \u0130ngiltere","url":"https:\/\/www.purejewels.com\/","logo":{"@type":"ImageObject","inLanguage":"tr","@id":"https:\/\/www.purejewels.com\/#\/schema\/logo\/image\/","url":"https:\/\/static.purejewels.com\/wp-content\/uploads\/2020\/11\/Logo-PJ-New-1.png","contentUrl":"https:\/\/static.purejewels.com\/wp-content\/uploads\/2020\/11\/Logo-PJ-New-1.png","width":150,"height":80,"caption":"PureJewels UK"},"image":{"@id":"https:\/\/www.purejewels.com\/#\/schema\/logo\/image\/"}}]}},"_links":{"self":[{"href":"https:\/\/www.purejewels.com\/tr\/wp-json\/wp\/v2\/product\/354608","targetHints":{"allow":["GET"]}}],"collection":[{"href":"https:\/\/www.purejewels.com\/tr\/wp-json\/wp\/v2\/product"}],"about":[{"href":"https:\/\/www.purejewels.com\/tr\/wp-json\/wp\/v2\/types\/product"}],"replies":[{"embeddable":true,"href":"https:\/\/www.purejewels.com\/tr\/wp-json\/wp\/v2\/comments?post=354608"}],"version-history":[{"count":5,"href":"https:\/\/www.purejewels.com\/tr\/wp-json\/wp\/v2\/product\/354608\/revisions"}],"predecessor-version":[{"id":391792,"href":"https:\/\/www.purejewels.com\/tr\/wp-json\/wp\/v2\/product\/354608\/revisions\/391792"}],"wp:featuredmedia":[{"embeddable":true,"href":"https:\/\/www.purejewels.com\/tr\/wp-json\/wp\/v2\/media\/364969"}],"wp:attachment":[{"href":"https:\/\/www.purejewels.com\/tr\/wp-json\/wp\/v2\/media?parent=354608"}],"wp:term":[{"taxonomy":"product_brand","embeddable":true,"href":"https:\/\/www.purejewels.com\/tr\/wp-json\/wp\/v2\/product_brand?post=354608"},{"taxonomy":"product_cat","embeddable":true,"href":"https:\/\/www.purejewels.com\/tr\/wp-json\/wp\/v2\/product_cat?post=354608"},{"taxonomy":"product_tag","embeddable":true,"href":"https:\/\/www.purejewels.com\/tr\/wp-json\/wp\/v2\/product_tag?post=354608"}],"curies":[{"name":"wp","href":"https:\/\/api.w.org\/{rel}","templated":true}]}}