{"id":354624,"date":"2023-12-12T06:10:00","date_gmt":"2023-12-12T06:10:00","guid":{"rendered":"https:\/\/www.purejewels.com\/?post_type=product&#038;p=354624"},"modified":"2026-02-10T06:39:34","modified_gmt":"2026-02-10T06:39:34","slug":"antik-kaplamali-22-ayar-altin-yuzuk-bandi-47425","status":"publish","type":"product","link":"https:\/\/www.purejewels.com\/tr\/product\/22ct-gold-ring-band-with-antique-finish-47425\/","title":{"rendered":"Antik Kaplamal\u0131 22 Ayar Alt\u0131n Kordon | 6,5 mm"},"content":{"rendered":"<h3>Tasar\u0131m:<\/h3>\n<p>\u0130ncelikle tasarlanm\u0131\u015f bu 22 Ayar Alt\u0131n Armari Y\u00fcz\u00fck Band\u0131, vintage zarafetine bir \u00f6vg\u00fc niteli\u011findedir. Merkezi bant, her iki yan\u0131nda incelikle b\u00fck\u00fclm\u00fc\u015f bir halat teliyle s\u0131n\u0131rlanan kabar\u0131k bir \u00e7i\u00e7ek deseni sergiliyor; bu da birli\u011fi ve detaylara g\u00f6sterilen \u00f6zeni simgeliyor. 6,5 mm geni\u015fli\u011fi cesurluk ve rahatl\u0131k aras\u0131nda m\u00fckemmel bir denge kurar.<\/p>\n<h3>El i\u015fi:<\/h3>\n<p>Saf 22 ayar alt\u0131ndan el i\u015f\u00e7ili\u011fiyle \u00fcretilen bu y\u00fcz\u00fck, geleneksel Hint m\u00fccevhercili\u011finin ince i\u015f\u00e7ili\u011fini yans\u0131t\u0131yor. Ayr\u0131nt\u0131l\u0131 motiflerden mat ve cilal\u0131 dokular\u0131n kusursuz birle\u015fimine kadar her bir unsur, kal\u0131c\u0131 bir l\u00fcks hissi i\u00e7in \u00f6zenle tamamlanm\u0131\u015ft\u0131r.<\/p>\n<h3>Stil:<\/h3>\n<p>\u0130ster g\u00f6steri\u015fli bir par\u00e7a olarak ister tamamlay\u0131c\u0131 bantlarla birlikte kullan\u0131ls\u0131n, bu y\u00fcz\u00fck g\u00fcnl\u00fck g\u00f6r\u00fcn\u00fcm\u00fcn\u00fcze muhte\u015fem bir hava katar. Karma\u015f\u0131k tasar\u0131m\u0131 ve klasik silueti sayesinde k\u00fclt\u00fcrel etkinlikler, bayram kutlamalar\u0131 veya sadece alt\u0131n tak\u0131 koleksiyonunuzu y\u00fckseltmek i\u00e7in \u00e7ok y\u00f6nl\u00fcd\u00fcr.<\/p>\n<p>Duygusal sanat\u00e7\u0131l\u0131\u011fa sahip zamans\u0131z bir par\u00e7a; kendini s\u00fcslemek veya anlaml\u0131 bir hediye vermek i\u00e7in ideal.<\/p>","protected":false},"excerpt":{"rendered":"<p>Zamans\u0131z bir cazibeye sahip Armari Koleksiyonu'ndan bu 22 Ayar Alt\u0131n Kordon, \u00e7arp\u0131c\u0131 bir antika kaplamaya ve karma\u015f\u0131k \u00e7i\u00e7ek detaylar\u0131na sahiptir. 6,5 mm geni\u015fli\u011fi ve s\u00fcsl\u00fc i\u00e7 tasar\u0131m\u0131 ile sofistike bir y\u00fcz\u00fckte hem miras hem de zarafet sunar.<\/p>\n<p><strong>Malzeme:<\/strong>\u00a022 Ayar Alt\u0131n (91,6% saf Alt\u0131n)<br \/>\n<strong>Hallmark:<\/strong>\u00a0\u0130ngiliz Damgas\u0131<br \/>\n<strong>A\u011f\u0131rl\u0131k Aral\u0131\u011f\u0131:<\/strong> 4.06 Gms - 4.5 Gms<br \/>\n<strong>Y\u00fcz\u00fck \u00d6l\u00e7\u00fcs\u00fc:<\/strong> Farkl\u0131 boyutlarda mevcuttur<br \/>\n<strong>Geni\u015flik:<\/strong> 6,5 mm<br \/>\n<strong>SKU: <\/strong>52255, 52247,52250, 52251, 52253, 52254<\/p>\n<p><strong>Fiyat ve Teslimat<\/strong>: KDV ve teslimat \u00fccreti dahil<br \/>\nTalep \u00fczerine uluslararas\u0131 nakliye mevcuttur<br \/>\n<a href=\"https:\/\/www.purejewels.com\/tr\/i%cc%87ade-poli%cc%87ti%cc%87kasi\/\">\u0130ade Politikas\u0131<\/a><\/p>","protected":false},"featured_media":351280,"comment_status":"closed","ping_status":"closed","template":"","meta":{"_eb_attr":"","_crsspst_to_jayantr4sg-hostcom":false},"product_brand":[],"product_cat":[1791,6158,245,5642,236,1793,1229,1235,1783,1570,1573,1574,5349],"product_tag":[64],"class_list":{"0":"post-354624","1":"product","2":"type-product","3":"status-publish","4":"has-post-thumbnail","6":"product_cat-anniversary-gifts","7":"product_cat-armari-band","8":"product_cat-armari-collections","9":"product_cat-armari-ring","10":"product_cat-collections","11":"product_cat-diwali-gifts","12":"product_cat-22ct-gold-jewellery","13":"product_cat-gold-rings","14":"product_cat-ladies-rings","15":"product_cat-mothers-day-gifts","16":"product_cat-wedding-gifts","17":"product_cat-womens-jewellery","18":"product_cat-yellow-gold-jewellery","19":"product_tag-rings","21":"first","22":"instock","23":"taxable","24":"shipping-taxable","25":"purchasable","26":"product-type-variable","27":"add-to-wishlist-before_image"},"yoast_head":"<!-- This site is optimized with the Yoast SEO plugin v27.5 - https:\/\/yoast.com\/product\/yoast-seo-wordpress\/ -->\n<title>Antique finish Gold Band Ring | PureJewels UK<\/title>\n<meta name=\"description\" content=\"Add a touch of timeless elegance to your look with this stunning Antique finish Gold Band Ring from PureJewels. Available in different sizes.\" \/>\n<meta name=\"robots\" content=\"index, follow, max-snippet:-1, max-image-preview:large, max-video-preview:-1\" \/>\n<link rel=\"canonical\" href=\"https:\/\/www.purejewels.com\/tr\/urun\/antik-kaplamali-22-ayar-altin-yuzuk-bandi-47425\/\" \/>\n<meta property=\"og:locale\" content=\"tr_TR\" \/>\n<meta property=\"og:type\" content=\"article\" \/>\n<meta property=\"og:title\" content=\"Antique finish Gold Band Ring | PureJewels UK\" \/>\n<meta property=\"og:description\" content=\"Add a touch of timeless elegance to your look with this stunning Antique finish Gold Band Ring from PureJewels. Available in different sizes.\" \/>\n<meta property=\"og:url\" content=\"https:\/\/www.purejewels.com\/tr\/urun\/antik-kaplamali-22-ayar-altin-yuzuk-bandi-47425\/\" \/>\n<meta property=\"og:site_name\" content=\"PureJewels UK\" \/>\n<meta property=\"article:modified_time\" content=\"2026-02-10T06:39:34+00:00\" \/>\n<meta property=\"og:image\" content=\"https:\/\/static.purejewels.com\/wp-content\/uploads\/2023\/09\/SKU-46360.png\" \/>\n\t<meta property=\"og:image:width\" content=\"1000\" \/>\n\t<meta property=\"og:image:height\" content=\"1000\" \/>\n\t<meta property=\"og:image:type\" content=\"image\/png\" \/>\n<meta name=\"twitter:card\" content=\"summary_large_image\" \/>\n<meta name=\"twitter:label1\" content=\"Tahmini okuma s\u00fcresi\" \/>\n\t<meta name=\"twitter:data1\" content=\"1 dakika\" \/>\n<script type=\"application\/ld+json\" class=\"yoast-schema-graph\">{\"@context\":\"https:\\\/\\\/schema.org\",\"@graph\":[{\"@type\":[\"WebPage\",\"ItemPage\"],\"@id\":\"https:\\\/\\\/www.purejewels.com\\\/product\\\/22ct-gold-ring-band-with-antique-finish-47425\\\/\",\"url\":\"https:\\\/\\\/www.purejewels.com\\\/product\\\/22ct-gold-ring-band-with-antique-finish-47425\\\/\",\"name\":\"Antique finish Gold Band Ring | PureJewels UK\",\"isPartOf\":{\"@id\":\"https:\\\/\\\/www.purejewels.com\\\/#website\"},\"primaryImageOfPage\":{\"@id\":\"https:\\\/\\\/www.purejewels.com\\\/product\\\/22ct-gold-ring-band-with-antique-finish-47425\\\/#primaryimage\"},\"image\":{\"@id\":\"https:\\\/\\\/www.purejewels.com\\\/product\\\/22ct-gold-ring-band-with-antique-finish-47425\\\/#primaryimage\"},\"thumbnailUrl\":\"https:\\\/\\\/static.purejewels.com\\\/wp-content\\\/uploads\\\/2023\\\/09\\\/SKU-46360.png\",\"datePublished\":\"2023-12-12T06:10:00+00:00\",\"dateModified\":\"2026-02-10T06:39:34+00:00\",\"description\":\"Add a touch of timeless elegance to your look with this stunning Antique finish Gold Band Ring from PureJewels. Available in different sizes.\",\"breadcrumb\":{\"@id\":\"https:\\\/\\\/www.purejewels.com\\\/product\\\/22ct-gold-ring-band-with-antique-finish-47425\\\/#breadcrumb\"},\"inLanguage\":\"tr\",\"potentialAction\":[{\"@type\":\"ReadAction\",\"target\":[\"https:\\\/\\\/www.purejewels.com\\\/product\\\/22ct-gold-ring-band-with-antique-finish-47425\\\/\"]}]},{\"@type\":\"ImageObject\",\"inLanguage\":\"tr\",\"@id\":\"https:\\\/\\\/www.purejewels.com\\\/product\\\/22ct-gold-ring-band-with-antique-finish-47425\\\/#primaryimage\",\"url\":\"https:\\\/\\\/static.purejewels.com\\\/wp-content\\\/uploads\\\/2023\\\/09\\\/SKU-46360.png\",\"contentUrl\":\"https:\\\/\\\/static.purejewels.com\\\/wp-content\\\/uploads\\\/2023\\\/09\\\/SKU-46360.png\",\"width\":1000,\"height\":1000,\"caption\":\"22ct Gold Ring Band with Antique Finish\"},{\"@type\":\"BreadcrumbList\",\"@id\":\"https:\\\/\\\/www.purejewels.com\\\/product\\\/22ct-gold-ring-band-with-antique-finish-47425\\\/#breadcrumb\",\"itemListElement\":[{\"@type\":\"ListItem\",\"position\":1,\"name\":\"Home\",\"item\":\"https:\\\/\\\/www.purejewels.com\\\/\"},{\"@type\":\"ListItem\",\"position\":2,\"name\":\"Shop\",\"item\":\"https:\\\/\\\/www.purejewels.com\\\/shop\\\/\"},{\"@type\":\"ListItem\",\"position\":3,\"name\":\"22ct Gold Band with Antique Finish | 6.5mm\"}]},{\"@type\":\"WebSite\",\"@id\":\"https:\\\/\\\/www.purejewels.com\\\/#website\",\"url\":\"https:\\\/\\\/www.purejewels.com\\\/\",\"name\":\"PureJewels UK\",\"description\":\"Share the Love\",\"publisher\":{\"@id\":\"https:\\\/\\\/www.purejewels.com\\\/#organization\"},\"potentialAction\":[{\"@type\":\"SearchAction\",\"target\":{\"@type\":\"EntryPoint\",\"urlTemplate\":\"https:\\\/\\\/www.purejewels.com\\\/?s={search_term_string}\"},\"query-input\":{\"@type\":\"PropertyValueSpecification\",\"valueRequired\":true,\"valueName\":\"search_term_string\"}}],\"inLanguage\":\"tr\"},{\"@type\":\"Organization\",\"@id\":\"https:\\\/\\\/www.purejewels.com\\\/#organization\",\"name\":\"PureJewels UK\",\"url\":\"https:\\\/\\\/www.purejewels.com\\\/\",\"logo\":{\"@type\":\"ImageObject\",\"inLanguage\":\"tr\",\"@id\":\"https:\\\/\\\/www.purejewels.com\\\/#\\\/schema\\\/logo\\\/image\\\/\",\"url\":\"https:\\\/\\\/static.purejewels.com\\\/wp-content\\\/uploads\\\/2020\\\/11\\\/Logo-PJ-New-1.png\",\"contentUrl\":\"https:\\\/\\\/static.purejewels.com\\\/wp-content\\\/uploads\\\/2020\\\/11\\\/Logo-PJ-New-1.png\",\"width\":150,\"height\":80,\"caption\":\"PureJewels UK\"},\"image\":{\"@id\":\"https:\\\/\\\/www.purejewels.com\\\/#\\\/schema\\\/logo\\\/image\\\/\"}}]}<\/script>\n<!-- \/ Yoast SEO plugin. -->","yoast_head_json":{"title":"Antik Kaplama Alt\u0131n Bant Y\u00fcz\u00fck | PureJewels UK","description":"PureJewels'in bu \u00e7arp\u0131c\u0131 Antik kaplama Alt\u0131n Bant Y\u00fcz\u00fc\u011f\u00fc ile g\u00f6r\u00fcn\u00fcm\u00fcn\u00fcze zamans\u0131z bir zarafet kat\u0131n. Farkl\u0131 boyutlarda mevcuttur.","robots":{"index":"index","follow":"follow","max-snippet":"max-snippet:-1","max-image-preview":"max-image-preview:large","max-video-preview":"max-video-preview:-1"},"canonical":"https:\/\/www.purejewels.com\/tr\/urun\/antik-kaplamali-22-ayar-altin-yuzuk-bandi-47425\/","og_locale":"tr_TR","og_type":"article","og_title":"Antique finish Gold Band Ring | PureJewels UK","og_description":"Add a touch of timeless elegance to your look with this stunning Antique finish Gold Band Ring from PureJewels. Available in different sizes.","og_url":"https:\/\/www.purejewels.com\/tr\/urun\/antik-kaplamali-22-ayar-altin-yuzuk-bandi-47425\/","og_site_name":"PureJewels UK","article_modified_time":"2026-02-10T06:39:34+00:00","og_image":[{"width":1000,"height":1000,"url":"https:\/\/static.purejewels.com\/wp-content\/uploads\/2023\/09\/SKU-46360.png","type":"image\/png"}],"twitter_card":"summary_large_image","twitter_misc":{"Tahmini okuma s\u00fcresi":"1 dakika"},"schema":{"@context":"https:\/\/schema.org","@graph":[{"@type":["WebPage","ItemPage"],"@id":"https:\/\/www.purejewels.com\/product\/22ct-gold-ring-band-with-antique-finish-47425\/","url":"https:\/\/www.purejewels.com\/product\/22ct-gold-ring-band-with-antique-finish-47425\/","name":"Antik Kaplama Alt\u0131n Bant Y\u00fcz\u00fck | PureJewels UK","isPartOf":{"@id":"https:\/\/www.purejewels.com\/#website"},"primaryImageOfPage":{"@id":"https:\/\/www.purejewels.com\/product\/22ct-gold-ring-band-with-antique-finish-47425\/#primaryimage"},"image":{"@id":"https:\/\/www.purejewels.com\/product\/22ct-gold-ring-band-with-antique-finish-47425\/#primaryimage"},"thumbnailUrl":"https:\/\/static.purejewels.com\/wp-content\/uploads\/2023\/09\/SKU-46360.png","datePublished":"2023-12-12T06:10:00+00:00","dateModified":"2026-02-10T06:39:34+00:00","description":"PureJewels'in bu \u00e7arp\u0131c\u0131 Antik kaplama Alt\u0131n Bant Y\u00fcz\u00fc\u011f\u00fc ile g\u00f6r\u00fcn\u00fcm\u00fcn\u00fcze zamans\u0131z bir zarafet kat\u0131n. Farkl\u0131 boyutlarda mevcuttur.","breadcrumb":{"@id":"https:\/\/www.purejewels.com\/product\/22ct-gold-ring-band-with-antique-finish-47425\/#breadcrumb"},"inLanguage":"tr","potentialAction":[{"@type":"ReadAction","target":["https:\/\/www.purejewels.com\/product\/22ct-gold-ring-band-with-antique-finish-47425\/"]}]},{"@type":"ImageObject","inLanguage":"tr","@id":"https:\/\/www.purejewels.com\/product\/22ct-gold-ring-band-with-antique-finish-47425\/#primaryimage","url":"https:\/\/static.purejewels.com\/wp-content\/uploads\/2023\/09\/SKU-46360.png","contentUrl":"https:\/\/static.purejewels.com\/wp-content\/uploads\/2023\/09\/SKU-46360.png","width":1000,"height":1000,"caption":"22ct Gold Ring Band with Antique Finish"},{"@type":"BreadcrumbList","@id":"https:\/\/www.purejewels.com\/product\/22ct-gold-ring-band-with-antique-finish-47425\/#breadcrumb","itemListElement":[{"@type":"ListItem","position":1,"name":"Home","item":"https:\/\/www.purejewels.com\/"},{"@type":"ListItem","position":2,"name":"Shop","item":"https:\/\/www.purejewels.com\/shop\/"},{"@type":"ListItem","position":3,"name":"22ct Gold Band with Antique Finish | 6.5mm"}]},{"@type":"WebSite","@id":"https:\/\/www.purejewels.com\/#website","url":"https:\/\/www.purejewels.com\/","name":"PureJewels \u0130ngiltere","description":"Sevgiyi Payla\u015f\u0131n","publisher":{"@id":"https:\/\/www.purejewels.com\/#organization"},"potentialAction":[{"@type":"SearchAction","target":{"@type":"EntryPoint","urlTemplate":"https:\/\/www.purejewels.com\/?s={search_term_string}"},"query-input":{"@type":"PropertyValueSpecification","valueRequired":true,"valueName":"search_term_string"}}],"inLanguage":"tr"},{"@type":"Organization","@id":"https:\/\/www.purejewels.com\/#organization","name":"PureJewels \u0130ngiltere","url":"https:\/\/www.purejewels.com\/","logo":{"@type":"ImageObject","inLanguage":"tr","@id":"https:\/\/www.purejewels.com\/#\/schema\/logo\/image\/","url":"https:\/\/static.purejewels.com\/wp-content\/uploads\/2020\/11\/Logo-PJ-New-1.png","contentUrl":"https:\/\/static.purejewels.com\/wp-content\/uploads\/2020\/11\/Logo-PJ-New-1.png","width":150,"height":80,"caption":"PureJewels UK"},"image":{"@id":"https:\/\/www.purejewels.com\/#\/schema\/logo\/image\/"}}]}},"_links":{"self":[{"href":"https:\/\/www.purejewels.com\/tr\/wp-json\/wp\/v2\/product\/354624","targetHints":{"allow":["GET"]}}],"collection":[{"href":"https:\/\/www.purejewels.com\/tr\/wp-json\/wp\/v2\/product"}],"about":[{"href":"https:\/\/www.purejewels.com\/tr\/wp-json\/wp\/v2\/types\/product"}],"replies":[{"embeddable":true,"href":"https:\/\/www.purejewels.com\/tr\/wp-json\/wp\/v2\/comments?post=354624"}],"version-history":[{"count":5,"href":"https:\/\/www.purejewels.com\/tr\/wp-json\/wp\/v2\/product\/354624\/revisions"}],"predecessor-version":[{"id":425884,"href":"https:\/\/www.purejewels.com\/tr\/wp-json\/wp\/v2\/product\/354624\/revisions\/425884"}],"wp:featuredmedia":[{"embeddable":true,"href":"https:\/\/www.purejewels.com\/tr\/wp-json\/wp\/v2\/media\/351280"}],"wp:attachment":[{"href":"https:\/\/www.purejewels.com\/tr\/wp-json\/wp\/v2\/media?parent=354624"}],"wp:term":[{"taxonomy":"product_brand","embeddable":true,"href":"https:\/\/www.purejewels.com\/tr\/wp-json\/wp\/v2\/product_brand?post=354624"},{"taxonomy":"product_cat","embeddable":true,"href":"https:\/\/www.purejewels.com\/tr\/wp-json\/wp\/v2\/product_cat?post=354624"},{"taxonomy":"product_tag","embeddable":true,"href":"https:\/\/www.purejewels.com\/tr\/wp-json\/wp\/v2\/product_tag?post=354624"}],"curies":[{"name":"wp","href":"https:\/\/api.w.org\/{rel}","templated":true}]}}