{"id":354661,"date":"2023-09-13T06:44:41","date_gmt":"2023-09-13T05:44:41","guid":{"rendered":"https:\/\/www.purejewels.com\/?post_type=product&#038;p=354661"},"modified":"2026-01-30T10:47:28","modified_gmt":"2026-01-30T10:47:28","slug":"22-ayar-altin-antika-kaplama-bant-o-47430-beden","status":"publish","type":"product","link":"https:\/\/www.purejewels.com\/tr\/product\/22ct-gold-antique-finish-band-size-o-47430\/","title":{"rendered":"22 Ayar Alt\u0131n Antik Kaplama Kordon | O Beden"},"content":{"rendered":"<p data-start=\"272\" data-end=\"638\">I\u015f\u0131lt\u0131l\u0131 22 ayar alt\u0131ndan \u00fcretilmi\u015ftir. <strong data-start=\"307\" data-end=\"330\">Antik Kaplama Bant<\/strong> sanat ve miras\u0131n zamans\u0131z bir ifadesidir. Y\u00fcz\u00fc\u011f\u00fcn geni\u015f y\u00fczeyi, parlat\u0131lm\u0131\u015f alt\u0131n disklerin dokulu antika arka planla g\u00fczel bir kontrast olu\u015fturdu\u011fu, \u00e7i\u00e7eklerden ilham alan kabar\u0131k bir desenle s\u00fcslenmi\u015ftir. Sonu\u00e7, hem geleneksel hem de \u00e7a\u011fda\u015f bir his veren cesur ama rafine bir tasar\u0131md\u0131r.<\/p>\n<p data-start=\"640\" data-end=\"980\">Band\u0131n i\u00e7indeki y\u0131ld\u0131z kesimli kafes detay\u0131 gizli bir g\u00fczellik unsuru kat\u0131yor - bir dokunu\u015f <a href=\"https:\/\/www.purejewels.com\/tr\/a-guide-to-die-stamping\/\">zanaatkarl\u0131k<\/a> sadece takan ki\u015fi taraf\u0131ndan bilinir ve usta kuyumcular\u0131n titiz becerisini yans\u0131t\u0131r. \u00d6l\u00e7\u00fcleri <strong data-start=\"832\" data-end=\"837\">O<\/strong>\u00c7arp\u0131c\u0131 tasar\u0131m\u0131n yan\u0131 s\u0131ra konfor da sunan bu y\u00fcz\u00fck, sembolik bir y\u00fcz\u00fck, etkileyici bir par\u00e7a veya de\u011ferli bir aile yadigar\u0131 olarak m\u00fckemmeldir.<\/p>\n<p data-start=\"982\" data-end=\"1110\">Gelenek a\u00e7\u0131s\u0131ndan zengin ancak stil a\u00e7\u0131s\u0131ndan \u00e7ok y\u00f6nl\u00fc <strong data-start=\"1028\" data-end=\"1061\">22 Ayar Alt\u0131n Antik Kaplama Kordon<\/strong> nesiller boyunca el \u00fcst\u00fcnde tutulacak bir eserdir.<\/p>","protected":false},"excerpt":{"rendered":"<table style=\"border-collapse: collapse; width: 100%; height: 196px;\">\n<tbody>\n<tr style=\"height: 28px;\">\n<td style=\"width: 28.1667%; height: 28px;\">Y\u00fcz\u00fck Tipi<\/td>\n<td style=\"width: 71.8333%; height: 28px;\">22 Ayar Alt\u0131n Bayan Y\u00fcz\u00fck<\/td>\n<\/tr>\n<tr style=\"height: 28px;\">\n<td style=\"width: 28.1667%; height: 28px;\">SKU<\/td>\n<td style=\"width: 71.8333%; height: 28px;\">47430<\/td>\n<\/tr>\n<tr style=\"height: 28px;\">\n<td style=\"width: 28.1667%; height: 28px;\">A\u011f\u0131rl\u0131k<\/td>\n<td style=\"width: 71.8333%; height: 28px;\">4.1 gms<\/td>\n<\/tr>\n<tr style=\"height: 28px;\">\n<td style=\"width: 28.1667%; height: 28px;\">Y\u00fcz\u00fck \u00d6l\u00e7\u00fcs\u00fc<\/td>\n<td style=\"width: 71.8333%; height: 28px;\">O<\/td>\n<\/tr>\n<tr style=\"height: 28px;\">\n<td style=\"width: 28.1667%; height: 28px;\">Geni\u015flik<\/td>\n<td style=\"width: 71.8333%; height: 28px;\">6mm<\/td>\n<\/tr>\n<tr style=\"height: 28px;\">\n<td style=\"width: 28.1667%; height: 28px;\">\u00dccretler<\/td>\n<td style=\"width: 71.8333%; height: 28px;\">Teslimat ve KDV Dahil<\/td>\n<\/tr>\n<tr style=\"height: 28px;\">\n<td style=\"width: 28.1667%; height: 28px;\">Paketleme<\/td>\n<td style=\"width: 71.8333%; height: 28px;\">Sunum Kutusu ile Birlikte Gelir<\/td>\n<\/tr>\n<tr>\n<td style=\"width: 28.1667%;\">Daha Fazla Bilgi<\/td>\n<td style=\"width: 71.8333%;\">\n<ul>\n<li>M\u00fcsaitlik durumu ve daha fazla resim i\u00e7in bizimle canl\u0131 sohbet edin<\/li>\n<li>Kontrol Etmek \u0130\u00e7in Buraya T\u0131klay\u0131n\u00a0<strong>Y\u00fcz\u00fck \u00d6l\u00e7\u00fcs\u00fc<\/strong><\/li>\n<\/ul>\n<\/td>\n<\/tr>\n<\/tbody>\n<\/table>\n<p>&nbsp;<\/p>","protected":false},"featured_media":351280,"comment_status":"closed","ping_status":"closed","template":"","meta":{"_eb_attr":"","_crsspst_to_jayantr4sg-hostcom":false},"product_brand":[],"product_cat":[1791,6158,245,5642,236,5370,1229,1235,1783,1786,1573,1574,5349],"product_tag":[64],"class_list":{"0":"post-354661","1":"product","2":"type-product","3":"status-publish","4":"has-post-thumbnail","6":"product_cat-anniversary-gifts","7":"product_cat-armari-band","8":"product_cat-armari-collections","9":"product_cat-armari-ring","10":"product_cat-collections","11":"product_cat-ethnic-jewellery","12":"product_cat-22ct-gold-jewellery","13":"product_cat-gold-rings","14":"product_cat-ladies-rings","15":"product_cat-occasional-wear-rings","16":"product_cat-wedding-gifts","17":"product_cat-womens-jewellery","18":"product_cat-yellow-gold-jewellery","19":"product_tag-rings","21":"first","22":"onbackorder","23":"taxable","24":"shipping-taxable","25":"purchasable","26":"product-type-simple","27":"add-to-wishlist-before_image"},"yoast_head":"<!-- This site is optimized with the Yoast SEO plugin v27.5 - https:\/\/yoast.com\/product\/yoast-seo-wordpress\/ -->\n<title>22ct Gold Ladies Antique Finish Band<\/title>\n<meta name=\"description\" content=\"Armari Collection Unique designer rings at low prices, including this 22ct gold antique finish band. Shop online now | Free delivery across UK\" \/>\n<meta name=\"robots\" content=\"index, follow, max-snippet:-1, max-image-preview:large, max-video-preview:-1\" \/>\n<link rel=\"canonical\" href=\"https:\/\/www.purejewels.com\/tr\/urun\/22-ayar-altin-antika-kaplama-bant-o-47430-beden\/\" \/>\n<meta property=\"og:locale\" content=\"tr_TR\" \/>\n<meta property=\"og:type\" content=\"article\" \/>\n<meta property=\"og:title\" content=\"22ct Gold Ladies Antique Finish Band\" \/>\n<meta property=\"og:description\" content=\"Armari Collection Unique designer rings at low prices, including this 22ct gold antique finish band. Shop online now | Free delivery across UK\" \/>\n<meta property=\"og:url\" content=\"https:\/\/www.purejewels.com\/tr\/urun\/22-ayar-altin-antika-kaplama-bant-o-47430-beden\/\" \/>\n<meta property=\"og:site_name\" content=\"PureJewels UK\" \/>\n<meta property=\"article:modified_time\" content=\"2026-01-30T10:47:28+00:00\" \/>\n<meta property=\"og:image\" content=\"https:\/\/static.purejewels.com\/wp-content\/uploads\/2023\/09\/SKU-46360.png\" \/>\n\t<meta property=\"og:image:width\" content=\"1000\" \/>\n\t<meta property=\"og:image:height\" content=\"1000\" \/>\n\t<meta property=\"og:image:type\" content=\"image\/png\" \/>\n<meta name=\"twitter:card\" content=\"summary_large_image\" \/>\n<meta name=\"twitter:label1\" content=\"Tahmini okuma s\u00fcresi\" \/>\n\t<meta name=\"twitter:data1\" content=\"1 dakika\" \/>\n<script type=\"application\/ld+json\" class=\"yoast-schema-graph\">{\"@context\":\"https:\\\/\\\/schema.org\",\"@graph\":[{\"@type\":[\"WebPage\",\"ItemPage\"],\"@id\":\"https:\\\/\\\/www.purejewels.com\\\/product\\\/22ct-gold-antique-finish-band-size-o-47430\\\/\",\"url\":\"https:\\\/\\\/www.purejewels.com\\\/product\\\/22ct-gold-antique-finish-band-size-o-47430\\\/\",\"name\":\"22ct Gold Ladies Antique Finish Band\",\"isPartOf\":{\"@id\":\"https:\\\/\\\/www.purejewels.com\\\/#website\"},\"primaryImageOfPage\":{\"@id\":\"https:\\\/\\\/www.purejewels.com\\\/product\\\/22ct-gold-antique-finish-band-size-o-47430\\\/#primaryimage\"},\"image\":{\"@id\":\"https:\\\/\\\/www.purejewels.com\\\/product\\\/22ct-gold-antique-finish-band-size-o-47430\\\/#primaryimage\"},\"thumbnailUrl\":\"https:\\\/\\\/static.purejewels.com\\\/wp-content\\\/uploads\\\/2023\\\/09\\\/SKU-46360.png\",\"datePublished\":\"2023-09-13T05:44:41+00:00\",\"dateModified\":\"2026-01-30T10:47:28+00:00\",\"description\":\"Armari Collection Unique designer rings at low prices, including this 22ct gold antique finish band. Shop online now | Free delivery across UK\",\"breadcrumb\":{\"@id\":\"https:\\\/\\\/www.purejewels.com\\\/product\\\/22ct-gold-antique-finish-band-size-o-47430\\\/#breadcrumb\"},\"inLanguage\":\"tr\",\"potentialAction\":[{\"@type\":\"ReadAction\",\"target\":[\"https:\\\/\\\/www.purejewels.com\\\/product\\\/22ct-gold-antique-finish-band-size-o-47430\\\/\"]}]},{\"@type\":\"ImageObject\",\"inLanguage\":\"tr\",\"@id\":\"https:\\\/\\\/www.purejewels.com\\\/product\\\/22ct-gold-antique-finish-band-size-o-47430\\\/#primaryimage\",\"url\":\"https:\\\/\\\/static.purejewels.com\\\/wp-content\\\/uploads\\\/2023\\\/09\\\/SKU-46360.png\",\"contentUrl\":\"https:\\\/\\\/static.purejewels.com\\\/wp-content\\\/uploads\\\/2023\\\/09\\\/SKU-46360.png\",\"width\":1000,\"height\":1000,\"caption\":\"22ct Gold Ring Band with Antique Finish\"},{\"@type\":\"BreadcrumbList\",\"@id\":\"https:\\\/\\\/www.purejewels.com\\\/product\\\/22ct-gold-antique-finish-band-size-o-47430\\\/#breadcrumb\",\"itemListElement\":[{\"@type\":\"ListItem\",\"position\":1,\"name\":\"Home\",\"item\":\"https:\\\/\\\/www.purejewels.com\\\/\"},{\"@type\":\"ListItem\",\"position\":2,\"name\":\"Shop\",\"item\":\"https:\\\/\\\/www.purejewels.com\\\/shop\\\/\"},{\"@type\":\"ListItem\",\"position\":3,\"name\":\"22ct Gold Antique Finish Band | Size O\"}]},{\"@type\":\"WebSite\",\"@id\":\"https:\\\/\\\/www.purejewels.com\\\/#website\",\"url\":\"https:\\\/\\\/www.purejewels.com\\\/\",\"name\":\"PureJewels UK\",\"description\":\"Share the Love\",\"publisher\":{\"@id\":\"https:\\\/\\\/www.purejewels.com\\\/#organization\"},\"potentialAction\":[{\"@type\":\"SearchAction\",\"target\":{\"@type\":\"EntryPoint\",\"urlTemplate\":\"https:\\\/\\\/www.purejewels.com\\\/?s={search_term_string}\"},\"query-input\":{\"@type\":\"PropertyValueSpecification\",\"valueRequired\":true,\"valueName\":\"search_term_string\"}}],\"inLanguage\":\"tr\"},{\"@type\":\"Organization\",\"@id\":\"https:\\\/\\\/www.purejewels.com\\\/#organization\",\"name\":\"PureJewels UK\",\"url\":\"https:\\\/\\\/www.purejewels.com\\\/\",\"logo\":{\"@type\":\"ImageObject\",\"inLanguage\":\"tr\",\"@id\":\"https:\\\/\\\/www.purejewels.com\\\/#\\\/schema\\\/logo\\\/image\\\/\",\"url\":\"https:\\\/\\\/static.purejewels.com\\\/wp-content\\\/uploads\\\/2020\\\/11\\\/Logo-PJ-New-1.png\",\"contentUrl\":\"https:\\\/\\\/static.purejewels.com\\\/wp-content\\\/uploads\\\/2020\\\/11\\\/Logo-PJ-New-1.png\",\"width\":150,\"height\":80,\"caption\":\"PureJewels UK\"},\"image\":{\"@id\":\"https:\\\/\\\/www.purejewels.com\\\/#\\\/schema\\\/logo\\\/image\\\/\"}}]}<\/script>\n<!-- \/ Yoast SEO plugin. -->","yoast_head_json":{"title":"22 Ayar Alt\u0131n Bayan Antik Kaplama Kordon","description":"Armari Koleksiyonu Bu 22 ayar alt\u0131n antik kaplama kordon da dahil olmak \u00fczere benzersiz tasar\u0131m y\u00fcz\u00fckler d\u00fc\u015f\u00fck fiyatlarla. \u015eimdi online al\u0131\u015fveri\u015f yap\u0131n | Birle\u015fik Krall\u0131k'ta \u00fccretsiz teslimat","robots":{"index":"index","follow":"follow","max-snippet":"max-snippet:-1","max-image-preview":"max-image-preview:large","max-video-preview":"max-video-preview:-1"},"canonical":"https:\/\/www.purejewels.com\/tr\/urun\/22-ayar-altin-antika-kaplama-bant-o-47430-beden\/","og_locale":"tr_TR","og_type":"article","og_title":"22ct Gold Ladies Antique Finish Band","og_description":"Armari Collection Unique designer rings at low prices, including this 22ct gold antique finish band. Shop online now | Free delivery across UK","og_url":"https:\/\/www.purejewels.com\/tr\/urun\/22-ayar-altin-antika-kaplama-bant-o-47430-beden\/","og_site_name":"PureJewels UK","article_modified_time":"2026-01-30T10:47:28+00:00","og_image":[{"width":1000,"height":1000,"url":"https:\/\/static.purejewels.com\/wp-content\/uploads\/2023\/09\/SKU-46360.png","type":"image\/png"}],"twitter_card":"summary_large_image","twitter_misc":{"Tahmini okuma s\u00fcresi":"1 dakika"},"schema":{"@context":"https:\/\/schema.org","@graph":[{"@type":["WebPage","ItemPage"],"@id":"https:\/\/www.purejewels.com\/product\/22ct-gold-antique-finish-band-size-o-47430\/","url":"https:\/\/www.purejewels.com\/product\/22ct-gold-antique-finish-band-size-o-47430\/","name":"22 Ayar Alt\u0131n Bayan Antik Kaplama Kordon","isPartOf":{"@id":"https:\/\/www.purejewels.com\/#website"},"primaryImageOfPage":{"@id":"https:\/\/www.purejewels.com\/product\/22ct-gold-antique-finish-band-size-o-47430\/#primaryimage"},"image":{"@id":"https:\/\/www.purejewels.com\/product\/22ct-gold-antique-finish-band-size-o-47430\/#primaryimage"},"thumbnailUrl":"https:\/\/static.purejewels.com\/wp-content\/uploads\/2023\/09\/SKU-46360.png","datePublished":"2023-09-13T05:44:41+00:00","dateModified":"2026-01-30T10:47:28+00:00","description":"Armari Koleksiyonu Bu 22 ayar alt\u0131n antik kaplama kordon da dahil olmak \u00fczere benzersiz tasar\u0131m y\u00fcz\u00fckler d\u00fc\u015f\u00fck fiyatlarla. \u015eimdi online al\u0131\u015fveri\u015f yap\u0131n | Birle\u015fik Krall\u0131k'ta \u00fccretsiz teslimat","breadcrumb":{"@id":"https:\/\/www.purejewels.com\/product\/22ct-gold-antique-finish-band-size-o-47430\/#breadcrumb"},"inLanguage":"tr","potentialAction":[{"@type":"ReadAction","target":["https:\/\/www.purejewels.com\/product\/22ct-gold-antique-finish-band-size-o-47430\/"]}]},{"@type":"ImageObject","inLanguage":"tr","@id":"https:\/\/www.purejewels.com\/product\/22ct-gold-antique-finish-band-size-o-47430\/#primaryimage","url":"https:\/\/static.purejewels.com\/wp-content\/uploads\/2023\/09\/SKU-46360.png","contentUrl":"https:\/\/static.purejewels.com\/wp-content\/uploads\/2023\/09\/SKU-46360.png","width":1000,"height":1000,"caption":"22ct Gold Ring Band with Antique Finish"},{"@type":"BreadcrumbList","@id":"https:\/\/www.purejewels.com\/product\/22ct-gold-antique-finish-band-size-o-47430\/#breadcrumb","itemListElement":[{"@type":"ListItem","position":1,"name":"Home","item":"https:\/\/www.purejewels.com\/"},{"@type":"ListItem","position":2,"name":"Shop","item":"https:\/\/www.purejewels.com\/shop\/"},{"@type":"ListItem","position":3,"name":"22ct Gold Antique Finish Band | Size O"}]},{"@type":"WebSite","@id":"https:\/\/www.purejewels.com\/#website","url":"https:\/\/www.purejewels.com\/","name":"PureJewels \u0130ngiltere","description":"Sevgiyi Payla\u015f\u0131n","publisher":{"@id":"https:\/\/www.purejewels.com\/#organization"},"potentialAction":[{"@type":"SearchAction","target":{"@type":"EntryPoint","urlTemplate":"https:\/\/www.purejewels.com\/?s={search_term_string}"},"query-input":{"@type":"PropertyValueSpecification","valueRequired":true,"valueName":"search_term_string"}}],"inLanguage":"tr"},{"@type":"Organization","@id":"https:\/\/www.purejewels.com\/#organization","name":"PureJewels \u0130ngiltere","url":"https:\/\/www.purejewels.com\/","logo":{"@type":"ImageObject","inLanguage":"tr","@id":"https:\/\/www.purejewels.com\/#\/schema\/logo\/image\/","url":"https:\/\/static.purejewels.com\/wp-content\/uploads\/2020\/11\/Logo-PJ-New-1.png","contentUrl":"https:\/\/static.purejewels.com\/wp-content\/uploads\/2020\/11\/Logo-PJ-New-1.png","width":150,"height":80,"caption":"PureJewels UK"},"image":{"@id":"https:\/\/www.purejewels.com\/#\/schema\/logo\/image\/"}}]}},"_links":{"self":[{"href":"https:\/\/www.purejewels.com\/tr\/wp-json\/wp\/v2\/product\/354661","targetHints":{"allow":["GET"]}}],"collection":[{"href":"https:\/\/www.purejewels.com\/tr\/wp-json\/wp\/v2\/product"}],"about":[{"href":"https:\/\/www.purejewels.com\/tr\/wp-json\/wp\/v2\/types\/product"}],"replies":[{"embeddable":true,"href":"https:\/\/www.purejewels.com\/tr\/wp-json\/wp\/v2\/comments?post=354661"}],"version-history":[{"count":3,"href":"https:\/\/www.purejewels.com\/tr\/wp-json\/wp\/v2\/product\/354661\/revisions"}],"predecessor-version":[{"id":415490,"href":"https:\/\/www.purejewels.com\/tr\/wp-json\/wp\/v2\/product\/354661\/revisions\/415490"}],"wp:featuredmedia":[{"embeddable":true,"href":"https:\/\/www.purejewels.com\/tr\/wp-json\/wp\/v2\/media\/351280"}],"wp:attachment":[{"href":"https:\/\/www.purejewels.com\/tr\/wp-json\/wp\/v2\/media?parent=354661"}],"wp:term":[{"taxonomy":"product_brand","embeddable":true,"href":"https:\/\/www.purejewels.com\/tr\/wp-json\/wp\/v2\/product_brand?post=354661"},{"taxonomy":"product_cat","embeddable":true,"href":"https:\/\/www.purejewels.com\/tr\/wp-json\/wp\/v2\/product_cat?post=354661"},{"taxonomy":"product_tag","embeddable":true,"href":"https:\/\/www.purejewels.com\/tr\/wp-json\/wp\/v2\/product_tag?post=354661"}],"curies":[{"name":"wp","href":"https:\/\/api.w.org\/{rel}","templated":true}]}}