{"id":354664,"date":"2023-09-13T07:52:59","date_gmt":"2023-09-13T06:52:59","guid":{"rendered":"https:\/\/www.purejewels.com\/?post_type=product&#038;p=354664"},"modified":"2026-01-07T06:26:52","modified_gmt":"2026-01-07T06:26:52","slug":"22-ayar-altin-antika-kaplama-armari-kordon-o-1-2-47427-beden","status":"publish","type":"product","link":"https:\/\/www.purejewels.com\/tr\/product\/22ct-gold-antique-finish-armari-band-size-o-1-2-47427\/","title":{"rendered":"22 Ayar Alt\u0131n Antik Kaplama Armari Kordon | O 1\/2 Beden"},"content":{"rendered":"<ul>\n<li><b>Seri Numaras\u0131:JWRNBRAR001<\/b><\/li>\n<\/ul>\n<p>&nbsp;<\/p>","protected":false},"excerpt":{"rendered":"<table style=\"border-collapse: collapse; width: 100%; height: 196px;\">\n<tbody>\n<tr style=\"height: 28px;\">\n<td style=\"width: 28.1667%; height: 28px;\">Y\u00fcz\u00fck Tipi<\/td>\n<td style=\"width: 71.8333%; height: 28px;\">22 Ayar Alt\u0131n Bayan Y\u00fcz\u00fck<\/td>\n<\/tr>\n<tr style=\"height: 28px;\">\n<td style=\"width: 28.1667%; height: 28px;\">SKU<\/td>\n<td style=\"width: 71.8333%; height: 28px;\">47427<\/td>\n<\/tr>\n<tr style=\"height: 28px;\">\n<td style=\"width: 28.1667%; height: 28px;\">A\u011f\u0131rl\u0131k<\/td>\n<td style=\"width: 71.8333%; height: 28px;\">4.1 gms<\/td>\n<\/tr>\n<tr style=\"height: 28px;\">\n<td style=\"width: 28.1667%; height: 28px;\">Y\u00fcz\u00fck \u00d6l\u00e7\u00fcs\u00fc<\/td>\n<td style=\"width: 71.8333%; height: 28px;\">O 1\/2<\/td>\n<\/tr>\n<tr style=\"height: 28px;\">\n<td style=\"width: 28.1667%; height: 28px;\">Geni\u015flik<\/td>\n<td style=\"width: 71.8333%; height: 28px;\">6mm<\/td>\n<\/tr>\n<tr style=\"height: 28px;\">\n<td style=\"width: 28.1667%; height: 28px;\">\u00dccretler<\/td>\n<td style=\"width: 71.8333%; height: 28px;\">Teslimat ve KDV Dahil<\/td>\n<\/tr>\n<tr style=\"height: 28px;\">\n<td style=\"width: 28.1667%; height: 28px;\">Paketleme<\/td>\n<td style=\"width: 71.8333%; height: 28px;\">Sunum Kutusu ile Birlikte Gelir<\/td>\n<\/tr>\n<tr>\n<td style=\"width: 28.1667%;\">Daha Fazla Bilgi<\/td>\n<td style=\"width: 71.8333%;\">\n<ul>\n<li>M\u00fcsaitlik durumu ve daha fazla resim i\u00e7in bizimle canl\u0131 sohbet edin<\/li>\n<li>Kontrol Etmek \u0130\u00e7in Buraya T\u0131klay\u0131n\u00a0<strong>Y\u00fcz\u00fck \u00d6l\u00e7\u00fcs\u00fc<\/strong><\/li>\n<\/ul>\n<\/td>\n<\/tr>\n<\/tbody>\n<\/table>\n<p>&nbsp;<\/p>","protected":false},"featured_media":351280,"comment_status":"closed","ping_status":"closed","template":"","meta":{"_eb_attr":"","_crsspst_to_jayantr4sg-hostcom":false},"product_brand":[],"product_cat":[1791,6158,245,5642,236,1793,5370,1229,1235,1783,1786,1573,1574,5349],"product_tag":[64],"class_list":{"0":"post-354664","1":"product","2":"type-product","3":"status-publish","4":"has-post-thumbnail","6":"product_cat-anniversary-gifts","7":"product_cat-armari-band","8":"product_cat-armari-collections","9":"product_cat-armari-ring","10":"product_cat-collections","11":"product_cat-diwali-gifts","12":"product_cat-ethnic-jewellery","13":"product_cat-22ct-gold-jewellery","14":"product_cat-gold-rings","15":"product_cat-ladies-rings","16":"product_cat-occasional-wear-rings","17":"product_cat-wedding-gifts","18":"product_cat-womens-jewellery","19":"product_cat-yellow-gold-jewellery","20":"product_tag-rings","22":"first","23":"outofstock","24":"taxable","25":"shipping-taxable","26":"product-type-simple","27":"add-to-wishlist-before_image"},"yoast_head":"<!-- This site is optimized with the Yoast SEO plugin v27.5 - https:\/\/yoast.com\/product\/yoast-seo-wordpress\/ -->\n<title>22ct Gold Ladies Antique Finish Band size O\/12<\/title>\n<meta name=\"description\" content=\"22ct Gold Antique Finish Band from Armari Collection, Purejewels UK. This is antiqued 22ct gold finish ladies ring. Shop now online.\" \/>\n<meta name=\"robots\" content=\"index, follow, max-snippet:-1, max-image-preview:large, max-video-preview:-1\" \/>\n<link rel=\"canonical\" href=\"https:\/\/www.purejewels.com\/tr\/urun\/22-ayar-altin-antika-kaplama-armari-kordon-o-1-2-47427-beden\/\" \/>\n<meta property=\"og:locale\" content=\"tr_TR\" \/>\n<meta property=\"og:type\" content=\"article\" \/>\n<meta property=\"og:title\" content=\"22ct Gold Ladies Antique Finish Band size O\/12\" \/>\n<meta property=\"og:description\" content=\"22ct Gold Antique Finish Band from Armari Collection, Purejewels UK. This is antiqued 22ct gold finish ladies ring. Shop now online.\" \/>\n<meta property=\"og:url\" content=\"https:\/\/www.purejewels.com\/tr\/urun\/22-ayar-altin-antika-kaplama-armari-kordon-o-1-2-47427-beden\/\" \/>\n<meta property=\"og:site_name\" content=\"PureJewels UK\" \/>\n<meta property=\"article:modified_time\" content=\"2026-01-07T06:26:52+00:00\" \/>\n<meta property=\"og:image\" content=\"https:\/\/www.purejewels.com\/wp-content\/uploads\/2023\/09\/SKU-46360.png\" \/>\n\t<meta property=\"og:image:width\" content=\"1000\" \/>\n\t<meta property=\"og:image:height\" content=\"1000\" \/>\n\t<meta property=\"og:image:type\" content=\"image\/png\" \/>\n<meta name=\"twitter:card\" content=\"summary_large_image\" \/>\n<meta name=\"twitter:label1\" content=\"Tahmini okuma s\u00fcresi\" \/>\n\t<meta name=\"twitter:data1\" content=\"1 dakika\" \/>\n<script type=\"application\/ld+json\" class=\"yoast-schema-graph\">{\"@context\":\"https:\\\/\\\/schema.org\",\"@graph\":[{\"@type\":[\"WebPage\",\"ItemPage\"],\"@id\":\"https:\\\/\\\/www.purejewels.com\\\/product\\\/22ct-gold-antique-finish-armari-band-size-o-1-2-47427\\\/\",\"url\":\"https:\\\/\\\/www.purejewels.com\\\/product\\\/22ct-gold-antique-finish-armari-band-size-o-1-2-47427\\\/\",\"name\":\"22ct Gold Ladies Antique Finish Band size O\\\/12\",\"isPartOf\":{\"@id\":\"https:\\\/\\\/www.purejewels.com\\\/#website\"},\"primaryImageOfPage\":{\"@id\":\"https:\\\/\\\/www.purejewels.com\\\/product\\\/22ct-gold-antique-finish-armari-band-size-o-1-2-47427\\\/#primaryimage\"},\"image\":{\"@id\":\"https:\\\/\\\/www.purejewels.com\\\/product\\\/22ct-gold-antique-finish-armari-band-size-o-1-2-47427\\\/#primaryimage\"},\"thumbnailUrl\":\"https:\\\/\\\/static.purejewels.com\\\/wp-content\\\/uploads\\\/2023\\\/09\\\/SKU-46360.png\",\"datePublished\":\"2023-09-13T06:52:59+00:00\",\"dateModified\":\"2026-01-07T06:26:52+00:00\",\"description\":\"22ct Gold Antique Finish Band from Armari Collection, Purejewels UK. This is antiqued 22ct gold finish ladies ring. Shop now online.\",\"breadcrumb\":{\"@id\":\"https:\\\/\\\/www.purejewels.com\\\/product\\\/22ct-gold-antique-finish-armari-band-size-o-1-2-47427\\\/#breadcrumb\"},\"inLanguage\":\"tr\",\"potentialAction\":[{\"@type\":\"ReadAction\",\"target\":[\"https:\\\/\\\/www.purejewels.com\\\/product\\\/22ct-gold-antique-finish-armari-band-size-o-1-2-47427\\\/\"]}]},{\"@type\":\"ImageObject\",\"inLanguage\":\"tr\",\"@id\":\"https:\\\/\\\/www.purejewels.com\\\/product\\\/22ct-gold-antique-finish-armari-band-size-o-1-2-47427\\\/#primaryimage\",\"url\":\"https:\\\/\\\/static.purejewels.com\\\/wp-content\\\/uploads\\\/2023\\\/09\\\/SKU-46360.png\",\"contentUrl\":\"https:\\\/\\\/static.purejewels.com\\\/wp-content\\\/uploads\\\/2023\\\/09\\\/SKU-46360.png\",\"width\":1000,\"height\":1000,\"caption\":\"22ct Gold Ring Band with Antique Finish\"},{\"@type\":\"BreadcrumbList\",\"@id\":\"https:\\\/\\\/www.purejewels.com\\\/product\\\/22ct-gold-antique-finish-armari-band-size-o-1-2-47427\\\/#breadcrumb\",\"itemListElement\":[{\"@type\":\"ListItem\",\"position\":1,\"name\":\"Home\",\"item\":\"https:\\\/\\\/www.purejewels.com\\\/\"},{\"@type\":\"ListItem\",\"position\":2,\"name\":\"Shop\",\"item\":\"https:\\\/\\\/www.purejewels.com\\\/shop\\\/\"},{\"@type\":\"ListItem\",\"position\":3,\"name\":\"22ct Gold Antique Finish Armari Band | Size O 1\\\/2\"}]},{\"@type\":\"WebSite\",\"@id\":\"https:\\\/\\\/www.purejewels.com\\\/#website\",\"url\":\"https:\\\/\\\/www.purejewels.com\\\/\",\"name\":\"PureJewels UK\",\"description\":\"Share the Love\",\"publisher\":{\"@id\":\"https:\\\/\\\/www.purejewels.com\\\/#organization\"},\"potentialAction\":[{\"@type\":\"SearchAction\",\"target\":{\"@type\":\"EntryPoint\",\"urlTemplate\":\"https:\\\/\\\/www.purejewels.com\\\/?s={search_term_string}\"},\"query-input\":{\"@type\":\"PropertyValueSpecification\",\"valueRequired\":true,\"valueName\":\"search_term_string\"}}],\"inLanguage\":\"tr\"},{\"@type\":\"Organization\",\"@id\":\"https:\\\/\\\/www.purejewels.com\\\/#organization\",\"name\":\"PureJewels UK\",\"url\":\"https:\\\/\\\/www.purejewels.com\\\/\",\"logo\":{\"@type\":\"ImageObject\",\"inLanguage\":\"tr\",\"@id\":\"https:\\\/\\\/www.purejewels.com\\\/#\\\/schema\\\/logo\\\/image\\\/\",\"url\":\"https:\\\/\\\/static.purejewels.com\\\/wp-content\\\/uploads\\\/2020\\\/11\\\/Logo-PJ-New-1.png\",\"contentUrl\":\"https:\\\/\\\/static.purejewels.com\\\/wp-content\\\/uploads\\\/2020\\\/11\\\/Logo-PJ-New-1.png\",\"width\":150,\"height\":80,\"caption\":\"PureJewels UK\"},\"image\":{\"@id\":\"https:\\\/\\\/www.purejewels.com\\\/#\\\/schema\\\/logo\\\/image\\\/\"}}]}<\/script>\n<!-- \/ Yoast SEO plugin. -->","yoast_head_json":{"title":"22 Ayar Alt\u0131n Bayan Antik Kaplama Kordon O\/12 beden","description":"Purejewels UK, Armari Koleksiyonundan 22 Ayar Alt\u0131n Antik Kaplama Bant. Bu antika 22 ayar alt\u0131n kaplama bayan y\u00fcz\u00fc\u011f\u00fc. \u015eimdi online al\u0131\u015fveri\u015f yap\u0131n.","robots":{"index":"index","follow":"follow","max-snippet":"max-snippet:-1","max-image-preview":"max-image-preview:large","max-video-preview":"max-video-preview:-1"},"canonical":"https:\/\/www.purejewels.com\/tr\/urun\/22-ayar-altin-antika-kaplama-armari-kordon-o-1-2-47427-beden\/","og_locale":"tr_TR","og_type":"article","og_title":"22ct Gold Ladies Antique Finish Band size O\/12","og_description":"22ct Gold Antique Finish Band from Armari Collection, Purejewels UK. This is antiqued 22ct gold finish ladies ring. Shop now online.","og_url":"https:\/\/www.purejewels.com\/tr\/urun\/22-ayar-altin-antika-kaplama-armari-kordon-o-1-2-47427-beden\/","og_site_name":"PureJewels UK","article_modified_time":"2026-01-07T06:26:52+00:00","og_image":[{"width":1000,"height":1000,"url":"https:\/\/www.purejewels.com\/wp-content\/uploads\/2023\/09\/SKU-46360.png","type":"image\/png"}],"twitter_card":"summary_large_image","twitter_misc":{"Tahmini okuma s\u00fcresi":"1 dakika"},"schema":{"@context":"https:\/\/schema.org","@graph":[{"@type":["WebPage","ItemPage"],"@id":"https:\/\/www.purejewels.com\/product\/22ct-gold-antique-finish-armari-band-size-o-1-2-47427\/","url":"https:\/\/www.purejewels.com\/product\/22ct-gold-antique-finish-armari-band-size-o-1-2-47427\/","name":"22 Ayar Alt\u0131n Bayan Antik Kaplama Kordon O\/12 beden","isPartOf":{"@id":"https:\/\/www.purejewels.com\/#website"},"primaryImageOfPage":{"@id":"https:\/\/www.purejewels.com\/product\/22ct-gold-antique-finish-armari-band-size-o-1-2-47427\/#primaryimage"},"image":{"@id":"https:\/\/www.purejewels.com\/product\/22ct-gold-antique-finish-armari-band-size-o-1-2-47427\/#primaryimage"},"thumbnailUrl":"https:\/\/static.purejewels.com\/wp-content\/uploads\/2023\/09\/SKU-46360.png","datePublished":"2023-09-13T06:52:59+00:00","dateModified":"2026-01-07T06:26:52+00:00","description":"Purejewels UK, Armari Koleksiyonundan 22 Ayar Alt\u0131n Antik Kaplama Bant. Bu antika 22 ayar alt\u0131n kaplama bayan y\u00fcz\u00fc\u011f\u00fc. \u015eimdi online al\u0131\u015fveri\u015f yap\u0131n.","breadcrumb":{"@id":"https:\/\/www.purejewels.com\/product\/22ct-gold-antique-finish-armari-band-size-o-1-2-47427\/#breadcrumb"},"inLanguage":"tr","potentialAction":[{"@type":"ReadAction","target":["https:\/\/www.purejewels.com\/product\/22ct-gold-antique-finish-armari-band-size-o-1-2-47427\/"]}]},{"@type":"ImageObject","inLanguage":"tr","@id":"https:\/\/www.purejewels.com\/product\/22ct-gold-antique-finish-armari-band-size-o-1-2-47427\/#primaryimage","url":"https:\/\/static.purejewels.com\/wp-content\/uploads\/2023\/09\/SKU-46360.png","contentUrl":"https:\/\/static.purejewels.com\/wp-content\/uploads\/2023\/09\/SKU-46360.png","width":1000,"height":1000,"caption":"22ct Gold Ring Band with Antique Finish"},{"@type":"BreadcrumbList","@id":"https:\/\/www.purejewels.com\/product\/22ct-gold-antique-finish-armari-band-size-o-1-2-47427\/#breadcrumb","itemListElement":[{"@type":"ListItem","position":1,"name":"Home","item":"https:\/\/www.purejewels.com\/"},{"@type":"ListItem","position":2,"name":"Shop","item":"https:\/\/www.purejewels.com\/shop\/"},{"@type":"ListItem","position":3,"name":"22ct Gold Antique Finish Armari Band | Size O 1\/2"}]},{"@type":"WebSite","@id":"https:\/\/www.purejewels.com\/#website","url":"https:\/\/www.purejewels.com\/","name":"PureJewels \u0130ngiltere","description":"Sevgiyi Payla\u015f\u0131n","publisher":{"@id":"https:\/\/www.purejewels.com\/#organization"},"potentialAction":[{"@type":"SearchAction","target":{"@type":"EntryPoint","urlTemplate":"https:\/\/www.purejewels.com\/?s={search_term_string}"},"query-input":{"@type":"PropertyValueSpecification","valueRequired":true,"valueName":"search_term_string"}}],"inLanguage":"tr"},{"@type":"Organization","@id":"https:\/\/www.purejewels.com\/#organization","name":"PureJewels \u0130ngiltere","url":"https:\/\/www.purejewels.com\/","logo":{"@type":"ImageObject","inLanguage":"tr","@id":"https:\/\/www.purejewels.com\/#\/schema\/logo\/image\/","url":"https:\/\/static.purejewels.com\/wp-content\/uploads\/2020\/11\/Logo-PJ-New-1.png","contentUrl":"https:\/\/static.purejewels.com\/wp-content\/uploads\/2020\/11\/Logo-PJ-New-1.png","width":150,"height":80,"caption":"PureJewels UK"},"image":{"@id":"https:\/\/www.purejewels.com\/#\/schema\/logo\/image\/"}}]}},"_links":{"self":[{"href":"https:\/\/www.purejewels.com\/tr\/wp-json\/wp\/v2\/product\/354664","targetHints":{"allow":["GET"]}}],"collection":[{"href":"https:\/\/www.purejewels.com\/tr\/wp-json\/wp\/v2\/product"}],"about":[{"href":"https:\/\/www.purejewels.com\/tr\/wp-json\/wp\/v2\/types\/product"}],"replies":[{"embeddable":true,"href":"https:\/\/www.purejewels.com\/tr\/wp-json\/wp\/v2\/comments?post=354664"}],"version-history":[{"count":3,"href":"https:\/\/www.purejewels.com\/tr\/wp-json\/wp\/v2\/product\/354664\/revisions"}],"predecessor-version":[{"id":396544,"href":"https:\/\/www.purejewels.com\/tr\/wp-json\/wp\/v2\/product\/354664\/revisions\/396544"}],"wp:featuredmedia":[{"embeddable":true,"href":"https:\/\/www.purejewels.com\/tr\/wp-json\/wp\/v2\/media\/351280"}],"wp:attachment":[{"href":"https:\/\/www.purejewels.com\/tr\/wp-json\/wp\/v2\/media?parent=354664"}],"wp:term":[{"taxonomy":"product_brand","embeddable":true,"href":"https:\/\/www.purejewels.com\/tr\/wp-json\/wp\/v2\/product_brand?post=354664"},{"taxonomy":"product_cat","embeddable":true,"href":"https:\/\/www.purejewels.com\/tr\/wp-json\/wp\/v2\/product_cat?post=354664"},{"taxonomy":"product_tag","embeddable":true,"href":"https:\/\/www.purejewels.com\/tr\/wp-json\/wp\/v2\/product_tag?post=354664"}],"curies":[{"name":"wp","href":"https:\/\/api.w.org\/{rel}","templated":true}]}}