{"id":354697,"date":"2023-02-13T12:42:17","date_gmt":"2023-02-13T12:42:17","guid":{"rendered":"https:\/\/www.purejewels.com\/?post_type=product&#038;p=354697"},"modified":"2026-01-30T10:49:51","modified_gmt":"2026-01-30T10:49:51","slug":"22-ayar-altin-antika-kaplama-yuzuk-m-beden-47421","status":"publish","type":"product","link":"https:\/\/www.purejewels.com\/tr\/product\/22ct-gold-antique-finish-ring-in-size-m-47421\/","title":{"rendered":"M Beden 22 Ayar Alt\u0131n Antik Kaplama Y\u00fcz\u00fck"},"content":{"rendered":"<p data-start=\"276\" data-end=\"679\">Geleneksel sanat\u00e7\u0131l\u0131\u011fa cesur bir \u00f6vg\u00fc niteli\u011findeki <strong data-start=\"320\" data-end=\"353\">22 Ayar Alt\u0131n Antik Kaplama Y\u00fcz\u00fck<\/strong> zamans\u0131z zarafeti yans\u0131tan karma\u015f\u0131k detaylarla \u00fcretilmi\u015ftir. Geni\u015f band\u0131, antika dokulu arka plana kar\u015f\u0131 g\u00fczel bir \u015fekilde par\u0131ldayan cilal\u0131 dairesel vurgularla vurgulanan, tekrar eden \u00e7i\u00e7ek esintili bir motifle s\u00fcslenmi\u015ftir. Bu kontrast derinlik yarat\u0131r ve par\u00e7aya kendine \u00f6zg\u00fc, yadig\u00e2r bir karakter kazand\u0131r\u0131r.<\/p>\n<p data-start=\"681\" data-end=\"991\">Band\u0131n i\u00e7 k\u0131sm\u0131nda y\u0131ld\u0131z kesimli bir kafes tasar\u0131m\u0131 ortaya \u00e7\u0131kar ve gizli <a href=\"https:\/\/www.purejewels.com\/tr\/a-guide-to-die-stamping\/\">zanaatkarl\u0131k<\/a> bu par\u00e7ay\u0131 ger\u00e7ekten ola\u011fan\u00fcst\u00fc k\u0131l\u0131yor. Zengin malzemeden \u00fcretilmi\u015ftir <strong data-start=\"829\" data-end=\"842\">22 ayar alt\u0131n<\/strong> ve bitti <strong data-start=\"859\" data-end=\"869\">M beden<\/strong>Bu y\u00fcz\u00fck, g\u00fcc\u00fc g\u00fczellikle harmanlayarak bir ifade aksesuar\u0131, sembolik bir bant veya anlaml\u0131 bir hediye olarak idealdir.<\/p>\n<p data-start=\"993\" data-end=\"1136\">Dayan\u0131kl\u0131, zarif ve geleneklere ba\u011fl\u0131 <strong data-start=\"1042\" data-end=\"1075\">22 Ayar Alt\u0131n Antik Kaplama Y\u00fcz\u00fck<\/strong> nesiller boyunca el \u00fcst\u00fcnde tutulmak \u00fczere tasarlanm\u0131\u015f bir hat\u0131rad\u0131r.<\/p>","protected":false},"excerpt":{"rendered":"<table style=\"width: 100%; height: 280px;\">\n<tbody>\n<tr style=\"height: 28px;\">\n<td style=\"height: 28px;\">Y\u00fcz\u00fck Tipi<\/td>\n<td style=\"height: 28px;\">22 Ayar Alt\u0131n Unisex Y\u00fcz\u00fck<\/td>\n<\/tr>\n<tr style=\"height: 28px;\">\n<td style=\"height: 28px;\">SKU<\/td>\n<td style=\"height: 28px;\">47421<\/td>\n<\/tr>\n<tr style=\"height: 28px;\">\n<td style=\"height: 28px;\">Geni\u015flik<\/td>\n<td style=\"height: 28px;\">8mm<\/td>\n<\/tr>\n<tr style=\"height: 28px;\">\n<td style=\"height: 28px;\">A\u011f\u0131rl\u0131k<\/td>\n<td style=\"height: 28px;\">5 gram<\/td>\n<\/tr>\n<tr style=\"height: 28px;\">\n<td style=\"height: 28px;\">Y\u00fcz\u00fck \u00d6l\u00e7\u00fcs\u00fc<\/td>\n<td style=\"height: 28px;\">M<\/td>\n<\/tr>\n<tr style=\"height: 28px;\">\n<td style=\"height: 28px;\">\u00dccretler<\/td>\n<td style=\"height: 28px;\">Teslimat ve KDV Dahil<\/td>\n<\/tr>\n<tr style=\"height: 28px;\">\n<td style=\"height: 28px;\">Paketleme<\/td>\n<td style=\"height: 28px;\">Sunum Kutusu ile Birlikte Gelir<\/td>\n<\/tr>\n<tr style=\"height: 84px;\">\n<td style=\"height: 84px;\">Daha Fazla Bilgi<\/td>\n<td style=\"height: 84px;\">\n<ul>\n<li>M\u00fcsaitlik durumu ve daha fazla resim i\u00e7in bizimle canl\u0131 sohbet edin<\/li>\n<li>Kontrol Etmek \u0130\u00e7in Buraya T\u0131klay\u0131n\u00a0<strong>Y\u00fcz\u00fck \u00d6l\u00e7\u00fcs\u00fc<\/strong><\/li>\n<\/ul>\n<\/td>\n<\/tr>\n<\/tbody>\n<\/table>","protected":false},"featured_media":354609,"comment_status":"closed","ping_status":"closed","template":"","meta":{"_eb_attr":"","_crsspst_to_jayantr4sg-hostcom":false},"product_brand":[],"product_cat":[6158,245,5642,236,1793,1790,1229,1235,1783,5347,1786,1573,1574,5349],"product_tag":[1430],"class_list":{"0":"post-354697","1":"product","2":"type-product","3":"status-publish","4":"has-post-thumbnail","6":"product_cat-armari-band","7":"product_cat-armari-collections","8":"product_cat-armari-ring","9":"product_cat-collections","10":"product_cat-diwali-gifts","11":"product_cat-for-whom-when","12":"product_cat-22ct-gold-jewellery","13":"product_cat-gold-rings","14":"product_cat-ladies-rings","15":"product_cat-shop-by-metal","16":"product_cat-occasional-wear-rings","17":"product_cat-wedding-gifts","18":"product_cat-womens-jewellery","19":"product_cat-yellow-gold-jewellery","20":"product_tag-diwali-gift","22":"first","23":"instock","24":"taxable","25":"shipping-taxable","26":"purchasable","27":"product-type-simple","28":"add-to-wishlist-before_image"},"yoast_head":"<!-- This site is optimized with the Yoast SEO plugin v27.5 - https:\/\/yoast.com\/product\/yoast-seo-wordpress\/ -->\n<title>22ct Gold Armari Antique Finish Ring Band online at UK<\/title>\n<meta name=\"description\" content=\"22ct Gold Antique Finish Aramri Collection Band for timeless elegance at your fingertips. Elevate your style with classic allure now!\" \/>\n<meta name=\"robots\" content=\"index, follow, max-snippet:-1, max-image-preview:large, max-video-preview:-1\" \/>\n<link rel=\"canonical\" href=\"https:\/\/www.purejewels.com\/tr\/urun\/22-ayar-altin-antika-kaplama-yuzuk-m-beden-47421\/\" \/>\n<meta property=\"og:locale\" content=\"tr_TR\" \/>\n<meta property=\"og:type\" content=\"article\" \/>\n<meta property=\"og:title\" content=\"22ct Gold Armari Antique Finish Ring Band online at UK\" \/>\n<meta property=\"og:description\" content=\"22ct Gold Antique Finish Aramri Collection Band for timeless elegance at your fingertips. Elevate your style with classic allure now!\" \/>\n<meta property=\"og:url\" content=\"https:\/\/www.purejewels.com\/tr\/urun\/22-ayar-altin-antika-kaplama-yuzuk-m-beden-47421\/\" \/>\n<meta property=\"og:site_name\" content=\"PureJewels UK\" \/>\n<meta property=\"article:modified_time\" content=\"2026-01-30T10:49:51+00:00\" \/>\n<meta property=\"og:image\" content=\"https:\/\/static.purejewels.com\/wp-content\/uploads\/2023\/08\/45287-charlotte-edit-.jpg\" \/>\n\t<meta property=\"og:image:width\" content=\"1\" \/>\n\t<meta property=\"og:image:height\" content=\"1\" \/>\n\t<meta property=\"og:image:type\" content=\"image\/jpeg\" \/>\n<meta name=\"twitter:card\" content=\"summary_large_image\" \/>\n<meta name=\"twitter:label1\" content=\"Tahmini okuma s\u00fcresi\" \/>\n\t<meta name=\"twitter:data1\" content=\"1 dakika\" \/>\n<script type=\"application\/ld+json\" class=\"yoast-schema-graph\">{\"@context\":\"https:\\\/\\\/schema.org\",\"@graph\":[{\"@type\":[\"WebPage\",\"ItemPage\"],\"@id\":\"https:\\\/\\\/www.purejewels.com\\\/product\\\/22ct-gold-antique-finish-ring-in-size-m-47421\\\/\",\"url\":\"https:\\\/\\\/www.purejewels.com\\\/product\\\/22ct-gold-antique-finish-ring-in-size-m-47421\\\/\",\"name\":\"22ct Gold Armari Antique Finish Ring Band online at UK\",\"isPartOf\":{\"@id\":\"https:\\\/\\\/www.purejewels.com\\\/#website\"},\"primaryImageOfPage\":{\"@id\":\"https:\\\/\\\/www.purejewels.com\\\/product\\\/22ct-gold-antique-finish-ring-in-size-m-47421\\\/#primaryimage\"},\"image\":{\"@id\":\"https:\\\/\\\/www.purejewels.com\\\/product\\\/22ct-gold-antique-finish-ring-in-size-m-47421\\\/#primaryimage\"},\"thumbnailUrl\":\"https:\\\/\\\/static.purejewels.com\\\/wp-content\\\/uploads\\\/2023\\\/08\\\/45287-charlotte-edit-.jpg\",\"datePublished\":\"2023-02-13T12:42:17+00:00\",\"dateModified\":\"2026-01-30T10:49:51+00:00\",\"description\":\"22ct Gold Antique Finish Aramri Collection Band for timeless elegance at your fingertips. Elevate your style with classic allure now!\",\"breadcrumb\":{\"@id\":\"https:\\\/\\\/www.purejewels.com\\\/product\\\/22ct-gold-antique-finish-ring-in-size-m-47421\\\/#breadcrumb\"},\"inLanguage\":\"tr\",\"potentialAction\":[{\"@type\":\"ReadAction\",\"target\":[\"https:\\\/\\\/www.purejewels.com\\\/product\\\/22ct-gold-antique-finish-ring-in-size-m-47421\\\/\"]}]},{\"@type\":\"ImageObject\",\"inLanguage\":\"tr\",\"@id\":\"https:\\\/\\\/www.purejewels.com\\\/product\\\/22ct-gold-antique-finish-ring-in-size-m-47421\\\/#primaryimage\",\"url\":\"https:\\\/\\\/static.purejewels.com\\\/wp-content\\\/uploads\\\/2023\\\/08\\\/45287-charlotte-edit-.jpg\",\"contentUrl\":\"https:\\\/\\\/static.purejewels.com\\\/wp-content\\\/uploads\\\/2023\\\/08\\\/45287-charlotte-edit-.jpg\",\"caption\":\"Antique Finish Ring Band in 22ct Gold\"},{\"@type\":\"BreadcrumbList\",\"@id\":\"https:\\\/\\\/www.purejewels.com\\\/product\\\/22ct-gold-antique-finish-ring-in-size-m-47421\\\/#breadcrumb\",\"itemListElement\":[{\"@type\":\"ListItem\",\"position\":1,\"name\":\"Home\",\"item\":\"https:\\\/\\\/www.purejewels.com\\\/\"},{\"@type\":\"ListItem\",\"position\":2,\"name\":\"Shop\",\"item\":\"https:\\\/\\\/www.purejewels.com\\\/shop\\\/\"},{\"@type\":\"ListItem\",\"position\":3,\"name\":\"22ct Gold Antique Finish Ring in Size M\"}]},{\"@type\":\"WebSite\",\"@id\":\"https:\\\/\\\/www.purejewels.com\\\/#website\",\"url\":\"https:\\\/\\\/www.purejewels.com\\\/\",\"name\":\"PureJewels UK\",\"description\":\"Share the Love\",\"publisher\":{\"@id\":\"https:\\\/\\\/www.purejewels.com\\\/#organization\"},\"potentialAction\":[{\"@type\":\"SearchAction\",\"target\":{\"@type\":\"EntryPoint\",\"urlTemplate\":\"https:\\\/\\\/www.purejewels.com\\\/?s={search_term_string}\"},\"query-input\":{\"@type\":\"PropertyValueSpecification\",\"valueRequired\":true,\"valueName\":\"search_term_string\"}}],\"inLanguage\":\"tr\"},{\"@type\":\"Organization\",\"@id\":\"https:\\\/\\\/www.purejewels.com\\\/#organization\",\"name\":\"PureJewels UK\",\"url\":\"https:\\\/\\\/www.purejewels.com\\\/\",\"logo\":{\"@type\":\"ImageObject\",\"inLanguage\":\"tr\",\"@id\":\"https:\\\/\\\/www.purejewels.com\\\/#\\\/schema\\\/logo\\\/image\\\/\",\"url\":\"https:\\\/\\\/static.purejewels.com\\\/wp-content\\\/uploads\\\/2020\\\/11\\\/Logo-PJ-New-1.png\",\"contentUrl\":\"https:\\\/\\\/static.purejewels.com\\\/wp-content\\\/uploads\\\/2020\\\/11\\\/Logo-PJ-New-1.png\",\"width\":150,\"height\":80,\"caption\":\"PureJewels UK\"},\"image\":{\"@id\":\"https:\\\/\\\/www.purejewels.com\\\/#\\\/schema\\\/logo\\\/image\\\/\"}}]}<\/script>\n<!-- \/ Yoast SEO plugin. -->","yoast_head_json":{"title":"22 Ayar Alt\u0131n Armari Antik Kaplama Y\u00fcz\u00fck Band\u0131 \u0130ngiltere'de online","description":"22 Ayar Alt\u0131n Antik Kaplama Aramri Koleksiyonu Kordon ile zamans\u0131z \u015f\u0131kl\u0131k parmaklar\u0131n\u0131z\u0131n ucunda. Stilinizi klasik cazibe ile \u015fimdi y\u00fckseltin!","robots":{"index":"index","follow":"follow","max-snippet":"max-snippet:-1","max-image-preview":"max-image-preview:large","max-video-preview":"max-video-preview:-1"},"canonical":"https:\/\/www.purejewels.com\/tr\/urun\/22-ayar-altin-antika-kaplama-yuzuk-m-beden-47421\/","og_locale":"tr_TR","og_type":"article","og_title":"22ct Gold Armari Antique Finish Ring Band online at UK","og_description":"22ct Gold Antique Finish Aramri Collection Band for timeless elegance at your fingertips. Elevate your style with classic allure now!","og_url":"https:\/\/www.purejewels.com\/tr\/urun\/22-ayar-altin-antika-kaplama-yuzuk-m-beden-47421\/","og_site_name":"PureJewels UK","article_modified_time":"2026-01-30T10:49:51+00:00","og_image":[{"url":"https:\/\/static.purejewels.com\/wp-content\/uploads\/2023\/08\/45287-charlotte-edit-.jpg","width":1,"height":1,"type":"image\/jpeg"}],"twitter_card":"summary_large_image","twitter_misc":{"Tahmini okuma s\u00fcresi":"1 dakika"},"schema":{"@context":"https:\/\/schema.org","@graph":[{"@type":["WebPage","ItemPage"],"@id":"https:\/\/www.purejewels.com\/product\/22ct-gold-antique-finish-ring-in-size-m-47421\/","url":"https:\/\/www.purejewels.com\/product\/22ct-gold-antique-finish-ring-in-size-m-47421\/","name":"22 Ayar Alt\u0131n Armari Antik Kaplama Y\u00fcz\u00fck Band\u0131 \u0130ngiltere'de online","isPartOf":{"@id":"https:\/\/www.purejewels.com\/#website"},"primaryImageOfPage":{"@id":"https:\/\/www.purejewels.com\/product\/22ct-gold-antique-finish-ring-in-size-m-47421\/#primaryimage"},"image":{"@id":"https:\/\/www.purejewels.com\/product\/22ct-gold-antique-finish-ring-in-size-m-47421\/#primaryimage"},"thumbnailUrl":"https:\/\/static.purejewels.com\/wp-content\/uploads\/2023\/08\/45287-charlotte-edit-.jpg","datePublished":"2023-02-13T12:42:17+00:00","dateModified":"2026-01-30T10:49:51+00:00","description":"22 Ayar Alt\u0131n Antik Kaplama Aramri Koleksiyonu Kordon ile zamans\u0131z \u015f\u0131kl\u0131k parmaklar\u0131n\u0131z\u0131n ucunda. Stilinizi klasik cazibe ile \u015fimdi y\u00fckseltin!","breadcrumb":{"@id":"https:\/\/www.purejewels.com\/product\/22ct-gold-antique-finish-ring-in-size-m-47421\/#breadcrumb"},"inLanguage":"tr","potentialAction":[{"@type":"ReadAction","target":["https:\/\/www.purejewels.com\/product\/22ct-gold-antique-finish-ring-in-size-m-47421\/"]}]},{"@type":"ImageObject","inLanguage":"tr","@id":"https:\/\/www.purejewels.com\/product\/22ct-gold-antique-finish-ring-in-size-m-47421\/#primaryimage","url":"https:\/\/static.purejewels.com\/wp-content\/uploads\/2023\/08\/45287-charlotte-edit-.jpg","contentUrl":"https:\/\/static.purejewels.com\/wp-content\/uploads\/2023\/08\/45287-charlotte-edit-.jpg","caption":"Antique Finish Ring Band in 22ct Gold"},{"@type":"BreadcrumbList","@id":"https:\/\/www.purejewels.com\/product\/22ct-gold-antique-finish-ring-in-size-m-47421\/#breadcrumb","itemListElement":[{"@type":"ListItem","position":1,"name":"Home","item":"https:\/\/www.purejewels.com\/"},{"@type":"ListItem","position":2,"name":"Shop","item":"https:\/\/www.purejewels.com\/shop\/"},{"@type":"ListItem","position":3,"name":"22ct Gold Antique Finish Ring in Size M"}]},{"@type":"WebSite","@id":"https:\/\/www.purejewels.com\/#website","url":"https:\/\/www.purejewels.com\/","name":"PureJewels \u0130ngiltere","description":"Sevgiyi Payla\u015f\u0131n","publisher":{"@id":"https:\/\/www.purejewels.com\/#organization"},"potentialAction":[{"@type":"SearchAction","target":{"@type":"EntryPoint","urlTemplate":"https:\/\/www.purejewels.com\/?s={search_term_string}"},"query-input":{"@type":"PropertyValueSpecification","valueRequired":true,"valueName":"search_term_string"}}],"inLanguage":"tr"},{"@type":"Organization","@id":"https:\/\/www.purejewels.com\/#organization","name":"PureJewels \u0130ngiltere","url":"https:\/\/www.purejewels.com\/","logo":{"@type":"ImageObject","inLanguage":"tr","@id":"https:\/\/www.purejewels.com\/#\/schema\/logo\/image\/","url":"https:\/\/static.purejewels.com\/wp-content\/uploads\/2020\/11\/Logo-PJ-New-1.png","contentUrl":"https:\/\/static.purejewels.com\/wp-content\/uploads\/2020\/11\/Logo-PJ-New-1.png","width":150,"height":80,"caption":"PureJewels UK"},"image":{"@id":"https:\/\/www.purejewels.com\/#\/schema\/logo\/image\/"}}]}},"_links":{"self":[{"href":"https:\/\/www.purejewels.com\/tr\/wp-json\/wp\/v2\/product\/354697","targetHints":{"allow":["GET"]}}],"collection":[{"href":"https:\/\/www.purejewels.com\/tr\/wp-json\/wp\/v2\/product"}],"about":[{"href":"https:\/\/www.purejewels.com\/tr\/wp-json\/wp\/v2\/types\/product"}],"replies":[{"embeddable":true,"href":"https:\/\/www.purejewels.com\/tr\/wp-json\/wp\/v2\/comments?post=354697"}],"version-history":[{"count":3,"href":"https:\/\/www.purejewels.com\/tr\/wp-json\/wp\/v2\/product\/354697\/revisions"}],"predecessor-version":[{"id":415487,"href":"https:\/\/www.purejewels.com\/tr\/wp-json\/wp\/v2\/product\/354697\/revisions\/415487"}],"wp:featuredmedia":[{"embeddable":true,"href":"https:\/\/www.purejewels.com\/tr\/wp-json\/wp\/v2\/media\/354609"}],"wp:attachment":[{"href":"https:\/\/www.purejewels.com\/tr\/wp-json\/wp\/v2\/media?parent=354697"}],"wp:term":[{"taxonomy":"product_brand","embeddable":true,"href":"https:\/\/www.purejewels.com\/tr\/wp-json\/wp\/v2\/product_brand?post=354697"},{"taxonomy":"product_cat","embeddable":true,"href":"https:\/\/www.purejewels.com\/tr\/wp-json\/wp\/v2\/product_cat?post=354697"},{"taxonomy":"product_tag","embeddable":true,"href":"https:\/\/www.purejewels.com\/tr\/wp-json\/wp\/v2\/product_tag?post=354697"}],"curies":[{"name":"wp","href":"https:\/\/api.w.org\/{rel}","templated":true}]}}