{"id":354740,"date":"2023-10-14T07:23:29","date_gmt":"2023-10-14T06:23:29","guid":{"rendered":"https:\/\/www.purejewels.com\/?post_type=product&#038;p=354740"},"modified":"2026-02-03T07:44:42","modified_gmt":"2026-02-03T07:44:42","slug":"22-ayar-altin-kokteyl-ayarlanabilir-yuzuk-armari-koleksiyonu-15mm-52991","status":"publish","type":"product","link":"https:\/\/www.purejewels.com\/tr\/product\/22ct-gold-cocktail-adjustable-ring-armari-collection-15mm-52991\/","title":{"rendered":"22 Ayar Alt\u0131n Kokteyl Ayarlanabilir Y\u00fcz\u00fck | Armari Koleksiyonu | 15mm"},"content":{"rendered":"<p data-start=\"322\" data-end=\"694\">PureJewels'in Armari Koleksiyonundan 22 Ayar Alt\u0131n Kokteyl Ayarlanabilir Y\u00fcz\u00fck ile m\u00fccevher koleksiyonunuza cesur bir zarafet dokunu\u015fu ekleyin. Bu g\u00fczel el yap\u0131m\u0131 par\u00e7a, detayl\u0131 \u00e7i\u00e7ek motifleri ve ince kaz\u0131nm\u0131\u015f ip benzeri bir kenarl\u0131kla s\u00fcslenmi\u015f 15 mm'lik geni\u015f bir kubbe y\u00fczeyine sahiptir. Antik mat kaplama, zengin dokuyu zenginle\u015ftirerek klasik bir miras cazibesi verir.<\/p>\n<p data-start=\"696\" data-end=\"966\">\u00c7ok y\u00f6nl\u00fcl\u00fck i\u00e7in tasarlanan ayarlanabilir bant, \u00e7o\u011fu beden i\u00e7in rahat bir uyum sa\u011flar, bu da onu d\u00fc\u015f\u00fcnceli ve esnek bir hediye se\u00e7imi haline getirir. \u0130ster \u015fenlikli bir kutlama i\u00e7in giyiniyor ister g\u00fcnl\u00fck kombininize dikkat \u00e7ekici bir par\u00e7a ekliyor olun, bu g\u00f6steri\u015fli y\u00fcz\u00fck idealdir.<\/p>\n<p data-start=\"968\" data-end=\"1225\">Karma\u015f\u0131k yap\u0131s\u0131 <a href=\"https:\/\/www.purejewels.com\/tr\/a-guide-to-die-stamping\/\">zanaatkarl\u0131k<\/a> ve g\u00f6rkemli duru\u015fu onu sadece modaya uygun bir aksesuar de\u011fil, ayn\u0131 zamanda zamans\u0131z bir hat\u0131ra haline getiriyor - d\u00fc\u011f\u00fcnler, partiler ve <strong data-start=\"1145\" data-end=\"1163\">Diwali hediyeleri<\/strong>. Bu y\u00fcz\u00fck kutlama stilinizin en \u00f6nemli par\u00e7as\u0131 olsun.<\/p>","protected":false},"excerpt":{"rendered":"<p data-start=\"29\" data-end=\"284\">Armari Koleksiyonumuzdan bu \u00e7arp\u0131c\u0131 22 Ayar Alt\u0131n Kokteyl Ayarlanabilir Y\u00fcz\u00fck ile dikkatleri \u00fczerinize \u00e7ekin. Karma\u015f\u0131k \u00e7i\u00e7ekli kubbe tasar\u0131m\u0131 ve vintage dokusuyla geleneksellik ve cesur stilin m\u00fckemmel bir kar\u0131\u015f\u0131m\u0131. Hafif ama etkili - fark edilmek i\u00e7in yap\u0131ld\u0131.<\/p>\n<p><strong>Malzeme:<\/strong>\u00a022 Ayar Alt\u0131n (91,6% saf Alt\u0131n)<br \/>\n<strong>Hallmark:<\/strong>\u00a0\u0130ngiliz Damgas\u0131<br \/>\n<strong>Br\u00fct A\u011f\u0131rl\u0131k:<\/strong> 4.08 Gms<br \/>\n<strong>Y\u00fcz\u00fck \u00d6l\u00e7\u00fcs\u00fc:<\/strong> Ayarlanabilir<br \/>\n<strong>SKU: <\/strong>52991<\/p>\n<p><strong>Fiyat ve Teslimat<\/strong>: KDV ve teslimat \u00fccreti dahil<br \/>\nTalep \u00fczerine uluslararas\u0131 nakliye mevcuttur<br \/>\n<a href=\"https:\/\/www.purejewels.com\/tr\/i%cc%87ade-poli%cc%87ti%cc%87kasi\/\">\u0130ade Politikas\u0131<\/a><\/p>","protected":false},"featured_media":346905,"comment_status":"closed","ping_status":"closed","template":"","meta":{"_eb_attr":"","_crsspst_to_jayantr4sg-hostcom":false},"product_brand":[],"product_cat":[1791,6159,245,5642,1559,6041,1229,1235,1570,1786,1573,1574,5349],"product_tag":[1430],"class_list":{"0":"post-354740","1":"product","2":"type-product","3":"status-publish","4":"has-post-thumbnail","6":"product_cat-anniversary-gifts","7":"product_cat-armari-cocktail-ring","8":"product_cat-armari-collections","9":"product_cat-armari-ring","10":"product_cat-birthday-gifts","11":"product_cat-cocktail-ring","12":"product_cat-22ct-gold-jewellery","13":"product_cat-gold-rings","14":"product_cat-mothers-day-gifts","15":"product_cat-occasional-wear-rings","16":"product_cat-wedding-gifts","17":"product_cat-womens-jewellery","18":"product_cat-yellow-gold-jewellery","19":"product_tag-diwali-gift","21":"first","22":"instock","23":"featured","24":"taxable","25":"shipping-taxable","26":"purchasable","27":"product-type-simple","28":"add-to-wishlist-before_image"},"yoast_head":"<!-- This site is optimized with the Yoast SEO plugin v27.5 - https:\/\/yoast.com\/product\/yoast-seo-wordpress\/ -->\n<title>22ct Gold Cocktail Adjustable Ring at PureJewels UK<\/title>\n<meta name=\"description\" content=\"Indulge in the timeless beauty of the Armari Collection&#039;s 22ct Gold Cocktail Adjustable Ring, available at purejewels.com\" \/>\n<meta name=\"robots\" content=\"index, follow, max-snippet:-1, max-image-preview:large, max-video-preview:-1\" \/>\n<link rel=\"canonical\" href=\"https:\/\/www.purejewels.com\/tr\/urun\/22-ayar-altin-kokteyl-ayarlanabilir-yuzuk-armari-koleksiyonu-15mm-52991\/\" \/>\n<meta property=\"og:locale\" content=\"tr_TR\" \/>\n<meta property=\"og:type\" content=\"article\" \/>\n<meta property=\"og:title\" content=\"22ct Gold Cocktail Adjustable Ring at PureJewels UK\" \/>\n<meta property=\"og:description\" content=\"Indulge in the timeless beauty of the Armari Collection&#039;s 22ct Gold Cocktail Adjustable Ring, available at purejewels.com\" \/>\n<meta property=\"og:url\" content=\"https:\/\/www.purejewels.com\/tr\/urun\/22-ayar-altin-kokteyl-ayarlanabilir-yuzuk-armari-koleksiyonu-15mm-52991\/\" \/>\n<meta property=\"og:site_name\" content=\"PureJewels UK\" \/>\n<meta property=\"article:modified_time\" content=\"2026-02-03T07:44:42+00:00\" \/>\n<meta property=\"og:image\" content=\"https:\/\/static.purejewels.com\/wp-content\/uploads\/2023\/05\/SKU-45041.jpg\" \/>\n\t<meta property=\"og:image:width\" content=\"1\" \/>\n\t<meta property=\"og:image:height\" content=\"1\" \/>\n\t<meta property=\"og:image:type\" content=\"image\/jpeg\" \/>\n<meta name=\"twitter:card\" content=\"summary_large_image\" \/>\n<meta name=\"twitter:label1\" content=\"Tahmini okuma s\u00fcresi\" \/>\n\t<meta name=\"twitter:data1\" content=\"1 dakika\" \/>\n<script type=\"application\/ld+json\" class=\"yoast-schema-graph\">{\"@context\":\"https:\\\/\\\/schema.org\",\"@graph\":[{\"@type\":[\"WebPage\",\"ItemPage\"],\"@id\":\"https:\\\/\\\/www.purejewels.com\\\/product\\\/22ct-gold-cocktail-adjustable-ring-armari-collection-15mm-52991\\\/\",\"url\":\"https:\\\/\\\/www.purejewels.com\\\/product\\\/22ct-gold-cocktail-adjustable-ring-armari-collection-15mm-52991\\\/\",\"name\":\"22ct Gold Cocktail Adjustable Ring at PureJewels UK\",\"isPartOf\":{\"@id\":\"https:\\\/\\\/www.purejewels.com\\\/#website\"},\"primaryImageOfPage\":{\"@id\":\"https:\\\/\\\/www.purejewels.com\\\/product\\\/22ct-gold-cocktail-adjustable-ring-armari-collection-15mm-52991\\\/#primaryimage\"},\"image\":{\"@id\":\"https:\\\/\\\/www.purejewels.com\\\/product\\\/22ct-gold-cocktail-adjustable-ring-armari-collection-15mm-52991\\\/#primaryimage\"},\"thumbnailUrl\":\"https:\\\/\\\/static.purejewels.com\\\/wp-content\\\/uploads\\\/2023\\\/05\\\/SKU-45041.jpg\",\"datePublished\":\"2023-10-14T06:23:29+00:00\",\"dateModified\":\"2026-02-03T07:44:42+00:00\",\"description\":\"Indulge in the timeless beauty of the Armari Collection's 22ct Gold Cocktail Adjustable Ring, available at purejewels.com\",\"breadcrumb\":{\"@id\":\"https:\\\/\\\/www.purejewels.com\\\/product\\\/22ct-gold-cocktail-adjustable-ring-armari-collection-15mm-52991\\\/#breadcrumb\"},\"inLanguage\":\"tr\",\"potentialAction\":[{\"@type\":\"ReadAction\",\"target\":[\"https:\\\/\\\/www.purejewels.com\\\/product\\\/22ct-gold-cocktail-adjustable-ring-armari-collection-15mm-52991\\\/\"]}]},{\"@type\":\"ImageObject\",\"inLanguage\":\"tr\",\"@id\":\"https:\\\/\\\/www.purejewels.com\\\/product\\\/22ct-gold-cocktail-adjustable-ring-armari-collection-15mm-52991\\\/#primaryimage\",\"url\":\"https:\\\/\\\/static.purejewels.com\\\/wp-content\\\/uploads\\\/2023\\\/05\\\/SKU-45041.jpg\",\"contentUrl\":\"https:\\\/\\\/static.purejewels.com\\\/wp-content\\\/uploads\\\/2023\\\/05\\\/SKU-45041.jpg\",\"caption\":\"22ct Gold Cocktail Adjustable Armari Collection Ring\"},{\"@type\":\"BreadcrumbList\",\"@id\":\"https:\\\/\\\/www.purejewels.com\\\/product\\\/22ct-gold-cocktail-adjustable-ring-armari-collection-15mm-52991\\\/#breadcrumb\",\"itemListElement\":[{\"@type\":\"ListItem\",\"position\":1,\"name\":\"Home\",\"item\":\"https:\\\/\\\/www.purejewels.com\\\/\"},{\"@type\":\"ListItem\",\"position\":2,\"name\":\"Shop\",\"item\":\"https:\\\/\\\/www.purejewels.com\\\/shop\\\/\"},{\"@type\":\"ListItem\",\"position\":3,\"name\":\"22ct Gold Cocktail Adjustable Ring | Armari Collection | 15mm\"}]},{\"@type\":\"WebSite\",\"@id\":\"https:\\\/\\\/www.purejewels.com\\\/#website\",\"url\":\"https:\\\/\\\/www.purejewels.com\\\/\",\"name\":\"PureJewels UK\",\"description\":\"Share the Love\",\"publisher\":{\"@id\":\"https:\\\/\\\/www.purejewels.com\\\/#organization\"},\"potentialAction\":[{\"@type\":\"SearchAction\",\"target\":{\"@type\":\"EntryPoint\",\"urlTemplate\":\"https:\\\/\\\/www.purejewels.com\\\/?s={search_term_string}\"},\"query-input\":{\"@type\":\"PropertyValueSpecification\",\"valueRequired\":true,\"valueName\":\"search_term_string\"}}],\"inLanguage\":\"tr\"},{\"@type\":\"Organization\",\"@id\":\"https:\\\/\\\/www.purejewels.com\\\/#organization\",\"name\":\"PureJewels UK\",\"url\":\"https:\\\/\\\/www.purejewels.com\\\/\",\"logo\":{\"@type\":\"ImageObject\",\"inLanguage\":\"tr\",\"@id\":\"https:\\\/\\\/www.purejewels.com\\\/#\\\/schema\\\/logo\\\/image\\\/\",\"url\":\"https:\\\/\\\/static.purejewels.com\\\/wp-content\\\/uploads\\\/2020\\\/11\\\/Logo-PJ-New-1.png\",\"contentUrl\":\"https:\\\/\\\/static.purejewels.com\\\/wp-content\\\/uploads\\\/2020\\\/11\\\/Logo-PJ-New-1.png\",\"width\":150,\"height\":80,\"caption\":\"PureJewels UK\"},\"image\":{\"@id\":\"https:\\\/\\\/www.purejewels.com\\\/#\\\/schema\\\/logo\\\/image\\\/\"}}]}<\/script>\n<!-- \/ Yoast SEO plugin. -->","yoast_head_json":{"title":"PureJewels UK'de 22 Ayar Alt\u0131n Kokteyl Ayarlanabilir Y\u00fcz\u00fck","description":"purejewels.com adresinde bulunan Armari Koleksiyonu'nun 22 ayar alt\u0131n Kokteyl Ayarlanabilir Y\u00fcz\u00fc\u011f\u00fcn\u00fcn zamans\u0131z g\u00fczelli\u011fiyle kendinizi \u015f\u0131mart\u0131n","robots":{"index":"index","follow":"follow","max-snippet":"max-snippet:-1","max-image-preview":"max-image-preview:large","max-video-preview":"max-video-preview:-1"},"canonical":"https:\/\/www.purejewels.com\/tr\/urun\/22-ayar-altin-kokteyl-ayarlanabilir-yuzuk-armari-koleksiyonu-15mm-52991\/","og_locale":"tr_TR","og_type":"article","og_title":"22ct Gold Cocktail Adjustable Ring at PureJewels UK","og_description":"Indulge in the timeless beauty of the Armari Collection's 22ct Gold Cocktail Adjustable Ring, available at purejewels.com","og_url":"https:\/\/www.purejewels.com\/tr\/urun\/22-ayar-altin-kokteyl-ayarlanabilir-yuzuk-armari-koleksiyonu-15mm-52991\/","og_site_name":"PureJewels UK","article_modified_time":"2026-02-03T07:44:42+00:00","og_image":[{"url":"https:\/\/static.purejewels.com\/wp-content\/uploads\/2023\/05\/SKU-45041.jpg","width":1,"height":1,"type":"image\/jpeg"}],"twitter_card":"summary_large_image","twitter_misc":{"Tahmini okuma s\u00fcresi":"1 dakika"},"schema":{"@context":"https:\/\/schema.org","@graph":[{"@type":["WebPage","ItemPage"],"@id":"https:\/\/www.purejewels.com\/product\/22ct-gold-cocktail-adjustable-ring-armari-collection-15mm-52991\/","url":"https:\/\/www.purejewels.com\/product\/22ct-gold-cocktail-adjustable-ring-armari-collection-15mm-52991\/","name":"PureJewels UK'de 22 Ayar Alt\u0131n Kokteyl Ayarlanabilir Y\u00fcz\u00fck","isPartOf":{"@id":"https:\/\/www.purejewels.com\/#website"},"primaryImageOfPage":{"@id":"https:\/\/www.purejewels.com\/product\/22ct-gold-cocktail-adjustable-ring-armari-collection-15mm-52991\/#primaryimage"},"image":{"@id":"https:\/\/www.purejewels.com\/product\/22ct-gold-cocktail-adjustable-ring-armari-collection-15mm-52991\/#primaryimage"},"thumbnailUrl":"https:\/\/static.purejewels.com\/wp-content\/uploads\/2023\/05\/SKU-45041.jpg","datePublished":"2023-10-14T06:23:29+00:00","dateModified":"2026-02-03T07:44:42+00:00","description":"purejewels.com adresinde bulunan Armari Koleksiyonu'nun 22 ayar alt\u0131n Kokteyl Ayarlanabilir Y\u00fcz\u00fc\u011f\u00fcn\u00fcn zamans\u0131z g\u00fczelli\u011fiyle kendinizi \u015f\u0131mart\u0131n","breadcrumb":{"@id":"https:\/\/www.purejewels.com\/product\/22ct-gold-cocktail-adjustable-ring-armari-collection-15mm-52991\/#breadcrumb"},"inLanguage":"tr","potentialAction":[{"@type":"ReadAction","target":["https:\/\/www.purejewels.com\/product\/22ct-gold-cocktail-adjustable-ring-armari-collection-15mm-52991\/"]}]},{"@type":"ImageObject","inLanguage":"tr","@id":"https:\/\/www.purejewels.com\/product\/22ct-gold-cocktail-adjustable-ring-armari-collection-15mm-52991\/#primaryimage","url":"https:\/\/static.purejewels.com\/wp-content\/uploads\/2023\/05\/SKU-45041.jpg","contentUrl":"https:\/\/static.purejewels.com\/wp-content\/uploads\/2023\/05\/SKU-45041.jpg","caption":"22ct Gold Cocktail Adjustable Armari Collection Ring"},{"@type":"BreadcrumbList","@id":"https:\/\/www.purejewels.com\/product\/22ct-gold-cocktail-adjustable-ring-armari-collection-15mm-52991\/#breadcrumb","itemListElement":[{"@type":"ListItem","position":1,"name":"Home","item":"https:\/\/www.purejewels.com\/"},{"@type":"ListItem","position":2,"name":"Shop","item":"https:\/\/www.purejewels.com\/shop\/"},{"@type":"ListItem","position":3,"name":"22ct Gold Cocktail Adjustable Ring | Armari Collection | 15mm"}]},{"@type":"WebSite","@id":"https:\/\/www.purejewels.com\/#website","url":"https:\/\/www.purejewels.com\/","name":"PureJewels \u0130ngiltere","description":"Sevgiyi Payla\u015f\u0131n","publisher":{"@id":"https:\/\/www.purejewels.com\/#organization"},"potentialAction":[{"@type":"SearchAction","target":{"@type":"EntryPoint","urlTemplate":"https:\/\/www.purejewels.com\/?s={search_term_string}"},"query-input":{"@type":"PropertyValueSpecification","valueRequired":true,"valueName":"search_term_string"}}],"inLanguage":"tr"},{"@type":"Organization","@id":"https:\/\/www.purejewels.com\/#organization","name":"PureJewels \u0130ngiltere","url":"https:\/\/www.purejewels.com\/","logo":{"@type":"ImageObject","inLanguage":"tr","@id":"https:\/\/www.purejewels.com\/#\/schema\/logo\/image\/","url":"https:\/\/static.purejewels.com\/wp-content\/uploads\/2020\/11\/Logo-PJ-New-1.png","contentUrl":"https:\/\/static.purejewels.com\/wp-content\/uploads\/2020\/11\/Logo-PJ-New-1.png","width":150,"height":80,"caption":"PureJewels UK"},"image":{"@id":"https:\/\/www.purejewels.com\/#\/schema\/logo\/image\/"}}]}},"_links":{"self":[{"href":"https:\/\/www.purejewels.com\/tr\/wp-json\/wp\/v2\/product\/354740","targetHints":{"allow":["GET"]}}],"collection":[{"href":"https:\/\/www.purejewels.com\/tr\/wp-json\/wp\/v2\/product"}],"about":[{"href":"https:\/\/www.purejewels.com\/tr\/wp-json\/wp\/v2\/types\/product"}],"replies":[{"embeddable":true,"href":"https:\/\/www.purejewels.com\/tr\/wp-json\/wp\/v2\/comments?post=354740"}],"version-history":[{"count":3,"href":"https:\/\/www.purejewels.com\/tr\/wp-json\/wp\/v2\/product\/354740\/revisions"}],"predecessor-version":[{"id":415757,"href":"https:\/\/www.purejewels.com\/tr\/wp-json\/wp\/v2\/product\/354740\/revisions\/415757"}],"wp:featuredmedia":[{"embeddable":true,"href":"https:\/\/www.purejewels.com\/tr\/wp-json\/wp\/v2\/media\/346905"}],"wp:attachment":[{"href":"https:\/\/www.purejewels.com\/tr\/wp-json\/wp\/v2\/media?parent=354740"}],"wp:term":[{"taxonomy":"product_brand","embeddable":true,"href":"https:\/\/www.purejewels.com\/tr\/wp-json\/wp\/v2\/product_brand?post=354740"},{"taxonomy":"product_cat","embeddable":true,"href":"https:\/\/www.purejewels.com\/tr\/wp-json\/wp\/v2\/product_cat?post=354740"},{"taxonomy":"product_tag","embeddable":true,"href":"https:\/\/www.purejewels.com\/tr\/wp-json\/wp\/v2\/product_tag?post=354740"}],"curies":[{"name":"wp","href":"https:\/\/api.w.org\/{rel}","templated":true}]}}