{"id":354761,"date":"2023-07-14T08:13:10","date_gmt":"2023-07-14T07:13:10","guid":{"rendered":"https:\/\/www.purejewels.com\/?post_type=product&#038;p=354761"},"modified":"2026-01-30T10:49:27","modified_gmt":"2026-01-30T10:49:27","slug":"22-ayar-altin-antik-mat-kaplama-yuzuk-boyutu-n-1-2-45287","status":"publish","type":"product","link":"https:\/\/www.purejewels.com\/tr\/product\/22ct-gold-antique-matte-finish-ring-size-n-1-2-45287\/","title":{"rendered":"22 Ayar Alt\u0131n Antik Mat Kaplama Y\u00fcz\u00fck | N 1\/2 Beden"},"content":{"rendered":"<ul>\n<li><b>Menzil kimli\u011fi:<\/b> JWRNBRAR002<\/li>\n<\/ul>\n<p>Kar\u015f\u0131n\u0131zda zarif 22 ayar alt\u0131n <a href=\"https:\/\/www.purejewels.com\/tr\/armari-collection\/\">Antik Kaplama<\/a> Armari Koleksiyonu'ndan Y\u00fcz\u00fck Band\u0131, zamans\u0131z zarafetin ve sars\u0131lmaz cesaretin bir kan\u0131t\u0131. Bu b\u00fcy\u00fcleyici m\u00fccevher par\u00e7as\u0131, Armari Koleksiyonu'nun ruhunu yans\u0131tan bir korkusuzluk hissi yay\u0131yor. Detaylara titizlikle \u00f6zen g\u00f6sterilerek haz\u0131rlanan y\u00fcz\u00fck, tasar\u0131m\u0131na vintage bir cazibe katan \u00e7arp\u0131c\u0131 bir antik kaplamaya sahiptir.<\/p>\n<p>Armari Koleksiyonu, genel esteti\u011fi y\u00fckselten karma\u015f\u0131k desenler ve dokular yaratan benzersiz kabartma tekni\u011fiyle \u00f6ne \u00e7\u0131kar. Her bir detay koleksiyonun cesur ve korkusuz ilham\u0131na bir selam niteli\u011finde olup, bu y\u00fcz\u00fck band\u0131n\u0131 g\u00fcc\u00fcn ve bireyselli\u011fin sembol\u00fc haline getirmektedir.<\/p>\n<p>Bu ola\u011fan\u00fcst\u00fc par\u00e7a sadece bir y\u00fcz\u00fck de\u011fil; stil ve karakterin bir tezah\u00fcr\u00fcd\u00fcr. 22 ayar alt\u0131n bile\u015fimi l\u00fcks bir his ve zamans\u0131z bir \u00e7ekicilik sa\u011flar. Kendine \u00f6zg\u00fc zevkinizin ve modaya korkusuz yakla\u015f\u0131m\u0131n\u0131z\u0131n bir ifadesi olan bu ola\u011fan\u00fcst\u00fc y\u00fcz\u00fck band\u0131yla Armari Koleksiyonu'nun ruhunu kucaklay\u0131n.<\/p>","protected":false},"excerpt":{"rendered":"<table>\n<tbody>\n<tr>\n<td>Y\u00fcz\u00fck Tipi<\/td>\n<td>22 Ayar Alt\u0131n Unisex Y\u00fcz\u00fck<\/td>\n<\/tr>\n<tr>\n<td>SKU<\/td>\n<td>45287<\/td>\n<\/tr>\n<tr>\n<td>A\u011f\u0131rl\u0131k<\/td>\n<td>5.2 gms<\/td>\n<\/tr>\n<tr>\n<td>Geni\u015flik<\/td>\n<td>7 mm<\/td>\n<\/tr>\n<tr>\n<td>Y\u00fcz\u00fck \u00d6l\u00e7\u00fcs\u00fc<\/td>\n<td>\u00a0N 1\/2<\/td>\n<\/tr>\n<tr>\n<td>\u00dccretler<\/td>\n<td>Teslimat ve KDV Dahil<\/td>\n<\/tr>\n<tr>\n<td>Paketleme<\/td>\n<td>Sunum Kutusu ile Birlikte Gelir<\/td>\n<\/tr>\n<tr>\n<td>Daha Fazla Bilgi<\/td>\n<td>\n<ul>\n<li>M\u00fcsaitlik durumu ve daha fazla resim i\u00e7in bizimle canl\u0131 sohbet edin<\/li>\n<li>Kontrol Etmek \u0130\u00e7in Buraya T\u0131klay\u0131n\u00a0<strong>Y\u00fcz\u00fck \u00d6l\u00e7\u00fcs\u00fc<\/strong><\/li>\n<\/ul>\n<\/td>\n<\/tr>\n<\/tbody>\n<\/table>","protected":false},"featured_media":354609,"comment_status":"closed","ping_status":"closed","template":"","meta":{"_eb_attr":"","_crsspst_to_jayantr4sg-hostcom":false},"product_brand":[],"product_cat":[1791,6158,245,5642,236,1235,1783,1786,1573,1574,5349],"product_tag":[1430],"class_list":{"0":"post-354761","1":"product","2":"type-product","3":"status-publish","4":"has-post-thumbnail","6":"product_cat-anniversary-gifts","7":"product_cat-armari-band","8":"product_cat-armari-collections","9":"product_cat-armari-ring","10":"product_cat-collections","11":"product_cat-gold-rings","12":"product_cat-ladies-rings","13":"product_cat-occasional-wear-rings","14":"product_cat-wedding-gifts","15":"product_cat-womens-jewellery","16":"product_cat-yellow-gold-jewellery","17":"product_tag-diwali-gift","19":"first","20":"instock","21":"taxable","22":"shipping-taxable","23":"purchasable","24":"product-type-simple","25":"add-to-wishlist-before_image"},"yoast_head":"<!-- This site is optimized with the Yoast SEO plugin v27.5 - https:\/\/yoast.com\/product\/yoast-seo-wordpress\/ -->\n<title>22ct Gold Antique Finish Ring Band in PureJewels<\/title>\n<meta name=\"description\" content=\"22ct Gold Antique Finish Ring Band, a stunning piece from the Armari Collection at Purejewels. Elevate your style with classic allure now!\" \/>\n<meta name=\"robots\" content=\"index, follow, max-snippet:-1, max-image-preview:large, max-video-preview:-1\" \/>\n<link rel=\"canonical\" href=\"https:\/\/www.purejewels.com\/tr\/urun\/22-ayar-altin-antik-mat-kaplama-yuzuk-boyutu-n-1-2-45287\/\" \/>\n<meta property=\"og:locale\" content=\"tr_TR\" \/>\n<meta property=\"og:type\" content=\"article\" \/>\n<meta property=\"og:title\" content=\"22ct Gold Antique Finish Ring Band in PureJewels\" \/>\n<meta property=\"og:description\" content=\"22ct Gold Antique Finish Ring Band, a stunning piece from the Armari Collection at Purejewels. Elevate your style with classic allure now!\" \/>\n<meta property=\"og:url\" content=\"https:\/\/www.purejewels.com\/tr\/urun\/22-ayar-altin-antik-mat-kaplama-yuzuk-boyutu-n-1-2-45287\/\" \/>\n<meta property=\"og:site_name\" content=\"PureJewels UK\" \/>\n<meta property=\"article:modified_time\" content=\"2026-01-30T10:49:27+00:00\" \/>\n<meta property=\"og:image\" content=\"https:\/\/static.purejewels.com\/wp-content\/uploads\/2023\/08\/45287-charlotte-edit-.jpg\" \/>\n\t<meta property=\"og:image:width\" content=\"1\" \/>\n\t<meta property=\"og:image:height\" content=\"1\" \/>\n\t<meta property=\"og:image:type\" content=\"image\/jpeg\" \/>\n<meta name=\"twitter:card\" content=\"summary_large_image\" \/>\n<meta name=\"twitter:label1\" content=\"Tahmini okuma s\u00fcresi\" \/>\n\t<meta name=\"twitter:data1\" content=\"1 dakika\" \/>\n<script type=\"application\/ld+json\" class=\"yoast-schema-graph\">{\"@context\":\"https:\\\/\\\/schema.org\",\"@graph\":[{\"@type\":[\"WebPage\",\"ItemPage\"],\"@id\":\"https:\\\/\\\/www.purejewels.com\\\/product\\\/22ct-gold-antique-matte-finish-ring-size-n-1-2-45287\\\/\",\"url\":\"https:\\\/\\\/www.purejewels.com\\\/product\\\/22ct-gold-antique-matte-finish-ring-size-n-1-2-45287\\\/\",\"name\":\"22ct Gold Antique Finish Ring Band in PureJewels\",\"isPartOf\":{\"@id\":\"https:\\\/\\\/www.purejewels.com\\\/#website\"},\"primaryImageOfPage\":{\"@id\":\"https:\\\/\\\/www.purejewels.com\\\/product\\\/22ct-gold-antique-matte-finish-ring-size-n-1-2-45287\\\/#primaryimage\"},\"image\":{\"@id\":\"https:\\\/\\\/www.purejewels.com\\\/product\\\/22ct-gold-antique-matte-finish-ring-size-n-1-2-45287\\\/#primaryimage\"},\"thumbnailUrl\":\"https:\\\/\\\/static.purejewels.com\\\/wp-content\\\/uploads\\\/2023\\\/08\\\/45287-charlotte-edit-.jpg\",\"datePublished\":\"2023-07-14T07:13:10+00:00\",\"dateModified\":\"2026-01-30T10:49:27+00:00\",\"description\":\"22ct Gold Antique Finish Ring Band, a stunning piece from the Armari Collection at Purejewels. Elevate your style with classic allure now!\",\"breadcrumb\":{\"@id\":\"https:\\\/\\\/www.purejewels.com\\\/product\\\/22ct-gold-antique-matte-finish-ring-size-n-1-2-45287\\\/#breadcrumb\"},\"inLanguage\":\"tr\",\"potentialAction\":[{\"@type\":\"ReadAction\",\"target\":[\"https:\\\/\\\/www.purejewels.com\\\/product\\\/22ct-gold-antique-matte-finish-ring-size-n-1-2-45287\\\/\"]}]},{\"@type\":\"ImageObject\",\"inLanguage\":\"tr\",\"@id\":\"https:\\\/\\\/www.purejewels.com\\\/product\\\/22ct-gold-antique-matte-finish-ring-size-n-1-2-45287\\\/#primaryimage\",\"url\":\"https:\\\/\\\/static.purejewels.com\\\/wp-content\\\/uploads\\\/2023\\\/08\\\/45287-charlotte-edit-.jpg\",\"contentUrl\":\"https:\\\/\\\/static.purejewels.com\\\/wp-content\\\/uploads\\\/2023\\\/08\\\/45287-charlotte-edit-.jpg\",\"caption\":\"Antique Finish Ring Band in 22ct Gold\"},{\"@type\":\"BreadcrumbList\",\"@id\":\"https:\\\/\\\/www.purejewels.com\\\/product\\\/22ct-gold-antique-matte-finish-ring-size-n-1-2-45287\\\/#breadcrumb\",\"itemListElement\":[{\"@type\":\"ListItem\",\"position\":1,\"name\":\"Home\",\"item\":\"https:\\\/\\\/www.purejewels.com\\\/\"},{\"@type\":\"ListItem\",\"position\":2,\"name\":\"Shop\",\"item\":\"https:\\\/\\\/www.purejewels.com\\\/shop\\\/\"},{\"@type\":\"ListItem\",\"position\":3,\"name\":\"22ct Gold Antique Matte Finish Ring | Size N 1\\\/2\"}]},{\"@type\":\"WebSite\",\"@id\":\"https:\\\/\\\/www.purejewels.com\\\/#website\",\"url\":\"https:\\\/\\\/www.purejewels.com\\\/\",\"name\":\"PureJewels UK\",\"description\":\"Share the Love\",\"publisher\":{\"@id\":\"https:\\\/\\\/www.purejewels.com\\\/#organization\"},\"potentialAction\":[{\"@type\":\"SearchAction\",\"target\":{\"@type\":\"EntryPoint\",\"urlTemplate\":\"https:\\\/\\\/www.purejewels.com\\\/?s={search_term_string}\"},\"query-input\":{\"@type\":\"PropertyValueSpecification\",\"valueRequired\":true,\"valueName\":\"search_term_string\"}}],\"inLanguage\":\"tr\"},{\"@type\":\"Organization\",\"@id\":\"https:\\\/\\\/www.purejewels.com\\\/#organization\",\"name\":\"PureJewels UK\",\"url\":\"https:\\\/\\\/www.purejewels.com\\\/\",\"logo\":{\"@type\":\"ImageObject\",\"inLanguage\":\"tr\",\"@id\":\"https:\\\/\\\/www.purejewels.com\\\/#\\\/schema\\\/logo\\\/image\\\/\",\"url\":\"https:\\\/\\\/static.purejewels.com\\\/wp-content\\\/uploads\\\/2020\\\/11\\\/Logo-PJ-New-1.png\",\"contentUrl\":\"https:\\\/\\\/static.purejewels.com\\\/wp-content\\\/uploads\\\/2020\\\/11\\\/Logo-PJ-New-1.png\",\"width\":150,\"height\":80,\"caption\":\"PureJewels UK\"},\"image\":{\"@id\":\"https:\\\/\\\/www.purejewels.com\\\/#\\\/schema\\\/logo\\\/image\\\/\"}}]}<\/script>\n<!-- \/ Yoast SEO plugin. -->","yoast_head_json":{"title":"PureJewels 22 Ayar Alt\u0131n Antik Kaplama Y\u00fcz\u00fck Band\u0131","description":"22 Ayar Alt\u0131n Antik Kaplama Y\u00fcz\u00fck Band\u0131, Purejewels'teki Armari Koleksiyonu'ndan \u00e7arp\u0131c\u0131 bir par\u00e7a. Stilinizi klasik cazibeyle \u015fimdi y\u00fckseltin!","robots":{"index":"index","follow":"follow","max-snippet":"max-snippet:-1","max-image-preview":"max-image-preview:large","max-video-preview":"max-video-preview:-1"},"canonical":"https:\/\/www.purejewels.com\/tr\/urun\/22-ayar-altin-antik-mat-kaplama-yuzuk-boyutu-n-1-2-45287\/","og_locale":"tr_TR","og_type":"article","og_title":"22ct Gold Antique Finish Ring Band in PureJewels","og_description":"22ct Gold Antique Finish Ring Band, a stunning piece from the Armari Collection at Purejewels. Elevate your style with classic allure now!","og_url":"https:\/\/www.purejewels.com\/tr\/urun\/22-ayar-altin-antik-mat-kaplama-yuzuk-boyutu-n-1-2-45287\/","og_site_name":"PureJewels UK","article_modified_time":"2026-01-30T10:49:27+00:00","og_image":[{"url":"https:\/\/static.purejewels.com\/wp-content\/uploads\/2023\/08\/45287-charlotte-edit-.jpg","width":1,"height":1,"type":"image\/jpeg"}],"twitter_card":"summary_large_image","twitter_misc":{"Tahmini okuma s\u00fcresi":"1 dakika"},"schema":{"@context":"https:\/\/schema.org","@graph":[{"@type":["WebPage","ItemPage"],"@id":"https:\/\/www.purejewels.com\/product\/22ct-gold-antique-matte-finish-ring-size-n-1-2-45287\/","url":"https:\/\/www.purejewels.com\/product\/22ct-gold-antique-matte-finish-ring-size-n-1-2-45287\/","name":"PureJewels 22 Ayar Alt\u0131n Antik Kaplama Y\u00fcz\u00fck Band\u0131","isPartOf":{"@id":"https:\/\/www.purejewels.com\/#website"},"primaryImageOfPage":{"@id":"https:\/\/www.purejewels.com\/product\/22ct-gold-antique-matte-finish-ring-size-n-1-2-45287\/#primaryimage"},"image":{"@id":"https:\/\/www.purejewels.com\/product\/22ct-gold-antique-matte-finish-ring-size-n-1-2-45287\/#primaryimage"},"thumbnailUrl":"https:\/\/static.purejewels.com\/wp-content\/uploads\/2023\/08\/45287-charlotte-edit-.jpg","datePublished":"2023-07-14T07:13:10+00:00","dateModified":"2026-01-30T10:49:27+00:00","description":"22 Ayar Alt\u0131n Antik Kaplama Y\u00fcz\u00fck Band\u0131, Purejewels'teki Armari Koleksiyonu'ndan \u00e7arp\u0131c\u0131 bir par\u00e7a. Stilinizi klasik cazibeyle \u015fimdi y\u00fckseltin!","breadcrumb":{"@id":"https:\/\/www.purejewels.com\/product\/22ct-gold-antique-matte-finish-ring-size-n-1-2-45287\/#breadcrumb"},"inLanguage":"tr","potentialAction":[{"@type":"ReadAction","target":["https:\/\/www.purejewels.com\/product\/22ct-gold-antique-matte-finish-ring-size-n-1-2-45287\/"]}]},{"@type":"ImageObject","inLanguage":"tr","@id":"https:\/\/www.purejewels.com\/product\/22ct-gold-antique-matte-finish-ring-size-n-1-2-45287\/#primaryimage","url":"https:\/\/static.purejewels.com\/wp-content\/uploads\/2023\/08\/45287-charlotte-edit-.jpg","contentUrl":"https:\/\/static.purejewels.com\/wp-content\/uploads\/2023\/08\/45287-charlotte-edit-.jpg","caption":"Antique Finish Ring Band in 22ct Gold"},{"@type":"BreadcrumbList","@id":"https:\/\/www.purejewels.com\/product\/22ct-gold-antique-matte-finish-ring-size-n-1-2-45287\/#breadcrumb","itemListElement":[{"@type":"ListItem","position":1,"name":"Home","item":"https:\/\/www.purejewels.com\/"},{"@type":"ListItem","position":2,"name":"Shop","item":"https:\/\/www.purejewels.com\/shop\/"},{"@type":"ListItem","position":3,"name":"22ct Gold Antique Matte Finish Ring | Size N 1\/2"}]},{"@type":"WebSite","@id":"https:\/\/www.purejewels.com\/#website","url":"https:\/\/www.purejewels.com\/","name":"PureJewels \u0130ngiltere","description":"Sevgiyi Payla\u015f\u0131n","publisher":{"@id":"https:\/\/www.purejewels.com\/#organization"},"potentialAction":[{"@type":"SearchAction","target":{"@type":"EntryPoint","urlTemplate":"https:\/\/www.purejewels.com\/?s={search_term_string}"},"query-input":{"@type":"PropertyValueSpecification","valueRequired":true,"valueName":"search_term_string"}}],"inLanguage":"tr"},{"@type":"Organization","@id":"https:\/\/www.purejewels.com\/#organization","name":"PureJewels \u0130ngiltere","url":"https:\/\/www.purejewels.com\/","logo":{"@type":"ImageObject","inLanguage":"tr","@id":"https:\/\/www.purejewels.com\/#\/schema\/logo\/image\/","url":"https:\/\/static.purejewels.com\/wp-content\/uploads\/2020\/11\/Logo-PJ-New-1.png","contentUrl":"https:\/\/static.purejewels.com\/wp-content\/uploads\/2020\/11\/Logo-PJ-New-1.png","width":150,"height":80,"caption":"PureJewels UK"},"image":{"@id":"https:\/\/www.purejewels.com\/#\/schema\/logo\/image\/"}}]}},"_links":{"self":[{"href":"https:\/\/www.purejewels.com\/tr\/wp-json\/wp\/v2\/product\/354761","targetHints":{"allow":["GET"]}}],"collection":[{"href":"https:\/\/www.purejewels.com\/tr\/wp-json\/wp\/v2\/product"}],"about":[{"href":"https:\/\/www.purejewels.com\/tr\/wp-json\/wp\/v2\/types\/product"}],"replies":[{"embeddable":true,"href":"https:\/\/www.purejewels.com\/tr\/wp-json\/wp\/v2\/comments?post=354761"}],"version-history":[{"count":4,"href":"https:\/\/www.purejewels.com\/tr\/wp-json\/wp\/v2\/product\/354761\/revisions"}],"predecessor-version":[{"id":425047,"href":"https:\/\/www.purejewels.com\/tr\/wp-json\/wp\/v2\/product\/354761\/revisions\/425047"}],"wp:featuredmedia":[{"embeddable":true,"href":"https:\/\/www.purejewels.com\/tr\/wp-json\/wp\/v2\/media\/354609"}],"wp:attachment":[{"href":"https:\/\/www.purejewels.com\/tr\/wp-json\/wp\/v2\/media?parent=354761"}],"wp:term":[{"taxonomy":"product_brand","embeddable":true,"href":"https:\/\/www.purejewels.com\/tr\/wp-json\/wp\/v2\/product_brand?post=354761"},{"taxonomy":"product_cat","embeddable":true,"href":"https:\/\/www.purejewels.com\/tr\/wp-json\/wp\/v2\/product_cat?post=354761"},{"taxonomy":"product_tag","embeddable":true,"href":"https:\/\/www.purejewels.com\/tr\/wp-json\/wp\/v2\/product_tag?post=354761"}],"curies":[{"name":"wp","href":"https:\/\/api.w.org\/{rel}","templated":true}]}}