{"id":354965,"date":"2023-12-18T12:59:26","date_gmt":"2023-12-18T12:59:26","guid":{"rendered":"https:\/\/www.purejewels.com\/?post_type=product&#038;p=354965"},"modified":"2026-02-20T09:34:12","modified_gmt":"2026-02-20T09:34:12","slug":"beyaz-altin-sonsuzluk-pirlanta-yuzuk-uk-43571","status":"publish","type":"product","link":"https:\/\/www.purejewels.com\/tr\/product\/white-gold-eternity-diamond-ring-uk-43571\/","title":{"rendered":"Platin Kanal Set P\u0131rlanta Sonsuzluk Y\u00fcz\u00fck"},"content":{"rendered":"<p><strong>Tasar\u0131m Konsepti<\/strong><br \/>\nPlatin Kanal Ayarl\u0131 P\u0131rlanta Eternity Y\u00fcz\u00fck, sonsuz sevginin zarif bir ifadesi. P\u00fcr\u00fczs\u00fcz bir kanal ayar\u0131na hassas bir \u015fekilde yerle\u015ftirilmi\u015f kusursuz bir s\u0131ra yuvarlak parlak kesim p\u0131rlanta ile y\u00fcz\u00fck, sade bir sofistike hava yay\u0131yor. \u015e\u0131k silueti, klasik eternity stiline \u00e7a\u011fda\u015f bir yorum getiriyor.<\/p>\n<p><strong><a href=\"https:\/\/www.purejewels.com\/tr\/a-guide-to-die-stamping\/\">Zanaatkarl\u0131k<\/a><\/strong><br \/>\nDayan\u0131kl\u0131 ve l\u00fcks platinden el i\u015f\u00e7ili\u011fi ile \u00fcretilen bu par\u00e7a, \u0130ngiltere'de damgalanm\u0131\u015f ve \u00f6m\u00fcr boyu kullan\u0131labilecek \u015fekilde tasarlanm\u0131\u015ft\u0131r. Kanal ayar\u0131 hem g\u00fcvenlik hem de temiz bir g\u00f6r\u00fcn\u00fcm sunarak \u0131\u015f\u0131\u011f\u0131n elmas s\u0131ralar\u0131 \u00fczerinde zarif bir \u015fekilde yans\u0131t\u0131lmas\u0131n\u0131 sa\u011flar.<\/p>\n<p><strong>Stil Fikirleri<\/strong><br \/>\nMinimalist bir ifade olarak tek ba\u015f\u0131na tak\u0131ld\u0131\u011f\u0131nda, ni\u015fan y\u00fcz\u00fc\u011f\u00fcyle birlikte tak\u0131ld\u0131\u011f\u0131nda veya gelin tak\u0131 setinde katmanl\u0131 olarak tak\u0131ld\u0131\u011f\u0131nda, bu y\u00fcz\u00fck g\u00fcnd\u00fczden ak\u015fama kadar rahatl\u0131kla ge\u00e7i\u015f yapar. D\u00fc\u011f\u00fcnler, y\u0131ld\u00f6n\u00fcmleri veya ki\u015fisel d\u00f6n\u00fcm noktalar\u0131 i\u00e7in anlaml\u0131 bir se\u00e7imdir.<\/p>","protected":false},"excerpt":{"rendered":"<p>Birinci s\u0131n\u0131f platinden \u00fcretilen bu sonsuzluk y\u00fcz\u00fc\u011f\u00fc, parlak kesim p\u0131rlantalar\u0131n \u015f\u0131k bir kanal ayarlamas\u0131yla dikkat \u00e7ekiyor. Modern ve zamans\u0131z tasar\u0131m\u0131yla d\u00fc\u011f\u00fcnler, y\u0131ld\u00f6n\u00fcmleri veya g\u00fcnl\u00fck \u015f\u0131kl\u0131k i\u00e7in ideal bir se\u00e7imdir.<\/p>\n<table>\n<tbody>\n<tr>\n<td>Y\u00fcz\u00fck Tipi<\/td>\n<td>Elmas Bant<\/td>\n<\/tr>\n<tr>\n<td>SKU<\/td>\n<td>43571<\/td>\n<\/tr>\n<tr>\n<td>Y\u00fcz\u00fck \u00d6l\u00e7\u00fcs\u00fc<\/td>\n<td>J 1\/2<\/td>\n<\/tr>\n<tr>\n<td>Metal<\/td>\n<td>Platin<\/td>\n<\/tr>\n<tr>\n<td>Elmas A\u011f\u0131rl\u0131\u011f\u0131.<\/td>\n<td>0.09ct<\/td>\n<\/tr>\n<tr>\n<td>\u00dccretler<\/td>\n<td>Teslimat ve KDV Dahil<\/td>\n<\/tr>\n<tr>\n<td>Paketleme<\/td>\n<td>Sunum Kutusu ile Birlikte Gelir<\/td>\n<\/tr>\n<tr>\n<td>Daha Fazla Bilgi<\/td>\n<td>M\u00fcsaitlik durumu ve daha fazla resim i\u00e7in bizimle canl\u0131 sohbet edin<\/td>\n<\/tr>\n<\/tbody>\n<\/table>","protected":false},"featured_media":388334,"comment_status":"closed","ping_status":"closed","template":"","meta":{"_eb_attr":"","_crsspst_to_jayantr4sg-hostcom":false},"product_brand":[],"product_cat":[5460,5931,5350,1574],"product_tag":[],"class_list":{"0":"post-354965","1":"product","2":"type-product","3":"status-publish","4":"has-post-thumbnail","6":"product_cat-diamond-ring","7":"product_cat-eternity-ring","8":"product_cat-platinum-jewellery","9":"product_cat-womens-jewellery","11":"first","12":"instock","13":"taxable","14":"shipping-taxable","15":"purchasable","16":"product-type-simple","17":"add-to-wishlist-before_image"},"yoast_head":"<!-- This site is optimized with the Yoast SEO plugin v27.5 - https:\/\/yoast.com\/product\/yoast-seo-wordpress\/ -->\n<title>Eternity Diamond Band In 18ct White Gold UK<\/title>\n<meta name=\"description\" content=\"Find the Perfect 18ct White Gold Diamond Band for your Loved One | PureJewels UK Jewellers | Free delivery across UK.\" \/>\n<meta name=\"robots\" content=\"index, follow, max-snippet:-1, max-image-preview:large, max-video-preview:-1\" \/>\n<link rel=\"canonical\" href=\"https:\/\/www.purejewels.com\/tr\/urun\/beyaz-altin-sonsuzluk-pirlanta-yuzuk-uk-43571\/\" \/>\n<meta property=\"og:locale\" content=\"tr_TR\" \/>\n<meta property=\"og:type\" content=\"article\" \/>\n<meta property=\"og:title\" content=\"Eternity Diamond Band In 18ct White Gold UK\" \/>\n<meta property=\"og:description\" content=\"Find the Perfect 18ct White Gold Diamond Band for your Loved One | PureJewels UK Jewellers | Free delivery across UK.\" \/>\n<meta property=\"og:url\" content=\"https:\/\/www.purejewels.com\/tr\/urun\/beyaz-altin-sonsuzluk-pirlanta-yuzuk-uk-43571\/\" \/>\n<meta property=\"og:site_name\" content=\"PureJewels UK\" \/>\n<meta property=\"article:modified_time\" content=\"2026-02-20T09:34:12+00:00\" \/>\n<meta property=\"og:image\" content=\"https:\/\/static.purejewels.com\/wp-content\/uploads\/2023\/12\/43571_2_1.png\" \/>\n\t<meta property=\"og:image:width\" content=\"1000\" \/>\n\t<meta property=\"og:image:height\" content=\"1000\" \/>\n\t<meta property=\"og:image:type\" content=\"image\/png\" \/>\n<meta name=\"twitter:card\" content=\"summary_large_image\" \/>\n<meta name=\"twitter:label1\" content=\"Tahmini okuma s\u00fcresi\" \/>\n\t<meta name=\"twitter:data1\" content=\"1 dakika\" \/>\n<script type=\"application\/ld+json\" class=\"yoast-schema-graph\">{\"@context\":\"https:\\\/\\\/schema.org\",\"@graph\":[{\"@type\":[\"WebPage\",\"ItemPage\"],\"@id\":\"https:\\\/\\\/www.purejewels.com\\\/product\\\/white-gold-eternity-diamond-ring-uk-43571\\\/\",\"url\":\"https:\\\/\\\/www.purejewels.com\\\/product\\\/white-gold-eternity-diamond-ring-uk-43571\\\/\",\"name\":\"Eternity Diamond Band In 18ct White Gold UK\",\"isPartOf\":{\"@id\":\"https:\\\/\\\/www.purejewels.com\\\/#website\"},\"primaryImageOfPage\":{\"@id\":\"https:\\\/\\\/www.purejewels.com\\\/product\\\/white-gold-eternity-diamond-ring-uk-43571\\\/#primaryimage\"},\"image\":{\"@id\":\"https:\\\/\\\/www.purejewels.com\\\/product\\\/white-gold-eternity-diamond-ring-uk-43571\\\/#primaryimage\"},\"thumbnailUrl\":\"https:\\\/\\\/static.purejewels.com\\\/wp-content\\\/uploads\\\/2023\\\/12\\\/43571_2_1.png\",\"datePublished\":\"2023-12-18T12:59:26+00:00\",\"dateModified\":\"2026-02-20T09:34:12+00:00\",\"description\":\"Find the Perfect 18ct White Gold Diamond Band for your Loved One | PureJewels UK Jewellers | Free delivery across UK.\",\"breadcrumb\":{\"@id\":\"https:\\\/\\\/www.purejewels.com\\\/product\\\/white-gold-eternity-diamond-ring-uk-43571\\\/#breadcrumb\"},\"inLanguage\":\"tr\",\"potentialAction\":[{\"@type\":\"ReadAction\",\"target\":[\"https:\\\/\\\/www.purejewels.com\\\/product\\\/white-gold-eternity-diamond-ring-uk-43571\\\/\"]}]},{\"@type\":\"ImageObject\",\"inLanguage\":\"tr\",\"@id\":\"https:\\\/\\\/www.purejewels.com\\\/product\\\/white-gold-eternity-diamond-ring-uk-43571\\\/#primaryimage\",\"url\":\"https:\\\/\\\/static.purejewels.com\\\/wp-content\\\/uploads\\\/2023\\\/12\\\/43571_2_1.png\",\"contentUrl\":\"https:\\\/\\\/static.purejewels.com\\\/wp-content\\\/uploads\\\/2023\\\/12\\\/43571_2_1.png\",\"width\":1000,\"height\":1000,\"caption\":\"Platinum Eternity Diamond Ring UK\"},{\"@type\":\"BreadcrumbList\",\"@id\":\"https:\\\/\\\/www.purejewels.com\\\/product\\\/white-gold-eternity-diamond-ring-uk-43571\\\/#breadcrumb\",\"itemListElement\":[{\"@type\":\"ListItem\",\"position\":1,\"name\":\"Home\",\"item\":\"https:\\\/\\\/www.purejewels.com\\\/\"},{\"@type\":\"ListItem\",\"position\":2,\"name\":\"Shop\",\"item\":\"https:\\\/\\\/www.purejewels.com\\\/shop\\\/\"},{\"@type\":\"ListItem\",\"position\":3,\"name\":\"Platinum Channel Set Diamond Eternity Ring\"}]},{\"@type\":\"WebSite\",\"@id\":\"https:\\\/\\\/www.purejewels.com\\\/#website\",\"url\":\"https:\\\/\\\/www.purejewels.com\\\/\",\"name\":\"PureJewels UK\",\"description\":\"Share the Love\",\"publisher\":{\"@id\":\"https:\\\/\\\/www.purejewels.com\\\/#organization\"},\"potentialAction\":[{\"@type\":\"SearchAction\",\"target\":{\"@type\":\"EntryPoint\",\"urlTemplate\":\"https:\\\/\\\/www.purejewels.com\\\/?s={search_term_string}\"},\"query-input\":{\"@type\":\"PropertyValueSpecification\",\"valueRequired\":true,\"valueName\":\"search_term_string\"}}],\"inLanguage\":\"tr\"},{\"@type\":\"Organization\",\"@id\":\"https:\\\/\\\/www.purejewels.com\\\/#organization\",\"name\":\"PureJewels UK\",\"url\":\"https:\\\/\\\/www.purejewels.com\\\/\",\"logo\":{\"@type\":\"ImageObject\",\"inLanguage\":\"tr\",\"@id\":\"https:\\\/\\\/www.purejewels.com\\\/#\\\/schema\\\/logo\\\/image\\\/\",\"url\":\"https:\\\/\\\/static.purejewels.com\\\/wp-content\\\/uploads\\\/2020\\\/11\\\/Logo-PJ-New-1.png\",\"contentUrl\":\"https:\\\/\\\/static.purejewels.com\\\/wp-content\\\/uploads\\\/2020\\\/11\\\/Logo-PJ-New-1.png\",\"width\":150,\"height\":80,\"caption\":\"PureJewels UK\"},\"image\":{\"@id\":\"https:\\\/\\\/www.purejewels.com\\\/#\\\/schema\\\/logo\\\/image\\\/\"}}]}<\/script>\n<!-- \/ Yoast SEO plugin. -->","yoast_head_json":{"title":"\u0130ngiltere 18 Ayar Beyaz Alt\u0131ndan Sonsuzluk P\u0131rlanta Kordon","description":"Sevdikleriniz i\u00e7in M\u00fckemmel 18 Ayar Beyaz Alt\u0131n P\u0131rlanta Kordonu Bulun | PureJewels UK Jewellers | \u0130ngiltere genelinde \u00fccretsiz teslimat.","robots":{"index":"index","follow":"follow","max-snippet":"max-snippet:-1","max-image-preview":"max-image-preview:large","max-video-preview":"max-video-preview:-1"},"canonical":"https:\/\/www.purejewels.com\/tr\/urun\/beyaz-altin-sonsuzluk-pirlanta-yuzuk-uk-43571\/","og_locale":"tr_TR","og_type":"article","og_title":"Eternity Diamond Band In 18ct White Gold UK","og_description":"Find the Perfect 18ct White Gold Diamond Band for your Loved One | PureJewels UK Jewellers | Free delivery across UK.","og_url":"https:\/\/www.purejewels.com\/tr\/urun\/beyaz-altin-sonsuzluk-pirlanta-yuzuk-uk-43571\/","og_site_name":"PureJewels UK","article_modified_time":"2026-02-20T09:34:12+00:00","og_image":[{"width":1000,"height":1000,"url":"https:\/\/static.purejewels.com\/wp-content\/uploads\/2023\/12\/43571_2_1.png","type":"image\/png"}],"twitter_card":"summary_large_image","twitter_misc":{"Tahmini okuma s\u00fcresi":"1 dakika"},"schema":{"@context":"https:\/\/schema.org","@graph":[{"@type":["WebPage","ItemPage"],"@id":"https:\/\/www.purejewels.com\/product\/white-gold-eternity-diamond-ring-uk-43571\/","url":"https:\/\/www.purejewels.com\/product\/white-gold-eternity-diamond-ring-uk-43571\/","name":"\u0130ngiltere 18 Ayar Beyaz Alt\u0131ndan Sonsuzluk P\u0131rlanta Kordon","isPartOf":{"@id":"https:\/\/www.purejewels.com\/#website"},"primaryImageOfPage":{"@id":"https:\/\/www.purejewels.com\/product\/white-gold-eternity-diamond-ring-uk-43571\/#primaryimage"},"image":{"@id":"https:\/\/www.purejewels.com\/product\/white-gold-eternity-diamond-ring-uk-43571\/#primaryimage"},"thumbnailUrl":"https:\/\/static.purejewels.com\/wp-content\/uploads\/2023\/12\/43571_2_1.png","datePublished":"2023-12-18T12:59:26+00:00","dateModified":"2026-02-20T09:34:12+00:00","description":"Sevdikleriniz i\u00e7in M\u00fckemmel 18 Ayar Beyaz Alt\u0131n P\u0131rlanta Kordonu Bulun | PureJewels UK Jewellers | \u0130ngiltere genelinde \u00fccretsiz teslimat.","breadcrumb":{"@id":"https:\/\/www.purejewels.com\/product\/white-gold-eternity-diamond-ring-uk-43571\/#breadcrumb"},"inLanguage":"tr","potentialAction":[{"@type":"ReadAction","target":["https:\/\/www.purejewels.com\/product\/white-gold-eternity-diamond-ring-uk-43571\/"]}]},{"@type":"ImageObject","inLanguage":"tr","@id":"https:\/\/www.purejewels.com\/product\/white-gold-eternity-diamond-ring-uk-43571\/#primaryimage","url":"https:\/\/static.purejewels.com\/wp-content\/uploads\/2023\/12\/43571_2_1.png","contentUrl":"https:\/\/static.purejewels.com\/wp-content\/uploads\/2023\/12\/43571_2_1.png","width":1000,"height":1000,"caption":"Platinum Eternity Diamond Ring UK"},{"@type":"BreadcrumbList","@id":"https:\/\/www.purejewels.com\/product\/white-gold-eternity-diamond-ring-uk-43571\/#breadcrumb","itemListElement":[{"@type":"ListItem","position":1,"name":"Home","item":"https:\/\/www.purejewels.com\/"},{"@type":"ListItem","position":2,"name":"Shop","item":"https:\/\/www.purejewels.com\/shop\/"},{"@type":"ListItem","position":3,"name":"Platinum Channel Set Diamond Eternity Ring"}]},{"@type":"WebSite","@id":"https:\/\/www.purejewels.com\/#website","url":"https:\/\/www.purejewels.com\/","name":"PureJewels \u0130ngiltere","description":"Sevgiyi Payla\u015f\u0131n","publisher":{"@id":"https:\/\/www.purejewels.com\/#organization"},"potentialAction":[{"@type":"SearchAction","target":{"@type":"EntryPoint","urlTemplate":"https:\/\/www.purejewels.com\/?s={search_term_string}"},"query-input":{"@type":"PropertyValueSpecification","valueRequired":true,"valueName":"search_term_string"}}],"inLanguage":"tr"},{"@type":"Organization","@id":"https:\/\/www.purejewels.com\/#organization","name":"PureJewels \u0130ngiltere","url":"https:\/\/www.purejewels.com\/","logo":{"@type":"ImageObject","inLanguage":"tr","@id":"https:\/\/www.purejewels.com\/#\/schema\/logo\/image\/","url":"https:\/\/static.purejewels.com\/wp-content\/uploads\/2020\/11\/Logo-PJ-New-1.png","contentUrl":"https:\/\/static.purejewels.com\/wp-content\/uploads\/2020\/11\/Logo-PJ-New-1.png","width":150,"height":80,"caption":"PureJewels UK"},"image":{"@id":"https:\/\/www.purejewels.com\/#\/schema\/logo\/image\/"}}]}},"_links":{"self":[{"href":"https:\/\/www.purejewels.com\/tr\/wp-json\/wp\/v2\/product\/354965","targetHints":{"allow":["GET"]}}],"collection":[{"href":"https:\/\/www.purejewels.com\/tr\/wp-json\/wp\/v2\/product"}],"about":[{"href":"https:\/\/www.purejewels.com\/tr\/wp-json\/wp\/v2\/types\/product"}],"replies":[{"embeddable":true,"href":"https:\/\/www.purejewels.com\/tr\/wp-json\/wp\/v2\/comments?post=354965"}],"version-history":[{"count":3,"href":"https:\/\/www.purejewels.com\/tr\/wp-json\/wp\/v2\/product\/354965\/revisions"}],"predecessor-version":[{"id":422847,"href":"https:\/\/www.purejewels.com\/tr\/wp-json\/wp\/v2\/product\/354965\/revisions\/422847"}],"wp:featuredmedia":[{"embeddable":true,"href":"https:\/\/www.purejewels.com\/tr\/wp-json\/wp\/v2\/media\/388334"}],"wp:attachment":[{"href":"https:\/\/www.purejewels.com\/tr\/wp-json\/wp\/v2\/media?parent=354965"}],"wp:term":[{"taxonomy":"product_brand","embeddable":true,"href":"https:\/\/www.purejewels.com\/tr\/wp-json\/wp\/v2\/product_brand?post=354965"},{"taxonomy":"product_cat","embeddable":true,"href":"https:\/\/www.purejewels.com\/tr\/wp-json\/wp\/v2\/product_cat?post=354965"},{"taxonomy":"product_tag","embeddable":true,"href":"https:\/\/www.purejewels.com\/tr\/wp-json\/wp\/v2\/product_tag?post=354965"}],"curies":[{"name":"wp","href":"https:\/\/api.w.org\/{rel}","templated":true}]}}