{"id":3550,"date":"2017-07-19T13:15:09","date_gmt":"2017-07-19T12:15:09","guid":{"rendered":"http:\/\/new.purejewels.com\/product\/rado-esenza-diamonds-r53092712\/"},"modified":"2022-05-20T14:01:58","modified_gmt":"2022-05-20T13:01:58","slug":"rado-esenza-diamonds-r53092712","status":"publish","type":"product","link":"https:\/\/www.purejewels.com\/tr\/product\/rado-esenza-diamonds-r53092712\/","title":{"rendered":"Rado Esenza Diamonds Bayan Saat"},"content":{"rendered":"<p>Rado Esenza Diamonds Bayan Saat<\/p>","protected":false},"excerpt":{"rendered":"<p>BOYUT: 33.0\u00d742.0<br \/>\n\u00c7ARK Kuvars<br \/>\nKASA &amp; G\u00d6Z: Y\u00fcksek teknoloji seramik, Paslanmaz \u00e7elik<br \/>\nB\u0130LEKL\u0130K: Y\u00fcksek teknoloji seramik<br \/>\nDIAL: I\u015f\u0131k<br \/>\nKR\u0130STAL: Safir kristal<br \/>\nSUYA DAYANIKLILIK: Suya dayan\u0131kl\u0131 3 bar (30 m)<br \/>\nM\u00dcCEVHERLER: 4 elmas, 0.028 karat<br \/>\nPIC-CODE: R53092712<br \/>\nREFERANS NUMARASI: 01.277.0092.3.071<br \/>\nTAVS\u0130YE ED\u0130LEN PERAKENDE F\u0130YATI: 2 215 GBP (KDV Dahil)<\/p>\n<p>Sade \u00e7izgiler, klasik renkler ve m\u00fctevaz\u0131 \u015f\u0131kl\u0131k tarz\u0131n\u0131z\u0131 \u00f6zetliyorsa, Rado Esenza, Diamond Edition'\u0131 seveceksiniz. En saf beyaz rengiyle sessiz ve m\u00fctevaz\u0131d\u0131r ve her \u015feyle uyumludur.  Elbette Rado oldu\u011fu i\u00e7in, ba\u015far\u0131n\u0131n amiral gemisidir.  Y\u00fcksek teknolojili seramikten \u00fcretilen Esenza hipoalerjenik, hafif ve ultra g\u00fc\u00e7l\u00fcd\u00fcr.  \u0130\u00e7inde, zaman\u0131n\u0131z\u0131 g\u00fcvenilir bir \u015fekilde tutmak i\u00e7in \u00fcnl\u00fc \u0130svi\u00e7re mekanizmas\u0131 bulunur.  \u015e\u0131k ama me\u015fgul kad\u0131nlar i\u00e7in Rado Esenza Diamonds kusursuz bir se\u00e7imdir.<\/p>\n<p><strong>Rado Esenza: Y\u00fcksek teknolojili seramikte bir zafer<\/strong><br \/>\nGe\u00e7en y\u00fczy\u0131lda Rado, saat yap\u0131m\u0131nda daha \u00f6nce hi\u00e7 kullan\u0131lmam\u0131\u015f olan y\u00fcksek teknolojili seramik kullan\u0131m\u0131na \u00f6nc\u00fcl\u00fck etti.  Bu, inan\u0131lmaz derecede sa\u011flam ve neredeyse \u00e7izilmez hale getirmek i\u00e7in son derece y\u00fcksek s\u0131cakl\u0131klarda pi\u015firilen bir seramik t\u00fcr\u00fcd\u00fcr.   Ancak ayn\u0131 zamanda \u00e7ok nazik bir malzemedir, bile\u011fe hafif gelir, hipoalerjeniktir ve en \u00fcst d\u00fczeyde konfor i\u00e7in v\u00fccut \u0131s\u0131n\u0131za g\u00f6re ayarlan\u0131r. Rado Esenza neredeyse tamamen saf beyaz renkte y\u00fcksek teknoloji seramikten yap\u0131lm\u0131\u015ft\u0131r ve saat y\u00fcz\u00fcn\u00fc temiz tutmak i\u00e7in safir kristal ile tamamlanm\u0131\u015ft\u0131r.<\/p>\n<p><strong>Rado'nun Londra'daki yetkili sat\u0131c\u0131lar\u0131<\/strong><br \/>\nPureJewels y\u0131llard\u0131r Rado saatlerini stoklamaktad\u0131r ve bir tanesini kendiniz denemek i\u00e7in sizi ma\u011fazam\u0131zda a\u011f\u0131rlamaktan memnuniyet duyacakt\u0131r.  Bu saatler bir yat\u0131r\u0131m\u0131 temsil eder ve m\u00fckemmel de\u011ferde fiyatland\u0131r\u0131ld\u0131klar\u0131na inan\u0131yoruz.  Rado Esenza'ya bak\u0131yorsan\u0131z ve fiyat \u00f6nemli bir konuysa, l\u00fctfen Canl\u0131 Sohbet'i kullanarak bizimle ileti\u015fime ge\u00e7in.  Yakla\u015fan Rado indirimleri veya alternatifleri hakk\u0131nda size tavsiyelerde bulunabiliriz.<\/p>\n<p>&nbsp;<\/p>","protected":false},"featured_media":297697,"comment_status":"closed","ping_status":"closed","template":"","meta":{"_eb_attr":"","_crsspst_to_jayantr4sg-hostcom":false},"product_brand":[],"product_cat":[1559,1788,1207,1574],"product_tag":[],"class_list":{"0":"post-3550","1":"product","2":"type-product","3":"status-publish","4":"has-post-thumbnail","6":"product_cat-birthday-gifts","7":"product_cat-ladies-watches","8":"product_cat-watches","9":"product_cat-womens-jewellery","11":"first","12":"outofstock","13":"sale","14":"taxable","15":"shipping-taxable","16":"product-type-simple","17":"add-to-wishlist-before_image"},"yoast_head":"<!-- This site is optimized with the Yoast SEO plugin v27.5 - https:\/\/yoast.com\/product\/yoast-seo-wordpress\/ -->\n<title>Rado Esenza Diamonds R53092712 - PureJewels.com<\/title>\n<meta name=\"robots\" content=\"noindex, follow\" \/>\n<meta property=\"og:locale\" content=\"tr_TR\" \/>\n<meta property=\"og:type\" content=\"article\" \/>\n<meta property=\"og:title\" content=\"Rado Esenza Diamonds R53092712 - PureJewels.com\" \/>\n<meta property=\"og:description\" content=\"SIZE: 33.0x42.0 MOVEMENT: Quartz CASE &amp; BEZEL: High-tech ceramic, Stainless steel BRACELET: High-tech ceramic DIAL: Light CRYSTAL: Sapphire crystal WATER RESISTANCE: Water-resistant 3 bar (30 m) JEWELS: 4 diamonds, 0.028 carat PIC-CODE: R53092712 REFERENCE NUMBER: 01.277.0092.3.071 RECOMMENDED RETAIL PRICE: 2 215\u00a0GBP (VAT Incl.)  If simple lines, classic colours, and unassuming elegance epitomise your style, then you\u2019ll love the Rado Esenza, Diamond edition. In purest white it\u2019s quiet and modest, and will coordinate with anything.\u00a0 Being Rado, of course, it\u2019s a flagship of achievement.\u00a0 Crafted from high-tech ceramic, the Esenza is hypoallergenic, lightweight and ultra-strong.\u00a0 Inside is the renowned Swiss movement to dependably keep your time.\u00a0 For the chic, but busy, woman, the Rado Esenza Diamonds is a faultless choice.  The Rado Esenza: a triumph in high-tech ceramic In the last century Rado pioneered the use of high-tech ceramic, which had never before been used in watchmaking.\u00a0 It is a type of ceramic which is fired at extremely high temperatures to render it incredibly robust and virtually scratchproof.\u00a0\u00a0 But it\u2019s also a very gentle material, light on the wrist and hypoallergenic, and adjusts to your body temp for ultimate comfort. The Rado Esenza is almost entirely made from high-tech ceramic in pure white, and finished with sapphire crystal to keep the watch face neat.  Authorised London stockists of Rado PureJewels has been stocking Rado watches for decades and will be pleased to welcome you in store to try one on for yourself.\u00a0 These watches represent an investment and we believe they\u2019re priced at excellent value.\u00a0 If you\u2019re looking at the Rado Esenza and price is a key concern then please contact us using Live Chat.\u00a0 We can advise you about upcoming Rado sales or alternatives.  &nbsp;\" \/>\n<meta property=\"og:url\" content=\"https:\/\/www.purejewels.com\/tr\/urun\/rado-esenza-diamonds-r53092712\/\" \/>\n<meta property=\"og:site_name\" content=\"PureJewels UK\" \/>\n<meta property=\"article:modified_time\" content=\"2022-05-20T13:01:58+00:00\" \/>\n<meta property=\"og:image\" content=\"https:\/\/www.purejewels.com\/wp-content\/uploads\/2017\/12\/R53092712.png\" \/>\n\t<meta property=\"og:image:width\" content=\"1000\" \/>\n\t<meta property=\"og:image:height\" content=\"1000\" \/>\n\t<meta property=\"og:image:type\" content=\"image\/png\" \/>\n<meta name=\"twitter:card\" content=\"summary_large_image\" \/>\n<meta name=\"twitter:label1\" content=\"Tahmini okuma s\u00fcresi\" \/>\n\t<meta name=\"twitter:data1\" content=\"1 dakika\" \/>\n<script type=\"application\/ld+json\" class=\"yoast-schema-graph\">{\"@context\":\"https:\\\/\\\/schema.org\",\"@graph\":[{\"@type\":[\"WebPage\",\"ItemPage\"],\"@id\":\"https:\\\/\\\/www.purejewels.com\\\/product\\\/rado-esenza-diamonds-r53092712\\\/\",\"url\":\"https:\\\/\\\/www.purejewels.com\\\/product\\\/rado-esenza-diamonds-r53092712\\\/\",\"name\":\"Rado Esenza Diamonds R53092712 - PureJewels.com\",\"isPartOf\":{\"@id\":\"https:\\\/\\\/www.purejewels.com\\\/#website\"},\"primaryImageOfPage\":{\"@id\":\"https:\\\/\\\/www.purejewels.com\\\/product\\\/rado-esenza-diamonds-r53092712\\\/#primaryimage\"},\"image\":{\"@id\":\"https:\\\/\\\/www.purejewels.com\\\/product\\\/rado-esenza-diamonds-r53092712\\\/#primaryimage\"},\"thumbnailUrl\":\"https:\\\/\\\/static.purejewels.com\\\/wp-content\\\/uploads\\\/2017\\\/12\\\/R53092712.png\",\"datePublished\":\"2017-07-19T12:15:09+00:00\",\"dateModified\":\"2022-05-20T13:01:58+00:00\",\"breadcrumb\":{\"@id\":\"https:\\\/\\\/www.purejewels.com\\\/product\\\/rado-esenza-diamonds-r53092712\\\/#breadcrumb\"},\"inLanguage\":\"tr\",\"potentialAction\":[{\"@type\":\"ReadAction\",\"target\":[\"https:\\\/\\\/www.purejewels.com\\\/product\\\/rado-esenza-diamonds-r53092712\\\/\"]}]},{\"@type\":\"ImageObject\",\"inLanguage\":\"tr\",\"@id\":\"https:\\\/\\\/www.purejewels.com\\\/product\\\/rado-esenza-diamonds-r53092712\\\/#primaryimage\",\"url\":\"https:\\\/\\\/static.purejewels.com\\\/wp-content\\\/uploads\\\/2017\\\/12\\\/R53092712.png\",\"contentUrl\":\"https:\\\/\\\/static.purejewels.com\\\/wp-content\\\/uploads\\\/2017\\\/12\\\/R53092712.png\",\"width\":1000,\"height\":1000,\"caption\":\"R53092712\"},{\"@type\":\"BreadcrumbList\",\"@id\":\"https:\\\/\\\/www.purejewels.com\\\/product\\\/rado-esenza-diamonds-r53092712\\\/#breadcrumb\",\"itemListElement\":[{\"@type\":\"ListItem\",\"position\":1,\"name\":\"Home\",\"item\":\"https:\\\/\\\/www.purejewels.com\\\/\"},{\"@type\":\"ListItem\",\"position\":2,\"name\":\"Shop\",\"item\":\"https:\\\/\\\/www.purejewels.com\\\/shop\\\/\"},{\"@type\":\"ListItem\",\"position\":3,\"name\":\"Rado Esenza Diamonds Ladies Watch\"}]},{\"@type\":\"WebSite\",\"@id\":\"https:\\\/\\\/www.purejewels.com\\\/#website\",\"url\":\"https:\\\/\\\/www.purejewels.com\\\/\",\"name\":\"PureJewels UK\",\"description\":\"Share the Love\",\"publisher\":{\"@id\":\"https:\\\/\\\/www.purejewels.com\\\/#organization\"},\"potentialAction\":[{\"@type\":\"SearchAction\",\"target\":{\"@type\":\"EntryPoint\",\"urlTemplate\":\"https:\\\/\\\/www.purejewels.com\\\/?s={search_term_string}\"},\"query-input\":{\"@type\":\"PropertyValueSpecification\",\"valueRequired\":true,\"valueName\":\"search_term_string\"}}],\"inLanguage\":\"tr\"},{\"@type\":\"Organization\",\"@id\":\"https:\\\/\\\/www.purejewels.com\\\/#organization\",\"name\":\"PureJewels UK\",\"url\":\"https:\\\/\\\/www.purejewels.com\\\/\",\"logo\":{\"@type\":\"ImageObject\",\"inLanguage\":\"tr\",\"@id\":\"https:\\\/\\\/www.purejewels.com\\\/#\\\/schema\\\/logo\\\/image\\\/\",\"url\":\"https:\\\/\\\/static.purejewels.com\\\/wp-content\\\/uploads\\\/2020\\\/11\\\/Logo-PJ-New-1.png\",\"contentUrl\":\"https:\\\/\\\/static.purejewels.com\\\/wp-content\\\/uploads\\\/2020\\\/11\\\/Logo-PJ-New-1.png\",\"width\":150,\"height\":80,\"caption\":\"PureJewels UK\"},\"image\":{\"@id\":\"https:\\\/\\\/www.purejewels.com\\\/#\\\/schema\\\/logo\\\/image\\\/\"}}]}<\/script>\n<!-- \/ Yoast SEO plugin. -->","yoast_head_json":{"title":"Rado Esenza P\u0131rlanta R53092712 - PureJewels.com","robots":{"index":"noindex","follow":"follow"},"og_locale":"tr_TR","og_type":"article","og_title":"Rado Esenza Diamonds R53092712 - PureJewels.com","og_description":"SIZE: 33.0x42.0 MOVEMENT: Quartz CASE &amp; BEZEL: High-tech ceramic, Stainless steel BRACELET: High-tech ceramic DIAL: Light CRYSTAL: Sapphire crystal WATER RESISTANCE: Water-resistant 3 bar (30 m) JEWELS: 4 diamonds, 0.028 carat PIC-CODE: R53092712 REFERENCE NUMBER: 01.277.0092.3.071 RECOMMENDED RETAIL PRICE: 2 215\u00a0GBP (VAT Incl.)  If simple lines, classic colours, and unassuming elegance epitomise your style, then you\u2019ll love the Rado Esenza, Diamond edition. In purest white it\u2019s quiet and modest, and will coordinate with anything.\u00a0 Being Rado, of course, it\u2019s a flagship of achievement.\u00a0 Crafted from high-tech ceramic, the Esenza is hypoallergenic, lightweight and ultra-strong.\u00a0 Inside is the renowned Swiss movement to dependably keep your time.\u00a0 For the chic, but busy, woman, the Rado Esenza Diamonds is a faultless choice.  The Rado Esenza: a triumph in high-tech ceramic In the last century Rado pioneered the use of high-tech ceramic, which had never before been used in watchmaking.\u00a0 It is a type of ceramic which is fired at extremely high temperatures to render it incredibly robust and virtually scratchproof.\u00a0\u00a0 But it\u2019s also a very gentle material, light on the wrist and hypoallergenic, and adjusts to your body temp for ultimate comfort. The Rado Esenza is almost entirely made from high-tech ceramic in pure white, and finished with sapphire crystal to keep the watch face neat.  Authorised London stockists of Rado PureJewels has been stocking Rado watches for decades and will be pleased to welcome you in store to try one on for yourself.\u00a0 These watches represent an investment and we believe they\u2019re priced at excellent value.\u00a0 If you\u2019re looking at the Rado Esenza and price is a key concern then please contact us using Live Chat.\u00a0 We can advise you about upcoming Rado sales or alternatives.  &nbsp;","og_url":"https:\/\/www.purejewels.com\/tr\/urun\/rado-esenza-diamonds-r53092712\/","og_site_name":"PureJewels UK","article_modified_time":"2022-05-20T13:01:58+00:00","og_image":[{"width":1000,"height":1000,"url":"https:\/\/www.purejewels.com\/wp-content\/uploads\/2017\/12\/R53092712.png","type":"image\/png"}],"twitter_card":"summary_large_image","twitter_misc":{"Tahmini okuma s\u00fcresi":"1 dakika"},"schema":{"@context":"https:\/\/schema.org","@graph":[{"@type":["WebPage","ItemPage"],"@id":"https:\/\/www.purejewels.com\/product\/rado-esenza-diamonds-r53092712\/","url":"https:\/\/www.purejewels.com\/product\/rado-esenza-diamonds-r53092712\/","name":"Rado Esenza P\u0131rlanta R53092712 - PureJewels.com","isPartOf":{"@id":"https:\/\/www.purejewels.com\/#website"},"primaryImageOfPage":{"@id":"https:\/\/www.purejewels.com\/product\/rado-esenza-diamonds-r53092712\/#primaryimage"},"image":{"@id":"https:\/\/www.purejewels.com\/product\/rado-esenza-diamonds-r53092712\/#primaryimage"},"thumbnailUrl":"https:\/\/static.purejewels.com\/wp-content\/uploads\/2017\/12\/R53092712.png","datePublished":"2017-07-19T12:15:09+00:00","dateModified":"2022-05-20T13:01:58+00:00","breadcrumb":{"@id":"https:\/\/www.purejewels.com\/product\/rado-esenza-diamonds-r53092712\/#breadcrumb"},"inLanguage":"tr","potentialAction":[{"@type":"ReadAction","target":["https:\/\/www.purejewels.com\/product\/rado-esenza-diamonds-r53092712\/"]}]},{"@type":"ImageObject","inLanguage":"tr","@id":"https:\/\/www.purejewels.com\/product\/rado-esenza-diamonds-r53092712\/#primaryimage","url":"https:\/\/static.purejewels.com\/wp-content\/uploads\/2017\/12\/R53092712.png","contentUrl":"https:\/\/static.purejewels.com\/wp-content\/uploads\/2017\/12\/R53092712.png","width":1000,"height":1000,"caption":"R53092712"},{"@type":"BreadcrumbList","@id":"https:\/\/www.purejewels.com\/product\/rado-esenza-diamonds-r53092712\/#breadcrumb","itemListElement":[{"@type":"ListItem","position":1,"name":"Home","item":"https:\/\/www.purejewels.com\/"},{"@type":"ListItem","position":2,"name":"Shop","item":"https:\/\/www.purejewels.com\/shop\/"},{"@type":"ListItem","position":3,"name":"Rado Esenza Diamonds Ladies Watch"}]},{"@type":"WebSite","@id":"https:\/\/www.purejewels.com\/#website","url":"https:\/\/www.purejewels.com\/","name":"PureJewels \u0130ngiltere","description":"Sevgiyi Payla\u015f\u0131n","publisher":{"@id":"https:\/\/www.purejewels.com\/#organization"},"potentialAction":[{"@type":"SearchAction","target":{"@type":"EntryPoint","urlTemplate":"https:\/\/www.purejewels.com\/?s={search_term_string}"},"query-input":{"@type":"PropertyValueSpecification","valueRequired":true,"valueName":"search_term_string"}}],"inLanguage":"tr"},{"@type":"Organization","@id":"https:\/\/www.purejewels.com\/#organization","name":"PureJewels \u0130ngiltere","url":"https:\/\/www.purejewels.com\/","logo":{"@type":"ImageObject","inLanguage":"tr","@id":"https:\/\/www.purejewels.com\/#\/schema\/logo\/image\/","url":"https:\/\/static.purejewels.com\/wp-content\/uploads\/2020\/11\/Logo-PJ-New-1.png","contentUrl":"https:\/\/static.purejewels.com\/wp-content\/uploads\/2020\/11\/Logo-PJ-New-1.png","width":150,"height":80,"caption":"PureJewels UK"},"image":{"@id":"https:\/\/www.purejewels.com\/#\/schema\/logo\/image\/"}}]}},"_links":{"self":[{"href":"https:\/\/www.purejewels.com\/tr\/wp-json\/wp\/v2\/product\/3550","targetHints":{"allow":["GET"]}}],"collection":[{"href":"https:\/\/www.purejewels.com\/tr\/wp-json\/wp\/v2\/product"}],"about":[{"href":"https:\/\/www.purejewels.com\/tr\/wp-json\/wp\/v2\/types\/product"}],"replies":[{"embeddable":true,"href":"https:\/\/www.purejewels.com\/tr\/wp-json\/wp\/v2\/comments?post=3550"}],"version-history":[{"count":0,"href":"https:\/\/www.purejewels.com\/tr\/wp-json\/wp\/v2\/product\/3550\/revisions"}],"wp:featuredmedia":[{"embeddable":true,"href":"https:\/\/www.purejewels.com\/tr\/wp-json\/wp\/v2\/media\/297697"}],"wp:attachment":[{"href":"https:\/\/www.purejewels.com\/tr\/wp-json\/wp\/v2\/media?parent=3550"}],"wp:term":[{"taxonomy":"product_brand","embeddable":true,"href":"https:\/\/www.purejewels.com\/tr\/wp-json\/wp\/v2\/product_brand?post=3550"},{"taxonomy":"product_cat","embeddable":true,"href":"https:\/\/www.purejewels.com\/tr\/wp-json\/wp\/v2\/product_cat?post=3550"},{"taxonomy":"product_tag","embeddable":true,"href":"https:\/\/www.purejewels.com\/tr\/wp-json\/wp\/v2\/product_tag?post=3550"}],"curies":[{"name":"wp","href":"https:\/\/api.w.org\/{rel}","templated":true}]}}