{"id":355346,"date":"2025-05-11T02:52:24","date_gmt":"2025-05-11T01:52:24","guid":{"rendered":"https:\/\/www.purejewels.com\/?post_type=product&#038;p=355346"},"modified":"2026-01-30T07:02:12","modified_gmt":"2026-01-30T07:02:12","slug":"antik-kaplamali-22-ayar-altin-disli-kupe-47377","status":"publish","type":"product","link":"https:\/\/www.purejewels.com\/tr\/product\/22ct-gold-threader-earring-with-antique-finish-47377\/","title":{"rendered":"Antik Kaplama ile 22 Ayar Alt\u0131n \u0130plik K\u00fcpe"},"content":{"rendered":"<p data-start=\"404\" data-end=\"790\"><strong data-start=\"404\" data-end=\"422\">Tasar\u0131m Konsepti<\/strong><br data-start=\"422\" data-end=\"425\" \/>Miras esteti\u011finden esinlenerek \u00e7a\u011fda\u015f bir dokunu\u015fla tasarlanan 22 Ayar Alt\u0131n \u0130plik K\u00fcpelerimiz sessiz l\u00fcks\u00fc ve zarif g\u00fczelli\u011fi temsil ediyor. Uzat\u0131lm\u0131\u015f iplik silueti ak\u0131c\u0131 ve zarif bir hareket sunarken, antika kaplama vintage bir cazibe katarak bu k\u00fcpeleri gelene\u011fe ve zarafete ayn\u0131 \u00f6l\u00e7\u00fcde de\u011fer veren kad\u0131nlar i\u00e7in e\u015fsiz bir ifade haline getiriyor.<\/p>\n<p data-start=\"792\" data-end=\"1268\"><strong data-start=\"792\" data-end=\"809\"><a href=\"https:\/\/www.purejewels.com\/tr\/a-guide-to-die-stamping\/\">Zanaatkarl\u0131k<\/a><\/strong><br data-start=\"809\" data-end=\"812\" \/>Y\u00fcksek kaliteli 22 ayar alt\u0131ndan ustal\u0131kla el i\u015f\u00e7ili\u011fiyle \u00fcretilen bu k\u00fcpeler hem narin hem de dayan\u0131kl\u0131d\u0131r. Sadece 5,2 gram a\u011f\u0131rl\u0131\u011f\u0131nda ve 2,5 in\u00e7 uzunlu\u011funda olan bu k\u00fcpeler, hafif konfor ve g\u00fcn boyu kullan\u0131m i\u00e7in tasarlanm\u0131\u015ft\u0131r. Karma\u015f\u0131k detaylar ve antika cila, gelene\u011fi modern incelikle harmanlayan usta zanaatk\u00e2rlar\u0131n becerisini yans\u0131tmaktad\u0131r. PureJewels imzal\u0131 sunum kutusunda sunulan her bir \u00e7ift, hediye edilmeye veya saklanmaya haz\u0131rd\u0131r.<\/p>\n<p data-start=\"1270\" data-end=\"1624\"><strong data-start=\"1270\" data-end=\"1287\">Stil Fikirleri<\/strong><br data-start=\"1287\" data-end=\"1290\" \/>\u00d6zel g\u00fcnler veya g\u00fcnl\u00fck kullan\u0131m i\u00e7in m\u00fckemmel olan bu k\u00fcpeler, ipek sariler, \u015fifon bluzlar ve hatta minimal keten elbiseler gibi hem Hint hem de Bat\u0131 k\u0131yafetleriyle g\u00fczel bir uyum sa\u011flar. \u0130nce profilleri ve vintage alt\u0131n kaplamalar\u0131 gelin g\u00f6r\u00fcn\u00fcmlerine, bayram kutlamalar\u0131na veya romantik ak\u015famlara abart\u0131s\u0131z bir cazibe katar.<\/p>","protected":false},"excerpt":{"rendered":"<div class=\"woocommerce-product-details__short-description\">\n<table class=\"sh_desc\" style=\"width: 100%; height: 252px;\">\n<tbody>\n<tr style=\"height: 28px;\">\n<td style=\"height: 28px;\">K\u00fcpe T\u00fcr\u00fc<\/td>\n<td style=\"height: 28px;\">Damla K\u00fcpe<\/td>\n<\/tr>\n<tr style=\"height: 28px;\">\n<td style=\"height: 28px;\">SKU<\/td>\n<td style=\"height: 28px;\">47377<\/td>\n<\/tr>\n<tr style=\"height: 28px;\">\n<td style=\"height: 28px;\">A\u011f\u0131rl\u0131k<\/td>\n<td style=\"height: 28px;\">5.2 Gms<\/td>\n<\/tr>\n<tr style=\"height: 28px;\">\n<td style=\"height: 28px;\">Biti\u015f<\/td>\n<td style=\"height: 28px;\">Antik kaplama<\/td>\n<\/tr>\n<tr style=\"height: 28px;\">\n<td style=\"height: 28px;\">Metal<\/td>\n<td style=\"height: 28px;\">22 Ayar Alt\u0131n<\/td>\n<\/tr>\n<tr style=\"height: 28px;\">\n<td style=\"height: 28px;\">Uzunluk<\/td>\n<td style=\"height: 28px;\">2,5 \u0130n\u00e7<\/td>\n<\/tr>\n<tr style=\"height: 28px;\">\n<td style=\"height: 28px;\">\u00dccretler<\/td>\n<td style=\"height: 28px;\">Teslimat ve KDV Dahil<\/td>\n<\/tr>\n<tr style=\"height: 28px;\">\n<td style=\"height: 28px;\">Paketleme<\/td>\n<td style=\"height: 28px;\">Sunum Kutusu ile Birlikte Gelir<\/td>\n<\/tr>\n<tr style=\"height: 28px;\">\n<td style=\"height: 28px;\">Daha Fazla Bilgi<\/td>\n<td style=\"height: 28px;\">M\u00fcsaitlik durumu ve daha fazla resim i\u00e7in bizimle canl\u0131 sohbet edin<\/td>\n<\/tr>\n<\/tbody>\n<\/table>\n<\/div>\n<div class=\"btn-atc atc-slide\"><\/div>\n<div class=\"product_meta\"><\/div>","protected":false},"featured_media":355349,"comment_status":"closed","ping_status":"closed","template":"","meta":{"_eb_attr":"","_crsspst_to_jayantr4sg-hostcom":false},"product_brand":[],"product_cat":[1791,245,6144,5639,1559,1685,5701,1790,1254,5671,1573,1574,5349],"product_tag":[66],"class_list":{"0":"post-355346","1":"product","2":"type-product","3":"status-publish","4":"has-post-thumbnail","6":"product_cat-anniversary-gifts","7":"product_cat-armari-collections","8":"product_cat-armari-drop-earrings","9":"product_cat-armari-earring","10":"product_cat-birthday-gifts","11":"product_cat-drop-earrings","12":"product_cat-eid-jewellery","13":"product_cat-for-whom-when","14":"product_cat-gold-earrings","15":"product_cat-sui-dhaga-earrings","16":"product_cat-wedding-gifts","17":"product_cat-womens-jewellery","18":"product_cat-yellow-gold-jewellery","19":"product_tag-earrings","21":"first","22":"instock","23":"taxable","24":"shipping-taxable","25":"purchasable","26":"product-type-simple","27":"add-to-wishlist-before_image"},"yoast_head":"<!-- This site is optimized with the Yoast SEO plugin v27.5 - https:\/\/yoast.com\/product\/yoast-seo-wordpress\/ -->\n<title>22ct Gold Threader Earring with Antique Finish | PureJewels UK<\/title>\n<meta name=\"description\" content=\"Timeless elegance meets modern style. Our 22ct Gold Threader Earrings with an antique finish are a must-have for your jewelry box. Shop now!\" \/>\n<meta name=\"robots\" content=\"index, follow, max-snippet:-1, max-image-preview:large, max-video-preview:-1\" \/>\n<link rel=\"canonical\" href=\"https:\/\/www.purejewels.com\/tr\/urun\/antik-kaplamali-22-ayar-altin-disli-kupe-47377\/\" \/>\n<meta property=\"og:locale\" content=\"tr_TR\" \/>\n<meta property=\"og:type\" content=\"article\" \/>\n<meta property=\"og:title\" content=\"22ct Gold Threader Earring with Antique Finish | PureJewels UK\" \/>\n<meta property=\"og:description\" content=\"Timeless elegance meets modern style. Our 22ct Gold Threader Earrings with an antique finish are a must-have for your jewelry box. Shop now!\" \/>\n<meta property=\"og:url\" content=\"https:\/\/www.purejewels.com\/tr\/urun\/antik-kaplamali-22-ayar-altin-disli-kupe-47377\/\" \/>\n<meta property=\"og:site_name\" content=\"PureJewels UK\" \/>\n<meta property=\"article:modified_time\" content=\"2026-01-30T07:02:12+00:00\" \/>\n<meta property=\"og:image\" content=\"https:\/\/static.purejewels.com\/wp-content\/uploads\/2023\/12\/47377.jpg\" \/>\n\t<meta property=\"og:image:width\" content=\"1000\" \/>\n\t<meta property=\"og:image:height\" content=\"1000\" \/>\n\t<meta property=\"og:image:type\" content=\"image\/jpeg\" \/>\n<meta name=\"twitter:card\" content=\"summary_large_image\" \/>\n<meta name=\"twitter:label1\" content=\"Tahmini okuma s\u00fcresi\" \/>\n\t<meta name=\"twitter:data1\" content=\"1 dakika\" \/>\n<script type=\"application\/ld+json\" class=\"yoast-schema-graph\">{\"@context\":\"https:\\\/\\\/schema.org\",\"@graph\":[{\"@type\":[\"WebPage\",\"ItemPage\"],\"@id\":\"https:\\\/\\\/www.purejewels.com\\\/product\\\/22ct-gold-threader-earring-with-antique-finish-47377\\\/\",\"url\":\"https:\\\/\\\/www.purejewels.com\\\/product\\\/22ct-gold-threader-earring-with-antique-finish-47377\\\/\",\"name\":\"22ct Gold Threader Earring with Antique Finish | PureJewels UK\",\"isPartOf\":{\"@id\":\"https:\\\/\\\/www.purejewels.com\\\/#website\"},\"primaryImageOfPage\":{\"@id\":\"https:\\\/\\\/www.purejewels.com\\\/product\\\/22ct-gold-threader-earring-with-antique-finish-47377\\\/#primaryimage\"},\"image\":{\"@id\":\"https:\\\/\\\/www.purejewels.com\\\/product\\\/22ct-gold-threader-earring-with-antique-finish-47377\\\/#primaryimage\"},\"thumbnailUrl\":\"https:\\\/\\\/static.purejewels.com\\\/wp-content\\\/uploads\\\/2023\\\/12\\\/47377.jpg\",\"datePublished\":\"2025-05-11T01:52:24+00:00\",\"dateModified\":\"2026-01-30T07:02:12+00:00\",\"description\":\"Timeless elegance meets modern style. Our 22ct Gold Threader Earrings with an antique finish are a must-have for your jewelry box. Shop now!\",\"breadcrumb\":{\"@id\":\"https:\\\/\\\/www.purejewels.com\\\/product\\\/22ct-gold-threader-earring-with-antique-finish-47377\\\/#breadcrumb\"},\"inLanguage\":\"tr\",\"potentialAction\":[{\"@type\":\"ReadAction\",\"target\":[\"https:\\\/\\\/www.purejewels.com\\\/product\\\/22ct-gold-threader-earring-with-antique-finish-47377\\\/\"]}]},{\"@type\":\"ImageObject\",\"inLanguage\":\"tr\",\"@id\":\"https:\\\/\\\/www.purejewels.com\\\/product\\\/22ct-gold-threader-earring-with-antique-finish-47377\\\/#primaryimage\",\"url\":\"https:\\\/\\\/static.purejewels.com\\\/wp-content\\\/uploads\\\/2023\\\/12\\\/47377.jpg\",\"contentUrl\":\"https:\\\/\\\/static.purejewels.com\\\/wp-content\\\/uploads\\\/2023\\\/12\\\/47377.jpg\",\"width\":1000,\"height\":1000,\"caption\":\"22ct Gold Earring\"},{\"@type\":\"BreadcrumbList\",\"@id\":\"https:\\\/\\\/www.purejewels.com\\\/product\\\/22ct-gold-threader-earring-with-antique-finish-47377\\\/#breadcrumb\",\"itemListElement\":[{\"@type\":\"ListItem\",\"position\":1,\"name\":\"Home\",\"item\":\"https:\\\/\\\/www.purejewels.com\\\/\"},{\"@type\":\"ListItem\",\"position\":2,\"name\":\"Shop\",\"item\":\"https:\\\/\\\/www.purejewels.com\\\/shop\\\/\"},{\"@type\":\"ListItem\",\"position\":3,\"name\":\"22ct Gold Threader Earring with Antique Finish\"}]},{\"@type\":\"WebSite\",\"@id\":\"https:\\\/\\\/www.purejewels.com\\\/#website\",\"url\":\"https:\\\/\\\/www.purejewels.com\\\/\",\"name\":\"PureJewels UK\",\"description\":\"Share the Love\",\"publisher\":{\"@id\":\"https:\\\/\\\/www.purejewels.com\\\/#organization\"},\"potentialAction\":[{\"@type\":\"SearchAction\",\"target\":{\"@type\":\"EntryPoint\",\"urlTemplate\":\"https:\\\/\\\/www.purejewels.com\\\/?s={search_term_string}\"},\"query-input\":{\"@type\":\"PropertyValueSpecification\",\"valueRequired\":true,\"valueName\":\"search_term_string\"}}],\"inLanguage\":\"tr\"},{\"@type\":\"Organization\",\"@id\":\"https:\\\/\\\/www.purejewels.com\\\/#organization\",\"name\":\"PureJewels UK\",\"url\":\"https:\\\/\\\/www.purejewels.com\\\/\",\"logo\":{\"@type\":\"ImageObject\",\"inLanguage\":\"tr\",\"@id\":\"https:\\\/\\\/www.purejewels.com\\\/#\\\/schema\\\/logo\\\/image\\\/\",\"url\":\"https:\\\/\\\/static.purejewels.com\\\/wp-content\\\/uploads\\\/2020\\\/11\\\/Logo-PJ-New-1.png\",\"contentUrl\":\"https:\\\/\\\/static.purejewels.com\\\/wp-content\\\/uploads\\\/2020\\\/11\\\/Logo-PJ-New-1.png\",\"width\":150,\"height\":80,\"caption\":\"PureJewels UK\"},\"image\":{\"@id\":\"https:\\\/\\\/www.purejewels.com\\\/#\\\/schema\\\/logo\\\/image\\\/\"}}]}<\/script>\n<!-- \/ Yoast SEO plugin. -->","yoast_head_json":{"title":"Antik Kaplamal\u0131 22 Ayar Alt\u0131n \u0130plik K\u00fcpe | PureJewels UK","description":"Zamans\u0131z zarafet modern tarzla bulu\u015fuyor. Antik kaplamal\u0131 22 Ayar Alt\u0131n \u0130plik K\u00fcpelerimiz m\u00fccevher kutunuzun olmazsa olmaz\u0131d\u0131r. \u015eimdi al\u0131\u015fveri\u015f yap\u0131n!","robots":{"index":"index","follow":"follow","max-snippet":"max-snippet:-1","max-image-preview":"max-image-preview:large","max-video-preview":"max-video-preview:-1"},"canonical":"https:\/\/www.purejewels.com\/tr\/urun\/antik-kaplamali-22-ayar-altin-disli-kupe-47377\/","og_locale":"tr_TR","og_type":"article","og_title":"22ct Gold Threader Earring with Antique Finish | PureJewels UK","og_description":"Timeless elegance meets modern style. Our 22ct Gold Threader Earrings with an antique finish are a must-have for your jewelry box. Shop now!","og_url":"https:\/\/www.purejewels.com\/tr\/urun\/antik-kaplamali-22-ayar-altin-disli-kupe-47377\/","og_site_name":"PureJewels UK","article_modified_time":"2026-01-30T07:02:12+00:00","og_image":[{"width":1000,"height":1000,"url":"https:\/\/static.purejewels.com\/wp-content\/uploads\/2023\/12\/47377.jpg","type":"image\/jpeg"}],"twitter_card":"summary_large_image","twitter_misc":{"Tahmini okuma s\u00fcresi":"1 dakika"},"schema":{"@context":"https:\/\/schema.org","@graph":[{"@type":["WebPage","ItemPage"],"@id":"https:\/\/www.purejewels.com\/product\/22ct-gold-threader-earring-with-antique-finish-47377\/","url":"https:\/\/www.purejewels.com\/product\/22ct-gold-threader-earring-with-antique-finish-47377\/","name":"Antik Kaplamal\u0131 22 Ayar Alt\u0131n \u0130plik K\u00fcpe | PureJewels UK","isPartOf":{"@id":"https:\/\/www.purejewels.com\/#website"},"primaryImageOfPage":{"@id":"https:\/\/www.purejewels.com\/product\/22ct-gold-threader-earring-with-antique-finish-47377\/#primaryimage"},"image":{"@id":"https:\/\/www.purejewels.com\/product\/22ct-gold-threader-earring-with-antique-finish-47377\/#primaryimage"},"thumbnailUrl":"https:\/\/static.purejewels.com\/wp-content\/uploads\/2023\/12\/47377.jpg","datePublished":"2025-05-11T01:52:24+00:00","dateModified":"2026-01-30T07:02:12+00:00","description":"Zamans\u0131z zarafet modern tarzla bulu\u015fuyor. Antik kaplamal\u0131 22 Ayar Alt\u0131n \u0130plik K\u00fcpelerimiz m\u00fccevher kutunuzun olmazsa olmaz\u0131d\u0131r. \u015eimdi al\u0131\u015fveri\u015f yap\u0131n!","breadcrumb":{"@id":"https:\/\/www.purejewels.com\/product\/22ct-gold-threader-earring-with-antique-finish-47377\/#breadcrumb"},"inLanguage":"tr","potentialAction":[{"@type":"ReadAction","target":["https:\/\/www.purejewels.com\/product\/22ct-gold-threader-earring-with-antique-finish-47377\/"]}]},{"@type":"ImageObject","inLanguage":"tr","@id":"https:\/\/www.purejewels.com\/product\/22ct-gold-threader-earring-with-antique-finish-47377\/#primaryimage","url":"https:\/\/static.purejewels.com\/wp-content\/uploads\/2023\/12\/47377.jpg","contentUrl":"https:\/\/static.purejewels.com\/wp-content\/uploads\/2023\/12\/47377.jpg","width":1000,"height":1000,"caption":"22ct Gold Earring"},{"@type":"BreadcrumbList","@id":"https:\/\/www.purejewels.com\/product\/22ct-gold-threader-earring-with-antique-finish-47377\/#breadcrumb","itemListElement":[{"@type":"ListItem","position":1,"name":"Home","item":"https:\/\/www.purejewels.com\/"},{"@type":"ListItem","position":2,"name":"Shop","item":"https:\/\/www.purejewels.com\/shop\/"},{"@type":"ListItem","position":3,"name":"22ct Gold Threader Earring with Antique Finish"}]},{"@type":"WebSite","@id":"https:\/\/www.purejewels.com\/#website","url":"https:\/\/www.purejewels.com\/","name":"PureJewels \u0130ngiltere","description":"Sevgiyi Payla\u015f\u0131n","publisher":{"@id":"https:\/\/www.purejewels.com\/#organization"},"potentialAction":[{"@type":"SearchAction","target":{"@type":"EntryPoint","urlTemplate":"https:\/\/www.purejewels.com\/?s={search_term_string}"},"query-input":{"@type":"PropertyValueSpecification","valueRequired":true,"valueName":"search_term_string"}}],"inLanguage":"tr"},{"@type":"Organization","@id":"https:\/\/www.purejewels.com\/#organization","name":"PureJewels \u0130ngiltere","url":"https:\/\/www.purejewels.com\/","logo":{"@type":"ImageObject","inLanguage":"tr","@id":"https:\/\/www.purejewels.com\/#\/schema\/logo\/image\/","url":"https:\/\/static.purejewels.com\/wp-content\/uploads\/2020\/11\/Logo-PJ-New-1.png","contentUrl":"https:\/\/static.purejewels.com\/wp-content\/uploads\/2020\/11\/Logo-PJ-New-1.png","width":150,"height":80,"caption":"PureJewels UK"},"image":{"@id":"https:\/\/www.purejewels.com\/#\/schema\/logo\/image\/"}}]}},"_links":{"self":[{"href":"https:\/\/www.purejewels.com\/tr\/wp-json\/wp\/v2\/product\/355346","targetHints":{"allow":["GET"]}}],"collection":[{"href":"https:\/\/www.purejewels.com\/tr\/wp-json\/wp\/v2\/product"}],"about":[{"href":"https:\/\/www.purejewels.com\/tr\/wp-json\/wp\/v2\/types\/product"}],"replies":[{"embeddable":true,"href":"https:\/\/www.purejewels.com\/tr\/wp-json\/wp\/v2\/comments?post=355346"}],"version-history":[{"count":5,"href":"https:\/\/www.purejewels.com\/tr\/wp-json\/wp\/v2\/product\/355346\/revisions"}],"predecessor-version":[{"id":420391,"href":"https:\/\/www.purejewels.com\/tr\/wp-json\/wp\/v2\/product\/355346\/revisions\/420391"}],"wp:featuredmedia":[{"embeddable":true,"href":"https:\/\/www.purejewels.com\/tr\/wp-json\/wp\/v2\/media\/355349"}],"wp:attachment":[{"href":"https:\/\/www.purejewels.com\/tr\/wp-json\/wp\/v2\/media?parent=355346"}],"wp:term":[{"taxonomy":"product_brand","embeddable":true,"href":"https:\/\/www.purejewels.com\/tr\/wp-json\/wp\/v2\/product_brand?post=355346"},{"taxonomy":"product_cat","embeddable":true,"href":"https:\/\/www.purejewels.com\/tr\/wp-json\/wp\/v2\/product_cat?post=355346"},{"taxonomy":"product_tag","embeddable":true,"href":"https:\/\/www.purejewels.com\/tr\/wp-json\/wp\/v2\/product_tag?post=355346"}],"curies":[{"name":"wp","href":"https:\/\/api.w.org\/{rel}","templated":true}]}}