{"id":355468,"date":"2023-12-02T06:04:07","date_gmt":"2023-12-02T06:04:07","guid":{"rendered":"https:\/\/www.purejewels.com\/?post_type=product&#038;p=355468"},"modified":"2026-03-02T05:17:51","modified_gmt":"2026-03-02T05:17:51","slug":"22-ayar-altin-capa-baklali-zincir-46929","status":"publish","type":"product","link":"https:\/\/www.purejewels.com\/tr\/product\/22ct-gold-anchor-link-chain-46929\/","title":{"rendered":"22 Ayar Sunrise Alt\u0131n \u00c7apa Ba\u011flant\u0131 Zinciri | 24 \u0130n\u00e7 | 1mm Kal\u0131n"},"content":{"rendered":"<p data-start=\"0\" data-end=\"448\"><strong data-start=\"0\" data-end=\"10\">Tasar\u0131m<\/strong><br data-start=\"10\" data-end=\"13\" \/>Bu 22 ayar Sunrise Alt\u0131n \u00e7apa baklal\u0131 zincir, kendine g\u00fcvenen g\u00fcnl\u00fck bir par\u00e7a olarak tasarlanm\u0131\u015ft\u0131r. Zarif 1 mm baklalar tene d\u00fczg\u00fcnce oturan ince bir siluet olu\u015ftururken, \u00e7apa motifi 24 in\u00e7 uzunluk boyunca ince bir doku ve ritim katar. Zahmetsizce unisex olan bu kolye, sade ve g\u00f6steri\u015fli bir g\u00f6r\u00fcn\u00fcm i\u00e7in tek ba\u015f\u0131na tak\u0131labilir veya daha ki\u015fisel hale getirmek i\u00e7in bir kolye ucu ile e\u015fle\u015ftirilebilir. 5,9 gram a\u011f\u0131rl\u0131\u011f\u0131yla a\u011f\u0131r hissettirmeden duru\u015f sa\u011flar.<\/p>\n<p data-start=\"450\" data-end=\"871\"><strong data-start=\"450\" data-end=\"467\"><a href=\"https:\/\/www.purejewels.com\/tr\/a-guide-to-die-stamping\/\">Zanaatkarl\u0131k<\/a><\/strong><br data-start=\"467\" data-end=\"470\" \/>PureJewels'in imzas\u0131 niteli\u011findeki 22 ayar G\u00fcn Do\u011fumu Alt\u0131n\u0131ndan \u00fcretilen zincir, her cilt tonuna uyum sa\u011flayan s\u0131cak ve \u0131\u015f\u0131lt\u0131l\u0131 bir tona sahiptir. Her bir \u00e7apa halkas\u0131 hassas bir \u015fekilde bi\u00e7imlendirilmi\u015f ve ince i\u015flenmi\u015ftir, b\u00f6ylece zincir ak\u0131c\u0131 bir \u015fekilde hareket eder ve boyuna rahat\u00e7a oturur. Safl\u0131k sertifikas\u0131 i\u00e7in \u0130ngiltere'de damgalanan zincir, g\u00fcvenli bir toka ve yetenekli kuyumcular\u0131n \u00f6zenini yans\u0131tan p\u00fcr\u00fczs\u00fcz, y\u00fcksek kaliteli bir y\u00fczeyle tamamlanm\u0131\u015ft\u0131r.<\/p>\n<p data-start=\"450\" data-end=\"871\"><strong data-start=\"0\" data-end=\"17\" data-is-only-node=\"\">Stil Fikirleri<\/strong><br data-start=\"17\" data-end=\"20\" \/>Bu 22 ayar Sunrise Gold \u00e7apa baklal\u0131 zinciri, farkl\u0131 uzunluklardaki di\u011fer ince zincirlerle katmanlayarak zarif, g\u00fcnl\u00fck bir istif olu\u015fturun. G\u00fcnd\u00fczden ak\u015fama sade ve g\u00f6steri\u015fli bir g\u00f6r\u00fcn\u00fcm i\u00e7in tek ba\u015f\u0131na bisiklet yaka ti\u015f\u00f6rt, keten kurta veya a\u00e7\u0131k yakal\u0131 g\u00f6mlek \u00fczerine tak\u0131n. Ayr\u0131ca, daha ki\u015fisel bir dokunu\u015f i\u00e7in ince bir kolye ucuyla g\u00fczel bir \u015fekilde e\u015fle\u015fir ve k\u0131yafetinizi a\u015f\u0131r\u0131 g\u00fc\u00e7lendirmeden sessiz bir \u0131\u015f\u0131lt\u0131 katar.<\/p>","protected":false},"excerpt":{"rendered":"<div class=\"woocommerce-product-details__short-description\">\n<table class=\"sh_desc\">\n<tbody>\n<tr>\n<td>Zincir Tipi<\/td>\n<td>\u00c7apa Ba\u011flant\u0131 Zinciri<\/td>\n<\/tr>\n<tr>\n<td>SKU<\/td>\n<td>46928, 46929<\/td>\n<\/tr>\n<tr>\n<td>A\u011f\u0131rl\u0131k<\/td>\n<td>5.9 Gms<\/td>\n<\/tr>\n<tr>\n<td>Metal<\/td>\n<td>22 Ayar Alt\u0131n<\/td>\n<\/tr>\n<tr>\n<td>Uzunluk<\/td>\n<td>24 in\u00e7<\/td>\n<\/tr>\n<tr>\n<td>KatalogID<\/td>\n<td>R1047<\/td>\n<\/tr>\n<tr>\n<td>Hallmark<\/td>\n<td>Londra Tahlil Ofisi Taraf\u0131ndan Damgalanm\u0131\u015f 22 Ayar Alt\u0131n<\/td>\n<\/tr>\n<tr>\n<td>\u00dccretler<\/td>\n<td>Teslimat ve KDV Dahil<\/td>\n<\/tr>\n<tr>\n<td>Paketleme<\/td>\n<td>Sunum Kutusu ile Birlikte Gelir<\/td>\n<\/tr>\n<tr>\n<td>Daha Fazla Bilgi<\/td>\n<td>M\u00fcsaitlik durumu ve daha fazla resim i\u00e7in bizimle canl\u0131 sohbet edin<\/td>\n<\/tr>\n<\/tbody>\n<\/table>\n<\/div>","protected":false},"featured_media":358607,"comment_status":"closed","ping_status":"closed","template":"","meta":{"_eb_attr":"","_crsspst_to_jayantr4sg-hostcom":false},"product_brand":[],"product_cat":[1791,1559,1475,5597,1572,1573,1574],"product_tag":[65,1430],"class_list":{"0":"post-355468","1":"product","2":"type-product","3":"status-publish","4":"has-post-thumbnail","6":"product_cat-anniversary-gifts","7":"product_cat-birthday-gifts","8":"product_cat-gold-chains","9":"product_cat-link-chain","10":"product_cat-mens-jewellery","11":"product_cat-wedding-gifts","12":"product_cat-womens-jewellery","13":"product_tag-chains","14":"product_tag-diwali-gift","16":"first","17":"outofstock","18":"taxable","19":"shipping-taxable","20":"product-type-simple","21":"add-to-wishlist-before_image"},"yoast_head":"<!-- This site is optimized with the Yoast SEO plugin v27.3 - https:\/\/yoast.com\/product\/yoast-seo-wordpress\/ -->\n<title>22ct Gold Anchor Link Chain | 24 Inches | PureJewels UK<\/title>\n<meta name=\"description\" content=\"Turn heads with this showstopping 22ct Sunrise Gold Anchor Link Chain. Handcrafted from real gold, this 24-inch beauty adds instant drama to any outfit.\" \/>\n<meta name=\"robots\" content=\"index, follow, max-snippet:-1, max-image-preview:large, max-video-preview:-1\" \/>\n<link rel=\"canonical\" href=\"https:\/\/www.purejewels.com\/tr\/urun\/22-ayar-altin-capa-baklali-zincir-46929\/\" \/>\n<meta property=\"og:locale\" content=\"tr_TR\" \/>\n<meta property=\"og:type\" content=\"article\" \/>\n<meta property=\"og:title\" content=\"22ct Gold Anchor Link Chain | 24 Inches | PureJewels UK\" \/>\n<meta property=\"og:description\" content=\"Turn heads with this showstopping 22ct Sunrise Gold Anchor Link Chain. Handcrafted from real gold, this 24-inch beauty adds instant drama to any outfit.\" \/>\n<meta property=\"og:url\" content=\"https:\/\/www.purejewels.com\/tr\/urun\/22-ayar-altin-capa-baklali-zincir-46929\/\" \/>\n<meta property=\"og:site_name\" content=\"PureJewels UK\" \/>\n<meta property=\"article:modified_time\" content=\"2026-03-02T05:17:51+00:00\" \/>\n<meta property=\"og:image\" content=\"https:\/\/static.purejewels.com\/wp-content\/uploads\/2024\/03\/SKU-46932-1.jpg\" \/>\n\t<meta property=\"og:image:width\" content=\"1000\" \/>\n\t<meta property=\"og:image:height\" content=\"1000\" \/>\n\t<meta property=\"og:image:type\" content=\"image\/jpeg\" \/>\n<meta name=\"twitter:card\" content=\"summary_large_image\" \/>\n<meta name=\"twitter:label1\" content=\"Tahmini okuma s\u00fcresi\" \/>\n\t<meta name=\"twitter:data1\" content=\"2 dakika\" \/>\n<script type=\"application\/ld+json\" class=\"yoast-schema-graph\">{\"@context\":\"https:\\\/\\\/schema.org\",\"@graph\":[{\"@type\":[\"WebPage\",\"ItemPage\"],\"@id\":\"https:\\\/\\\/www.purejewels.com\\\/product\\\/22ct-gold-anchor-link-chain-46929\\\/\",\"url\":\"https:\\\/\\\/www.purejewels.com\\\/product\\\/22ct-gold-anchor-link-chain-46929\\\/\",\"name\":\"22ct Gold Anchor Link Chain | 24 Inches | PureJewels UK\",\"isPartOf\":{\"@id\":\"https:\\\/\\\/www.purejewels.com\\\/#website\"},\"primaryImageOfPage\":{\"@id\":\"https:\\\/\\\/www.purejewels.com\\\/product\\\/22ct-gold-anchor-link-chain-46929\\\/#primaryimage\"},\"image\":{\"@id\":\"https:\\\/\\\/www.purejewels.com\\\/product\\\/22ct-gold-anchor-link-chain-46929\\\/#primaryimage\"},\"thumbnailUrl\":\"https:\\\/\\\/static.purejewels.com\\\/wp-content\\\/uploads\\\/2024\\\/03\\\/SKU-46932-1.jpg\",\"datePublished\":\"2023-12-02T06:04:07+00:00\",\"dateModified\":\"2026-03-02T05:17:51+00:00\",\"description\":\"Turn heads with this showstopping 22ct Sunrise Gold Anchor Link Chain. Handcrafted from real gold, this 24-inch beauty adds instant drama to any outfit.\",\"breadcrumb\":{\"@id\":\"https:\\\/\\\/www.purejewels.com\\\/product\\\/22ct-gold-anchor-link-chain-46929\\\/#breadcrumb\"},\"inLanguage\":\"tr\",\"potentialAction\":[{\"@type\":\"ReadAction\",\"target\":[\"https:\\\/\\\/www.purejewels.com\\\/product\\\/22ct-gold-anchor-link-chain-46929\\\/\"]}]},{\"@type\":\"ImageObject\",\"inLanguage\":\"tr\",\"@id\":\"https:\\\/\\\/www.purejewels.com\\\/product\\\/22ct-gold-anchor-link-chain-46929\\\/#primaryimage\",\"url\":\"https:\\\/\\\/static.purejewels.com\\\/wp-content\\\/uploads\\\/2024\\\/03\\\/SKU-46932-1.jpg\",\"contentUrl\":\"https:\\\/\\\/static.purejewels.com\\\/wp-content\\\/uploads\\\/2024\\\/03\\\/SKU-46932-1.jpg\",\"width\":1000,\"height\":1000,\"caption\":\"22ct Sunrise Gold Anchor Chain | 18 Inches\"},{\"@type\":\"BreadcrumbList\",\"@id\":\"https:\\\/\\\/www.purejewels.com\\\/product\\\/22ct-gold-anchor-link-chain-46929\\\/#breadcrumb\",\"itemListElement\":[{\"@type\":\"ListItem\",\"position\":1,\"name\":\"Home\",\"item\":\"https:\\\/\\\/www.purejewels.com\\\/\"},{\"@type\":\"ListItem\",\"position\":2,\"name\":\"Shop\",\"item\":\"https:\\\/\\\/www.purejewels.com\\\/shop\\\/\"},{\"@type\":\"ListItem\",\"position\":3,\"name\":\"22ct Sunrise Gold Anchor Link Chain | 24 Inches | 1mm Thick\"}]},{\"@type\":\"WebSite\",\"@id\":\"https:\\\/\\\/www.purejewels.com\\\/#website\",\"url\":\"https:\\\/\\\/www.purejewels.com\\\/\",\"name\":\"PureJewels UK\",\"description\":\"Share the Love\",\"publisher\":{\"@id\":\"https:\\\/\\\/www.purejewels.com\\\/#organization\"},\"potentialAction\":[{\"@type\":\"SearchAction\",\"target\":{\"@type\":\"EntryPoint\",\"urlTemplate\":\"https:\\\/\\\/www.purejewels.com\\\/?s={search_term_string}\"},\"query-input\":{\"@type\":\"PropertyValueSpecification\",\"valueRequired\":true,\"valueName\":\"search_term_string\"}}],\"inLanguage\":\"tr\"},{\"@type\":\"Organization\",\"@id\":\"https:\\\/\\\/www.purejewels.com\\\/#organization\",\"name\":\"PureJewels UK\",\"url\":\"https:\\\/\\\/www.purejewels.com\\\/\",\"logo\":{\"@type\":\"ImageObject\",\"inLanguage\":\"tr\",\"@id\":\"https:\\\/\\\/www.purejewels.com\\\/#\\\/schema\\\/logo\\\/image\\\/\",\"url\":\"https:\\\/\\\/static.purejewels.com\\\/wp-content\\\/uploads\\\/2020\\\/11\\\/Logo-PJ-New-1.png\",\"contentUrl\":\"https:\\\/\\\/static.purejewels.com\\\/wp-content\\\/uploads\\\/2020\\\/11\\\/Logo-PJ-New-1.png\",\"width\":150,\"height\":80,\"caption\":\"PureJewels UK\"},\"image\":{\"@id\":\"https:\\\/\\\/www.purejewels.com\\\/#\\\/schema\\\/logo\\\/image\\\/\"}}]}<\/script>\n<!-- \/ Yoast SEO plugin. -->","yoast_head_json":{"title":"22 Ayar Alt\u0131n \u00c7apa Ba\u011flant\u0131 Zinciri | 24 \u0130n\u00e7 | PureJewels UK","description":"Bu g\u00f6steri\u015fli 22 ayar Sunrise Alt\u0131n \u00c7apa Ba\u011flant\u0131 Zinciri ile dikkatleri \u00fczerinize \u00e7ekin. Ger\u00e7ek alt\u0131ndan el i\u015f\u00e7ili\u011fiyle \u00fcretilen bu 24 in\u00e7lik g\u00fczellik, her k\u0131yafete an\u0131nda dram katar.","robots":{"index":"index","follow":"follow","max-snippet":"max-snippet:-1","max-image-preview":"max-image-preview:large","max-video-preview":"max-video-preview:-1"},"canonical":"https:\/\/www.purejewels.com\/tr\/urun\/22-ayar-altin-capa-baklali-zincir-46929\/","og_locale":"tr_TR","og_type":"article","og_title":"22ct Gold Anchor Link Chain | 24 Inches | PureJewels UK","og_description":"Turn heads with this showstopping 22ct Sunrise Gold Anchor Link Chain. Handcrafted from real gold, this 24-inch beauty adds instant drama to any outfit.","og_url":"https:\/\/www.purejewels.com\/tr\/urun\/22-ayar-altin-capa-baklali-zincir-46929\/","og_site_name":"PureJewels UK","article_modified_time":"2026-03-02T05:17:51+00:00","og_image":[{"width":1000,"height":1000,"url":"https:\/\/static.purejewels.com\/wp-content\/uploads\/2024\/03\/SKU-46932-1.jpg","type":"image\/jpeg"}],"twitter_card":"summary_large_image","twitter_misc":{"Tahmini okuma s\u00fcresi":"2 dakika"},"schema":{"@context":"https:\/\/schema.org","@graph":[{"@type":["WebPage","ItemPage"],"@id":"https:\/\/www.purejewels.com\/product\/22ct-gold-anchor-link-chain-46929\/","url":"https:\/\/www.purejewels.com\/product\/22ct-gold-anchor-link-chain-46929\/","name":"22 Ayar Alt\u0131n \u00c7apa Ba\u011flant\u0131 Zinciri | 24 \u0130n\u00e7 | PureJewels UK","isPartOf":{"@id":"https:\/\/www.purejewels.com\/#website"},"primaryImageOfPage":{"@id":"https:\/\/www.purejewels.com\/product\/22ct-gold-anchor-link-chain-46929\/#primaryimage"},"image":{"@id":"https:\/\/www.purejewels.com\/product\/22ct-gold-anchor-link-chain-46929\/#primaryimage"},"thumbnailUrl":"https:\/\/static.purejewels.com\/wp-content\/uploads\/2024\/03\/SKU-46932-1.jpg","datePublished":"2023-12-02T06:04:07+00:00","dateModified":"2026-03-02T05:17:51+00:00","description":"Bu g\u00f6steri\u015fli 22 ayar Sunrise Alt\u0131n \u00c7apa Ba\u011flant\u0131 Zinciri ile dikkatleri \u00fczerinize \u00e7ekin. Ger\u00e7ek alt\u0131ndan el i\u015f\u00e7ili\u011fiyle \u00fcretilen bu 24 in\u00e7lik g\u00fczellik, her k\u0131yafete an\u0131nda dram katar.","breadcrumb":{"@id":"https:\/\/www.purejewels.com\/product\/22ct-gold-anchor-link-chain-46929\/#breadcrumb"},"inLanguage":"tr","potentialAction":[{"@type":"ReadAction","target":["https:\/\/www.purejewels.com\/product\/22ct-gold-anchor-link-chain-46929\/"]}]},{"@type":"ImageObject","inLanguage":"tr","@id":"https:\/\/www.purejewels.com\/product\/22ct-gold-anchor-link-chain-46929\/#primaryimage","url":"https:\/\/static.purejewels.com\/wp-content\/uploads\/2024\/03\/SKU-46932-1.jpg","contentUrl":"https:\/\/static.purejewels.com\/wp-content\/uploads\/2024\/03\/SKU-46932-1.jpg","width":1000,"height":1000,"caption":"22ct Sunrise Gold Anchor Chain | 18 Inches"},{"@type":"BreadcrumbList","@id":"https:\/\/www.purejewels.com\/product\/22ct-gold-anchor-link-chain-46929\/#breadcrumb","itemListElement":[{"@type":"ListItem","position":1,"name":"Home","item":"https:\/\/www.purejewels.com\/"},{"@type":"ListItem","position":2,"name":"Shop","item":"https:\/\/www.purejewels.com\/shop\/"},{"@type":"ListItem","position":3,"name":"22ct Sunrise Gold Anchor Link Chain | 24 Inches | 1mm Thick"}]},{"@type":"WebSite","@id":"https:\/\/www.purejewels.com\/#website","url":"https:\/\/www.purejewels.com\/","name":"PureJewels \u0130ngiltere","description":"Sevgiyi Payla\u015f\u0131n","publisher":{"@id":"https:\/\/www.purejewels.com\/#organization"},"potentialAction":[{"@type":"SearchAction","target":{"@type":"EntryPoint","urlTemplate":"https:\/\/www.purejewels.com\/?s={search_term_string}"},"query-input":{"@type":"PropertyValueSpecification","valueRequired":true,"valueName":"search_term_string"}}],"inLanguage":"tr"},{"@type":"Organization","@id":"https:\/\/www.purejewels.com\/#organization","name":"PureJewels \u0130ngiltere","url":"https:\/\/www.purejewels.com\/","logo":{"@type":"ImageObject","inLanguage":"tr","@id":"https:\/\/www.purejewels.com\/#\/schema\/logo\/image\/","url":"https:\/\/static.purejewels.com\/wp-content\/uploads\/2020\/11\/Logo-PJ-New-1.png","contentUrl":"https:\/\/static.purejewels.com\/wp-content\/uploads\/2020\/11\/Logo-PJ-New-1.png","width":150,"height":80,"caption":"PureJewels UK"},"image":{"@id":"https:\/\/www.purejewels.com\/#\/schema\/logo\/image\/"}}]}},"_links":{"self":[{"href":"https:\/\/www.purejewels.com\/tr\/wp-json\/wp\/v2\/product\/355468","targetHints":{"allow":["GET"]}}],"collection":[{"href":"https:\/\/www.purejewels.com\/tr\/wp-json\/wp\/v2\/product"}],"about":[{"href":"https:\/\/www.purejewels.com\/tr\/wp-json\/wp\/v2\/types\/product"}],"replies":[{"embeddable":true,"href":"https:\/\/www.purejewels.com\/tr\/wp-json\/wp\/v2\/comments?post=355468"}],"version-history":[{"count":5,"href":"https:\/\/www.purejewels.com\/tr\/wp-json\/wp\/v2\/product\/355468\/revisions"}],"predecessor-version":[{"id":420946,"href":"https:\/\/www.purejewels.com\/tr\/wp-json\/wp\/v2\/product\/355468\/revisions\/420946"}],"wp:featuredmedia":[{"embeddable":true,"href":"https:\/\/www.purejewels.com\/tr\/wp-json\/wp\/v2\/media\/358607"}],"wp:attachment":[{"href":"https:\/\/www.purejewels.com\/tr\/wp-json\/wp\/v2\/media?parent=355468"}],"wp:term":[{"taxonomy":"product_brand","embeddable":true,"href":"https:\/\/www.purejewels.com\/tr\/wp-json\/wp\/v2\/product_brand?post=355468"},{"taxonomy":"product_cat","embeddable":true,"href":"https:\/\/www.purejewels.com\/tr\/wp-json\/wp\/v2\/product_cat?post=355468"},{"taxonomy":"product_tag","embeddable":true,"href":"https:\/\/www.purejewels.com\/tr\/wp-json\/wp\/v2\/product_tag?post=355468"}],"curies":[{"name":"wp","href":"https:\/\/api.w.org\/{rel}","templated":true}]}}