{"id":355527,"date":"2024-01-04T07:14:09","date_gmt":"2024-01-04T07:14:09","guid":{"rendered":"https:\/\/www.purejewels.com\/?post_type=product&#038;p=355527"},"modified":"2026-01-07T06:26:53","modified_gmt":"2026-01-07T06:26:53","slug":"22-ayar-altin-kordon-48766","status":"publish","type":"product","link":"https:\/\/www.purejewels.com\/tr\/product\/22ct-gold-band-48766\/","title":{"rendered":"22 Ayar G\u00fcndo\u011fumu Alt\u0131ndan Mahkeme \u015eeklinde Bant | O 1\/2 Beden | 3,5 mm"},"content":{"rendered":"<p>Kar\u015f\u0131n\u0131zda, zarafet ve sofistikeli\u011fi yans\u0131tan zamans\u0131z bir par\u00e7a olan 22 ayar G\u00fcn Do\u011fumu Alt\u0131n\u0131ndan \u00e7arp\u0131c\u0131 Avize \u015eeklinde Kordon. Bu zarif y\u00fcz\u00fck, l\u00fcks ve stil sahibi erkekler i\u00e7in tasarlanm\u0131\u015ft\u0131r. 3,5 mm geni\u015fli\u011fi erkeksi bir dokunu\u015f katarken, alt\u0131n bant zengin, s\u0131cak bir renk tonuyla par\u0131ld\u0131yor.<\/p>\n<p>22 ayar alt\u0131ndan \u00fcretilen bu y\u00fcz\u00fck sadece g\u00fczel de\u011fil, ayn\u0131 zamanda dayan\u0131kl\u0131 ve uzun \u00f6m\u00fcrl\u00fcd\u00fcr. O 1\/2 \u00f6l\u00e7\u00fcs\u00fc g\u00fcnl\u00fck kullan\u0131m i\u00e7in rahat bir uyum sa\u011flar. \u0130ster bir alyans ister sevdikleriniz i\u00e7in \u00f6zel bir hediye ar\u0131yor olun, bu y\u00fcz\u00fck m\u00fckemmel bir se\u00e7imdir.<\/p>\n<p>Her y\u00fcz\u00fck bir sunum kutusunda paketlenerek hediye edilmeye haz\u0131r hale getirilmi\u015ftir. Bu zarif erkek tak\u0131 par\u00e7as\u0131n\u0131 ka\u00e7\u0131rmay\u0131n. Bug\u00fcn sipari\u015f verin ve 3,5 mm alt\u0131n bantl\u0131 erkek y\u00fcz\u00fc\u011f\u00fc ile tarz\u0131n\u0131z\u0131 y\u00fckseltin.<\/p>","protected":false},"excerpt":{"rendered":"<table class=\"sh_desc\">\n<tbody>\n<tr>\n<td>Y\u00fcz\u00fck Tipi<\/td>\n<td>D\u00fc\u011f\u00fcn Bandosu<\/td>\n<\/tr>\n<tr>\n<td>SKU<\/td>\n<td>48766<\/td>\n<\/tr>\n<tr>\n<td>Y\u00fcz\u00fck \u00d6l\u00e7\u00fcs\u00fc<\/td>\n<td>O 1\/2<\/td>\n<\/tr>\n<tr>\n<td>Geni\u015flik<\/td>\n<td>3,5 mm<\/td>\n<\/tr>\n<tr>\n<td>A\u011f\u0131rl\u0131k<\/td>\n<td>4.7 Gms<\/td>\n<\/tr>\n<tr>\n<td>Metal<\/td>\n<td>22 Ayar Alt\u0131n<\/td>\n<\/tr>\n<tr>\n<td>\u00dccretler<\/td>\n<td>Teslimat ve KDV Dahil<\/td>\n<\/tr>\n<tr>\n<td>Paketleme<\/td>\n<td>Sunum Kutusu ile Birlikte Gelir<\/td>\n<\/tr>\n<tr>\n<td>Daha Fazla Bilgi<\/td>\n<td>\n<ul>\n<li>M\u00fcsaitlik durumu ve daha fazla resim i\u00e7in bizimle canl\u0131 sohbet edin<\/li>\n<li>Kontrol Etmek \u0130\u00e7in Buraya T\u0131klay\u0131n\u00a0<strong>Y\u00fcz\u00fck \u00d6l\u00e7\u00fcs\u00fc<\/strong><\/li>\n<\/ul>\n<\/td>\n<\/tr>\n<\/tbody>\n<\/table>","protected":false},"featured_media":355731,"comment_status":"closed","ping_status":"closed","template":"","meta":{"_eb_attr":"","_crsspst_to_jayantr4sg-hostcom":false},"product_brand":[],"product_cat":[1640,5756,1559,1784,1229,1235,1783,1572,229,1573,226,1574],"product_tag":[64],"class_list":{"0":"post-355527","1":"product","2":"type-product","3":"status-publish","4":"has-post-thumbnail","6":"product_cat-22ct-gold-bands","7":"product_cat-22ct-sunrise-gold-bands","8":"product_cat-birthday-gifts","9":"product_cat-gents-rings","10":"product_cat-22ct-gold-jewellery","11":"product_cat-gold-rings","12":"product_cat-ladies-rings","13":"product_cat-mens-jewellery","14":"product_cat-wedding-bands","15":"product_cat-wedding-gifts","16":"product_cat-wedding-rings-bands","17":"product_cat-womens-jewellery","18":"product_tag-rings","20":"first","21":"outofstock","22":"taxable","23":"shipping-taxable","24":"product-type-simple","25":"add-to-wishlist-before_image"},"yoast_head":"<!-- This site is optimized with the Yoast SEO plugin v27.3 - https:\/\/yoast.com\/product\/yoast-seo-wordpress\/ -->\n<title>Court Shaped Band in 22ct Sunrise Gold | Size O 1\/2<\/title>\n<meta name=\"description\" content=\"Order online for timeless elegance \u2013 22ct Sunrise Gold Court Shaped Band in Size O 1\/2. Elevate your style with this exquisite piece.\" \/>\n<meta name=\"robots\" content=\"index, follow, max-snippet:-1, max-image-preview:large, max-video-preview:-1\" \/>\n<link rel=\"canonical\" href=\"https:\/\/www.purejewels.com\/tr\/urun\/22-ayar-altin-kordon-48766\/\" \/>\n<meta property=\"og:locale\" content=\"tr_TR\" \/>\n<meta property=\"og:type\" content=\"article\" \/>\n<meta property=\"og:title\" content=\"Court Shaped Band in 22ct Sunrise Gold | Size O 1\/2\" \/>\n<meta property=\"og:description\" content=\"Order online for timeless elegance \u2013 22ct Sunrise Gold Court Shaped Band in Size O 1\/2. Elevate your style with this exquisite piece.\" \/>\n<meta property=\"og:url\" content=\"https:\/\/www.purejewels.com\/tr\/urun\/22-ayar-altin-kordon-48766\/\" \/>\n<meta property=\"og:site_name\" content=\"PureJewels UK\" \/>\n<meta property=\"article:modified_time\" content=\"2026-01-07T06:26:53+00:00\" \/>\n<meta property=\"og:image\" content=\"https:\/\/www.purejewels.com\/wp-content\/uploads\/2024\/01\/46292_2.jpg\" \/>\n\t<meta property=\"og:image:width\" content=\"1000\" \/>\n\t<meta property=\"og:image:height\" content=\"1000\" \/>\n\t<meta property=\"og:image:type\" content=\"image\/jpeg\" \/>\n<meta name=\"twitter:card\" content=\"summary_large_image\" \/>\n<meta name=\"twitter:label1\" content=\"Tahmini okuma s\u00fcresi\" \/>\n\t<meta name=\"twitter:data1\" content=\"1 dakika\" \/>\n<script type=\"application\/ld+json\" class=\"yoast-schema-graph\">{\"@context\":\"https:\\\/\\\/schema.org\",\"@graph\":[{\"@type\":[\"WebPage\",\"ItemPage\"],\"@id\":\"https:\\\/\\\/www.purejewels.com\\\/product\\\/22ct-gold-band-48766\\\/\",\"url\":\"https:\\\/\\\/www.purejewels.com\\\/product\\\/22ct-gold-band-48766\\\/\",\"name\":\"Court Shaped Band in 22ct Sunrise Gold | Size O 1\\\/2\",\"isPartOf\":{\"@id\":\"https:\\\/\\\/www.purejewels.com\\\/#website\"},\"primaryImageOfPage\":{\"@id\":\"https:\\\/\\\/www.purejewels.com\\\/product\\\/22ct-gold-band-48766\\\/#primaryimage\"},\"image\":{\"@id\":\"https:\\\/\\\/www.purejewels.com\\\/product\\\/22ct-gold-band-48766\\\/#primaryimage\"},\"thumbnailUrl\":\"https:\\\/\\\/static.purejewels.com\\\/wp-content\\\/uploads\\\/2024\\\/01\\\/46292_2.jpg\",\"datePublished\":\"2024-01-04T07:14:09+00:00\",\"dateModified\":\"2026-01-07T06:26:53+00:00\",\"description\":\"Order online for timeless elegance \u2013 22ct Sunrise Gold Court Shaped Band in Size O 1\\\/2. Elevate your style with this exquisite piece.\",\"breadcrumb\":{\"@id\":\"https:\\\/\\\/www.purejewels.com\\\/product\\\/22ct-gold-band-48766\\\/#breadcrumb\"},\"inLanguage\":\"tr\",\"potentialAction\":[{\"@type\":\"ReadAction\",\"target\":[\"https:\\\/\\\/www.purejewels.com\\\/product\\\/22ct-gold-band-48766\\\/\"]}]},{\"@type\":\"ImageObject\",\"inLanguage\":\"tr\",\"@id\":\"https:\\\/\\\/www.purejewels.com\\\/product\\\/22ct-gold-band-48766\\\/#primaryimage\",\"url\":\"https:\\\/\\\/static.purejewels.com\\\/wp-content\\\/uploads\\\/2024\\\/01\\\/46292_2.jpg\",\"contentUrl\":\"https:\\\/\\\/static.purejewels.com\\\/wp-content\\\/uploads\\\/2024\\\/01\\\/46292_2.jpg\",\"width\":1000,\"height\":1000,\"caption\":\"22ct Gold Band\"},{\"@type\":\"BreadcrumbList\",\"@id\":\"https:\\\/\\\/www.purejewels.com\\\/product\\\/22ct-gold-band-48766\\\/#breadcrumb\",\"itemListElement\":[{\"@type\":\"ListItem\",\"position\":1,\"name\":\"Home\",\"item\":\"https:\\\/\\\/www.purejewels.com\\\/\"},{\"@type\":\"ListItem\",\"position\":2,\"name\":\"Shop\",\"item\":\"https:\\\/\\\/www.purejewels.com\\\/shop\\\/\"},{\"@type\":\"ListItem\",\"position\":3,\"name\":\"Court Shaped Band in 22ct Sunrise Gold | Size O 1\\\/2 | 3.5mm\"}]},{\"@type\":\"WebSite\",\"@id\":\"https:\\\/\\\/www.purejewels.com\\\/#website\",\"url\":\"https:\\\/\\\/www.purejewels.com\\\/\",\"name\":\"PureJewels UK\",\"description\":\"Share the Love\",\"publisher\":{\"@id\":\"https:\\\/\\\/www.purejewels.com\\\/#organization\"},\"potentialAction\":[{\"@type\":\"SearchAction\",\"target\":{\"@type\":\"EntryPoint\",\"urlTemplate\":\"https:\\\/\\\/www.purejewels.com\\\/?s={search_term_string}\"},\"query-input\":{\"@type\":\"PropertyValueSpecification\",\"valueRequired\":true,\"valueName\":\"search_term_string\"}}],\"inLanguage\":\"tr\"},{\"@type\":\"Organization\",\"@id\":\"https:\\\/\\\/www.purejewels.com\\\/#organization\",\"name\":\"PureJewels UK\",\"url\":\"https:\\\/\\\/www.purejewels.com\\\/\",\"logo\":{\"@type\":\"ImageObject\",\"inLanguage\":\"tr\",\"@id\":\"https:\\\/\\\/www.purejewels.com\\\/#\\\/schema\\\/logo\\\/image\\\/\",\"url\":\"https:\\\/\\\/static.purejewels.com\\\/wp-content\\\/uploads\\\/2020\\\/11\\\/Logo-PJ-New-1.png\",\"contentUrl\":\"https:\\\/\\\/static.purejewels.com\\\/wp-content\\\/uploads\\\/2020\\\/11\\\/Logo-PJ-New-1.png\",\"width\":150,\"height\":80,\"caption\":\"PureJewels UK\"},\"image\":{\"@id\":\"https:\\\/\\\/www.purejewels.com\\\/#\\\/schema\\\/logo\\\/image\\\/\"}}]}<\/script>\n<!-- \/ Yoast SEO plugin. -->","yoast_head_json":{"title":"22 Ayar G\u00fcndo\u011fumu Alt\u0131ndan Mahkeme \u015eeklinde Kordon | O 1\/2 Beden","description":"Zamans\u0131z \u015f\u0131kl\u0131k i\u00e7in online sipari\u015f verin - O 1\/2 Beden 22 Ayar Sunrise Alt\u0131n Avize \u015eeklinde Kordon. Bu zarif par\u00e7a ile stilinizi y\u00fckseltin.","robots":{"index":"index","follow":"follow","max-snippet":"max-snippet:-1","max-image-preview":"max-image-preview:large","max-video-preview":"max-video-preview:-1"},"canonical":"https:\/\/www.purejewels.com\/tr\/urun\/22-ayar-altin-kordon-48766\/","og_locale":"tr_TR","og_type":"article","og_title":"Court Shaped Band in 22ct Sunrise Gold | Size O 1\/2","og_description":"Order online for timeless elegance \u2013 22ct Sunrise Gold Court Shaped Band in Size O 1\/2. Elevate your style with this exquisite piece.","og_url":"https:\/\/www.purejewels.com\/tr\/urun\/22-ayar-altin-kordon-48766\/","og_site_name":"PureJewels UK","article_modified_time":"2026-01-07T06:26:53+00:00","og_image":[{"width":1000,"height":1000,"url":"https:\/\/www.purejewels.com\/wp-content\/uploads\/2024\/01\/46292_2.jpg","type":"image\/jpeg"}],"twitter_card":"summary_large_image","twitter_misc":{"Tahmini okuma s\u00fcresi":"1 dakika"},"schema":{"@context":"https:\/\/schema.org","@graph":[{"@type":["WebPage","ItemPage"],"@id":"https:\/\/www.purejewels.com\/product\/22ct-gold-band-48766\/","url":"https:\/\/www.purejewels.com\/product\/22ct-gold-band-48766\/","name":"22 Ayar G\u00fcndo\u011fumu Alt\u0131ndan Mahkeme \u015eeklinde Kordon | O 1\/2 Beden","isPartOf":{"@id":"https:\/\/www.purejewels.com\/#website"},"primaryImageOfPage":{"@id":"https:\/\/www.purejewels.com\/product\/22ct-gold-band-48766\/#primaryimage"},"image":{"@id":"https:\/\/www.purejewels.com\/product\/22ct-gold-band-48766\/#primaryimage"},"thumbnailUrl":"https:\/\/static.purejewels.com\/wp-content\/uploads\/2024\/01\/46292_2.jpg","datePublished":"2024-01-04T07:14:09+00:00","dateModified":"2026-01-07T06:26:53+00:00","description":"Zamans\u0131z \u015f\u0131kl\u0131k i\u00e7in online sipari\u015f verin - O 1\/2 Beden 22 Ayar Sunrise Alt\u0131n Avize \u015eeklinde Kordon. Bu zarif par\u00e7a ile stilinizi y\u00fckseltin.","breadcrumb":{"@id":"https:\/\/www.purejewels.com\/product\/22ct-gold-band-48766\/#breadcrumb"},"inLanguage":"tr","potentialAction":[{"@type":"ReadAction","target":["https:\/\/www.purejewels.com\/product\/22ct-gold-band-48766\/"]}]},{"@type":"ImageObject","inLanguage":"tr","@id":"https:\/\/www.purejewels.com\/product\/22ct-gold-band-48766\/#primaryimage","url":"https:\/\/static.purejewels.com\/wp-content\/uploads\/2024\/01\/46292_2.jpg","contentUrl":"https:\/\/static.purejewels.com\/wp-content\/uploads\/2024\/01\/46292_2.jpg","width":1000,"height":1000,"caption":"22ct Gold Band"},{"@type":"BreadcrumbList","@id":"https:\/\/www.purejewels.com\/product\/22ct-gold-band-48766\/#breadcrumb","itemListElement":[{"@type":"ListItem","position":1,"name":"Home","item":"https:\/\/www.purejewels.com\/"},{"@type":"ListItem","position":2,"name":"Shop","item":"https:\/\/www.purejewels.com\/shop\/"},{"@type":"ListItem","position":3,"name":"Court Shaped Band in 22ct Sunrise Gold | Size O 1\/2 | 3.5mm"}]},{"@type":"WebSite","@id":"https:\/\/www.purejewels.com\/#website","url":"https:\/\/www.purejewels.com\/","name":"PureJewels \u0130ngiltere","description":"Sevgiyi Payla\u015f\u0131n","publisher":{"@id":"https:\/\/www.purejewels.com\/#organization"},"potentialAction":[{"@type":"SearchAction","target":{"@type":"EntryPoint","urlTemplate":"https:\/\/www.purejewels.com\/?s={search_term_string}"},"query-input":{"@type":"PropertyValueSpecification","valueRequired":true,"valueName":"search_term_string"}}],"inLanguage":"tr"},{"@type":"Organization","@id":"https:\/\/www.purejewels.com\/#organization","name":"PureJewels \u0130ngiltere","url":"https:\/\/www.purejewels.com\/","logo":{"@type":"ImageObject","inLanguage":"tr","@id":"https:\/\/www.purejewels.com\/#\/schema\/logo\/image\/","url":"https:\/\/static.purejewels.com\/wp-content\/uploads\/2020\/11\/Logo-PJ-New-1.png","contentUrl":"https:\/\/static.purejewels.com\/wp-content\/uploads\/2020\/11\/Logo-PJ-New-1.png","width":150,"height":80,"caption":"PureJewels UK"},"image":{"@id":"https:\/\/www.purejewels.com\/#\/schema\/logo\/image\/"}}]}},"_links":{"self":[{"href":"https:\/\/www.purejewels.com\/tr\/wp-json\/wp\/v2\/product\/355527","targetHints":{"allow":["GET"]}}],"collection":[{"href":"https:\/\/www.purejewels.com\/tr\/wp-json\/wp\/v2\/product"}],"about":[{"href":"https:\/\/www.purejewels.com\/tr\/wp-json\/wp\/v2\/types\/product"}],"replies":[{"embeddable":true,"href":"https:\/\/www.purejewels.com\/tr\/wp-json\/wp\/v2\/comments?post=355527"}],"version-history":[{"count":3,"href":"https:\/\/www.purejewels.com\/tr\/wp-json\/wp\/v2\/product\/355527\/revisions"}],"predecessor-version":[{"id":420430,"href":"https:\/\/www.purejewels.com\/tr\/wp-json\/wp\/v2\/product\/355527\/revisions\/420430"}],"wp:featuredmedia":[{"embeddable":true,"href":"https:\/\/www.purejewels.com\/tr\/wp-json\/wp\/v2\/media\/355731"}],"wp:attachment":[{"href":"https:\/\/www.purejewels.com\/tr\/wp-json\/wp\/v2\/media?parent=355527"}],"wp:term":[{"taxonomy":"product_brand","embeddable":true,"href":"https:\/\/www.purejewels.com\/tr\/wp-json\/wp\/v2\/product_brand?post=355527"},{"taxonomy":"product_cat","embeddable":true,"href":"https:\/\/www.purejewels.com\/tr\/wp-json\/wp\/v2\/product_cat?post=355527"},{"taxonomy":"product_tag","embeddable":true,"href":"https:\/\/www.purejewels.com\/tr\/wp-json\/wp\/v2\/product_tag?post=355527"}],"curies":[{"name":"wp","href":"https:\/\/api.w.org\/{rel}","templated":true}]}}