{"id":355537,"date":"2024-06-25T07:51:11","date_gmt":"2024-06-25T06:51:11","guid":{"rendered":"https:\/\/www.purejewels.com\/?post_type=product&#038;p=355537"},"modified":"2026-04-14T08:45:45","modified_gmt":"2026-04-14T07:45:45","slug":"22-ayar-altin-antika-kaplama-kolye-ucu-10mm-47881","status":"publish","type":"product","link":"https:\/\/www.purejewels.com\/tr\/product\/22ct-gold-antique-finish-pendant-10mm-47881\/","title":{"rendered":"22 Ayar G\u00fcndo\u011fumu Alt\u0131n Kolye | 10mm"},"content":{"rendered":"<p data-start=\"631\" data-end=\"1003\">22 ayar g\u00fcndo\u011fumu alt\u0131n\u0131ndan Rosette Koleksiyonu kolye ucu, narin heykelsi tasar\u0131m\u0131yla \u00e7i\u00e7e\u011fin g\u00fczelli\u011fini kutluyor. Ortas\u0131nda yer alan ince detaylara sahip rozet motifi, a\u00e7an bir \u00e7i\u00e7e\u011fin yumu\u015fakl\u0131\u011f\u0131n\u0131 ve zarafetini yans\u0131t\u0131yor. G\u00fcndo\u011fumu alt\u0131n\u0131n\u0131n s\u0131cak \u0131\u015f\u0131lt\u0131s\u0131 dokulu ta\u00e7 yapraklar\u0131n\u0131 zenginle\u015ftirerek miras\u0131 yans\u0131tan zamans\u0131z bir kolye ucu yarat\u0131yor. <a href=\"https:\/\/www.purejewels.com\/tr\/a-guide-to-die-stamping\/\">zanaatkarl\u0131k<\/a> ve zarif bir sadelik.<\/p>\n<h3 data-section-id=\"1qj9e1g\" data-start=\"1219\" data-end=\"1239\">Tasar\u0131m Konsepti<\/h3>\n<p data-start=\"1240\" data-end=\"1420\">\u00c7i\u00e7ek a\u00e7an rozetlerden esinlenen \u00e7i\u00e7ek motifi, g\u00fczellik kutlamalar\u0131n\u0131 ve ya\u015fam yolculuklar\u0131n\u0131 sembolize eder. \u015eekillendirilmi\u015f ta\u00e7 yapraklar\u0131 zarif bir dairesel form i\u00e7inde nazik bir derinlik ve denge yarat\u0131r.<\/p>\n<h3 data-section-id=\"n147pz\" data-start=\"1427\" data-end=\"1446\">Zanaatkarl\u0131k<\/h3>\n<p data-start=\"1447\" data-end=\"1653\">Y\u00fcksek safl\u0131kta 22 ayar g\u00fcn do\u011fumu alt\u0131ndan ustal\u0131kla \u00fcretilen kolye ucu, doku derinli\u011fini ve parlakl\u0131\u011f\u0131n\u0131 vurgulayan \u00f6zenle \u015fekillendirilmi\u015f yapraklara sahiptir. Her bir par\u00e7a yetenekli kuyumculu\u011fu ve detaylara g\u00f6sterilen \u00f6zeni yans\u0131tmaktad\u0131r.<\/p>\n<h3 data-section-id=\"lvxqx6\" data-start=\"1660\" data-end=\"1678\">Stil \u0130pu\u00e7lar\u0131<\/h3>\n<p data-start=\"1679\" data-end=\"1864\" data-is-last-node=\"\" data-is-only-node=\"\">Zarif bir g\u00fcnl\u00fck g\u00f6r\u00fcn\u00fcm i\u00e7in zarif bir 22 ayar alt\u0131n zincirle e\u015fle\u015ftirin.<br data-start=\"1745\" data-end=\"1748\" \/>Uyumlu bir stil i\u00e7in Rosette k\u00fcpelerle tak\u0131n.<br data-start=\"1799\" data-end=\"1802\" \/>Modern ve zarif bir g\u00f6r\u00fcn\u00fcm i\u00e7in katmanl\u0131 alt\u0131n kolyelerle stil olu\u015fturun.<\/p>","protected":false},"excerpt":{"rendered":"<table class=\"sh_desc\">\n<tbody>\n<tr>\n<td>Kolye Tipi<\/td>\n<td>S\u00fcsl\u00fc \u0130ki Katl\u0131 Kolye<\/td>\n<\/tr>\n<tr>\n<td>SKU<\/td>\n<td>49092, 49093, 54837, 54838, 54839, 54840, 54841, 54842, 55494<\/td>\n<\/tr>\n<tr>\n<td>A\u011f\u0131rl\u0131k<\/td>\n<td>1.23 gram<\/td>\n<\/tr>\n<tr>\n<td>geni\u015flik<\/td>\n<td>10mm<\/td>\n<\/tr>\n<tr>\n<td>Metal<\/td>\n<td>22 Ayar G\u00fcndo\u011fumu Alt\u0131n<\/td>\n<\/tr>\n<tr>\n<td>KatalogID<\/td>\n<td>R1023<\/td>\n<\/tr>\n<tr>\n<td>Koleksiyon<\/td>\n<td><strong>Rozet Koleksiyonu<\/strong><\/td>\n<\/tr>\n<tr>\n<td>\u00dccretler<\/td>\n<td>Teslimat ve KDV Dahil<\/td>\n<\/tr>\n<tr>\n<td>Paketleme<\/td>\n<td>Sunum Kutusu ile Birlikte Gelir<\/td>\n<\/tr>\n<tr>\n<td>Daha Fazla Bilgi<\/td>\n<td>\n<ul>\n<li>Zincir dahil de\u011fildir<\/li>\n<li>Koleksiyonumuzu g\u00f6r\u00fcnt\u00fcleyin\u00a0<strong>Alt\u0131n Zincirler<\/strong><\/li>\n<li>M\u00fcsaitlik durumu ve daha fazla resim i\u00e7in bizimle canl\u0131 sohbet edin<\/li>\n<\/ul>\n<\/td>\n<\/tr>\n<\/tbody>\n<\/table>","protected":false},"featured_media":365483,"comment_status":"closed","ping_status":"closed","template":"","meta":{"_eb_attr":"","_crsspst_to_jayantr4sg-hostcom":false},"product_brand":[],"product_cat":[1791,1559,1793,1770,1229,1255,1767,1570,5585,1656,1569,1573,1574],"product_tag":[],"class_list":{"0":"post-355537","1":"product","2":"type-product","3":"status-publish","4":"has-post-thumbnail","6":"product_cat-anniversary-gifts","7":"product_cat-birthday-gifts","8":"product_cat-diwali-gifts","9":"product_cat-fancy-pendants","10":"product_cat-22ct-gold-jewellery","11":"product_cat-gold-pendants","12":"product_cat-ladies-pendants","13":"product_cat-mothers-day-gifts","14":"product_cat-rosette-pendant","15":"product_cat-rosettes-collections","16":"product_cat-valentine-day-gifts","17":"product_cat-wedding-gifts","18":"product_cat-womens-jewellery","20":"first","21":"instock","22":"taxable","23":"shipping-taxable","24":"purchasable","25":"product-type-simple","26":"add-to-wishlist-before_image"},"yoast_head":"<!-- This site is optimized with the Yoast SEO plugin v27.5 - https:\/\/yoast.com\/product\/yoast-seo-wordpress\/ -->\n<title>22ct Gold Antique finish Pendant online at PureJewels<\/title>\n<meta name=\"description\" content=\"Elevate your style with our stunning 22ct gold antique finish pendants from the Rosette Collection, available at PureJeweles online.\" \/>\n<meta name=\"robots\" content=\"index, follow, max-snippet:-1, max-image-preview:large, max-video-preview:-1\" \/>\n<link rel=\"canonical\" href=\"https:\/\/www.purejewels.com\/tr\/urun\/22-ayar-altin-antika-kaplama-kolye-ucu-10mm-47881\/\" \/>\n<meta property=\"og:locale\" content=\"tr_TR\" \/>\n<meta property=\"og:type\" content=\"article\" \/>\n<meta property=\"og:title\" content=\"22ct Gold Antique finish Pendant online at PureJewels\" \/>\n<meta property=\"og:description\" content=\"Elevate your style with our stunning 22ct gold antique finish pendants from the Rosette Collection, available at PureJeweles online.\" \/>\n<meta property=\"og:url\" content=\"https:\/\/www.purejewels.com\/tr\/urun\/22-ayar-altin-antika-kaplama-kolye-ucu-10mm-47881\/\" \/>\n<meta property=\"og:site_name\" content=\"PureJewels UK\" \/>\n<meta property=\"article:modified_time\" content=\"2026-04-14T07:45:45+00:00\" \/>\n<meta property=\"og:image\" content=\"https:\/\/static.purejewels.com\/wp-content\/uploads\/2024\/05\/47880.png\" \/>\n\t<meta property=\"og:image:width\" content=\"1000\" \/>\n\t<meta property=\"og:image:height\" content=\"1000\" \/>\n\t<meta property=\"og:image:type\" content=\"image\/png\" \/>\n<meta name=\"twitter:card\" content=\"summary_large_image\" \/>\n<meta name=\"twitter:label1\" content=\"Tahmini okuma s\u00fcresi\" \/>\n\t<meta name=\"twitter:data1\" content=\"1 dakika\" \/>\n<script type=\"application\/ld+json\" class=\"yoast-schema-graph\">{\"@context\":\"https:\\\/\\\/schema.org\",\"@graph\":[{\"@type\":[\"WebPage\",\"ItemPage\"],\"@id\":\"https:\\\/\\\/www.purejewels.com\\\/product\\\/22ct-gold-antique-finish-pendant-10mm-47881\\\/\",\"url\":\"https:\\\/\\\/www.purejewels.com\\\/product\\\/22ct-gold-antique-finish-pendant-10mm-47881\\\/\",\"name\":\"22ct Gold Antique finish Pendant online at PureJewels\",\"isPartOf\":{\"@id\":\"https:\\\/\\\/www.purejewels.com\\\/#website\"},\"primaryImageOfPage\":{\"@id\":\"https:\\\/\\\/www.purejewels.com\\\/product\\\/22ct-gold-antique-finish-pendant-10mm-47881\\\/#primaryimage\"},\"image\":{\"@id\":\"https:\\\/\\\/www.purejewels.com\\\/product\\\/22ct-gold-antique-finish-pendant-10mm-47881\\\/#primaryimage\"},\"thumbnailUrl\":\"https:\\\/\\\/static.purejewels.com\\\/wp-content\\\/uploads\\\/2024\\\/05\\\/47880.png\",\"datePublished\":\"2024-06-25T06:51:11+00:00\",\"dateModified\":\"2026-04-14T07:45:45+00:00\",\"description\":\"Elevate your style with our stunning 22ct gold antique finish pendants from the Rosette Collection, available at PureJeweles online.\",\"breadcrumb\":{\"@id\":\"https:\\\/\\\/www.purejewels.com\\\/product\\\/22ct-gold-antique-finish-pendant-10mm-47881\\\/#breadcrumb\"},\"inLanguage\":\"tr\",\"potentialAction\":[{\"@type\":\"ReadAction\",\"target\":[\"https:\\\/\\\/www.purejewels.com\\\/product\\\/22ct-gold-antique-finish-pendant-10mm-47881\\\/\"]}]},{\"@type\":\"ImageObject\",\"inLanguage\":\"tr\",\"@id\":\"https:\\\/\\\/www.purejewels.com\\\/product\\\/22ct-gold-antique-finish-pendant-10mm-47881\\\/#primaryimage\",\"url\":\"https:\\\/\\\/static.purejewels.com\\\/wp-content\\\/uploads\\\/2024\\\/05\\\/47880.png\",\"contentUrl\":\"https:\\\/\\\/static.purejewels.com\\\/wp-content\\\/uploads\\\/2024\\\/05\\\/47880.png\",\"width\":1000,\"height\":1000},{\"@type\":\"BreadcrumbList\",\"@id\":\"https:\\\/\\\/www.purejewels.com\\\/product\\\/22ct-gold-antique-finish-pendant-10mm-47881\\\/#breadcrumb\",\"itemListElement\":[{\"@type\":\"ListItem\",\"position\":1,\"name\":\"Home\",\"item\":\"https:\\\/\\\/www.purejewels.com\\\/\"},{\"@type\":\"ListItem\",\"position\":2,\"name\":\"Shop\",\"item\":\"https:\\\/\\\/www.purejewels.com\\\/shop\\\/\"},{\"@type\":\"ListItem\",\"position\":3,\"name\":\"22ct Sunrise Gold Pendant | 10mm\"}]},{\"@type\":\"WebSite\",\"@id\":\"https:\\\/\\\/www.purejewels.com\\\/#website\",\"url\":\"https:\\\/\\\/www.purejewels.com\\\/\",\"name\":\"PureJewels UK\",\"description\":\"Share the Love\",\"publisher\":{\"@id\":\"https:\\\/\\\/www.purejewels.com\\\/#organization\"},\"potentialAction\":[{\"@type\":\"SearchAction\",\"target\":{\"@type\":\"EntryPoint\",\"urlTemplate\":\"https:\\\/\\\/www.purejewels.com\\\/?s={search_term_string}\"},\"query-input\":{\"@type\":\"PropertyValueSpecification\",\"valueRequired\":true,\"valueName\":\"search_term_string\"}}],\"inLanguage\":\"tr\"},{\"@type\":\"Organization\",\"@id\":\"https:\\\/\\\/www.purejewels.com\\\/#organization\",\"name\":\"PureJewels UK\",\"url\":\"https:\\\/\\\/www.purejewels.com\\\/\",\"logo\":{\"@type\":\"ImageObject\",\"inLanguage\":\"tr\",\"@id\":\"https:\\\/\\\/www.purejewels.com\\\/#\\\/schema\\\/logo\\\/image\\\/\",\"url\":\"https:\\\/\\\/static.purejewels.com\\\/wp-content\\\/uploads\\\/2020\\\/11\\\/Logo-PJ-New-1.png\",\"contentUrl\":\"https:\\\/\\\/static.purejewels.com\\\/wp-content\\\/uploads\\\/2020\\\/11\\\/Logo-PJ-New-1.png\",\"width\":150,\"height\":80,\"caption\":\"PureJewels UK\"},\"image\":{\"@id\":\"https:\\\/\\\/www.purejewels.com\\\/#\\\/schema\\\/logo\\\/image\\\/\"}}]}<\/script>\n<!-- \/ Yoast SEO plugin. -->","yoast_head_json":{"title":"22 Ayar Alt\u0131n Antik Kaplama Kolye PureJewels'te online","description":"PureJeweles online'da bulunan Rosette Koleksiyonu'ndan \u00e7arp\u0131c\u0131 22 ayar alt\u0131n antika kaplama kolyelerimizle tarz\u0131n\u0131z\u0131 y\u00fckseltin.","robots":{"index":"index","follow":"follow","max-snippet":"max-snippet:-1","max-image-preview":"max-image-preview:large","max-video-preview":"max-video-preview:-1"},"canonical":"https:\/\/www.purejewels.com\/tr\/urun\/22-ayar-altin-antika-kaplama-kolye-ucu-10mm-47881\/","og_locale":"tr_TR","og_type":"article","og_title":"22ct Gold Antique finish Pendant online at PureJewels","og_description":"Elevate your style with our stunning 22ct gold antique finish pendants from the Rosette Collection, available at PureJeweles online.","og_url":"https:\/\/www.purejewels.com\/tr\/urun\/22-ayar-altin-antika-kaplama-kolye-ucu-10mm-47881\/","og_site_name":"PureJewels UK","article_modified_time":"2026-04-14T07:45:45+00:00","og_image":[{"width":1000,"height":1000,"url":"https:\/\/static.purejewels.com\/wp-content\/uploads\/2024\/05\/47880.png","type":"image\/png"}],"twitter_card":"summary_large_image","twitter_misc":{"Tahmini okuma s\u00fcresi":"1 dakika"},"schema":{"@context":"https:\/\/schema.org","@graph":[{"@type":["WebPage","ItemPage"],"@id":"https:\/\/www.purejewels.com\/product\/22ct-gold-antique-finish-pendant-10mm-47881\/","url":"https:\/\/www.purejewels.com\/product\/22ct-gold-antique-finish-pendant-10mm-47881\/","name":"22 Ayar Alt\u0131n Antik Kaplama Kolye PureJewels'te online","isPartOf":{"@id":"https:\/\/www.purejewels.com\/#website"},"primaryImageOfPage":{"@id":"https:\/\/www.purejewels.com\/product\/22ct-gold-antique-finish-pendant-10mm-47881\/#primaryimage"},"image":{"@id":"https:\/\/www.purejewels.com\/product\/22ct-gold-antique-finish-pendant-10mm-47881\/#primaryimage"},"thumbnailUrl":"https:\/\/static.purejewels.com\/wp-content\/uploads\/2024\/05\/47880.png","datePublished":"2024-06-25T06:51:11+00:00","dateModified":"2026-04-14T07:45:45+00:00","description":"PureJeweles online'da bulunan Rosette Koleksiyonu'ndan \u00e7arp\u0131c\u0131 22 ayar alt\u0131n antika kaplama kolyelerimizle tarz\u0131n\u0131z\u0131 y\u00fckseltin.","breadcrumb":{"@id":"https:\/\/www.purejewels.com\/product\/22ct-gold-antique-finish-pendant-10mm-47881\/#breadcrumb"},"inLanguage":"tr","potentialAction":[{"@type":"ReadAction","target":["https:\/\/www.purejewels.com\/product\/22ct-gold-antique-finish-pendant-10mm-47881\/"]}]},{"@type":"ImageObject","inLanguage":"tr","@id":"https:\/\/www.purejewels.com\/product\/22ct-gold-antique-finish-pendant-10mm-47881\/#primaryimage","url":"https:\/\/static.purejewels.com\/wp-content\/uploads\/2024\/05\/47880.png","contentUrl":"https:\/\/static.purejewels.com\/wp-content\/uploads\/2024\/05\/47880.png","width":1000,"height":1000},{"@type":"BreadcrumbList","@id":"https:\/\/www.purejewels.com\/product\/22ct-gold-antique-finish-pendant-10mm-47881\/#breadcrumb","itemListElement":[{"@type":"ListItem","position":1,"name":"Home","item":"https:\/\/www.purejewels.com\/"},{"@type":"ListItem","position":2,"name":"Shop","item":"https:\/\/www.purejewels.com\/shop\/"},{"@type":"ListItem","position":3,"name":"22ct Sunrise Gold Pendant | 10mm"}]},{"@type":"WebSite","@id":"https:\/\/www.purejewels.com\/#website","url":"https:\/\/www.purejewels.com\/","name":"PureJewels \u0130ngiltere","description":"Sevgiyi Payla\u015f\u0131n","publisher":{"@id":"https:\/\/www.purejewels.com\/#organization"},"potentialAction":[{"@type":"SearchAction","target":{"@type":"EntryPoint","urlTemplate":"https:\/\/www.purejewels.com\/?s={search_term_string}"},"query-input":{"@type":"PropertyValueSpecification","valueRequired":true,"valueName":"search_term_string"}}],"inLanguage":"tr"},{"@type":"Organization","@id":"https:\/\/www.purejewels.com\/#organization","name":"PureJewels \u0130ngiltere","url":"https:\/\/www.purejewels.com\/","logo":{"@type":"ImageObject","inLanguage":"tr","@id":"https:\/\/www.purejewels.com\/#\/schema\/logo\/image\/","url":"https:\/\/static.purejewels.com\/wp-content\/uploads\/2020\/11\/Logo-PJ-New-1.png","contentUrl":"https:\/\/static.purejewels.com\/wp-content\/uploads\/2020\/11\/Logo-PJ-New-1.png","width":150,"height":80,"caption":"PureJewels UK"},"image":{"@id":"https:\/\/www.purejewels.com\/#\/schema\/logo\/image\/"}}]}},"_links":{"self":[{"href":"https:\/\/www.purejewels.com\/tr\/wp-json\/wp\/v2\/product\/355537","targetHints":{"allow":["GET"]}}],"collection":[{"href":"https:\/\/www.purejewels.com\/tr\/wp-json\/wp\/v2\/product"}],"about":[{"href":"https:\/\/www.purejewels.com\/tr\/wp-json\/wp\/v2\/types\/product"}],"replies":[{"embeddable":true,"href":"https:\/\/www.purejewels.com\/tr\/wp-json\/wp\/v2\/comments?post=355537"}],"version-history":[{"count":5,"href":"https:\/\/www.purejewels.com\/tr\/wp-json\/wp\/v2\/product\/355537\/revisions"}],"predecessor-version":[{"id":428425,"href":"https:\/\/www.purejewels.com\/tr\/wp-json\/wp\/v2\/product\/355537\/revisions\/428425"}],"wp:featuredmedia":[{"embeddable":true,"href":"https:\/\/www.purejewels.com\/tr\/wp-json\/wp\/v2\/media\/365483"}],"wp:attachment":[{"href":"https:\/\/www.purejewels.com\/tr\/wp-json\/wp\/v2\/media?parent=355537"}],"wp:term":[{"taxonomy":"product_brand","embeddable":true,"href":"https:\/\/www.purejewels.com\/tr\/wp-json\/wp\/v2\/product_brand?post=355537"},{"taxonomy":"product_cat","embeddable":true,"href":"https:\/\/www.purejewels.com\/tr\/wp-json\/wp\/v2\/product_cat?post=355537"},{"taxonomy":"product_tag","embeddable":true,"href":"https:\/\/www.purejewels.com\/tr\/wp-json\/wp\/v2\/product_tag?post=355537"}],"curies":[{"name":"wp","href":"https:\/\/api.w.org\/{rel}","templated":true}]}}