{"id":355542,"date":"2024-01-04T08:17:06","date_gmt":"2024-01-04T08:17:06","guid":{"rendered":"https:\/\/www.purejewels.com\/?post_type=product&#038;p=355542"},"modified":"2026-01-07T06:26:53","modified_gmt":"2026-01-07T06:26:53","slug":"22-ayar-gundogumu-altin-alyans-48769","status":"publish","type":"product","link":"https:\/\/www.purejewels.com\/tr\/product\/wedding-band-in-22ct-sunrise-gold-48769\/","title":{"rendered":"22 Ayar G\u00fcndo\u011fumu Alt\u0131n Alyans | T Beden | 2,5 mm"},"content":{"rendered":"<p>G\u00fcn do\u011fumunun canl\u0131 tonlar\u0131ndan ve yeni ba\u015flang\u0131\u00e7lardan esinlenerek tasarlanan G\u00fcn Do\u011fumu alt\u0131n y\u00fcz\u00fcklerimiz \u00f6zel bir ala\u015f\u0131m kullan\u0131larak 22 ayar alt\u0131ndan \u00fcretilmi\u015ftir. Bu ala\u015f\u0131m y\u00fcz\u00fc\u011fe g\u00fcn do\u011fumunu and\u0131ran e\u015fsiz bir renk ve l\u00fcks bir yumu\u015fakl\u0131k hissi verir. Sunrise alt\u0131n kordonlar, boyutlar\u0131na sad\u0131k kalarak g\u00fcnl\u00fck kullan\u0131m i\u00e7in son derece rahat bir \u015fekilde tasarlanm\u0131\u015ft\u0131r. Unisex tarz\u0131, onlar\u0131 farkl\u0131 durumlarda hediye etmek i\u00e7in muhte\u015fem bir se\u00e7im haline getirir.<\/p>\n<ul>\n<li><b>SKU:<\/b> 48769<\/li>\n<li><b>Aral\u0131k Kimli\u011fi JWBDPLCS001<\/b><\/li>\n<\/ul>","protected":false},"excerpt":{"rendered":"<table class=\"sh_desc\">\n<tbody>\n<tr>\n<td>Y\u00fcz\u00fck Tipi<\/td>\n<td>D\u00fc\u011f\u00fcn Bandosu<\/td>\n<\/tr>\n<tr>\n<td>SKU<\/td>\n<td>48769<\/td>\n<\/tr>\n<tr>\n<td>Y\u00fcz\u00fck \u00d6l\u00e7\u00fcs\u00fc<\/td>\n<td>T<\/td>\n<\/tr>\n<tr>\n<td>Geni\u015flik<\/td>\n<td>2,5 mm<\/td>\n<\/tr>\n<tr>\n<td>A\u011f\u0131rl\u0131k<\/td>\n<td>4 Gms<\/td>\n<\/tr>\n<tr>\n<td>Metal<\/td>\n<td>22 Ayar Alt\u0131n<\/td>\n<\/tr>\n<tr>\n<td>\u00dccretler<\/td>\n<td>Teslimat ve KDV Dahil<\/td>\n<\/tr>\n<tr>\n<td>Paketleme<\/td>\n<td>Sunum Kutusu ile Birlikte Gelir<\/td>\n<\/tr>\n<tr>\n<td>Daha Fazla Bilgi<\/td>\n<td>\n<ul>\n<li>M\u00fcsaitlik durumu ve daha fazla resim i\u00e7in bizimle canl\u0131 sohbet edin<\/li>\n<li>Kontrol Etmek \u0130\u00e7in Buraya T\u0131klay\u0131n\u00a0<strong>Y\u00fcz\u00fck \u00d6l\u00e7\u00fcs\u00fc<\/strong><\/li>\n<\/ul>\n<\/td>\n<\/tr>\n<\/tbody>\n<\/table>","protected":false},"featured_media":355724,"comment_status":"closed","ping_status":"closed","template":"","meta":{"_eb_attr":"","_crsspst_to_jayantr4sg-hostcom":false},"product_brand":[],"product_cat":[1640,5756,1559,1793,1792,1784,1229,1235,1783,1572,5300,229,1573,226,1574,5303,5349,5297],"product_tag":[64],"class_list":{"0":"post-355542","1":"product","2":"type-product","3":"status-publish","4":"has-post-thumbnail","6":"product_cat-22ct-gold-bands","7":"product_cat-22ct-sunrise-gold-bands","8":"product_cat-birthday-gifts","9":"product_cat-diwali-gifts","10":"product_cat-festival-gifts","11":"product_cat-gents-rings","12":"product_cat-22ct-gold-jewellery","13":"product_cat-gold-rings","14":"product_cat-ladies-rings","15":"product_cat-mens-jewellery","16":"product_cat-mens-yellow-gold-bands","17":"product_cat-wedding-bands","18":"product_cat-wedding-gifts","19":"product_cat-wedding-rings-bands","20":"product_cat-womens-jewellery","21":"product_cat-womens-yellow-gold-bands","22":"product_cat-yellow-gold-jewellery","23":"product_cat-yellow-gold-wedding-bands","24":"product_tag-rings","26":"first","27":"outofstock","28":"taxable","29":"shipping-taxable","30":"product-type-simple","31":"add-to-wishlist-before_image"},"yoast_head":"<!-- This site is optimized with the Yoast SEO plugin v27.3 - https:\/\/yoast.com\/product\/yoast-seo-wordpress\/ -->\n<title>Stunning Sunrise Gold! Wedding Band | Size T | 2.5mm<\/title>\n<meta name=\"description\" content=\"Shop the perfect symbol of eternal love with our Wedding Band in 22ct Sunrise Gold. Available in Size T and featuring a timeless 2.5mm width.\" \/>\n<meta name=\"robots\" content=\"index, follow, max-snippet:-1, max-image-preview:large, max-video-preview:-1\" \/>\n<link rel=\"canonical\" href=\"https:\/\/www.purejewels.com\/tr\/urun\/22-ayar-gundogumu-altin-alyans-48769\/\" \/>\n<meta property=\"og:locale\" content=\"tr_TR\" \/>\n<meta property=\"og:type\" content=\"article\" \/>\n<meta property=\"og:title\" content=\"Stunning Sunrise Gold! Wedding Band | Size T | 2.5mm\" \/>\n<meta property=\"og:description\" content=\"Shop the perfect symbol of eternal love with our Wedding Band in 22ct Sunrise Gold. Available in Size T and featuring a timeless 2.5mm width.\" \/>\n<meta property=\"og:url\" content=\"https:\/\/www.purejewels.com\/tr\/urun\/22-ayar-gundogumu-altin-alyans-48769\/\" \/>\n<meta property=\"og:site_name\" content=\"PureJewels UK\" \/>\n<meta property=\"article:modified_time\" content=\"2026-01-07T06:26:53+00:00\" \/>\n<meta property=\"og:image\" content=\"https:\/\/www.purejewels.com\/wp-content\/uploads\/2024\/01\/46289_2.jpg\" \/>\n\t<meta property=\"og:image:width\" content=\"1000\" \/>\n\t<meta property=\"og:image:height\" content=\"1000\" \/>\n\t<meta property=\"og:image:type\" content=\"image\/jpeg\" \/>\n<meta name=\"twitter:card\" content=\"summary_large_image\" \/>\n<meta name=\"twitter:label1\" content=\"Tahmini okuma s\u00fcresi\" \/>\n\t<meta name=\"twitter:data1\" content=\"1 dakika\" \/>\n<script type=\"application\/ld+json\" class=\"yoast-schema-graph\">{\"@context\":\"https:\\\/\\\/schema.org\",\"@graph\":[{\"@type\":[\"WebPage\",\"ItemPage\"],\"@id\":\"https:\\\/\\\/www.purejewels.com\\\/product\\\/wedding-band-in-22ct-sunrise-gold-48769\\\/\",\"url\":\"https:\\\/\\\/www.purejewels.com\\\/product\\\/wedding-band-in-22ct-sunrise-gold-48769\\\/\",\"name\":\"Stunning Sunrise Gold! Wedding Band | Size T | 2.5mm\",\"isPartOf\":{\"@id\":\"https:\\\/\\\/www.purejewels.com\\\/#website\"},\"primaryImageOfPage\":{\"@id\":\"https:\\\/\\\/www.purejewels.com\\\/product\\\/wedding-band-in-22ct-sunrise-gold-48769\\\/#primaryimage\"},\"image\":{\"@id\":\"https:\\\/\\\/www.purejewels.com\\\/product\\\/wedding-band-in-22ct-sunrise-gold-48769\\\/#primaryimage\"},\"thumbnailUrl\":\"https:\\\/\\\/static.purejewels.com\\\/wp-content\\\/uploads\\\/2024\\\/01\\\/46289_2.jpg\",\"datePublished\":\"2024-01-04T08:17:06+00:00\",\"dateModified\":\"2026-01-07T06:26:53+00:00\",\"description\":\"Shop the perfect symbol of eternal love with our Wedding Band in 22ct Sunrise Gold. Available in Size T and featuring a timeless 2.5mm width.\",\"breadcrumb\":{\"@id\":\"https:\\\/\\\/www.purejewels.com\\\/product\\\/wedding-band-in-22ct-sunrise-gold-48769\\\/#breadcrumb\"},\"inLanguage\":\"tr\",\"potentialAction\":[{\"@type\":\"ReadAction\",\"target\":[\"https:\\\/\\\/www.purejewels.com\\\/product\\\/wedding-band-in-22ct-sunrise-gold-48769\\\/\"]}]},{\"@type\":\"ImageObject\",\"inLanguage\":\"tr\",\"@id\":\"https:\\\/\\\/www.purejewels.com\\\/product\\\/wedding-band-in-22ct-sunrise-gold-48769\\\/#primaryimage\",\"url\":\"https:\\\/\\\/static.purejewels.com\\\/wp-content\\\/uploads\\\/2024\\\/01\\\/46289_2.jpg\",\"contentUrl\":\"https:\\\/\\\/static.purejewels.com\\\/wp-content\\\/uploads\\\/2024\\\/01\\\/46289_2.jpg\",\"width\":1000,\"height\":1000,\"caption\":\"Wedding Band in 22ct Sunrise Gold\"},{\"@type\":\"BreadcrumbList\",\"@id\":\"https:\\\/\\\/www.purejewels.com\\\/product\\\/wedding-band-in-22ct-sunrise-gold-48769\\\/#breadcrumb\",\"itemListElement\":[{\"@type\":\"ListItem\",\"position\":1,\"name\":\"Home\",\"item\":\"https:\\\/\\\/www.purejewels.com\\\/\"},{\"@type\":\"ListItem\",\"position\":2,\"name\":\"Shop\",\"item\":\"https:\\\/\\\/www.purejewels.com\\\/shop\\\/\"},{\"@type\":\"ListItem\",\"position\":3,\"name\":\"Wedding Band in 22ct Sunrise Gold | Size T | 2.5mm\"}]},{\"@type\":\"WebSite\",\"@id\":\"https:\\\/\\\/www.purejewels.com\\\/#website\",\"url\":\"https:\\\/\\\/www.purejewels.com\\\/\",\"name\":\"PureJewels UK\",\"description\":\"Share the Love\",\"publisher\":{\"@id\":\"https:\\\/\\\/www.purejewels.com\\\/#organization\"},\"potentialAction\":[{\"@type\":\"SearchAction\",\"target\":{\"@type\":\"EntryPoint\",\"urlTemplate\":\"https:\\\/\\\/www.purejewels.com\\\/?s={search_term_string}\"},\"query-input\":{\"@type\":\"PropertyValueSpecification\",\"valueRequired\":true,\"valueName\":\"search_term_string\"}}],\"inLanguage\":\"tr\"},{\"@type\":\"Organization\",\"@id\":\"https:\\\/\\\/www.purejewels.com\\\/#organization\",\"name\":\"PureJewels UK\",\"url\":\"https:\\\/\\\/www.purejewels.com\\\/\",\"logo\":{\"@type\":\"ImageObject\",\"inLanguage\":\"tr\",\"@id\":\"https:\\\/\\\/www.purejewels.com\\\/#\\\/schema\\\/logo\\\/image\\\/\",\"url\":\"https:\\\/\\\/static.purejewels.com\\\/wp-content\\\/uploads\\\/2020\\\/11\\\/Logo-PJ-New-1.png\",\"contentUrl\":\"https:\\\/\\\/static.purejewels.com\\\/wp-content\\\/uploads\\\/2020\\\/11\\\/Logo-PJ-New-1.png\",\"width\":150,\"height\":80,\"caption\":\"PureJewels UK\"},\"image\":{\"@id\":\"https:\\\/\\\/www.purejewels.com\\\/#\\\/schema\\\/logo\\\/image\\\/\"}}]}<\/script>\n<!-- \/ Yoast SEO plugin. -->","yoast_head_json":{"title":"\u00c7arp\u0131c\u0131 G\u00fcn Do\u011fumu Alt\u0131n! Alyans | T Beden | 2,5 mm","description":"Sonsuz a\u015fk\u0131n m\u00fckemmel sembol\u00fc 22 ayar G\u00fcn Do\u011fumu Alt\u0131n Alyans\u0131m\u0131z ile al\u0131\u015fveri\u015f yap\u0131n. T Beden olarak mevcuttur ve zamans\u0131z 2,5 mm geni\u015fli\u011fe sahiptir.","robots":{"index":"index","follow":"follow","max-snippet":"max-snippet:-1","max-image-preview":"max-image-preview:large","max-video-preview":"max-video-preview:-1"},"canonical":"https:\/\/www.purejewels.com\/tr\/urun\/22-ayar-gundogumu-altin-alyans-48769\/","og_locale":"tr_TR","og_type":"article","og_title":"Stunning Sunrise Gold! Wedding Band | Size T | 2.5mm","og_description":"Shop the perfect symbol of eternal love with our Wedding Band in 22ct Sunrise Gold. Available in Size T and featuring a timeless 2.5mm width.","og_url":"https:\/\/www.purejewels.com\/tr\/urun\/22-ayar-gundogumu-altin-alyans-48769\/","og_site_name":"PureJewels UK","article_modified_time":"2026-01-07T06:26:53+00:00","og_image":[{"width":1000,"height":1000,"url":"https:\/\/www.purejewels.com\/wp-content\/uploads\/2024\/01\/46289_2.jpg","type":"image\/jpeg"}],"twitter_card":"summary_large_image","twitter_misc":{"Tahmini okuma s\u00fcresi":"1 dakika"},"schema":{"@context":"https:\/\/schema.org","@graph":[{"@type":["WebPage","ItemPage"],"@id":"https:\/\/www.purejewels.com\/product\/wedding-band-in-22ct-sunrise-gold-48769\/","url":"https:\/\/www.purejewels.com\/product\/wedding-band-in-22ct-sunrise-gold-48769\/","name":"\u00c7arp\u0131c\u0131 G\u00fcn Do\u011fumu Alt\u0131n! Alyans | T Beden | 2,5 mm","isPartOf":{"@id":"https:\/\/www.purejewels.com\/#website"},"primaryImageOfPage":{"@id":"https:\/\/www.purejewels.com\/product\/wedding-band-in-22ct-sunrise-gold-48769\/#primaryimage"},"image":{"@id":"https:\/\/www.purejewels.com\/product\/wedding-band-in-22ct-sunrise-gold-48769\/#primaryimage"},"thumbnailUrl":"https:\/\/static.purejewels.com\/wp-content\/uploads\/2024\/01\/46289_2.jpg","datePublished":"2024-01-04T08:17:06+00:00","dateModified":"2026-01-07T06:26:53+00:00","description":"Sonsuz a\u015fk\u0131n m\u00fckemmel sembol\u00fc 22 ayar G\u00fcn Do\u011fumu Alt\u0131n Alyans\u0131m\u0131z ile al\u0131\u015fveri\u015f yap\u0131n. T Beden olarak mevcuttur ve zamans\u0131z 2,5 mm geni\u015fli\u011fe sahiptir.","breadcrumb":{"@id":"https:\/\/www.purejewels.com\/product\/wedding-band-in-22ct-sunrise-gold-48769\/#breadcrumb"},"inLanguage":"tr","potentialAction":[{"@type":"ReadAction","target":["https:\/\/www.purejewels.com\/product\/wedding-band-in-22ct-sunrise-gold-48769\/"]}]},{"@type":"ImageObject","inLanguage":"tr","@id":"https:\/\/www.purejewels.com\/product\/wedding-band-in-22ct-sunrise-gold-48769\/#primaryimage","url":"https:\/\/static.purejewels.com\/wp-content\/uploads\/2024\/01\/46289_2.jpg","contentUrl":"https:\/\/static.purejewels.com\/wp-content\/uploads\/2024\/01\/46289_2.jpg","width":1000,"height":1000,"caption":"Wedding Band in 22ct Sunrise Gold"},{"@type":"BreadcrumbList","@id":"https:\/\/www.purejewels.com\/product\/wedding-band-in-22ct-sunrise-gold-48769\/#breadcrumb","itemListElement":[{"@type":"ListItem","position":1,"name":"Home","item":"https:\/\/www.purejewels.com\/"},{"@type":"ListItem","position":2,"name":"Shop","item":"https:\/\/www.purejewels.com\/shop\/"},{"@type":"ListItem","position":3,"name":"Wedding Band in 22ct Sunrise Gold | Size T | 2.5mm"}]},{"@type":"WebSite","@id":"https:\/\/www.purejewels.com\/#website","url":"https:\/\/www.purejewels.com\/","name":"PureJewels \u0130ngiltere","description":"Sevgiyi Payla\u015f\u0131n","publisher":{"@id":"https:\/\/www.purejewels.com\/#organization"},"potentialAction":[{"@type":"SearchAction","target":{"@type":"EntryPoint","urlTemplate":"https:\/\/www.purejewels.com\/?s={search_term_string}"},"query-input":{"@type":"PropertyValueSpecification","valueRequired":true,"valueName":"search_term_string"}}],"inLanguage":"tr"},{"@type":"Organization","@id":"https:\/\/www.purejewels.com\/#organization","name":"PureJewels \u0130ngiltere","url":"https:\/\/www.purejewels.com\/","logo":{"@type":"ImageObject","inLanguage":"tr","@id":"https:\/\/www.purejewels.com\/#\/schema\/logo\/image\/","url":"https:\/\/static.purejewels.com\/wp-content\/uploads\/2020\/11\/Logo-PJ-New-1.png","contentUrl":"https:\/\/static.purejewels.com\/wp-content\/uploads\/2020\/11\/Logo-PJ-New-1.png","width":150,"height":80,"caption":"PureJewels UK"},"image":{"@id":"https:\/\/www.purejewels.com\/#\/schema\/logo\/image\/"}}]}},"_links":{"self":[{"href":"https:\/\/www.purejewels.com\/tr\/wp-json\/wp\/v2\/product\/355542","targetHints":{"allow":["GET"]}}],"collection":[{"href":"https:\/\/www.purejewels.com\/tr\/wp-json\/wp\/v2\/product"}],"about":[{"href":"https:\/\/www.purejewels.com\/tr\/wp-json\/wp\/v2\/types\/product"}],"replies":[{"embeddable":true,"href":"https:\/\/www.purejewels.com\/tr\/wp-json\/wp\/v2\/comments?post=355542"}],"version-history":[{"count":3,"href":"https:\/\/www.purejewels.com\/tr\/wp-json\/wp\/v2\/product\/355542\/revisions"}],"predecessor-version":[{"id":392316,"href":"https:\/\/www.purejewels.com\/tr\/wp-json\/wp\/v2\/product\/355542\/revisions\/392316"}],"wp:featuredmedia":[{"embeddable":true,"href":"https:\/\/www.purejewels.com\/tr\/wp-json\/wp\/v2\/media\/355724"}],"wp:attachment":[{"href":"https:\/\/www.purejewels.com\/tr\/wp-json\/wp\/v2\/media?parent=355542"}],"wp:term":[{"taxonomy":"product_brand","embeddable":true,"href":"https:\/\/www.purejewels.com\/tr\/wp-json\/wp\/v2\/product_brand?post=355542"},{"taxonomy":"product_cat","embeddable":true,"href":"https:\/\/www.purejewels.com\/tr\/wp-json\/wp\/v2\/product_cat?post=355542"},{"taxonomy":"product_tag","embeddable":true,"href":"https:\/\/www.purejewels.com\/tr\/wp-json\/wp\/v2\/product_tag?post=355542"}],"curies":[{"name":"wp","href":"https:\/\/api.w.org\/{rel}","templated":true}]}}