{"id":355822,"date":"2023-12-11T06:13:29","date_gmt":"2023-12-11T06:13:29","guid":{"rendered":"https:\/\/www.purejewels.com\/?post_type=product&#038;p=355822"},"modified":"2026-02-05T07:54:59","modified_gmt":"2026-02-05T07:54:59","slug":"22-ayar-altin-tavus-kusu-yuzuk-p-beden-46773","status":"publish","type":"product","link":"https:\/\/www.purejewels.com\/tr\/product\/22ct-gold-peacock-ring-size-p-46773\/","title":{"rendered":"22 Ayar Alt\u0131n Tavusku\u015fu Y\u00fcz\u00fck | P Beden"},"content":{"rendered":"<p data-start=\"286\" data-end=\"583\"><strong data-start=\"286\" data-end=\"304\">Tasar\u0131m Konsepti<\/strong><br data-start=\"304\" data-end=\"307\" \/>G\u00fczelli\u011fi, yenilenmeyi ve gururu simgeleyen tavus ku\u015funun zamans\u0131z zarafetinden ilham alan 22 Ayar Alt\u0131n Tavus Ku\u015fu Y\u00fcz\u00fc\u011f\u00fcm\u00fczle zarafeti ve bireyselli\u011fi kutlay\u0131n. Ak\u0131c\u0131 formu ve t\u00fcyl\u00fc detaylar\u0131, daha derin bir hikaye anlat\u0131rken dikkat \u00e7eken \u00e7arp\u0131c\u0131 bir tasar\u0131m yarat\u0131r.<\/p>\n<p data-start=\"585\" data-end=\"916\"><strong data-start=\"585\" data-end=\"602\"><a href=\"https:\/\/www.purejewels.com\/tr\/a-guide-to-die-stamping\/\">Zanaatkarl\u0131k<\/a><\/strong><br data-start=\"602\" data-end=\"605\" \/>Som 22 ayar alt\u0131ndan el i\u015f\u00e7ili\u011fiyle \u00fcretilen bu y\u00fcz\u00fck, tavus ku\u015funun zarafetine hayat veren karma\u015f\u0131k detaylara sahiptir. Par\u00e7a, Londra Assay Office taraf\u0131ndan damgalanarak orijinalli\u011fini ve kal\u0131c\u0131 kalitesini garanti eder. Cesur ama zarif \u015fekli onu hem dayan\u0131kl\u0131 hem de zarif k\u0131lar; \u00f6m\u00fcr boyu kullan\u0131m i\u00e7in m\u00fckemmeldir.<\/p>\n<p data-start=\"918\" data-end=\"1147\"><strong data-start=\"918\" data-end=\"935\">Stil Fikirleri<\/strong><br data-start=\"935\" data-end=\"938\" \/>Bu y\u00fcz\u00fc\u011f\u00fc tek ba\u015f\u0131na bir ifade olarak tak\u0131n ya da alt\u0131n bileklik veya k\u00fcpelerle e\u015fle\u015ftirerek uyumlu bir bayram veya d\u00fc\u011f\u00fcn g\u00f6r\u00fcn\u00fcm\u00fc elde edin. Zengin detaylar\u0131, g\u00fcnl\u00fck k\u0131yafetleri de ki\u015filik ve yetenek dokunu\u015fuyla tamamlar.<\/p>","protected":false},"excerpt":{"rendered":"<div class=\"woocommerce-product-details__short-description\">\n<table class=\"sh_desc\" style=\"width: 100%; height: 252px;\">\n<tbody>\n<tr style=\"height: 28px;\">\n<td style=\"height: 28px;\">Y\u00fcz\u00fck Tipi<\/td>\n<td style=\"height: 28px;\">Bayan Y\u00fcz\u00fck<\/td>\n<\/tr>\n<tr style=\"height: 28px;\">\n<td style=\"height: 28px;\">SKU<\/td>\n<td style=\"height: 28px;\">46773<\/td>\n<\/tr>\n<tr style=\"height: 28px;\">\n<td style=\"height: 28px;\">A\u011f\u0131rl\u0131k<\/td>\n<td style=\"height: 28px;\">3 Gms<\/td>\n<\/tr>\n<tr style=\"height: 28px;\">\n<td style=\"height: 28px;\">Y\u00fckseklik<\/td>\n<td style=\"height: 28px;\">4mm<\/td>\n<\/tr>\n<tr style=\"height: 28px;\">\n<td style=\"height: 28px;\">Boyut<\/td>\n<td style=\"height: 28px;\">P<\/td>\n<\/tr>\n<tr style=\"height: 28px;\">\n<td style=\"height: 28px;\">Metal<\/td>\n<td style=\"height: 28px;\">22 Ayar Alt\u0131n<\/td>\n<\/tr>\n<tr style=\"height: 28px;\">\n<td style=\"height: 28px;\">\u00dccretler<\/td>\n<td style=\"height: 28px;\">Teslimat ve KDV Dahil<\/td>\n<\/tr>\n<tr style=\"height: 28px;\">\n<td style=\"height: 28px;\">Paketleme<\/td>\n<td style=\"height: 28px;\">Sunum Kutusu ile Birlikte Gelir<\/td>\n<\/tr>\n<tr style=\"height: 28px;\">\n<td style=\"height: 28px;\">Daha Fazla Bilgi<\/td>\n<td style=\"height: 28px;\">M\u00fcsaitlik durumu ve daha fazla resim i\u00e7in bizimle canl\u0131 sohbet edin<\/td>\n<\/tr>\n<\/tbody>\n<\/table>\n<\/div>\n<div class=\"btn-atc atc-slide\"><\/div>\n<div class=\"product_meta\"><\/div>","protected":false},"featured_media":355823,"comment_status":"closed","ping_status":"closed","template":"","meta":{"_eb_attr":"","_crsspst_to_jayantr4sg-hostcom":true},"product_brand":[],"product_cat":[1559,1785,1792,1229,1235,5344,1783,5338,1569,1573,1574],"product_tag":[64],"class_list":{"0":"post-355822","1":"product","2":"type-product","3":"status-publish","4":"has-post-thumbnail","6":"product_cat-birthday-gifts","7":"product_cat-daily-wear-rings","8":"product_cat-festival-gifts","9":"product_cat-22ct-gold-jewellery","10":"product_cat-gold-rings","11":"product_cat-jewellery-under-750","12":"product_cat-ladies-rings","13":"product_cat-shop-by-price","14":"product_cat-valentine-day-gifts","15":"product_cat-wedding-gifts","16":"product_cat-womens-jewellery","17":"product_tag-rings","19":"first","20":"instock","21":"taxable","22":"shipping-taxable","23":"purchasable","24":"product-type-simple","25":"add-to-wishlist-before_image"},"yoast_head":"<!-- This site is optimized with the Yoast SEO plugin v27.5 - https:\/\/yoast.com\/product\/yoast-seo-wordpress\/ -->\n<title>Shop 22ct Gold Peacock ring online at PureJewels UK<\/title>\n<meta name=\"description\" content=\"Indulge in the beauty of our 22ct Gold Peacock Ring, a luxurious Valentine&#039;s gift, now available at PureJewels UK online Shop. Free delivery across UK.\" \/>\n<meta name=\"robots\" content=\"index, follow, max-snippet:-1, max-image-preview:large, max-video-preview:-1\" \/>\n<link rel=\"canonical\" href=\"https:\/\/www.purejewels.com\/tr\/urun\/22-ayar-altin-tavus-kusu-yuzuk-p-beden-46773\/\" \/>\n<meta property=\"og:locale\" content=\"tr_TR\" \/>\n<meta property=\"og:type\" content=\"article\" \/>\n<meta property=\"og:title\" content=\"Shop 22ct Gold Peacock ring online at PureJewels UK\" \/>\n<meta property=\"og:description\" content=\"Indulge in the beauty of our 22ct Gold Peacock Ring, a luxurious Valentine&#039;s gift, now available at PureJewels UK online Shop. Free delivery across UK.\" \/>\n<meta property=\"og:url\" content=\"https:\/\/www.purejewels.com\/tr\/urun\/22-ayar-altin-tavus-kusu-yuzuk-p-beden-46773\/\" \/>\n<meta property=\"og:site_name\" content=\"PureJewels UK\" \/>\n<meta property=\"article:modified_time\" content=\"2026-02-05T07:54:59+00:00\" \/>\n<meta property=\"og:image\" content=\"https:\/\/static.purejewels.com\/wp-content\/uploads\/2024\/01\/46773_1.jpg\" \/>\n\t<meta property=\"og:image:width\" content=\"1000\" \/>\n\t<meta property=\"og:image:height\" content=\"1000\" \/>\n\t<meta property=\"og:image:type\" content=\"image\/jpeg\" \/>\n<meta name=\"twitter:card\" content=\"summary_large_image\" \/>\n<meta name=\"twitter:label1\" content=\"Tahmini okuma s\u00fcresi\" \/>\n\t<meta name=\"twitter:data1\" content=\"1 dakika\" \/>\n<script type=\"application\/ld+json\" class=\"yoast-schema-graph\">{\"@context\":\"https:\\\/\\\/schema.org\",\"@graph\":[{\"@type\":[\"WebPage\",\"ItemPage\"],\"@id\":\"https:\\\/\\\/www.purejewels.com\\\/product\\\/22ct-gold-peacock-ring-size-p-46773\\\/\",\"url\":\"https:\\\/\\\/www.purejewels.com\\\/product\\\/22ct-gold-peacock-ring-size-p-46773\\\/\",\"name\":\"Shop 22ct Gold Peacock ring online at PureJewels UK\",\"isPartOf\":{\"@id\":\"https:\\\/\\\/www.purejewels.com\\\/#website\"},\"primaryImageOfPage\":{\"@id\":\"https:\\\/\\\/www.purejewels.com\\\/product\\\/22ct-gold-peacock-ring-size-p-46773\\\/#primaryimage\"},\"image\":{\"@id\":\"https:\\\/\\\/www.purejewels.com\\\/product\\\/22ct-gold-peacock-ring-size-p-46773\\\/#primaryimage\"},\"thumbnailUrl\":\"https:\\\/\\\/static.purejewels.com\\\/wp-content\\\/uploads\\\/2024\\\/01\\\/46773_1.jpg\",\"datePublished\":\"2023-12-11T06:13:29+00:00\",\"dateModified\":\"2026-02-05T07:54:59+00:00\",\"description\":\"Indulge in the beauty of our 22ct Gold Peacock Ring, a luxurious Valentine's gift, now available at PureJewels UK online Shop. Free delivery across UK.\",\"breadcrumb\":{\"@id\":\"https:\\\/\\\/www.purejewels.com\\\/product\\\/22ct-gold-peacock-ring-size-p-46773\\\/#breadcrumb\"},\"inLanguage\":\"tr\",\"potentialAction\":[{\"@type\":\"ReadAction\",\"target\":[\"https:\\\/\\\/www.purejewels.com\\\/product\\\/22ct-gold-peacock-ring-size-p-46773\\\/\"]}]},{\"@type\":\"ImageObject\",\"inLanguage\":\"tr\",\"@id\":\"https:\\\/\\\/www.purejewels.com\\\/product\\\/22ct-gold-peacock-ring-size-p-46773\\\/#primaryimage\",\"url\":\"https:\\\/\\\/static.purejewels.com\\\/wp-content\\\/uploads\\\/2024\\\/01\\\/46773_1.jpg\",\"contentUrl\":\"https:\\\/\\\/static.purejewels.com\\\/wp-content\\\/uploads\\\/2024\\\/01\\\/46773_1.jpg\",\"width\":1000,\"height\":1000,\"caption\":\"22ct Gold Peacock Ring | Size P 46773\"},{\"@type\":\"BreadcrumbList\",\"@id\":\"https:\\\/\\\/www.purejewels.com\\\/product\\\/22ct-gold-peacock-ring-size-p-46773\\\/#breadcrumb\",\"itemListElement\":[{\"@type\":\"ListItem\",\"position\":1,\"name\":\"Home\",\"item\":\"https:\\\/\\\/www.purejewels.com\\\/\"},{\"@type\":\"ListItem\",\"position\":2,\"name\":\"Shop\",\"item\":\"https:\\\/\\\/www.purejewels.com\\\/shop\\\/\"},{\"@type\":\"ListItem\",\"position\":3,\"name\":\"22ct Gold Peacock Ring | Size P\"}]},{\"@type\":\"WebSite\",\"@id\":\"https:\\\/\\\/www.purejewels.com\\\/#website\",\"url\":\"https:\\\/\\\/www.purejewels.com\\\/\",\"name\":\"PureJewels UK\",\"description\":\"Share the Love\",\"publisher\":{\"@id\":\"https:\\\/\\\/www.purejewels.com\\\/#organization\"},\"potentialAction\":[{\"@type\":\"SearchAction\",\"target\":{\"@type\":\"EntryPoint\",\"urlTemplate\":\"https:\\\/\\\/www.purejewels.com\\\/?s={search_term_string}\"},\"query-input\":{\"@type\":\"PropertyValueSpecification\",\"valueRequired\":true,\"valueName\":\"search_term_string\"}}],\"inLanguage\":\"tr\"},{\"@type\":\"Organization\",\"@id\":\"https:\\\/\\\/www.purejewels.com\\\/#organization\",\"name\":\"PureJewels UK\",\"url\":\"https:\\\/\\\/www.purejewels.com\\\/\",\"logo\":{\"@type\":\"ImageObject\",\"inLanguage\":\"tr\",\"@id\":\"https:\\\/\\\/www.purejewels.com\\\/#\\\/schema\\\/logo\\\/image\\\/\",\"url\":\"https:\\\/\\\/static.purejewels.com\\\/wp-content\\\/uploads\\\/2020\\\/11\\\/Logo-PJ-New-1.png\",\"contentUrl\":\"https:\\\/\\\/static.purejewels.com\\\/wp-content\\\/uploads\\\/2020\\\/11\\\/Logo-PJ-New-1.png\",\"width\":150,\"height\":80,\"caption\":\"PureJewels UK\"},\"image\":{\"@id\":\"https:\\\/\\\/www.purejewels.com\\\/#\\\/schema\\\/logo\\\/image\\\/\"}}]}<\/script>\n<!-- \/ Yoast SEO plugin. -->","yoast_head_json":{"title":"PureJewels UK'de 22 ayar alt\u0131n tavus ku\u015fu y\u00fcz\u00fc\u011f\u00fcn\u00fc online sat\u0131n al\u0131n","description":"L\u00fcks bir Sevgililer G\u00fcn\u00fc hediyesi olan 22 Ayar Alt\u0131n Tavusku\u015fu Y\u00fcz\u00fc\u011f\u00fcm\u00fcz\u00fcn g\u00fczelli\u011fiyle kendinizi \u015f\u0131mart\u0131n, \u015fimdi PureJewels UK online Ma\u011fazas\u0131nda. \u0130ngiltere genelinde \u00fccretsiz teslimat.","robots":{"index":"index","follow":"follow","max-snippet":"max-snippet:-1","max-image-preview":"max-image-preview:large","max-video-preview":"max-video-preview:-1"},"canonical":"https:\/\/www.purejewels.com\/tr\/urun\/22-ayar-altin-tavus-kusu-yuzuk-p-beden-46773\/","og_locale":"tr_TR","og_type":"article","og_title":"Shop 22ct Gold Peacock ring online at PureJewels UK","og_description":"Indulge in the beauty of our 22ct Gold Peacock Ring, a luxurious Valentine's gift, now available at PureJewels UK online Shop. Free delivery across UK.","og_url":"https:\/\/www.purejewels.com\/tr\/urun\/22-ayar-altin-tavus-kusu-yuzuk-p-beden-46773\/","og_site_name":"PureJewels UK","article_modified_time":"2026-02-05T07:54:59+00:00","og_image":[{"width":1000,"height":1000,"url":"https:\/\/static.purejewels.com\/wp-content\/uploads\/2024\/01\/46773_1.jpg","type":"image\/jpeg"}],"twitter_card":"summary_large_image","twitter_misc":{"Tahmini okuma s\u00fcresi":"1 dakika"},"schema":{"@context":"https:\/\/schema.org","@graph":[{"@type":["WebPage","ItemPage"],"@id":"https:\/\/www.purejewels.com\/product\/22ct-gold-peacock-ring-size-p-46773\/","url":"https:\/\/www.purejewels.com\/product\/22ct-gold-peacock-ring-size-p-46773\/","name":"PureJewels UK'de 22 ayar alt\u0131n tavus ku\u015fu y\u00fcz\u00fc\u011f\u00fcn\u00fc online sat\u0131n al\u0131n","isPartOf":{"@id":"https:\/\/www.purejewels.com\/#website"},"primaryImageOfPage":{"@id":"https:\/\/www.purejewels.com\/product\/22ct-gold-peacock-ring-size-p-46773\/#primaryimage"},"image":{"@id":"https:\/\/www.purejewels.com\/product\/22ct-gold-peacock-ring-size-p-46773\/#primaryimage"},"thumbnailUrl":"https:\/\/static.purejewels.com\/wp-content\/uploads\/2024\/01\/46773_1.jpg","datePublished":"2023-12-11T06:13:29+00:00","dateModified":"2026-02-05T07:54:59+00:00","description":"L\u00fcks bir Sevgililer G\u00fcn\u00fc hediyesi olan 22 Ayar Alt\u0131n Tavusku\u015fu Y\u00fcz\u00fc\u011f\u00fcm\u00fcz\u00fcn g\u00fczelli\u011fiyle kendinizi \u015f\u0131mart\u0131n, \u015fimdi PureJewels UK online Ma\u011fazas\u0131nda. \u0130ngiltere genelinde \u00fccretsiz teslimat.","breadcrumb":{"@id":"https:\/\/www.purejewels.com\/product\/22ct-gold-peacock-ring-size-p-46773\/#breadcrumb"},"inLanguage":"tr","potentialAction":[{"@type":"ReadAction","target":["https:\/\/www.purejewels.com\/product\/22ct-gold-peacock-ring-size-p-46773\/"]}]},{"@type":"ImageObject","inLanguage":"tr","@id":"https:\/\/www.purejewels.com\/product\/22ct-gold-peacock-ring-size-p-46773\/#primaryimage","url":"https:\/\/static.purejewels.com\/wp-content\/uploads\/2024\/01\/46773_1.jpg","contentUrl":"https:\/\/static.purejewels.com\/wp-content\/uploads\/2024\/01\/46773_1.jpg","width":1000,"height":1000,"caption":"22ct Gold Peacock Ring | Size P 46773"},{"@type":"BreadcrumbList","@id":"https:\/\/www.purejewels.com\/product\/22ct-gold-peacock-ring-size-p-46773\/#breadcrumb","itemListElement":[{"@type":"ListItem","position":1,"name":"Home","item":"https:\/\/www.purejewels.com\/"},{"@type":"ListItem","position":2,"name":"Shop","item":"https:\/\/www.purejewels.com\/shop\/"},{"@type":"ListItem","position":3,"name":"22ct Gold Peacock Ring | Size P"}]},{"@type":"WebSite","@id":"https:\/\/www.purejewels.com\/#website","url":"https:\/\/www.purejewels.com\/","name":"PureJewels \u0130ngiltere","description":"Sevgiyi Payla\u015f\u0131n","publisher":{"@id":"https:\/\/www.purejewels.com\/#organization"},"potentialAction":[{"@type":"SearchAction","target":{"@type":"EntryPoint","urlTemplate":"https:\/\/www.purejewels.com\/?s={search_term_string}"},"query-input":{"@type":"PropertyValueSpecification","valueRequired":true,"valueName":"search_term_string"}}],"inLanguage":"tr"},{"@type":"Organization","@id":"https:\/\/www.purejewels.com\/#organization","name":"PureJewels \u0130ngiltere","url":"https:\/\/www.purejewels.com\/","logo":{"@type":"ImageObject","inLanguage":"tr","@id":"https:\/\/www.purejewels.com\/#\/schema\/logo\/image\/","url":"https:\/\/static.purejewels.com\/wp-content\/uploads\/2020\/11\/Logo-PJ-New-1.png","contentUrl":"https:\/\/static.purejewels.com\/wp-content\/uploads\/2020\/11\/Logo-PJ-New-1.png","width":150,"height":80,"caption":"PureJewels UK"},"image":{"@id":"https:\/\/www.purejewels.com\/#\/schema\/logo\/image\/"}}]}},"_links":{"self":[{"href":"https:\/\/www.purejewels.com\/tr\/wp-json\/wp\/v2\/product\/355822","targetHints":{"allow":["GET"]}}],"collection":[{"href":"https:\/\/www.purejewels.com\/tr\/wp-json\/wp\/v2\/product"}],"about":[{"href":"https:\/\/www.purejewels.com\/tr\/wp-json\/wp\/v2\/types\/product"}],"replies":[{"embeddable":true,"href":"https:\/\/www.purejewels.com\/tr\/wp-json\/wp\/v2\/comments?post=355822"}],"version-history":[{"count":3,"href":"https:\/\/www.purejewels.com\/tr\/wp-json\/wp\/v2\/product\/355822\/revisions"}],"predecessor-version":[{"id":420365,"href":"https:\/\/www.purejewels.com\/tr\/wp-json\/wp\/v2\/product\/355822\/revisions\/420365"}],"wp:featuredmedia":[{"embeddable":true,"href":"https:\/\/www.purejewels.com\/tr\/wp-json\/wp\/v2\/media\/355823"}],"wp:attachment":[{"href":"https:\/\/www.purejewels.com\/tr\/wp-json\/wp\/v2\/media?parent=355822"}],"wp:term":[{"taxonomy":"product_brand","embeddable":true,"href":"https:\/\/www.purejewels.com\/tr\/wp-json\/wp\/v2\/product_brand?post=355822"},{"taxonomy":"product_cat","embeddable":true,"href":"https:\/\/www.purejewels.com\/tr\/wp-json\/wp\/v2\/product_cat?post=355822"},{"taxonomy":"product_tag","embeddable":true,"href":"https:\/\/www.purejewels.com\/tr\/wp-json\/wp\/v2\/product_tag?post=355822"}],"curies":[{"name":"wp","href":"https:\/\/api.w.org\/{rel}","templated":true}]}}