{"id":355833,"date":"2023-12-11T07:02:28","date_gmt":"2023-12-11T07:02:28","guid":{"rendered":"https:\/\/www.purejewels.com\/?post_type=product&#038;p=355833"},"modified":"2026-01-07T06:36:52","modified_gmt":"2026-01-07T06:36:52","slug":"22-ayar-sari-altin-kutsal-hac-yuzuk-n-beden-46792","status":"publish","type":"product","link":"https:\/\/www.purejewels.com\/tr\/product\/22ct-yellow-gold-holy-cross-ring-with-cz-size-n-46792\/","title":{"rendered":"22 Ayar Sar\u0131 Alt\u0131n CZ'li Kutsal Ha\u00e7 Y\u00fcz\u00fck | N Beden"},"content":{"rendered":"<p data-start=\"398\" data-end=\"743\"><strong data-start=\"398\" data-end=\"416\">Tasar\u0131m Konsepti<\/strong><br data-start=\"416\" data-end=\"419\" \/>Adanm\u0131\u015fl\u0131\u011f\u0131n g\u00fczel bir ifadesi olan bu 22 Ayar Sar\u0131 Alt\u0131n Kutsal Ha\u00e7 Y\u00fcz\u00fck, ruhani sembolizmi zarif tasar\u0131mla harmanl\u0131yor. Y\u00fcz\u00fc\u011f\u00fcn kalbinde yer alan ha\u00e7, g\u00fcc\u00fc, zarafeti ve ilahi rehberli\u011fi simgelemektedir. \u0130nce ama \u00e7arp\u0131c\u0131 tasar\u0131m\u0131yla ki\u015fisel inanc\u0131n m\u00fckemmel bir ifadesidir.<\/p>\n<p data-start=\"745\" data-end=\"1147\"><strong data-start=\"745\" data-end=\"762\"><a href=\"https:\/\/www.purejewels.com\/tr\/a-guide-to-die-stamping\/\">Zanaatkarl\u0131k<\/a><\/strong><br data-start=\"762\" data-end=\"765\" \/>22 ayar som alt\u0131ndan \u00fcretilen bu y\u00fcz\u00fck 3,2 gram a\u011f\u0131rl\u0131\u011f\u0131nda ve 2,5 mm y\u00fcksekli\u011finde olup hem dayan\u0131kl\u0131l\u0131k hem de \u015f\u0131kl\u0131k sunar. Par\u0131ldayan bir CZ ta\u015f\u0131 ha\u00e7\u0131n i\u00e7inde zarif\u00e7e oturur ve tasar\u0131m\u0131 bo\u011fmadan bir parlakl\u0131k dokunu\u015fu ekler. Detaylara \u00f6zen g\u00f6sterilerek titizlikle \u00fcretilen bu y\u00fcz\u00fck, orijinalli\u011fi i\u00e7in damgalanm\u0131\u015ft\u0131r ve PureJewels hediye kutusunda sunulur.<\/p>\n<p data-start=\"1149\" data-end=\"1425\"><strong data-start=\"1149\" data-end=\"1166\">Stil Fikirleri<\/strong><br data-start=\"1166\" data-end=\"1169\" \/>Hem g\u00fcnl\u00fck kullan\u0131m hem de \u00f6zel g\u00fcnler i\u00e7in ideal olan bu y\u00fcz\u00fck, minimal alt\u0131n bantlar veya ruhani kolyelerle g\u00fczel bir uyum sa\u011flar. Vaftiz t\u00f6renleri, onaylar veya ki\u015fisel d\u00f6n\u00fcm noktalar\u0131 i\u00e7in d\u00fc\u015f\u00fcnceli bir hediye ve her g\u00fcn yak\u0131nlarda tak\u0131lacak de\u011ferli bir par\u00e7a.<\/p>","protected":false},"excerpt":{"rendered":"<div class=\"woocommerce-product-details__short-description\">\n<table class=\"sh_desc\" style=\"width: 100%; height: 252px;\">\n<tbody>\n<tr style=\"height: 28px;\">\n<td style=\"height: 28px;\">Y\u00fcz\u00fck Tipi<\/td>\n<td style=\"height: 28px;\">Bayan Y\u00fcz\u00fck<\/td>\n<\/tr>\n<tr style=\"height: 28px;\">\n<td style=\"height: 28px;\">SKU<\/td>\n<td style=\"height: 28px;\">46792<\/td>\n<\/tr>\n<tr style=\"height: 28px;\">\n<td style=\"height: 28px;\">A\u011f\u0131rl\u0131k<\/td>\n<td style=\"height: 28px;\">3.2 Gms<\/td>\n<\/tr>\n<tr style=\"height: 28px;\">\n<td style=\"height: 28px;\">Y\u00fckseklik<\/td>\n<td style=\"height: 28px;\">2,5 mm<\/td>\n<\/tr>\n<tr style=\"height: 28px;\">\n<td style=\"height: 28px;\">Boyut<\/td>\n<td style=\"height: 28px;\">N<\/td>\n<\/tr>\n<tr style=\"height: 28px;\">\n<td style=\"height: 28px;\">Ta\u015f<\/td>\n<td style=\"height: 28px;\">CZ<\/td>\n<\/tr>\n<tr style=\"height: 28px;\">\n<td style=\"height: 28px;\">Metal<\/td>\n<td style=\"height: 28px;\">22 Ayar Alt\u0131n<\/td>\n<\/tr>\n<tr style=\"height: 28px;\">\n<td style=\"height: 28px;\">\u00dccretler<\/td>\n<td style=\"height: 28px;\">Teslimat ve KDV Dahil<\/td>\n<\/tr>\n<tr style=\"height: 28px;\">\n<td style=\"height: 28px;\">Paketleme<\/td>\n<td style=\"height: 28px;\">Sunum Kutusu ile Birlikte Gelir<\/td>\n<\/tr>\n<tr style=\"height: 28px;\">\n<td style=\"height: 28px;\">Daha Fazla Bilgi<\/td>\n<td style=\"height: 28px;\">M\u00fcsaitlik durumu ve daha fazla resim i\u00e7in bizimle canl\u0131 sohbet edin<\/td>\n<\/tr>\n<\/tbody>\n<\/table>\n<\/div>\n<div class=\"btn-atc atc-slide\"><\/div>\n<div class=\"product_meta\"><\/div>","protected":false},"featured_media":355834,"comment_status":"closed","ping_status":"closed","template":"","meta":{"_eb_attr":"","_crsspst_to_jayantr4sg-hostcom":true},"product_brand":[],"product_cat":[1559,1785,1792,1229,1235,5344,1783,5338,1573,1574],"product_tag":[64],"class_list":{"0":"post-355833","1":"product","2":"type-product","3":"status-publish","4":"has-post-thumbnail","6":"product_cat-birthday-gifts","7":"product_cat-daily-wear-rings","8":"product_cat-festival-gifts","9":"product_cat-22ct-gold-jewellery","10":"product_cat-gold-rings","11":"product_cat-jewellery-under-750","12":"product_cat-ladies-rings","13":"product_cat-shop-by-price","14":"product_cat-wedding-gifts","15":"product_cat-womens-jewellery","16":"product_tag-rings","18":"first","19":"outofstock","20":"sale","21":"taxable","22":"shipping-taxable","23":"product-type-simple","24":"add-to-wishlist-before_image"},"yoast_head":"<!-- This site is optimized with the Yoast SEO plugin v27.3 - https:\/\/yoast.com\/product\/yoast-seo-wordpress\/ -->\n<title>22ct Gold Holy Cross ring online at PureJewels UK<\/title>\n<meta name=\"description\" content=\"Elevate your style with our exquisite 22ct Yellow Gold Holy Cross Ring with CZ Ring, a stunning jewellery gift from PureJewels UK online.\" \/>\n<meta name=\"robots\" content=\"index, follow, max-snippet:-1, max-image-preview:large, max-video-preview:-1\" \/>\n<link rel=\"canonical\" href=\"https:\/\/www.purejewels.com\/tr\/urun\/22-ayar-sari-altin-kutsal-hac-yuzuk-n-beden-46792\/\" \/>\n<meta property=\"og:locale\" content=\"tr_TR\" \/>\n<meta property=\"og:type\" content=\"article\" \/>\n<meta property=\"og:title\" content=\"22ct Gold Holy Cross ring online at PureJewels UK\" \/>\n<meta property=\"og:description\" content=\"Elevate your style with our exquisite 22ct Yellow Gold Holy Cross Ring with CZ Ring, a stunning jewellery gift from PureJewels UK online.\" \/>\n<meta property=\"og:url\" content=\"https:\/\/www.purejewels.com\/tr\/urun\/22-ayar-sari-altin-kutsal-hac-yuzuk-n-beden-46792\/\" \/>\n<meta property=\"og:site_name\" content=\"PureJewels UK\" \/>\n<meta property=\"article:modified_time\" content=\"2026-01-07T06:36:52+00:00\" \/>\n<meta property=\"og:image\" content=\"https:\/\/www.purejewels.com\/wp-content\/uploads\/2024\/01\/46792_1.jpg\" \/>\n\t<meta property=\"og:image:width\" content=\"1000\" \/>\n\t<meta property=\"og:image:height\" content=\"1000\" \/>\n\t<meta property=\"og:image:type\" content=\"image\/jpeg\" \/>\n<meta name=\"twitter:card\" content=\"summary_large_image\" \/>\n<meta name=\"twitter:label1\" content=\"Tahmini okuma s\u00fcresi\" \/>\n\t<meta name=\"twitter:data1\" content=\"1 dakika\" \/>\n<script type=\"application\/ld+json\" class=\"yoast-schema-graph\">{\"@context\":\"https:\\\/\\\/schema.org\",\"@graph\":[{\"@type\":[\"WebPage\",\"ItemPage\"],\"@id\":\"https:\\\/\\\/www.purejewels.com\\\/product\\\/22ct-yellow-gold-holy-cross-ring-with-cz-size-n-46792\\\/\",\"url\":\"https:\\\/\\\/www.purejewels.com\\\/product\\\/22ct-yellow-gold-holy-cross-ring-with-cz-size-n-46792\\\/\",\"name\":\"22ct Gold Holy Cross ring online at PureJewels UK\",\"isPartOf\":{\"@id\":\"https:\\\/\\\/www.purejewels.com\\\/#website\"},\"primaryImageOfPage\":{\"@id\":\"https:\\\/\\\/www.purejewels.com\\\/product\\\/22ct-yellow-gold-holy-cross-ring-with-cz-size-n-46792\\\/#primaryimage\"},\"image\":{\"@id\":\"https:\\\/\\\/www.purejewels.com\\\/product\\\/22ct-yellow-gold-holy-cross-ring-with-cz-size-n-46792\\\/#primaryimage\"},\"thumbnailUrl\":\"https:\\\/\\\/static.purejewels.com\\\/wp-content\\\/uploads\\\/2024\\\/01\\\/46792_1.jpg\",\"datePublished\":\"2023-12-11T07:02:28+00:00\",\"dateModified\":\"2026-01-07T06:36:52+00:00\",\"description\":\"Elevate your style with our exquisite 22ct Yellow Gold Holy Cross Ring with CZ Ring, a stunning jewellery gift from PureJewels UK online.\",\"breadcrumb\":{\"@id\":\"https:\\\/\\\/www.purejewels.com\\\/product\\\/22ct-yellow-gold-holy-cross-ring-with-cz-size-n-46792\\\/#breadcrumb\"},\"inLanguage\":\"tr\",\"potentialAction\":[{\"@type\":\"ReadAction\",\"target\":[\"https:\\\/\\\/www.purejewels.com\\\/product\\\/22ct-yellow-gold-holy-cross-ring-with-cz-size-n-46792\\\/\"]}]},{\"@type\":\"ImageObject\",\"inLanguage\":\"tr\",\"@id\":\"https:\\\/\\\/www.purejewels.com\\\/product\\\/22ct-yellow-gold-holy-cross-ring-with-cz-size-n-46792\\\/#primaryimage\",\"url\":\"https:\\\/\\\/static.purejewels.com\\\/wp-content\\\/uploads\\\/2024\\\/01\\\/46792_1.jpg\",\"contentUrl\":\"https:\\\/\\\/static.purejewels.com\\\/wp-content\\\/uploads\\\/2024\\\/01\\\/46792_1.jpg\",\"width\":1000,\"height\":1000,\"caption\":\"22ct Yellow Gold Holy Cross Ring with CZ\"},{\"@type\":\"BreadcrumbList\",\"@id\":\"https:\\\/\\\/www.purejewels.com\\\/product\\\/22ct-yellow-gold-holy-cross-ring-with-cz-size-n-46792\\\/#breadcrumb\",\"itemListElement\":[{\"@type\":\"ListItem\",\"position\":1,\"name\":\"Home\",\"item\":\"https:\\\/\\\/www.purejewels.com\\\/\"},{\"@type\":\"ListItem\",\"position\":2,\"name\":\"Shop\",\"item\":\"https:\\\/\\\/www.purejewels.com\\\/shop\\\/\"},{\"@type\":\"ListItem\",\"position\":3,\"name\":\"22ct Yellow Gold Holy Cross Ring with CZ | Size N\"}]},{\"@type\":\"WebSite\",\"@id\":\"https:\\\/\\\/www.purejewels.com\\\/#website\",\"url\":\"https:\\\/\\\/www.purejewels.com\\\/\",\"name\":\"PureJewels UK\",\"description\":\"Share the Love\",\"publisher\":{\"@id\":\"https:\\\/\\\/www.purejewels.com\\\/#organization\"},\"potentialAction\":[{\"@type\":\"SearchAction\",\"target\":{\"@type\":\"EntryPoint\",\"urlTemplate\":\"https:\\\/\\\/www.purejewels.com\\\/?s={search_term_string}\"},\"query-input\":{\"@type\":\"PropertyValueSpecification\",\"valueRequired\":true,\"valueName\":\"search_term_string\"}}],\"inLanguage\":\"tr\"},{\"@type\":\"Organization\",\"@id\":\"https:\\\/\\\/www.purejewels.com\\\/#organization\",\"name\":\"PureJewels UK\",\"url\":\"https:\\\/\\\/www.purejewels.com\\\/\",\"logo\":{\"@type\":\"ImageObject\",\"inLanguage\":\"tr\",\"@id\":\"https:\\\/\\\/www.purejewels.com\\\/#\\\/schema\\\/logo\\\/image\\\/\",\"url\":\"https:\\\/\\\/static.purejewels.com\\\/wp-content\\\/uploads\\\/2020\\\/11\\\/Logo-PJ-New-1.png\",\"contentUrl\":\"https:\\\/\\\/static.purejewels.com\\\/wp-content\\\/uploads\\\/2020\\\/11\\\/Logo-PJ-New-1.png\",\"width\":150,\"height\":80,\"caption\":\"PureJewels UK\"},\"image\":{\"@id\":\"https:\\\/\\\/www.purejewels.com\\\/#\\\/schema\\\/logo\\\/image\\\/\"}}]}<\/script>\n<!-- \/ Yoast SEO plugin. -->","yoast_head_json":{"title":"22 Ayar Alt\u0131n Kutsal Ha\u00e7 Y\u00fcz\u00fck PureJewels UK'de online","description":"PureJewels UK online'dan \u00e7arp\u0131c\u0131 bir m\u00fccevher hediyesi olan zarif 22 Ayar Sar\u0131 Alt\u0131n CZ Y\u00fcz\u00fckl\u00fc Kutsal Ha\u00e7 Y\u00fcz\u00fc\u011f\u00fcm\u00fczle tarz\u0131n\u0131z\u0131 y\u00fckseltin.","robots":{"index":"index","follow":"follow","max-snippet":"max-snippet:-1","max-image-preview":"max-image-preview:large","max-video-preview":"max-video-preview:-1"},"canonical":"https:\/\/www.purejewels.com\/tr\/urun\/22-ayar-sari-altin-kutsal-hac-yuzuk-n-beden-46792\/","og_locale":"tr_TR","og_type":"article","og_title":"22ct Gold Holy Cross ring online at PureJewels UK","og_description":"Elevate your style with our exquisite 22ct Yellow Gold Holy Cross Ring with CZ Ring, a stunning jewellery gift from PureJewels UK online.","og_url":"https:\/\/www.purejewels.com\/tr\/urun\/22-ayar-sari-altin-kutsal-hac-yuzuk-n-beden-46792\/","og_site_name":"PureJewels UK","article_modified_time":"2026-01-07T06:36:52+00:00","og_image":[{"width":1000,"height":1000,"url":"https:\/\/www.purejewels.com\/wp-content\/uploads\/2024\/01\/46792_1.jpg","type":"image\/jpeg"}],"twitter_card":"summary_large_image","twitter_misc":{"Tahmini okuma s\u00fcresi":"1 dakika"},"schema":{"@context":"https:\/\/schema.org","@graph":[{"@type":["WebPage","ItemPage"],"@id":"https:\/\/www.purejewels.com\/product\/22ct-yellow-gold-holy-cross-ring-with-cz-size-n-46792\/","url":"https:\/\/www.purejewels.com\/product\/22ct-yellow-gold-holy-cross-ring-with-cz-size-n-46792\/","name":"22 Ayar Alt\u0131n Kutsal Ha\u00e7 Y\u00fcz\u00fck PureJewels UK'de online","isPartOf":{"@id":"https:\/\/www.purejewels.com\/#website"},"primaryImageOfPage":{"@id":"https:\/\/www.purejewels.com\/product\/22ct-yellow-gold-holy-cross-ring-with-cz-size-n-46792\/#primaryimage"},"image":{"@id":"https:\/\/www.purejewels.com\/product\/22ct-yellow-gold-holy-cross-ring-with-cz-size-n-46792\/#primaryimage"},"thumbnailUrl":"https:\/\/static.purejewels.com\/wp-content\/uploads\/2024\/01\/46792_1.jpg","datePublished":"2023-12-11T07:02:28+00:00","dateModified":"2026-01-07T06:36:52+00:00","description":"PureJewels UK online'dan \u00e7arp\u0131c\u0131 bir m\u00fccevher hediyesi olan zarif 22 Ayar Sar\u0131 Alt\u0131n CZ Y\u00fcz\u00fckl\u00fc Kutsal Ha\u00e7 Y\u00fcz\u00fc\u011f\u00fcm\u00fczle tarz\u0131n\u0131z\u0131 y\u00fckseltin.","breadcrumb":{"@id":"https:\/\/www.purejewels.com\/product\/22ct-yellow-gold-holy-cross-ring-with-cz-size-n-46792\/#breadcrumb"},"inLanguage":"tr","potentialAction":[{"@type":"ReadAction","target":["https:\/\/www.purejewels.com\/product\/22ct-yellow-gold-holy-cross-ring-with-cz-size-n-46792\/"]}]},{"@type":"ImageObject","inLanguage":"tr","@id":"https:\/\/www.purejewels.com\/product\/22ct-yellow-gold-holy-cross-ring-with-cz-size-n-46792\/#primaryimage","url":"https:\/\/static.purejewels.com\/wp-content\/uploads\/2024\/01\/46792_1.jpg","contentUrl":"https:\/\/static.purejewels.com\/wp-content\/uploads\/2024\/01\/46792_1.jpg","width":1000,"height":1000,"caption":"22ct Yellow Gold Holy Cross Ring with CZ"},{"@type":"BreadcrumbList","@id":"https:\/\/www.purejewels.com\/product\/22ct-yellow-gold-holy-cross-ring-with-cz-size-n-46792\/#breadcrumb","itemListElement":[{"@type":"ListItem","position":1,"name":"Home","item":"https:\/\/www.purejewels.com\/"},{"@type":"ListItem","position":2,"name":"Shop","item":"https:\/\/www.purejewels.com\/shop\/"},{"@type":"ListItem","position":3,"name":"22ct Yellow Gold Holy Cross Ring with CZ | Size N"}]},{"@type":"WebSite","@id":"https:\/\/www.purejewels.com\/#website","url":"https:\/\/www.purejewels.com\/","name":"PureJewels \u0130ngiltere","description":"Sevgiyi Payla\u015f\u0131n","publisher":{"@id":"https:\/\/www.purejewels.com\/#organization"},"potentialAction":[{"@type":"SearchAction","target":{"@type":"EntryPoint","urlTemplate":"https:\/\/www.purejewels.com\/?s={search_term_string}"},"query-input":{"@type":"PropertyValueSpecification","valueRequired":true,"valueName":"search_term_string"}}],"inLanguage":"tr"},{"@type":"Organization","@id":"https:\/\/www.purejewels.com\/#organization","name":"PureJewels \u0130ngiltere","url":"https:\/\/www.purejewels.com\/","logo":{"@type":"ImageObject","inLanguage":"tr","@id":"https:\/\/www.purejewels.com\/#\/schema\/logo\/image\/","url":"https:\/\/static.purejewels.com\/wp-content\/uploads\/2020\/11\/Logo-PJ-New-1.png","contentUrl":"https:\/\/static.purejewels.com\/wp-content\/uploads\/2020\/11\/Logo-PJ-New-1.png","width":150,"height":80,"caption":"PureJewels UK"},"image":{"@id":"https:\/\/www.purejewels.com\/#\/schema\/logo\/image\/"}}]}},"_links":{"self":[{"href":"https:\/\/www.purejewels.com\/tr\/wp-json\/wp\/v2\/product\/355833","targetHints":{"allow":["GET"]}}],"collection":[{"href":"https:\/\/www.purejewels.com\/tr\/wp-json\/wp\/v2\/product"}],"about":[{"href":"https:\/\/www.purejewels.com\/tr\/wp-json\/wp\/v2\/types\/product"}],"replies":[{"embeddable":true,"href":"https:\/\/www.purejewels.com\/tr\/wp-json\/wp\/v2\/comments?post=355833"}],"version-history":[{"count":2,"href":"https:\/\/www.purejewels.com\/tr\/wp-json\/wp\/v2\/product\/355833\/revisions"}],"predecessor-version":[{"id":420386,"href":"https:\/\/www.purejewels.com\/tr\/wp-json\/wp\/v2\/product\/355833\/revisions\/420386"}],"wp:featuredmedia":[{"embeddable":true,"href":"https:\/\/www.purejewels.com\/tr\/wp-json\/wp\/v2\/media\/355834"}],"wp:attachment":[{"href":"https:\/\/www.purejewels.com\/tr\/wp-json\/wp\/v2\/media?parent=355833"}],"wp:term":[{"taxonomy":"product_brand","embeddable":true,"href":"https:\/\/www.purejewels.com\/tr\/wp-json\/wp\/v2\/product_brand?post=355833"},{"taxonomy":"product_cat","embeddable":true,"href":"https:\/\/www.purejewels.com\/tr\/wp-json\/wp\/v2\/product_cat?post=355833"},{"taxonomy":"product_tag","embeddable":true,"href":"https:\/\/www.purejewels.com\/tr\/wp-json\/wp\/v2\/product_tag?post=355833"}],"curies":[{"name":"wp","href":"https:\/\/api.w.org\/{rel}","templated":true}]}}