{"id":355950,"date":"2024-01-15T11:56:57","date_gmt":"2024-01-15T11:56:57","guid":{"rendered":"https:\/\/www.purejewels.com\/?post_type=product&#038;p=355950"},"modified":"2025-05-22T11:25:21","modified_gmt":"2025-05-22T10:25:21","slug":"cz-46632-ile-22-ayar-altin-fantezi-halka-kupe","status":"publish","type":"product","link":"https:\/\/www.purejewels.com\/tr\/product\/22ct-gold-fancy-hoop-earring-with-cz-46632\/","title":{"rendered":"CZ ile 22 Ayar Alt\u0131n Fantezi Halka K\u00fcpe"},"content":{"rendered":"<p>PureJewels'in CZ'li 22 Ayar Alt\u0131n Fantezi Halka K\u00fcpeleri ile G\u00fcnl\u00fck G\u00f6r\u00fcn\u00fcm\u00fcn\u00fcz\u00fc Y\u00fckseltin.<\/p>\n<p>Bu \u00e7arp\u0131c\u0131 huggies sadece g\u00fcnl\u00fck kullan\u0131m i\u00e7in hafif ve rahat olmakla kalmaz, ayn\u0131 zamanda g\u00f6r\u00fcn\u00fcm\u00fcn\u00fcz\u00fc an\u0131nda y\u00fckseltecek zarif ve sofistike bir hava yayar.<\/p>\n<p>22 ayar alt\u0131ndan \u00fcretilen ve K\u00fcbik Zirkon ta\u015flarla s\u00fcslenen bu halka k\u00fcpeler, l\u00fcks ve uygun fiyat\u0131n m\u00fckemmel bir kar\u0131\u015f\u0131m\u0131d\u0131r. CZ ta\u015flar halkalara \u0131\u015f\u0131lt\u0131 ve cazibe katarak onlar\u0131 hem g\u00fcndelik hem de resmi k\u0131yafetler i\u00e7in ideal bir aksesuar haline getirir. \u0130ster ofise gidin ister \u015fehirde bir gece ge\u00e7irin, bu k\u00fcpeler her k\u0131yafete m\u00fckemmel bir son dokunu\u015f katacakt\u0131r.<\/p>\n<p>PureJewels'ten sat\u0131n ald\u0131\u011f\u0131n\u0131zda, g\u00fcvenilir bir markadan kaliteli bir \u00fcr\u00fcn ald\u0131\u011f\u0131n\u0131za g\u00fcvenebilirsiniz. Birle\u015fik Krall\u0131k'taki Green Street'te bulunan PureJewels, zarif tasar\u0131mlar\u0131yla tan\u0131n\u0131r. <a href=\"https:\/\/www.purejewels.com\/tr\/a-guide-to-die-stamping\/\">zanaatkarl\u0131k<\/a> ve detaylara g\u00f6sterilen \u00f6zen. PureJewels'ten sat\u0131n ald\u0131\u011f\u0131n\u0131zda, sadece g\u00fczel de\u011fil, ayn\u0131 zamanda ustal\u0131kla haz\u0131rlanm\u0131\u015f bir m\u00fccevher par\u00e7as\u0131 ald\u0131\u011f\u0131n\u0131z\u0131 bilerek g\u00fcvenle al\u0131\u015fveri\u015f yapabilirsiniz.<\/p>\n<p>\u00d6yleyse neden bekleyesiniz? PureJewels'in CZ'li 22 Ayar Alt\u0131n Fantezi Halka K\u00fcpeleri ile g\u00fcnl\u00fck g\u00f6r\u00fcn\u00fcm\u00fcn\u00fcz\u00fc y\u00fckseltin. \u015eimdi al\u0131\u015fveri\u015f yap\u0131n ve g\u00fcnl\u00fck giyiminize l\u00fcks bir dokunu\u015f kat\u0131n.<\/p>","protected":false},"excerpt":{"rendered":"<div class=\"woocommerce-product-details__short-description\">\n<table class=\"sh_desc\">\n<tbody>\n<tr>\n<td>K\u00fcpe T\u00fcr\u00fc<\/td>\n<td>Halka K\u00fcpe<\/td>\n<\/tr>\n<tr>\n<td>SKU<\/td>\n<td>46632<\/td>\n<\/tr>\n<tr>\n<td>A\u011f\u0131rl\u0131k<\/td>\n<td>5.1Gms<\/td>\n<\/tr>\n<tr>\n<td>Boyut<\/td>\n<td>Geni\u015flik 8mm, Y\u00fckseklik 20mm<\/td>\n<\/tr>\n<tr>\n<td>Metal<\/td>\n<td>22 Ayar Alt\u0131n<\/td>\n<\/tr>\n<tr>\n<td>\u00dccretler<\/td>\n<td>Teslimat ve KDV Dahil<\/td>\n<\/tr>\n<tr>\n<td>Paketleme<\/td>\n<td>Sunum Kutusu ile Birlikte Gelir<\/td>\n<\/tr>\n<tr>\n<td>Daha Fazla Bilgi<\/td>\n<td>M\u00fcsaitlik durumu ve daha fazla resim i\u00e7in bizimle canl\u0131 sohbet edin<\/td>\n<\/tr>\n<\/tbody>\n<\/table>\n<\/div>\n<div class=\"btn-atc atc-slide\"><\/div>\n<div class=\"product_meta\"><\/div>","protected":false},"featured_media":355951,"comment_status":"closed","ping_status":"closed","template":"","meta":{"_eb_attr":"","_crsspst_to_jayantr4sg-hostcom":true},"product_brand":[],"product_cat":[1791,1559,1792,1254,1229,1579,1574,5349],"product_tag":[66],"class_list":{"0":"post-355950","1":"product","2":"type-product","3":"status-publish","4":"has-post-thumbnail","6":"product_cat-anniversary-gifts","7":"product_cat-birthday-gifts","8":"product_cat-festival-gifts","9":"product_cat-gold-earrings","10":"product_cat-22ct-gold-jewellery","11":"product_cat-hoop-earrings","12":"product_cat-womens-jewellery","13":"product_cat-yellow-gold-jewellery","14":"product_tag-earrings","16":"first","17":"outofstock","18":"sale","19":"taxable","20":"shipping-taxable","21":"product-type-simple","22":"add-to-wishlist-before_image"},"yoast_head":"<!-- This site is optimized with the Yoast SEO plugin v27.5 - https:\/\/yoast.com\/product\/yoast-seo-wordpress\/ -->\n<title>22ct Gold fancy Hoop Earring at online Purejewels UK<\/title>\n<meta name=\"description\" content=\"Explore incredible Black Friday deals on earrings! Perfect for holiday gifts or adding sparkle to your collection\u2014shop now and save big!\" \/>\n<meta name=\"robots\" content=\"index, follow, max-snippet:-1, max-image-preview:large, max-video-preview:-1\" \/>\n<link rel=\"canonical\" href=\"https:\/\/www.purejewels.com\/tr\/urun\/cz-46632-ile-22-ayar-altin-fantezi-halka-kupe\/\" \/>\n<meta property=\"og:locale\" content=\"tr_TR\" \/>\n<meta property=\"og:type\" content=\"article\" \/>\n<meta property=\"og:title\" content=\"22ct Gold fancy Hoop Earring at online Purejewels UK\" \/>\n<meta property=\"og:description\" content=\"Explore incredible Black Friday deals on earrings! Perfect for holiday gifts or adding sparkle to your collection\u2014shop now and save big!\" \/>\n<meta property=\"og:url\" content=\"https:\/\/www.purejewels.com\/tr\/urun\/cz-46632-ile-22-ayar-altin-fantezi-halka-kupe\/\" \/>\n<meta property=\"og:site_name\" content=\"PureJewels UK\" \/>\n<meta property=\"article:modified_time\" content=\"2025-05-22T10:25:21+00:00\" \/>\n<meta property=\"og:image\" content=\"https:\/\/www.purejewels.com\/wp-content\/uploads\/2024\/01\/46632.jpg\" \/>\n\t<meta property=\"og:image:width\" content=\"1000\" \/>\n\t<meta property=\"og:image:height\" content=\"1000\" \/>\n\t<meta property=\"og:image:type\" content=\"image\/jpeg\" \/>\n<meta name=\"twitter:card\" content=\"summary_large_image\" \/>\n<meta name=\"twitter:label1\" content=\"Tahmini okuma s\u00fcresi\" \/>\n\t<meta name=\"twitter:data1\" content=\"1 dakika\" \/>\n<script type=\"application\/ld+json\" class=\"yoast-schema-graph\">{\"@context\":\"https:\\\/\\\/schema.org\",\"@graph\":[{\"@type\":[\"WebPage\",\"ItemPage\"],\"@id\":\"https:\\\/\\\/www.purejewels.com\\\/product\\\/22ct-gold-fancy-hoop-earring-with-cz-46632\\\/\",\"url\":\"https:\\\/\\\/www.purejewels.com\\\/product\\\/22ct-gold-fancy-hoop-earring-with-cz-46632\\\/\",\"name\":\"22ct Gold fancy Hoop Earring at online Purejewels UK\",\"isPartOf\":{\"@id\":\"https:\\\/\\\/www.purejewels.com\\\/#website\"},\"primaryImageOfPage\":{\"@id\":\"https:\\\/\\\/www.purejewels.com\\\/product\\\/22ct-gold-fancy-hoop-earring-with-cz-46632\\\/#primaryimage\"},\"image\":{\"@id\":\"https:\\\/\\\/www.purejewels.com\\\/product\\\/22ct-gold-fancy-hoop-earring-with-cz-46632\\\/#primaryimage\"},\"thumbnailUrl\":\"https:\\\/\\\/static.purejewels.com\\\/wp-content\\\/uploads\\\/2024\\\/01\\\/46632.jpg\",\"datePublished\":\"2024-01-15T11:56:57+00:00\",\"dateModified\":\"2025-05-22T10:25:21+00:00\",\"description\":\"Explore incredible Black Friday deals on earrings! Perfect for holiday gifts or adding sparkle to your collection\u2014shop now and save big!\",\"breadcrumb\":{\"@id\":\"https:\\\/\\\/www.purejewels.com\\\/product\\\/22ct-gold-fancy-hoop-earring-with-cz-46632\\\/#breadcrumb\"},\"inLanguage\":\"tr\",\"potentialAction\":[{\"@type\":\"ReadAction\",\"target\":[\"https:\\\/\\\/www.purejewels.com\\\/product\\\/22ct-gold-fancy-hoop-earring-with-cz-46632\\\/\"]}]},{\"@type\":\"ImageObject\",\"inLanguage\":\"tr\",\"@id\":\"https:\\\/\\\/www.purejewels.com\\\/product\\\/22ct-gold-fancy-hoop-earring-with-cz-46632\\\/#primaryimage\",\"url\":\"https:\\\/\\\/static.purejewels.com\\\/wp-content\\\/uploads\\\/2024\\\/01\\\/46632.jpg\",\"contentUrl\":\"https:\\\/\\\/static.purejewels.com\\\/wp-content\\\/uploads\\\/2024\\\/01\\\/46632.jpg\",\"width\":1000,\"height\":1000,\"caption\":\"22ct Gold Fancy Hoop Earring with CZ\"},{\"@type\":\"BreadcrumbList\",\"@id\":\"https:\\\/\\\/www.purejewels.com\\\/product\\\/22ct-gold-fancy-hoop-earring-with-cz-46632\\\/#breadcrumb\",\"itemListElement\":[{\"@type\":\"ListItem\",\"position\":1,\"name\":\"Home\",\"item\":\"https:\\\/\\\/www.purejewels.com\\\/\"},{\"@type\":\"ListItem\",\"position\":2,\"name\":\"Shop\",\"item\":\"https:\\\/\\\/www.purejewels.com\\\/shop\\\/\"},{\"@type\":\"ListItem\",\"position\":3,\"name\":\"22ct Gold Fancy Hoop Earring with CZ\"}]},{\"@type\":\"WebSite\",\"@id\":\"https:\\\/\\\/www.purejewels.com\\\/#website\",\"url\":\"https:\\\/\\\/www.purejewels.com\\\/\",\"name\":\"PureJewels UK\",\"description\":\"Share the Love\",\"publisher\":{\"@id\":\"https:\\\/\\\/www.purejewels.com\\\/#organization\"},\"potentialAction\":[{\"@type\":\"SearchAction\",\"target\":{\"@type\":\"EntryPoint\",\"urlTemplate\":\"https:\\\/\\\/www.purejewels.com\\\/?s={search_term_string}\"},\"query-input\":{\"@type\":\"PropertyValueSpecification\",\"valueRequired\":true,\"valueName\":\"search_term_string\"}}],\"inLanguage\":\"tr\"},{\"@type\":\"Organization\",\"@id\":\"https:\\\/\\\/www.purejewels.com\\\/#organization\",\"name\":\"PureJewels UK\",\"url\":\"https:\\\/\\\/www.purejewels.com\\\/\",\"logo\":{\"@type\":\"ImageObject\",\"inLanguage\":\"tr\",\"@id\":\"https:\\\/\\\/www.purejewels.com\\\/#\\\/schema\\\/logo\\\/image\\\/\",\"url\":\"https:\\\/\\\/static.purejewels.com\\\/wp-content\\\/uploads\\\/2020\\\/11\\\/Logo-PJ-New-1.png\",\"contentUrl\":\"https:\\\/\\\/static.purejewels.com\\\/wp-content\\\/uploads\\\/2020\\\/11\\\/Logo-PJ-New-1.png\",\"width\":150,\"height\":80,\"caption\":\"PureJewels UK\"},\"image\":{\"@id\":\"https:\\\/\\\/www.purejewels.com\\\/#\\\/schema\\\/logo\\\/image\\\/\"}}]}<\/script>\n<!-- \/ Yoast SEO plugin. -->","yoast_head_json":{"title":"22 Ayar Alt\u0131n Fantezi Halka K\u00fcpe online Purejewels UK'de","description":"K\u00fcpelerdeki inan\u0131lmaz Black Friday f\u0131rsatlar\u0131n\u0131 ke\u015ffedin! Tatil hediyeleri veya koleksiyonunuza \u0131\u015f\u0131lt\u0131 katmak i\u00e7in m\u00fckemmel - \u015fimdi al\u0131\u015fveri\u015f yap\u0131n ve b\u00fcy\u00fck tasarruf edin!","robots":{"index":"index","follow":"follow","max-snippet":"max-snippet:-1","max-image-preview":"max-image-preview:large","max-video-preview":"max-video-preview:-1"},"canonical":"https:\/\/www.purejewels.com\/tr\/urun\/cz-46632-ile-22-ayar-altin-fantezi-halka-kupe\/","og_locale":"tr_TR","og_type":"article","og_title":"22ct Gold fancy Hoop Earring at online Purejewels UK","og_description":"Explore incredible Black Friday deals on earrings! Perfect for holiday gifts or adding sparkle to your collection\u2014shop now and save big!","og_url":"https:\/\/www.purejewels.com\/tr\/urun\/cz-46632-ile-22-ayar-altin-fantezi-halka-kupe\/","og_site_name":"PureJewels UK","article_modified_time":"2025-05-22T10:25:21+00:00","og_image":[{"width":1000,"height":1000,"url":"https:\/\/www.purejewels.com\/wp-content\/uploads\/2024\/01\/46632.jpg","type":"image\/jpeg"}],"twitter_card":"summary_large_image","twitter_misc":{"Tahmini okuma s\u00fcresi":"1 dakika"},"schema":{"@context":"https:\/\/schema.org","@graph":[{"@type":["WebPage","ItemPage"],"@id":"https:\/\/www.purejewels.com\/product\/22ct-gold-fancy-hoop-earring-with-cz-46632\/","url":"https:\/\/www.purejewels.com\/product\/22ct-gold-fancy-hoop-earring-with-cz-46632\/","name":"22 Ayar Alt\u0131n Fantezi Halka K\u00fcpe online Purejewels UK'de","isPartOf":{"@id":"https:\/\/www.purejewels.com\/#website"},"primaryImageOfPage":{"@id":"https:\/\/www.purejewels.com\/product\/22ct-gold-fancy-hoop-earring-with-cz-46632\/#primaryimage"},"image":{"@id":"https:\/\/www.purejewels.com\/product\/22ct-gold-fancy-hoop-earring-with-cz-46632\/#primaryimage"},"thumbnailUrl":"https:\/\/static.purejewels.com\/wp-content\/uploads\/2024\/01\/46632.jpg","datePublished":"2024-01-15T11:56:57+00:00","dateModified":"2025-05-22T10:25:21+00:00","description":"K\u00fcpelerdeki inan\u0131lmaz Black Friday f\u0131rsatlar\u0131n\u0131 ke\u015ffedin! Tatil hediyeleri veya koleksiyonunuza \u0131\u015f\u0131lt\u0131 katmak i\u00e7in m\u00fckemmel - \u015fimdi al\u0131\u015fveri\u015f yap\u0131n ve b\u00fcy\u00fck tasarruf edin!","breadcrumb":{"@id":"https:\/\/www.purejewels.com\/product\/22ct-gold-fancy-hoop-earring-with-cz-46632\/#breadcrumb"},"inLanguage":"tr","potentialAction":[{"@type":"ReadAction","target":["https:\/\/www.purejewels.com\/product\/22ct-gold-fancy-hoop-earring-with-cz-46632\/"]}]},{"@type":"ImageObject","inLanguage":"tr","@id":"https:\/\/www.purejewels.com\/product\/22ct-gold-fancy-hoop-earring-with-cz-46632\/#primaryimage","url":"https:\/\/static.purejewels.com\/wp-content\/uploads\/2024\/01\/46632.jpg","contentUrl":"https:\/\/static.purejewels.com\/wp-content\/uploads\/2024\/01\/46632.jpg","width":1000,"height":1000,"caption":"22ct Gold Fancy Hoop Earring with CZ"},{"@type":"BreadcrumbList","@id":"https:\/\/www.purejewels.com\/product\/22ct-gold-fancy-hoop-earring-with-cz-46632\/#breadcrumb","itemListElement":[{"@type":"ListItem","position":1,"name":"Home","item":"https:\/\/www.purejewels.com\/"},{"@type":"ListItem","position":2,"name":"Shop","item":"https:\/\/www.purejewels.com\/shop\/"},{"@type":"ListItem","position":3,"name":"22ct Gold Fancy Hoop Earring with CZ"}]},{"@type":"WebSite","@id":"https:\/\/www.purejewels.com\/#website","url":"https:\/\/www.purejewels.com\/","name":"PureJewels \u0130ngiltere","description":"Sevgiyi Payla\u015f\u0131n","publisher":{"@id":"https:\/\/www.purejewels.com\/#organization"},"potentialAction":[{"@type":"SearchAction","target":{"@type":"EntryPoint","urlTemplate":"https:\/\/www.purejewels.com\/?s={search_term_string}"},"query-input":{"@type":"PropertyValueSpecification","valueRequired":true,"valueName":"search_term_string"}}],"inLanguage":"tr"},{"@type":"Organization","@id":"https:\/\/www.purejewels.com\/#organization","name":"PureJewels \u0130ngiltere","url":"https:\/\/www.purejewels.com\/","logo":{"@type":"ImageObject","inLanguage":"tr","@id":"https:\/\/www.purejewels.com\/#\/schema\/logo\/image\/","url":"https:\/\/static.purejewels.com\/wp-content\/uploads\/2020\/11\/Logo-PJ-New-1.png","contentUrl":"https:\/\/static.purejewels.com\/wp-content\/uploads\/2020\/11\/Logo-PJ-New-1.png","width":150,"height":80,"caption":"PureJewels UK"},"image":{"@id":"https:\/\/www.purejewels.com\/#\/schema\/logo\/image\/"}}]}},"_links":{"self":[{"href":"https:\/\/www.purejewels.com\/tr\/wp-json\/wp\/v2\/product\/355950","targetHints":{"allow":["GET"]}}],"collection":[{"href":"https:\/\/www.purejewels.com\/tr\/wp-json\/wp\/v2\/product"}],"about":[{"href":"https:\/\/www.purejewels.com\/tr\/wp-json\/wp\/v2\/types\/product"}],"replies":[{"embeddable":true,"href":"https:\/\/www.purejewels.com\/tr\/wp-json\/wp\/v2\/comments?post=355950"}],"version-history":[{"count":4,"href":"https:\/\/www.purejewels.com\/tr\/wp-json\/wp\/v2\/product\/355950\/revisions"}],"predecessor-version":[{"id":387329,"href":"https:\/\/www.purejewels.com\/tr\/wp-json\/wp\/v2\/product\/355950\/revisions\/387329"}],"wp:featuredmedia":[{"embeddable":true,"href":"https:\/\/www.purejewels.com\/tr\/wp-json\/wp\/v2\/media\/355951"}],"wp:attachment":[{"href":"https:\/\/www.purejewels.com\/tr\/wp-json\/wp\/v2\/media?parent=355950"}],"wp:term":[{"taxonomy":"product_brand","embeddable":true,"href":"https:\/\/www.purejewels.com\/tr\/wp-json\/wp\/v2\/product_brand?post=355950"},{"taxonomy":"product_cat","embeddable":true,"href":"https:\/\/www.purejewels.com\/tr\/wp-json\/wp\/v2\/product_cat?post=355950"},{"taxonomy":"product_tag","embeddable":true,"href":"https:\/\/www.purejewels.com\/tr\/wp-json\/wp\/v2\/product_tag?post=355950"}],"curies":[{"name":"wp","href":"https:\/\/api.w.org\/{rel}","templated":true}]}}