{"id":356102,"date":"2024-01-17T08:03:08","date_gmt":"2024-01-17T08:03:08","guid":{"rendered":"https:\/\/www.purejewels.com\/?post_type=product&#038;p=356102"},"modified":"2026-04-27T10:25:17","modified_gmt":"2026-04-27T09:25:17","slug":"ters-cevrilebilir-cicek-desenli-kolye-ucu-22-ayar-altin-47088","status":"publish","type":"product","link":"https:\/\/www.purejewels.com\/tr\/product\/reversible-floral-designed-pendant-in-22ct-gold-47088\/","title":{"rendered":"Ters \u00c7evrilebilir \u00c7i\u00e7ek Tasar\u0131ml\u0131 22 Ayar Alt\u0131n Kolye"},"content":{"rendered":"<p data-start=\"315\" data-end=\"645\">Bu zarif\u00e7e haz\u0131rlanm\u0131\u015f <strong data-start=\"340\" data-end=\"362\">ters \u00e7evrilebilir kolye ucu<\/strong> 22 ayar sar\u0131 alt\u0131n, \u00e7ok y\u00f6nl\u00fcl\u00fc\u011f\u00fcn ve sanat\u0131n ger\u00e7ek bir kutlamas\u0131d\u0131r. Her iki y\u00fcz\u00fcnde de b\u00fcy\u00fcleyici bir \u00e7i\u00e7ek motifine sahip olan kolyenin bir y\u00fcz\u00fcnde zengin mor mineden canl\u0131 mozaik esintili bir \u00e7i\u00e7ek tasar\u0131m\u0131 yer al\u0131rken, arka y\u00fcz\u00fcnde yumu\u015fak mavi renkte dingin, petek tarz\u0131 bir \u00e7i\u00e7ek deseni sergilenmektedir.<\/p>\n<p data-start=\"647\" data-end=\"957\">Bayramdan g\u00fcnl\u00fck kullan\u0131ma zahmetsizce ge\u00e7i\u015f yapabilecek \u015fekilde tasarlanan bu kolye ucu, tek bir par\u00e7ada iki farkl\u0131 g\u00f6r\u00fcn\u00fcm sunarak tarz\u0131n\u0131z\u0131 birden fazla \u015fekilde ifade etmenize olanak tan\u0131r. Hafif, zarif ve ki\u015filik dolu bu kolye, m\u00fccevherlerinde hem g\u00fczelli\u011fe hem de uyarlanabilirli\u011fe \u00f6nem veren kad\u0131nlar i\u00e7in m\u00fckemmeldir.<\/p>\n<p data-start=\"959\" data-end=\"1146\">PureJewels'in imzal\u0131 ambalaj\u0131nda sunulan bu kolye ucu, a\u015fa\u011f\u0131dakiler i\u00e7in d\u00fc\u015f\u00fcnceli ve \u0131\u015f\u0131lt\u0131l\u0131 bir se\u00e7imdir <strong data-start=\"1060\" data-end=\"1076\">Diwali hediyeleri<\/strong>-Festival sezonunda d\u00f6n\u00fc\u015f\u00fcm\u00fc, \u0131\u015f\u0131\u011f\u0131 ve ne\u015feyi sembolize eder.<\/p>","protected":false},"excerpt":{"rendered":"<table class=\"sh_desc\" style=\"width: 109.499%;\">\n<tbody>\n<tr>\n<td style=\"width: 23.8333%;\">Kolye Tipi<\/td>\n<td style=\"width: 85.5%;\">Meenakari ile 22 Ayar Alt\u0131n Kolye<\/td>\n<\/tr>\n<tr>\n<td style=\"width: 23.8333%;\">SKU<\/td>\n<td style=\"width: 85.5%;\">47088<\/td>\n<\/tr>\n<tr>\n<td style=\"width: 23.8333%;\">A\u011f\u0131rl\u0131k<\/td>\n<td style=\"width: 85.5%;\">3.1 Gms<\/td>\n<\/tr>\n<tr>\n<td style=\"width: 23.8333%;\">Metal<\/td>\n<td style=\"width: 85.5%;\">22 Ayar Alt\u0131n<\/td>\n<\/tr>\n<tr>\n<td style=\"width: 23.8333%;\">Geni\u015flik<\/td>\n<td style=\"width: 85.5%;\">17,5 mm<\/td>\n<\/tr>\n<tr>\n<td style=\"width: 23.8333%;\">Hallmark<\/td>\n<td style=\"width: 85.5%;\">Londra Tahlil Ofisi Taraf\u0131ndan Damgalanm\u0131\u015f 22 Ayar Alt\u0131n<\/td>\n<\/tr>\n<tr>\n<td style=\"width: 23.8333%;\">\u00dccretler<\/td>\n<td style=\"width: 85.5%;\">Teslimat ve KDV Dahil<\/td>\n<\/tr>\n<tr>\n<td style=\"width: 23.8333%;\">Paketleme<\/td>\n<td style=\"width: 85.5%;\">Sunum Kutusu ile Birlikte Gelir<\/td>\n<\/tr>\n<tr>\n<td style=\"width: 23.8333%;\">Daha Fazla Bilgi<\/td>\n<td style=\"width: 85.5%;\">\n<ul>\n<li>Diwali M\u00fccevherleri i\u00e7in m\u00fcsaitlik durumu ve daha fazla g\u00f6rsel i\u00e7in bizimle canl\u0131 sohbet edin<\/li>\n<li>Koleksiyonumuzu g\u00f6r\u00fcnt\u00fcleyin <strong>Zincirler<\/strong><\/li>\n<li>Zincir dahil de\u011fildir<\/li>\n<\/ul>\n<\/td>\n<\/tr>\n<\/tbody>\n<\/table>","protected":false},"featured_media":356104,"comment_status":"closed","ping_status":"closed","template":"","meta":{"_eb_attr":"","_crsspst_to_jayantr4sg-hostcom":false},"product_brand":[],"product_cat":[1791,1559,236,1793,6190,1770,1792,1229,1255,5344,1767,5449,5668,1570,5338,1569,1573,1574,5349],"product_tag":[1430],"class_list":{"0":"post-356102","1":"product","2":"type-product","3":"status-publish","4":"has-post-thumbnail","6":"product_cat-anniversary-gifts","7":"product_cat-birthday-gifts","8":"product_cat-collections","9":"product_cat-diwali-gifts","10":"product_cat-easter-jewellery","11":"product_cat-fancy-pendants","12":"product_cat-festival-gifts","13":"product_cat-22ct-gold-jewellery","14":"product_cat-gold-pendants","15":"product_cat-jewellery-under-750","16":"product_cat-ladies-pendants","17":"product_cat-meenakari-collection","18":"product_cat-meenakari-pendant","19":"product_cat-mothers-day-gifts","20":"product_cat-shop-by-price","21":"product_cat-valentine-day-gifts","22":"product_cat-wedding-gifts","23":"product_cat-womens-jewellery","24":"product_cat-yellow-gold-jewellery","25":"product_tag-diwali-gift","27":"first","28":"instock","29":"taxable","30":"shipping-taxable","31":"purchasable","32":"product-type-simple","33":"add-to-wishlist-before_image"},"yoast_head":"<!-- This site is optimized with the Yoast SEO plugin v27.6 - https:\/\/yoast.com\/product\/yoast-seo-wordpress\/ -->\n<title>Reversible Floral Designed Pendant in 22ct Gold | PureJewels UK<\/title>\n<meta name=\"description\" content=\"Make a statement with this unique Reversible Floral Pendant in 22ct Gold. Two enchanting designs in one. Shop Jewelery at PureJewels UK.\" \/>\n<meta name=\"robots\" content=\"index, follow, max-snippet:-1, max-image-preview:large, max-video-preview:-1\" \/>\n<link rel=\"canonical\" href=\"https:\/\/www.purejewels.com\/tr\/urun\/ters-cevrilebilir-cicek-desenli-kolye-ucu-22-ayar-altin-47088\/\" \/>\n<meta property=\"og:locale\" content=\"tr_TR\" \/>\n<meta property=\"og:type\" content=\"article\" \/>\n<meta property=\"og:title\" content=\"Reversible Floral Designed Pendant in 22ct Gold | PureJewels UK\" \/>\n<meta property=\"og:description\" content=\"Make a statement with this unique Reversible Floral Pendant in 22ct Gold. Two enchanting designs in one. Shop Jewelery at PureJewels UK.\" \/>\n<meta property=\"og:url\" content=\"https:\/\/www.purejewels.com\/tr\/urun\/ters-cevrilebilir-cicek-desenli-kolye-ucu-22-ayar-altin-47088\/\" \/>\n<meta property=\"og:site_name\" content=\"PureJewels UK\" \/>\n<meta property=\"article:modified_time\" content=\"2026-04-27T09:25:17+00:00\" \/>\n<meta property=\"og:image\" content=\"https:\/\/static.purejewels.com\/wp-content\/uploads\/2024\/01\/47088_2.jpg\" \/>\n\t<meta property=\"og:image:width\" content=\"1\" \/>\n\t<meta property=\"og:image:height\" content=\"1\" \/>\n\t<meta property=\"og:image:type\" content=\"image\/jpeg\" \/>\n<meta name=\"twitter:card\" content=\"summary_large_image\" \/>\n<meta name=\"twitter:label1\" content=\"Tahmini okuma s\u00fcresi\" \/>\n\t<meta name=\"twitter:data1\" content=\"1 dakika\" \/>\n<script type=\"application\/ld+json\" class=\"yoast-schema-graph\">{\"@context\":\"https:\\\/\\\/schema.org\",\"@graph\":[{\"@type\":[\"WebPage\",\"ItemPage\"],\"@id\":\"https:\\\/\\\/www.purejewels.com\\\/product\\\/reversible-floral-designed-pendant-in-22ct-gold-47088\\\/\",\"url\":\"https:\\\/\\\/www.purejewels.com\\\/product\\\/reversible-floral-designed-pendant-in-22ct-gold-47088\\\/\",\"name\":\"Reversible Floral Designed Pendant in 22ct Gold | PureJewels UK\",\"isPartOf\":{\"@id\":\"https:\\\/\\\/www.purejewels.com\\\/#website\"},\"primaryImageOfPage\":{\"@id\":\"https:\\\/\\\/www.purejewels.com\\\/product\\\/reversible-floral-designed-pendant-in-22ct-gold-47088\\\/#primaryimage\"},\"image\":{\"@id\":\"https:\\\/\\\/www.purejewels.com\\\/product\\\/reversible-floral-designed-pendant-in-22ct-gold-47088\\\/#primaryimage\"},\"thumbnailUrl\":\"https:\\\/\\\/static.purejewels.com\\\/wp-content\\\/uploads\\\/2024\\\/01\\\/47088_2.jpg\",\"datePublished\":\"2024-01-17T08:03:08+00:00\",\"dateModified\":\"2026-04-27T09:25:17+00:00\",\"description\":\"Make a statement with this unique Reversible Floral Pendant in 22ct Gold. Two enchanting designs in one. Shop Jewelery at PureJewels UK.\",\"breadcrumb\":{\"@id\":\"https:\\\/\\\/www.purejewels.com\\\/product\\\/reversible-floral-designed-pendant-in-22ct-gold-47088\\\/#breadcrumb\"},\"inLanguage\":\"tr\",\"potentialAction\":[{\"@type\":\"ReadAction\",\"target\":[\"https:\\\/\\\/www.purejewels.com\\\/product\\\/reversible-floral-designed-pendant-in-22ct-gold-47088\\\/\"]}]},{\"@type\":\"ImageObject\",\"inLanguage\":\"tr\",\"@id\":\"https:\\\/\\\/www.purejewels.com\\\/product\\\/reversible-floral-designed-pendant-in-22ct-gold-47088\\\/#primaryimage\",\"url\":\"https:\\\/\\\/static.purejewels.com\\\/wp-content\\\/uploads\\\/2024\\\/01\\\/47088_2.jpg\",\"contentUrl\":\"https:\\\/\\\/static.purejewels.com\\\/wp-content\\\/uploads\\\/2024\\\/01\\\/47088_2.jpg\",\"caption\":\"22ct Gold Pendant\"},{\"@type\":\"BreadcrumbList\",\"@id\":\"https:\\\/\\\/www.purejewels.com\\\/product\\\/reversible-floral-designed-pendant-in-22ct-gold-47088\\\/#breadcrumb\",\"itemListElement\":[{\"@type\":\"ListItem\",\"position\":1,\"name\":\"Home\",\"item\":\"https:\\\/\\\/www.purejewels.com\\\/\"},{\"@type\":\"ListItem\",\"position\":2,\"name\":\"Shop\",\"item\":\"https:\\\/\\\/www.purejewels.com\\\/shop\\\/\"},{\"@type\":\"ListItem\",\"position\":3,\"name\":\"Reversible Floral Designed Pendant in 22ct Gold\"}]},{\"@type\":\"WebSite\",\"@id\":\"https:\\\/\\\/www.purejewels.com\\\/#website\",\"url\":\"https:\\\/\\\/www.purejewels.com\\\/\",\"name\":\"PureJewels UK\",\"description\":\"Share the Love\",\"publisher\":{\"@id\":\"https:\\\/\\\/www.purejewels.com\\\/#organization\"},\"potentialAction\":[{\"@type\":\"SearchAction\",\"target\":{\"@type\":\"EntryPoint\",\"urlTemplate\":\"https:\\\/\\\/www.purejewels.com\\\/?s={search_term_string}\"},\"query-input\":{\"@type\":\"PropertyValueSpecification\",\"valueRequired\":true,\"valueName\":\"search_term_string\"}}],\"inLanguage\":\"tr\"},{\"@type\":\"Organization\",\"@id\":\"https:\\\/\\\/www.purejewels.com\\\/#organization\",\"name\":\"PureJewels UK\",\"url\":\"https:\\\/\\\/www.purejewels.com\\\/\",\"logo\":{\"@type\":\"ImageObject\",\"inLanguage\":\"tr\",\"@id\":\"https:\\\/\\\/www.purejewels.com\\\/#\\\/schema\\\/logo\\\/image\\\/\",\"url\":\"https:\\\/\\\/static.purejewels.com\\\/wp-content\\\/uploads\\\/2020\\\/11\\\/Logo-PJ-New-1.png\",\"contentUrl\":\"https:\\\/\\\/static.purejewels.com\\\/wp-content\\\/uploads\\\/2020\\\/11\\\/Logo-PJ-New-1.png\",\"width\":150,\"height\":80,\"caption\":\"PureJewels UK\"},\"image\":{\"@id\":\"https:\\\/\\\/www.purejewels.com\\\/#\\\/schema\\\/logo\\\/image\\\/\"}}]}<\/script>\n<!-- \/ Yoast SEO plugin. -->","yoast_head_json":{"title":"Ters \u00c7evrilebilir \u00c7i\u00e7ek Tasar\u0131ml\u0131 Kolye 22 Ayar Alt\u0131n | PureJewels UK","description":"Bu e\u015fsiz 22 Ayar Alt\u0131n Ters \u00c7evrilebilir \u00c7i\u00e7ekli Kolye ile bir a\u00e7\u0131klama yap\u0131n. \u0130ki b\u00fcy\u00fcleyici tasar\u0131m bir arada. PureJewels UK'de M\u00fccevher Al\u0131\u015fveri\u015fi Yap\u0131n.","robots":{"index":"index","follow":"follow","max-snippet":"max-snippet:-1","max-image-preview":"max-image-preview:large","max-video-preview":"max-video-preview:-1"},"canonical":"https:\/\/www.purejewels.com\/tr\/urun\/ters-cevrilebilir-cicek-desenli-kolye-ucu-22-ayar-altin-47088\/","og_locale":"tr_TR","og_type":"article","og_title":"Reversible Floral Designed Pendant in 22ct Gold | PureJewels UK","og_description":"Make a statement with this unique Reversible Floral Pendant in 22ct Gold. Two enchanting designs in one. Shop Jewelery at PureJewels UK.","og_url":"https:\/\/www.purejewels.com\/tr\/urun\/ters-cevrilebilir-cicek-desenli-kolye-ucu-22-ayar-altin-47088\/","og_site_name":"PureJewels UK","article_modified_time":"2026-04-27T09:25:17+00:00","og_image":[{"url":"https:\/\/static.purejewels.com\/wp-content\/uploads\/2024\/01\/47088_2.jpg","width":1,"height":1,"type":"image\/jpeg"}],"twitter_card":"summary_large_image","twitter_misc":{"Tahmini okuma s\u00fcresi":"1 dakika"},"schema":{"@context":"https:\/\/schema.org","@graph":[{"@type":["WebPage","ItemPage"],"@id":"https:\/\/www.purejewels.com\/product\/reversible-floral-designed-pendant-in-22ct-gold-47088\/","url":"https:\/\/www.purejewels.com\/product\/reversible-floral-designed-pendant-in-22ct-gold-47088\/","name":"Ters \u00c7evrilebilir \u00c7i\u00e7ek Tasar\u0131ml\u0131 Kolye 22 Ayar Alt\u0131n | PureJewels UK","isPartOf":{"@id":"https:\/\/www.purejewels.com\/#website"},"primaryImageOfPage":{"@id":"https:\/\/www.purejewels.com\/product\/reversible-floral-designed-pendant-in-22ct-gold-47088\/#primaryimage"},"image":{"@id":"https:\/\/www.purejewels.com\/product\/reversible-floral-designed-pendant-in-22ct-gold-47088\/#primaryimage"},"thumbnailUrl":"https:\/\/static.purejewels.com\/wp-content\/uploads\/2024\/01\/47088_2.jpg","datePublished":"2024-01-17T08:03:08+00:00","dateModified":"2026-04-27T09:25:17+00:00","description":"Bu e\u015fsiz 22 Ayar Alt\u0131n Ters \u00c7evrilebilir \u00c7i\u00e7ekli Kolye ile bir a\u00e7\u0131klama yap\u0131n. \u0130ki b\u00fcy\u00fcleyici tasar\u0131m bir arada. PureJewels UK'de M\u00fccevher Al\u0131\u015fveri\u015fi Yap\u0131n.","breadcrumb":{"@id":"https:\/\/www.purejewels.com\/product\/reversible-floral-designed-pendant-in-22ct-gold-47088\/#breadcrumb"},"inLanguage":"tr","potentialAction":[{"@type":"ReadAction","target":["https:\/\/www.purejewels.com\/product\/reversible-floral-designed-pendant-in-22ct-gold-47088\/"]}]},{"@type":"ImageObject","inLanguage":"tr","@id":"https:\/\/www.purejewels.com\/product\/reversible-floral-designed-pendant-in-22ct-gold-47088\/#primaryimage","url":"https:\/\/static.purejewels.com\/wp-content\/uploads\/2024\/01\/47088_2.jpg","contentUrl":"https:\/\/static.purejewels.com\/wp-content\/uploads\/2024\/01\/47088_2.jpg","caption":"22ct Gold Pendant"},{"@type":"BreadcrumbList","@id":"https:\/\/www.purejewels.com\/product\/reversible-floral-designed-pendant-in-22ct-gold-47088\/#breadcrumb","itemListElement":[{"@type":"ListItem","position":1,"name":"Home","item":"https:\/\/www.purejewels.com\/"},{"@type":"ListItem","position":2,"name":"Shop","item":"https:\/\/www.purejewels.com\/shop\/"},{"@type":"ListItem","position":3,"name":"Reversible Floral Designed Pendant in 22ct Gold"}]},{"@type":"WebSite","@id":"https:\/\/www.purejewels.com\/#website","url":"https:\/\/www.purejewels.com\/","name":"PureJewels \u0130ngiltere","description":"Sevgiyi Payla\u015f\u0131n","publisher":{"@id":"https:\/\/www.purejewels.com\/#organization"},"potentialAction":[{"@type":"SearchAction","target":{"@type":"EntryPoint","urlTemplate":"https:\/\/www.purejewels.com\/?s={search_term_string}"},"query-input":{"@type":"PropertyValueSpecification","valueRequired":true,"valueName":"search_term_string"}}],"inLanguage":"tr"},{"@type":"Organization","@id":"https:\/\/www.purejewels.com\/#organization","name":"PureJewels \u0130ngiltere","url":"https:\/\/www.purejewels.com\/","logo":{"@type":"ImageObject","inLanguage":"tr","@id":"https:\/\/www.purejewels.com\/#\/schema\/logo\/image\/","url":"https:\/\/static.purejewels.com\/wp-content\/uploads\/2020\/11\/Logo-PJ-New-1.png","contentUrl":"https:\/\/static.purejewels.com\/wp-content\/uploads\/2020\/11\/Logo-PJ-New-1.png","width":150,"height":80,"caption":"PureJewels UK"},"image":{"@id":"https:\/\/www.purejewels.com\/#\/schema\/logo\/image\/"}}]}},"_links":{"self":[{"href":"https:\/\/www.purejewels.com\/tr\/wp-json\/wp\/v2\/product\/356102","targetHints":{"allow":["GET"]}}],"collection":[{"href":"https:\/\/www.purejewels.com\/tr\/wp-json\/wp\/v2\/product"}],"about":[{"href":"https:\/\/www.purejewels.com\/tr\/wp-json\/wp\/v2\/types\/product"}],"replies":[{"embeddable":true,"href":"https:\/\/www.purejewels.com\/tr\/wp-json\/wp\/v2\/comments?post=356102"}],"version-history":[{"count":4,"href":"https:\/\/www.purejewels.com\/tr\/wp-json\/wp\/v2\/product\/356102\/revisions"}],"predecessor-version":[{"id":415726,"href":"https:\/\/www.purejewels.com\/tr\/wp-json\/wp\/v2\/product\/356102\/revisions\/415726"}],"wp:featuredmedia":[{"embeddable":true,"href":"https:\/\/www.purejewels.com\/tr\/wp-json\/wp\/v2\/media\/356104"}],"wp:attachment":[{"href":"https:\/\/www.purejewels.com\/tr\/wp-json\/wp\/v2\/media?parent=356102"}],"wp:term":[{"taxonomy":"product_brand","embeddable":true,"href":"https:\/\/www.purejewels.com\/tr\/wp-json\/wp\/v2\/product_brand?post=356102"},{"taxonomy":"product_cat","embeddable":true,"href":"https:\/\/www.purejewels.com\/tr\/wp-json\/wp\/v2\/product_cat?post=356102"},{"taxonomy":"product_tag","embeddable":true,"href":"https:\/\/www.purejewels.com\/tr\/wp-json\/wp\/v2\/product_tag?post=356102"}],"curies":[{"name":"wp","href":"https:\/\/api.w.org\/{rel}","templated":true}]}}