{"id":356124,"date":"2024-01-17T10:26:33","date_gmt":"2024-01-17T10:26:33","guid":{"rendered":"https:\/\/www.purejewels.com\/?post_type=product&#038;p=356124"},"modified":"2026-04-14T07:24:11","modified_gmt":"2026-04-14T06:24:11","slug":"22-ayar-altin-rozet-siyah-boncuk-mangalsura-bileklik-7-inc-47438","status":"publish","type":"product","link":"https:\/\/www.purejewels.com\/tr\/product\/22ct-gold-rosette-black-bead-mangalsura-bracelet-7-inches-47438\/","title":{"rendered":"22 Ayar Alt\u0131n Rozet Siyah Boncuklu Mangalsura Bileklik | 7 \u0130n\u00e7"},"content":{"rendered":"<p><strong>Tasar\u0131m Konsepti<\/strong><br \/>\nK\u00f6kleri sembolizm ve hikaye anlat\u0131m\u0131na dayanan bu 22 Ayar Alt\u0131n Rozet Siyah Boncuklu Mangalsutra Bilezik, zamans\u0131z bir gelene\u011fin zarif bir yorumudur. Do\u011fan\u0131n nazik \u00e7i\u00e7eklerinden ilham alan rozet motifleri, her bir ta\u00e7 yapra\u011f\u0131 bir an, her bir detay bir an\u0131 olmak \u00fczere hayat\u0131n ilerleyen yolculu\u011funu temsil eder. Klasik siyah boncuklarla \u00f6r\u00fclen tasar\u0131m, k\u00fclt\u00fcrel miras\u0131 onurland\u0131r\u0131rken hem anlaml\u0131 hem de zahmetsizce zarif hissettiren daha yumu\u015fak, daha \u00e7a\u011fda\u015f bir siluet sunuyor.<\/p>\n<p><strong><a href=\"https:\/\/www.purejewels.com\/tr\/a-guide-to-die-stamping\/\">Zanaatkarl\u0131k<\/a><\/strong><br \/>\nParlak 22 ayar alt\u0131ndan \u00fcretilen bu bilezik, PureJewels'in safl\u0131k ve hassasiyete olan ba\u011fl\u0131l\u0131\u011f\u0131n\u0131 yans\u0131t\u0131yor. Her bir rozet, par\u00e7aya derinlik ve karakter kazand\u0131ran ince dokularla hassas bir \u015fekilde olu\u015fturulurken, siyah boncuklar bilek boyunca ak\u0131\u015fkanl\u0131k ve denge sa\u011flamak i\u00e7in titizlikle ayarlanm\u0131\u015ft\u0131r. Zanaatk\u00e2rlar\u0131m\u0131z her bir unsura nesiller boyu s\u00fcren uzmanl\u0131klar\u0131n\u0131 katarak hem rafine hem de kal\u0131c\u0131 bir sonu\u00e7 elde edilmesini sa\u011flar; tak\u0131lmak, de\u011fer verilmek ve miras b\u0131rak\u0131lmak \u00fczere tasarlanm\u0131\u015ft\u0131r.<\/p>\n<p><strong>Stil Fikirleri<\/strong><br \/>\nZarif bir \u015fekilde \u00e7ok y\u00f6nl\u00fc olan bu 7 in\u00e7lik bilezik, g\u00fcnl\u00fck \u015f\u0131kl\u0131\u011f\u0131n yan\u0131 s\u0131ra \u00f6zel g\u00fcnlere de g\u00fczel bir \u015fekilde uyum sa\u011flar. Narin ve anlaml\u0131 bir ifade i\u00e7in tek ba\u015f\u0131na tak\u0131n veya daha etkileyici, \u00e7a\u011fda\u015f bir g\u00f6r\u00fcn\u00fcm i\u00e7in alt\u0131n bilezikler ve ince zincirlerle katmanlay\u0131n. Hem geleneksel k\u0131yafetlerle hem de modern topluluklarla zahmetsizce e\u015fle\u015ferek g\u00fcn\u00fcn\u00fcz boyunca sorunsuzca ge\u00e7i\u015f yapan d\u00fc\u015f\u00fcnceli bir par\u00e7a haline gelir; stilin, duygunun ve kutlad\u0131\u011f\u0131n\u0131z yolculuklar\u0131n samimi bir yans\u0131mas\u0131d\u0131r.<\/p>","protected":false},"excerpt":{"rendered":"<table class=\"sh_desc\">\n<tbody>\n<tr>\n<td>Bilezik T\u00fcr\u00fc<\/td>\n<td>Kad\u0131n Bileklik<\/td>\n<\/tr>\n<tr>\n<td>SKU<\/td>\n<td>55475, 55474<\/td>\n<\/tr>\n<tr>\n<td>Br\u00fct A\u011f\u0131rl\u0131k<\/td>\n<td>3.72 Gms<\/td>\n<\/tr>\n<tr>\n<td>Net A\u011f\u0131rl\u0131k<\/td>\n<td>3.42 Gms<\/td>\n<\/tr>\n<tr>\n<td>Uzunluk<\/td>\n<td>7 \u0130n\u00e7<\/td>\n<\/tr>\n<tr>\n<td>Geni\u015flik<\/td>\n<td>5 mm<\/td>\n<\/tr>\n<tr>\n<td>Koleksiyon<\/td>\n<td><strong>Rozet Koleksiyonu<\/strong><\/td>\n<\/tr>\n<tr>\n<td>Hallmark<\/td>\n<td>Londra Tahlil Ofisi Taraf\u0131ndan Damgalanm\u0131\u015f 22 Ayar Alt\u0131n<\/td>\n<\/tr>\n<tr>\n<td>\u00dccretler<\/td>\n<td>Teslimat ve KDV Dahil<\/td>\n<\/tr>\n<tr>\n<td>Paketleme<\/td>\n<td>Sunum Kutusu ile Birlikte Gelir<\/td>\n<\/tr>\n<tr>\n<td>Daha Fazla Bilgi<\/td>\n<td>Alt\u0131n Bileklik stok durumu ve daha fazla g\u00f6rsel i\u00e7in bizimle canl\u0131 sohbet edin<\/td>\n<\/tr>\n<\/tbody>\n<\/table>","protected":false},"featured_media":356129,"comment_status":"closed","ping_status":"closed","template":"","meta":{"_eb_attr":"","_crsspst_to_jayantr4sg-hostcom":false},"product_brand":[],"product_cat":[1791,5441,1559,6059,1790,1324,1229,5586,1656,1573,1574],"product_tag":[],"class_list":{"0":"post-356124","1":"product","2":"type-product","3":"status-publish","4":"has-post-thumbnail","6":"product_cat-anniversary-gifts","7":"product_cat-gold-bead-bracelets","8":"product_cat-birthday-gifts","9":"product_cat-fancy-bracelet","10":"product_cat-for-whom-when","11":"product_cat-gold-bracelet","12":"product_cat-22ct-gold-jewellery","13":"product_cat-rosette-bracelet","14":"product_cat-rosettes-collections","15":"product_cat-wedding-gifts","16":"product_cat-womens-jewellery","18":"first","19":"instock","20":"taxable","21":"shipping-taxable","22":"purchasable","23":"product-type-simple","24":"add-to-wishlist-before_image"},"yoast_head":"<!-- This site is optimized with the Yoast SEO plugin v27.5 - https:\/\/yoast.com\/product\/yoast-seo-wordpress\/ -->\n<title>22ct Gold Rosette Black Bead Mangalsura Bracelet online at UK<\/title>\n<meta name=\"description\" content=\"Elevate your style with the exquisite 22ct Gold Black Bead women Mangalsura Bracelet from the Rosette Collection, now available at purejewels UK.\" \/>\n<meta name=\"robots\" content=\"index, follow, max-snippet:-1, max-image-preview:large, max-video-preview:-1\" \/>\n<link rel=\"canonical\" href=\"https:\/\/www.purejewels.com\/tr\/urun\/22-ayar-altin-rozet-siyah-boncuk-mangalsura-bileklik-7-inc-47438\/\" \/>\n<meta property=\"og:locale\" content=\"tr_TR\" \/>\n<meta property=\"og:type\" content=\"article\" \/>\n<meta property=\"og:title\" content=\"22ct Gold Rosette Black Bead Mangalsura Bracelet online at UK\" \/>\n<meta property=\"og:description\" content=\"Elevate your style with the exquisite 22ct Gold Black Bead women Mangalsura Bracelet from the Rosette Collection, now available at purejewels UK.\" \/>\n<meta property=\"og:url\" content=\"https:\/\/www.purejewels.com\/tr\/urun\/22-ayar-altin-rozet-siyah-boncuk-mangalsura-bileklik-7-inc-47438\/\" \/>\n<meta property=\"og:site_name\" content=\"PureJewels UK\" \/>\n<meta property=\"article:modified_time\" content=\"2026-04-14T06:24:11+00:00\" \/>\n<meta property=\"og:image\" content=\"https:\/\/static.purejewels.com\/wp-content\/uploads\/2024\/01\/47438.jpg\" \/>\n\t<meta property=\"og:image:width\" content=\"1\" \/>\n\t<meta property=\"og:image:height\" content=\"1\" \/>\n\t<meta property=\"og:image:type\" content=\"image\/jpeg\" \/>\n<meta name=\"twitter:card\" content=\"summary_large_image\" \/>\n<meta name=\"twitter:label1\" content=\"Tahmini okuma s\u00fcresi\" \/>\n\t<meta name=\"twitter:data1\" content=\"2 dakika\" \/>\n<script type=\"application\/ld+json\" class=\"yoast-schema-graph\">{\"@context\":\"https:\\\/\\\/schema.org\",\"@graph\":[{\"@type\":[\"WebPage\",\"ItemPage\"],\"@id\":\"https:\\\/\\\/www.purejewels.com\\\/product\\\/22ct-gold-rosette-black-bead-mangalsura-bracelet-7-inches-47438\\\/\",\"url\":\"https:\\\/\\\/www.purejewels.com\\\/product\\\/22ct-gold-rosette-black-bead-mangalsura-bracelet-7-inches-47438\\\/\",\"name\":\"22ct Gold Rosette Black Bead Mangalsura Bracelet online at UK\",\"isPartOf\":{\"@id\":\"https:\\\/\\\/www.purejewels.com\\\/#website\"},\"primaryImageOfPage\":{\"@id\":\"https:\\\/\\\/www.purejewels.com\\\/product\\\/22ct-gold-rosette-black-bead-mangalsura-bracelet-7-inches-47438\\\/#primaryimage\"},\"image\":{\"@id\":\"https:\\\/\\\/www.purejewels.com\\\/product\\\/22ct-gold-rosette-black-bead-mangalsura-bracelet-7-inches-47438\\\/#primaryimage\"},\"thumbnailUrl\":\"https:\\\/\\\/static.purejewels.com\\\/wp-content\\\/uploads\\\/2024\\\/01\\\/47438.jpg\",\"datePublished\":\"2024-01-17T10:26:33+00:00\",\"dateModified\":\"2026-04-14T06:24:11+00:00\",\"description\":\"Elevate your style with the exquisite 22ct Gold Black Bead women Mangalsura Bracelet from the Rosette Collection, now available at purejewels UK.\",\"breadcrumb\":{\"@id\":\"https:\\\/\\\/www.purejewels.com\\\/product\\\/22ct-gold-rosette-black-bead-mangalsura-bracelet-7-inches-47438\\\/#breadcrumb\"},\"inLanguage\":\"tr\",\"potentialAction\":[{\"@type\":\"ReadAction\",\"target\":[\"https:\\\/\\\/www.purejewels.com\\\/product\\\/22ct-gold-rosette-black-bead-mangalsura-bracelet-7-inches-47438\\\/\"]}]},{\"@type\":\"ImageObject\",\"inLanguage\":\"tr\",\"@id\":\"https:\\\/\\\/www.purejewels.com\\\/product\\\/22ct-gold-rosette-black-bead-mangalsura-bracelet-7-inches-47438\\\/#primaryimage\",\"url\":\"https:\\\/\\\/static.purejewels.com\\\/wp-content\\\/uploads\\\/2024\\\/01\\\/47438.jpg\",\"contentUrl\":\"https:\\\/\\\/static.purejewels.com\\\/wp-content\\\/uploads\\\/2024\\\/01\\\/47438.jpg\",\"caption\":\"22ct Gold Rosette Black Bead Mangalsura Bracelet | 7 Inches 47438\"},{\"@type\":\"BreadcrumbList\",\"@id\":\"https:\\\/\\\/www.purejewels.com\\\/product\\\/22ct-gold-rosette-black-bead-mangalsura-bracelet-7-inches-47438\\\/#breadcrumb\",\"itemListElement\":[{\"@type\":\"ListItem\",\"position\":1,\"name\":\"Home\",\"item\":\"https:\\\/\\\/www.purejewels.com\\\/\"},{\"@type\":\"ListItem\",\"position\":2,\"name\":\"Shop\",\"item\":\"https:\\\/\\\/www.purejewels.com\\\/shop\\\/\"},{\"@type\":\"ListItem\",\"position\":3,\"name\":\"22ct Gold Rosette Black Bead Mangalsura Bracelet | 7 Inches\"}]},{\"@type\":\"WebSite\",\"@id\":\"https:\\\/\\\/www.purejewels.com\\\/#website\",\"url\":\"https:\\\/\\\/www.purejewels.com\\\/\",\"name\":\"PureJewels UK\",\"description\":\"Share the Love\",\"publisher\":{\"@id\":\"https:\\\/\\\/www.purejewels.com\\\/#organization\"},\"potentialAction\":[{\"@type\":\"SearchAction\",\"target\":{\"@type\":\"EntryPoint\",\"urlTemplate\":\"https:\\\/\\\/www.purejewels.com\\\/?s={search_term_string}\"},\"query-input\":{\"@type\":\"PropertyValueSpecification\",\"valueRequired\":true,\"valueName\":\"search_term_string\"}}],\"inLanguage\":\"tr\"},{\"@type\":\"Organization\",\"@id\":\"https:\\\/\\\/www.purejewels.com\\\/#organization\",\"name\":\"PureJewels UK\",\"url\":\"https:\\\/\\\/www.purejewels.com\\\/\",\"logo\":{\"@type\":\"ImageObject\",\"inLanguage\":\"tr\",\"@id\":\"https:\\\/\\\/www.purejewels.com\\\/#\\\/schema\\\/logo\\\/image\\\/\",\"url\":\"https:\\\/\\\/static.purejewels.com\\\/wp-content\\\/uploads\\\/2020\\\/11\\\/Logo-PJ-New-1.png\",\"contentUrl\":\"https:\\\/\\\/static.purejewels.com\\\/wp-content\\\/uploads\\\/2020\\\/11\\\/Logo-PJ-New-1.png\",\"width\":150,\"height\":80,\"caption\":\"PureJewels UK\"},\"image\":{\"@id\":\"https:\\\/\\\/www.purejewels.com\\\/#\\\/schema\\\/logo\\\/image\\\/\"}}]}<\/script>\n<!-- \/ Yoast SEO plugin. -->","yoast_head_json":{"title":"22 Ayar Alt\u0131n Rozet Siyah Boncuklu Mangalsura Bileklik \u0130ngiltere'de online","description":"\u015eimdi purejewels UK'de bulunan Rosette Koleksiyonu'ndan zarif 22 ayar alt\u0131n Siyah Boncuklu kad\u0131n Mangalsura Bilezik ile stilinizi y\u00fckseltin.","robots":{"index":"index","follow":"follow","max-snippet":"max-snippet:-1","max-image-preview":"max-image-preview:large","max-video-preview":"max-video-preview:-1"},"canonical":"https:\/\/www.purejewels.com\/tr\/urun\/22-ayar-altin-rozet-siyah-boncuk-mangalsura-bileklik-7-inc-47438\/","og_locale":"tr_TR","og_type":"article","og_title":"22ct Gold Rosette Black Bead Mangalsura Bracelet online at UK","og_description":"Elevate your style with the exquisite 22ct Gold Black Bead women Mangalsura Bracelet from the Rosette Collection, now available at purejewels UK.","og_url":"https:\/\/www.purejewels.com\/tr\/urun\/22-ayar-altin-rozet-siyah-boncuk-mangalsura-bileklik-7-inc-47438\/","og_site_name":"PureJewels UK","article_modified_time":"2026-04-14T06:24:11+00:00","og_image":[{"url":"https:\/\/static.purejewels.com\/wp-content\/uploads\/2024\/01\/47438.jpg","width":1,"height":1,"type":"image\/jpeg"}],"twitter_card":"summary_large_image","twitter_misc":{"Tahmini okuma s\u00fcresi":"2 dakika"},"schema":{"@context":"https:\/\/schema.org","@graph":[{"@type":["WebPage","ItemPage"],"@id":"https:\/\/www.purejewels.com\/product\/22ct-gold-rosette-black-bead-mangalsura-bracelet-7-inches-47438\/","url":"https:\/\/www.purejewels.com\/product\/22ct-gold-rosette-black-bead-mangalsura-bracelet-7-inches-47438\/","name":"22 Ayar Alt\u0131n Rozet Siyah Boncuklu Mangalsura Bileklik \u0130ngiltere'de online","isPartOf":{"@id":"https:\/\/www.purejewels.com\/#website"},"primaryImageOfPage":{"@id":"https:\/\/www.purejewels.com\/product\/22ct-gold-rosette-black-bead-mangalsura-bracelet-7-inches-47438\/#primaryimage"},"image":{"@id":"https:\/\/www.purejewels.com\/product\/22ct-gold-rosette-black-bead-mangalsura-bracelet-7-inches-47438\/#primaryimage"},"thumbnailUrl":"https:\/\/static.purejewels.com\/wp-content\/uploads\/2024\/01\/47438.jpg","datePublished":"2024-01-17T10:26:33+00:00","dateModified":"2026-04-14T06:24:11+00:00","description":"\u015eimdi purejewels UK'de bulunan Rosette Koleksiyonu'ndan zarif 22 ayar alt\u0131n Siyah Boncuklu kad\u0131n Mangalsura Bilezik ile stilinizi y\u00fckseltin.","breadcrumb":{"@id":"https:\/\/www.purejewels.com\/product\/22ct-gold-rosette-black-bead-mangalsura-bracelet-7-inches-47438\/#breadcrumb"},"inLanguage":"tr","potentialAction":[{"@type":"ReadAction","target":["https:\/\/www.purejewels.com\/product\/22ct-gold-rosette-black-bead-mangalsura-bracelet-7-inches-47438\/"]}]},{"@type":"ImageObject","inLanguage":"tr","@id":"https:\/\/www.purejewels.com\/product\/22ct-gold-rosette-black-bead-mangalsura-bracelet-7-inches-47438\/#primaryimage","url":"https:\/\/static.purejewels.com\/wp-content\/uploads\/2024\/01\/47438.jpg","contentUrl":"https:\/\/static.purejewels.com\/wp-content\/uploads\/2024\/01\/47438.jpg","caption":"22ct Gold Rosette Black Bead Mangalsura Bracelet | 7 Inches 47438"},{"@type":"BreadcrumbList","@id":"https:\/\/www.purejewels.com\/product\/22ct-gold-rosette-black-bead-mangalsura-bracelet-7-inches-47438\/#breadcrumb","itemListElement":[{"@type":"ListItem","position":1,"name":"Home","item":"https:\/\/www.purejewels.com\/"},{"@type":"ListItem","position":2,"name":"Shop","item":"https:\/\/www.purejewels.com\/shop\/"},{"@type":"ListItem","position":3,"name":"22ct Gold Rosette Black Bead Mangalsura Bracelet | 7 Inches"}]},{"@type":"WebSite","@id":"https:\/\/www.purejewels.com\/#website","url":"https:\/\/www.purejewels.com\/","name":"PureJewels \u0130ngiltere","description":"Sevgiyi Payla\u015f\u0131n","publisher":{"@id":"https:\/\/www.purejewels.com\/#organization"},"potentialAction":[{"@type":"SearchAction","target":{"@type":"EntryPoint","urlTemplate":"https:\/\/www.purejewels.com\/?s={search_term_string}"},"query-input":{"@type":"PropertyValueSpecification","valueRequired":true,"valueName":"search_term_string"}}],"inLanguage":"tr"},{"@type":"Organization","@id":"https:\/\/www.purejewels.com\/#organization","name":"PureJewels \u0130ngiltere","url":"https:\/\/www.purejewels.com\/","logo":{"@type":"ImageObject","inLanguage":"tr","@id":"https:\/\/www.purejewels.com\/#\/schema\/logo\/image\/","url":"https:\/\/static.purejewels.com\/wp-content\/uploads\/2020\/11\/Logo-PJ-New-1.png","contentUrl":"https:\/\/static.purejewels.com\/wp-content\/uploads\/2020\/11\/Logo-PJ-New-1.png","width":150,"height":80,"caption":"PureJewels UK"},"image":{"@id":"https:\/\/www.purejewels.com\/#\/schema\/logo\/image\/"}}]}},"_links":{"self":[{"href":"https:\/\/www.purejewels.com\/tr\/wp-json\/wp\/v2\/product\/356124","targetHints":{"allow":["GET"]}}],"collection":[{"href":"https:\/\/www.purejewels.com\/tr\/wp-json\/wp\/v2\/product"}],"about":[{"href":"https:\/\/www.purejewels.com\/tr\/wp-json\/wp\/v2\/types\/product"}],"replies":[{"embeddable":true,"href":"https:\/\/www.purejewels.com\/tr\/wp-json\/wp\/v2\/comments?post=356124"}],"version-history":[{"count":3,"href":"https:\/\/www.purejewels.com\/tr\/wp-json\/wp\/v2\/product\/356124\/revisions"}],"predecessor-version":[{"id":428402,"href":"https:\/\/www.purejewels.com\/tr\/wp-json\/wp\/v2\/product\/356124\/revisions\/428402"}],"wp:featuredmedia":[{"embeddable":true,"href":"https:\/\/www.purejewels.com\/tr\/wp-json\/wp\/v2\/media\/356129"}],"wp:attachment":[{"href":"https:\/\/www.purejewels.com\/tr\/wp-json\/wp\/v2\/media?parent=356124"}],"wp:term":[{"taxonomy":"product_brand","embeddable":true,"href":"https:\/\/www.purejewels.com\/tr\/wp-json\/wp\/v2\/product_brand?post=356124"},{"taxonomy":"product_cat","embeddable":true,"href":"https:\/\/www.purejewels.com\/tr\/wp-json\/wp\/v2\/product_cat?post=356124"},{"taxonomy":"product_tag","embeddable":true,"href":"https:\/\/www.purejewels.com\/tr\/wp-json\/wp\/v2\/product_tag?post=356124"}],"curies":[{"name":"wp","href":"https:\/\/api.w.org\/{rel}","templated":true}]}}