{"id":356260,"date":"2024-01-19T10:05:27","date_gmt":"2024-01-19T10:05:27","guid":{"rendered":"https:\/\/www.purejewels.com\/?post_type=product&#038;p=356260"},"modified":"2026-01-06T10:00:24","modified_gmt":"2026-01-06T10:00:24","slug":"kadin-22-ayar-altin-boncuk-bileklik-7-inc-47494","status":"publish","type":"product","link":"https:\/\/www.purejewels.com\/tr\/product\/womens-22ct-gold-bead-bracelet-7-inches-47494\/","title":{"rendered":"Kad\u0131nlar i\u00e7in Dokulu Boncuk Ba\u011flant\u0131l\u0131 22 Ayar Alt\u0131n Bileklik"},"content":{"rendered":"<p><strong>Tasar\u0131m Konsepti<\/strong><\/p>\n<p>Klasik Hint alt\u0131n\u0131ndan esinlenerek <a href=\"https:\/\/www.purejewels.com\/tr\/a-guide-to-die-stamping\/\">zanaatkarl\u0131k<\/a>, Bu bileklik, uyum ve ritmi temsil eden narin boncuk ba\u011flant\u0131lar\u0131 ile dokulu merkezi unsurlar\u0131 bir araya getiriyor. Minimalist tasar\u0131m\u0131, onu \u00e7ok y\u00f6nl\u00fc ancak ay\u0131rt edici k\u0131l\u0131yor ve geleneksel esteti\u011fi \u00e7a\u011fda\u015f bir dokunu\u015fla yans\u0131t\u0131yor.<\/p>\n<p><strong>Zanaatkarl\u0131k<\/strong><\/p>\n<p>22 ayar alt\u0131nla ustaca i\u015flenmi\u015f olan bileklik, ince detaylar\u0131 ve hassas boncuk yerle\u015fimiyle dikkat \u00e7ekiyor. Dokulu boncuklar, dokunsal ve boyutlu bir y\u00fczey olu\u015fturmak i\u00e7in geli\u015fmi\u015f tekniklerle i\u015flenmi\u015f olup, her bir par\u00e7ada dayan\u0131kl\u0131l\u0131k ve zarif bir g\u00fczellik sunuyor.<\/p>\n<p><strong>Stil Fikirleri<\/strong><\/p>\n<ul>\n<li>Sade ve g\u00fcnl\u00fck l\u00fcks bir g\u00f6r\u00fcn\u00fcm i\u00e7in tek ba\u015f\u0131na giyin.<\/li>\n<li>Daha \u015fenlikli veya katmanl\u0131 bir hava i\u00e7in ince bilezikler veya di\u011fer bileziklerle birlikte tak\u0131n.<\/li>\n<li>Etnik ve Bat\u0131 tarz\u0131 k\u0131yafetlerle m\u00fckemmel uyum sa\u011flar; ofis k\u0131yafetleri, g\u00fcndelik geziler veya k\u00fclt\u00fcrel kutlamalar i\u00e7in idealdir.<\/li>\n<\/ul>","protected":false},"excerpt":{"rendered":"<p>Zamans\u0131z cazibeyi, ince zarafeti seven kad\u0131nlar i\u00e7in tasarlanm\u0131\u015f zarif bir par\u00e7a olan bu Dokulu Boncuk Ba\u011flant\u0131l\u0131 22 ayar Alt\u0131n Bileklik ile kutlay\u0131n. D\u00fczg\u00fcn ve karma\u015f\u0131k dokulu boncuklar\u0131n s\u0131rayla dizildi\u011fi bu bileklik, gelenek ve modern inceli\u011fin m\u00fckemmel bir dengesi. Hafif ve rahat olan bu bileklik, g\u00fcnl\u00fck kullan\u0131m veya \u00f6zel g\u00fcnler i\u00e7in idealdir.<\/p>\n<table class=\"sh_desc\" style=\"width: 100%; height: 280px;\">\n<tbody>\n<tr style=\"height: 28px;\">\n<td style=\"width: 23.8333%; height: 28px;\">Bilezik T\u00fcr\u00fc<\/td>\n<td style=\"width: 76%; height: 28px;\">Bayan Bileklik<\/td>\n<\/tr>\n<tr style=\"height: 28px;\">\n<td style=\"width: 23.8333%; height: 28px;\">SKU<\/td>\n<td style=\"width: 76%; height: 28px;\">47494<\/td>\n<\/tr>\n<tr style=\"height: 28px;\">\n<td style=\"width: 23.8333%; height: 28px;\">A\u011f\u0131rl\u0131k<\/td>\n<td style=\"width: 76%; height: 28px;\">3.6 Gms<\/td>\n<\/tr>\n<tr style=\"height: 28px;\">\n<td style=\"width: 23.8333%; height: 28px;\">Uzunluk<\/td>\n<td style=\"width: 76%; height: 28px;\">7 \u0130n\u00e7<\/td>\n<\/tr>\n<tr style=\"height: 28px;\">\n<td style=\"width: 23.8333%; height: 28px;\">Koleksiyon<\/td>\n<td style=\"width: 76%; height: 28px;\"><strong>Glow Koleksiyonu<\/strong><\/td>\n<\/tr>\n<tr style=\"height: 28px;\">\n<td style=\"width: 23.8333%; height: 28px;\">Hallmark<\/td>\n<td style=\"width: 76%; height: 28px;\">Londra Tahlil Ofisi Taraf\u0131ndan Damgalanm\u0131\u015f 22 Ayar Alt\u0131n<\/td>\n<\/tr>\n<tr style=\"height: 28px;\">\n<td style=\"width: 23.8333%; height: 28px;\">\u00dccretler<\/td>\n<td style=\"width: 76%; height: 28px;\">Teslimat ve KDV Dahil<\/td>\n<\/tr>\n<tr style=\"height: 28px;\">\n<td style=\"width: 23.8333%; height: 28px;\">Paketleme<\/td>\n<td style=\"width: 76%; height: 28px;\">Sunum Kutusu ile Birlikte Gelir<\/td>\n<\/tr>\n<tr style=\"height: 56px;\">\n<td style=\"width: 23.8333%; height: 56px;\">Daha Fazla Bilgi<\/td>\n<td style=\"width: 76%; height: 56px;\">Alt\u0131n Bileklik stok durumu ve daha fazla g\u00f6rsel i\u00e7in bizimle canl\u0131 sohbet edin<\/td>\n<\/tr>\n<\/tbody>\n<\/table>","protected":false},"featured_media":356264,"comment_status":"closed","ping_status":"closed","template":"","meta":{"_eb_attr":"","_crsspst_to_jayantr4sg-hostcom":true},"product_brand":[],"product_cat":[1791,5441,1559,1794,236,1792,1790,3628,1324,1627,1229,5371,5344,1574,5349],"product_tag":[],"class_list":{"0":"post-356260","1":"product","2":"type-product","3":"status-publish","4":"has-post-thumbnail","6":"product_cat-anniversary-gifts","7":"product_cat-gold-bead-bracelets","8":"product_cat-birthday-gifts","9":"product_cat-christmas-gifts","10":"product_cat-collections","11":"product_cat-festival-gifts","12":"product_cat-for-whom-when","13":"product_cat-glow-collections","14":"product_cat-gold-bracelet","15":"product_cat-ladies-bracelet","16":"product_cat-22ct-gold-jewellery","17":"product_cat-jewellery-for-hands","18":"product_cat-jewellery-under-750","19":"product_cat-womens-jewellery","20":"product_cat-yellow-gold-jewellery","22":"first","23":"outofstock","24":"taxable","25":"shipping-taxable","26":"product-type-simple","27":"add-to-wishlist-before_image"},"yoast_head":"<!-- This site is optimized with the Yoast SEO plugin v27.6 - https:\/\/yoast.com\/product\/yoast-seo-wordpress\/ -->\n<title>Women&#039;s 22ct Gold Bracelet in PureJewels Uk<\/title>\n<meta name=\"description\" content=\"Purejewels UK offers a stunning range of women&#039;s 22ct gold bead bracelets - shop online and add a touch of sophistication to your ensemble.\" \/>\n<meta name=\"robots\" content=\"index, follow, max-snippet:-1, max-image-preview:large, max-video-preview:-1\" \/>\n<link rel=\"canonical\" href=\"https:\/\/www.purejewels.com\/tr\/urun\/kadin-22-ayar-altin-boncuk-bileklik-7-inc-47494\/\" \/>\n<meta property=\"og:locale\" content=\"tr_TR\" \/>\n<meta property=\"og:type\" content=\"article\" \/>\n<meta property=\"og:title\" content=\"Women&#039;s 22ct Gold Bracelet in PureJewels Uk\" \/>\n<meta property=\"og:description\" content=\"Purejewels UK offers a stunning range of women&#039;s 22ct gold bead bracelets - shop online and add a touch of sophistication to your ensemble.\" \/>\n<meta property=\"og:url\" content=\"https:\/\/www.purejewels.com\/tr\/urun\/kadin-22-ayar-altin-boncuk-bileklik-7-inc-47494\/\" \/>\n<meta property=\"og:site_name\" content=\"PureJewels UK\" \/>\n<meta property=\"article:modified_time\" content=\"2026-01-06T10:00:24+00:00\" \/>\n<meta property=\"og:image\" content=\"https:\/\/static.purejewels.com\/wp-content\/uploads\/2024\/01\/47494.jpg\" \/>\n\t<meta property=\"og:image:width\" content=\"1\" \/>\n\t<meta property=\"og:image:height\" content=\"1\" \/>\n\t<meta property=\"og:image:type\" content=\"image\/jpeg\" \/>\n<meta name=\"twitter:card\" content=\"summary_large_image\" \/>\n<meta name=\"twitter:label1\" content=\"Tahmini okuma s\u00fcresi\" \/>\n\t<meta name=\"twitter:data1\" content=\"1 dakika\" \/>\n<script type=\"application\/ld+json\" class=\"yoast-schema-graph\">{\"@context\":\"https:\\\/\\\/schema.org\",\"@graph\":[{\"@type\":[\"WebPage\",\"ItemPage\"],\"@id\":\"https:\\\/\\\/www.purejewels.com\\\/product\\\/womens-22ct-gold-bead-bracelet-7-inches-47494\\\/\",\"url\":\"https:\\\/\\\/www.purejewels.com\\\/product\\\/womens-22ct-gold-bead-bracelet-7-inches-47494\\\/\",\"name\":\"Women's 22ct Gold Bracelet in PureJewels Uk\",\"isPartOf\":{\"@id\":\"https:\\\/\\\/www.purejewels.com\\\/#website\"},\"primaryImageOfPage\":{\"@id\":\"https:\\\/\\\/www.purejewels.com\\\/product\\\/womens-22ct-gold-bead-bracelet-7-inches-47494\\\/#primaryimage\"},\"image\":{\"@id\":\"https:\\\/\\\/www.purejewels.com\\\/product\\\/womens-22ct-gold-bead-bracelet-7-inches-47494\\\/#primaryimage\"},\"thumbnailUrl\":\"https:\\\/\\\/static.purejewels.com\\\/wp-content\\\/uploads\\\/2024\\\/01\\\/47494.jpg\",\"datePublished\":\"2024-01-19T10:05:27+00:00\",\"dateModified\":\"2026-01-06T10:00:24+00:00\",\"description\":\"Purejewels UK offers a stunning range of women's 22ct gold bead bracelets - shop online and add a touch of sophistication to your ensemble.\",\"breadcrumb\":{\"@id\":\"https:\\\/\\\/www.purejewels.com\\\/product\\\/womens-22ct-gold-bead-bracelet-7-inches-47494\\\/#breadcrumb\"},\"inLanguage\":\"tr\",\"potentialAction\":[{\"@type\":\"ReadAction\",\"target\":[\"https:\\\/\\\/www.purejewels.com\\\/product\\\/womens-22ct-gold-bead-bracelet-7-inches-47494\\\/\"]}]},{\"@type\":\"ImageObject\",\"inLanguage\":\"tr\",\"@id\":\"https:\\\/\\\/www.purejewels.com\\\/product\\\/womens-22ct-gold-bead-bracelet-7-inches-47494\\\/#primaryimage\",\"url\":\"https:\\\/\\\/static.purejewels.com\\\/wp-content\\\/uploads\\\/2024\\\/01\\\/47494.jpg\",\"contentUrl\":\"https:\\\/\\\/static.purejewels.com\\\/wp-content\\\/uploads\\\/2024\\\/01\\\/47494.jpg\",\"caption\":\"Women's 22ct Gold Bead Bracelet | 7 Inches 47494\"},{\"@type\":\"BreadcrumbList\",\"@id\":\"https:\\\/\\\/www.purejewels.com\\\/product\\\/womens-22ct-gold-bead-bracelet-7-inches-47494\\\/#breadcrumb\",\"itemListElement\":[{\"@type\":\"ListItem\",\"position\":1,\"name\":\"Home\",\"item\":\"https:\\\/\\\/www.purejewels.com\\\/\"},{\"@type\":\"ListItem\",\"position\":2,\"name\":\"Shop\",\"item\":\"https:\\\/\\\/www.purejewels.com\\\/shop\\\/\"},{\"@type\":\"ListItem\",\"position\":3,\"name\":\"Textured Bead Link 22ct Gold Bracelet for Women\"}]},{\"@type\":\"WebSite\",\"@id\":\"https:\\\/\\\/www.purejewels.com\\\/#website\",\"url\":\"https:\\\/\\\/www.purejewels.com\\\/\",\"name\":\"PureJewels UK\",\"description\":\"Share the Love\",\"publisher\":{\"@id\":\"https:\\\/\\\/www.purejewels.com\\\/#organization\"},\"potentialAction\":[{\"@type\":\"SearchAction\",\"target\":{\"@type\":\"EntryPoint\",\"urlTemplate\":\"https:\\\/\\\/www.purejewels.com\\\/?s={search_term_string}\"},\"query-input\":{\"@type\":\"PropertyValueSpecification\",\"valueRequired\":true,\"valueName\":\"search_term_string\"}}],\"inLanguage\":\"tr\"},{\"@type\":\"Organization\",\"@id\":\"https:\\\/\\\/www.purejewels.com\\\/#organization\",\"name\":\"PureJewels UK\",\"url\":\"https:\\\/\\\/www.purejewels.com\\\/\",\"logo\":{\"@type\":\"ImageObject\",\"inLanguage\":\"tr\",\"@id\":\"https:\\\/\\\/www.purejewels.com\\\/#\\\/schema\\\/logo\\\/image\\\/\",\"url\":\"https:\\\/\\\/static.purejewels.com\\\/wp-content\\\/uploads\\\/2020\\\/11\\\/Logo-PJ-New-1.png\",\"contentUrl\":\"https:\\\/\\\/static.purejewels.com\\\/wp-content\\\/uploads\\\/2020\\\/11\\\/Logo-PJ-New-1.png\",\"width\":150,\"height\":80,\"caption\":\"PureJewels UK\"},\"image\":{\"@id\":\"https:\\\/\\\/www.purejewels.com\\\/#\\\/schema\\\/logo\\\/image\\\/\"}}]}<\/script>\n<!-- \/ Yoast SEO plugin. -->","yoast_head_json":{"title":"PureJewels \u0130ngiltere'de 22 Ayar Alt\u0131n Kad\u0131n Bileklik","description":"Purejewels UK, 22 ayar alt\u0131n boncuk bileziklerden olu\u015fan \u00e7arp\u0131c\u0131 bir kad\u0131n \u00fcr\u00fcn yelpazesi sunuyor - online al\u0131\u015fveri\u015f yap\u0131n ve kombininize sofistike bir dokunu\u015f kat\u0131n.","robots":{"index":"index","follow":"follow","max-snippet":"max-snippet:-1","max-image-preview":"max-image-preview:large","max-video-preview":"max-video-preview:-1"},"canonical":"https:\/\/www.purejewels.com\/tr\/urun\/kadin-22-ayar-altin-boncuk-bileklik-7-inc-47494\/","og_locale":"tr_TR","og_type":"article","og_title":"Women's 22ct Gold Bracelet in PureJewels Uk","og_description":"Purejewels UK offers a stunning range of women's 22ct gold bead bracelets - shop online and add a touch of sophistication to your ensemble.","og_url":"https:\/\/www.purejewels.com\/tr\/urun\/kadin-22-ayar-altin-boncuk-bileklik-7-inc-47494\/","og_site_name":"PureJewels UK","article_modified_time":"2026-01-06T10:00:24+00:00","og_image":[{"url":"https:\/\/static.purejewels.com\/wp-content\/uploads\/2024\/01\/47494.jpg","width":1,"height":1,"type":"image\/jpeg"}],"twitter_card":"summary_large_image","twitter_misc":{"Tahmini okuma s\u00fcresi":"1 dakika"},"schema":{"@context":"https:\/\/schema.org","@graph":[{"@type":["WebPage","ItemPage"],"@id":"https:\/\/www.purejewels.com\/product\/womens-22ct-gold-bead-bracelet-7-inches-47494\/","url":"https:\/\/www.purejewels.com\/product\/womens-22ct-gold-bead-bracelet-7-inches-47494\/","name":"PureJewels \u0130ngiltere'de 22 Ayar Alt\u0131n Kad\u0131n Bileklik","isPartOf":{"@id":"https:\/\/www.purejewels.com\/#website"},"primaryImageOfPage":{"@id":"https:\/\/www.purejewels.com\/product\/womens-22ct-gold-bead-bracelet-7-inches-47494\/#primaryimage"},"image":{"@id":"https:\/\/www.purejewels.com\/product\/womens-22ct-gold-bead-bracelet-7-inches-47494\/#primaryimage"},"thumbnailUrl":"https:\/\/static.purejewels.com\/wp-content\/uploads\/2024\/01\/47494.jpg","datePublished":"2024-01-19T10:05:27+00:00","dateModified":"2026-01-06T10:00:24+00:00","description":"Purejewels UK, 22 ayar alt\u0131n boncuk bileziklerden olu\u015fan \u00e7arp\u0131c\u0131 bir kad\u0131n \u00fcr\u00fcn yelpazesi sunuyor - online al\u0131\u015fveri\u015f yap\u0131n ve kombininize sofistike bir dokunu\u015f kat\u0131n.","breadcrumb":{"@id":"https:\/\/www.purejewels.com\/product\/womens-22ct-gold-bead-bracelet-7-inches-47494\/#breadcrumb"},"inLanguage":"tr","potentialAction":[{"@type":"ReadAction","target":["https:\/\/www.purejewels.com\/product\/womens-22ct-gold-bead-bracelet-7-inches-47494\/"]}]},{"@type":"ImageObject","inLanguage":"tr","@id":"https:\/\/www.purejewels.com\/product\/womens-22ct-gold-bead-bracelet-7-inches-47494\/#primaryimage","url":"https:\/\/static.purejewels.com\/wp-content\/uploads\/2024\/01\/47494.jpg","contentUrl":"https:\/\/static.purejewels.com\/wp-content\/uploads\/2024\/01\/47494.jpg","caption":"Women's 22ct Gold Bead Bracelet | 7 Inches 47494"},{"@type":"BreadcrumbList","@id":"https:\/\/www.purejewels.com\/product\/womens-22ct-gold-bead-bracelet-7-inches-47494\/#breadcrumb","itemListElement":[{"@type":"ListItem","position":1,"name":"Home","item":"https:\/\/www.purejewels.com\/"},{"@type":"ListItem","position":2,"name":"Shop","item":"https:\/\/www.purejewels.com\/shop\/"},{"@type":"ListItem","position":3,"name":"Textured Bead Link 22ct Gold Bracelet for Women"}]},{"@type":"WebSite","@id":"https:\/\/www.purejewels.com\/#website","url":"https:\/\/www.purejewels.com\/","name":"PureJewels \u0130ngiltere","description":"Sevgiyi Payla\u015f\u0131n","publisher":{"@id":"https:\/\/www.purejewels.com\/#organization"},"potentialAction":[{"@type":"SearchAction","target":{"@type":"EntryPoint","urlTemplate":"https:\/\/www.purejewels.com\/?s={search_term_string}"},"query-input":{"@type":"PropertyValueSpecification","valueRequired":true,"valueName":"search_term_string"}}],"inLanguage":"tr"},{"@type":"Organization","@id":"https:\/\/www.purejewels.com\/#organization","name":"PureJewels \u0130ngiltere","url":"https:\/\/www.purejewels.com\/","logo":{"@type":"ImageObject","inLanguage":"tr","@id":"https:\/\/www.purejewels.com\/#\/schema\/logo\/image\/","url":"https:\/\/static.purejewels.com\/wp-content\/uploads\/2020\/11\/Logo-PJ-New-1.png","contentUrl":"https:\/\/static.purejewels.com\/wp-content\/uploads\/2020\/11\/Logo-PJ-New-1.png","width":150,"height":80,"caption":"PureJewels UK"},"image":{"@id":"https:\/\/www.purejewels.com\/#\/schema\/logo\/image\/"}}]}},"_links":{"self":[{"href":"https:\/\/www.purejewels.com\/tr\/wp-json\/wp\/v2\/product\/356260","targetHints":{"allow":["GET"]}}],"collection":[{"href":"https:\/\/www.purejewels.com\/tr\/wp-json\/wp\/v2\/product"}],"about":[{"href":"https:\/\/www.purejewels.com\/tr\/wp-json\/wp\/v2\/types\/product"}],"replies":[{"embeddable":true,"href":"https:\/\/www.purejewels.com\/tr\/wp-json\/wp\/v2\/comments?post=356260"}],"version-history":[{"count":3,"href":"https:\/\/www.purejewels.com\/tr\/wp-json\/wp\/v2\/product\/356260\/revisions"}],"predecessor-version":[{"id":422877,"href":"https:\/\/www.purejewels.com\/tr\/wp-json\/wp\/v2\/product\/356260\/revisions\/422877"}],"wp:featuredmedia":[{"embeddable":true,"href":"https:\/\/www.purejewels.com\/tr\/wp-json\/wp\/v2\/media\/356264"}],"wp:attachment":[{"href":"https:\/\/www.purejewels.com\/tr\/wp-json\/wp\/v2\/media?parent=356260"}],"wp:term":[{"taxonomy":"product_brand","embeddable":true,"href":"https:\/\/www.purejewels.com\/tr\/wp-json\/wp\/v2\/product_brand?post=356260"},{"taxonomy":"product_cat","embeddable":true,"href":"https:\/\/www.purejewels.com\/tr\/wp-json\/wp\/v2\/product_cat?post=356260"},{"taxonomy":"product_tag","embeddable":true,"href":"https:\/\/www.purejewels.com\/tr\/wp-json\/wp\/v2\/product_tag?post=356260"}],"curies":[{"name":"wp","href":"https:\/\/api.w.org\/{rel}","templated":true}]}}