{"id":356269,"date":"2024-12-25T11:38:18","date_gmt":"2024-12-25T11:38:18","guid":{"rendered":"https:\/\/www.purejewels.com\/?post_type=product&#038;p=356269"},"modified":"2026-01-10T16:15:42","modified_gmt":"2026-01-10T16:15:42","slug":"rodyum-kaplamali-22-ayar-altin-bilezik-7-inc","status":"publish","type":"product","link":"https:\/\/www.purejewels.com\/tr\/product\/22ct-gold-bracelet-with-rhodium-finish-7-inches\/","title":{"rendered":"Rodyum Kaplamal\u0131 22 Ayar Alt\u0131n Bileklik | 7 \u0130n\u00e7"},"content":{"rendered":"<p>Bu \u00e7arp\u0131c\u0131 tasar\u0131mla g\u00fcnl\u00fck g\u00f6r\u00fcn\u00fcm\u00fcn\u00fcze \u015f\u0131k bir dokunu\u015f kat\u0131n <strong>22 Ayar Alt\u0131n Boncuk Bileklik<\/strong> sofistike bir rodyum kaplamaya sahiptir. Konfor ve stil i\u00e7in tasarlanan bu hafif bileklik, dayan\u0131kl\u0131l\u0131\u011f\u0131 zamans\u0131z g\u00fczellikle harmanlayarak g\u00fcnl\u00fck kullan\u0131m i\u00e7in m\u00fckemmeldir.<\/p>\n<p>Birinci s\u0131n\u0131f 22 ayar alt\u0131ndan \u00fcretilen her bir boncuk s\u0131cakl\u0131k ve \u00e7ekicilik yayarken rodyum vurgular \u00e7a\u011fda\u015f bir hava katar. 7 in\u00e7 uzunlu\u011fundaki bu bileklik, g\u00fcvenli ve rahat bir uyum sunarak i\u015fte, ayak i\u015flerinde veya d\u0131\u015far\u0131da bir gecenin tad\u0131n\u0131 \u00e7\u0131kar\u0131rken her durum i\u00e7in ideal bir aksesuard\u0131r.<\/p>\n<p><strong>Temel \u00d6zellikler:<\/strong><\/p>\n<ul>\n<li><strong>Malzeme:<\/strong> \u015e\u0131k rodyum kaplamal\u0131 22 ayar alt\u0131n.<\/li>\n<li><strong>Hafif Tasar\u0131m:<\/strong> T\u00fcm g\u00fcn kullan\u0131m i\u00e7in rahatt\u0131r.<\/li>\n<li><strong>Uzunluk:<\/strong> 7 in\u00e7, \u00e7o\u011fu bilek boyutu i\u00e7in m\u00fckemmeldir.<\/li>\n<li><strong>\u00c7ok Y\u00f6nl\u00fc Stil:<\/strong> Hem g\u00fcndelik hem de resmi k\u0131yafetleri tamamlar.<\/li>\n<\/ul>\n<p><strong>Bak\u0131m \u0130pu\u00e7lar\u0131:<\/strong><br \/>\n\u00c7izilmeleri \u00f6nlemek i\u00e7in bilezi\u011finizi bir m\u00fccevher kutusu veya kesesi i\u00e7inde saklay\u0131n ve parlakl\u0131\u011f\u0131n\u0131 korumak i\u00e7in yumu\u015fak bir bezle nazik\u00e7e temizleyin.<\/p>\n<p>Zahmetsiz sofistikeli\u011fi temsil eden bu g\u00fczel bileklikle benzersiz tarz\u0131n\u0131z\u0131 kutlay\u0131n.<\/p>\n<p>SKU: 48497<\/p>","protected":false},"excerpt":{"rendered":"<table class=\"sh_desc\" style=\"width: 100%; height: 280px;\">\n<tbody>\n<tr style=\"height: 28px;\">\n<td style=\"width: 23.8333%; height: 28px;\">Bilezik T\u00fcr\u00fc<\/td>\n<td style=\"width: 76%; height: 28px;\">Bayan Bileklik<\/td>\n<\/tr>\n<tr style=\"height: 28px;\">\n<td style=\"width: 23.8333%; height: 28px;\">SKU<\/td>\n<td style=\"width: 76%; height: 28px;\">48497<\/td>\n<\/tr>\n<tr style=\"height: 28px;\">\n<td style=\"width: 23.8333%; height: 28px;\">A\u011f\u0131rl\u0131k<\/td>\n<td style=\"width: 76%; height: 28px;\">2.7 Gms<\/td>\n<\/tr>\n<tr style=\"height: 28px;\">\n<td style=\"width: 23.8333%; height: 28px;\">Uzunluk<\/td>\n<td style=\"width: 76%; height: 28px;\">7 \u0130n\u00e7<\/td>\n<\/tr>\n<tr style=\"height: 28px;\">\n<td style=\"width: 23.8333%; height: 28px;\">Koleksiyon<\/td>\n<td style=\"width: 76%; height: 28px;\"><strong>Glow Koleksiyonu<\/strong><\/td>\n<\/tr>\n<tr style=\"height: 28px;\">\n<td style=\"width: 23.8333%; height: 28px;\">Hallmark<\/td>\n<td style=\"width: 76%; height: 28px;\">Londra Tahlil Ofisi Taraf\u0131ndan Damgalanm\u0131\u015f 22 Ayar Alt\u0131n<\/td>\n<\/tr>\n<tr style=\"height: 28px;\">\n<td style=\"width: 23.8333%; height: 28px;\">\u00dccretler<\/td>\n<td style=\"width: 76%; height: 28px;\">Teslimat ve KDV Dahil<\/td>\n<\/tr>\n<tr style=\"height: 28px;\">\n<td style=\"width: 23.8333%; height: 28px;\">Paketleme<\/td>\n<td style=\"width: 76%; height: 28px;\">Sunum Kutusu ile Birlikte Gelir<\/td>\n<\/tr>\n<tr style=\"height: 56px;\">\n<td style=\"width: 23.8333%; height: 56px;\">Daha Fazla Bilgi<\/td>\n<td style=\"width: 76%; height: 56px;\">Alt\u0131n Bilezi\u011fin mevcudiyeti ve daha fazla g\u00f6rsel i\u00e7in bizimle canl\u0131 sohbet edin<\/td>\n<\/tr>\n<\/tbody>\n<\/table>","protected":false},"featured_media":383088,"comment_status":"closed","ping_status":"closed","template":"","meta":{"_eb_attr":"","_crsspst_to_jayantr4sg-hostcom":true},"product_brand":[],"product_cat":[1791,5441,1559,1794,1792,1790,3628,1324,1627,1229,5371,5344,1657,1569,1574,5349],"product_tag":[1554],"class_list":{"0":"post-356269","1":"product","2":"type-product","3":"status-publish","4":"has-post-thumbnail","6":"product_cat-anniversary-gifts","7":"product_cat-gold-bead-bracelets","8":"product_cat-birthday-gifts","9":"product_cat-christmas-gifts","10":"product_cat-festival-gifts","11":"product_cat-for-whom-when","12":"product_cat-glow-collections","13":"product_cat-gold-bracelet","14":"product_cat-ladies-bracelet","15":"product_cat-22ct-gold-jewellery","16":"product_cat-jewellery-for-hands","17":"product_cat-jewellery-under-750","18":"product_cat-single-bangle","19":"product_cat-valentine-day-gifts","20":"product_cat-womens-jewellery","21":"product_cat-yellow-gold-jewellery","22":"product_tag-beaded-bracelet","24":"first","25":"outofstock","26":"taxable","27":"shipping-taxable","28":"product-type-simple","29":"add-to-wishlist-before_image"},"yoast_head":"<!-- This site is optimized with the Yoast SEO plugin v27.3 - https:\/\/yoast.com\/product\/yoast-seo-wordpress\/ -->\n<title>Shop Women&#039;s 22ct Gold Bead Bracelet at PureJewels UK<\/title>\n<meta name=\"description\" content=\"Elevate your style with our exquisite women&#039;s 22ct gold bead bracelet, crafted to perfection. Free delivery and hassle-free returns\" \/>\n<meta name=\"robots\" content=\"index, follow, max-snippet:-1, max-image-preview:large, max-video-preview:-1\" \/>\n<link rel=\"canonical\" href=\"https:\/\/www.purejewels.com\/tr\/urun\/rodyum-kaplamali-22-ayar-altin-bilezik-7-inc\/\" \/>\n<meta property=\"og:locale\" content=\"tr_TR\" \/>\n<meta property=\"og:type\" content=\"article\" \/>\n<meta property=\"og:title\" content=\"Shop Women&#039;s 22ct Gold Bead Bracelet at PureJewels UK\" \/>\n<meta property=\"og:description\" content=\"Elevate your style with our exquisite women&#039;s 22ct gold bead bracelet, crafted to perfection. Free delivery and hassle-free returns\" \/>\n<meta property=\"og:url\" content=\"https:\/\/www.purejewels.com\/tr\/urun\/rodyum-kaplamali-22-ayar-altin-bilezik-7-inc\/\" \/>\n<meta property=\"og:site_name\" content=\"PureJewels UK\" \/>\n<meta property=\"article:modified_time\" content=\"2026-01-10T16:15:42+00:00\" \/>\n<meta property=\"og:image\" content=\"https:\/\/www.purejewels.com\/wp-content\/uploads\/2024\/01\/WhatsApp-Image-2025-01-11-at-15.16.29-1-e1736609329992.jpeg\" \/>\n\t<meta property=\"og:image:width\" content=\"922\" \/>\n\t<meta property=\"og:image:height\" content=\"922\" \/>\n\t<meta property=\"og:image:type\" content=\"image\/jpeg\" \/>\n<meta name=\"twitter:card\" content=\"summary_large_image\" \/>\n<meta name=\"twitter:label1\" content=\"Tahmini okuma s\u00fcresi\" \/>\n\t<meta name=\"twitter:data1\" content=\"2 dakika\" \/>\n<script type=\"application\/ld+json\" class=\"yoast-schema-graph\">{\"@context\":\"https:\\\/\\\/schema.org\",\"@graph\":[{\"@type\":[\"WebPage\",\"ItemPage\"],\"@id\":\"https:\\\/\\\/www.purejewels.com\\\/product\\\/22ct-gold-bracelet-with-rhodium-finish-7-inches\\\/\",\"url\":\"https:\\\/\\\/www.purejewels.com\\\/product\\\/22ct-gold-bracelet-with-rhodium-finish-7-inches\\\/\",\"name\":\"Shop Women's 22ct Gold Bead Bracelet at PureJewels UK\",\"isPartOf\":{\"@id\":\"https:\\\/\\\/www.purejewels.com\\\/#website\"},\"primaryImageOfPage\":{\"@id\":\"https:\\\/\\\/www.purejewels.com\\\/product\\\/22ct-gold-bracelet-with-rhodium-finish-7-inches\\\/#primaryimage\"},\"image\":{\"@id\":\"https:\\\/\\\/www.purejewels.com\\\/product\\\/22ct-gold-bracelet-with-rhodium-finish-7-inches\\\/#primaryimage\"},\"thumbnailUrl\":\"https:\\\/\\\/static.purejewels.com\\\/wp-content\\\/uploads\\\/2024\\\/01\\\/WhatsApp-Image-2025-01-11-at-15.16.29-1-e1736609329992.jpeg\",\"datePublished\":\"2024-12-25T11:38:18+00:00\",\"dateModified\":\"2026-01-10T16:15:42+00:00\",\"description\":\"Elevate your style with our exquisite women's 22ct gold bead bracelet, crafted to perfection. Free delivery and hassle-free returns\",\"breadcrumb\":{\"@id\":\"https:\\\/\\\/www.purejewels.com\\\/product\\\/22ct-gold-bracelet-with-rhodium-finish-7-inches\\\/#breadcrumb\"},\"inLanguage\":\"tr\",\"potentialAction\":[{\"@type\":\"ReadAction\",\"target\":[\"https:\\\/\\\/www.purejewels.com\\\/product\\\/22ct-gold-bracelet-with-rhodium-finish-7-inches\\\/\"]}]},{\"@type\":\"ImageObject\",\"inLanguage\":\"tr\",\"@id\":\"https:\\\/\\\/www.purejewels.com\\\/product\\\/22ct-gold-bracelet-with-rhodium-finish-7-inches\\\/#primaryimage\",\"url\":\"https:\\\/\\\/static.purejewels.com\\\/wp-content\\\/uploads\\\/2024\\\/01\\\/WhatsApp-Image-2025-01-11-at-15.16.29-1-e1736609329992.jpeg\",\"contentUrl\":\"https:\\\/\\\/static.purejewels.com\\\/wp-content\\\/uploads\\\/2024\\\/01\\\/WhatsApp-Image-2025-01-11-at-15.16.29-1-e1736609329992.jpeg\",\"width\":922,\"height\":922},{\"@type\":\"BreadcrumbList\",\"@id\":\"https:\\\/\\\/www.purejewels.com\\\/product\\\/22ct-gold-bracelet-with-rhodium-finish-7-inches\\\/#breadcrumb\",\"itemListElement\":[{\"@type\":\"ListItem\",\"position\":1,\"name\":\"Home\",\"item\":\"https:\\\/\\\/www.purejewels.com\\\/\"},{\"@type\":\"ListItem\",\"position\":2,\"name\":\"Shop\",\"item\":\"https:\\\/\\\/www.purejewels.com\\\/shop\\\/\"},{\"@type\":\"ListItem\",\"position\":3,\"name\":\"22ct Gold Bracelet with Rhodium finish | 7 Inches\"}]},{\"@type\":\"WebSite\",\"@id\":\"https:\\\/\\\/www.purejewels.com\\\/#website\",\"url\":\"https:\\\/\\\/www.purejewels.com\\\/\",\"name\":\"PureJewels UK\",\"description\":\"Share the Love\",\"publisher\":{\"@id\":\"https:\\\/\\\/www.purejewels.com\\\/#organization\"},\"potentialAction\":[{\"@type\":\"SearchAction\",\"target\":{\"@type\":\"EntryPoint\",\"urlTemplate\":\"https:\\\/\\\/www.purejewels.com\\\/?s={search_term_string}\"},\"query-input\":{\"@type\":\"PropertyValueSpecification\",\"valueRequired\":true,\"valueName\":\"search_term_string\"}}],\"inLanguage\":\"tr\"},{\"@type\":\"Organization\",\"@id\":\"https:\\\/\\\/www.purejewels.com\\\/#organization\",\"name\":\"PureJewels UK\",\"url\":\"https:\\\/\\\/www.purejewels.com\\\/\",\"logo\":{\"@type\":\"ImageObject\",\"inLanguage\":\"tr\",\"@id\":\"https:\\\/\\\/www.purejewels.com\\\/#\\\/schema\\\/logo\\\/image\\\/\",\"url\":\"https:\\\/\\\/static.purejewels.com\\\/wp-content\\\/uploads\\\/2020\\\/11\\\/Logo-PJ-New-1.png\",\"contentUrl\":\"https:\\\/\\\/static.purejewels.com\\\/wp-content\\\/uploads\\\/2020\\\/11\\\/Logo-PJ-New-1.png\",\"width\":150,\"height\":80,\"caption\":\"PureJewels UK\"},\"image\":{\"@id\":\"https:\\\/\\\/www.purejewels.com\\\/#\\\/schema\\\/logo\\\/image\\\/\"}}]}<\/script>\n<!-- \/ Yoast SEO plugin. -->","yoast_head_json":{"title":"PureJewels UK'de Kad\u0131n 22 Ayar Alt\u0131n Boncuk Bileklik Al\u0131\u015fveri\u015fi","description":"M\u00fckemmellik i\u00e7in haz\u0131rlanm\u0131\u015f zarif kad\u0131n 22 ayar alt\u0131n boncuk bilekli\u011fimizle tarz\u0131n\u0131z\u0131 y\u00fckseltin. \u00dccretsiz teslimat ve sorunsuz iade","robots":{"index":"index","follow":"follow","max-snippet":"max-snippet:-1","max-image-preview":"max-image-preview:large","max-video-preview":"max-video-preview:-1"},"canonical":"https:\/\/www.purejewels.com\/tr\/urun\/rodyum-kaplamali-22-ayar-altin-bilezik-7-inc\/","og_locale":"tr_TR","og_type":"article","og_title":"Shop Women's 22ct Gold Bead Bracelet at PureJewels UK","og_description":"Elevate your style with our exquisite women's 22ct gold bead bracelet, crafted to perfection. Free delivery and hassle-free returns","og_url":"https:\/\/www.purejewels.com\/tr\/urun\/rodyum-kaplamali-22-ayar-altin-bilezik-7-inc\/","og_site_name":"PureJewels UK","article_modified_time":"2026-01-10T16:15:42+00:00","og_image":[{"width":922,"height":922,"url":"https:\/\/www.purejewels.com\/wp-content\/uploads\/2024\/01\/WhatsApp-Image-2025-01-11-at-15.16.29-1-e1736609329992.jpeg","type":"image\/jpeg"}],"twitter_card":"summary_large_image","twitter_misc":{"Tahmini okuma s\u00fcresi":"2 dakika"},"schema":{"@context":"https:\/\/schema.org","@graph":[{"@type":["WebPage","ItemPage"],"@id":"https:\/\/www.purejewels.com\/product\/22ct-gold-bracelet-with-rhodium-finish-7-inches\/","url":"https:\/\/www.purejewels.com\/product\/22ct-gold-bracelet-with-rhodium-finish-7-inches\/","name":"PureJewels UK'de Kad\u0131n 22 Ayar Alt\u0131n Boncuk Bileklik Al\u0131\u015fveri\u015fi","isPartOf":{"@id":"https:\/\/www.purejewels.com\/#website"},"primaryImageOfPage":{"@id":"https:\/\/www.purejewels.com\/product\/22ct-gold-bracelet-with-rhodium-finish-7-inches\/#primaryimage"},"image":{"@id":"https:\/\/www.purejewels.com\/product\/22ct-gold-bracelet-with-rhodium-finish-7-inches\/#primaryimage"},"thumbnailUrl":"https:\/\/static.purejewels.com\/wp-content\/uploads\/2024\/01\/WhatsApp-Image-2025-01-11-at-15.16.29-1-e1736609329992.jpeg","datePublished":"2024-12-25T11:38:18+00:00","dateModified":"2026-01-10T16:15:42+00:00","description":"M\u00fckemmellik i\u00e7in haz\u0131rlanm\u0131\u015f zarif kad\u0131n 22 ayar alt\u0131n boncuk bilekli\u011fimizle tarz\u0131n\u0131z\u0131 y\u00fckseltin. \u00dccretsiz teslimat ve sorunsuz iade","breadcrumb":{"@id":"https:\/\/www.purejewels.com\/product\/22ct-gold-bracelet-with-rhodium-finish-7-inches\/#breadcrumb"},"inLanguage":"tr","potentialAction":[{"@type":"ReadAction","target":["https:\/\/www.purejewels.com\/product\/22ct-gold-bracelet-with-rhodium-finish-7-inches\/"]}]},{"@type":"ImageObject","inLanguage":"tr","@id":"https:\/\/www.purejewels.com\/product\/22ct-gold-bracelet-with-rhodium-finish-7-inches\/#primaryimage","url":"https:\/\/static.purejewels.com\/wp-content\/uploads\/2024\/01\/WhatsApp-Image-2025-01-11-at-15.16.29-1-e1736609329992.jpeg","contentUrl":"https:\/\/static.purejewels.com\/wp-content\/uploads\/2024\/01\/WhatsApp-Image-2025-01-11-at-15.16.29-1-e1736609329992.jpeg","width":922,"height":922},{"@type":"BreadcrumbList","@id":"https:\/\/www.purejewels.com\/product\/22ct-gold-bracelet-with-rhodium-finish-7-inches\/#breadcrumb","itemListElement":[{"@type":"ListItem","position":1,"name":"Home","item":"https:\/\/www.purejewels.com\/"},{"@type":"ListItem","position":2,"name":"Shop","item":"https:\/\/www.purejewels.com\/shop\/"},{"@type":"ListItem","position":3,"name":"22ct Gold Bracelet with Rhodium finish | 7 Inches"}]},{"@type":"WebSite","@id":"https:\/\/www.purejewels.com\/#website","url":"https:\/\/www.purejewels.com\/","name":"PureJewels \u0130ngiltere","description":"Sevgiyi Payla\u015f\u0131n","publisher":{"@id":"https:\/\/www.purejewels.com\/#organization"},"potentialAction":[{"@type":"SearchAction","target":{"@type":"EntryPoint","urlTemplate":"https:\/\/www.purejewels.com\/?s={search_term_string}"},"query-input":{"@type":"PropertyValueSpecification","valueRequired":true,"valueName":"search_term_string"}}],"inLanguage":"tr"},{"@type":"Organization","@id":"https:\/\/www.purejewels.com\/#organization","name":"PureJewels \u0130ngiltere","url":"https:\/\/www.purejewels.com\/","logo":{"@type":"ImageObject","inLanguage":"tr","@id":"https:\/\/www.purejewels.com\/#\/schema\/logo\/image\/","url":"https:\/\/static.purejewels.com\/wp-content\/uploads\/2020\/11\/Logo-PJ-New-1.png","contentUrl":"https:\/\/static.purejewels.com\/wp-content\/uploads\/2020\/11\/Logo-PJ-New-1.png","width":150,"height":80,"caption":"PureJewels UK"},"image":{"@id":"https:\/\/www.purejewels.com\/#\/schema\/logo\/image\/"}}]}},"_links":{"self":[{"href":"https:\/\/www.purejewels.com\/tr\/wp-json\/wp\/v2\/product\/356269","targetHints":{"allow":["GET"]}}],"collection":[{"href":"https:\/\/www.purejewels.com\/tr\/wp-json\/wp\/v2\/product"}],"about":[{"href":"https:\/\/www.purejewels.com\/tr\/wp-json\/wp\/v2\/types\/product"}],"replies":[{"embeddable":true,"href":"https:\/\/www.purejewels.com\/tr\/wp-json\/wp\/v2\/comments?post=356269"}],"version-history":[{"count":4,"href":"https:\/\/www.purejewels.com\/tr\/wp-json\/wp\/v2\/product\/356269\/revisions"}],"predecessor-version":[{"id":386036,"href":"https:\/\/www.purejewels.com\/tr\/wp-json\/wp\/v2\/product\/356269\/revisions\/386036"}],"wp:featuredmedia":[{"embeddable":true,"href":"https:\/\/www.purejewels.com\/tr\/wp-json\/wp\/v2\/media\/383088"}],"wp:attachment":[{"href":"https:\/\/www.purejewels.com\/tr\/wp-json\/wp\/v2\/media?parent=356269"}],"wp:term":[{"taxonomy":"product_brand","embeddable":true,"href":"https:\/\/www.purejewels.com\/tr\/wp-json\/wp\/v2\/product_brand?post=356269"},{"taxonomy":"product_cat","embeddable":true,"href":"https:\/\/www.purejewels.com\/tr\/wp-json\/wp\/v2\/product_cat?post=356269"},{"taxonomy":"product_tag","embeddable":true,"href":"https:\/\/www.purejewels.com\/tr\/wp-json\/wp\/v2\/product_tag?post=356269"}],"curies":[{"name":"wp","href":"https:\/\/api.w.org\/{rel}","templated":true}]}}