{"id":356389,"date":"2025-04-30T11:55:24","date_gmt":"2025-04-30T10:55:24","guid":{"rendered":"https:\/\/www.purejewels.com\/?post_type=product&#038;p=356389"},"modified":"2026-04-29T08:58:51","modified_gmt":"2026-04-29T07:58:51","slug":"22-ayar-sari-altin-halka-kupe-51868","status":"publish","type":"product","link":"https:\/\/www.purejewels.com\/tr\/product\/22ct-yellow-gold-hoop-earrings-51868\/","title":{"rendered":"Y\u00f6nl\u00fc Kubbe Halka K\u00fcpeler"},"content":{"rendered":"<p data-start=\"460\" data-end=\"696\">Bunlar <strong data-start=\"466\" data-end=\"506\">22 Ayar Alt\u0131n Y\u00f6nl\u00fc Kubbe Halka K\u00fcpe<\/strong> sadelik ve dokunun \u015f\u0131k bir kar\u0131\u015f\u0131m\u0131d\u0131r. Hakiki 22 ayar alt\u0131ndan \u00fcretilen k\u00fcpeler, ince bir parlakl\u0131k i\u00e7in \u0131\u015f\u0131\u011f\u0131 yans\u0131tan y\u00f6nl\u00fc bir y\u00fczeye sahip yuvarlak bir hilal \u015fekline sahiptir.<\/p>\n<p data-start=\"698\" data-end=\"953\">G\u00fcvenli kanca ba\u011flant\u0131s\u0131 rahat bir uyum sa\u011flar ve g\u00fcnl\u00fck kullan\u0131m i\u00e7in pratik hale getirir. Modern ama klasik tasar\u0131mlar\u0131 hem g\u00fcndelik hem de resmi k\u0131yafetlerle uyumludur ve y\u00fcksek alt\u0131n safl\u0131\u011f\u0131 sayesinde hediye veya ki\u015fisel kullan\u0131m i\u00e7in kal\u0131c\u0131 bir se\u00e7imdir.<\/p>\n<p data-start=\"955\" data-end=\"1080\">Zamans\u0131z bir \u00e7ekicili\u011fe sahip \u00e7ok y\u00f6nl\u00fc bir aksesuar; \u00e7a\u011fda\u015f bir dokunu\u015fa sahip hafif alt\u0131n k\u00fcpeler arayanlar i\u00e7in ideal.<\/p>","protected":false},"excerpt":{"rendered":"<p>\u0130nce bir \u0131\u015f\u0131lt\u0131 ve zarif bir g\u00f6r\u00fcn\u00fcm sunan, y\u00f6nl\u00fc kubbe tasar\u0131ml\u0131 22 ayar alt\u0131n halka k\u00fcpe. Hafif ve takmas\u0131 kolay, g\u00fcnl\u00fck kullan\u0131m veya \u00f6zel g\u00fcnler i\u00e7in ideal.<\/p>\n<ul>\n<li><strong>Malzeme:<\/strong> 22 Ayar Alt\u0131n (91,6% Saf Alt\u0131n)<\/li>\n<li><strong>Hallmark:\u00a0<\/strong>\u0130ngiliz Damgas\u0131<\/li>\n<li><strong>A\u011f\u0131rl\u0131k: <\/strong>2.03 Gms<\/li>\n<li><strong>\u0130\u00e7 \u00e7ap:<\/strong> 12mm<\/li>\n<li><strong>SKU: <\/strong>55402, 55398, 55394, 55393, 55390, 55388, 52135, 53803<\/li>\n<\/ul>\n<p><strong><br \/>\nFiyat ve Teslimat:\u00a0<\/strong>KDV ve teslimat \u00fccretleri dahil<\/p>\n<p><strong><a href=\"https:\/\/www.purejewels.com\/tr\/i%cc%87ade-poli%cc%87ti%cc%87kasi\/\">\u0130ade Politikas\u0131<\/a><\/strong><\/p>","protected":false},"featured_media":401513,"comment_status":"closed","ping_status":"closed","template":"","meta":{"_eb_attr":"","_crsspst_to_jayantr4sg-hostcom":true},"product_brand":[],"product_cat":[1791,1559,1793,1792,1790,1254,1229,1579,5343,1570,5338,5608,1574,5349],"product_tag":[1430],"class_list":{"0":"post-356389","1":"product","2":"type-product","3":"status-publish","4":"has-post-thumbnail","6":"product_cat-anniversary-gifts","7":"product_cat-birthday-gifts","8":"product_cat-diwali-gifts","9":"product_cat-festival-gifts","10":"product_cat-for-whom-when","11":"product_cat-gold-earrings","12":"product_cat-22ct-gold-jewellery","13":"product_cat-hoop-earrings","14":"product_cat-jewellery-under-550","15":"product_cat-mothers-day-gifts","16":"product_cat-shop-by-price","17":"product_cat-simple-hoops","18":"product_cat-womens-jewellery","19":"product_cat-yellow-gold-jewellery","20":"product_tag-diwali-gift","22":"first","23":"instock","24":"taxable","25":"shipping-taxable","26":"purchasable","27":"product-type-simple","28":"add-to-wishlist-before_image"},"yoast_head":"<!-- This site is optimized with the Yoast SEO plugin v27.6 - https:\/\/yoast.com\/product\/yoast-seo-wordpress\/ -->\n<title>Shop 22ct Yellow Gold Hoop Earrings | Purejewels UK<\/title>\n<meta name=\"description\" content=\"Discover exquisite 22ct yellow gold polished finish hoop earrings for ladies at PureJewels UK&#039;s online store. | Free delivery across UK.\" \/>\n<meta name=\"robots\" content=\"index, follow, max-snippet:-1, max-image-preview:large, max-video-preview:-1\" \/>\n<link rel=\"canonical\" href=\"https:\/\/www.purejewels.com\/tr\/urun\/22-ayar-sari-altin-halka-kupe-51868\/\" \/>\n<meta property=\"og:locale\" content=\"tr_TR\" \/>\n<meta property=\"og:type\" content=\"article\" \/>\n<meta property=\"og:title\" content=\"Shop 22ct Yellow Gold Hoop Earrings | Purejewels UK\" \/>\n<meta property=\"og:description\" content=\"Discover exquisite 22ct yellow gold polished finish hoop earrings for ladies at PureJewels UK&#039;s online store. | Free delivery across UK.\" \/>\n<meta property=\"og:url\" content=\"https:\/\/www.purejewels.com\/tr\/urun\/22-ayar-sari-altin-halka-kupe-51868\/\" \/>\n<meta property=\"og:site_name\" content=\"PureJewels UK\" \/>\n<meta property=\"article:modified_time\" content=\"2026-04-29T07:58:51+00:00\" \/>\n<meta property=\"og:image\" content=\"https:\/\/static.purejewels.com\/wp-content\/uploads\/2025\/04\/SKU-52136.png\" \/>\n\t<meta property=\"og:image:width\" content=\"1000\" \/>\n\t<meta property=\"og:image:height\" content=\"1000\" \/>\n\t<meta property=\"og:image:type\" content=\"image\/png\" \/>\n<meta name=\"twitter:card\" content=\"summary_large_image\" \/>\n<meta name=\"twitter:label1\" content=\"Tahmini okuma s\u00fcresi\" \/>\n\t<meta name=\"twitter:data1\" content=\"1 dakika\" \/>\n<script type=\"application\/ld+json\" class=\"yoast-schema-graph\">{\"@context\":\"https:\\\/\\\/schema.org\",\"@graph\":[{\"@type\":[\"WebPage\",\"ItemPage\"],\"@id\":\"https:\\\/\\\/www.purejewels.com\\\/product\\\/22ct-yellow-gold-hoop-earrings-51868\\\/\",\"url\":\"https:\\\/\\\/www.purejewels.com\\\/product\\\/22ct-yellow-gold-hoop-earrings-51868\\\/\",\"name\":\"Shop 22ct Yellow Gold Hoop Earrings | Purejewels UK\",\"isPartOf\":{\"@id\":\"https:\\\/\\\/www.purejewels.com\\\/#website\"},\"primaryImageOfPage\":{\"@id\":\"https:\\\/\\\/www.purejewels.com\\\/product\\\/22ct-yellow-gold-hoop-earrings-51868\\\/#primaryimage\"},\"image\":{\"@id\":\"https:\\\/\\\/www.purejewels.com\\\/product\\\/22ct-yellow-gold-hoop-earrings-51868\\\/#primaryimage\"},\"thumbnailUrl\":\"https:\\\/\\\/static.purejewels.com\\\/wp-content\\\/uploads\\\/2025\\\/04\\\/SKU-52136.png\",\"datePublished\":\"2025-04-30T10:55:24+00:00\",\"dateModified\":\"2026-04-29T07:58:51+00:00\",\"description\":\"Discover exquisite 22ct yellow gold polished finish hoop earrings for ladies at PureJewels UK's online store. | Free delivery across UK.\",\"breadcrumb\":{\"@id\":\"https:\\\/\\\/www.purejewels.com\\\/product\\\/22ct-yellow-gold-hoop-earrings-51868\\\/#breadcrumb\"},\"inLanguage\":\"tr\",\"potentialAction\":[{\"@type\":\"ReadAction\",\"target\":[\"https:\\\/\\\/www.purejewels.com\\\/product\\\/22ct-yellow-gold-hoop-earrings-51868\\\/\"]}]},{\"@type\":\"ImageObject\",\"inLanguage\":\"tr\",\"@id\":\"https:\\\/\\\/www.purejewels.com\\\/product\\\/22ct-yellow-gold-hoop-earrings-51868\\\/#primaryimage\",\"url\":\"https:\\\/\\\/static.purejewels.com\\\/wp-content\\\/uploads\\\/2025\\\/04\\\/SKU-52136.png\",\"contentUrl\":\"https:\\\/\\\/static.purejewels.com\\\/wp-content\\\/uploads\\\/2025\\\/04\\\/SKU-52136.png\",\"width\":1000,\"height\":1000,\"caption\":\"Faceted Dome Hoop Earrings\"},{\"@type\":\"BreadcrumbList\",\"@id\":\"https:\\\/\\\/www.purejewels.com\\\/product\\\/22ct-yellow-gold-hoop-earrings-51868\\\/#breadcrumb\",\"itemListElement\":[{\"@type\":\"ListItem\",\"position\":1,\"name\":\"Home\",\"item\":\"https:\\\/\\\/www.purejewels.com\\\/\"},{\"@type\":\"ListItem\",\"position\":2,\"name\":\"Shop\",\"item\":\"https:\\\/\\\/www.purejewels.com\\\/shop\\\/\"},{\"@type\":\"ListItem\",\"position\":3,\"name\":\"Faceted Dome Hoop Earrings\"}]},{\"@type\":\"WebSite\",\"@id\":\"https:\\\/\\\/www.purejewels.com\\\/#website\",\"url\":\"https:\\\/\\\/www.purejewels.com\\\/\",\"name\":\"PureJewels UK\",\"description\":\"Share the Love\",\"publisher\":{\"@id\":\"https:\\\/\\\/www.purejewels.com\\\/#organization\"},\"potentialAction\":[{\"@type\":\"SearchAction\",\"target\":{\"@type\":\"EntryPoint\",\"urlTemplate\":\"https:\\\/\\\/www.purejewels.com\\\/?s={search_term_string}\"},\"query-input\":{\"@type\":\"PropertyValueSpecification\",\"valueRequired\":true,\"valueName\":\"search_term_string\"}}],\"inLanguage\":\"tr\"},{\"@type\":\"Organization\",\"@id\":\"https:\\\/\\\/www.purejewels.com\\\/#organization\",\"name\":\"PureJewels UK\",\"url\":\"https:\\\/\\\/www.purejewels.com\\\/\",\"logo\":{\"@type\":\"ImageObject\",\"inLanguage\":\"tr\",\"@id\":\"https:\\\/\\\/www.purejewels.com\\\/#\\\/schema\\\/logo\\\/image\\\/\",\"url\":\"https:\\\/\\\/static.purejewels.com\\\/wp-content\\\/uploads\\\/2020\\\/11\\\/Logo-PJ-New-1.png\",\"contentUrl\":\"https:\\\/\\\/static.purejewels.com\\\/wp-content\\\/uploads\\\/2020\\\/11\\\/Logo-PJ-New-1.png\",\"width\":150,\"height\":80,\"caption\":\"PureJewels UK\"},\"image\":{\"@id\":\"https:\\\/\\\/www.purejewels.com\\\/#\\\/schema\\\/logo\\\/image\\\/\"}}]}<\/script>\n<!-- \/ Yoast SEO plugin. -->","yoast_head_json":{"title":"22 Ayar Sar\u0131 Alt\u0131n Halka K\u00fcpe Al\u0131\u015fveri\u015fi | Purejewels UK","description":"PureJewels UK online ma\u011fazas\u0131nda bayanlar i\u00e7in zarif 22 ayar sar\u0131 alt\u0131n cilal\u0131 halka k\u00fcpeleri ke\u015ffedin. | \u0130ngiltere genelinde \u00fccretsiz teslimat.","robots":{"index":"index","follow":"follow","max-snippet":"max-snippet:-1","max-image-preview":"max-image-preview:large","max-video-preview":"max-video-preview:-1"},"canonical":"https:\/\/www.purejewels.com\/tr\/urun\/22-ayar-sari-altin-halka-kupe-51868\/","og_locale":"tr_TR","og_type":"article","og_title":"Shop 22ct Yellow Gold Hoop Earrings | Purejewels UK","og_description":"Discover exquisite 22ct yellow gold polished finish hoop earrings for ladies at PureJewels UK's online store. | Free delivery across UK.","og_url":"https:\/\/www.purejewels.com\/tr\/urun\/22-ayar-sari-altin-halka-kupe-51868\/","og_site_name":"PureJewels UK","article_modified_time":"2026-04-29T07:58:51+00:00","og_image":[{"width":1000,"height":1000,"url":"https:\/\/static.purejewels.com\/wp-content\/uploads\/2025\/04\/SKU-52136.png","type":"image\/png"}],"twitter_card":"summary_large_image","twitter_misc":{"Tahmini okuma s\u00fcresi":"1 dakika"},"schema":{"@context":"https:\/\/schema.org","@graph":[{"@type":["WebPage","ItemPage"],"@id":"https:\/\/www.purejewels.com\/product\/22ct-yellow-gold-hoop-earrings-51868\/","url":"https:\/\/www.purejewels.com\/product\/22ct-yellow-gold-hoop-earrings-51868\/","name":"22 Ayar Sar\u0131 Alt\u0131n Halka K\u00fcpe Al\u0131\u015fveri\u015fi | Purejewels UK","isPartOf":{"@id":"https:\/\/www.purejewels.com\/#website"},"primaryImageOfPage":{"@id":"https:\/\/www.purejewels.com\/product\/22ct-yellow-gold-hoop-earrings-51868\/#primaryimage"},"image":{"@id":"https:\/\/www.purejewels.com\/product\/22ct-yellow-gold-hoop-earrings-51868\/#primaryimage"},"thumbnailUrl":"https:\/\/static.purejewels.com\/wp-content\/uploads\/2025\/04\/SKU-52136.png","datePublished":"2025-04-30T10:55:24+00:00","dateModified":"2026-04-29T07:58:51+00:00","description":"PureJewels UK online ma\u011fazas\u0131nda bayanlar i\u00e7in zarif 22 ayar sar\u0131 alt\u0131n cilal\u0131 halka k\u00fcpeleri ke\u015ffedin. | \u0130ngiltere genelinde \u00fccretsiz teslimat.","breadcrumb":{"@id":"https:\/\/www.purejewels.com\/product\/22ct-yellow-gold-hoop-earrings-51868\/#breadcrumb"},"inLanguage":"tr","potentialAction":[{"@type":"ReadAction","target":["https:\/\/www.purejewels.com\/product\/22ct-yellow-gold-hoop-earrings-51868\/"]}]},{"@type":"ImageObject","inLanguage":"tr","@id":"https:\/\/www.purejewels.com\/product\/22ct-yellow-gold-hoop-earrings-51868\/#primaryimage","url":"https:\/\/static.purejewels.com\/wp-content\/uploads\/2025\/04\/SKU-52136.png","contentUrl":"https:\/\/static.purejewels.com\/wp-content\/uploads\/2025\/04\/SKU-52136.png","width":1000,"height":1000,"caption":"Faceted Dome Hoop Earrings"},{"@type":"BreadcrumbList","@id":"https:\/\/www.purejewels.com\/product\/22ct-yellow-gold-hoop-earrings-51868\/#breadcrumb","itemListElement":[{"@type":"ListItem","position":1,"name":"Home","item":"https:\/\/www.purejewels.com\/"},{"@type":"ListItem","position":2,"name":"Shop","item":"https:\/\/www.purejewels.com\/shop\/"},{"@type":"ListItem","position":3,"name":"Faceted Dome Hoop Earrings"}]},{"@type":"WebSite","@id":"https:\/\/www.purejewels.com\/#website","url":"https:\/\/www.purejewels.com\/","name":"PureJewels \u0130ngiltere","description":"Sevgiyi Payla\u015f\u0131n","publisher":{"@id":"https:\/\/www.purejewels.com\/#organization"},"potentialAction":[{"@type":"SearchAction","target":{"@type":"EntryPoint","urlTemplate":"https:\/\/www.purejewels.com\/?s={search_term_string}"},"query-input":{"@type":"PropertyValueSpecification","valueRequired":true,"valueName":"search_term_string"}}],"inLanguage":"tr"},{"@type":"Organization","@id":"https:\/\/www.purejewels.com\/#organization","name":"PureJewels \u0130ngiltere","url":"https:\/\/www.purejewels.com\/","logo":{"@type":"ImageObject","inLanguage":"tr","@id":"https:\/\/www.purejewels.com\/#\/schema\/logo\/image\/","url":"https:\/\/static.purejewels.com\/wp-content\/uploads\/2020\/11\/Logo-PJ-New-1.png","contentUrl":"https:\/\/static.purejewels.com\/wp-content\/uploads\/2020\/11\/Logo-PJ-New-1.png","width":150,"height":80,"caption":"PureJewels UK"},"image":{"@id":"https:\/\/www.purejewels.com\/#\/schema\/logo\/image\/"}}]}},"_links":{"self":[{"href":"https:\/\/www.purejewels.com\/tr\/wp-json\/wp\/v2\/product\/356389","targetHints":{"allow":["GET"]}}],"collection":[{"href":"https:\/\/www.purejewels.com\/tr\/wp-json\/wp\/v2\/product"}],"about":[{"href":"https:\/\/www.purejewels.com\/tr\/wp-json\/wp\/v2\/types\/product"}],"replies":[{"embeddable":true,"href":"https:\/\/www.purejewels.com\/tr\/wp-json\/wp\/v2\/comments?post=356389"}],"version-history":[{"count":6,"href":"https:\/\/www.purejewels.com\/tr\/wp-json\/wp\/v2\/product\/356389\/revisions"}],"predecessor-version":[{"id":428291,"href":"https:\/\/www.purejewels.com\/tr\/wp-json\/wp\/v2\/product\/356389\/revisions\/428291"}],"wp:featuredmedia":[{"embeddable":true,"href":"https:\/\/www.purejewels.com\/tr\/wp-json\/wp\/v2\/media\/401513"}],"wp:attachment":[{"href":"https:\/\/www.purejewels.com\/tr\/wp-json\/wp\/v2\/media?parent=356389"}],"wp:term":[{"taxonomy":"product_brand","embeddable":true,"href":"https:\/\/www.purejewels.com\/tr\/wp-json\/wp\/v2\/product_brand?post=356389"},{"taxonomy":"product_cat","embeddable":true,"href":"https:\/\/www.purejewels.com\/tr\/wp-json\/wp\/v2\/product_cat?post=356389"},{"taxonomy":"product_tag","embeddable":true,"href":"https:\/\/www.purejewels.com\/tr\/wp-json\/wp\/v2\/product_tag?post=356389"}],"curies":[{"name":"wp","href":"https:\/\/api.w.org\/{rel}","templated":true}]}}