{"id":356392,"date":"2024-01-22T12:08:31","date_gmt":"2024-01-22T12:08:31","guid":{"rendered":"https:\/\/www.purejewels.com\/?post_type=product&#038;p=356392"},"modified":"2026-01-06T05:08:55","modified_gmt":"2026-01-06T05:08:55","slug":"bayanlar-icin-22-ayar-sari-altin-halka-kupe-52171","status":"publish","type":"product","link":"https:\/\/www.purejewels.com\/tr\/product\/22ct-yellow-gold-hoop-earrings-for-ladies-52171\/","title":{"rendered":"22 Ayar Sar\u0131 Alt\u0131n Sepet Halka K\u00fcpe"},"content":{"rendered":"<p>\u00c7arp\u0131c\u0131 ve yap\u0131land\u0131r\u0131lm\u0131\u015f bu 22 Ayar Alt\u0131n Bali K\u00fcpe \u00e7ifti, klasik tasar\u0131m\u0131 \u00e7a\u011fda\u015f bir yetenekle yeniden yorumluyor. Yar\u0131 halka siluet, her a\u00e7\u0131dan \u0131\u015f\u0131\u011f\u0131 yakalayan bir g\u00fcne\u015f patlamas\u0131n\u0131 veya elle katlanm\u0131\u015f bir yelpazeyi an\u0131msatan ince radyal oyma ile y\u00fckseltilmi\u015ftir. Belirgin doku par\u00e7aya modern, mimari bir nitelik kazand\u0131r\u0131rken saf alt\u0131n\u0131n s\u0131cak \u0131\u015f\u0131lt\u0131s\u0131 zamans\u0131z bir zarafete zemin haz\u0131rl\u0131yor. Kompakt ve rahat olan bu k\u00fcpeler, \u00f6zel g\u00fcnler i\u00e7in yeterince zarif ve kendi ba\u015flar\u0131na \u00f6ne \u00e7\u0131kacak kadar cesur olan m\u00fckemmel bir g\u00fcnl\u00fck s\u00fcslemedir.<\/p>","protected":false},"excerpt":{"rendered":"<p>Heykelsi form ve g\u00fcnl\u00fck zarafetten ilham alan bu yelpaze dokulu alt\u0131n bali k\u00fcpeler, geleneksel tasar\u0131ma cesur ama zarif bir hava kat\u0131yor. 22 ayar alt\u0131ndan \u00fcretilen bu k\u00fcpeler, kompakt bir siluet i\u00e7inde \u0131\u015f\u0131lt\u0131l\u0131 bir ifade sunuyor.<\/p>\n<p><strong>Malzeme:<\/strong>\u00a022 Ayar Alt\u0131n<strong><br \/>\nHallmark:\u00a0<\/strong>\u0130ngiliz Damgas\u0131<strong><br \/>\n<\/strong><strong>Br\u00fct A\u011f\u0131rl\u0131k: <\/strong>3.3 Gms<br \/>\n<strong>\u0130\u00e7 \u00e7ap:<\/strong> 8mm<br \/>\n<strong>SKU:<\/strong> 52171, 52170, 52169, 52168, 51866<\/p>\n<p><strong>Fiyat ve Teslimat<\/strong>: KDV ve teslimat \u00fccreti dahil<br \/>\nNot: Model Resmi a\u015fa\u011f\u0131dakiler i\u00e7indir\u00a0<strong>approaximate<\/strong>\u00a0<strong>Boyut<\/strong>\u00a0sadece referans<\/p>\n<p><a href=\"https:\/\/www.purejewels.com\/tr\/i%cc%87ade-poli%cc%87ti%cc%87kasi\/\">\u0130ade Politikas\u0131<\/a><\/p>","protected":false},"featured_media":402098,"comment_status":"closed","ping_status":"closed","template":"","meta":{"_eb_attr":"","_crsspst_to_jayantr4sg-hostcom":true},"product_brand":[],"product_cat":[1791,1559,1793,5701,1792,1790,1254,1229,1579,5343,5608,1574,5349],"product_tag":[1430],"class_list":{"0":"post-356392","1":"product","2":"type-product","3":"status-publish","4":"has-post-thumbnail","6":"product_cat-anniversary-gifts","7":"product_cat-birthday-gifts","8":"product_cat-diwali-gifts","9":"product_cat-eid-jewellery","10":"product_cat-festival-gifts","11":"product_cat-for-whom-when","12":"product_cat-gold-earrings","13":"product_cat-22ct-gold-jewellery","14":"product_cat-hoop-earrings","15":"product_cat-jewellery-under-550","16":"product_cat-simple-hoops","17":"product_cat-womens-jewellery","18":"product_cat-yellow-gold-jewellery","19":"product_tag-diwali-gift","21":"first","22":"outofstock","23":"taxable","24":"shipping-taxable","25":"product-type-simple","26":"add-to-wishlist-before_image"},"yoast_head":"<!-- This site is optimized with the Yoast SEO plugin v27.3 - https:\/\/yoast.com\/product\/yoast-seo-wordpress\/ -->\n<title>22ct Yellow Gold Hoop Earrings For Ladies | Purejewels UK<\/title>\n<meta name=\"description\" content=\"Elevate your style with our collection of 22ct yellow gold hoop earrings, available for purchase online at PureJewels UK.\" \/>\n<meta name=\"robots\" content=\"index, follow, max-snippet:-1, max-image-preview:large, max-video-preview:-1\" \/>\n<link rel=\"canonical\" href=\"https:\/\/www.purejewels.com\/tr\/urun\/bayanlar-icin-22-ayar-sari-altin-halka-kupe-52171\/\" \/>\n<meta property=\"og:locale\" content=\"tr_TR\" \/>\n<meta property=\"og:type\" content=\"article\" \/>\n<meta property=\"og:title\" content=\"22ct Yellow Gold Hoop Earrings For Ladies | Purejewels UK\" \/>\n<meta property=\"og:description\" content=\"Elevate your style with our collection of 22ct yellow gold hoop earrings, available for purchase online at PureJewels UK.\" \/>\n<meta property=\"og:url\" content=\"https:\/\/www.purejewels.com\/tr\/urun\/bayanlar-icin-22-ayar-sari-altin-halka-kupe-52171\/\" \/>\n<meta property=\"og:site_name\" content=\"PureJewels UK\" \/>\n<meta property=\"article:modified_time\" content=\"2026-01-06T05:08:55+00:00\" \/>\n<meta property=\"og:image\" content=\"https:\/\/www.purejewels.com\/wp-content\/uploads\/2024\/01\/SKU-52169.png\" \/>\n\t<meta property=\"og:image:width\" content=\"1000\" \/>\n\t<meta property=\"og:image:height\" content=\"1000\" \/>\n\t<meta property=\"og:image:type\" content=\"image\/png\" \/>\n<meta name=\"twitter:card\" content=\"summary_large_image\" \/>\n<meta name=\"twitter:label1\" content=\"Tahmini okuma s\u00fcresi\" \/>\n\t<meta name=\"twitter:data1\" content=\"1 dakika\" \/>\n<script type=\"application\/ld+json\" class=\"yoast-schema-graph\">{\"@context\":\"https:\\\/\\\/schema.org\",\"@graph\":[{\"@type\":[\"WebPage\",\"ItemPage\"],\"@id\":\"https:\\\/\\\/www.purejewels.com\\\/product\\\/22ct-yellow-gold-hoop-earrings-for-ladies-52171\\\/\",\"url\":\"https:\\\/\\\/www.purejewels.com\\\/product\\\/22ct-yellow-gold-hoop-earrings-for-ladies-52171\\\/\",\"name\":\"22ct Yellow Gold Hoop Earrings For Ladies | Purejewels UK\",\"isPartOf\":{\"@id\":\"https:\\\/\\\/www.purejewels.com\\\/#website\"},\"primaryImageOfPage\":{\"@id\":\"https:\\\/\\\/www.purejewels.com\\\/product\\\/22ct-yellow-gold-hoop-earrings-for-ladies-52171\\\/#primaryimage\"},\"image\":{\"@id\":\"https:\\\/\\\/www.purejewels.com\\\/product\\\/22ct-yellow-gold-hoop-earrings-for-ladies-52171\\\/#primaryimage\"},\"thumbnailUrl\":\"https:\\\/\\\/static.purejewels.com\\\/wp-content\\\/uploads\\\/2024\\\/01\\\/SKU-52169.png\",\"datePublished\":\"2024-01-22T12:08:31+00:00\",\"dateModified\":\"2026-01-06T05:08:55+00:00\",\"description\":\"Elevate your style with our collection of 22ct yellow gold hoop earrings, available for purchase online at PureJewels UK.\",\"breadcrumb\":{\"@id\":\"https:\\\/\\\/www.purejewels.com\\\/product\\\/22ct-yellow-gold-hoop-earrings-for-ladies-52171\\\/#breadcrumb\"},\"inLanguage\":\"tr\",\"potentialAction\":[{\"@type\":\"ReadAction\",\"target\":[\"https:\\\/\\\/www.purejewels.com\\\/product\\\/22ct-yellow-gold-hoop-earrings-for-ladies-52171\\\/\"]}]},{\"@type\":\"ImageObject\",\"inLanguage\":\"tr\",\"@id\":\"https:\\\/\\\/www.purejewels.com\\\/product\\\/22ct-yellow-gold-hoop-earrings-for-ladies-52171\\\/#primaryimage\",\"url\":\"https:\\\/\\\/static.purejewels.com\\\/wp-content\\\/uploads\\\/2024\\\/01\\\/SKU-52169.png\",\"contentUrl\":\"https:\\\/\\\/static.purejewels.com\\\/wp-content\\\/uploads\\\/2024\\\/01\\\/SKU-52169.png\",\"width\":1000,\"height\":1000,\"caption\":\"22ct Yellow Gold Basket Hoop Earrings\"},{\"@type\":\"BreadcrumbList\",\"@id\":\"https:\\\/\\\/www.purejewels.com\\\/product\\\/22ct-yellow-gold-hoop-earrings-for-ladies-52171\\\/#breadcrumb\",\"itemListElement\":[{\"@type\":\"ListItem\",\"position\":1,\"name\":\"Home\",\"item\":\"https:\\\/\\\/www.purejewels.com\\\/\"},{\"@type\":\"ListItem\",\"position\":2,\"name\":\"Shop\",\"item\":\"https:\\\/\\\/www.purejewels.com\\\/shop\\\/\"},{\"@type\":\"ListItem\",\"position\":3,\"name\":\"22ct Yellow Gold Basket Hoop Earrings\"}]},{\"@type\":\"WebSite\",\"@id\":\"https:\\\/\\\/www.purejewels.com\\\/#website\",\"url\":\"https:\\\/\\\/www.purejewels.com\\\/\",\"name\":\"PureJewels UK\",\"description\":\"Share the Love\",\"publisher\":{\"@id\":\"https:\\\/\\\/www.purejewels.com\\\/#organization\"},\"potentialAction\":[{\"@type\":\"SearchAction\",\"target\":{\"@type\":\"EntryPoint\",\"urlTemplate\":\"https:\\\/\\\/www.purejewels.com\\\/?s={search_term_string}\"},\"query-input\":{\"@type\":\"PropertyValueSpecification\",\"valueRequired\":true,\"valueName\":\"search_term_string\"}}],\"inLanguage\":\"tr\"},{\"@type\":\"Organization\",\"@id\":\"https:\\\/\\\/www.purejewels.com\\\/#organization\",\"name\":\"PureJewels UK\",\"url\":\"https:\\\/\\\/www.purejewels.com\\\/\",\"logo\":{\"@type\":\"ImageObject\",\"inLanguage\":\"tr\",\"@id\":\"https:\\\/\\\/www.purejewels.com\\\/#\\\/schema\\\/logo\\\/image\\\/\",\"url\":\"https:\\\/\\\/static.purejewels.com\\\/wp-content\\\/uploads\\\/2020\\\/11\\\/Logo-PJ-New-1.png\",\"contentUrl\":\"https:\\\/\\\/static.purejewels.com\\\/wp-content\\\/uploads\\\/2020\\\/11\\\/Logo-PJ-New-1.png\",\"width\":150,\"height\":80,\"caption\":\"PureJewels UK\"},\"image\":{\"@id\":\"https:\\\/\\\/www.purejewels.com\\\/#\\\/schema\\\/logo\\\/image\\\/\"}}]}<\/script>\n<!-- \/ Yoast SEO plugin. -->","yoast_head_json":{"title":"Bayanlar \u0130\u00e7in 22 Ayar Sar\u0131 Alt\u0131n Halka K\u00fcpe | Purejewels UK","description":"PureJewels UK'de online olarak sat\u0131n alabilece\u011finiz 22 ayar sar\u0131 alt\u0131n halka k\u00fcpe koleksiyonumuzla stilinizi y\u00fckseltin.","robots":{"index":"index","follow":"follow","max-snippet":"max-snippet:-1","max-image-preview":"max-image-preview:large","max-video-preview":"max-video-preview:-1"},"canonical":"https:\/\/www.purejewels.com\/tr\/urun\/bayanlar-icin-22-ayar-sari-altin-halka-kupe-52171\/","og_locale":"tr_TR","og_type":"article","og_title":"22ct Yellow Gold Hoop Earrings For Ladies | Purejewels UK","og_description":"Elevate your style with our collection of 22ct yellow gold hoop earrings, available for purchase online at PureJewels UK.","og_url":"https:\/\/www.purejewels.com\/tr\/urun\/bayanlar-icin-22-ayar-sari-altin-halka-kupe-52171\/","og_site_name":"PureJewels UK","article_modified_time":"2026-01-06T05:08:55+00:00","og_image":[{"width":1000,"height":1000,"url":"https:\/\/www.purejewels.com\/wp-content\/uploads\/2024\/01\/SKU-52169.png","type":"image\/png"}],"twitter_card":"summary_large_image","twitter_misc":{"Tahmini okuma s\u00fcresi":"1 dakika"},"schema":{"@context":"https:\/\/schema.org","@graph":[{"@type":["WebPage","ItemPage"],"@id":"https:\/\/www.purejewels.com\/product\/22ct-yellow-gold-hoop-earrings-for-ladies-52171\/","url":"https:\/\/www.purejewels.com\/product\/22ct-yellow-gold-hoop-earrings-for-ladies-52171\/","name":"Bayanlar \u0130\u00e7in 22 Ayar Sar\u0131 Alt\u0131n Halka K\u00fcpe | Purejewels UK","isPartOf":{"@id":"https:\/\/www.purejewels.com\/#website"},"primaryImageOfPage":{"@id":"https:\/\/www.purejewels.com\/product\/22ct-yellow-gold-hoop-earrings-for-ladies-52171\/#primaryimage"},"image":{"@id":"https:\/\/www.purejewels.com\/product\/22ct-yellow-gold-hoop-earrings-for-ladies-52171\/#primaryimage"},"thumbnailUrl":"https:\/\/static.purejewels.com\/wp-content\/uploads\/2024\/01\/SKU-52169.png","datePublished":"2024-01-22T12:08:31+00:00","dateModified":"2026-01-06T05:08:55+00:00","description":"PureJewels UK'de online olarak sat\u0131n alabilece\u011finiz 22 ayar sar\u0131 alt\u0131n halka k\u00fcpe koleksiyonumuzla stilinizi y\u00fckseltin.","breadcrumb":{"@id":"https:\/\/www.purejewels.com\/product\/22ct-yellow-gold-hoop-earrings-for-ladies-52171\/#breadcrumb"},"inLanguage":"tr","potentialAction":[{"@type":"ReadAction","target":["https:\/\/www.purejewels.com\/product\/22ct-yellow-gold-hoop-earrings-for-ladies-52171\/"]}]},{"@type":"ImageObject","inLanguage":"tr","@id":"https:\/\/www.purejewels.com\/product\/22ct-yellow-gold-hoop-earrings-for-ladies-52171\/#primaryimage","url":"https:\/\/static.purejewels.com\/wp-content\/uploads\/2024\/01\/SKU-52169.png","contentUrl":"https:\/\/static.purejewels.com\/wp-content\/uploads\/2024\/01\/SKU-52169.png","width":1000,"height":1000,"caption":"22ct Yellow Gold Basket Hoop Earrings"},{"@type":"BreadcrumbList","@id":"https:\/\/www.purejewels.com\/product\/22ct-yellow-gold-hoop-earrings-for-ladies-52171\/#breadcrumb","itemListElement":[{"@type":"ListItem","position":1,"name":"Home","item":"https:\/\/www.purejewels.com\/"},{"@type":"ListItem","position":2,"name":"Shop","item":"https:\/\/www.purejewels.com\/shop\/"},{"@type":"ListItem","position":3,"name":"22ct Yellow Gold Basket Hoop Earrings"}]},{"@type":"WebSite","@id":"https:\/\/www.purejewels.com\/#website","url":"https:\/\/www.purejewels.com\/","name":"PureJewels \u0130ngiltere","description":"Sevgiyi Payla\u015f\u0131n","publisher":{"@id":"https:\/\/www.purejewels.com\/#organization"},"potentialAction":[{"@type":"SearchAction","target":{"@type":"EntryPoint","urlTemplate":"https:\/\/www.purejewels.com\/?s={search_term_string}"},"query-input":{"@type":"PropertyValueSpecification","valueRequired":true,"valueName":"search_term_string"}}],"inLanguage":"tr"},{"@type":"Organization","@id":"https:\/\/www.purejewels.com\/#organization","name":"PureJewels \u0130ngiltere","url":"https:\/\/www.purejewels.com\/","logo":{"@type":"ImageObject","inLanguage":"tr","@id":"https:\/\/www.purejewels.com\/#\/schema\/logo\/image\/","url":"https:\/\/static.purejewels.com\/wp-content\/uploads\/2020\/11\/Logo-PJ-New-1.png","contentUrl":"https:\/\/static.purejewels.com\/wp-content\/uploads\/2020\/11\/Logo-PJ-New-1.png","width":150,"height":80,"caption":"PureJewels UK"},"image":{"@id":"https:\/\/www.purejewels.com\/#\/schema\/logo\/image\/"}}]}},"_links":{"self":[{"href":"https:\/\/www.purejewels.com\/tr\/wp-json\/wp\/v2\/product\/356392","targetHints":{"allow":["GET"]}}],"collection":[{"href":"https:\/\/www.purejewels.com\/tr\/wp-json\/wp\/v2\/product"}],"about":[{"href":"https:\/\/www.purejewels.com\/tr\/wp-json\/wp\/v2\/types\/product"}],"replies":[{"embeddable":true,"href":"https:\/\/www.purejewels.com\/tr\/wp-json\/wp\/v2\/comments?post=356392"}],"version-history":[{"count":3,"href":"https:\/\/www.purejewels.com\/tr\/wp-json\/wp\/v2\/product\/356392\/revisions"}],"predecessor-version":[{"id":402465,"href":"https:\/\/www.purejewels.com\/tr\/wp-json\/wp\/v2\/product\/356392\/revisions\/402465"}],"wp:featuredmedia":[{"embeddable":true,"href":"https:\/\/www.purejewels.com\/tr\/wp-json\/wp\/v2\/media\/402098"}],"wp:attachment":[{"href":"https:\/\/www.purejewels.com\/tr\/wp-json\/wp\/v2\/media?parent=356392"}],"wp:term":[{"taxonomy":"product_brand","embeddable":true,"href":"https:\/\/www.purejewels.com\/tr\/wp-json\/wp\/v2\/product_brand?post=356392"},{"taxonomy":"product_cat","embeddable":true,"href":"https:\/\/www.purejewels.com\/tr\/wp-json\/wp\/v2\/product_cat?post=356392"},{"taxonomy":"product_tag","embeddable":true,"href":"https:\/\/www.purejewels.com\/tr\/wp-json\/wp\/v2\/product_tag?post=356392"}],"curies":[{"name":"wp","href":"https:\/\/api.w.org\/{rel}","templated":true}]}}