{"id":357210,"date":"2024-02-07T04:53:18","date_gmt":"2024-02-07T04:53:18","guid":{"rendered":"https:\/\/www.purejewels.com\/?post_type=product&#038;p=357210"},"modified":"2026-03-30T09:48:03","modified_gmt":"2026-03-30T08:48:03","slug":"gelin-rozetleri-koleksiyonu-icin-22-ayar-altin-bileklik-47697","status":"publish","type":"product","link":"https:\/\/www.purejewels.com\/tr\/product\/22ct-gold-bangle-for-bridal-rosettes-collection-47697\/","title":{"rendered":"Gelin i\u00e7in 22 Ayar Alt\u0131n Bileklik | Rozet Koleksiyonu | 2.3 Beden"},"content":{"rendered":"<p><span data-sheets-root=\"1\">Rosettes Koleksiyonu'ndan bu zarif 22 ayar alt\u0131n bileklik, d\u00fc\u011f\u00fcn k\u0131yafetlerine \u015f\u0131kl\u0131k katmak isteyen her gelin i\u00e7in m\u00fckemmel bir aksesuard\u0131r. Karma\u015f\u0131k tasar\u0131m\u0131 ve kusursuz i\u015f\u00e7ili\u011fi, bu bilekli\u011fi \u00f6m\u00fcr boyu de\u011fer verilece\u011finden emin olunan ger\u00e7ek bir sanat eseri haline getirmektedir.<\/span><\/p>\n<p>12,3 gram a\u011f\u0131rl\u0131\u011f\u0131nda ve 6 mm geni\u015fli\u011finde olan bu <a href=\"https:\/\/www.purejewels.com\/tr\/urun-kategori%cc%87si%cc%87\/22-ayar-altin-takilar\/altin-bilezikler\/geli%cc%87n-ve-parti%cc%87-gi%cc%87yi%cc%87mi%cc%87-altin-kada-bi%cc%87lezi%cc%87k\/\">gelin bilekli\u011fi<\/a> Londra Assay Ofisi taraf\u0131ndan orijinalli\u011fi damgalanm\u0131\u015ft\u0131r. 2.3 boyutu \u00e7o\u011fu bilek i\u00e7in m\u00fckemmeldir, ancak istek \u00fczerine di\u011fer boyutlara da uyum sa\u011flayabiliriz.<\/p>\n<p>G\u00fczel bir sunum kutusunda paketlenen bu bileklik, \u00f6zel g\u00fcn\u00fcn\u00fczde tak\u0131lmaya haz\u0131rd\u0131r. \u015eimdi sipari\u015f verin ve KDV fiyata dahil olarak \u00fccretsiz takipli teslimat al\u0131n.<\/p>\n<p>D\u00fc\u011f\u00fcn g\u00fcn\u00fcn\u00fczde kendinizi bir krali\u00e7e gibi hissetmenizi sa\u011flayacak bu \u00e7arp\u0131c\u0131 m\u00fccevher par\u00e7as\u0131n\u0131 ka\u00e7\u0131rmay\u0131n. \u015eimdi sat\u0131n al\u0131n ve PureJewels UK'in l\u00fcks\u00fcn\u00fc ya\u015fay\u0131n.<\/p>","protected":false},"excerpt":{"rendered":"<div class=\"woocommerce-product-details__short-description\">\n<table class=\"sh_desc\">\n<tbody>\n<tr>\n<td>Bileklik T\u00fcr\u00fc<\/td>\n<td>Gelin Giyim Bilekli\u011fi (burada belirtilen fiyat Tek Bileklik i\u00e7indir)<\/td>\n<\/tr>\n<tr>\n<td>SKU<\/td>\n<td>47697<\/td>\n<\/tr>\n<tr>\n<td>A\u011f\u0131rl\u0131k<\/td>\n<td>\u00a012.3 Gms<\/td>\n<\/tr>\n<tr>\n<td>Geni\u015flik<\/td>\n<td>6mm<\/td>\n<\/tr>\n<tr>\n<td>Metal<\/td>\n<td>22 Ayar Alt\u0131n<\/td>\n<\/tr>\n<tr>\n<td>Bileklik \u00d6l\u00e7\u00fcs\u00fc<\/td>\n<td>2.3 (Ek boyutlar i\u00e7in l\u00fctfen sorunuz)<\/td>\n<\/tr>\n<tr>\n<td>Koleksiyon<\/td>\n<td><strong>Rozet Koleksiyonu<\/strong><\/td>\n<\/tr>\n<tr>\n<td>Hallmark<\/td>\n<td>Londra Tahlil Ofisi Taraf\u0131ndan Damgalanm\u0131\u015f 22 Ayar Alt\u0131n<\/td>\n<\/tr>\n<tr>\n<td>\u00dccretler<\/td>\n<td>Teslimat ve KDV Dahil<\/td>\n<\/tr>\n<tr>\n<td>Paketleme<\/td>\n<td>Sunum Kutusu ile Birlikte Gelir<\/td>\n<\/tr>\n<tr>\n<td>Daha Fazla Bilgi<\/td>\n<td>\n<ul>\n<li>Not: Burada belirtilen fiyat\u0131n Tek Bileklik i\u00e7in oldu\u011funu unutmay\u0131n<\/li>\n<li>M\u00fcsaitlik durumu ve daha fazla resim i\u00e7in bizimle canl\u0131 sohbet edin<\/li>\n<\/ul>\n<\/td>\n<\/tr>\n<\/tbody>\n<\/table>\n<\/div>\n<p>&nbsp;<\/p>","protected":false},"featured_media":353111,"comment_status":"closed","ping_status":"closed","template":"","meta":{"_eb_attr":"","_crsspst_to_jayantr4sg-hostcom":false},"product_brand":[],"product_cat":[1791,1659,236,1233,5271,5273,1656,1573,1574,5349],"product_tag":[],"class_list":{"0":"post-357210","1":"product","2":"type-product","3":"status-publish","4":"has-post-thumbnail","6":"product_cat-anniversary-gifts","7":"product_cat-bridal-and-party-wear-gold-kada-bangle","8":"product_cat-collections","9":"product_cat-gold-bangles","10":"product_cat-occasion-wear-bangles","11":"product_cat-22ct-gold-poncha-bracelet","12":"product_cat-rosettes-collections","13":"product_cat-wedding-gifts","14":"product_cat-womens-jewellery","15":"product_cat-yellow-gold-jewellery","17":"first","18":"onbackorder","19":"taxable","20":"shipping-taxable","21":"product-type-simple","22":"add-to-wishlist-before_image"},"yoast_head":"<!-- This site is optimized with the Yoast SEO plugin v27.5 - https:\/\/yoast.com\/product\/yoast-seo-wordpress\/ -->\n<title>Bridal Bangle in 22ct Gold | Size 2.3 | PureJewels UK<\/title>\n<meta name=\"description\" content=\"Shop online for a beautiful and elegant 22ct gold bridal bangle in size 2.3.Find the perfect bangle for your special day from our wide selection.\" \/>\n<meta name=\"robots\" content=\"index, follow, max-snippet:-1, max-image-preview:large, max-video-preview:-1\" \/>\n<link rel=\"canonical\" href=\"https:\/\/www.purejewels.com\/tr\/urun\/gelin-rozetleri-koleksiyonu-icin-22-ayar-altin-bileklik-47697\/\" \/>\n<meta property=\"og:locale\" content=\"tr_TR\" \/>\n<meta property=\"og:type\" content=\"article\" \/>\n<meta property=\"og:title\" content=\"Bridal Bangle in 22ct Gold | Size 2.3 | PureJewels UK\" \/>\n<meta property=\"og:description\" content=\"Shop online for a beautiful and elegant 22ct gold bridal bangle in size 2.3.Find the perfect bangle for your special day from our wide selection.\" \/>\n<meta property=\"og:url\" content=\"https:\/\/www.purejewels.com\/tr\/urun\/gelin-rozetleri-koleksiyonu-icin-22-ayar-altin-bileklik-47697\/\" \/>\n<meta property=\"og:site_name\" content=\"PureJewels UK\" \/>\n<meta property=\"article:modified_time\" content=\"2026-03-30T08:48:03+00:00\" \/>\n<meta property=\"og:image\" content=\"https:\/\/static.purejewels.com\/wp-content\/uploads\/2022\/12\/JWBNSMRS007-final.jpg\" \/>\n\t<meta property=\"og:image:width\" content=\"1000\" \/>\n\t<meta property=\"og:image:height\" content=\"1000\" \/>\n\t<meta property=\"og:image:type\" content=\"image\/jpeg\" \/>\n<meta name=\"twitter:card\" content=\"summary_large_image\" \/>\n<meta name=\"twitter:label1\" content=\"Tahmini okuma s\u00fcresi\" \/>\n\t<meta name=\"twitter:data1\" content=\"1 dakika\" \/>\n<script type=\"application\/ld+json\" class=\"yoast-schema-graph\">{\"@context\":\"https:\\\/\\\/schema.org\",\"@graph\":[{\"@type\":[\"WebPage\",\"ItemPage\"],\"@id\":\"https:\\\/\\\/www.purejewels.com\\\/product\\\/22ct-gold-bangle-for-bridal-rosettes-collection-47697\\\/\",\"url\":\"https:\\\/\\\/www.purejewels.com\\\/product\\\/22ct-gold-bangle-for-bridal-rosettes-collection-47697\\\/\",\"name\":\"Bridal Bangle in 22ct Gold | Size 2.3 | PureJewels UK\",\"isPartOf\":{\"@id\":\"https:\\\/\\\/www.purejewels.com\\\/#website\"},\"primaryImageOfPage\":{\"@id\":\"https:\\\/\\\/www.purejewels.com\\\/product\\\/22ct-gold-bangle-for-bridal-rosettes-collection-47697\\\/#primaryimage\"},\"image\":{\"@id\":\"https:\\\/\\\/www.purejewels.com\\\/product\\\/22ct-gold-bangle-for-bridal-rosettes-collection-47697\\\/#primaryimage\"},\"thumbnailUrl\":\"https:\\\/\\\/static.purejewels.com\\\/wp-content\\\/uploads\\\/2022\\\/12\\\/JWBNSMRS007-final.jpg\",\"datePublished\":\"2024-02-07T04:53:18+00:00\",\"dateModified\":\"2026-03-30T08:48:03+00:00\",\"description\":\"Shop online for a beautiful and elegant 22ct gold bridal bangle in size 2.3.Find the perfect bangle for your special day from our wide selection.\",\"breadcrumb\":{\"@id\":\"https:\\\/\\\/www.purejewels.com\\\/product\\\/22ct-gold-bangle-for-bridal-rosettes-collection-47697\\\/#breadcrumb\"},\"inLanguage\":\"tr\",\"potentialAction\":[{\"@type\":\"ReadAction\",\"target\":[\"https:\\\/\\\/www.purejewels.com\\\/product\\\/22ct-gold-bangle-for-bridal-rosettes-collection-47697\\\/\"]}]},{\"@type\":\"ImageObject\",\"inLanguage\":\"tr\",\"@id\":\"https:\\\/\\\/www.purejewels.com\\\/product\\\/22ct-gold-bangle-for-bridal-rosettes-collection-47697\\\/#primaryimage\",\"url\":\"https:\\\/\\\/static.purejewels.com\\\/wp-content\\\/uploads\\\/2022\\\/12\\\/JWBNSMRS007-final.jpg\",\"contentUrl\":\"https:\\\/\\\/static.purejewels.com\\\/wp-content\\\/uploads\\\/2022\\\/12\\\/JWBNSMRS007-final.jpg\",\"width\":1000,\"height\":1000,\"caption\":\"22ct Gold Bangle\"},{\"@type\":\"BreadcrumbList\",\"@id\":\"https:\\\/\\\/www.purejewels.com\\\/product\\\/22ct-gold-bangle-for-bridal-rosettes-collection-47697\\\/#breadcrumb\",\"itemListElement\":[{\"@type\":\"ListItem\",\"position\":1,\"name\":\"Home\",\"item\":\"https:\\\/\\\/www.purejewels.com\\\/\"},{\"@type\":\"ListItem\",\"position\":2,\"name\":\"Shop\",\"item\":\"https:\\\/\\\/www.purejewels.com\\\/shop\\\/\"},{\"@type\":\"ListItem\",\"position\":3,\"name\":\"22ct Gold Bangle for Bridal | Rosettes Collection | Size 2.3\"}]},{\"@type\":\"WebSite\",\"@id\":\"https:\\\/\\\/www.purejewels.com\\\/#website\",\"url\":\"https:\\\/\\\/www.purejewels.com\\\/\",\"name\":\"PureJewels UK\",\"description\":\"Share the Love\",\"publisher\":{\"@id\":\"https:\\\/\\\/www.purejewels.com\\\/#organization\"},\"potentialAction\":[{\"@type\":\"SearchAction\",\"target\":{\"@type\":\"EntryPoint\",\"urlTemplate\":\"https:\\\/\\\/www.purejewels.com\\\/?s={search_term_string}\"},\"query-input\":{\"@type\":\"PropertyValueSpecification\",\"valueRequired\":true,\"valueName\":\"search_term_string\"}}],\"inLanguage\":\"tr\"},{\"@type\":\"Organization\",\"@id\":\"https:\\\/\\\/www.purejewels.com\\\/#organization\",\"name\":\"PureJewels UK\",\"url\":\"https:\\\/\\\/www.purejewels.com\\\/\",\"logo\":{\"@type\":\"ImageObject\",\"inLanguage\":\"tr\",\"@id\":\"https:\\\/\\\/www.purejewels.com\\\/#\\\/schema\\\/logo\\\/image\\\/\",\"url\":\"https:\\\/\\\/static.purejewels.com\\\/wp-content\\\/uploads\\\/2020\\\/11\\\/Logo-PJ-New-1.png\",\"contentUrl\":\"https:\\\/\\\/static.purejewels.com\\\/wp-content\\\/uploads\\\/2020\\\/11\\\/Logo-PJ-New-1.png\",\"width\":150,\"height\":80,\"caption\":\"PureJewels UK\"},\"image\":{\"@id\":\"https:\\\/\\\/www.purejewels.com\\\/#\\\/schema\\\/logo\\\/image\\\/\"}}]}<\/script>\n<!-- \/ Yoast SEO plugin. -->","yoast_head_json":{"title":"22 Ayar Alt\u0131n Gelin Bilekli\u011fi | 2.3 Beden | PureJewels UK","description":"2,3 beden g\u00fczel ve zarif 22 ayar alt\u0131n gelin bilekli\u011fi i\u00e7in online al\u0131\u015fveri\u015f yap\u0131n. Geni\u015f se\u00e7eneklerimiz aras\u0131ndan \u00f6zel g\u00fcn\u00fcn\u00fcz i\u00e7in m\u00fckemmel bilekli\u011fi bulun.","robots":{"index":"index","follow":"follow","max-snippet":"max-snippet:-1","max-image-preview":"max-image-preview:large","max-video-preview":"max-video-preview:-1"},"canonical":"https:\/\/www.purejewels.com\/tr\/urun\/gelin-rozetleri-koleksiyonu-icin-22-ayar-altin-bileklik-47697\/","og_locale":"tr_TR","og_type":"article","og_title":"Bridal Bangle in 22ct Gold | Size 2.3 | PureJewels UK","og_description":"Shop online for a beautiful and elegant 22ct gold bridal bangle in size 2.3.Find the perfect bangle for your special day from our wide selection.","og_url":"https:\/\/www.purejewels.com\/tr\/urun\/gelin-rozetleri-koleksiyonu-icin-22-ayar-altin-bileklik-47697\/","og_site_name":"PureJewels UK","article_modified_time":"2026-03-30T08:48:03+00:00","og_image":[{"width":1000,"height":1000,"url":"https:\/\/static.purejewels.com\/wp-content\/uploads\/2022\/12\/JWBNSMRS007-final.jpg","type":"image\/jpeg"}],"twitter_card":"summary_large_image","twitter_misc":{"Tahmini okuma s\u00fcresi":"1 dakika"},"schema":{"@context":"https:\/\/schema.org","@graph":[{"@type":["WebPage","ItemPage"],"@id":"https:\/\/www.purejewels.com\/product\/22ct-gold-bangle-for-bridal-rosettes-collection-47697\/","url":"https:\/\/www.purejewels.com\/product\/22ct-gold-bangle-for-bridal-rosettes-collection-47697\/","name":"22 Ayar Alt\u0131n Gelin Bilekli\u011fi | 2.3 Beden | PureJewels UK","isPartOf":{"@id":"https:\/\/www.purejewels.com\/#website"},"primaryImageOfPage":{"@id":"https:\/\/www.purejewels.com\/product\/22ct-gold-bangle-for-bridal-rosettes-collection-47697\/#primaryimage"},"image":{"@id":"https:\/\/www.purejewels.com\/product\/22ct-gold-bangle-for-bridal-rosettes-collection-47697\/#primaryimage"},"thumbnailUrl":"https:\/\/static.purejewels.com\/wp-content\/uploads\/2022\/12\/JWBNSMRS007-final.jpg","datePublished":"2024-02-07T04:53:18+00:00","dateModified":"2026-03-30T08:48:03+00:00","description":"2,3 beden g\u00fczel ve zarif 22 ayar alt\u0131n gelin bilekli\u011fi i\u00e7in online al\u0131\u015fveri\u015f yap\u0131n. Geni\u015f se\u00e7eneklerimiz aras\u0131ndan \u00f6zel g\u00fcn\u00fcn\u00fcz i\u00e7in m\u00fckemmel bilekli\u011fi bulun.","breadcrumb":{"@id":"https:\/\/www.purejewels.com\/product\/22ct-gold-bangle-for-bridal-rosettes-collection-47697\/#breadcrumb"},"inLanguage":"tr","potentialAction":[{"@type":"ReadAction","target":["https:\/\/www.purejewels.com\/product\/22ct-gold-bangle-for-bridal-rosettes-collection-47697\/"]}]},{"@type":"ImageObject","inLanguage":"tr","@id":"https:\/\/www.purejewels.com\/product\/22ct-gold-bangle-for-bridal-rosettes-collection-47697\/#primaryimage","url":"https:\/\/static.purejewels.com\/wp-content\/uploads\/2022\/12\/JWBNSMRS007-final.jpg","contentUrl":"https:\/\/static.purejewels.com\/wp-content\/uploads\/2022\/12\/JWBNSMRS007-final.jpg","width":1000,"height":1000,"caption":"22ct Gold Bangle"},{"@type":"BreadcrumbList","@id":"https:\/\/www.purejewels.com\/product\/22ct-gold-bangle-for-bridal-rosettes-collection-47697\/#breadcrumb","itemListElement":[{"@type":"ListItem","position":1,"name":"Home","item":"https:\/\/www.purejewels.com\/"},{"@type":"ListItem","position":2,"name":"Shop","item":"https:\/\/www.purejewels.com\/shop\/"},{"@type":"ListItem","position":3,"name":"22ct Gold Bangle for Bridal | Rosettes Collection | Size 2.3"}]},{"@type":"WebSite","@id":"https:\/\/www.purejewels.com\/#website","url":"https:\/\/www.purejewels.com\/","name":"PureJewels \u0130ngiltere","description":"Sevgiyi Payla\u015f\u0131n","publisher":{"@id":"https:\/\/www.purejewels.com\/#organization"},"potentialAction":[{"@type":"SearchAction","target":{"@type":"EntryPoint","urlTemplate":"https:\/\/www.purejewels.com\/?s={search_term_string}"},"query-input":{"@type":"PropertyValueSpecification","valueRequired":true,"valueName":"search_term_string"}}],"inLanguage":"tr"},{"@type":"Organization","@id":"https:\/\/www.purejewels.com\/#organization","name":"PureJewels \u0130ngiltere","url":"https:\/\/www.purejewels.com\/","logo":{"@type":"ImageObject","inLanguage":"tr","@id":"https:\/\/www.purejewels.com\/#\/schema\/logo\/image\/","url":"https:\/\/static.purejewels.com\/wp-content\/uploads\/2020\/11\/Logo-PJ-New-1.png","contentUrl":"https:\/\/static.purejewels.com\/wp-content\/uploads\/2020\/11\/Logo-PJ-New-1.png","width":150,"height":80,"caption":"PureJewels UK"},"image":{"@id":"https:\/\/www.purejewels.com\/#\/schema\/logo\/image\/"}}]}},"_links":{"self":[{"href":"https:\/\/www.purejewels.com\/tr\/wp-json\/wp\/v2\/product\/357210","targetHints":{"allow":["GET"]}}],"collection":[{"href":"https:\/\/www.purejewels.com\/tr\/wp-json\/wp\/v2\/product"}],"about":[{"href":"https:\/\/www.purejewels.com\/tr\/wp-json\/wp\/v2\/types\/product"}],"replies":[{"embeddable":true,"href":"https:\/\/www.purejewels.com\/tr\/wp-json\/wp\/v2\/comments?post=357210"}],"version-history":[{"count":3,"href":"https:\/\/www.purejewels.com\/tr\/wp-json\/wp\/v2\/product\/357210\/revisions"}],"predecessor-version":[{"id":427788,"href":"https:\/\/www.purejewels.com\/tr\/wp-json\/wp\/v2\/product\/357210\/revisions\/427788"}],"wp:featuredmedia":[{"embeddable":true,"href":"https:\/\/www.purejewels.com\/tr\/wp-json\/wp\/v2\/media\/353111"}],"wp:attachment":[{"href":"https:\/\/www.purejewels.com\/tr\/wp-json\/wp\/v2\/media?parent=357210"}],"wp:term":[{"taxonomy":"product_brand","embeddable":true,"href":"https:\/\/www.purejewels.com\/tr\/wp-json\/wp\/v2\/product_brand?post=357210"},{"taxonomy":"product_cat","embeddable":true,"href":"https:\/\/www.purejewels.com\/tr\/wp-json\/wp\/v2\/product_cat?post=357210"},{"taxonomy":"product_tag","embeddable":true,"href":"https:\/\/www.purejewels.com\/tr\/wp-json\/wp\/v2\/product_tag?post=357210"}],"curies":[{"name":"wp","href":"https:\/\/api.w.org\/{rel}","templated":true}]}}