{"id":357314,"date":"2024-01-09T06:17:41","date_gmt":"2024-01-09T06:17:41","guid":{"rendered":"https:\/\/www.purejewels.com\/?post_type=product&#038;p=357314"},"modified":"2026-01-06T08:45:53","modified_gmt":"2026-01-06T08:45:53","slug":"22-ayar-altin-gerdanlik-antika-kaplama-rozet-koleksiyonu-47577","status":"publish","type":"product","link":"https:\/\/www.purejewels.com\/tr\/product\/22ct-gold-choker-antique-finsih-rosettes-collection-47577\/","title":{"rendered":"22 Ayar Alt\u0131n Gerdanl\u0131k | Antik Kaplama | Rozet Koleksiyonu"},"content":{"rendered":"<ul>\n<li>SKU 47577<\/li>\n<li><b>Seri Numaras\u0131: JWNLRORS011<\/b><\/li>\n<\/ul>","protected":false},"excerpt":{"rendered":"<table class=\"sh_desc\" style=\"width: 100%;height: 308px\">\n<tbody>\n<tr style=\"height: 28px\">\n<td style=\"height: 28px\">Kolye Tipi<\/td>\n<td style=\"height: 28px\">Gerdanl\u0131k Kolye<\/td>\n<\/tr>\n<tr style=\"height: 28px\">\n<td style=\"height: 28px\">SKU<\/td>\n<td style=\"height: 28px\">47577<\/td>\n<\/tr>\n<tr style=\"height: 28px\">\n<td style=\"height: 28px\">A\u011f\u0131rl\u0131k<\/td>\n<td style=\"height: 28px\">55.1 Gms<\/td>\n<\/tr>\n<tr style=\"height: 28px\">\n<td style=\"height: 28px\">Metal<\/td>\n<td style=\"height: 28px\">22 Ayar Alt\u0131n<\/td>\n<\/tr>\n<tr style=\"height: 28px\">\n<td style=\"height: 28px\">Hallmark<\/td>\n<td style=\"height: 28px\">Londra Tahlil Ofisi Taraf\u0131ndan Damgalanm\u0131\u015f 22 Ayar Alt\u0131n<\/td>\n<\/tr>\n<tr style=\"height: 28px\">\n<td style=\"height: 28px\">\u00dccretler<\/td>\n<td style=\"height: 28px\">Teslimat ve KDV Dahil<\/td>\n<\/tr>\n<tr style=\"height: 28px\">\n<td style=\"height: 28px\">Paketleme<\/td>\n<td style=\"height: 28px\">Sunum Kutusu ile Birlikte Gelir<\/td>\n<\/tr>\n<tr style=\"height: 84px\">\n<td style=\"height: 84px\">Daha Fazla Bilgi<\/td>\n<td style=\"height: 84px\">\n<ul>\n<li>M\u00fcsaitlik durumu ve daha fazla resim i\u00e7in bizimle canl\u0131 sohbet edin<\/li>\n<li>Koleksiyonumuzu g\u00f6r\u00fcnt\u00fcleyin\u00a0<strong>gerdanl\u0131k kolyeler<\/strong><\/li>\n<\/ul>\n<\/td>\n<\/tr>\n<\/tbody>\n<\/table>","protected":false},"featured_media":357315,"comment_status":"closed","ping_status":"closed","template":"","meta":{"_eb_attr":"","_crsspst_to_jayantr4sg-hostcom":false},"product_brand":[],"product_cat":[1782,1790,1253,1656,5275,1778,1573,1574],"product_tag":[],"class_list":{"0":"post-357314","1":"product","2":"type-product","3":"status-publish","4":"has-post-thumbnail","6":"product_cat-choker-necklaces","7":"product_cat-for-whom-when","8":"product_cat-gold-necklaces","9":"product_cat-rosettes-collections","10":"product_cat-rosettes-necklace","11":"product_cat-short-necklaces","12":"product_cat-wedding-gifts","13":"product_cat-womens-jewellery","15":"first","16":"outofstock","17":"taxable","18":"shipping-taxable","19":"product-type-simple","20":"add-to-wishlist-before_image"},"yoast_head":"<!-- This site is optimized with the Yoast SEO plugin v27.3 - https:\/\/yoast.com\/product\/yoast-seo-wordpress\/ -->\n<title>Gold Choker Necklace in 22ct Real Gold | Rosette Collection<\/title>\n<meta name=\"description\" content=\"Adorn your neckline with timeless elegance: Order the 22ct Gold Choker Necklace from the Rosette Collection online. Order online\" \/>\n<meta name=\"robots\" content=\"index, follow, max-snippet:-1, max-image-preview:large, max-video-preview:-1\" \/>\n<link rel=\"canonical\" href=\"https:\/\/www.purejewels.com\/tr\/urun\/22-ayar-altin-gerdanlik-antika-kaplama-rozet-koleksiyonu-47577\/\" \/>\n<meta property=\"og:locale\" content=\"tr_TR\" \/>\n<meta property=\"og:type\" content=\"article\" \/>\n<meta property=\"og:title\" content=\"Gold Choker Necklace in 22ct Real Gold | Rosette Collection\" \/>\n<meta property=\"og:description\" content=\"Adorn your neckline with timeless elegance: Order the 22ct Gold Choker Necklace from the Rosette Collection online. Order online\" \/>\n<meta property=\"og:url\" content=\"https:\/\/www.purejewels.com\/tr\/urun\/22-ayar-altin-gerdanlik-antika-kaplama-rozet-koleksiyonu-47577\/\" \/>\n<meta property=\"og:site_name\" content=\"PureJewels UK\" \/>\n<meta property=\"article:modified_time\" content=\"2026-01-06T08:45:53+00:00\" \/>\n<meta property=\"og:image\" content=\"https:\/\/www.purejewels.com\/wp-content\/uploads\/2024\/02\/40575-1-2.jpg\" \/>\n\t<meta property=\"og:image:width\" content=\"1\" \/>\n\t<meta property=\"og:image:height\" content=\"1\" \/>\n\t<meta property=\"og:image:type\" content=\"image\/jpeg\" \/>\n<meta name=\"twitter:card\" content=\"summary_large_image\" \/>\n<meta name=\"twitter:label1\" content=\"Tahmini okuma s\u00fcresi\" \/>\n\t<meta name=\"twitter:data1\" content=\"1 dakika\" \/>\n<script type=\"application\/ld+json\" class=\"yoast-schema-graph\">{\"@context\":\"https:\\\/\\\/schema.org\",\"@graph\":[{\"@type\":[\"WebPage\",\"ItemPage\"],\"@id\":\"https:\\\/\\\/www.purejewels.com\\\/product\\\/22ct-gold-choker-antique-finsih-rosettes-collection-47577\\\/\",\"url\":\"https:\\\/\\\/www.purejewels.com\\\/product\\\/22ct-gold-choker-antique-finsih-rosettes-collection-47577\\\/\",\"name\":\"Gold Choker Necklace in 22ct Real Gold | Rosette Collection\",\"isPartOf\":{\"@id\":\"https:\\\/\\\/www.purejewels.com\\\/#website\"},\"primaryImageOfPage\":{\"@id\":\"https:\\\/\\\/www.purejewels.com\\\/product\\\/22ct-gold-choker-antique-finsih-rosettes-collection-47577\\\/#primaryimage\"},\"image\":{\"@id\":\"https:\\\/\\\/www.purejewels.com\\\/product\\\/22ct-gold-choker-antique-finsih-rosettes-collection-47577\\\/#primaryimage\"},\"thumbnailUrl\":\"https:\\\/\\\/static.purejewels.com\\\/wp-content\\\/uploads\\\/2024\\\/02\\\/40575-1-2.jpg\",\"datePublished\":\"2024-01-09T06:17:41+00:00\",\"dateModified\":\"2026-01-06T08:45:53+00:00\",\"description\":\"Adorn your neckline with timeless elegance: Order the 22ct Gold Choker Necklace from the Rosette Collection online. Order online\",\"breadcrumb\":{\"@id\":\"https:\\\/\\\/www.purejewels.com\\\/product\\\/22ct-gold-choker-antique-finsih-rosettes-collection-47577\\\/#breadcrumb\"},\"inLanguage\":\"tr\",\"potentialAction\":[{\"@type\":\"ReadAction\",\"target\":[\"https:\\\/\\\/www.purejewels.com\\\/product\\\/22ct-gold-choker-antique-finsih-rosettes-collection-47577\\\/\"]}]},{\"@type\":\"ImageObject\",\"inLanguage\":\"tr\",\"@id\":\"https:\\\/\\\/www.purejewels.com\\\/product\\\/22ct-gold-choker-antique-finsih-rosettes-collection-47577\\\/#primaryimage\",\"url\":\"https:\\\/\\\/static.purejewels.com\\\/wp-content\\\/uploads\\\/2024\\\/02\\\/40575-1-2.jpg\",\"contentUrl\":\"https:\\\/\\\/static.purejewels.com\\\/wp-content\\\/uploads\\\/2024\\\/02\\\/40575-1-2.jpg\",\"caption\":\"22ct Gold Choker Necklace\"},{\"@type\":\"BreadcrumbList\",\"@id\":\"https:\\\/\\\/www.purejewels.com\\\/product\\\/22ct-gold-choker-antique-finsih-rosettes-collection-47577\\\/#breadcrumb\",\"itemListElement\":[{\"@type\":\"ListItem\",\"position\":1,\"name\":\"Home\",\"item\":\"https:\\\/\\\/www.purejewels.com\\\/\"},{\"@type\":\"ListItem\",\"position\":2,\"name\":\"Shop\",\"item\":\"https:\\\/\\\/www.purejewels.com\\\/shop\\\/\"},{\"@type\":\"ListItem\",\"position\":3,\"name\":\"22ct Gold Choker | Antique Finsih | Rosettes Collection\"}]},{\"@type\":\"WebSite\",\"@id\":\"https:\\\/\\\/www.purejewels.com\\\/#website\",\"url\":\"https:\\\/\\\/www.purejewels.com\\\/\",\"name\":\"PureJewels UK\",\"description\":\"Share the Love\",\"publisher\":{\"@id\":\"https:\\\/\\\/www.purejewels.com\\\/#organization\"},\"potentialAction\":[{\"@type\":\"SearchAction\",\"target\":{\"@type\":\"EntryPoint\",\"urlTemplate\":\"https:\\\/\\\/www.purejewels.com\\\/?s={search_term_string}\"},\"query-input\":{\"@type\":\"PropertyValueSpecification\",\"valueRequired\":true,\"valueName\":\"search_term_string\"}}],\"inLanguage\":\"tr\"},{\"@type\":\"Organization\",\"@id\":\"https:\\\/\\\/www.purejewels.com\\\/#organization\",\"name\":\"PureJewels UK\",\"url\":\"https:\\\/\\\/www.purejewels.com\\\/\",\"logo\":{\"@type\":\"ImageObject\",\"inLanguage\":\"tr\",\"@id\":\"https:\\\/\\\/www.purejewels.com\\\/#\\\/schema\\\/logo\\\/image\\\/\",\"url\":\"https:\\\/\\\/static.purejewels.com\\\/wp-content\\\/uploads\\\/2020\\\/11\\\/Logo-PJ-New-1.png\",\"contentUrl\":\"https:\\\/\\\/static.purejewels.com\\\/wp-content\\\/uploads\\\/2020\\\/11\\\/Logo-PJ-New-1.png\",\"width\":150,\"height\":80,\"caption\":\"PureJewels UK\"},\"image\":{\"@id\":\"https:\\\/\\\/www.purejewels.com\\\/#\\\/schema\\\/logo\\\/image\\\/\"}}]}<\/script>\n<!-- \/ Yoast SEO plugin. -->","yoast_head_json":{"title":"Alt\u0131n Gerdanl\u0131k Kolye 22 Ayar Ger\u00e7ek Alt\u0131n | Rozet Koleksiyonu","description":"Boyun \u00e7izginizi zamans\u0131z bir zarafetle s\u00fcsleyin: Rosette Koleksiyonu'ndan 22 Ayar Alt\u0131n Gerdanl\u0131k Kolyeyi online sipari\u015f edin. Online sipari\u015f","robots":{"index":"index","follow":"follow","max-snippet":"max-snippet:-1","max-image-preview":"max-image-preview:large","max-video-preview":"max-video-preview:-1"},"canonical":"https:\/\/www.purejewels.com\/tr\/urun\/22-ayar-altin-gerdanlik-antika-kaplama-rozet-koleksiyonu-47577\/","og_locale":"tr_TR","og_type":"article","og_title":"Gold Choker Necklace in 22ct Real Gold | Rosette Collection","og_description":"Adorn your neckline with timeless elegance: Order the 22ct Gold Choker Necklace from the Rosette Collection online. Order online","og_url":"https:\/\/www.purejewels.com\/tr\/urun\/22-ayar-altin-gerdanlik-antika-kaplama-rozet-koleksiyonu-47577\/","og_site_name":"PureJewels UK","article_modified_time":"2026-01-06T08:45:53+00:00","og_image":[{"url":"https:\/\/www.purejewels.com\/wp-content\/uploads\/2024\/02\/40575-1-2.jpg","width":1,"height":1,"type":"image\/jpeg"}],"twitter_card":"summary_large_image","twitter_misc":{"Tahmini okuma s\u00fcresi":"1 dakika"},"schema":{"@context":"https:\/\/schema.org","@graph":[{"@type":["WebPage","ItemPage"],"@id":"https:\/\/www.purejewels.com\/product\/22ct-gold-choker-antique-finsih-rosettes-collection-47577\/","url":"https:\/\/www.purejewels.com\/product\/22ct-gold-choker-antique-finsih-rosettes-collection-47577\/","name":"Alt\u0131n Gerdanl\u0131k Kolye 22 Ayar Ger\u00e7ek Alt\u0131n | Rozet Koleksiyonu","isPartOf":{"@id":"https:\/\/www.purejewels.com\/#website"},"primaryImageOfPage":{"@id":"https:\/\/www.purejewels.com\/product\/22ct-gold-choker-antique-finsih-rosettes-collection-47577\/#primaryimage"},"image":{"@id":"https:\/\/www.purejewels.com\/product\/22ct-gold-choker-antique-finsih-rosettes-collection-47577\/#primaryimage"},"thumbnailUrl":"https:\/\/static.purejewels.com\/wp-content\/uploads\/2024\/02\/40575-1-2.jpg","datePublished":"2024-01-09T06:17:41+00:00","dateModified":"2026-01-06T08:45:53+00:00","description":"Boyun \u00e7izginizi zamans\u0131z bir zarafetle s\u00fcsleyin: Rosette Koleksiyonu'ndan 22 Ayar Alt\u0131n Gerdanl\u0131k Kolyeyi online sipari\u015f edin. Online sipari\u015f","breadcrumb":{"@id":"https:\/\/www.purejewels.com\/product\/22ct-gold-choker-antique-finsih-rosettes-collection-47577\/#breadcrumb"},"inLanguage":"tr","potentialAction":[{"@type":"ReadAction","target":["https:\/\/www.purejewels.com\/product\/22ct-gold-choker-antique-finsih-rosettes-collection-47577\/"]}]},{"@type":"ImageObject","inLanguage":"tr","@id":"https:\/\/www.purejewels.com\/product\/22ct-gold-choker-antique-finsih-rosettes-collection-47577\/#primaryimage","url":"https:\/\/static.purejewels.com\/wp-content\/uploads\/2024\/02\/40575-1-2.jpg","contentUrl":"https:\/\/static.purejewels.com\/wp-content\/uploads\/2024\/02\/40575-1-2.jpg","caption":"22ct Gold Choker Necklace"},{"@type":"BreadcrumbList","@id":"https:\/\/www.purejewels.com\/product\/22ct-gold-choker-antique-finsih-rosettes-collection-47577\/#breadcrumb","itemListElement":[{"@type":"ListItem","position":1,"name":"Home","item":"https:\/\/www.purejewels.com\/"},{"@type":"ListItem","position":2,"name":"Shop","item":"https:\/\/www.purejewels.com\/shop\/"},{"@type":"ListItem","position":3,"name":"22ct Gold Choker | Antique Finsih | Rosettes Collection"}]},{"@type":"WebSite","@id":"https:\/\/www.purejewels.com\/#website","url":"https:\/\/www.purejewels.com\/","name":"PureJewels \u0130ngiltere","description":"Sevgiyi Payla\u015f\u0131n","publisher":{"@id":"https:\/\/www.purejewels.com\/#organization"},"potentialAction":[{"@type":"SearchAction","target":{"@type":"EntryPoint","urlTemplate":"https:\/\/www.purejewels.com\/?s={search_term_string}"},"query-input":{"@type":"PropertyValueSpecification","valueRequired":true,"valueName":"search_term_string"}}],"inLanguage":"tr"},{"@type":"Organization","@id":"https:\/\/www.purejewels.com\/#organization","name":"PureJewels \u0130ngiltere","url":"https:\/\/www.purejewels.com\/","logo":{"@type":"ImageObject","inLanguage":"tr","@id":"https:\/\/www.purejewels.com\/#\/schema\/logo\/image\/","url":"https:\/\/static.purejewels.com\/wp-content\/uploads\/2020\/11\/Logo-PJ-New-1.png","contentUrl":"https:\/\/static.purejewels.com\/wp-content\/uploads\/2020\/11\/Logo-PJ-New-1.png","width":150,"height":80,"caption":"PureJewels UK"},"image":{"@id":"https:\/\/www.purejewels.com\/#\/schema\/logo\/image\/"}}]}},"_links":{"self":[{"href":"https:\/\/www.purejewels.com\/tr\/wp-json\/wp\/v2\/product\/357314","targetHints":{"allow":["GET"]}}],"collection":[{"href":"https:\/\/www.purejewels.com\/tr\/wp-json\/wp\/v2\/product"}],"about":[{"href":"https:\/\/www.purejewels.com\/tr\/wp-json\/wp\/v2\/types\/product"}],"replies":[{"embeddable":true,"href":"https:\/\/www.purejewels.com\/tr\/wp-json\/wp\/v2\/comments?post=357314"}],"version-history":[{"count":3,"href":"https:\/\/www.purejewels.com\/tr\/wp-json\/wp\/v2\/product\/357314\/revisions"}],"predecessor-version":[{"id":388030,"href":"https:\/\/www.purejewels.com\/tr\/wp-json\/wp\/v2\/product\/357314\/revisions\/388030"}],"wp:featuredmedia":[{"embeddable":true,"href":"https:\/\/www.purejewels.com\/tr\/wp-json\/wp\/v2\/media\/357315"}],"wp:attachment":[{"href":"https:\/\/www.purejewels.com\/tr\/wp-json\/wp\/v2\/media?parent=357314"}],"wp:term":[{"taxonomy":"product_brand","embeddable":true,"href":"https:\/\/www.purejewels.com\/tr\/wp-json\/wp\/v2\/product_brand?post=357314"},{"taxonomy":"product_cat","embeddable":true,"href":"https:\/\/www.purejewels.com\/tr\/wp-json\/wp\/v2\/product_cat?post=357314"},{"taxonomy":"product_tag","embeddable":true,"href":"https:\/\/www.purejewels.com\/tr\/wp-json\/wp\/v2\/product_tag?post=357314"}],"curies":[{"name":"wp","href":"https:\/\/api.w.org\/{rel}","templated":true}]}}