{"id":357441,"date":"2024-01-13T05:42:34","date_gmt":"2024-01-13T05:42:34","guid":{"rendered":"https:\/\/www.purejewels.com\/?post_type=product&#038;p=357441"},"modified":"2026-04-16T07:11:03","modified_gmt":"2026-04-16T06:11:03","slug":"22-ayar-altin-figaro-zincir-47779","status":"publish","type":"product","link":"https:\/\/www.purejewels.com\/tr\/product\/22ct-gold-figaro-chain-47779\/","title":{"rendered":"22 Ayar Alt\u0131n | Figaro Zincir | 20 Inche9"},"content":{"rendered":"<p>Kar\u015f\u0131n\u0131zda, zarafet ve sofistikeli\u011fi yans\u0131tan zamans\u0131z bir par\u00e7a olan 22 ayar alt\u0131ndan zarif Figaro Zincirimiz. Bu \u00e7arp\u0131c\u0131 zincir 20 in\u00e7 uzunlu\u011funda ve 3,3 gram a\u011f\u0131rl\u0131\u011f\u0131ndad\u0131r, bu da onu her durum i\u00e7in m\u00fckemmel bir aksesuar haline getirir. Figaro tasar\u0131m\u0131 klasik ve \u00e7ok y\u00f6nl\u00fcd\u00fcr, ince i\u015f\u00e7ili\u011fi ve l\u00fcks\u00fc takdir eden hem erkekler hem de kad\u0131nlar i\u00e7in uygundur.<\/p>\n<p>22 ayar alt\u0131ndan \u00fcretilen ve Londra Assay Ofisi taraf\u0131ndan damgalanan bu Figaro Zincir, kalite ve \u00f6zg\u00fcnl\u00fc\u011f\u00fcn sembol\u00fcd\u00fcr. Zincir 2,5 mm geni\u015fli\u011findedir ve her k\u0131yafete g\u00f6z al\u0131c\u0131 bir dokunu\u015f katar. Her bir zincir bir sunum kutusunda g\u00fczelce paketlenmi\u015f olarak gelir ve sevdi\u011finiz biri i\u00e7in m\u00fckemmel bir hediye veya kendiniz i\u00e7in \u00f6zel bir ikramd\u0131r.<\/p>\n<p>\u015eimdi sipari\u015f verin ve Figaro Zincirinizi 5-6 hafta i\u00e7inde teslim al\u0131n. Daha h\u0131zl\u0131 teslimat se\u00e7enekleri veya sorular\u0131n\u0131z i\u00e7in canl\u0131 sohbet arac\u0131l\u0131\u011f\u0131yla bizimle ileti\u015fime ge\u00e7mekten \u00e7ekinmeyin. Bug\u00fcn 22 ayar alt\u0131n rengindeki \u00e7arp\u0131c\u0131 Figaro Zincirimizle tarz\u0131n\u0131z\u0131 y\u00fckseltin.<\/p>","protected":false},"excerpt":{"rendered":"<table class=\"sh_desc\">\n<tbody>\n<tr>\n<td>Zincir Tipi<\/td>\n<td>Figaro Zincir<\/td>\n<\/tr>\n<tr>\n<td>SKU<\/td>\n<td>47779<\/td>\n<\/tr>\n<tr>\n<td>A\u011f\u0131rl\u0131k<\/td>\n<td>3.3 Gms<\/td>\n<\/tr>\n<tr>\n<td>Metal<\/td>\n<td>22 Ayar Alt\u0131n<\/td>\n<\/tr>\n<tr>\n<td>Uzunluk<\/td>\n<td>20 \u0130n\u00e7<\/td>\n<\/tr>\n<tr>\n<td>Geni\u015flik<\/td>\n<td>2,5 mm<\/td>\n<\/tr>\n<tr>\n<td>Hallmark<\/td>\n<td>Londra Tahlil Ofisi Taraf\u0131ndan Damgalanm\u0131\u015f 22 Ayar Alt\u0131n<\/td>\n<\/tr>\n<tr>\n<td>\u00dccretler<\/td>\n<td>Teslimat ve KDV Dahil<\/td>\n<\/tr>\n<tr>\n<td>Paketleme<\/td>\n<td>Sunum Kutusu ile Birlikte Gelir<\/td>\n<\/tr>\n<tr>\n<td>Daha Fazla Bilgi<\/td>\n<td>M\u00fcsaitlik durumu ve daha fazla resim i\u00e7in bizimle canl\u0131 sohbet edin<\/td>\n<\/tr>\n<\/tbody>\n<\/table>","protected":false},"featured_media":358828,"comment_status":"closed","ping_status":"closed","template":"","meta":{"_eb_attr":"","_crsspst_to_jayantr4sg-hostcom":false},"product_brand":[],"product_cat":[5015,5264,1559,1571,5693,1475,1572,1774,1573,5349],"product_tag":[3990,65,4121],"class_list":{"0":"post-357441","1":"product","2":"type-product","3":"status-publish","4":"has-post-thumbnail","6":"product_cat-20-inch-ladies-chain","7":"product_cat-22ct-gold-chain","8":"product_cat-birthday-gifts","9":"product_cat-fathers-day-gifts","10":"product_cat-figaro-chain","11":"product_cat-gold-chains","12":"product_cat-mens-jewellery","13":"product_cat-mens-chains","14":"product_cat-wedding-gifts","15":"product_cat-yellow-gold-jewellery","16":"product_tag-22-carat-gold-chain","17":"product_tag-chains","18":"product_tag-chains-for-sale","20":"first","21":"outofstock","22":"taxable","23":"shipping-taxable","24":"product-type-simple","25":"add-to-wishlist-before_image"},"yoast_head":"<!-- This site is optimized with the Yoast SEO plugin v27.6 - https:\/\/yoast.com\/product\/yoast-seo-wordpress\/ -->\n<title>Figaro Chain in 22ct Gold | 20 inches | PureJewels UK<\/title>\n<meta name=\"description\" content=\"Elevate your style with the timeless elegance of PureJewels online Figaro Chain in 22ct gold. Shop now and elevate your style!\" \/>\n<meta name=\"robots\" content=\"index, follow, max-snippet:-1, max-image-preview:large, max-video-preview:-1\" \/>\n<link rel=\"canonical\" href=\"https:\/\/www.purejewels.com\/tr\/urun\/22-ayar-altin-figaro-zincir-47779\/\" \/>\n<meta property=\"og:locale\" content=\"tr_TR\" \/>\n<meta property=\"og:type\" content=\"article\" \/>\n<meta property=\"og:title\" content=\"Figaro Chain in 22ct Gold | 20 inches | PureJewels UK\" \/>\n<meta property=\"og:description\" content=\"Elevate your style with the timeless elegance of PureJewels online Figaro Chain in 22ct gold. Shop now and elevate your style!\" \/>\n<meta property=\"og:url\" content=\"https:\/\/www.purejewels.com\/tr\/urun\/22-ayar-altin-figaro-zincir-47779\/\" \/>\n<meta property=\"og:site_name\" content=\"PureJewels UK\" \/>\n<meta property=\"article:modified_time\" content=\"2026-04-16T06:11:03+00:00\" \/>\n<meta property=\"og:image\" content=\"https:\/\/static.purejewels.com\/wp-content\/uploads\/2024\/03\/SKU-47779-1.jpg\" \/>\n\t<meta property=\"og:image:width\" content=\"1000\" \/>\n\t<meta property=\"og:image:height\" content=\"1000\" \/>\n\t<meta property=\"og:image:type\" content=\"image\/jpeg\" \/>\n<meta name=\"twitter:card\" content=\"summary_large_image\" \/>\n<meta name=\"twitter:label1\" content=\"Tahmini okuma s\u00fcresi\" \/>\n\t<meta name=\"twitter:data1\" content=\"1 dakika\" \/>\n<script type=\"application\/ld+json\" class=\"yoast-schema-graph\">{\"@context\":\"https:\\\/\\\/schema.org\",\"@graph\":[{\"@type\":[\"WebPage\",\"ItemPage\"],\"@id\":\"https:\\\/\\\/www.purejewels.com\\\/product\\\/22ct-gold-figaro-chain-47779\\\/\",\"url\":\"https:\\\/\\\/www.purejewels.com\\\/product\\\/22ct-gold-figaro-chain-47779\\\/\",\"name\":\"Figaro Chain in 22ct Gold | 20 inches | PureJewels UK\",\"isPartOf\":{\"@id\":\"https:\\\/\\\/www.purejewels.com\\\/#website\"},\"primaryImageOfPage\":{\"@id\":\"https:\\\/\\\/www.purejewels.com\\\/product\\\/22ct-gold-figaro-chain-47779\\\/#primaryimage\"},\"image\":{\"@id\":\"https:\\\/\\\/www.purejewels.com\\\/product\\\/22ct-gold-figaro-chain-47779\\\/#primaryimage\"},\"thumbnailUrl\":\"https:\\\/\\\/static.purejewels.com\\\/wp-content\\\/uploads\\\/2024\\\/03\\\/SKU-47779-1.jpg\",\"datePublished\":\"2024-01-13T05:42:34+00:00\",\"dateModified\":\"2026-04-16T06:11:03+00:00\",\"description\":\"Elevate your style with the timeless elegance of PureJewels online Figaro Chain in 22ct gold. Shop now and elevate your style!\",\"breadcrumb\":{\"@id\":\"https:\\\/\\\/www.purejewels.com\\\/product\\\/22ct-gold-figaro-chain-47779\\\/#breadcrumb\"},\"inLanguage\":\"tr\",\"potentialAction\":[{\"@type\":\"ReadAction\",\"target\":[\"https:\\\/\\\/www.purejewels.com\\\/product\\\/22ct-gold-figaro-chain-47779\\\/\"]}]},{\"@type\":\"ImageObject\",\"inLanguage\":\"tr\",\"@id\":\"https:\\\/\\\/www.purejewels.com\\\/product\\\/22ct-gold-figaro-chain-47779\\\/#primaryimage\",\"url\":\"https:\\\/\\\/static.purejewels.com\\\/wp-content\\\/uploads\\\/2024\\\/03\\\/SKU-47779-1.jpg\",\"contentUrl\":\"https:\\\/\\\/static.purejewels.com\\\/wp-content\\\/uploads\\\/2024\\\/03\\\/SKU-47779-1.jpg\",\"width\":1000,\"height\":1000,\"caption\":\"22ct Gold | Figaro Chain | 20 Inches 47779\"},{\"@type\":\"BreadcrumbList\",\"@id\":\"https:\\\/\\\/www.purejewels.com\\\/product\\\/22ct-gold-figaro-chain-47779\\\/#breadcrumb\",\"itemListElement\":[{\"@type\":\"ListItem\",\"position\":1,\"name\":\"Home\",\"item\":\"https:\\\/\\\/www.purejewels.com\\\/\"},{\"@type\":\"ListItem\",\"position\":2,\"name\":\"Shop\",\"item\":\"https:\\\/\\\/www.purejewels.com\\\/shop\\\/\"},{\"@type\":\"ListItem\",\"position\":3,\"name\":\"22ct Gold | Figaro Chain | 20 Inche9\"}]},{\"@type\":\"WebSite\",\"@id\":\"https:\\\/\\\/www.purejewels.com\\\/#website\",\"url\":\"https:\\\/\\\/www.purejewels.com\\\/\",\"name\":\"PureJewels UK\",\"description\":\"Share the Love\",\"publisher\":{\"@id\":\"https:\\\/\\\/www.purejewels.com\\\/#organization\"},\"potentialAction\":[{\"@type\":\"SearchAction\",\"target\":{\"@type\":\"EntryPoint\",\"urlTemplate\":\"https:\\\/\\\/www.purejewels.com\\\/?s={search_term_string}\"},\"query-input\":{\"@type\":\"PropertyValueSpecification\",\"valueRequired\":true,\"valueName\":\"search_term_string\"}}],\"inLanguage\":\"tr\"},{\"@type\":\"Organization\",\"@id\":\"https:\\\/\\\/www.purejewels.com\\\/#organization\",\"name\":\"PureJewels UK\",\"url\":\"https:\\\/\\\/www.purejewels.com\\\/\",\"logo\":{\"@type\":\"ImageObject\",\"inLanguage\":\"tr\",\"@id\":\"https:\\\/\\\/www.purejewels.com\\\/#\\\/schema\\\/logo\\\/image\\\/\",\"url\":\"https:\\\/\\\/static.purejewels.com\\\/wp-content\\\/uploads\\\/2020\\\/11\\\/Logo-PJ-New-1.png\",\"contentUrl\":\"https:\\\/\\\/static.purejewels.com\\\/wp-content\\\/uploads\\\/2020\\\/11\\\/Logo-PJ-New-1.png\",\"width\":150,\"height\":80,\"caption\":\"PureJewels UK\"},\"image\":{\"@id\":\"https:\\\/\\\/www.purejewels.com\\\/#\\\/schema\\\/logo\\\/image\\\/\"}}]}<\/script>\n<!-- \/ Yoast SEO plugin. -->","yoast_head_json":{"title":"22 Ayar Alt\u0131n Figaro Zincir | 20 in\u00e7 | PureJewels UK","description":"PureJewels online 22 ayar alt\u0131n Figaro Zincir'in zamans\u0131z zarafeti ile stilinizi y\u00fckseltin. \u015eimdi al\u0131\u015fveri\u015f yap\u0131n ve stilinizi y\u00fckseltin!","robots":{"index":"index","follow":"follow","max-snippet":"max-snippet:-1","max-image-preview":"max-image-preview:large","max-video-preview":"max-video-preview:-1"},"canonical":"https:\/\/www.purejewels.com\/tr\/urun\/22-ayar-altin-figaro-zincir-47779\/","og_locale":"tr_TR","og_type":"article","og_title":"Figaro Chain in 22ct Gold | 20 inches | PureJewels UK","og_description":"Elevate your style with the timeless elegance of PureJewels online Figaro Chain in 22ct gold. Shop now and elevate your style!","og_url":"https:\/\/www.purejewels.com\/tr\/urun\/22-ayar-altin-figaro-zincir-47779\/","og_site_name":"PureJewels UK","article_modified_time":"2026-04-16T06:11:03+00:00","og_image":[{"width":1000,"height":1000,"url":"https:\/\/static.purejewels.com\/wp-content\/uploads\/2024\/03\/SKU-47779-1.jpg","type":"image\/jpeg"}],"twitter_card":"summary_large_image","twitter_misc":{"Tahmini okuma s\u00fcresi":"1 dakika"},"schema":{"@context":"https:\/\/schema.org","@graph":[{"@type":["WebPage","ItemPage"],"@id":"https:\/\/www.purejewels.com\/product\/22ct-gold-figaro-chain-47779\/","url":"https:\/\/www.purejewels.com\/product\/22ct-gold-figaro-chain-47779\/","name":"22 Ayar Alt\u0131n Figaro Zincir | 20 in\u00e7 | PureJewels UK","isPartOf":{"@id":"https:\/\/www.purejewels.com\/#website"},"primaryImageOfPage":{"@id":"https:\/\/www.purejewels.com\/product\/22ct-gold-figaro-chain-47779\/#primaryimage"},"image":{"@id":"https:\/\/www.purejewels.com\/product\/22ct-gold-figaro-chain-47779\/#primaryimage"},"thumbnailUrl":"https:\/\/static.purejewels.com\/wp-content\/uploads\/2024\/03\/SKU-47779-1.jpg","datePublished":"2024-01-13T05:42:34+00:00","dateModified":"2026-04-16T06:11:03+00:00","description":"PureJewels online 22 ayar alt\u0131n Figaro Zincir'in zamans\u0131z zarafeti ile stilinizi y\u00fckseltin. \u015eimdi al\u0131\u015fveri\u015f yap\u0131n ve stilinizi y\u00fckseltin!","breadcrumb":{"@id":"https:\/\/www.purejewels.com\/product\/22ct-gold-figaro-chain-47779\/#breadcrumb"},"inLanguage":"tr","potentialAction":[{"@type":"ReadAction","target":["https:\/\/www.purejewels.com\/product\/22ct-gold-figaro-chain-47779\/"]}]},{"@type":"ImageObject","inLanguage":"tr","@id":"https:\/\/www.purejewels.com\/product\/22ct-gold-figaro-chain-47779\/#primaryimage","url":"https:\/\/static.purejewels.com\/wp-content\/uploads\/2024\/03\/SKU-47779-1.jpg","contentUrl":"https:\/\/static.purejewels.com\/wp-content\/uploads\/2024\/03\/SKU-47779-1.jpg","width":1000,"height":1000,"caption":"22ct Gold | Figaro Chain | 20 Inches 47779"},{"@type":"BreadcrumbList","@id":"https:\/\/www.purejewels.com\/product\/22ct-gold-figaro-chain-47779\/#breadcrumb","itemListElement":[{"@type":"ListItem","position":1,"name":"Home","item":"https:\/\/www.purejewels.com\/"},{"@type":"ListItem","position":2,"name":"Shop","item":"https:\/\/www.purejewels.com\/shop\/"},{"@type":"ListItem","position":3,"name":"22ct Gold | Figaro Chain | 20 Inche9"}]},{"@type":"WebSite","@id":"https:\/\/www.purejewels.com\/#website","url":"https:\/\/www.purejewels.com\/","name":"PureJewels \u0130ngiltere","description":"Sevgiyi Payla\u015f\u0131n","publisher":{"@id":"https:\/\/www.purejewels.com\/#organization"},"potentialAction":[{"@type":"SearchAction","target":{"@type":"EntryPoint","urlTemplate":"https:\/\/www.purejewels.com\/?s={search_term_string}"},"query-input":{"@type":"PropertyValueSpecification","valueRequired":true,"valueName":"search_term_string"}}],"inLanguage":"tr"},{"@type":"Organization","@id":"https:\/\/www.purejewels.com\/#organization","name":"PureJewels \u0130ngiltere","url":"https:\/\/www.purejewels.com\/","logo":{"@type":"ImageObject","inLanguage":"tr","@id":"https:\/\/www.purejewels.com\/#\/schema\/logo\/image\/","url":"https:\/\/static.purejewels.com\/wp-content\/uploads\/2020\/11\/Logo-PJ-New-1.png","contentUrl":"https:\/\/static.purejewels.com\/wp-content\/uploads\/2020\/11\/Logo-PJ-New-1.png","width":150,"height":80,"caption":"PureJewels UK"},"image":{"@id":"https:\/\/www.purejewels.com\/#\/schema\/logo\/image\/"}}]}},"_links":{"self":[{"href":"https:\/\/www.purejewels.com\/tr\/wp-json\/wp\/v2\/product\/357441","targetHints":{"allow":["GET"]}}],"collection":[{"href":"https:\/\/www.purejewels.com\/tr\/wp-json\/wp\/v2\/product"}],"about":[{"href":"https:\/\/www.purejewels.com\/tr\/wp-json\/wp\/v2\/types\/product"}],"replies":[{"embeddable":true,"href":"https:\/\/www.purejewels.com\/tr\/wp-json\/wp\/v2\/comments?post=357441"}],"version-history":[{"count":3,"href":"https:\/\/www.purejewels.com\/tr\/wp-json\/wp\/v2\/product\/357441\/revisions"}],"predecessor-version":[{"id":420461,"href":"https:\/\/www.purejewels.com\/tr\/wp-json\/wp\/v2\/product\/357441\/revisions\/420461"}],"wp:featuredmedia":[{"embeddable":true,"href":"https:\/\/www.purejewels.com\/tr\/wp-json\/wp\/v2\/media\/358828"}],"wp:attachment":[{"href":"https:\/\/www.purejewels.com\/tr\/wp-json\/wp\/v2\/media?parent=357441"}],"wp:term":[{"taxonomy":"product_brand","embeddable":true,"href":"https:\/\/www.purejewels.com\/tr\/wp-json\/wp\/v2\/product_brand?post=357441"},{"taxonomy":"product_cat","embeddable":true,"href":"https:\/\/www.purejewels.com\/tr\/wp-json\/wp\/v2\/product_cat?post=357441"},{"taxonomy":"product_tag","embeddable":true,"href":"https:\/\/www.purejewels.com\/tr\/wp-json\/wp\/v2\/product_tag?post=357441"}],"curies":[{"name":"wp","href":"https:\/\/api.w.org\/{rel}","templated":true}]}}