{"id":357446,"date":"2024-02-13T09:40:51","date_gmt":"2024-02-13T09:40:51","guid":{"rendered":"https:\/\/www.purejewels.com\/?post_type=product&#038;p=357446"},"modified":"2026-05-14T03:40:04","modified_gmt":"2026-05-14T02:40:04","slug":"24-ayar-altin-tek-bileklik-gunluk-kullanim-47571","status":"publish","type":"product","link":"https:\/\/www.purejewels.com\/tr\/product\/24-carat-gold-single-bangle-daily-wear-47571\/","title":{"rendered":"24 Ayar Alt\u0131n G\u00fcnl\u00fck Giyim Bileklik"},"content":{"rendered":"<p><strong>Tasar\u0131m Konsepti<\/strong><br data-start=\"78\" data-end=\"81\" \/>E\u015fsiz G\u00fcney Asya tasar\u0131mlar\u0131ndan esinlenen bu 24ct <a href=\"https:\/\/www.purejewels.com\/tr\/product\/22-carat-gold-single-bangle-34207\/\">Alt\u0131n Bileklik<\/a> k\u00fclt\u00fcrel miras\u0131 \u00e7a\u011fda\u015f sadelikle harmanl\u0131yor. Formu, gelene\u011fi kutlarken g\u00fcnl\u00fck \u015f\u0131kl\u0131k i\u00e7in zarif bir siluet sunar.<\/p>\n<p data-start=\"290\" data-end=\"618\"><strong>Zanaatkarl\u0131k<\/strong><br data-start=\"307\" data-end=\"310\" \/>Geri d\u00f6n\u00fc\u015ft\u00fcr\u00fclm\u00fc\u015f 24 ayar alt\u0131ndan \u00fcretilen bu bileklik, do\u011fal olarak daha yumu\u015fak olan ve hassasiyet ve ustal\u0131k gerektiren saf alt\u0131nla \u00e7al\u0131\u015fman\u0131n zorlu\u011funu ve sanat\u0131n\u0131 temsil ediyor. Uzman el i\u015f\u00e7ili\u011fi ve yap\u0131sal b\u00fct\u00fcnl\u00fck sayesinde par\u00e7a hem dayan\u0131kl\u0131l\u0131k hem de zarafet kazanarak g\u00fcnl\u00fck kullan\u0131m i\u00e7in uygun hale gelmi\u015ftir.<\/p>\n<p data-start=\"620\" data-end=\"948\" data-is-last-node=\"\" data-is-only-node=\"\"><strong>Stil \u0130pu\u00e7lar\u0131<\/strong><br data-start=\"636\" data-end=\"639\" \/>Geleneksel g\u00fcnler i\u00e7in ideal olan bu bileklik, her tak\u0131ma safl\u0131k ve zarafet katar. Sade bir \u015f\u0131kl\u0131k i\u00e7in tek ba\u015f\u0131na tak\u0131n veya katmanl\u0131 bir bayram g\u00f6r\u00fcn\u00fcm\u00fc olu\u015fturmak i\u00e7in di\u011fer alt\u0131n bilekliklerle istifleyin. Zamans\u0131z tasar\u0131m\u0131, hem etnik k\u0131yafetlerle hem de \u00e7a\u011fda\u015f k\u0131yafetlerle sorunsuz bir \u015fekilde e\u015fle\u015fmesini sa\u011flar.<\/p>","protected":false},"excerpt":{"rendered":"<p><strong>Sipari\u015f \u00fczerine yap\u0131l\u0131r<\/strong><\/p>\n<p>Bu 24 Ayar Alt\u0131n Bileklik, geri d\u00f6n\u00fc\u015ft\u00fcr\u00fclm\u00fc\u015f saf alt\u0131ndan \u00fcretilmi\u015f ve bedeninize g\u00f6re \u00f6zel olarak haz\u0131rlanm\u0131\u015ft\u0131r. G\u00fcnl\u00fck \u015f\u0131kl\u0131k ve ki\u015fisel anlam i\u00e7in tasarlanan bu bileklik, kaz\u0131nabilir veya tercihinize g\u00f6re \u00f6zelle\u015ftirilebilir. Yakla\u015f\u0131k 2 haftal\u0131k \u00fcretim s\u00fcresiyle t\u00fcm boyutlarda mevcuttur.<\/p>\n<p>L\u00fctfen \u015fu yolla ileti\u015fime ge\u00e7in <a href=\"https:\/\/wa.me\/447384814118?text=Hi%2C%20I%27m%20interested%20in%20this%20product\" target=\"_blank\" rel=\"noopener\">WhatsApp <\/a> daha fazla ayr\u0131nt\u0131 i\u00e7in.<\/p>\n<p><strong>SKU:<\/strong> 47571<br \/>\n<strong>A\u011f\u0131rl\u0131k:<\/strong> Bileklik ba\u015f\u0131na 20 gram.<br \/>\n<strong>Metal:<\/strong> 24 Ayar Alt\u0131n<br \/>\n<strong>Bileklik Boyutu:<\/strong> 2,6 (Talep \u00fczerine di\u011fer boyutlarda da mevcuttur)<br \/>\n<strong>Hallmark: <\/strong>\u0130ngiliz Damgas\u0131<\/p>\n<p><strong>Fiyat ve Teslimat<\/strong>: KDV ve teslimat \u00fccreti dahil<br \/>\n<a href=\"https:\/\/www.purejewels.com\/tr\/i%cc%87ade-poli%cc%87ti%cc%87kasi\/\">\u0130ade Politikas\u0131<\/a><\/p>","protected":false},"featured_media":422469,"comment_status":"closed","ping_status":"closed","template":"","meta":{"_eb_attr":"","_crsspst_to_jayantr4sg-hostcom":false},"product_brand":[],"product_cat":[5618,5617,5270,1233,1574],"product_tag":[1836],"class_list":{"0":"post-357446","1":"product","2":"type-product","3":"status-publish","4":"has-post-thumbnail","6":"product_cat-24ct-gold","7":"product_cat-24ct-gold-jewellery","8":"product_cat-daily-wear-bangles","9":"product_cat-gold-bangles","10":"product_cat-womens-jewellery","11":"product_tag-24ct-gold","13":"first","14":"onbackorder","15":"taxable","16":"shipping-taxable","17":"purchasable","18":"product-type-simple","19":"add-to-wishlist-before_image"},"yoast_head":"<!-- This site is optimized with the Yoast SEO plugin v27.5 - https:\/\/yoast.com\/product\/yoast-seo-wordpress\/ -->\n<title>24 Carat Gold Daily Wear Bangle | PureJewels UK<\/title>\n<meta name=\"description\" content=\"24ct Gold Bangle crafted from recycled pure gold, made to order in all sizes. Inspired by South Asian heritage for daily wear and special occasions.\" \/>\n<meta name=\"robots\" content=\"index, follow, max-snippet:-1, max-image-preview:large, max-video-preview:-1\" \/>\n<link rel=\"canonical\" href=\"https:\/\/www.purejewels.com\/tr\/urun\/24-ayar-altin-tek-bileklik-gunluk-kullanim-47571\/\" \/>\n<meta property=\"og:locale\" content=\"tr_TR\" \/>\n<meta property=\"og:type\" content=\"article\" \/>\n<meta property=\"og:title\" content=\"24 Carat Gold Daily Wear Bangle | PureJewels UK\" \/>\n<meta property=\"og:description\" content=\"24ct Gold Bangle crafted from recycled pure gold, made to order in all sizes. Inspired by South Asian heritage for daily wear and special occasions.\" \/>\n<meta property=\"og:url\" content=\"https:\/\/www.purejewels.com\/tr\/urun\/24-ayar-altin-tek-bileklik-gunluk-kullanim-47571\/\" \/>\n<meta property=\"og:site_name\" content=\"PureJewels UK\" \/>\n<meta property=\"article:modified_time\" content=\"2026-05-14T02:40:04+00:00\" \/>\n<meta property=\"og:image\" content=\"https:\/\/static.purejewels.com\/wp-content\/uploads\/2024\/02\/34742-4.jpg\" \/>\n\t<meta property=\"og:image:width\" content=\"1000\" \/>\n\t<meta property=\"og:image:height\" content=\"1000\" \/>\n\t<meta property=\"og:image:type\" content=\"image\/jpeg\" \/>\n<meta name=\"twitter:card\" content=\"summary_large_image\" \/>\n<meta name=\"twitter:label1\" content=\"Tahmini okuma s\u00fcresi\" \/>\n\t<meta name=\"twitter:data1\" content=\"1 dakika\" \/>\n<script type=\"application\/ld+json\" class=\"yoast-schema-graph\">{\"@context\":\"https:\\\/\\\/schema.org\",\"@graph\":[{\"@type\":[\"WebPage\",\"ItemPage\"],\"@id\":\"https:\\\/\\\/www.purejewels.com\\\/product\\\/24-carat-gold-single-bangle-daily-wear-47571\\\/\",\"url\":\"https:\\\/\\\/www.purejewels.com\\\/product\\\/24-carat-gold-single-bangle-daily-wear-47571\\\/\",\"name\":\"24 Carat Gold Daily Wear Bangle | PureJewels UK\",\"isPartOf\":{\"@id\":\"https:\\\/\\\/www.purejewels.com\\\/#website\"},\"primaryImageOfPage\":{\"@id\":\"https:\\\/\\\/www.purejewels.com\\\/product\\\/24-carat-gold-single-bangle-daily-wear-47571\\\/#primaryimage\"},\"image\":{\"@id\":\"https:\\\/\\\/www.purejewels.com\\\/product\\\/24-carat-gold-single-bangle-daily-wear-47571\\\/#primaryimage\"},\"thumbnailUrl\":\"https:\\\/\\\/static.purejewels.com\\\/wp-content\\\/uploads\\\/2024\\\/02\\\/34742-4.jpg\",\"datePublished\":\"2024-02-13T09:40:51+00:00\",\"dateModified\":\"2026-05-14T02:40:04+00:00\",\"description\":\"24ct Gold Bangle crafted from recycled pure gold, made to order in all sizes. Inspired by South Asian heritage for daily wear and special occasions.\",\"breadcrumb\":{\"@id\":\"https:\\\/\\\/www.purejewels.com\\\/product\\\/24-carat-gold-single-bangle-daily-wear-47571\\\/#breadcrumb\"},\"inLanguage\":\"tr\",\"potentialAction\":[{\"@type\":\"ReadAction\",\"target\":[\"https:\\\/\\\/www.purejewels.com\\\/product\\\/24-carat-gold-single-bangle-daily-wear-47571\\\/\"]}]},{\"@type\":\"ImageObject\",\"inLanguage\":\"tr\",\"@id\":\"https:\\\/\\\/www.purejewels.com\\\/product\\\/24-carat-gold-single-bangle-daily-wear-47571\\\/#primaryimage\",\"url\":\"https:\\\/\\\/static.purejewels.com\\\/wp-content\\\/uploads\\\/2024\\\/02\\\/34742-4.jpg\",\"contentUrl\":\"https:\\\/\\\/static.purejewels.com\\\/wp-content\\\/uploads\\\/2024\\\/02\\\/34742-4.jpg\",\"width\":1000,\"height\":1000},{\"@type\":\"BreadcrumbList\",\"@id\":\"https:\\\/\\\/www.purejewels.com\\\/product\\\/24-carat-gold-single-bangle-daily-wear-47571\\\/#breadcrumb\",\"itemListElement\":[{\"@type\":\"ListItem\",\"position\":1,\"name\":\"Home\",\"item\":\"https:\\\/\\\/www.purejewels.com\\\/\"},{\"@type\":\"ListItem\",\"position\":2,\"name\":\"Shop\",\"item\":\"https:\\\/\\\/www.purejewels.com\\\/shop\\\/\"},{\"@type\":\"ListItem\",\"position\":3,\"name\":\"24 Carat Gold Daily Wear Bangle\"}]},{\"@type\":\"WebSite\",\"@id\":\"https:\\\/\\\/www.purejewels.com\\\/#website\",\"url\":\"https:\\\/\\\/www.purejewels.com\\\/\",\"name\":\"PureJewels UK\",\"description\":\"Share the Love\",\"publisher\":{\"@id\":\"https:\\\/\\\/www.purejewels.com\\\/#organization\"},\"potentialAction\":[{\"@type\":\"SearchAction\",\"target\":{\"@type\":\"EntryPoint\",\"urlTemplate\":\"https:\\\/\\\/www.purejewels.com\\\/?s={search_term_string}\"},\"query-input\":{\"@type\":\"PropertyValueSpecification\",\"valueRequired\":true,\"valueName\":\"search_term_string\"}}],\"inLanguage\":\"tr\"},{\"@type\":\"Organization\",\"@id\":\"https:\\\/\\\/www.purejewels.com\\\/#organization\",\"name\":\"PureJewels UK\",\"url\":\"https:\\\/\\\/www.purejewels.com\\\/\",\"logo\":{\"@type\":\"ImageObject\",\"inLanguage\":\"tr\",\"@id\":\"https:\\\/\\\/www.purejewels.com\\\/#\\\/schema\\\/logo\\\/image\\\/\",\"url\":\"https:\\\/\\\/static.purejewels.com\\\/wp-content\\\/uploads\\\/2020\\\/11\\\/Logo-PJ-New-1.png\",\"contentUrl\":\"https:\\\/\\\/static.purejewels.com\\\/wp-content\\\/uploads\\\/2020\\\/11\\\/Logo-PJ-New-1.png\",\"width\":150,\"height\":80,\"caption\":\"PureJewels UK\"},\"image\":{\"@id\":\"https:\\\/\\\/www.purejewels.com\\\/#\\\/schema\\\/logo\\\/image\\\/\"}}]}<\/script>\n<!-- \/ Yoast SEO plugin. -->","yoast_head_json":{"title":"24 Ayar Alt\u0131n G\u00fcnl\u00fck Giyim Bileklik | PureJewels UK","description":"Geri d\u00f6n\u00fc\u015ft\u00fcr\u00fclm\u00fc\u015f saf alt\u0131ndan haz\u0131rlanm\u0131\u015f 24 Ayar Alt\u0131n Bileklik, her boyutta sipari\u015f \u00fczerine \u00fcretilir. G\u00fcnl\u00fck kullan\u0131m ve \u00f6zel g\u00fcnler i\u00e7in G\u00fcney Asya miras\u0131ndan esinlenilmi\u015ftir.","robots":{"index":"index","follow":"follow","max-snippet":"max-snippet:-1","max-image-preview":"max-image-preview:large","max-video-preview":"max-video-preview:-1"},"canonical":"https:\/\/www.purejewels.com\/tr\/urun\/24-ayar-altin-tek-bileklik-gunluk-kullanim-47571\/","og_locale":"tr_TR","og_type":"article","og_title":"24 Carat Gold Daily Wear Bangle | PureJewels UK","og_description":"24ct Gold Bangle crafted from recycled pure gold, made to order in all sizes. Inspired by South Asian heritage for daily wear and special occasions.","og_url":"https:\/\/www.purejewels.com\/tr\/urun\/24-ayar-altin-tek-bileklik-gunluk-kullanim-47571\/","og_site_name":"PureJewels UK","article_modified_time":"2026-05-14T02:40:04+00:00","og_image":[{"width":1000,"height":1000,"url":"https:\/\/static.purejewels.com\/wp-content\/uploads\/2024\/02\/34742-4.jpg","type":"image\/jpeg"}],"twitter_card":"summary_large_image","twitter_misc":{"Tahmini okuma s\u00fcresi":"1 dakika"},"schema":{"@context":"https:\/\/schema.org","@graph":[{"@type":["WebPage","ItemPage"],"@id":"https:\/\/www.purejewels.com\/product\/24-carat-gold-single-bangle-daily-wear-47571\/","url":"https:\/\/www.purejewels.com\/product\/24-carat-gold-single-bangle-daily-wear-47571\/","name":"24 Ayar Alt\u0131n G\u00fcnl\u00fck Giyim Bileklik | PureJewels UK","isPartOf":{"@id":"https:\/\/www.purejewels.com\/#website"},"primaryImageOfPage":{"@id":"https:\/\/www.purejewels.com\/product\/24-carat-gold-single-bangle-daily-wear-47571\/#primaryimage"},"image":{"@id":"https:\/\/www.purejewels.com\/product\/24-carat-gold-single-bangle-daily-wear-47571\/#primaryimage"},"thumbnailUrl":"https:\/\/static.purejewels.com\/wp-content\/uploads\/2024\/02\/34742-4.jpg","datePublished":"2024-02-13T09:40:51+00:00","dateModified":"2026-05-14T02:40:04+00:00","description":"Geri d\u00f6n\u00fc\u015ft\u00fcr\u00fclm\u00fc\u015f saf alt\u0131ndan haz\u0131rlanm\u0131\u015f 24 Ayar Alt\u0131n Bileklik, her boyutta sipari\u015f \u00fczerine \u00fcretilir. G\u00fcnl\u00fck kullan\u0131m ve \u00f6zel g\u00fcnler i\u00e7in G\u00fcney Asya miras\u0131ndan esinlenilmi\u015ftir.","breadcrumb":{"@id":"https:\/\/www.purejewels.com\/product\/24-carat-gold-single-bangle-daily-wear-47571\/#breadcrumb"},"inLanguage":"tr","potentialAction":[{"@type":"ReadAction","target":["https:\/\/www.purejewels.com\/product\/24-carat-gold-single-bangle-daily-wear-47571\/"]}]},{"@type":"ImageObject","inLanguage":"tr","@id":"https:\/\/www.purejewels.com\/product\/24-carat-gold-single-bangle-daily-wear-47571\/#primaryimage","url":"https:\/\/static.purejewels.com\/wp-content\/uploads\/2024\/02\/34742-4.jpg","contentUrl":"https:\/\/static.purejewels.com\/wp-content\/uploads\/2024\/02\/34742-4.jpg","width":1000,"height":1000},{"@type":"BreadcrumbList","@id":"https:\/\/www.purejewels.com\/product\/24-carat-gold-single-bangle-daily-wear-47571\/#breadcrumb","itemListElement":[{"@type":"ListItem","position":1,"name":"Home","item":"https:\/\/www.purejewels.com\/"},{"@type":"ListItem","position":2,"name":"Shop","item":"https:\/\/www.purejewels.com\/shop\/"},{"@type":"ListItem","position":3,"name":"24 Carat Gold Daily Wear Bangle"}]},{"@type":"WebSite","@id":"https:\/\/www.purejewels.com\/#website","url":"https:\/\/www.purejewels.com\/","name":"PureJewels \u0130ngiltere","description":"Sevgiyi Payla\u015f\u0131n","publisher":{"@id":"https:\/\/www.purejewels.com\/#organization"},"potentialAction":[{"@type":"SearchAction","target":{"@type":"EntryPoint","urlTemplate":"https:\/\/www.purejewels.com\/?s={search_term_string}"},"query-input":{"@type":"PropertyValueSpecification","valueRequired":true,"valueName":"search_term_string"}}],"inLanguage":"tr"},{"@type":"Organization","@id":"https:\/\/www.purejewels.com\/#organization","name":"PureJewels \u0130ngiltere","url":"https:\/\/www.purejewels.com\/","logo":{"@type":"ImageObject","inLanguage":"tr","@id":"https:\/\/www.purejewels.com\/#\/schema\/logo\/image\/","url":"https:\/\/static.purejewels.com\/wp-content\/uploads\/2020\/11\/Logo-PJ-New-1.png","contentUrl":"https:\/\/static.purejewels.com\/wp-content\/uploads\/2020\/11\/Logo-PJ-New-1.png","width":150,"height":80,"caption":"PureJewels UK"},"image":{"@id":"https:\/\/www.purejewels.com\/#\/schema\/logo\/image\/"}}]}},"_links":{"self":[{"href":"https:\/\/www.purejewels.com\/tr\/wp-json\/wp\/v2\/product\/357446","targetHints":{"allow":["GET"]}}],"collection":[{"href":"https:\/\/www.purejewels.com\/tr\/wp-json\/wp\/v2\/product"}],"about":[{"href":"https:\/\/www.purejewels.com\/tr\/wp-json\/wp\/v2\/types\/product"}],"replies":[{"embeddable":true,"href":"https:\/\/www.purejewels.com\/tr\/wp-json\/wp\/v2\/comments?post=357446"}],"version-history":[{"count":6,"href":"https:\/\/www.purejewels.com\/tr\/wp-json\/wp\/v2\/product\/357446\/revisions"}],"predecessor-version":[{"id":428208,"href":"https:\/\/www.purejewels.com\/tr\/wp-json\/wp\/v2\/product\/357446\/revisions\/428208"}],"wp:featuredmedia":[{"embeddable":true,"href":"https:\/\/www.purejewels.com\/tr\/wp-json\/wp\/v2\/media\/422469"}],"wp:attachment":[{"href":"https:\/\/www.purejewels.com\/tr\/wp-json\/wp\/v2\/media?parent=357446"}],"wp:term":[{"taxonomy":"product_brand","embeddable":true,"href":"https:\/\/www.purejewels.com\/tr\/wp-json\/wp\/v2\/product_brand?post=357446"},{"taxonomy":"product_cat","embeddable":true,"href":"https:\/\/www.purejewels.com\/tr\/wp-json\/wp\/v2\/product_cat?post=357446"},{"taxonomy":"product_tag","embeddable":true,"href":"https:\/\/www.purejewels.com\/tr\/wp-json\/wp\/v2\/product_tag?post=357446"}],"curies":[{"name":"wp","href":"https:\/\/api.w.org\/{rel}","templated":true}]}}