{"id":357486,"date":"2024-01-14T11:39:58","date_gmt":"2024-01-14T11:39:58","guid":{"rendered":"https:\/\/www.purejewels.com\/?post_type=product&#038;p=357486"},"modified":"2026-01-06T12:22:49","modified_gmt":"2026-01-06T12:22:49","slug":"22-ayar-altin-antika-kolye-rozetleri-koleksiyonu-47631","status":"publish","type":"product","link":"https:\/\/www.purejewels.com\/tr\/product\/22ct-gold-antique-pendant-rosettes-collection-47631\/","title":{"rendered":"22 Ayar G\u00fcndo\u011fumu Alt\u0131n Antik Kolye | Rozet Koleksiyonu"},"content":{"rendered":"<p>SKU: 47631<br \/>\n<b>Menzil kimli\u011fi:<\/b> JWPNPSRS003<\/p>","protected":false},"excerpt":{"rendered":"<div class=\"woocommerce-product-details__short-description\">\n<table class=\"sh_desc\" style=\"width: 100%;height: 308px\">\n<tbody>\n<tr style=\"height: 28px\">\n<td style=\"height: 28px\">Kolye Tipi<\/td>\n<td style=\"height: 28px\">S\u00fcsl\u00fc Kolye<\/td>\n<\/tr>\n<tr style=\"height: 28px\">\n<td style=\"height: 28px\">SKU<\/td>\n<td style=\"height: 28px\">47631<\/td>\n<\/tr>\n<tr style=\"height: 28px\">\n<td style=\"height: 28px\">A\u011f\u0131rl\u0131k<\/td>\n<td style=\"height: 28px\">4 Gms<\/td>\n<\/tr>\n<tr style=\"height: 28px\">\n<td style=\"height: 28px\">Metal<\/td>\n<td style=\"height: 28px\">22 Ayar Alt\u0131n<\/td>\n<\/tr>\n<tr style=\"height: 28px\">\n<td style=\"height: 28px\">Biti\u015f<\/td>\n<td style=\"height: 28px\">Antik Mat<\/td>\n<\/tr>\n<tr style=\"height: 28px\">\n<td style=\"height: 28px\">\u00dccretler<\/td>\n<td style=\"height: 28px\">Teslimat ve KDV Dahil<\/td>\n<\/tr>\n<tr style=\"height: 28px\">\n<td style=\"height: 28px\">Paketleme<\/td>\n<td style=\"height: 28px\">Sunum Kutusu ile Birlikte Gelir<\/td>\n<\/tr>\n<tr style=\"height: 112px\">\n<td style=\"height: 112px\">Daha Fazla Bilgi<\/td>\n<td style=\"height: 112px\">\n<ul>\n<li>Zincir dahil de\u011fildir<\/li>\n<li>Resimde g\u00f6sterilen Zincir bir <strong>kutu Zincir<\/strong><\/li>\n<li>M\u00fcsaitlik durumu ve daha fazla resim i\u00e7in bizimle canl\u0131 sohbet edin<\/li>\n<\/ul>\n<\/td>\n<\/tr>\n<\/tbody>\n<\/table>\n<\/div>\n<div class=\"btn-atc atc-slide\"><\/div>\n<div class=\"product_meta\"><\/div>","protected":false},"featured_media":342738,"comment_status":"closed","ping_status":"closed","template":"","meta":{"_eb_attr":"","_crsspst_to_jayantr4sg-hostcom":false},"product_brand":[],"product_cat":[236,1770,1792,1790,1255,1767,5585,1656,1574],"product_tag":[],"class_list":{"0":"post-357486","1":"product","2":"type-product","3":"status-publish","4":"has-post-thumbnail","6":"product_cat-collections","7":"product_cat-fancy-pendants","8":"product_cat-festival-gifts","9":"product_cat-for-whom-when","10":"product_cat-gold-pendants","11":"product_cat-ladies-pendants","12":"product_cat-rosette-pendant","13":"product_cat-rosettes-collections","14":"product_cat-womens-jewellery","16":"first","17":"onbackorder","18":"taxable","19":"shipping-taxable","20":"product-type-simple","21":"add-to-wishlist-before_image"},"yoast_head":"<!-- This site is optimized with the Yoast SEO plugin v27.6 - https:\/\/yoast.com\/product\/yoast-seo-wordpress\/ -->\n<title>22ct Sunrise Gold Fancy Ladies Pendant | PureJewels UK<\/title>\n<meta name=\"description\" content=\"Immerse yourself in the radiant beauty of our 22ct Sunrise Gold Fancy Ladies Pendant. Order yours online today and experience the timeless elegance of gold.\" \/>\n<meta name=\"robots\" content=\"index, follow, max-snippet:-1, max-image-preview:large, max-video-preview:-1\" \/>\n<link rel=\"canonical\" href=\"https:\/\/www.purejewels.com\/tr\/urun\/22-ayar-altin-antika-kolye-rozetleri-koleksiyonu-47631\/\" \/>\n<meta property=\"og:locale\" content=\"tr_TR\" \/>\n<meta property=\"og:type\" content=\"article\" \/>\n<meta property=\"og:title\" content=\"22ct Sunrise Gold Fancy Ladies Pendant | PureJewels UK\" \/>\n<meta property=\"og:description\" content=\"Immerse yourself in the radiant beauty of our 22ct Sunrise Gold Fancy Ladies Pendant. Order yours online today and experience the timeless elegance of gold.\" \/>\n<meta property=\"og:url\" content=\"https:\/\/www.purejewels.com\/tr\/urun\/22-ayar-altin-antika-kolye-rozetleri-koleksiyonu-47631\/\" \/>\n<meta property=\"og:site_name\" content=\"PureJewels UK\" \/>\n<meta property=\"article:modified_time\" content=\"2026-01-06T12:22:49+00:00\" \/>\n<meta property=\"og:image\" content=\"https:\/\/static.purejewels.com\/wp-content\/uploads\/2023\/01\/42119-2.jpg\" \/>\n\t<meta property=\"og:image:width\" content=\"1000\" \/>\n\t<meta property=\"og:image:height\" content=\"1000\" \/>\n\t<meta property=\"og:image:type\" content=\"image\/jpeg\" \/>\n<meta name=\"twitter:card\" content=\"summary_large_image\" \/>\n<meta name=\"twitter:label1\" content=\"Tahmini okuma s\u00fcresi\" \/>\n\t<meta name=\"twitter:data1\" content=\"1 dakika\" \/>\n<script type=\"application\/ld+json\" class=\"yoast-schema-graph\">{\"@context\":\"https:\\\/\\\/schema.org\",\"@graph\":[{\"@type\":[\"WebPage\",\"ItemPage\"],\"@id\":\"https:\\\/\\\/www.purejewels.com\\\/product\\\/22ct-gold-antique-pendant-rosettes-collection-47631\\\/\",\"url\":\"https:\\\/\\\/www.purejewels.com\\\/product\\\/22ct-gold-antique-pendant-rosettes-collection-47631\\\/\",\"name\":\"22ct Sunrise Gold Fancy Ladies Pendant | PureJewels UK\",\"isPartOf\":{\"@id\":\"https:\\\/\\\/www.purejewels.com\\\/#website\"},\"primaryImageOfPage\":{\"@id\":\"https:\\\/\\\/www.purejewels.com\\\/product\\\/22ct-gold-antique-pendant-rosettes-collection-47631\\\/#primaryimage\"},\"image\":{\"@id\":\"https:\\\/\\\/www.purejewels.com\\\/product\\\/22ct-gold-antique-pendant-rosettes-collection-47631\\\/#primaryimage\"},\"thumbnailUrl\":\"https:\\\/\\\/static.purejewels.com\\\/wp-content\\\/uploads\\\/2023\\\/01\\\/42119-2.jpg\",\"datePublished\":\"2024-01-14T11:39:58+00:00\",\"dateModified\":\"2026-01-06T12:22:49+00:00\",\"description\":\"Immerse yourself in the radiant beauty of our 22ct Sunrise Gold Fancy Ladies Pendant. Order yours online today and experience the timeless elegance of gold.\",\"breadcrumb\":{\"@id\":\"https:\\\/\\\/www.purejewels.com\\\/product\\\/22ct-gold-antique-pendant-rosettes-collection-47631\\\/#breadcrumb\"},\"inLanguage\":\"tr\",\"potentialAction\":[{\"@type\":\"ReadAction\",\"target\":[\"https:\\\/\\\/www.purejewels.com\\\/product\\\/22ct-gold-antique-pendant-rosettes-collection-47631\\\/\"]}]},{\"@type\":\"ImageObject\",\"inLanguage\":\"tr\",\"@id\":\"https:\\\/\\\/www.purejewels.com\\\/product\\\/22ct-gold-antique-pendant-rosettes-collection-47631\\\/#primaryimage\",\"url\":\"https:\\\/\\\/static.purejewels.com\\\/wp-content\\\/uploads\\\/2023\\\/01\\\/42119-2.jpg\",\"contentUrl\":\"https:\\\/\\\/static.purejewels.com\\\/wp-content\\\/uploads\\\/2023\\\/01\\\/42119-2.jpg\",\"width\":1000,\"height\":1000,\"caption\":\"22ct Gold Antique Pendant | Rosettes Collection\"},{\"@type\":\"BreadcrumbList\",\"@id\":\"https:\\\/\\\/www.purejewels.com\\\/product\\\/22ct-gold-antique-pendant-rosettes-collection-47631\\\/#breadcrumb\",\"itemListElement\":[{\"@type\":\"ListItem\",\"position\":1,\"name\":\"Home\",\"item\":\"https:\\\/\\\/www.purejewels.com\\\/\"},{\"@type\":\"ListItem\",\"position\":2,\"name\":\"Shop\",\"item\":\"https:\\\/\\\/www.purejewels.com\\\/shop\\\/\"},{\"@type\":\"ListItem\",\"position\":3,\"name\":\"22ct Sunrise Gold Antique Pendant | Rosettes Collection\"}]},{\"@type\":\"WebSite\",\"@id\":\"https:\\\/\\\/www.purejewels.com\\\/#website\",\"url\":\"https:\\\/\\\/www.purejewels.com\\\/\",\"name\":\"PureJewels UK\",\"description\":\"Share the Love\",\"publisher\":{\"@id\":\"https:\\\/\\\/www.purejewels.com\\\/#organization\"},\"potentialAction\":[{\"@type\":\"SearchAction\",\"target\":{\"@type\":\"EntryPoint\",\"urlTemplate\":\"https:\\\/\\\/www.purejewels.com\\\/?s={search_term_string}\"},\"query-input\":{\"@type\":\"PropertyValueSpecification\",\"valueRequired\":true,\"valueName\":\"search_term_string\"}}],\"inLanguage\":\"tr\"},{\"@type\":\"Organization\",\"@id\":\"https:\\\/\\\/www.purejewels.com\\\/#organization\",\"name\":\"PureJewels UK\",\"url\":\"https:\\\/\\\/www.purejewels.com\\\/\",\"logo\":{\"@type\":\"ImageObject\",\"inLanguage\":\"tr\",\"@id\":\"https:\\\/\\\/www.purejewels.com\\\/#\\\/schema\\\/logo\\\/image\\\/\",\"url\":\"https:\\\/\\\/static.purejewels.com\\\/wp-content\\\/uploads\\\/2020\\\/11\\\/Logo-PJ-New-1.png\",\"contentUrl\":\"https:\\\/\\\/static.purejewels.com\\\/wp-content\\\/uploads\\\/2020\\\/11\\\/Logo-PJ-New-1.png\",\"width\":150,\"height\":80,\"caption\":\"PureJewels UK\"},\"image\":{\"@id\":\"https:\\\/\\\/www.purejewels.com\\\/#\\\/schema\\\/logo\\\/image\\\/\"}}]}<\/script>\n<!-- \/ Yoast SEO plugin. -->","yoast_head_json":{"title":"22 Ayar G\u00fcndo\u011fumu Alt\u0131n Fantezi Bayan Kolye | PureJewels UK","description":"Kendinizi 22 Ayar G\u00fcn Do\u011fumu Alt\u0131n Fantezi Bayan Kolyemizin \u0131\u015f\u0131lt\u0131l\u0131 g\u00fczelli\u011fine b\u0131rak\u0131n. Siz de bug\u00fcn online sipari\u015f verin ve alt\u0131n\u0131n zamans\u0131z zarafetini deneyimleyin.","robots":{"index":"index","follow":"follow","max-snippet":"max-snippet:-1","max-image-preview":"max-image-preview:large","max-video-preview":"max-video-preview:-1"},"canonical":"https:\/\/www.purejewels.com\/tr\/urun\/22-ayar-altin-antika-kolye-rozetleri-koleksiyonu-47631\/","og_locale":"tr_TR","og_type":"article","og_title":"22ct Sunrise Gold Fancy Ladies Pendant | PureJewels UK","og_description":"Immerse yourself in the radiant beauty of our 22ct Sunrise Gold Fancy Ladies Pendant. Order yours online today and experience the timeless elegance of gold.","og_url":"https:\/\/www.purejewels.com\/tr\/urun\/22-ayar-altin-antika-kolye-rozetleri-koleksiyonu-47631\/","og_site_name":"PureJewels UK","article_modified_time":"2026-01-06T12:22:49+00:00","og_image":[{"width":1000,"height":1000,"url":"https:\/\/static.purejewels.com\/wp-content\/uploads\/2023\/01\/42119-2.jpg","type":"image\/jpeg"}],"twitter_card":"summary_large_image","twitter_misc":{"Tahmini okuma s\u00fcresi":"1 dakika"},"schema":{"@context":"https:\/\/schema.org","@graph":[{"@type":["WebPage","ItemPage"],"@id":"https:\/\/www.purejewels.com\/product\/22ct-gold-antique-pendant-rosettes-collection-47631\/","url":"https:\/\/www.purejewels.com\/product\/22ct-gold-antique-pendant-rosettes-collection-47631\/","name":"22 Ayar G\u00fcndo\u011fumu Alt\u0131n Fantezi Bayan Kolye | PureJewels UK","isPartOf":{"@id":"https:\/\/www.purejewels.com\/#website"},"primaryImageOfPage":{"@id":"https:\/\/www.purejewels.com\/product\/22ct-gold-antique-pendant-rosettes-collection-47631\/#primaryimage"},"image":{"@id":"https:\/\/www.purejewels.com\/product\/22ct-gold-antique-pendant-rosettes-collection-47631\/#primaryimage"},"thumbnailUrl":"https:\/\/static.purejewels.com\/wp-content\/uploads\/2023\/01\/42119-2.jpg","datePublished":"2024-01-14T11:39:58+00:00","dateModified":"2026-01-06T12:22:49+00:00","description":"Kendinizi 22 Ayar G\u00fcn Do\u011fumu Alt\u0131n Fantezi Bayan Kolyemizin \u0131\u015f\u0131lt\u0131l\u0131 g\u00fczelli\u011fine b\u0131rak\u0131n. Siz de bug\u00fcn online sipari\u015f verin ve alt\u0131n\u0131n zamans\u0131z zarafetini deneyimleyin.","breadcrumb":{"@id":"https:\/\/www.purejewels.com\/product\/22ct-gold-antique-pendant-rosettes-collection-47631\/#breadcrumb"},"inLanguage":"tr","potentialAction":[{"@type":"ReadAction","target":["https:\/\/www.purejewels.com\/product\/22ct-gold-antique-pendant-rosettes-collection-47631\/"]}]},{"@type":"ImageObject","inLanguage":"tr","@id":"https:\/\/www.purejewels.com\/product\/22ct-gold-antique-pendant-rosettes-collection-47631\/#primaryimage","url":"https:\/\/static.purejewels.com\/wp-content\/uploads\/2023\/01\/42119-2.jpg","contentUrl":"https:\/\/static.purejewels.com\/wp-content\/uploads\/2023\/01\/42119-2.jpg","width":1000,"height":1000,"caption":"22ct Gold Antique Pendant | Rosettes Collection"},{"@type":"BreadcrumbList","@id":"https:\/\/www.purejewels.com\/product\/22ct-gold-antique-pendant-rosettes-collection-47631\/#breadcrumb","itemListElement":[{"@type":"ListItem","position":1,"name":"Home","item":"https:\/\/www.purejewels.com\/"},{"@type":"ListItem","position":2,"name":"Shop","item":"https:\/\/www.purejewels.com\/shop\/"},{"@type":"ListItem","position":3,"name":"22ct Sunrise Gold Antique Pendant | Rosettes Collection"}]},{"@type":"WebSite","@id":"https:\/\/www.purejewels.com\/#website","url":"https:\/\/www.purejewels.com\/","name":"PureJewels \u0130ngiltere","description":"Sevgiyi Payla\u015f\u0131n","publisher":{"@id":"https:\/\/www.purejewels.com\/#organization"},"potentialAction":[{"@type":"SearchAction","target":{"@type":"EntryPoint","urlTemplate":"https:\/\/www.purejewels.com\/?s={search_term_string}"},"query-input":{"@type":"PropertyValueSpecification","valueRequired":true,"valueName":"search_term_string"}}],"inLanguage":"tr"},{"@type":"Organization","@id":"https:\/\/www.purejewels.com\/#organization","name":"PureJewels \u0130ngiltere","url":"https:\/\/www.purejewels.com\/","logo":{"@type":"ImageObject","inLanguage":"tr","@id":"https:\/\/www.purejewels.com\/#\/schema\/logo\/image\/","url":"https:\/\/static.purejewels.com\/wp-content\/uploads\/2020\/11\/Logo-PJ-New-1.png","contentUrl":"https:\/\/static.purejewels.com\/wp-content\/uploads\/2020\/11\/Logo-PJ-New-1.png","width":150,"height":80,"caption":"PureJewels UK"},"image":{"@id":"https:\/\/www.purejewels.com\/#\/schema\/logo\/image\/"}}]}},"_links":{"self":[{"href":"https:\/\/www.purejewels.com\/tr\/wp-json\/wp\/v2\/product\/357486","targetHints":{"allow":["GET"]}}],"collection":[{"href":"https:\/\/www.purejewels.com\/tr\/wp-json\/wp\/v2\/product"}],"about":[{"href":"https:\/\/www.purejewels.com\/tr\/wp-json\/wp\/v2\/types\/product"}],"replies":[{"embeddable":true,"href":"https:\/\/www.purejewels.com\/tr\/wp-json\/wp\/v2\/comments?post=357486"}],"version-history":[{"count":1,"href":"https:\/\/www.purejewels.com\/tr\/wp-json\/wp\/v2\/product\/357486\/revisions"}],"predecessor-version":[{"id":388028,"href":"https:\/\/www.purejewels.com\/tr\/wp-json\/wp\/v2\/product\/357486\/revisions\/388028"}],"wp:featuredmedia":[{"embeddable":true,"href":"https:\/\/www.purejewels.com\/tr\/wp-json\/wp\/v2\/media\/342738"}],"wp:attachment":[{"href":"https:\/\/www.purejewels.com\/tr\/wp-json\/wp\/v2\/media?parent=357486"}],"wp:term":[{"taxonomy":"product_brand","embeddable":true,"href":"https:\/\/www.purejewels.com\/tr\/wp-json\/wp\/v2\/product_brand?post=357486"},{"taxonomy":"product_cat","embeddable":true,"href":"https:\/\/www.purejewels.com\/tr\/wp-json\/wp\/v2\/product_cat?post=357486"},{"taxonomy":"product_tag","embeddable":true,"href":"https:\/\/www.purejewels.com\/tr\/wp-json\/wp\/v2\/product_tag?post=357486"}],"curies":[{"name":"wp","href":"https:\/\/api.w.org\/{rel}","templated":true}]}}