{"id":357721,"date":"2023-02-20T10:56:47","date_gmt":"2023-02-20T10:56:47","guid":{"rendered":"https:\/\/www.purejewels.com\/?post_type=product&#038;p=357721"},"modified":"2024-02-26T06:12:17","modified_gmt":"2024-02-26T06:12:17","slug":"18-ayar-beyaz-altin-002-ayar-vidali-pirlanta-saplama-burun-ignesi-47123","status":"publish","type":"product","link":"https:\/\/www.purejewels.com\/tr\/product\/18ct-white-gold-0-02ct-diamond-stud-nosepin-with-screw-47123\/","title":{"rendered":"18 Ayar Beyaz Alt\u0131n 0,02 Ayar Vidal\u0131 P\u0131rlanta Saplama Burunluk"},"content":{"rendered":"<ul>\n<li><a href=\"https:\/\/www.purejewels.com\/tr\/product\/18ct-white-gold-diamond-ring-for-ladies-8775\/\">18 Ayar Beyaz Alt\u0131n<\/a> <a href=\"https:\/\/www.purejewels.com\/tr\/product\/18ct-white-gold-diamond-nose-stud-uk-34153\/\">Elmas Burun \u00c7\u0131t\u00e7\u0131t<\/a> BIRLE\u015eIK KRALLIK<\/li>\n<li><a href=\"https:\/\/www.purejewels.com\/tr\/product\/18ct-white-gold-khanda-sikh-religious-pendant-6226\/\">18ct<\/a> G\u00fcnl\u00fck Kullan\u0131ma Uygun Burun Tak\u0131lar\u0131<\/li>\n<li>d\u00f6rt Prong ayar\u0131nda Yuvarlak Parlak kesim P\u0131rlanta setli<\/li>\n<li>T\u00fcm Elmaslar\u0131m\u0131z SGL Sertifikas\u0131 ile birlikte gelir<\/li>\n<li>Ekstra Uzun bir<\/li>\n<\/ul>","protected":false},"excerpt":{"rendered":"<table class=\"sh_desc\" style=\"width: 100%; height: 348px;\">\n<tbody>\n<tr>\n<td>Burun Pimi Tipi<\/td>\n<td>Elmas Nosepin<\/td>\n<\/tr>\n<tr>\n<td>SKU<\/td>\n<td>47123<\/td>\n<\/tr>\n<tr>\n<td>Boyut<\/td>\n<td>\n<ul>\n<li>P\u0131rlanta a\u011f\u0131rl\u0131\u011f\u0131 0.02ct<\/li>\n<li>P\u0131rlanta Rengi. E\/F<\/li>\n<li>P\u0131rlanta Berrakl\u0131\u011f\u0131. VVS (\u00c7ok \u00c7ok K\u00fc\u00e7\u00fck Kapan\u0131mlar)<\/li>\n<li>Elmas \u00c7ap\u0131: 2,65 mm<\/li>\n<li><strong>Elmas K\u0131lavuzu (4C'ler)<\/strong><\/li>\n<\/ul>\n<\/td>\n<\/tr>\n<tr>\n<td>Metal<\/td>\n<td>18 Ayar Beyaz Alt\u0131n<\/td>\n<\/tr>\n<tr>\n<td>\u00dccretler<\/td>\n<td>Teslimat ve KDV Dahil<\/td>\n<\/tr>\n<tr>\n<td>Paketleme<\/td>\n<td>Sunum Kutusu ile Birlikte Gelir<\/td>\n<\/tr>\n<tr>\n<td>Daha Fazla Bilgi<\/td>\n<td>M\u00fcsaitlik durumu ve daha fazla resim i\u00e7in bizimle canl\u0131 sohbet edin<\/td>\n<\/tr>\n<\/tbody>\n<\/table>","protected":false},"featured_media":357722,"comment_status":"closed","ping_status":"closed","template":"","meta":{"_eb_attr":"","_crsspst_to_jayantr4sg-hostcom":false},"product_brand":[],"product_cat":[1530,1463,5348],"product_tag":[],"class_list":{"0":"post-357721","1":"product","2":"type-product","3":"status-publish","4":"has-post-thumbnail","6":"product_cat-diamond-nose-pin","7":"product_cat-gold-nose-pins","8":"product_cat-white-gold-jewellery","10":"first","11":"outofstock","12":"taxable","13":"shipping-taxable","14":"product-type-simple","15":"add-to-wishlist-before_image"},"yoast_head":"<!-- This site is optimized with the Yoast SEO plugin v27.3 - https:\/\/yoast.com\/product\/yoast-seo-wordpress\/ -->\n<title>Shop Diamond Nosepin with Screw at PureJewels<\/title>\n<meta name=\"description\" content=\"Choose from a range of styles, from subtle and minimalist to intricate and ornate, to find the perfect diamond nose pin that reflects your unique personality.\" \/>\n<meta name=\"robots\" content=\"index, follow, max-snippet:-1, max-image-preview:large, max-video-preview:-1\" \/>\n<link rel=\"canonical\" href=\"https:\/\/www.purejewels.com\/tr\/urun\/18-ayar-beyaz-altin-002-ayar-vidali-pirlanta-saplama-burun-ignesi-47123\/\" \/>\n<meta property=\"og:locale\" content=\"tr_TR\" \/>\n<meta property=\"og:type\" content=\"article\" \/>\n<meta property=\"og:title\" content=\"Shop Diamond Nosepin with Screw at PureJewels\" \/>\n<meta property=\"og:description\" content=\"Choose from a range of styles, from subtle and minimalist to intricate and ornate, to find the perfect diamond nose pin that reflects your unique personality.\" \/>\n<meta property=\"og:url\" content=\"https:\/\/www.purejewels.com\/tr\/urun\/18-ayar-beyaz-altin-002-ayar-vidali-pirlanta-saplama-burun-ignesi-47123\/\" \/>\n<meta property=\"og:site_name\" content=\"PureJewels UK\" \/>\n<meta property=\"article:modified_time\" content=\"2024-02-26T06:12:17+00:00\" \/>\n<meta property=\"og:image\" content=\"https:\/\/www.purejewels.com\/wp-content\/uploads\/2024\/02\/0.2ctwhite-1.jpg\" \/>\n\t<meta property=\"og:image:width\" content=\"1000\" \/>\n\t<meta property=\"og:image:height\" content=\"1000\" \/>\n\t<meta property=\"og:image:type\" content=\"image\/jpeg\" \/>\n<meta name=\"twitter:card\" content=\"summary_large_image\" \/>\n<script type=\"application\/ld+json\" class=\"yoast-schema-graph\">{\"@context\":\"https:\\\/\\\/schema.org\",\"@graph\":[{\"@type\":[\"WebPage\",\"ItemPage\"],\"@id\":\"https:\\\/\\\/www.purejewels.com\\\/product\\\/18ct-white-gold-0-02ct-diamond-stud-nosepin-with-screw-47123\\\/\",\"url\":\"https:\\\/\\\/www.purejewels.com\\\/product\\\/18ct-white-gold-0-02ct-diamond-stud-nosepin-with-screw-47123\\\/\",\"name\":\"Shop Diamond Nosepin with Screw at PureJewels\",\"isPartOf\":{\"@id\":\"https:\\\/\\\/www.purejewels.com\\\/#website\"},\"primaryImageOfPage\":{\"@id\":\"https:\\\/\\\/www.purejewels.com\\\/product\\\/18ct-white-gold-0-02ct-diamond-stud-nosepin-with-screw-47123\\\/#primaryimage\"},\"image\":{\"@id\":\"https:\\\/\\\/www.purejewels.com\\\/product\\\/18ct-white-gold-0-02ct-diamond-stud-nosepin-with-screw-47123\\\/#primaryimage\"},\"thumbnailUrl\":\"https:\\\/\\\/static.purejewels.com\\\/wp-content\\\/uploads\\\/2024\\\/02\\\/0.2ctwhite-1.jpg\",\"datePublished\":\"2023-02-20T10:56:47+00:00\",\"dateModified\":\"2024-02-26T06:12:17+00:00\",\"description\":\"Choose from a range of styles, from subtle and minimalist to intricate and ornate, to find the perfect diamond nose pin that reflects your unique personality.\",\"breadcrumb\":{\"@id\":\"https:\\\/\\\/www.purejewels.com\\\/product\\\/18ct-white-gold-0-02ct-diamond-stud-nosepin-with-screw-47123\\\/#breadcrumb\"},\"inLanguage\":\"tr\",\"potentialAction\":[{\"@type\":\"ReadAction\",\"target\":[\"https:\\\/\\\/www.purejewels.com\\\/product\\\/18ct-white-gold-0-02ct-diamond-stud-nosepin-with-screw-47123\\\/\"]}]},{\"@type\":\"ImageObject\",\"inLanguage\":\"tr\",\"@id\":\"https:\\\/\\\/www.purejewels.com\\\/product\\\/18ct-white-gold-0-02ct-diamond-stud-nosepin-with-screw-47123\\\/#primaryimage\",\"url\":\"https:\\\/\\\/static.purejewels.com\\\/wp-content\\\/uploads\\\/2024\\\/02\\\/0.2ctwhite-1.jpg\",\"contentUrl\":\"https:\\\/\\\/static.purejewels.com\\\/wp-content\\\/uploads\\\/2024\\\/02\\\/0.2ctwhite-1.jpg\",\"width\":1000,\"height\":1000,\"caption\":\"18ct White Gold 0.02ct Diamond Stud Nosepin with Screw\"},{\"@type\":\"BreadcrumbList\",\"@id\":\"https:\\\/\\\/www.purejewels.com\\\/product\\\/18ct-white-gold-0-02ct-diamond-stud-nosepin-with-screw-47123\\\/#breadcrumb\",\"itemListElement\":[{\"@type\":\"ListItem\",\"position\":1,\"name\":\"Home\",\"item\":\"https:\\\/\\\/www.purejewels.com\\\/\"},{\"@type\":\"ListItem\",\"position\":2,\"name\":\"Shop\",\"item\":\"https:\\\/\\\/www.purejewels.com\\\/shop\\\/\"},{\"@type\":\"ListItem\",\"position\":3,\"name\":\"18ct White Gold 0.02ct Diamond Stud Nosepin with Screw\"}]},{\"@type\":\"WebSite\",\"@id\":\"https:\\\/\\\/www.purejewels.com\\\/#website\",\"url\":\"https:\\\/\\\/www.purejewels.com\\\/\",\"name\":\"PureJewels UK\",\"description\":\"Share the Love\",\"publisher\":{\"@id\":\"https:\\\/\\\/www.purejewels.com\\\/#organization\"},\"potentialAction\":[{\"@type\":\"SearchAction\",\"target\":{\"@type\":\"EntryPoint\",\"urlTemplate\":\"https:\\\/\\\/www.purejewels.com\\\/?s={search_term_string}\"},\"query-input\":{\"@type\":\"PropertyValueSpecification\",\"valueRequired\":true,\"valueName\":\"search_term_string\"}}],\"inLanguage\":\"tr\"},{\"@type\":\"Organization\",\"@id\":\"https:\\\/\\\/www.purejewels.com\\\/#organization\",\"name\":\"PureJewels UK\",\"url\":\"https:\\\/\\\/www.purejewels.com\\\/\",\"logo\":{\"@type\":\"ImageObject\",\"inLanguage\":\"tr\",\"@id\":\"https:\\\/\\\/www.purejewels.com\\\/#\\\/schema\\\/logo\\\/image\\\/\",\"url\":\"https:\\\/\\\/static.purejewels.com\\\/wp-content\\\/uploads\\\/2020\\\/11\\\/Logo-PJ-New-1.png\",\"contentUrl\":\"https:\\\/\\\/static.purejewels.com\\\/wp-content\\\/uploads\\\/2020\\\/11\\\/Logo-PJ-New-1.png\",\"width\":150,\"height\":80,\"caption\":\"PureJewels UK\"},\"image\":{\"@id\":\"https:\\\/\\\/www.purejewels.com\\\/#\\\/schema\\\/logo\\\/image\\\/\"}}]}<\/script>\n<!-- \/ Yoast SEO plugin. -->","yoast_head_json":{"title":"PureJewels'te Vidal\u0131 P\u0131rlanta Burunluk Al\u0131\u015fveri\u015fi Yap\u0131n","description":"E\u015fsiz ki\u015fili\u011finizi yans\u0131tan m\u00fckemmel elmas burun i\u011fnesini bulmak i\u00e7in ince ve minimalistten karma\u015f\u0131k ve s\u00fcsl\u00fc stillere kadar bir dizi stil aras\u0131ndan se\u00e7im yap\u0131n.","robots":{"index":"index","follow":"follow","max-snippet":"max-snippet:-1","max-image-preview":"max-image-preview:large","max-video-preview":"max-video-preview:-1"},"canonical":"https:\/\/www.purejewels.com\/tr\/urun\/18-ayar-beyaz-altin-002-ayar-vidali-pirlanta-saplama-burun-ignesi-47123\/","og_locale":"tr_TR","og_type":"article","og_title":"Shop Diamond Nosepin with Screw at PureJewels","og_description":"Choose from a range of styles, from subtle and minimalist to intricate and ornate, to find the perfect diamond nose pin that reflects your unique personality.","og_url":"https:\/\/www.purejewels.com\/tr\/urun\/18-ayar-beyaz-altin-002-ayar-vidali-pirlanta-saplama-burun-ignesi-47123\/","og_site_name":"PureJewels UK","article_modified_time":"2024-02-26T06:12:17+00:00","og_image":[{"width":1000,"height":1000,"url":"https:\/\/www.purejewels.com\/wp-content\/uploads\/2024\/02\/0.2ctwhite-1.jpg","type":"image\/jpeg"}],"twitter_card":"summary_large_image","schema":{"@context":"https:\/\/schema.org","@graph":[{"@type":["WebPage","ItemPage"],"@id":"https:\/\/www.purejewels.com\/product\/18ct-white-gold-0-02ct-diamond-stud-nosepin-with-screw-47123\/","url":"https:\/\/www.purejewels.com\/product\/18ct-white-gold-0-02ct-diamond-stud-nosepin-with-screw-47123\/","name":"PureJewels'te Vidal\u0131 P\u0131rlanta Burunluk Al\u0131\u015fveri\u015fi Yap\u0131n","isPartOf":{"@id":"https:\/\/www.purejewels.com\/#website"},"primaryImageOfPage":{"@id":"https:\/\/www.purejewels.com\/product\/18ct-white-gold-0-02ct-diamond-stud-nosepin-with-screw-47123\/#primaryimage"},"image":{"@id":"https:\/\/www.purejewels.com\/product\/18ct-white-gold-0-02ct-diamond-stud-nosepin-with-screw-47123\/#primaryimage"},"thumbnailUrl":"https:\/\/static.purejewels.com\/wp-content\/uploads\/2024\/02\/0.2ctwhite-1.jpg","datePublished":"2023-02-20T10:56:47+00:00","dateModified":"2024-02-26T06:12:17+00:00","description":"E\u015fsiz ki\u015fili\u011finizi yans\u0131tan m\u00fckemmel elmas burun i\u011fnesini bulmak i\u00e7in ince ve minimalistten karma\u015f\u0131k ve s\u00fcsl\u00fc stillere kadar bir dizi stil aras\u0131ndan se\u00e7im yap\u0131n.","breadcrumb":{"@id":"https:\/\/www.purejewels.com\/product\/18ct-white-gold-0-02ct-diamond-stud-nosepin-with-screw-47123\/#breadcrumb"},"inLanguage":"tr","potentialAction":[{"@type":"ReadAction","target":["https:\/\/www.purejewels.com\/product\/18ct-white-gold-0-02ct-diamond-stud-nosepin-with-screw-47123\/"]}]},{"@type":"ImageObject","inLanguage":"tr","@id":"https:\/\/www.purejewels.com\/product\/18ct-white-gold-0-02ct-diamond-stud-nosepin-with-screw-47123\/#primaryimage","url":"https:\/\/static.purejewels.com\/wp-content\/uploads\/2024\/02\/0.2ctwhite-1.jpg","contentUrl":"https:\/\/static.purejewels.com\/wp-content\/uploads\/2024\/02\/0.2ctwhite-1.jpg","width":1000,"height":1000,"caption":"18ct White Gold 0.02ct Diamond Stud Nosepin with Screw"},{"@type":"BreadcrumbList","@id":"https:\/\/www.purejewels.com\/product\/18ct-white-gold-0-02ct-diamond-stud-nosepin-with-screw-47123\/#breadcrumb","itemListElement":[{"@type":"ListItem","position":1,"name":"Home","item":"https:\/\/www.purejewels.com\/"},{"@type":"ListItem","position":2,"name":"Shop","item":"https:\/\/www.purejewels.com\/shop\/"},{"@type":"ListItem","position":3,"name":"18ct White Gold 0.02ct Diamond Stud Nosepin with Screw"}]},{"@type":"WebSite","@id":"https:\/\/www.purejewels.com\/#website","url":"https:\/\/www.purejewels.com\/","name":"PureJewels \u0130ngiltere","description":"Sevgiyi Payla\u015f\u0131n","publisher":{"@id":"https:\/\/www.purejewels.com\/#organization"},"potentialAction":[{"@type":"SearchAction","target":{"@type":"EntryPoint","urlTemplate":"https:\/\/www.purejewels.com\/?s={search_term_string}"},"query-input":{"@type":"PropertyValueSpecification","valueRequired":true,"valueName":"search_term_string"}}],"inLanguage":"tr"},{"@type":"Organization","@id":"https:\/\/www.purejewels.com\/#organization","name":"PureJewels \u0130ngiltere","url":"https:\/\/www.purejewels.com\/","logo":{"@type":"ImageObject","inLanguage":"tr","@id":"https:\/\/www.purejewels.com\/#\/schema\/logo\/image\/","url":"https:\/\/static.purejewels.com\/wp-content\/uploads\/2020\/11\/Logo-PJ-New-1.png","contentUrl":"https:\/\/static.purejewels.com\/wp-content\/uploads\/2020\/11\/Logo-PJ-New-1.png","width":150,"height":80,"caption":"PureJewels UK"},"image":{"@id":"https:\/\/www.purejewels.com\/#\/schema\/logo\/image\/"}}]}},"_links":{"self":[{"href":"https:\/\/www.purejewels.com\/tr\/wp-json\/wp\/v2\/product\/357721","targetHints":{"allow":["GET"]}}],"collection":[{"href":"https:\/\/www.purejewels.com\/tr\/wp-json\/wp\/v2\/product"}],"about":[{"href":"https:\/\/www.purejewels.com\/tr\/wp-json\/wp\/v2\/types\/product"}],"replies":[{"embeddable":true,"href":"https:\/\/www.purejewels.com\/tr\/wp-json\/wp\/v2\/comments?post=357721"}],"version-history":[{"count":0,"href":"https:\/\/www.purejewels.com\/tr\/wp-json\/wp\/v2\/product\/357721\/revisions"}],"wp:featuredmedia":[{"embeddable":true,"href":"https:\/\/www.purejewels.com\/tr\/wp-json\/wp\/v2\/media\/357722"}],"wp:attachment":[{"href":"https:\/\/www.purejewels.com\/tr\/wp-json\/wp\/v2\/media?parent=357721"}],"wp:term":[{"taxonomy":"product_brand","embeddable":true,"href":"https:\/\/www.purejewels.com\/tr\/wp-json\/wp\/v2\/product_brand?post=357721"},{"taxonomy":"product_cat","embeddable":true,"href":"https:\/\/www.purejewels.com\/tr\/wp-json\/wp\/v2\/product_cat?post=357721"},{"taxonomy":"product_tag","embeddable":true,"href":"https:\/\/www.purejewels.com\/tr\/wp-json\/wp\/v2\/product_tag?post=357721"}],"curies":[{"name":"wp","href":"https:\/\/api.w.org\/{rel}","templated":true}]}}