{"id":357945,"date":"2024-02-26T12:16:47","date_gmt":"2024-02-26T12:16:47","guid":{"rendered":"https:\/\/www.purejewels.com\/?post_type=product&#038;p=357945"},"modified":"2026-01-06T09:47:44","modified_gmt":"2026-01-06T09:47:44","slug":"22-ayar-altin-telkari-bileklik-75-inc-50783","status":"publish","type":"product","link":"https:\/\/www.purejewels.com\/tr\/product\/22ct-gold-filigree-bracelet-7-5-inches-50783\/","title":{"rendered":"22 Ayar Alt\u0131n Telkari Bileklik | 7,5 \u0130n\u00e7"},"content":{"rendered":"<p>Bile\u011finizi, 7,5 in\u00e7 \u00f6l\u00e7\u00fclerinde ve Londra Tahlil Ofisi taraf\u0131ndan safl\u0131k damgas\u0131 vurulmu\u015f bu zarif 22 Ayar Alt\u0131n Bayan Bilezi\u011fi ile s\u00fcsleyin. G\u00fcnl\u00fck \u015f\u0131kl\u0131k veya bayram g\u00fcnleri i\u00e7in ideal olan bu bilezik, 22 ayar alt\u0131n tak\u0131lar, geleneksel alt\u0131n bilezikler veya kad\u0131nlar i\u00e7in Hint alt\u0131n bileklikleri arayanlar i\u00e7in klasik bir se\u00e7imdir.<\/p>","protected":false},"excerpt":{"rendered":"<p>Zarif 22 ayar alt\u0131n bayan bilekli\u011fi, 7,5 in\u00e7 uzunlu\u011funda ve g\u00fczel el i\u015f\u00e7ili\u011fi.<br data-start=\"801\" data-end=\"804\" \/>Zamans\u0131z cazibesi ve sertifikal\u0131 safl\u0131\u011f\u0131 ile g\u00fcnl\u00fck kullan\u0131m veya hediye i\u00e7in m\u00fckemmeldir.<\/p>\n<p><strong>Malzeme:<\/strong>\u00a022 Ayar Alt\u0131n<strong><br \/>\nHallmark:\u00a0<\/strong>\u0130ngiliz Damgas\u0131<strong><br \/>\n<\/strong><strong>Br\u00fct A\u011f\u0131rl\u0131k:\u00a0<\/strong>11.70 Gms<br \/>\n<strong>Uzunluk: <\/strong>7,5 \u0130n\u00e7<strong><br \/>\nSKU: <\/strong>50783<\/p>\n<p><strong>Fiyat ve Teslimat<\/strong>:KDV ve teslimat \u00fccreti dahil<\/p>\n<p><a href=\"https:\/\/www.purejewels.com\/tr\/i%cc%87ade-poli%cc%87ti%cc%87kasi\/\">\u0130ade Politikas\u0131<\/a><\/p>","protected":false},"featured_media":401879,"comment_status":"closed","ping_status":"closed","template":"","meta":{"_eb_attr":"","_crsspst_to_jayantr4sg-hostcom":true},"product_brand":[],"product_cat":[1791,1559,1792,1324,1627,252,1570,1569,1574,5349],"product_tag":[],"class_list":{"0":"post-357945","1":"product","2":"type-product","3":"status-publish","4":"has-post-thumbnail","6":"product_cat-anniversary-gifts","7":"product_cat-birthday-gifts","8":"product_cat-festival-gifts","9":"product_cat-gold-bracelet","10":"product_cat-ladies-bracelet","11":"product_cat-jali-collections","12":"product_cat-mothers-day-gifts","13":"product_cat-valentine-day-gifts","14":"product_cat-womens-jewellery","15":"product_cat-yellow-gold-jewellery","17":"first","18":"outofstock","19":"taxable","20":"shipping-taxable","21":"product-type-simple","22":"add-to-wishlist-before_image"},"yoast_head":"<!-- This site is optimized with the Yoast SEO plugin v27.5 - https:\/\/yoast.com\/product\/yoast-seo-wordpress\/ -->\n<title>22ct Gold Filigree Bracelet in 6.5 Inches<\/title>\n<meta name=\"description\" content=\"Looking for a stunning 22ct gold bracelet for women? Check out our collection bracelets. Shop now free delivery across UK.\" \/>\n<meta name=\"robots\" content=\"index, follow, max-snippet:-1, max-image-preview:large, max-video-preview:-1\" \/>\n<link rel=\"canonical\" href=\"https:\/\/www.purejewels.com\/tr\/urun\/22-ayar-altin-telkari-bileklik-75-inc-50783\/\" \/>\n<meta property=\"og:locale\" content=\"tr_TR\" \/>\n<meta property=\"og:type\" content=\"article\" \/>\n<meta property=\"og:title\" content=\"22ct Gold Filigree Bracelet in 6.5 Inches\" \/>\n<meta property=\"og:description\" content=\"Looking for a stunning 22ct gold bracelet for women? Check out our collection bracelets. Shop now free delivery across UK.\" \/>\n<meta property=\"og:url\" content=\"https:\/\/www.purejewels.com\/tr\/urun\/22-ayar-altin-telkari-bileklik-75-inc-50783\/\" \/>\n<meta property=\"og:site_name\" content=\"PureJewels UK\" \/>\n<meta property=\"article:modified_time\" content=\"2026-01-06T09:47:44+00:00\" \/>\n<meta property=\"og:image\" content=\"https:\/\/www.purejewels.com\/wp-content\/uploads\/2024\/02\/SKU-50783.png\" \/>\n\t<meta property=\"og:image:width\" content=\"1000\" \/>\n\t<meta property=\"og:image:height\" content=\"1000\" \/>\n\t<meta property=\"og:image:type\" content=\"image\/png\" \/>\n<meta name=\"twitter:card\" content=\"summary_large_image\" \/>\n<meta name=\"twitter:label1\" content=\"Tahmini okuma s\u00fcresi\" \/>\n\t<meta name=\"twitter:data1\" content=\"1 dakika\" \/>\n<script type=\"application\/ld+json\" class=\"yoast-schema-graph\">{\"@context\":\"https:\\\/\\\/schema.org\",\"@graph\":[{\"@type\":[\"WebPage\",\"ItemPage\"],\"@id\":\"https:\\\/\\\/www.purejewels.com\\\/product\\\/22ct-gold-filigree-bracelet-7-5-inches-50783\\\/\",\"url\":\"https:\\\/\\\/www.purejewels.com\\\/product\\\/22ct-gold-filigree-bracelet-7-5-inches-50783\\\/\",\"name\":\"22ct Gold Filigree Bracelet in 6.5 Inches\",\"isPartOf\":{\"@id\":\"https:\\\/\\\/www.purejewels.com\\\/#website\"},\"primaryImageOfPage\":{\"@id\":\"https:\\\/\\\/www.purejewels.com\\\/product\\\/22ct-gold-filigree-bracelet-7-5-inches-50783\\\/#primaryimage\"},\"image\":{\"@id\":\"https:\\\/\\\/www.purejewels.com\\\/product\\\/22ct-gold-filigree-bracelet-7-5-inches-50783\\\/#primaryimage\"},\"thumbnailUrl\":\"https:\\\/\\\/static.purejewels.com\\\/wp-content\\\/uploads\\\/2024\\\/02\\\/SKU-50783.png\",\"datePublished\":\"2024-02-26T12:16:47+00:00\",\"dateModified\":\"2026-01-06T09:47:44+00:00\",\"description\":\"Looking for a stunning 22ct gold bracelet for women? Check out our collection bracelets. Shop now free delivery across UK.\",\"breadcrumb\":{\"@id\":\"https:\\\/\\\/www.purejewels.com\\\/product\\\/22ct-gold-filigree-bracelet-7-5-inches-50783\\\/#breadcrumb\"},\"inLanguage\":\"tr\",\"potentialAction\":[{\"@type\":\"ReadAction\",\"target\":[\"https:\\\/\\\/www.purejewels.com\\\/product\\\/22ct-gold-filigree-bracelet-7-5-inches-50783\\\/\"]}]},{\"@type\":\"ImageObject\",\"inLanguage\":\"tr\",\"@id\":\"https:\\\/\\\/www.purejewels.com\\\/product\\\/22ct-gold-filigree-bracelet-7-5-inches-50783\\\/#primaryimage\",\"url\":\"https:\\\/\\\/static.purejewels.com\\\/wp-content\\\/uploads\\\/2024\\\/02\\\/SKU-50783.png\",\"contentUrl\":\"https:\\\/\\\/static.purejewels.com\\\/wp-content\\\/uploads\\\/2024\\\/02\\\/SKU-50783.png\",\"width\":1000,\"height\":1000,\"caption\":\"22ct Gold Filigree Bracelet\"},{\"@type\":\"BreadcrumbList\",\"@id\":\"https:\\\/\\\/www.purejewels.com\\\/product\\\/22ct-gold-filigree-bracelet-7-5-inches-50783\\\/#breadcrumb\",\"itemListElement\":[{\"@type\":\"ListItem\",\"position\":1,\"name\":\"Home\",\"item\":\"https:\\\/\\\/www.purejewels.com\\\/\"},{\"@type\":\"ListItem\",\"position\":2,\"name\":\"Shop\",\"item\":\"https:\\\/\\\/www.purejewels.com\\\/shop\\\/\"},{\"@type\":\"ListItem\",\"position\":3,\"name\":\"22ct Gold Filigree Bracelet | 7.5 Inches\"}]},{\"@type\":\"WebSite\",\"@id\":\"https:\\\/\\\/www.purejewels.com\\\/#website\",\"url\":\"https:\\\/\\\/www.purejewels.com\\\/\",\"name\":\"PureJewels UK\",\"description\":\"Share the Love\",\"publisher\":{\"@id\":\"https:\\\/\\\/www.purejewels.com\\\/#organization\"},\"potentialAction\":[{\"@type\":\"SearchAction\",\"target\":{\"@type\":\"EntryPoint\",\"urlTemplate\":\"https:\\\/\\\/www.purejewels.com\\\/?s={search_term_string}\"},\"query-input\":{\"@type\":\"PropertyValueSpecification\",\"valueRequired\":true,\"valueName\":\"search_term_string\"}}],\"inLanguage\":\"tr\"},{\"@type\":\"Organization\",\"@id\":\"https:\\\/\\\/www.purejewels.com\\\/#organization\",\"name\":\"PureJewels UK\",\"url\":\"https:\\\/\\\/www.purejewels.com\\\/\",\"logo\":{\"@type\":\"ImageObject\",\"inLanguage\":\"tr\",\"@id\":\"https:\\\/\\\/www.purejewels.com\\\/#\\\/schema\\\/logo\\\/image\\\/\",\"url\":\"https:\\\/\\\/static.purejewels.com\\\/wp-content\\\/uploads\\\/2020\\\/11\\\/Logo-PJ-New-1.png\",\"contentUrl\":\"https:\\\/\\\/static.purejewels.com\\\/wp-content\\\/uploads\\\/2020\\\/11\\\/Logo-PJ-New-1.png\",\"width\":150,\"height\":80,\"caption\":\"PureJewels UK\"},\"image\":{\"@id\":\"https:\\\/\\\/www.purejewels.com\\\/#\\\/schema\\\/logo\\\/image\\\/\"}}]}<\/script>\n<!-- \/ Yoast SEO plugin. -->","yoast_head_json":{"title":"6,5 \u0130n\u00e7 22 Ayar Alt\u0131n Telkari Bileklik","description":"Kad\u0131nlar i\u00e7in \u00e7arp\u0131c\u0131 bir 22 ayar alt\u0131n bilezik mi ar\u0131yorsunuz? Bilezik koleksiyonumuza g\u00f6z at\u0131n. \u015eimdi al\u0131\u015fveri\u015f yap\u0131n \u0130ngiltere genelinde \u00fccretsiz teslimat.","robots":{"index":"index","follow":"follow","max-snippet":"max-snippet:-1","max-image-preview":"max-image-preview:large","max-video-preview":"max-video-preview:-1"},"canonical":"https:\/\/www.purejewels.com\/tr\/urun\/22-ayar-altin-telkari-bileklik-75-inc-50783\/","og_locale":"tr_TR","og_type":"article","og_title":"22ct Gold Filigree Bracelet in 6.5 Inches","og_description":"Looking for a stunning 22ct gold bracelet for women? Check out our collection bracelets. Shop now free delivery across UK.","og_url":"https:\/\/www.purejewels.com\/tr\/urun\/22-ayar-altin-telkari-bileklik-75-inc-50783\/","og_site_name":"PureJewels UK","article_modified_time":"2026-01-06T09:47:44+00:00","og_image":[{"width":1000,"height":1000,"url":"https:\/\/www.purejewels.com\/wp-content\/uploads\/2024\/02\/SKU-50783.png","type":"image\/png"}],"twitter_card":"summary_large_image","twitter_misc":{"Tahmini okuma s\u00fcresi":"1 dakika"},"schema":{"@context":"https:\/\/schema.org","@graph":[{"@type":["WebPage","ItemPage"],"@id":"https:\/\/www.purejewels.com\/product\/22ct-gold-filigree-bracelet-7-5-inches-50783\/","url":"https:\/\/www.purejewels.com\/product\/22ct-gold-filigree-bracelet-7-5-inches-50783\/","name":"6,5 \u0130n\u00e7 22 Ayar Alt\u0131n Telkari Bileklik","isPartOf":{"@id":"https:\/\/www.purejewels.com\/#website"},"primaryImageOfPage":{"@id":"https:\/\/www.purejewels.com\/product\/22ct-gold-filigree-bracelet-7-5-inches-50783\/#primaryimage"},"image":{"@id":"https:\/\/www.purejewels.com\/product\/22ct-gold-filigree-bracelet-7-5-inches-50783\/#primaryimage"},"thumbnailUrl":"https:\/\/static.purejewels.com\/wp-content\/uploads\/2024\/02\/SKU-50783.png","datePublished":"2024-02-26T12:16:47+00:00","dateModified":"2026-01-06T09:47:44+00:00","description":"Kad\u0131nlar i\u00e7in \u00e7arp\u0131c\u0131 bir 22 ayar alt\u0131n bilezik mi ar\u0131yorsunuz? Bilezik koleksiyonumuza g\u00f6z at\u0131n. \u015eimdi al\u0131\u015fveri\u015f yap\u0131n \u0130ngiltere genelinde \u00fccretsiz teslimat.","breadcrumb":{"@id":"https:\/\/www.purejewels.com\/product\/22ct-gold-filigree-bracelet-7-5-inches-50783\/#breadcrumb"},"inLanguage":"tr","potentialAction":[{"@type":"ReadAction","target":["https:\/\/www.purejewels.com\/product\/22ct-gold-filigree-bracelet-7-5-inches-50783\/"]}]},{"@type":"ImageObject","inLanguage":"tr","@id":"https:\/\/www.purejewels.com\/product\/22ct-gold-filigree-bracelet-7-5-inches-50783\/#primaryimage","url":"https:\/\/static.purejewels.com\/wp-content\/uploads\/2024\/02\/SKU-50783.png","contentUrl":"https:\/\/static.purejewels.com\/wp-content\/uploads\/2024\/02\/SKU-50783.png","width":1000,"height":1000,"caption":"22ct Gold Filigree Bracelet"},{"@type":"BreadcrumbList","@id":"https:\/\/www.purejewels.com\/product\/22ct-gold-filigree-bracelet-7-5-inches-50783\/#breadcrumb","itemListElement":[{"@type":"ListItem","position":1,"name":"Home","item":"https:\/\/www.purejewels.com\/"},{"@type":"ListItem","position":2,"name":"Shop","item":"https:\/\/www.purejewels.com\/shop\/"},{"@type":"ListItem","position":3,"name":"22ct Gold Filigree Bracelet | 7.5 Inches"}]},{"@type":"WebSite","@id":"https:\/\/www.purejewels.com\/#website","url":"https:\/\/www.purejewels.com\/","name":"PureJewels \u0130ngiltere","description":"Sevgiyi Payla\u015f\u0131n","publisher":{"@id":"https:\/\/www.purejewels.com\/#organization"},"potentialAction":[{"@type":"SearchAction","target":{"@type":"EntryPoint","urlTemplate":"https:\/\/www.purejewels.com\/?s={search_term_string}"},"query-input":{"@type":"PropertyValueSpecification","valueRequired":true,"valueName":"search_term_string"}}],"inLanguage":"tr"},{"@type":"Organization","@id":"https:\/\/www.purejewels.com\/#organization","name":"PureJewels \u0130ngiltere","url":"https:\/\/www.purejewels.com\/","logo":{"@type":"ImageObject","inLanguage":"tr","@id":"https:\/\/www.purejewels.com\/#\/schema\/logo\/image\/","url":"https:\/\/static.purejewels.com\/wp-content\/uploads\/2020\/11\/Logo-PJ-New-1.png","contentUrl":"https:\/\/static.purejewels.com\/wp-content\/uploads\/2020\/11\/Logo-PJ-New-1.png","width":150,"height":80,"caption":"PureJewels UK"},"image":{"@id":"https:\/\/www.purejewels.com\/#\/schema\/logo\/image\/"}}]}},"_links":{"self":[{"href":"https:\/\/www.purejewels.com\/tr\/wp-json\/wp\/v2\/product\/357945","targetHints":{"allow":["GET"]}}],"collection":[{"href":"https:\/\/www.purejewels.com\/tr\/wp-json\/wp\/v2\/product"}],"about":[{"href":"https:\/\/www.purejewels.com\/tr\/wp-json\/wp\/v2\/types\/product"}],"replies":[{"embeddable":true,"href":"https:\/\/www.purejewels.com\/tr\/wp-json\/wp\/v2\/comments?post=357945"}],"version-history":[{"count":3,"href":"https:\/\/www.purejewels.com\/tr\/wp-json\/wp\/v2\/product\/357945\/revisions"}],"predecessor-version":[{"id":402599,"href":"https:\/\/www.purejewels.com\/tr\/wp-json\/wp\/v2\/product\/357945\/revisions\/402599"}],"wp:featuredmedia":[{"embeddable":true,"href":"https:\/\/www.purejewels.com\/tr\/wp-json\/wp\/v2\/media\/401879"}],"wp:attachment":[{"href":"https:\/\/www.purejewels.com\/tr\/wp-json\/wp\/v2\/media?parent=357945"}],"wp:term":[{"taxonomy":"product_brand","embeddable":true,"href":"https:\/\/www.purejewels.com\/tr\/wp-json\/wp\/v2\/product_brand?post=357945"},{"taxonomy":"product_cat","embeddable":true,"href":"https:\/\/www.purejewels.com\/tr\/wp-json\/wp\/v2\/product_cat?post=357945"},{"taxonomy":"product_tag","embeddable":true,"href":"https:\/\/www.purejewels.com\/tr\/wp-json\/wp\/v2\/product_tag?post=357945"}],"curies":[{"name":"wp","href":"https:\/\/api.w.org\/{rel}","templated":true}]}}